{"id":35070,"date":"2021-07-29T16:06:44","date_gmt":"2021-07-29T15:06:44","guid":{"rendered":"https:\/\/swixed.com\/produit\/defisign-universal-wandhalterung-fuer-defibrillatoren\/"},"modified":"2026-04-19T20:01:51","modified_gmt":"2026-04-19T19:01:51","slug":"sed32005","status":"publish","type":"product","link":"https:\/\/swixed.ch\/de\/produkt\/sed32005\/","title":{"rendered":"Defisign Universal-Wandhalterung f\u00fcr Defibrillatoren"},"content":{"rendered":"\t\t<div data-elementor-type=\"product-post\" data-elementor-id=\"35070\" class=\"elementor elementor-35070 elementor-5985\" data-elementor-post-type=\"product\">\n\t\t\t\t\t\t<section class=\"elementor-section elementor-top-section elementor-element elementor-element-566dfe8 elementor-section-boxed elementor-section-height-default elementor-section-height-default\" data-id=\"566dfe8\" data-element_type=\"section\" data-e-type=\"section\">\n\t\t\t\t\t\t<div class=\"elementor-container elementor-column-gap-default\">\n\t\t\t\t\t<div class=\"elementor-column elementor-col-100 elementor-top-column elementor-element elementor-element-2c4618e\" data-id=\"2c4618e\" data-element_type=\"column\" data-e-type=\"column\">\n\t\t\t<div class=\"elementor-widget-wrap elementor-element-populated\">\n\t\t\t\t\t\t<div class=\"elementor-element elementor-element-57fea7d elementor-widget elementor-widget-heading\" data-id=\"57fea7d\" data-element_type=\"widget\" data-e-type=\"widget\" data-widget_type=\"heading.default\">\n\t\t\t\t\t<h2 class=\"elementor-heading-title elementor-size-default\">Beschreibung<\/h2>\t\t\t\t<\/div>\n\t\t\t\t<div class=\"elementor-element elementor-element-e0a279c elementor-widget elementor-widget-text-editor\" data-id=\"e0a279c\" data-element_type=\"widget\" data-e-type=\"widget\" data-widget_type=\"text-editor.default\">\n\t\t\t\t\t\t\t\t\t<p>Diese praktische und robuste <strong>Universal-Wandhalterung von Defisign<\/strong> l\u00e4sst sich ganz einfach an jeder<strong> Innenwand<\/strong> anbringen.<\/p><p>Dank des hohen Randes der Halterung <strong>bleibt der AED an Ort und Stelle und ist stabil<\/strong>. F\u00fcr zus\u00e4tzliche Sicherheit k\u00f6nnen Sie <strong>das Ger\u00e4t mit dem<\/strong> mitgelieferten <strong>Gurt sichern<\/strong>, der im Notfall leicht entfernt werden kann.<\/p><p><strong>Diese Halterung ist universell ein<\/strong>setzbar, jeder AED aus unserem Sortiment ist damit kompatibel.<\/p><p><br>Seien Sie jedoch vorsichtig, denn einige AEDs, die mit einer Tragetasche ausgestattet sind, passen nicht in die Halterung. Diese Defibrillatoren m\u00fcssen ohne Tragetasche auf dem St\u00e4nder platziert werden.<\/p><p><br>Das Befestigungsmaterial ist nicht im Lieferumfang enthalten.<\/p>\t\t\t\t\t\t\t\t<\/div>\n\t\t\t\t\t<\/div>\n\t\t<\/div>\n\t\t\t\t\t<\/div>\n\t\t<\/section>\n\t\t\t\t<\/div>\n\t\t","protected":false},"excerpt":{"rendered":"<p>Robuste und praktische Wandhalterung, passend f\u00fcr alle Defibrillatoren aus dem Defisign-Sortiment. Die Halterung kann an jeder Innenwand befestigt werden und bietet dank des erh\u00f6hten Randes sicheren Halt. Der mitgelieferte Gurt sorgt f\u00fcr zus\u00e4tzliche Stabilit\u00e4t und l\u00e4sst sich bei Bedarf schnell l\u00f6sen. Ideal f\u00fcr eine zug\u00e4ngliche und zuverl\u00e4ssige Aufbewahrung.   <\/p>\n","protected":false},"featured_media":28387,"template":"","meta":{"_acf_changed":false},"product_brand":[2111,2143],"product_cat":[1422,1503],"product_tag":[1505,1534,1425,1504,1428,1427,1424,1530],"class_list":{"0":"post-35070","1":"product","2":"type-product","3":"status-publish","4":"has-post-thumbnail","6":"product_brand-aivia-de","7":"product_brand-defisign-de","8":"product_cat-defibrillatoren","9":"product_cat-zubehor-defibrillatoren","10":"product_tag-aed-de","11":"product_tag-dae-de","12":"product_tag-defibrillation-de","13":"product_tag-defibrillator","14":"product_tag-herzmassage","15":"product_tag-rcp-de","16":"product_tag-reanimation-de","17":"product_tag-schrank","18":"product_shipping_class-flat-rate-shipping","20":"first","21":"instock","22":"taxable","23":"shipping-taxable","24":"purchasable","25":"product-type-simple"},"acf":[],"yoast_head":"<!-- This site is optimized with the Yoast SEO Premium plugin v27.4 (Yoast SEO v27.4) - https:\/\/yoast.com\/product\/yoast-seo-premium-wordpress\/ -->\n<title>Defisign Universal-Wandhalterung f\u00fcr Defibrillatoren | Swixed SA<\/title>\n<meta name=\"description\" content=\"Praktische und robuste Universal-Wandhalterung f\u00fcr Defibrillatoren. Einfach zu installieren, der AED bleibt an Ort und Stelle und ist stabil.\" \/>\n<meta name=\"robots\" content=\"index, follow, max-snippet:-1, max-image-preview:large, max-video-preview:-1\" \/>\n<link rel=\"canonical\" href=\"https:\/\/swixed.ch\/de\/produkt\/sed32005\/\" \/>\n<meta property=\"og:locale\" content=\"de_DE\" \/>\n<meta property=\"og:type\" content=\"article\" \/>\n<meta property=\"og:title\" content=\"Defisign Universal-Wandhalterung f\u00fcr Defibrillatoren\" \/>\n<meta property=\"og:description\" content=\"Praktische und robuste Universal-Wandhalterung f\u00fcr Defibrillatoren. Einfach zu installieren, der AED bleibt an Ort und Stelle und ist stabil.\" \/>\n<meta property=\"og:url\" content=\"https:\/\/swixed.ch\/de\/produkt\/sed32005\/\" \/>\n<meta property=\"og:site_name\" content=\"Swixed SA\" \/>\n<meta property=\"article:publisher\" content=\"https:\/\/www.facebook.com\/swixed\" \/>\n<meta property=\"article:modified_time\" content=\"2026-04-19T19:01:51+00:00\" \/>\n<meta property=\"og:image\" content=\"https:\/\/swixed.ch\/wp-content\/uploads\/products\/defisign-support-mural-universel-01.png\" \/>\n\t<meta property=\"og:image:width\" content=\"600\" \/>\n\t<meta property=\"og:image:height\" content=\"600\" \/>\n\t<meta property=\"og:image:type\" content=\"image\/png\" \/>\n<meta name=\"twitter:card\" content=\"summary_large_image\" \/>\n<meta name=\"twitter:label1\" content=\"Gesch\u00e4tzte Lesezeit\" \/>\n\t<meta name=\"twitter:data1\" content=\"1\u00a0Minute\" \/>\n<script type=\"application\/ld+json\" class=\"yoast-schema-graph\">{\"@context\":\"https:\\\/\\\/schema.org\",\"@graph\":[{\"@type\":\"WebPage\",\"@id\":\"https:\\\/\\\/swixed.ch\\\/de\\\/produkt\\\/sed32005\\\/\",\"url\":\"https:\\\/\\\/swixed.ch\\\/de\\\/produkt\\\/sed32005\\\/\",\"name\":\"Defisign Universal-Wandhalterung f\u00fcr Defibrillatoren | Swixed SA\",\"isPartOf\":{\"@id\":\"https:\\\/\\\/swixed.ch\\\/de\\\/#website\"},\"primaryImageOfPage\":{\"@id\":\"https:\\\/\\\/swixed.ch\\\/de\\\/produkt\\\/sed32005\\\/#primaryimage\"},\"image\":{\"@id\":\"https:\\\/\\\/swixed.ch\\\/de\\\/produkt\\\/sed32005\\\/#primaryimage\"},\"thumbnailUrl\":\"https:\\\/\\\/swixed.ch\\\/wp-content\\\/uploads\\\/products\\\/defisign-support-mural-universel-01.png\",\"datePublished\":\"2021-07-29T15:06:44+00:00\",\"dateModified\":\"2026-04-19T19:01:51+00:00\",\"description\":\"Praktische und robuste Universal-Wandhalterung f\u00fcr Defibrillatoren. Einfach zu installieren, der AED bleibt an Ort und Stelle und ist stabil.\",\"breadcrumb\":{\"@id\":\"https:\\\/\\\/swixed.ch\\\/de\\\/produkt\\\/sed32005\\\/#breadcrumb\"},\"inLanguage\":\"de\",\"potentialAction\":[{\"@type\":\"ReadAction\",\"target\":[\"https:\\\/\\\/swixed.ch\\\/de\\\/produkt\\\/sed32005\\\/\"]}]},{\"@type\":\"ImageObject\",\"inLanguage\":\"de\",\"@id\":\"https:\\\/\\\/swixed.ch\\\/de\\\/produkt\\\/sed32005\\\/#primaryimage\",\"url\":\"https:\\\/\\\/swixed.ch\\\/wp-content\\\/uploads\\\/products\\\/defisign-support-mural-universel-01.png\",\"contentUrl\":\"https:\\\/\\\/swixed.ch\\\/wp-content\\\/uploads\\\/products\\\/defisign-support-mural-universel-01.png\",\"width\":600,\"height\":600,\"caption\":\"defisign-wandhalterung-universal-01\"},{\"@type\":\"BreadcrumbList\",\"@id\":\"https:\\\/\\\/swixed.ch\\\/de\\\/produkt\\\/sed32005\\\/#breadcrumb\",\"itemListElement\":[{\"@type\":\"ListItem\",\"position\":1,\"name\":\"Startseite\",\"item\":\"https:\\\/\\\/swixed.ch\\\/de\\\/home\\\/\"},{\"@type\":\"ListItem\",\"position\":2,\"name\":\"Shop\",\"item\":\"https:\\\/\\\/swixed.ch\\\/de\\\/shop\\\/\"},{\"@type\":\"ListItem\",\"position\":3,\"name\":\"Defisign Universal-Wandhalterung f\u00fcr Defibrillatoren\"}]},{\"@type\":\"WebSite\",\"@id\":\"https:\\\/\\\/swixed.ch\\\/de\\\/#website\",\"url\":\"https:\\\/\\\/swixed.ch\\\/de\\\/\",\"name\":\"Swixed SA\",\"description\":\"Elektronische Ger\u00e4te\",\"publisher\":{\"@id\":\"https:\\\/\\\/swixed.ch\\\/de\\\/#organization\"},\"potentialAction\":[{\"@type\":\"SearchAction\",\"target\":{\"@type\":\"EntryPoint\",\"urlTemplate\":\"https:\\\/\\\/swixed.ch\\\/de\\\/?s={search_term_string}\"},\"query-input\":{\"@type\":\"PropertyValueSpecification\",\"valueRequired\":true,\"valueName\":\"search_term_string\"}}],\"inLanguage\":\"de\"},{\"@type\":\"Organization\",\"@id\":\"https:\\\/\\\/swixed.ch\\\/de\\\/#organization\",\"name\":\"Swixed SA\",\"url\":\"https:\\\/\\\/swixed.ch\\\/de\\\/\",\"logo\":{\"@type\":\"ImageObject\",\"inLanguage\":\"de\",\"@id\":\"https:\\\/\\\/swixed.ch\\\/de\\\/#\\\/schema\\\/logo\\\/image\\\/\",\"url\":\"https:\\\/\\\/swixed.ch\\\/wp-content\\\/uploads\\\/logos\\\/swixed-logo-lite.png\",\"contentUrl\":\"https:\\\/\\\/swixed.ch\\\/wp-content\\\/uploads\\\/logos\\\/swixed-logo-lite.png\",\"width\":696,\"height\":696,\"caption\":\"Swixed SA\"},\"image\":{\"@id\":\"https:\\\/\\\/swixed.ch\\\/de\\\/#\\\/schema\\\/logo\\\/image\\\/\"},\"sameAs\":[\"https:\\\/\\\/www.facebook.com\\\/swixed\",\"https:\\\/\\\/www.linkedin.com\\\/company\\\/swixed\",\"https:\\\/\\\/www.youtube.com\\\/@swixedsa\"],\"description\":\"Swixed SA est une entreprise suisse bas\u00e9e \u00e0 Gen\u00e8ve, sp\u00e9cialis\u00e9e dans la vente, la location et la maintenance d\u2019appareils m\u00e9dicaux professionnels, tels que d\u00e9fibrillateurs AED, \u00e9lectrocardiographes, moniteurs patient et dispositifs de diagnostic.\",\"email\":\"infoshop@swixed.ch\",\"telephone\":\"+41 22 566 11 95\",\"legalName\":\"Swixed SA\",\"foundingDate\":\"2021-03-01\",\"numberOfEmployees\":{\"@type\":\"QuantitativeValue\",\"minValue\":\"1\",\"maxValue\":\"10\"}}]}<\/script>\n<!-- \/ Yoast SEO Premium plugin. -->","yoast_head_json":{"title":"Defisign Universal-Wandhalterung f\u00fcr Defibrillatoren | Swixed SA","description":"Praktische und robuste Universal-Wandhalterung f\u00fcr Defibrillatoren. Einfach zu installieren, der AED bleibt an Ort und Stelle und ist stabil.","robots":{"index":"index","follow":"follow","max-snippet":"max-snippet:-1","max-image-preview":"max-image-preview:large","max-video-preview":"max-video-preview:-1"},"canonical":"https:\/\/swixed.ch\/de\/produkt\/sed32005\/","og_locale":"de_DE","og_type":"article","og_title":"Defisign Universal-Wandhalterung f\u00fcr Defibrillatoren","og_description":"Praktische und robuste Universal-Wandhalterung f\u00fcr Defibrillatoren. Einfach zu installieren, der AED bleibt an Ort und Stelle und ist stabil.","og_url":"https:\/\/swixed.ch\/de\/produkt\/sed32005\/","og_site_name":"Swixed SA","article_publisher":"https:\/\/www.facebook.com\/swixed","article_modified_time":"2026-04-19T19:01:51+00:00","og_image":[{"width":600,"height":600,"url":"https:\/\/swixed.ch\/wp-content\/uploads\/products\/defisign-support-mural-universel-01.png","type":"image\/png"}],"twitter_card":"summary_large_image","twitter_misc":{"Gesch\u00e4tzte Lesezeit":"1\u00a0Minute"},"schema":{"@context":"https:\/\/schema.org","@graph":[{"@type":"WebPage","@id":"https:\/\/swixed.ch\/de\/produkt\/sed32005\/","url":"https:\/\/swixed.ch\/de\/produkt\/sed32005\/","name":"Defisign Universal-Wandhalterung f\u00fcr Defibrillatoren | Swixed SA","isPartOf":{"@id":"https:\/\/swixed.ch\/de\/#website"},"primaryImageOfPage":{"@id":"https:\/\/swixed.ch\/de\/produkt\/sed32005\/#primaryimage"},"image":{"@id":"https:\/\/swixed.ch\/de\/produkt\/sed32005\/#primaryimage"},"thumbnailUrl":"https:\/\/swixed.ch\/wp-content\/uploads\/products\/defisign-support-mural-universel-01.png","datePublished":"2021-07-29T15:06:44+00:00","dateModified":"2026-04-19T19:01:51+00:00","description":"Praktische und robuste Universal-Wandhalterung f\u00fcr Defibrillatoren. Einfach zu installieren, der AED bleibt an Ort und Stelle und ist stabil.","breadcrumb":{"@id":"https:\/\/swixed.ch\/de\/produkt\/sed32005\/#breadcrumb"},"inLanguage":"de","potentialAction":[{"@type":"ReadAction","target":["https:\/\/swixed.ch\/de\/produkt\/sed32005\/"]}]},{"@type":"ImageObject","inLanguage":"de","@id":"https:\/\/swixed.ch\/de\/produkt\/sed32005\/#primaryimage","url":"https:\/\/swixed.ch\/wp-content\/uploads\/products\/defisign-support-mural-universel-01.png","contentUrl":"https:\/\/swixed.ch\/wp-content\/uploads\/products\/defisign-support-mural-universel-01.png","width":600,"height":600,"caption":"defisign-wandhalterung-universal-01"},{"@type":"BreadcrumbList","@id":"https:\/\/swixed.ch\/de\/produkt\/sed32005\/#breadcrumb","itemListElement":[{"@type":"ListItem","position":1,"name":"Startseite","item":"https:\/\/swixed.ch\/de\/home\/"},{"@type":"ListItem","position":2,"name":"Shop","item":"https:\/\/swixed.ch\/de\/shop\/"},{"@type":"ListItem","position":3,"name":"Defisign Universal-Wandhalterung f\u00fcr Defibrillatoren"}]},{"@type":"WebSite","@id":"https:\/\/swixed.ch\/de\/#website","url":"https:\/\/swixed.ch\/de\/","name":"Swixed SA","description":"Elektronische Ger\u00e4te","publisher":{"@id":"https:\/\/swixed.ch\/de\/#organization"},"potentialAction":[{"@type":"SearchAction","target":{"@type":"EntryPoint","urlTemplate":"https:\/\/swixed.ch\/de\/?s={search_term_string}"},"query-input":{"@type":"PropertyValueSpecification","valueRequired":true,"valueName":"search_term_string"}}],"inLanguage":"de"},{"@type":"Organization","@id":"https:\/\/swixed.ch\/de\/#organization","name":"Swixed SA","url":"https:\/\/swixed.ch\/de\/","logo":{"@type":"ImageObject","inLanguage":"de","@id":"https:\/\/swixed.ch\/de\/#\/schema\/logo\/image\/","url":"https:\/\/swixed.ch\/wp-content\/uploads\/logos\/swixed-logo-lite.png","contentUrl":"https:\/\/swixed.ch\/wp-content\/uploads\/logos\/swixed-logo-lite.png","width":696,"height":696,"caption":"Swixed SA"},"image":{"@id":"https:\/\/swixed.ch\/de\/#\/schema\/logo\/image\/"},"sameAs":["https:\/\/www.facebook.com\/swixed","https:\/\/www.linkedin.com\/company\/swixed","https:\/\/www.youtube.com\/@swixedsa"],"description":"Swixed SA est une entreprise suisse bas\u00e9e \u00e0 Gen\u00e8ve, sp\u00e9cialis\u00e9e dans la vente, la location et la maintenance d\u2019appareils m\u00e9dicaux professionnels, tels que d\u00e9fibrillateurs AED, \u00e9lectrocardiographes, moniteurs patient et dispositifs de diagnostic.","email":"infoshop@swixed.ch","telephone":"+41 22 566 11 95","legalName":"Swixed SA","foundingDate":"2021-03-01","numberOfEmployees":{"@type":"QuantitativeValue","minValue":"1","maxValue":"10"}}]}},"_links":{"self":[{"href":"https:\/\/swixed.ch\/de\/wp-json\/wp\/v2\/product\/35070","targetHints":{"allow":["GET"]}}],"collection":[{"href":"https:\/\/swixed.ch\/de\/wp-json\/wp\/v2\/product"}],"about":[{"href":"https:\/\/swixed.ch\/de\/wp-json\/wp\/v2\/types\/product"}],"version-history":[{"count":1,"href":"https:\/\/swixed.ch\/de\/wp-json\/wp\/v2\/product\/35070\/revisions"}],"predecessor-version":[{"id":62911,"href":"https:\/\/swixed.ch\/de\/wp-json\/wp\/v2\/product\/35070\/revisions\/62911"}],"wp:featuredmedia":[{"embeddable":true,"href":"https:\/\/swixed.ch\/de\/wp-json\/wp\/v2\/media\/28387"}],"wp:attachment":[{"href":"https:\/\/swixed.ch\/de\/wp-json\/wp\/v2\/media?parent=35070"}],"wp:term":[{"taxonomy":"product_brand","embeddable":true,"href":"https:\/\/swixed.ch\/de\/wp-json\/wp\/v2\/product_brand?post=35070"},{"taxonomy":"product_cat","embeddable":true,"href":"https:\/\/swixed.ch\/de\/wp-json\/wp\/v2\/product_cat?post=35070"},{"taxonomy":"product_tag","embeddable":true,"href":"https:\/\/swixed.ch\/de\/wp-json\/wp\/v2\/product_tag?post=35070"}],"curies":[{"name":"wp","href":"https:\/\/api.w.org\/{rel}","templated":true}]}}