{"id":35096,"date":"2021-07-29T15:44:35","date_gmt":"2021-07-29T14:44:35","guid":{"rendered":"https:\/\/swixed.com\/produit\/defisign-universal-innenwandgehaeuse-mit-alarm\/"},"modified":"2026-04-19T19:55:55","modified_gmt":"2026-04-19T18:55:55","slug":"sed32004","status":"publish","type":"product","link":"https:\/\/swixed.ch\/de\/produkt\/sed32004\/","title":{"rendered":"Defisign Universal-Wandgeh\u00e4use f\u00fcr den Innenbereich mit Alarm"},"content":{"rendered":"\t\t<div data-elementor-type=\"product-post\" data-elementor-id=\"35096\" class=\"elementor elementor-35096 elementor-5978\" data-elementor-post-type=\"product\">\n\t\t\t\t\t\t<section class=\"elementor-section elementor-top-section elementor-element elementor-element-566dfe8 elementor-section-boxed elementor-section-height-default elementor-section-height-default\" data-id=\"566dfe8\" data-element_type=\"section\" data-e-type=\"section\">\n\t\t\t\t\t\t<div class=\"elementor-container elementor-column-gap-default\">\n\t\t\t\t\t<div class=\"elementor-column elementor-col-100 elementor-top-column elementor-element elementor-element-2c4618e\" data-id=\"2c4618e\" data-element_type=\"column\" data-e-type=\"column\">\n\t\t\t<div class=\"elementor-widget-wrap elementor-element-populated\">\n\t\t\t\t\t\t<div class=\"elementor-element elementor-element-57fea7d elementor-widget elementor-widget-heading\" data-id=\"57fea7d\" data-element_type=\"widget\" data-e-type=\"widget\" data-widget_type=\"heading.default\">\n\t\t\t\t\t<h2 class=\"elementor-heading-title elementor-size-default\">Beschreibung<\/h2>\t\t\t\t<\/div>\n\t\t\t\t<div class=\"elementor-element elementor-element-e0a279c elementor-widget elementor-widget-text-editor\" data-id=\"e0a279c\" data-element_type=\"widget\" data-e-type=\"widget\" data-widget_type=\"text-editor.default\">\n\t\t\t\t\t\t\t\t\t<p>Die <strong>Defisign Defibrillator-Wandbox<\/strong> ist <strong>robust und einfach zu installieren<\/strong>. Es besteht aus <strong>Metall<\/strong> und ist durch seine kr\u00e4ftige gr\u00fcne Farbe und das internationale AED-Logo leicht erkennbar. <\/p><p>Da diese Wandbox kein integriertes Heiz- und L\u00fcftungssystem besitzt, ist sie <strong>nur f\u00fcr den Gebrauch in Innenr\u00e4umen<\/strong> geeignet.<\/p><p><strong>Er<\/strong> kann fast alle Defibrillatoren, die wir auf unserer Website anbieten, aufnehmen und <strong>ist universell ein<\/strong> setzbar. <br>Er ist mit einem <strong>Alarm<\/strong> ausgestattet <strong>, der einen 100 dB lauten Ton abgibt<\/strong>, wenn er ge\u00f6ffnet wird. Der Alarm wird \u00fcber einen Schalter im Inneren des Ger\u00e4ts deaktiviert. <\/p>\t\t\t\t\t\t\t\t<\/div>\n\t\t\t\t\t<\/div>\n\t\t<\/div>\n\t\t\t\t\t<\/div>\n\t\t<\/section>\n\t\t\t\t<\/div>\n\t\t","protected":false},"excerpt":{"rendered":"<p>Universelles Wandgeh\u00e4use aus Metall, das f\u00fcr die Aufnahme eines Defibrillators in einer Innenumgebung konzipiert wurde. Es ist einfach zu installieren und verf\u00fcgt \u00fcber einen akustischen Alarm, wenn der Deckel ge\u00f6ffnet wird. Die auff\u00e4llige gr\u00fcne Farbe und das internationale AED-Piktogramm sorgen f\u00fcr eine sofortige Identifizierung. Die Box verf\u00fcgt \u00fcber keine Heizung oder Bel\u00fcftung.   <\/p>\n","protected":false},"featured_media":28935,"template":"","meta":{"_acf_changed":false},"product_brand":[2111,2143],"product_cat":[1422,1503],"product_tag":[1505,1534,1425,1504,1428,1427,1424,1530],"class_list":{"0":"post-35096","1":"product","2":"type-product","3":"status-publish","4":"has-post-thumbnail","6":"product_brand-aivia-de","7":"product_brand-defisign-de","8":"product_cat-defibrillatoren","9":"product_cat-zubehor-defibrillatoren","10":"product_tag-aed-de","11":"product_tag-dae-de","12":"product_tag-defibrillation-de","13":"product_tag-defibrillator","14":"product_tag-herzmassage","15":"product_tag-rcp-de","16":"product_tag-reanimation-de","17":"product_tag-schrank","19":"first","20":"instock","21":"sale","22":"taxable","23":"shipping-taxable","24":"purchasable","25":"product-type-simple"},"acf":[],"yoast_head":"<!-- This site is optimized with the Yoast SEO Premium plugin v27.4 (Yoast SEO v27.4) - https:\/\/yoast.com\/product\/yoast-seo-premium-wordpress\/ -->\n<title>Defisign Universal-Wandgeh\u00e4use f\u00fcr den Innenbereich mit Alarm | Swixed SA<\/title>\n<meta name=\"description\" content=\"Die Defisign Defibrillator-Wandbox ist stabil und einfach zu installieren. Es ist aus Metall und sehr leicht erkennbar.\" \/>\n<meta name=\"robots\" content=\"index, follow, max-snippet:-1, max-image-preview:large, max-video-preview:-1\" \/>\n<link rel=\"canonical\" href=\"https:\/\/swixed.ch\/de\/produkt\/sed32004\/\" \/>\n<meta property=\"og:locale\" content=\"de_DE\" \/>\n<meta property=\"og:type\" content=\"article\" \/>\n<meta property=\"og:title\" content=\"Defisign Universal-Wandgeh\u00e4use f\u00fcr den Innenbereich mit Alarm\" \/>\n<meta property=\"og:description\" content=\"Die Defisign Defibrillator-Wandbox ist stabil und einfach zu installieren. Es ist aus Metall und sehr leicht erkennbar.\" \/>\n<meta property=\"og:url\" content=\"https:\/\/swixed.ch\/de\/produkt\/sed32004\/\" \/>\n<meta property=\"og:site_name\" content=\"Swixed SA\" \/>\n<meta property=\"article:publisher\" content=\"https:\/\/www.facebook.com\/swixed\" \/>\n<meta property=\"article:modified_time\" content=\"2026-04-19T18:55:55+00:00\" \/>\n<meta property=\"og:image\" content=\"https:\/\/swixed.ch\/wp-content\/uploads\/products\/defisign-boitier-mural-universel-01a.png\" \/>\n\t<meta property=\"og:image:width\" content=\"600\" \/>\n\t<meta property=\"og:image:height\" content=\"600\" \/>\n\t<meta property=\"og:image:type\" content=\"image\/png\" \/>\n<meta name=\"twitter:card\" content=\"summary_large_image\" \/>\n<script type=\"application\/ld+json\" class=\"yoast-schema-graph\">{\"@context\":\"https:\\\/\\\/schema.org\",\"@graph\":[{\"@type\":\"WebPage\",\"@id\":\"https:\\\/\\\/swixed.ch\\\/de\\\/produkt\\\/sed32004\\\/\",\"url\":\"https:\\\/\\\/swixed.ch\\\/de\\\/produkt\\\/sed32004\\\/\",\"name\":\"Defisign Universal-Wandgeh\u00e4use f\u00fcr den Innenbereich mit Alarm | Swixed SA\",\"isPartOf\":{\"@id\":\"https:\\\/\\\/swixed.ch\\\/de\\\/#website\"},\"primaryImageOfPage\":{\"@id\":\"https:\\\/\\\/swixed.ch\\\/de\\\/produkt\\\/sed32004\\\/#primaryimage\"},\"image\":{\"@id\":\"https:\\\/\\\/swixed.ch\\\/de\\\/produkt\\\/sed32004\\\/#primaryimage\"},\"thumbnailUrl\":\"https:\\\/\\\/swixed.ch\\\/wp-content\\\/uploads\\\/products\\\/defisign-boitier-mural-universel-01a.png\",\"datePublished\":\"2021-07-29T14:44:35+00:00\",\"dateModified\":\"2026-04-19T18:55:55+00:00\",\"description\":\"Die Defisign Defibrillator-Wandbox ist stabil und einfach zu installieren. Es ist aus Metall und sehr leicht erkennbar.\",\"breadcrumb\":{\"@id\":\"https:\\\/\\\/swixed.ch\\\/de\\\/produkt\\\/sed32004\\\/#breadcrumb\"},\"inLanguage\":\"de\",\"potentialAction\":[{\"@type\":\"ReadAction\",\"target\":[\"https:\\\/\\\/swixed.ch\\\/de\\\/produkt\\\/sed32004\\\/\"]}]},{\"@type\":\"ImageObject\",\"inLanguage\":\"de\",\"@id\":\"https:\\\/\\\/swixed.ch\\\/de\\\/produkt\\\/sed32004\\\/#primaryimage\",\"url\":\"https:\\\/\\\/swixed.ch\\\/wp-content\\\/uploads\\\/products\\\/defisign-boitier-mural-universel-01a.png\",\"contentUrl\":\"https:\\\/\\\/swixed.ch\\\/wp-content\\\/uploads\\\/products\\\/defisign-boitier-mural-universel-01a.png\",\"width\":600,\"height\":600,\"caption\":\"defisign-wandgeh\u00e4use-universal-01a\"},{\"@type\":\"BreadcrumbList\",\"@id\":\"https:\\\/\\\/swixed.ch\\\/de\\\/produkt\\\/sed32004\\\/#breadcrumb\",\"itemListElement\":[{\"@type\":\"ListItem\",\"position\":1,\"name\":\"Startseite\",\"item\":\"https:\\\/\\\/swixed.ch\\\/de\\\/home\\\/\"},{\"@type\":\"ListItem\",\"position\":2,\"name\":\"Shop\",\"item\":\"https:\\\/\\\/swixed.ch\\\/de\\\/shop\\\/\"},{\"@type\":\"ListItem\",\"position\":3,\"name\":\"Defisign Universal-Wandgeh\u00e4use f\u00fcr den Innenbereich mit Alarm\"}]},{\"@type\":\"WebSite\",\"@id\":\"https:\\\/\\\/swixed.ch\\\/de\\\/#website\",\"url\":\"https:\\\/\\\/swixed.ch\\\/de\\\/\",\"name\":\"Swixed SA\",\"description\":\"Elektronische Ger\u00e4te\",\"publisher\":{\"@id\":\"https:\\\/\\\/swixed.ch\\\/de\\\/#organization\"},\"potentialAction\":[{\"@type\":\"SearchAction\",\"target\":{\"@type\":\"EntryPoint\",\"urlTemplate\":\"https:\\\/\\\/swixed.ch\\\/de\\\/?s={search_term_string}\"},\"query-input\":{\"@type\":\"PropertyValueSpecification\",\"valueRequired\":true,\"valueName\":\"search_term_string\"}}],\"inLanguage\":\"de\"},{\"@type\":\"Organization\",\"@id\":\"https:\\\/\\\/swixed.ch\\\/de\\\/#organization\",\"name\":\"Swixed SA\",\"url\":\"https:\\\/\\\/swixed.ch\\\/de\\\/\",\"logo\":{\"@type\":\"ImageObject\",\"inLanguage\":\"de\",\"@id\":\"https:\\\/\\\/swixed.ch\\\/de\\\/#\\\/schema\\\/logo\\\/image\\\/\",\"url\":\"https:\\\/\\\/swixed.ch\\\/wp-content\\\/uploads\\\/logos\\\/swixed-logo-lite.png\",\"contentUrl\":\"https:\\\/\\\/swixed.ch\\\/wp-content\\\/uploads\\\/logos\\\/swixed-logo-lite.png\",\"width\":696,\"height\":696,\"caption\":\"Swixed SA\"},\"image\":{\"@id\":\"https:\\\/\\\/swixed.ch\\\/de\\\/#\\\/schema\\\/logo\\\/image\\\/\"},\"sameAs\":[\"https:\\\/\\\/www.facebook.com\\\/swixed\",\"https:\\\/\\\/www.linkedin.com\\\/company\\\/swixed\",\"https:\\\/\\\/www.youtube.com\\\/@swixedsa\"],\"description\":\"Swixed SA est une entreprise suisse bas\u00e9e \u00e0 Gen\u00e8ve, sp\u00e9cialis\u00e9e dans la vente, la location et la maintenance d\u2019appareils m\u00e9dicaux professionnels, tels que d\u00e9fibrillateurs AED, \u00e9lectrocardiographes, moniteurs patient et dispositifs de diagnostic.\",\"email\":\"infoshop@swixed.ch\",\"telephone\":\"+41 22 566 11 95\",\"legalName\":\"Swixed SA\",\"foundingDate\":\"2021-03-01\",\"numberOfEmployees\":{\"@type\":\"QuantitativeValue\",\"minValue\":\"1\",\"maxValue\":\"10\"}}]}<\/script>\n<!-- \/ Yoast SEO Premium plugin. -->","yoast_head_json":{"title":"Defisign Universal-Wandgeh\u00e4use f\u00fcr den Innenbereich mit Alarm | Swixed SA","description":"Die Defisign Defibrillator-Wandbox ist stabil und einfach zu installieren. Es ist aus Metall und sehr leicht erkennbar.","robots":{"index":"index","follow":"follow","max-snippet":"max-snippet:-1","max-image-preview":"max-image-preview:large","max-video-preview":"max-video-preview:-1"},"canonical":"https:\/\/swixed.ch\/de\/produkt\/sed32004\/","og_locale":"de_DE","og_type":"article","og_title":"Defisign Universal-Wandgeh\u00e4use f\u00fcr den Innenbereich mit Alarm","og_description":"Die Defisign Defibrillator-Wandbox ist stabil und einfach zu installieren. Es ist aus Metall und sehr leicht erkennbar.","og_url":"https:\/\/swixed.ch\/de\/produkt\/sed32004\/","og_site_name":"Swixed SA","article_publisher":"https:\/\/www.facebook.com\/swixed","article_modified_time":"2026-04-19T18:55:55+00:00","og_image":[{"width":600,"height":600,"url":"https:\/\/swixed.ch\/wp-content\/uploads\/products\/defisign-boitier-mural-universel-01a.png","type":"image\/png"}],"twitter_card":"summary_large_image","schema":{"@context":"https:\/\/schema.org","@graph":[{"@type":"WebPage","@id":"https:\/\/swixed.ch\/de\/produkt\/sed32004\/","url":"https:\/\/swixed.ch\/de\/produkt\/sed32004\/","name":"Defisign Universal-Wandgeh\u00e4use f\u00fcr den Innenbereich mit Alarm | Swixed SA","isPartOf":{"@id":"https:\/\/swixed.ch\/de\/#website"},"primaryImageOfPage":{"@id":"https:\/\/swixed.ch\/de\/produkt\/sed32004\/#primaryimage"},"image":{"@id":"https:\/\/swixed.ch\/de\/produkt\/sed32004\/#primaryimage"},"thumbnailUrl":"https:\/\/swixed.ch\/wp-content\/uploads\/products\/defisign-boitier-mural-universel-01a.png","datePublished":"2021-07-29T14:44:35+00:00","dateModified":"2026-04-19T18:55:55+00:00","description":"Die Defisign Defibrillator-Wandbox ist stabil und einfach zu installieren. Es ist aus Metall und sehr leicht erkennbar.","breadcrumb":{"@id":"https:\/\/swixed.ch\/de\/produkt\/sed32004\/#breadcrumb"},"inLanguage":"de","potentialAction":[{"@type":"ReadAction","target":["https:\/\/swixed.ch\/de\/produkt\/sed32004\/"]}]},{"@type":"ImageObject","inLanguage":"de","@id":"https:\/\/swixed.ch\/de\/produkt\/sed32004\/#primaryimage","url":"https:\/\/swixed.ch\/wp-content\/uploads\/products\/defisign-boitier-mural-universel-01a.png","contentUrl":"https:\/\/swixed.ch\/wp-content\/uploads\/products\/defisign-boitier-mural-universel-01a.png","width":600,"height":600,"caption":"defisign-wandgeh\u00e4use-universal-01a"},{"@type":"BreadcrumbList","@id":"https:\/\/swixed.ch\/de\/produkt\/sed32004\/#breadcrumb","itemListElement":[{"@type":"ListItem","position":1,"name":"Startseite","item":"https:\/\/swixed.ch\/de\/home\/"},{"@type":"ListItem","position":2,"name":"Shop","item":"https:\/\/swixed.ch\/de\/shop\/"},{"@type":"ListItem","position":3,"name":"Defisign Universal-Wandgeh\u00e4use f\u00fcr den Innenbereich mit Alarm"}]},{"@type":"WebSite","@id":"https:\/\/swixed.ch\/de\/#website","url":"https:\/\/swixed.ch\/de\/","name":"Swixed SA","description":"Elektronische Ger\u00e4te","publisher":{"@id":"https:\/\/swixed.ch\/de\/#organization"},"potentialAction":[{"@type":"SearchAction","target":{"@type":"EntryPoint","urlTemplate":"https:\/\/swixed.ch\/de\/?s={search_term_string}"},"query-input":{"@type":"PropertyValueSpecification","valueRequired":true,"valueName":"search_term_string"}}],"inLanguage":"de"},{"@type":"Organization","@id":"https:\/\/swixed.ch\/de\/#organization","name":"Swixed SA","url":"https:\/\/swixed.ch\/de\/","logo":{"@type":"ImageObject","inLanguage":"de","@id":"https:\/\/swixed.ch\/de\/#\/schema\/logo\/image\/","url":"https:\/\/swixed.ch\/wp-content\/uploads\/logos\/swixed-logo-lite.png","contentUrl":"https:\/\/swixed.ch\/wp-content\/uploads\/logos\/swixed-logo-lite.png","width":696,"height":696,"caption":"Swixed SA"},"image":{"@id":"https:\/\/swixed.ch\/de\/#\/schema\/logo\/image\/"},"sameAs":["https:\/\/www.facebook.com\/swixed","https:\/\/www.linkedin.com\/company\/swixed","https:\/\/www.youtube.com\/@swixedsa"],"description":"Swixed SA est une entreprise suisse bas\u00e9e \u00e0 Gen\u00e8ve, sp\u00e9cialis\u00e9e dans la vente, la location et la maintenance d\u2019appareils m\u00e9dicaux professionnels, tels que d\u00e9fibrillateurs AED, \u00e9lectrocardiographes, moniteurs patient et dispositifs de diagnostic.","email":"infoshop@swixed.ch","telephone":"+41 22 566 11 95","legalName":"Swixed SA","foundingDate":"2021-03-01","numberOfEmployees":{"@type":"QuantitativeValue","minValue":"1","maxValue":"10"}}]}},"_links":{"self":[{"href":"https:\/\/swixed.ch\/de\/wp-json\/wp\/v2\/product\/35096","targetHints":{"allow":["GET"]}}],"collection":[{"href":"https:\/\/swixed.ch\/de\/wp-json\/wp\/v2\/product"}],"about":[{"href":"https:\/\/swixed.ch\/de\/wp-json\/wp\/v2\/types\/product"}],"version-history":[{"count":1,"href":"https:\/\/swixed.ch\/de\/wp-json\/wp\/v2\/product\/35096\/revisions"}],"predecessor-version":[{"id":62908,"href":"https:\/\/swixed.ch\/de\/wp-json\/wp\/v2\/product\/35096\/revisions\/62908"}],"wp:featuredmedia":[{"embeddable":true,"href":"https:\/\/swixed.ch\/de\/wp-json\/wp\/v2\/media\/28935"}],"wp:attachment":[{"href":"https:\/\/swixed.ch\/de\/wp-json\/wp\/v2\/media?parent=35096"}],"wp:term":[{"taxonomy":"product_brand","embeddable":true,"href":"https:\/\/swixed.ch\/de\/wp-json\/wp\/v2\/product_brand?post=35096"},{"taxonomy":"product_cat","embeddable":true,"href":"https:\/\/swixed.ch\/de\/wp-json\/wp\/v2\/product_cat?post=35096"},{"taxonomy":"product_tag","embeddable":true,"href":"https:\/\/swixed.ch\/de\/wp-json\/wp\/v2\/product_tag?post=35096"}],"curies":[{"name":"wp","href":"https:\/\/api.w.org\/{rel}","templated":true}]}}