{"id":35180,"date":"2022-01-05T14:31:41","date_gmt":"2022-01-05T13:31:41","guid":{"rendered":"https:\/\/swixed.com\/produit\/blutdruckmessgeraet-boso-medicus-uno\/"},"modified":"2026-04-21T06:27:36","modified_gmt":"2026-04-21T05:27:36","slug":"sed63005","status":"publish","type":"product","link":"https:\/\/swixed.ch\/de\/produkt\/sed63005\/","title":{"rendered":"Boso Medicus Uno Blutdruckmessger\u00e4t"},"content":{"rendered":"\t\t<div data-elementor-type=\"product-post\" data-elementor-id=\"35180\" class=\"elementor elementor-35180 elementor-11293\" data-elementor-post-type=\"product\">\n\t\t\t\t\t\t<section class=\"elementor-section elementor-top-section elementor-element elementor-element-834d306 elementor-section-boxed elementor-section-height-default elementor-section-height-default\" data-id=\"834d306\" data-element_type=\"section\" data-e-type=\"section\">\n\t\t\t\t\t\t<div class=\"elementor-container elementor-column-gap-default\">\n\t\t\t\t\t<div class=\"elementor-column elementor-col-100 elementor-top-column elementor-element elementor-element-085465e\" data-id=\"085465e\" data-element_type=\"column\" data-e-type=\"column\">\n\t\t\t<div class=\"elementor-widget-wrap elementor-element-populated\">\n\t\t\t\t\t\t<div class=\"elementor-element elementor-element-0684e71 elementor-widget elementor-widget-heading\" data-id=\"0684e71\" data-element_type=\"widget\" data-e-type=\"widget\" data-widget_type=\"heading.default\">\n\t\t\t\t\t<h2 class=\"elementor-heading-title elementor-size-default\">Beschreibung<\/h2>\t\t\t\t<\/div>\n\t\t\t\t<div class=\"elementor-element elementor-element-3376bb3 elementor-widget elementor-widget-text-editor\" data-id=\"3376bb3\" data-element_type=\"widget\" data-e-type=\"widget\" data-widget_type=\"text-editor.default\">\n\t\t\t\t\t\t\t\t\t<p>Das Blutdruckmessger\u00e4t <strong>Boso Medicus Uno<\/strong> erm\u00f6glicht eine vollautomatische Messung des Blutdrucks am Oberarm. Dank des intelligenten automatischen Aufblassystems und der gr\u00f6\u00dfenverstellbaren Blutdruckmanschette. <\/p><p>Dieses Blutdruckmessger\u00e4t ist kompakt, hat aber ein gro\u00dfes Display f\u00fcr eine klare und schnelle \u00dcberpr\u00fcfung des Blutdrucks.<br>Es erm\u00f6glicht eine einfache Bedienung und sofort verf\u00fcgbare Messergebnisse dank der Ein-Knopf-Automatik.<\/p><p>Die Blutdruckmessung wird durch eine Standard-Blutdruckmanschette f\u00fcr Erwachsene erm\u00f6glicht, die mit dem Ger\u00e4t mitgeliefert wird und einen Umfang von 22 bis 32 cm hat.<\/p><p>Eine XL-Manschette mit einem Umfang von 32 bis 48 cm ist ebenfalls anpassbar. Das Boso Medicus Uno Blutdruckmessger\u00e4t arbeitet auskultatorisch nach der Riva-Rocci \/ Korotkoff-Messmethode. Die Kalibrierung des Blutdruckmessger\u00e4ts Boso Medicus Uno garantiert eine Genauigkeit von \u00b1 3 mmHg \u00fcber den gesamten Messbereich.  <\/p>\t\t\t\t\t\t\t\t<\/div>\n\t\t\t\t<div class=\"elementor-element elementor-element-d3e0c8c elementor-widget elementor-widget-heading\" data-id=\"d3e0c8c\" data-element_type=\"widget\" data-e-type=\"widget\" data-widget_type=\"heading.default\">\n\t\t\t\t\t<h2 class=\"elementor-heading-title elementor-size-default\">Alle Funktionen auf einen Blick<\/h2>\t\t\t\t<\/div>\n\t\t\t\t<div class=\"elementor-element elementor-element-423b60a elementor-widget elementor-widget-text-editor\" data-id=\"423b60a\" data-element_type=\"widget\" data-e-type=\"widget\" data-widget_type=\"text-editor.default\">\n\t\t\t\t\t\t\t\t\t<ul><li>Eine klinisch validierte Pr\u00e4zisionsmessung am Oberarm.<\/li><li>Verwendung einer intelligenten Pumpaktion f\u00fcr die Messung mit einem einzigen Befehl<\/li><li>Die letzte Messung wird automatisch im Speicher abgelegt, so dass Sie sie jederzeit abrufen k\u00f6nnen.<\/li><li>Das Blutdruckmessger\u00e4t zeigt einen unregelm\u00e4\u00dfigen Herzrhythmus an.<\/li><\/ul>\t\t\t\t\t\t\t\t<\/div>\n\t\t\t\t<div class=\"elementor-element elementor-element-1c2a6bd elementor-widget elementor-widget-heading\" data-id=\"1c2a6bd\" data-element_type=\"widget\" data-e-type=\"widget\" data-widget_type=\"heading.default\">\n\t\t\t\t\t<h2 class=\"elementor-heading-title elementor-size-default\">Inhalt<\/h2>\t\t\t\t<\/div>\n\t\t\t\t\t<\/div>\n\t\t<\/div>\n\t\t\t\t\t<\/div>\n\t\t<\/section>\n\t\t\t\t<section class=\"elementor-section elementor-top-section elementor-element elementor-element-c0f3979 elementor-section-boxed elementor-section-height-default elementor-section-height-default\" data-id=\"c0f3979\" data-element_type=\"section\" data-e-type=\"section\">\n\t\t\t\t\t\t<div class=\"elementor-container elementor-column-gap-default\">\n\t\t\t\t\t<div class=\"elementor-column elementor-col-100 elementor-top-column elementor-element elementor-element-6e68e75\" data-id=\"6e68e75\" data-element_type=\"column\" data-e-type=\"column\">\n\t\t\t<div class=\"elementor-widget-wrap elementor-element-populated\">\n\t\t\t\t\t\t<div class=\"elementor-element elementor-element-706d383 elementor-widget elementor-widget-text-editor\" data-id=\"706d383\" data-element_type=\"widget\" data-e-type=\"widget\" data-widget_type=\"text-editor.default\">\n\t\t\t\t\t\t\t\t\t<ul><li>1 Manschette f\u00fcr Erwachsene (22-32 cm)<\/li><li>4 Batterien AA LR06<\/li><li>1 Gebrauchsanweisung<\/li><li>3 Jahre Garantie<\/li><\/ul>\t\t\t\t\t\t\t\t<\/div>\n\t\t\t\t\t<\/div>\n\t\t<\/div>\n\t\t\t\t\t<\/div>\n\t\t<\/section>\n\t\t\t\t<\/div>\n\t\t","protected":false},"excerpt":{"rendered":"<p>Das Boso Medicus Uno ist ein elektronisches Blutdruckmessger\u00e4t, das f\u00fcr die automatische Messung des Blutdrucks am Oberarm entwickelt wurde. Es ist mit einem intelligenten Aufblassystem und einer anpassbaren Manschette ausgestattet. Das Ger\u00e4t hat ein kompaktes Format mit einem gro\u00dfen Display, das die Werte leicht ablesbar macht. Das Ger\u00e4t ist batteriebetrieben, enth\u00e4lt kein Quecksilber und entspricht den geltenden technischen Standards. Das Produkt ist f\u00fcr den professionellen oder h\u00e4uslichen Gebrauch geeignet und wird mit Handbuch und Aufbewahrungstasche geliefert.    <\/p>\n","protected":false},"featured_media":29803,"template":"","meta":{"_acf_changed":false},"product_brand":[2119],"product_cat":[1012,1079],"product_tag":[1017,1014,987,1016,1015],"class_list":{"0":"post-35180","1":"product","2":"type-product","3":"status-publish","4":"has-post-thumbnail","6":"product_brand-boso-de","7":"product_cat-blutdruckmessgerate","8":"product_cat-elektronische-blutdruckmessgerate","9":"product_tag-allgemeinmedizin","10":"product_tag-diagnose","11":"product_tag-kardiologie","12":"product_tag-mmhg-de","13":"product_tag-spannung","14":"product_shipping_class-flat-rate-shipping","16":"first","17":"instock","18":"sale","19":"taxable","20":"shipping-taxable","21":"purchasable","22":"product-type-simple"},"acf":[],"yoast_head":"<!-- This site is optimized with the Yoast SEO Premium plugin v27.4 (Yoast SEO v27.4) - https:\/\/yoast.com\/product\/yoast-seo-premium-wordpress\/ -->\n<title>Boso Medicus Uno Blutdruckmessger\u00e4t | Swixed SA<\/title>\n<meta name=\"description\" content=\"Das Blutdruckmessger\u00e4t Boso Medicus Uno erm\u00f6glicht eine vollautomatische Messung des Blutdrucks. Intelligente Aufblasautomatik.\" \/>\n<meta name=\"robots\" content=\"index, follow, max-snippet:-1, max-image-preview:large, max-video-preview:-1\" \/>\n<link rel=\"canonical\" href=\"https:\/\/swixed.ch\/de\/produkt\/sed63005\/\" \/>\n<meta property=\"og:locale\" content=\"de_DE\" \/>\n<meta property=\"og:type\" content=\"article\" \/>\n<meta property=\"og:title\" content=\"Boso Medicus Uno Blutdruckmessger\u00e4t\" \/>\n<meta property=\"og:description\" content=\"Das Blutdruckmessger\u00e4t Boso Medicus Uno erm\u00f6glicht eine vollautomatische Messung des Blutdrucks. Intelligente Aufblasautomatik.\" \/>\n<meta property=\"og:url\" content=\"https:\/\/swixed.ch\/de\/produkt\/sed63005\/\" \/>\n<meta property=\"og:site_name\" content=\"Swixed SA\" \/>\n<meta property=\"article:publisher\" content=\"https:\/\/www.facebook.com\/swixed\" \/>\n<meta property=\"article:modified_time\" content=\"2026-04-21T05:27:36+00:00\" \/>\n<meta property=\"og:image\" content=\"https:\/\/swixed.ch\/wp-content\/uploads\/products\/boso-medicus-uno-02a.png\" \/>\n\t<meta property=\"og:image:width\" content=\"600\" \/>\n\t<meta property=\"og:image:height\" content=\"600\" \/>\n\t<meta property=\"og:image:type\" content=\"image\/png\" \/>\n<meta name=\"twitter:card\" content=\"summary_large_image\" \/>\n<meta name=\"twitter:label1\" content=\"Gesch\u00e4tzte Lesezeit\" \/>\n\t<meta name=\"twitter:data1\" content=\"1\u00a0Minute\" \/>\n<script type=\"application\/ld+json\" class=\"yoast-schema-graph\">{\"@context\":\"https:\\\/\\\/schema.org\",\"@graph\":[{\"@type\":\"WebPage\",\"@id\":\"https:\\\/\\\/swixed.ch\\\/de\\\/produkt\\\/sed63005\\\/\",\"url\":\"https:\\\/\\\/swixed.ch\\\/de\\\/produkt\\\/sed63005\\\/\",\"name\":\"Boso Medicus Uno Blutdruckmessger\u00e4t | Swixed SA\",\"isPartOf\":{\"@id\":\"https:\\\/\\\/swixed.ch\\\/de\\\/#website\"},\"primaryImageOfPage\":{\"@id\":\"https:\\\/\\\/swixed.ch\\\/de\\\/produkt\\\/sed63005\\\/#primaryimage\"},\"image\":{\"@id\":\"https:\\\/\\\/swixed.ch\\\/de\\\/produkt\\\/sed63005\\\/#primaryimage\"},\"thumbnailUrl\":\"https:\\\/\\\/swixed.ch\\\/wp-content\\\/uploads\\\/products\\\/boso-medicus-uno-02a.png\",\"datePublished\":\"2022-01-05T13:31:41+00:00\",\"dateModified\":\"2026-04-21T05:27:36+00:00\",\"description\":\"Das Blutdruckmessger\u00e4t Boso Medicus Uno erm\u00f6glicht eine vollautomatische Messung des Blutdrucks. Intelligente Aufblasautomatik.\",\"breadcrumb\":{\"@id\":\"https:\\\/\\\/swixed.ch\\\/de\\\/produkt\\\/sed63005\\\/#breadcrumb\"},\"inLanguage\":\"de\",\"potentialAction\":[{\"@type\":\"ReadAction\",\"target\":[\"https:\\\/\\\/swixed.ch\\\/de\\\/produkt\\\/sed63005\\\/\"]}]},{\"@type\":\"ImageObject\",\"inLanguage\":\"de\",\"@id\":\"https:\\\/\\\/swixed.ch\\\/de\\\/produkt\\\/sed63005\\\/#primaryimage\",\"url\":\"https:\\\/\\\/swixed.ch\\\/wp-content\\\/uploads\\\/products\\\/boso-medicus-uno-02a.png\",\"contentUrl\":\"https:\\\/\\\/swixed.ch\\\/wp-content\\\/uploads\\\/products\\\/boso-medicus-uno-02a.png\",\"width\":600,\"height\":600,\"caption\":\"boso medicus uno 02a\"},{\"@type\":\"BreadcrumbList\",\"@id\":\"https:\\\/\\\/swixed.ch\\\/de\\\/produkt\\\/sed63005\\\/#breadcrumb\",\"itemListElement\":[{\"@type\":\"ListItem\",\"position\":1,\"name\":\"Startseite\",\"item\":\"https:\\\/\\\/swixed.ch\\\/de\\\/home\\\/\"},{\"@type\":\"ListItem\",\"position\":2,\"name\":\"Shop\",\"item\":\"https:\\\/\\\/swixed.ch\\\/de\\\/shop\\\/\"},{\"@type\":\"ListItem\",\"position\":3,\"name\":\"Boso Medicus Uno Blutdruckmessger\u00e4t\"}]},{\"@type\":\"WebSite\",\"@id\":\"https:\\\/\\\/swixed.ch\\\/de\\\/#website\",\"url\":\"https:\\\/\\\/swixed.ch\\\/de\\\/\",\"name\":\"Swixed SA\",\"description\":\"Elektronische Ger\u00e4te\",\"publisher\":{\"@id\":\"https:\\\/\\\/swixed.ch\\\/de\\\/#organization\"},\"potentialAction\":[{\"@type\":\"SearchAction\",\"target\":{\"@type\":\"EntryPoint\",\"urlTemplate\":\"https:\\\/\\\/swixed.ch\\\/de\\\/?s={search_term_string}\"},\"query-input\":{\"@type\":\"PropertyValueSpecification\",\"valueRequired\":true,\"valueName\":\"search_term_string\"}}],\"inLanguage\":\"de\"},{\"@type\":\"Organization\",\"@id\":\"https:\\\/\\\/swixed.ch\\\/de\\\/#organization\",\"name\":\"Swixed SA\",\"url\":\"https:\\\/\\\/swixed.ch\\\/de\\\/\",\"logo\":{\"@type\":\"ImageObject\",\"inLanguage\":\"de\",\"@id\":\"https:\\\/\\\/swixed.ch\\\/de\\\/#\\\/schema\\\/logo\\\/image\\\/\",\"url\":\"https:\\\/\\\/swixed.ch\\\/wp-content\\\/uploads\\\/logos\\\/swixed-logo-lite.png\",\"contentUrl\":\"https:\\\/\\\/swixed.ch\\\/wp-content\\\/uploads\\\/logos\\\/swixed-logo-lite.png\",\"width\":696,\"height\":696,\"caption\":\"Swixed SA\"},\"image\":{\"@id\":\"https:\\\/\\\/swixed.ch\\\/de\\\/#\\\/schema\\\/logo\\\/image\\\/\"},\"sameAs\":[\"https:\\\/\\\/www.facebook.com\\\/swixed\",\"https:\\\/\\\/www.linkedin.com\\\/company\\\/swixed\",\"https:\\\/\\\/www.youtube.com\\\/@swixedsa\"],\"description\":\"Swixed SA est une entreprise suisse bas\u00e9e \u00e0 Gen\u00e8ve, sp\u00e9cialis\u00e9e dans la vente, la location et la maintenance d\u2019appareils m\u00e9dicaux professionnels, tels que d\u00e9fibrillateurs AED, \u00e9lectrocardiographes, moniteurs patient et dispositifs de diagnostic.\",\"email\":\"infoshop@swixed.ch\",\"telephone\":\"+41 22 566 11 95\",\"legalName\":\"Swixed SA\",\"foundingDate\":\"2021-03-01\",\"numberOfEmployees\":{\"@type\":\"QuantitativeValue\",\"minValue\":\"1\",\"maxValue\":\"10\"}}]}<\/script>\n<!-- \/ Yoast SEO Premium plugin. -->","yoast_head_json":{"title":"Boso Medicus Uno Blutdruckmessger\u00e4t | Swixed SA","description":"Das Blutdruckmessger\u00e4t Boso Medicus Uno erm\u00f6glicht eine vollautomatische Messung des Blutdrucks. Intelligente Aufblasautomatik.","robots":{"index":"index","follow":"follow","max-snippet":"max-snippet:-1","max-image-preview":"max-image-preview:large","max-video-preview":"max-video-preview:-1"},"canonical":"https:\/\/swixed.ch\/de\/produkt\/sed63005\/","og_locale":"de_DE","og_type":"article","og_title":"Boso Medicus Uno Blutdruckmessger\u00e4t","og_description":"Das Blutdruckmessger\u00e4t Boso Medicus Uno erm\u00f6glicht eine vollautomatische Messung des Blutdrucks. Intelligente Aufblasautomatik.","og_url":"https:\/\/swixed.ch\/de\/produkt\/sed63005\/","og_site_name":"Swixed SA","article_publisher":"https:\/\/www.facebook.com\/swixed","article_modified_time":"2026-04-21T05:27:36+00:00","og_image":[{"width":600,"height":600,"url":"https:\/\/swixed.ch\/wp-content\/uploads\/products\/boso-medicus-uno-02a.png","type":"image\/png"}],"twitter_card":"summary_large_image","twitter_misc":{"Gesch\u00e4tzte Lesezeit":"1\u00a0Minute"},"schema":{"@context":"https:\/\/schema.org","@graph":[{"@type":"WebPage","@id":"https:\/\/swixed.ch\/de\/produkt\/sed63005\/","url":"https:\/\/swixed.ch\/de\/produkt\/sed63005\/","name":"Boso Medicus Uno Blutdruckmessger\u00e4t | Swixed SA","isPartOf":{"@id":"https:\/\/swixed.ch\/de\/#website"},"primaryImageOfPage":{"@id":"https:\/\/swixed.ch\/de\/produkt\/sed63005\/#primaryimage"},"image":{"@id":"https:\/\/swixed.ch\/de\/produkt\/sed63005\/#primaryimage"},"thumbnailUrl":"https:\/\/swixed.ch\/wp-content\/uploads\/products\/boso-medicus-uno-02a.png","datePublished":"2022-01-05T13:31:41+00:00","dateModified":"2026-04-21T05:27:36+00:00","description":"Das Blutdruckmessger\u00e4t Boso Medicus Uno erm\u00f6glicht eine vollautomatische Messung des Blutdrucks. Intelligente Aufblasautomatik.","breadcrumb":{"@id":"https:\/\/swixed.ch\/de\/produkt\/sed63005\/#breadcrumb"},"inLanguage":"de","potentialAction":[{"@type":"ReadAction","target":["https:\/\/swixed.ch\/de\/produkt\/sed63005\/"]}]},{"@type":"ImageObject","inLanguage":"de","@id":"https:\/\/swixed.ch\/de\/produkt\/sed63005\/#primaryimage","url":"https:\/\/swixed.ch\/wp-content\/uploads\/products\/boso-medicus-uno-02a.png","contentUrl":"https:\/\/swixed.ch\/wp-content\/uploads\/products\/boso-medicus-uno-02a.png","width":600,"height":600,"caption":"boso medicus uno 02a"},{"@type":"BreadcrumbList","@id":"https:\/\/swixed.ch\/de\/produkt\/sed63005\/#breadcrumb","itemListElement":[{"@type":"ListItem","position":1,"name":"Startseite","item":"https:\/\/swixed.ch\/de\/home\/"},{"@type":"ListItem","position":2,"name":"Shop","item":"https:\/\/swixed.ch\/de\/shop\/"},{"@type":"ListItem","position":3,"name":"Boso Medicus Uno Blutdruckmessger\u00e4t"}]},{"@type":"WebSite","@id":"https:\/\/swixed.ch\/de\/#website","url":"https:\/\/swixed.ch\/de\/","name":"Swixed SA","description":"Elektronische Ger\u00e4te","publisher":{"@id":"https:\/\/swixed.ch\/de\/#organization"},"potentialAction":[{"@type":"SearchAction","target":{"@type":"EntryPoint","urlTemplate":"https:\/\/swixed.ch\/de\/?s={search_term_string}"},"query-input":{"@type":"PropertyValueSpecification","valueRequired":true,"valueName":"search_term_string"}}],"inLanguage":"de"},{"@type":"Organization","@id":"https:\/\/swixed.ch\/de\/#organization","name":"Swixed SA","url":"https:\/\/swixed.ch\/de\/","logo":{"@type":"ImageObject","inLanguage":"de","@id":"https:\/\/swixed.ch\/de\/#\/schema\/logo\/image\/","url":"https:\/\/swixed.ch\/wp-content\/uploads\/logos\/swixed-logo-lite.png","contentUrl":"https:\/\/swixed.ch\/wp-content\/uploads\/logos\/swixed-logo-lite.png","width":696,"height":696,"caption":"Swixed SA"},"image":{"@id":"https:\/\/swixed.ch\/de\/#\/schema\/logo\/image\/"},"sameAs":["https:\/\/www.facebook.com\/swixed","https:\/\/www.linkedin.com\/company\/swixed","https:\/\/www.youtube.com\/@swixedsa"],"description":"Swixed SA est une entreprise suisse bas\u00e9e \u00e0 Gen\u00e8ve, sp\u00e9cialis\u00e9e dans la vente, la location et la maintenance d\u2019appareils m\u00e9dicaux professionnels, tels que d\u00e9fibrillateurs AED, \u00e9lectrocardiographes, moniteurs patient et dispositifs de diagnostic.","email":"infoshop@swixed.ch","telephone":"+41 22 566 11 95","legalName":"Swixed SA","foundingDate":"2021-03-01","numberOfEmployees":{"@type":"QuantitativeValue","minValue":"1","maxValue":"10"}}]}},"_links":{"self":[{"href":"https:\/\/swixed.ch\/de\/wp-json\/wp\/v2\/product\/35180","targetHints":{"allow":["GET"]}}],"collection":[{"href":"https:\/\/swixed.ch\/de\/wp-json\/wp\/v2\/product"}],"about":[{"href":"https:\/\/swixed.ch\/de\/wp-json\/wp\/v2\/types\/product"}],"version-history":[{"count":1,"href":"https:\/\/swixed.ch\/de\/wp-json\/wp\/v2\/product\/35180\/revisions"}],"predecessor-version":[{"id":63043,"href":"https:\/\/swixed.ch\/de\/wp-json\/wp\/v2\/product\/35180\/revisions\/63043"}],"wp:featuredmedia":[{"embeddable":true,"href":"https:\/\/swixed.ch\/de\/wp-json\/wp\/v2\/media\/29803"}],"wp:attachment":[{"href":"https:\/\/swixed.ch\/de\/wp-json\/wp\/v2\/media?parent=35180"}],"wp:term":[{"taxonomy":"product_brand","embeddable":true,"href":"https:\/\/swixed.ch\/de\/wp-json\/wp\/v2\/product_brand?post=35180"},{"taxonomy":"product_cat","embeddable":true,"href":"https:\/\/swixed.ch\/de\/wp-json\/wp\/v2\/product_cat?post=35180"},{"taxonomy":"product_tag","embeddable":true,"href":"https:\/\/swixed.ch\/de\/wp-json\/wp\/v2\/product_tag?post=35180"}],"curies":[{"name":"wp","href":"https:\/\/api.w.org\/{rel}","templated":true}]}}