{"id":35211,"date":"2022-05-05T15:00:43","date_gmt":"2022-05-05T14:00:43","guid":{"rendered":"https:\/\/swixed.com\/produit\/boso-manschette-gross-fuer-24h-blutdruckmessgeraete-tm2450\/"},"modified":"2026-04-21T06:33:26","modified_gmt":"2026-04-21T05:33:26","slug":"sed63006","status":"publish","type":"product","link":"https:\/\/swixed.ch\/de\/produkt\/sed63006\/","title":{"rendered":"Gro\u00dfe Manschette f\u00fcr das Blutdruckmessger\u00e4t Boso TM2450 mit 24-Stunden-Aufzeichnung"},"content":{"rendered":"\t\t<div data-elementor-type=\"product-post\" data-elementor-id=\"35211\" class=\"elementor elementor-35211 elementor-12381\" data-elementor-post-type=\"product\">\n\t\t\t\t\t\t<section class=\"elementor-section elementor-top-section elementor-element elementor-element-834d306 elementor-section-boxed elementor-section-height-default elementor-section-height-default\" data-id=\"834d306\" data-element_type=\"section\" data-e-type=\"section\">\n\t\t\t\t\t\t<div class=\"elementor-container elementor-column-gap-default\">\n\t\t\t\t\t<div class=\"elementor-column elementor-col-100 elementor-top-column elementor-element elementor-element-085465e\" data-id=\"085465e\" data-element_type=\"column\" data-e-type=\"column\">\n\t\t\t<div class=\"elementor-widget-wrap elementor-element-populated\">\n\t\t\t\t\t\t<div class=\"elementor-element elementor-element-0684e71 elementor-widget elementor-widget-heading\" data-id=\"0684e71\" data-element_type=\"widget\" data-e-type=\"widget\" data-widget_type=\"heading.default\">\n\t\t\t\t\t<h2 class=\"elementor-heading-title elementor-size-default\">Beschreibung<\/h2>\t\t\t\t<\/div>\n\t\t\t\t\t<\/div>\n\t\t<\/div>\n\t\t\t\t\t<\/div>\n\t\t<\/section>\n\t\t\t\t<section class=\"elementor-section elementor-top-section elementor-element elementor-element-bbbff69 elementor-section-boxed elementor-section-height-default elementor-section-height-default\" data-id=\"bbbff69\" data-element_type=\"section\" data-e-type=\"section\">\n\t\t\t\t\t\t<div class=\"elementor-container elementor-column-gap-default\">\n\t\t\t\t\t<div class=\"elementor-column elementor-col-100 elementor-top-column elementor-element elementor-element-df88c60\" data-id=\"df88c60\" data-element_type=\"column\" data-e-type=\"column\">\n\t\t\t<div class=\"elementor-widget-wrap elementor-element-populated\">\n\t\t\t\t\t\t<div class=\"elementor-element elementor-element-181dedd elementor-widget elementor-widget-text-editor\" data-id=\"181dedd\" data-element_type=\"widget\" data-e-type=\"widget\" data-widget_type=\"text-editor.default\">\n\t\t\t\t\t\t\t\t\t<p>Die gro\u00dfe Boso Manschette wurde speziell f\u00fcr die 24h-Blutdruckmessger\u00e4te <a href=\"https:\/\/swixed.com\/de\/shop\/sed63004\/\">Boso TM-2450<\/a> entwickelt und ist f\u00fcr Armumf\u00e4nge von 32 bis 45 cm geeignet. Die Manschette ist aus hochwertigen Materialien gefertigt und bietet einen bequemen und sicheren Sitz, der genaue Messungen des Blutdrucks erm\u00f6glicht. Das ergonomische Design erleichtert die Anwendung und tr\u00e4gt zu einem effizienten Messprozess bei, sowohl zu Hause als auch im medizinischen Bereich.  <\/p>\n<p>Diese Manschette ist f\u00fcr Benutzer mit st\u00e4rkeren Armen unerl\u00e4sslich und stellt sicher, dass das Blutdruckmessger\u00e4t optimal funktioniert und zuverl\u00e4ssige Ergebnisse liefert.<\/p>\n\t\t\t\t\t\t\t\t<\/div>\n\t\t\t\t<div class=\"elementor-element elementor-element-8ae4be8 elementor-widget elementor-widget-heading\" data-id=\"8ae4be8\" data-element_type=\"widget\" data-e-type=\"widget\" data-widget_type=\"heading.default\">\n\t\t\t\t\t<h2 class=\"elementor-heading-title elementor-size-default\">Inhalt<\/h2>\t\t\t\t<\/div>\n\t\t\t\t<div class=\"elementor-element elementor-element-38c761d elementor-widget elementor-widget-text-editor\" data-id=\"38c761d\" data-element_type=\"widget\" data-e-type=\"widget\" data-widget_type=\"text-editor.default\">\n\t\t\t\t\t\t\t\t\t<ul>\n<li>Boso Manschette gro\u00df (32-45 cm)<\/li>\n<li>Gebrauchsanweisung<\/li>\n<\/ul>\n<p><em><strong>Hinweis: <\/strong>Diese Manschette ist ein medizinisches Zubeh\u00f6r, das f\u00fcr die Verwendung mit dem Blutdruckmessger\u00e4t Boso TM-2450 entwickelt wurde und die genaue Messung des Blutdrucks bei Patienten erleichtert.<\/em><\/p>\n\t\t\t\t\t\t\t\t<\/div>\n\t\t\t\t\t<\/div>\n\t\t<\/div>\n\t\t\t\t\t<\/div>\n\t\t<\/section>\n\t\t\t\t<\/div>\n\t\t","protected":false},"excerpt":{"rendered":"<p>Die gro\u00dfe Boso-Manschette ist f\u00fcr Armumf\u00e4nge von 32 bis 45 cm geeignet. Sie wurde speziell f\u00fcr das 24h-Blutdruckmessger\u00e4t TM-2450 entwickelt und bietet optimalen Komfort bei der Blutdruckmessung. <\/p>\n","protected":false},"featured_media":29151,"template":"","meta":{"_acf_changed":false},"product_brand":[2119],"product_cat":[1012,1079,1278],"product_tag":[5808,5802,5804,4918,5805,5806,5809,4917,5807,5803,3769,4924,3417,3356,5651],"class_list":{"0":"post-35211","1":"product","2":"type-product","3":"status-publish","4":"has-post-thumbnail","6":"product_brand-boso-de","7":"product_cat-blutdruckmessgerate","8":"product_cat-elektronische-blutdruckmessgerate","9":"product_cat-zubehor-blutdruckmessgeraete","10":"product_tag-bequeme-manschette","11":"product_tag-blutdruckmanschette-de-2","12":"product_tag-blutdruckmessgerat-24h","13":"product_tag-boso-armbinde","14":"product_tag-elektronisches-blutdruckmessgerat","15":"product_tag-gesundheit-und-wohlbefinden","16":"product_tag-gesundheitsuberwachung-de","17":"product_tag-grose-manschette","18":"product_tag-manschette-fur-starke-arme","19":"product_tag-manschette-tm-2450","20":"product_tag-medizinische-ausrustung","21":"product_tag-medizinische-manschette","22":"product_tag-medizinisches-zubehor","23":"product_tag-messung-des-blutdrucks-de","24":"product_tag-verstellbare-manschette","26":"first","27":"instock","28":"taxable","29":"shipping-taxable","30":"purchasable","31":"product-type-simple"},"acf":[],"yoast_head":"<!-- This site is optimized with the Yoast SEO Premium plugin v27.4 (Yoast SEO v27.4) - https:\/\/yoast.com\/product\/yoast-seo-premium-wordpress\/ -->\n<title>Gro\u00dfe Manschette f\u00fcr das Blutdruckmessger\u00e4t Boso TM2450 mit 24-Stunden-Aufzeichnung | Swixed SA<\/title>\n<meta name=\"description\" content=\"Gro\u00dfe Boso Manschette f\u00fcr 24h-Blutdruckmessger\u00e4te TM-2450, geeignet f\u00fcr Armumf\u00e4nge von 32 bis 45 cm, f\u00fcr optimalen Komfort.\" \/>\n<meta name=\"robots\" content=\"index, follow, max-snippet:-1, max-image-preview:large, max-video-preview:-1\" \/>\n<link rel=\"canonical\" href=\"https:\/\/swixed.ch\/de\/produkt\/sed63006\/\" \/>\n<meta property=\"og:locale\" content=\"de_DE\" \/>\n<meta property=\"og:type\" content=\"article\" \/>\n<meta property=\"og:title\" content=\"Gro\u00dfe Manschette f\u00fcr das Blutdruckmessger\u00e4t Boso TM2450 mit 24-Stunden-Aufzeichnung\" \/>\n<meta property=\"og:description\" content=\"Gro\u00dfe Boso Manschette f\u00fcr 24h-Blutdruckmessger\u00e4te TM-2450, geeignet f\u00fcr Armumf\u00e4nge von 32 bis 45 cm, f\u00fcr optimalen Komfort.\" \/>\n<meta property=\"og:url\" content=\"https:\/\/swixed.ch\/de\/produkt\/sed63006\/\" \/>\n<meta property=\"og:site_name\" content=\"Swixed SA\" \/>\n<meta property=\"article:publisher\" content=\"https:\/\/www.facebook.com\/swixed\" \/>\n<meta property=\"article:modified_time\" content=\"2026-04-21T05:33:26+00:00\" \/>\n<meta property=\"og:image\" content=\"https:\/\/swixed.ch\/wp-content\/uploads\/products\/boso-tm2450-brassard-01.png\" \/>\n\t<meta property=\"og:image:width\" content=\"600\" \/>\n\t<meta property=\"og:image:height\" content=\"600\" \/>\n\t<meta property=\"og:image:type\" content=\"image\/png\" \/>\n<meta name=\"twitter:card\" content=\"summary_large_image\" \/>\n<meta name=\"twitter:label1\" content=\"Gesch\u00e4tzte Lesezeit\" \/>\n\t<meta name=\"twitter:data1\" content=\"1\u00a0Minute\" \/>\n<script type=\"application\/ld+json\" class=\"yoast-schema-graph\">{\"@context\":\"https:\\\/\\\/schema.org\",\"@graph\":[{\"@type\":\"WebPage\",\"@id\":\"https:\\\/\\\/swixed.ch\\\/de\\\/produkt\\\/sed63006\\\/\",\"url\":\"https:\\\/\\\/swixed.ch\\\/de\\\/produkt\\\/sed63006\\\/\",\"name\":\"Gro\u00dfe Manschette f\u00fcr das Blutdruckmessger\u00e4t Boso TM2450 mit 24-Stunden-Aufzeichnung | Swixed SA\",\"isPartOf\":{\"@id\":\"https:\\\/\\\/swixed.ch\\\/de\\\/#website\"},\"primaryImageOfPage\":{\"@id\":\"https:\\\/\\\/swixed.ch\\\/de\\\/produkt\\\/sed63006\\\/#primaryimage\"},\"image\":{\"@id\":\"https:\\\/\\\/swixed.ch\\\/de\\\/produkt\\\/sed63006\\\/#primaryimage\"},\"thumbnailUrl\":\"https:\\\/\\\/swixed.ch\\\/wp-content\\\/uploads\\\/products\\\/boso-tm2450-brassard-01.png\",\"datePublished\":\"2022-05-05T14:00:43+00:00\",\"dateModified\":\"2026-04-21T05:33:26+00:00\",\"description\":\"Gro\u00dfe Boso Manschette f\u00fcr 24h-Blutdruckmessger\u00e4te TM-2450, geeignet f\u00fcr Armumf\u00e4nge von 32 bis 45 cm, f\u00fcr optimalen Komfort.\",\"breadcrumb\":{\"@id\":\"https:\\\/\\\/swixed.ch\\\/de\\\/produkt\\\/sed63006\\\/#breadcrumb\"},\"inLanguage\":\"de\",\"potentialAction\":[{\"@type\":\"ReadAction\",\"target\":[\"https:\\\/\\\/swixed.ch\\\/de\\\/produkt\\\/sed63006\\\/\"]}]},{\"@type\":\"ImageObject\",\"inLanguage\":\"de\",\"@id\":\"https:\\\/\\\/swixed.ch\\\/de\\\/produkt\\\/sed63006\\\/#primaryimage\",\"url\":\"https:\\\/\\\/swixed.ch\\\/wp-content\\\/uploads\\\/products\\\/boso-tm2450-brassard-01.png\",\"contentUrl\":\"https:\\\/\\\/swixed.ch\\\/wp-content\\\/uploads\\\/products\\\/boso-tm2450-brassard-01.png\",\"width\":600,\"height\":600,\"caption\":\"Boso Manschette gro\u00df f\u00fcr 24h-Blutdruckmessger\u00e4te TM2450\"},{\"@type\":\"BreadcrumbList\",\"@id\":\"https:\\\/\\\/swixed.ch\\\/de\\\/produkt\\\/sed63006\\\/#breadcrumb\",\"itemListElement\":[{\"@type\":\"ListItem\",\"position\":1,\"name\":\"Startseite\",\"item\":\"https:\\\/\\\/swixed.ch\\\/de\\\/home\\\/\"},{\"@type\":\"ListItem\",\"position\":2,\"name\":\"Shop\",\"item\":\"https:\\\/\\\/swixed.ch\\\/de\\\/shop\\\/\"},{\"@type\":\"ListItem\",\"position\":3,\"name\":\"Gro\u00dfe Manschette f\u00fcr das Blutdruckmessger\u00e4t Boso TM2450 mit 24-Stunden-Aufzeichnung\"}]},{\"@type\":\"WebSite\",\"@id\":\"https:\\\/\\\/swixed.ch\\\/de\\\/#website\",\"url\":\"https:\\\/\\\/swixed.ch\\\/de\\\/\",\"name\":\"Swixed SA\",\"description\":\"Elektronische Ger\u00e4te\",\"publisher\":{\"@id\":\"https:\\\/\\\/swixed.ch\\\/de\\\/#organization\"},\"potentialAction\":[{\"@type\":\"SearchAction\",\"target\":{\"@type\":\"EntryPoint\",\"urlTemplate\":\"https:\\\/\\\/swixed.ch\\\/de\\\/?s={search_term_string}\"},\"query-input\":{\"@type\":\"PropertyValueSpecification\",\"valueRequired\":true,\"valueName\":\"search_term_string\"}}],\"inLanguage\":\"de\"},{\"@type\":\"Organization\",\"@id\":\"https:\\\/\\\/swixed.ch\\\/de\\\/#organization\",\"name\":\"Swixed SA\",\"url\":\"https:\\\/\\\/swixed.ch\\\/de\\\/\",\"logo\":{\"@type\":\"ImageObject\",\"inLanguage\":\"de\",\"@id\":\"https:\\\/\\\/swixed.ch\\\/de\\\/#\\\/schema\\\/logo\\\/image\\\/\",\"url\":\"https:\\\/\\\/swixed.ch\\\/wp-content\\\/uploads\\\/logos\\\/swixed-logo-lite.png\",\"contentUrl\":\"https:\\\/\\\/swixed.ch\\\/wp-content\\\/uploads\\\/logos\\\/swixed-logo-lite.png\",\"width\":696,\"height\":696,\"caption\":\"Swixed SA\"},\"image\":{\"@id\":\"https:\\\/\\\/swixed.ch\\\/de\\\/#\\\/schema\\\/logo\\\/image\\\/\"},\"sameAs\":[\"https:\\\/\\\/www.facebook.com\\\/swixed\",\"https:\\\/\\\/www.linkedin.com\\\/company\\\/swixed\",\"https:\\\/\\\/www.youtube.com\\\/@swixedsa\"],\"description\":\"Swixed SA est une entreprise suisse bas\u00e9e \u00e0 Gen\u00e8ve, sp\u00e9cialis\u00e9e dans la vente, la location et la maintenance d\u2019appareils m\u00e9dicaux professionnels, tels que d\u00e9fibrillateurs AED, \u00e9lectrocardiographes, moniteurs patient et dispositifs de diagnostic.\",\"email\":\"infoshop@swixed.ch\",\"telephone\":\"+41 22 566 11 95\",\"legalName\":\"Swixed SA\",\"foundingDate\":\"2021-03-01\",\"numberOfEmployees\":{\"@type\":\"QuantitativeValue\",\"minValue\":\"1\",\"maxValue\":\"10\"}}]}<\/script>\n<!-- \/ Yoast SEO Premium plugin. -->","yoast_head_json":{"title":"Gro\u00dfe Manschette f\u00fcr das Blutdruckmessger\u00e4t Boso TM2450 mit 24-Stunden-Aufzeichnung | Swixed SA","description":"Gro\u00dfe Boso Manschette f\u00fcr 24h-Blutdruckmessger\u00e4te TM-2450, geeignet f\u00fcr Armumf\u00e4nge von 32 bis 45 cm, f\u00fcr optimalen Komfort.","robots":{"index":"index","follow":"follow","max-snippet":"max-snippet:-1","max-image-preview":"max-image-preview:large","max-video-preview":"max-video-preview:-1"},"canonical":"https:\/\/swixed.ch\/de\/produkt\/sed63006\/","og_locale":"de_DE","og_type":"article","og_title":"Gro\u00dfe Manschette f\u00fcr das Blutdruckmessger\u00e4t Boso TM2450 mit 24-Stunden-Aufzeichnung","og_description":"Gro\u00dfe Boso Manschette f\u00fcr 24h-Blutdruckmessger\u00e4te TM-2450, geeignet f\u00fcr Armumf\u00e4nge von 32 bis 45 cm, f\u00fcr optimalen Komfort.","og_url":"https:\/\/swixed.ch\/de\/produkt\/sed63006\/","og_site_name":"Swixed SA","article_publisher":"https:\/\/www.facebook.com\/swixed","article_modified_time":"2026-04-21T05:33:26+00:00","og_image":[{"width":600,"height":600,"url":"https:\/\/swixed.ch\/wp-content\/uploads\/products\/boso-tm2450-brassard-01.png","type":"image\/png"}],"twitter_card":"summary_large_image","twitter_misc":{"Gesch\u00e4tzte Lesezeit":"1\u00a0Minute"},"schema":{"@context":"https:\/\/schema.org","@graph":[{"@type":"WebPage","@id":"https:\/\/swixed.ch\/de\/produkt\/sed63006\/","url":"https:\/\/swixed.ch\/de\/produkt\/sed63006\/","name":"Gro\u00dfe Manschette f\u00fcr das Blutdruckmessger\u00e4t Boso TM2450 mit 24-Stunden-Aufzeichnung | Swixed SA","isPartOf":{"@id":"https:\/\/swixed.ch\/de\/#website"},"primaryImageOfPage":{"@id":"https:\/\/swixed.ch\/de\/produkt\/sed63006\/#primaryimage"},"image":{"@id":"https:\/\/swixed.ch\/de\/produkt\/sed63006\/#primaryimage"},"thumbnailUrl":"https:\/\/swixed.ch\/wp-content\/uploads\/products\/boso-tm2450-brassard-01.png","datePublished":"2022-05-05T14:00:43+00:00","dateModified":"2026-04-21T05:33:26+00:00","description":"Gro\u00dfe Boso Manschette f\u00fcr 24h-Blutdruckmessger\u00e4te TM-2450, geeignet f\u00fcr Armumf\u00e4nge von 32 bis 45 cm, f\u00fcr optimalen Komfort.","breadcrumb":{"@id":"https:\/\/swixed.ch\/de\/produkt\/sed63006\/#breadcrumb"},"inLanguage":"de","potentialAction":[{"@type":"ReadAction","target":["https:\/\/swixed.ch\/de\/produkt\/sed63006\/"]}]},{"@type":"ImageObject","inLanguage":"de","@id":"https:\/\/swixed.ch\/de\/produkt\/sed63006\/#primaryimage","url":"https:\/\/swixed.ch\/wp-content\/uploads\/products\/boso-tm2450-brassard-01.png","contentUrl":"https:\/\/swixed.ch\/wp-content\/uploads\/products\/boso-tm2450-brassard-01.png","width":600,"height":600,"caption":"Boso Manschette gro\u00df f\u00fcr 24h-Blutdruckmessger\u00e4te TM2450"},{"@type":"BreadcrumbList","@id":"https:\/\/swixed.ch\/de\/produkt\/sed63006\/#breadcrumb","itemListElement":[{"@type":"ListItem","position":1,"name":"Startseite","item":"https:\/\/swixed.ch\/de\/home\/"},{"@type":"ListItem","position":2,"name":"Shop","item":"https:\/\/swixed.ch\/de\/shop\/"},{"@type":"ListItem","position":3,"name":"Gro\u00dfe Manschette f\u00fcr das Blutdruckmessger\u00e4t Boso TM2450 mit 24-Stunden-Aufzeichnung"}]},{"@type":"WebSite","@id":"https:\/\/swixed.ch\/de\/#website","url":"https:\/\/swixed.ch\/de\/","name":"Swixed SA","description":"Elektronische Ger\u00e4te","publisher":{"@id":"https:\/\/swixed.ch\/de\/#organization"},"potentialAction":[{"@type":"SearchAction","target":{"@type":"EntryPoint","urlTemplate":"https:\/\/swixed.ch\/de\/?s={search_term_string}"},"query-input":{"@type":"PropertyValueSpecification","valueRequired":true,"valueName":"search_term_string"}}],"inLanguage":"de"},{"@type":"Organization","@id":"https:\/\/swixed.ch\/de\/#organization","name":"Swixed SA","url":"https:\/\/swixed.ch\/de\/","logo":{"@type":"ImageObject","inLanguage":"de","@id":"https:\/\/swixed.ch\/de\/#\/schema\/logo\/image\/","url":"https:\/\/swixed.ch\/wp-content\/uploads\/logos\/swixed-logo-lite.png","contentUrl":"https:\/\/swixed.ch\/wp-content\/uploads\/logos\/swixed-logo-lite.png","width":696,"height":696,"caption":"Swixed SA"},"image":{"@id":"https:\/\/swixed.ch\/de\/#\/schema\/logo\/image\/"},"sameAs":["https:\/\/www.facebook.com\/swixed","https:\/\/www.linkedin.com\/company\/swixed","https:\/\/www.youtube.com\/@swixedsa"],"description":"Swixed SA est une entreprise suisse bas\u00e9e \u00e0 Gen\u00e8ve, sp\u00e9cialis\u00e9e dans la vente, la location et la maintenance d\u2019appareils m\u00e9dicaux professionnels, tels que d\u00e9fibrillateurs AED, \u00e9lectrocardiographes, moniteurs patient et dispositifs de diagnostic.","email":"infoshop@swixed.ch","telephone":"+41 22 566 11 95","legalName":"Swixed SA","foundingDate":"2021-03-01","numberOfEmployees":{"@type":"QuantitativeValue","minValue":"1","maxValue":"10"}}]}},"_links":{"self":[{"href":"https:\/\/swixed.ch\/de\/wp-json\/wp\/v2\/product\/35211","targetHints":{"allow":["GET"]}}],"collection":[{"href":"https:\/\/swixed.ch\/de\/wp-json\/wp\/v2\/product"}],"about":[{"href":"https:\/\/swixed.ch\/de\/wp-json\/wp\/v2\/types\/product"}],"version-history":[{"count":1,"href":"https:\/\/swixed.ch\/de\/wp-json\/wp\/v2\/product\/35211\/revisions"}],"predecessor-version":[{"id":63046,"href":"https:\/\/swixed.ch\/de\/wp-json\/wp\/v2\/product\/35211\/revisions\/63046"}],"wp:featuredmedia":[{"embeddable":true,"href":"https:\/\/swixed.ch\/de\/wp-json\/wp\/v2\/media\/29151"}],"wp:attachment":[{"href":"https:\/\/swixed.ch\/de\/wp-json\/wp\/v2\/media?parent=35211"}],"wp:term":[{"taxonomy":"product_brand","embeddable":true,"href":"https:\/\/swixed.ch\/de\/wp-json\/wp\/v2\/product_brand?post=35211"},{"taxonomy":"product_cat","embeddable":true,"href":"https:\/\/swixed.ch\/de\/wp-json\/wp\/v2\/product_cat?post=35211"},{"taxonomy":"product_tag","embeddable":true,"href":"https:\/\/swixed.ch\/de\/wp-json\/wp\/v2\/product_tag?post=35211"}],"curies":[{"name":"wp","href":"https:\/\/api.w.org\/{rel}","templated":true}]}}