{"id":35225,"date":"2022-07-07T12:14:40","date_gmt":"2022-07-07T11:14:40","guid":{"rendered":"https:\/\/swixed.com\/produit\/erwachsenen-elektroden-fuer-den-defibrillator-cu-medical-i-pad-sp1\/"},"modified":"2026-04-20T09:07:18","modified_gmt":"2026-04-20T08:07:18","slug":"sed34015","status":"publish","type":"product","link":"https:\/\/swixed.ch\/de\/produkt\/sed34015\/","title":{"rendered":"Elektroden f\u00fcr Erwachsene f\u00fcr den Defibrillator CU Medical I-PAD SP1"},"content":{"rendered":"\t\t<div data-elementor-type=\"product-post\" data-elementor-id=\"35225\" class=\"elementor elementor-35225 elementor-13025\" data-elementor-post-type=\"product\">\n\t\t\t\t\t\t<section class=\"elementor-section elementor-top-section elementor-element elementor-element-566dfe8 elementor-section-boxed elementor-section-height-default elementor-section-height-default\" data-id=\"566dfe8\" data-element_type=\"section\" data-e-type=\"section\">\n\t\t\t\t\t\t<div class=\"elementor-container elementor-column-gap-default\">\n\t\t\t\t\t<div class=\"elementor-column elementor-col-100 elementor-top-column elementor-element elementor-element-2c4618e\" data-id=\"2c4618e\" data-element_type=\"column\" data-e-type=\"column\">\n\t\t\t<div class=\"elementor-widget-wrap elementor-element-populated\">\n\t\t\t\t\t\t<div class=\"elementor-element elementor-element-57fea7d elementor-widget elementor-widget-heading\" data-id=\"57fea7d\" data-element_type=\"widget\" data-e-type=\"widget\" data-widget_type=\"heading.default\">\n\t\t\t\t\t<h2 class=\"elementor-heading-title elementor-size-default\">Beschreibung<\/h2>\t\t\t\t<\/div>\n\t\t\t\t<div class=\"elementor-element elementor-element-e0a279c elementor-widget elementor-widget-text-editor\" data-id=\"e0a279c\" data-element_type=\"widget\" data-e-type=\"widget\" data-widget_type=\"text-editor.default\">\n\t\t\t\t\t\t\t\t\t<p>Die <strong>Elektroden f\u00fcr Erwachsene<\/strong> des<strong> CU Medical i-PAD SP1<\/strong> Defibrillators<strong> sind vorab angeschlossen<\/strong>, so dass sie im Voraus an den Defibrillator angeschlossen werden k\u00f6nnen, um wertvolle Zeit bei der Rettung zu sparen. Es gibt einen Platz, an dem die Elektroden ordnungsgem\u00e4\u00df im Defibrillator aufbewahrt werden k\u00f6nnen.<\/p><p>Die Elektroden f\u00fcr Erwachsene des i-PAD SP1<strong> k\u00f6nnen auch bei Kindern verwendet<\/strong> werden. Das Protokoll f\u00fcr die Herz-Lungen-Wiederbelebung wird jedoch gestartet, wenn der p\u00e4diatrische Modus des Defibrillators aktiviert wird. Die<strong> St\u00e4rke der Schocks wird dann auf 50 Joule verringert<\/strong>, um sie dem Opfer anzupassen.<\/p>\t\t\t\t\t\t\t\t<\/div>\n\t\t\t\t<div class=\"elementor-element elementor-element-268eb65 elementor-widget elementor-widget-heading\" data-id=\"268eb65\" data-element_type=\"widget\" data-e-type=\"widget\" data-widget_type=\"heading.default\">\n\t\t\t\t\t<h3 class=\"elementor-heading-title elementor-size-default\">Lebensdauer der Elektroden f\u00fcr CU Medical I-PAD SP1<\/h3>\t\t\t\t<\/div>\n\t\t\t\t<div class=\"elementor-element elementor-element-845bc69 elementor-widget elementor-widget-text-editor\" data-id=\"845bc69\" data-element_type=\"widget\" data-e-type=\"widget\" data-widget_type=\"text-editor.default\">\n\t\t\t\t\t\t\t\t\t<p>Die i-PAD SP1 Elektroden haben eine Haltbarkeit <strong>von 24 &#8211; 28 Monaten.<\/strong> Das Verfallsdatum finden Sie auf dem Aufkleber auf der R\u00fcckseite der Verpackung.<\/p><p>Die Elektroden haben aufgrund des leitf\u00e4higen Gels, das sie enthalten, ein Haltbarkeitsdatum. Dieses Gel kann mit der Zeit austrocknen. Sobald die Elektroden abgelaufen sind, k\u00f6nnen sie nicht mehr verwendet werden. Deshalb ist es wichtig, immer einen neuen Satz Elektroden, dessen Verfallsdatum noch nicht \u00fcberschritten ist, zur Hand zu haben.<\/p>\t\t\t\t\t\t\t\t<\/div>\n\t\t\t\t<div class=\"elementor-element elementor-element-3fcdb97 elementor-widget elementor-widget-heading\" data-id=\"3fcdb97\" data-element_type=\"widget\" data-e-type=\"widget\" data-widget_type=\"heading.default\">\n\t\t\t\t\t<h3 class=\"elementor-heading-title elementor-size-default\">Positionierung der Elektroden bei einem Kind<\/h3>\t\t\t\t<\/div>\n\t\t\t\t<div class=\"elementor-element elementor-element-35c9ed3 elementor-widget elementor-widget-text-editor\" data-id=\"35c9ed3\" data-element_type=\"widget\" data-e-type=\"widget\" data-widget_type=\"text-editor.default\">\n\t\t\t\t\t\t\t\t\t<p>Die <strong>Platzierung der Elektroden bei einem Kind unterscheidet sich von der bei einem Erwachsenen<\/strong>. Platzieren Sie eine Elektrode auf dem Brustkorb und die andere zwischen den Schulterbl\u00e4ttern. Auch wenn Erwachsenen-Elektroden mit der Reanimation von Kindern kompatibel sind, sollten Sie Kinder-Elektroden verwenden, die besser an den K\u00f6rperbau der J\u00fcngsten angepasst sind.<\/p>\t\t\t\t\t\t\t\t<\/div>\n\t\t\t\t<div class=\"elementor-element elementor-element-bdb98e0 elementor-widget elementor-widget-heading\" data-id=\"bdb98e0\" data-element_type=\"widget\" data-e-type=\"widget\" data-widget_type=\"heading.default\">\n\t\t\t\t\t<h3 class=\"elementor-heading-title elementor-size-default\">Positionierung der Elektroden bei einem Erwachsenen<\/h3>\t\t\t\t<\/div>\n\t\t\t\t<div class=\"elementor-element elementor-element-b752072 elementor-widget elementor-widget-image\" data-id=\"b752072\" data-element_type=\"widget\" data-e-type=\"widget\" data-widget_type=\"image.default\">\n\t\t\t\t\t\t\t\t\t\t\t\t\t\t\t<img decoding=\"async\" width=\"284\" height=\"142\" src=\"https:\/\/swixed.ch\/wp-content\/uploads\/other\/defibrillator-installation-scheme.png\" class=\"attachment-large size-large wp-image-30883\" alt=\"defibrillator installation scheme\" srcset=\"https:\/\/swixed.ch\/wp-content\/uploads\/other\/defibrillator-installation-scheme.png 284w, https:\/\/swixed.ch\/wp-content\/uploads\/other\/defibrillator-installation-scheme-64x32.png 64w\" sizes=\"(max-width: 284px) 100vw, 284px\" \/>\t\t\t\t\t\t\t\t\t\t\t\t\t\t\t<\/div>\n\t\t\t\t<div class=\"elementor-element elementor-element-48d62c2 elementor-widget elementor-widget-heading\" data-id=\"48d62c2\" data-element_type=\"widget\" data-e-type=\"widget\" data-widget_type=\"heading.default\">\n\t\t\t\t\t<h3 class=\"elementor-heading-title elementor-size-default\">Kompatibel mit Defibrillatoren<\/h3>\t\t\t\t<\/div>\n\t\t\t\t<div class=\"elementor-element elementor-element-1fb0716 elementor-widget elementor-widget-text-editor\" data-id=\"1fb0716\" data-element_type=\"widget\" data-e-type=\"widget\" data-widget_type=\"text-editor.default\">\n\t\t\t\t\t\t\t\t\t<ul><li>CU Medical i-PAD SP1<\/li><li>CU Medical i-PAD SP1 Plus<\/li><li>CU Medical i-PAD SP1 AUTO<\/li><li>CU Medical i-PAD SP2<\/li><li>Colson DEF-NSI<\/li><\/ul>\t\t\t\t\t\t\t\t<\/div>\n\t\t\t\t\t<\/div>\n\t\t<\/div>\n\t\t\t\t\t<\/div>\n\t\t<\/section>\n\t\t\t\t<\/div>\n\t\t","protected":false},"excerpt":{"rendered":"<p>Ersatz-Elektroden kompatibel mit den Defibrillatoren CU Medical I-PAD SP1, SP1 Plus, SP1 AUTO, SP2 und Colson DEF-NSI. In einer stabilen Kassette verpackt, vorkonnektiert, f\u00fcr den einmaligen Gebrauch bestimmt und CE-zertifiziert gem\u00e4\u00df den Herstellerspezifikationen. <\/p>\n","protected":false},"featured_media":29459,"template":"","meta":{"_acf_changed":false},"product_brand":[2076],"product_cat":[1422,1490],"product_tag":[1505,1425,1541,1427,1424],"class_list":{"0":"post-35225","1":"product","2":"type-product","3":"status-publish","4":"has-post-thumbnail","6":"product_brand-cu-medical-systems-de","7":"product_cat-defibrillatoren","8":"product_cat-verbrauchsmaterial-defibrillatoren","9":"product_tag-aed-de","10":"product_tag-defibrillation-de","11":"product_tag-elctrodes-de","12":"product_tag-rcp-de","13":"product_tag-reanimation-de","15":"first","16":"instock","17":"taxable","18":"shipping-taxable","19":"purchasable","20":"product-type-simple"},"acf":[],"yoast_head":"<!-- This site is optimized with the Yoast SEO Premium plugin v27.4 (Yoast SEO v27.4) - https:\/\/yoast.com\/product\/yoast-seo-premium-wordpress\/ -->\n<title>Elektroden f\u00fcr Erwachsene f\u00fcr den Defibrillator CU Medical I-PAD SP1 | Swixed SA<\/title>\n<meta name=\"description\" content=\"Batterie f\u00fcr Schiller Fred easy und Schiller Fred easy Life Defibrillatoren. Nicht wiederaufladbare Batterie, Lebensdauer ca. 5 Jahre.\" \/>\n<meta name=\"robots\" content=\"index, follow, max-snippet:-1, max-image-preview:large, max-video-preview:-1\" \/>\n<link rel=\"canonical\" href=\"https:\/\/swixed.ch\/de\/produkt\/sed34015\/\" \/>\n<meta property=\"og:locale\" content=\"de_DE\" \/>\n<meta property=\"og:type\" content=\"article\" \/>\n<meta property=\"og:title\" content=\"Elektroden f\u00fcr Erwachsene f\u00fcr den Defibrillator CU Medical I-PAD SP1\" \/>\n<meta property=\"og:description\" content=\"Batterie f\u00fcr Schiller Fred easy und Schiller Fred easy Life Defibrillatoren. Nicht wiederaufladbare Batterie, Lebensdauer ca. 5 Jahre.\" \/>\n<meta property=\"og:url\" content=\"https:\/\/swixed.ch\/de\/produkt\/sed34015\/\" \/>\n<meta property=\"og:site_name\" content=\"Swixed SA\" \/>\n<meta property=\"article:publisher\" content=\"https:\/\/www.facebook.com\/swixed\" \/>\n<meta property=\"article:modified_time\" content=\"2026-04-20T08:07:18+00:00\" \/>\n<meta property=\"og:image\" content=\"https:\/\/swixed.ch\/wp-content\/uploads\/products\/cu-system-ipad-cu-sp1-electrodes-adultes-02.png\" \/>\n\t<meta property=\"og:image:width\" content=\"600\" \/>\n\t<meta property=\"og:image:height\" content=\"600\" \/>\n\t<meta property=\"og:image:type\" content=\"image\/png\" \/>\n<meta name=\"twitter:card\" content=\"summary_large_image\" \/>\n<meta name=\"twitter:label1\" content=\"Gesch\u00e4tzte Lesezeit\" \/>\n\t<meta name=\"twitter:data1\" content=\"1\u00a0Minute\" \/>\n<script type=\"application\/ld+json\" class=\"yoast-schema-graph\">{\"@context\":\"https:\\\/\\\/schema.org\",\"@graph\":[{\"@type\":\"WebPage\",\"@id\":\"https:\\\/\\\/swixed.ch\\\/de\\\/produkt\\\/sed34015\\\/\",\"url\":\"https:\\\/\\\/swixed.ch\\\/de\\\/produkt\\\/sed34015\\\/\",\"name\":\"Elektroden f\u00fcr Erwachsene f\u00fcr den Defibrillator CU Medical I-PAD SP1 | Swixed SA\",\"isPartOf\":{\"@id\":\"https:\\\/\\\/swixed.ch\\\/de\\\/#website\"},\"primaryImageOfPage\":{\"@id\":\"https:\\\/\\\/swixed.ch\\\/de\\\/produkt\\\/sed34015\\\/#primaryimage\"},\"image\":{\"@id\":\"https:\\\/\\\/swixed.ch\\\/de\\\/produkt\\\/sed34015\\\/#primaryimage\"},\"thumbnailUrl\":\"https:\\\/\\\/swixed.ch\\\/wp-content\\\/uploads\\\/products\\\/cu-system-ipad-cu-sp1-electrodes-adultes-02.png\",\"datePublished\":\"2022-07-07T11:14:40+00:00\",\"dateModified\":\"2026-04-20T08:07:18+00:00\",\"description\":\"Batterie f\u00fcr Schiller Fred easy und Schiller Fred easy Life Defibrillatoren. Nicht wiederaufladbare Batterie, Lebensdauer ca. 5 Jahre.\",\"breadcrumb\":{\"@id\":\"https:\\\/\\\/swixed.ch\\\/de\\\/produkt\\\/sed34015\\\/#breadcrumb\"},\"inLanguage\":\"de\",\"potentialAction\":[{\"@type\":\"ReadAction\",\"target\":[\"https:\\\/\\\/swixed.ch\\\/de\\\/produkt\\\/sed34015\\\/\"]}]},{\"@type\":\"ImageObject\",\"inLanguage\":\"de\",\"@id\":\"https:\\\/\\\/swixed.ch\\\/de\\\/produkt\\\/sed34015\\\/#primaryimage\",\"url\":\"https:\\\/\\\/swixed.ch\\\/wp-content\\\/uploads\\\/products\\\/cu-system-ipad-cu-sp1-electrodes-adultes-02.png\",\"contentUrl\":\"https:\\\/\\\/swixed.ch\\\/wp-content\\\/uploads\\\/products\\\/cu-system-ipad-cu-sp1-electrodes-adultes-02.png\",\"width\":600,\"height\":600,\"caption\":\"Erwachsenen-Elektroden f\u00fcr den Defibrillator CU Medical I-PAD SP1\"},{\"@type\":\"BreadcrumbList\",\"@id\":\"https:\\\/\\\/swixed.ch\\\/de\\\/produkt\\\/sed34015\\\/#breadcrumb\",\"itemListElement\":[{\"@type\":\"ListItem\",\"position\":1,\"name\":\"Startseite\",\"item\":\"https:\\\/\\\/swixed.ch\\\/de\\\/home\\\/\"},{\"@type\":\"ListItem\",\"position\":2,\"name\":\"Shop\",\"item\":\"https:\\\/\\\/swixed.ch\\\/de\\\/shop\\\/\"},{\"@type\":\"ListItem\",\"position\":3,\"name\":\"Elektroden f\u00fcr Erwachsene f\u00fcr den Defibrillator CU Medical I-PAD SP1\"}]},{\"@type\":\"WebSite\",\"@id\":\"https:\\\/\\\/swixed.ch\\\/de\\\/#website\",\"url\":\"https:\\\/\\\/swixed.ch\\\/de\\\/\",\"name\":\"Swixed SA\",\"description\":\"Elektronische Ger\u00e4te\",\"publisher\":{\"@id\":\"https:\\\/\\\/swixed.ch\\\/de\\\/#organization\"},\"potentialAction\":[{\"@type\":\"SearchAction\",\"target\":{\"@type\":\"EntryPoint\",\"urlTemplate\":\"https:\\\/\\\/swixed.ch\\\/de\\\/?s={search_term_string}\"},\"query-input\":{\"@type\":\"PropertyValueSpecification\",\"valueRequired\":true,\"valueName\":\"search_term_string\"}}],\"inLanguage\":\"de\"},{\"@type\":\"Organization\",\"@id\":\"https:\\\/\\\/swixed.ch\\\/de\\\/#organization\",\"name\":\"Swixed SA\",\"url\":\"https:\\\/\\\/swixed.ch\\\/de\\\/\",\"logo\":{\"@type\":\"ImageObject\",\"inLanguage\":\"de\",\"@id\":\"https:\\\/\\\/swixed.ch\\\/de\\\/#\\\/schema\\\/logo\\\/image\\\/\",\"url\":\"https:\\\/\\\/swixed.ch\\\/wp-content\\\/uploads\\\/logos\\\/swixed-logo-lite.png\",\"contentUrl\":\"https:\\\/\\\/swixed.ch\\\/wp-content\\\/uploads\\\/logos\\\/swixed-logo-lite.png\",\"width\":696,\"height\":696,\"caption\":\"Swixed SA\"},\"image\":{\"@id\":\"https:\\\/\\\/swixed.ch\\\/de\\\/#\\\/schema\\\/logo\\\/image\\\/\"},\"sameAs\":[\"https:\\\/\\\/www.facebook.com\\\/swixed\",\"https:\\\/\\\/www.linkedin.com\\\/company\\\/swixed\",\"https:\\\/\\\/www.youtube.com\\\/@swixedsa\"],\"description\":\"Swixed SA est une entreprise suisse bas\u00e9e \u00e0 Gen\u00e8ve, sp\u00e9cialis\u00e9e dans la vente, la location et la maintenance d\u2019appareils m\u00e9dicaux professionnels, tels que d\u00e9fibrillateurs AED, \u00e9lectrocardiographes, moniteurs patient et dispositifs de diagnostic.\",\"email\":\"infoshop@swixed.ch\",\"telephone\":\"+41 22 566 11 95\",\"legalName\":\"Swixed SA\",\"foundingDate\":\"2021-03-01\",\"numberOfEmployees\":{\"@type\":\"QuantitativeValue\",\"minValue\":\"1\",\"maxValue\":\"10\"}}]}<\/script>\n<!-- \/ Yoast SEO Premium plugin. -->","yoast_head_json":{"title":"Elektroden f\u00fcr Erwachsene f\u00fcr den Defibrillator CU Medical I-PAD SP1 | Swixed SA","description":"Batterie f\u00fcr Schiller Fred easy und Schiller Fred easy Life Defibrillatoren. Nicht wiederaufladbare Batterie, Lebensdauer ca. 5 Jahre.","robots":{"index":"index","follow":"follow","max-snippet":"max-snippet:-1","max-image-preview":"max-image-preview:large","max-video-preview":"max-video-preview:-1"},"canonical":"https:\/\/swixed.ch\/de\/produkt\/sed34015\/","og_locale":"de_DE","og_type":"article","og_title":"Elektroden f\u00fcr Erwachsene f\u00fcr den Defibrillator CU Medical I-PAD SP1","og_description":"Batterie f\u00fcr Schiller Fred easy und Schiller Fred easy Life Defibrillatoren. Nicht wiederaufladbare Batterie, Lebensdauer ca. 5 Jahre.","og_url":"https:\/\/swixed.ch\/de\/produkt\/sed34015\/","og_site_name":"Swixed SA","article_publisher":"https:\/\/www.facebook.com\/swixed","article_modified_time":"2026-04-20T08:07:18+00:00","og_image":[{"width":600,"height":600,"url":"https:\/\/swixed.ch\/wp-content\/uploads\/products\/cu-system-ipad-cu-sp1-electrodes-adultes-02.png","type":"image\/png"}],"twitter_card":"summary_large_image","twitter_misc":{"Gesch\u00e4tzte Lesezeit":"1\u00a0Minute"},"schema":{"@context":"https:\/\/schema.org","@graph":[{"@type":"WebPage","@id":"https:\/\/swixed.ch\/de\/produkt\/sed34015\/","url":"https:\/\/swixed.ch\/de\/produkt\/sed34015\/","name":"Elektroden f\u00fcr Erwachsene f\u00fcr den Defibrillator CU Medical I-PAD SP1 | Swixed SA","isPartOf":{"@id":"https:\/\/swixed.ch\/de\/#website"},"primaryImageOfPage":{"@id":"https:\/\/swixed.ch\/de\/produkt\/sed34015\/#primaryimage"},"image":{"@id":"https:\/\/swixed.ch\/de\/produkt\/sed34015\/#primaryimage"},"thumbnailUrl":"https:\/\/swixed.ch\/wp-content\/uploads\/products\/cu-system-ipad-cu-sp1-electrodes-adultes-02.png","datePublished":"2022-07-07T11:14:40+00:00","dateModified":"2026-04-20T08:07:18+00:00","description":"Batterie f\u00fcr Schiller Fred easy und Schiller Fred easy Life Defibrillatoren. Nicht wiederaufladbare Batterie, Lebensdauer ca. 5 Jahre.","breadcrumb":{"@id":"https:\/\/swixed.ch\/de\/produkt\/sed34015\/#breadcrumb"},"inLanguage":"de","potentialAction":[{"@type":"ReadAction","target":["https:\/\/swixed.ch\/de\/produkt\/sed34015\/"]}]},{"@type":"ImageObject","inLanguage":"de","@id":"https:\/\/swixed.ch\/de\/produkt\/sed34015\/#primaryimage","url":"https:\/\/swixed.ch\/wp-content\/uploads\/products\/cu-system-ipad-cu-sp1-electrodes-adultes-02.png","contentUrl":"https:\/\/swixed.ch\/wp-content\/uploads\/products\/cu-system-ipad-cu-sp1-electrodes-adultes-02.png","width":600,"height":600,"caption":"Erwachsenen-Elektroden f\u00fcr den Defibrillator CU Medical I-PAD SP1"},{"@type":"BreadcrumbList","@id":"https:\/\/swixed.ch\/de\/produkt\/sed34015\/#breadcrumb","itemListElement":[{"@type":"ListItem","position":1,"name":"Startseite","item":"https:\/\/swixed.ch\/de\/home\/"},{"@type":"ListItem","position":2,"name":"Shop","item":"https:\/\/swixed.ch\/de\/shop\/"},{"@type":"ListItem","position":3,"name":"Elektroden f\u00fcr Erwachsene f\u00fcr den Defibrillator CU Medical I-PAD SP1"}]},{"@type":"WebSite","@id":"https:\/\/swixed.ch\/de\/#website","url":"https:\/\/swixed.ch\/de\/","name":"Swixed SA","description":"Elektronische Ger\u00e4te","publisher":{"@id":"https:\/\/swixed.ch\/de\/#organization"},"potentialAction":[{"@type":"SearchAction","target":{"@type":"EntryPoint","urlTemplate":"https:\/\/swixed.ch\/de\/?s={search_term_string}"},"query-input":{"@type":"PropertyValueSpecification","valueRequired":true,"valueName":"search_term_string"}}],"inLanguage":"de"},{"@type":"Organization","@id":"https:\/\/swixed.ch\/de\/#organization","name":"Swixed SA","url":"https:\/\/swixed.ch\/de\/","logo":{"@type":"ImageObject","inLanguage":"de","@id":"https:\/\/swixed.ch\/de\/#\/schema\/logo\/image\/","url":"https:\/\/swixed.ch\/wp-content\/uploads\/logos\/swixed-logo-lite.png","contentUrl":"https:\/\/swixed.ch\/wp-content\/uploads\/logos\/swixed-logo-lite.png","width":696,"height":696,"caption":"Swixed SA"},"image":{"@id":"https:\/\/swixed.ch\/de\/#\/schema\/logo\/image\/"},"sameAs":["https:\/\/www.facebook.com\/swixed","https:\/\/www.linkedin.com\/company\/swixed","https:\/\/www.youtube.com\/@swixedsa"],"description":"Swixed SA est une entreprise suisse bas\u00e9e \u00e0 Gen\u00e8ve, sp\u00e9cialis\u00e9e dans la vente, la location et la maintenance d\u2019appareils m\u00e9dicaux professionnels, tels que d\u00e9fibrillateurs AED, \u00e9lectrocardiographes, moniteurs patient et dispositifs de diagnostic.","email":"infoshop@swixed.ch","telephone":"+41 22 566 11 95","legalName":"Swixed SA","foundingDate":"2021-03-01","numberOfEmployees":{"@type":"QuantitativeValue","minValue":"1","maxValue":"10"}}]}},"_links":{"self":[{"href":"https:\/\/swixed.ch\/de\/wp-json\/wp\/v2\/product\/35225","targetHints":{"allow":["GET"]}}],"collection":[{"href":"https:\/\/swixed.ch\/de\/wp-json\/wp\/v2\/product"}],"about":[{"href":"https:\/\/swixed.ch\/de\/wp-json\/wp\/v2\/types\/product"}],"version-history":[{"count":1,"href":"https:\/\/swixed.ch\/de\/wp-json\/wp\/v2\/product\/35225\/revisions"}],"predecessor-version":[{"id":62953,"href":"https:\/\/swixed.ch\/de\/wp-json\/wp\/v2\/product\/35225\/revisions\/62953"}],"wp:featuredmedia":[{"embeddable":true,"href":"https:\/\/swixed.ch\/de\/wp-json\/wp\/v2\/media\/29459"}],"wp:attachment":[{"href":"https:\/\/swixed.ch\/de\/wp-json\/wp\/v2\/media?parent=35225"}],"wp:term":[{"taxonomy":"product_brand","embeddable":true,"href":"https:\/\/swixed.ch\/de\/wp-json\/wp\/v2\/product_brand?post=35225"},{"taxonomy":"product_cat","embeddable":true,"href":"https:\/\/swixed.ch\/de\/wp-json\/wp\/v2\/product_cat?post=35225"},{"taxonomy":"product_tag","embeddable":true,"href":"https:\/\/swixed.ch\/de\/wp-json\/wp\/v2\/product_tag?post=35225"}],"curies":[{"name":"wp","href":"https:\/\/api.w.org\/{rel}","templated":true}]}}