{"id":35299,"date":"2022-01-17T10:33:46","date_gmt":"2022-01-17T09:33:46","guid":{"rendered":"https:\/\/swixed.com\/produit\/luxamed-luxascope-flachkopf-stethoskop\/"},"modified":"2026-04-21T06:46:59","modified_gmt":"2026-04-21T05:46:59","slug":"sed67005","status":"publish","type":"product","link":"https:\/\/swixed.ch\/de\/produkt\/sed67005\/","title":{"rendered":"Luxamed Luxascope Stethoskop mit flachem Brustst\u00fcck"},"content":{"rendered":"\t\t<div data-elementor-type=\"product-post\" data-elementor-id=\"35299\" class=\"elementor elementor-35299 elementor-11387\" data-elementor-post-type=\"product\">\n\t\t\t\t\t\t<section class=\"elementor-section elementor-top-section elementor-element elementor-element-834d306 elementor-section-boxed elementor-section-height-default elementor-section-height-default\" data-id=\"834d306\" data-element_type=\"section\" data-e-type=\"section\">\n\t\t\t\t\t\t<div class=\"elementor-container elementor-column-gap-default\">\n\t\t\t\t\t<div class=\"elementor-column elementor-col-100 elementor-top-column elementor-element elementor-element-085465e\" data-id=\"085465e\" data-element_type=\"column\" data-e-type=\"column\">\n\t\t\t<div class=\"elementor-widget-wrap elementor-element-populated\">\n\t\t\t\t\t\t<div class=\"elementor-element elementor-element-0684e71 elementor-widget elementor-widget-heading\" data-id=\"0684e71\" data-element_type=\"widget\" data-e-type=\"widget\" data-widget_type=\"heading.default\">\n\t\t\t\t\t<h2 class=\"elementor-heading-title elementor-size-default\">Beschreibung<\/h2>\t\t\t\t<\/div>\n\t\t\t\t\t<\/div>\n\t\t<\/div>\n\t\t\t\t\t<\/div>\n\t\t<\/section>\n\t\t\t\t<section class=\"elementor-section elementor-top-section elementor-element elementor-element-c0f3979 elementor-section-boxed elementor-section-height-default elementor-section-height-default\" data-id=\"c0f3979\" data-element_type=\"section\" data-e-type=\"section\">\n\t\t\t\t\t\t<div class=\"elementor-container elementor-column-gap-default\">\n\t\t\t\t\t<div class=\"elementor-column elementor-col-100 elementor-top-column elementor-element elementor-element-6e68e75\" data-id=\"6e68e75\" data-element_type=\"column\" data-e-type=\"column\">\n\t\t\t<div class=\"elementor-widget-wrap elementor-element-populated\">\n\t\t\t\t\t\t<div class=\"elementor-element elementor-element-3376bb3 elementor-widget elementor-widget-text-editor\" data-id=\"3376bb3\" data-element_type=\"widget\" data-e-type=\"widget\" data-widget_type=\"text-editor.default\">\n\t\t\t\t\t\t\t\t\t<p>Das Luxamed Luxascope Flathead-Stethoskop wurde f\u00fcr eine sichere Anwendung entwickelt, insbesondere f\u00fcr Allergiker. Der einzigartige Schlauch ist phthalat- und latexfrei und bietet somit einen optimalen Schutz vor allergischen Reaktionen. <\/p>\n<p>Die Membran des Luxascope ist leicht austauschbar und erm\u00f6glicht die Verwendung von Einwegmembranen, die in Packungen zu 250 St\u00fcck verkauft werden. Diese Funktion reduziert das Risiko einer Keim\u00fcbertragung erheblich, wodurch das Stethoskop besonders f\u00fcr hochinfekti\u00f6se Patienten geeignet ist und keine intensive Desinfektion nach jedem Gebrauch erforderlich ist. <\/p>\n<p>Dieses in Deutschland hergestellte Stethoskop ist dank seiner B\u00fcgel und seines Schalltrichters aus Aluminium sehr leicht. Sein ergonomisches Design und die einfache Pflege machen es zu einer praktischen Wahl f\u00fcr medizinisches Fachpersonal. Das Luxascope ist nur in schwarz erh\u00e4ltlich und vereint Funktionalit\u00e4t und \u00c4sthetik.  <\/p>\n\t\t\t\t\t\t\t\t<\/div>\n\t\t\t\t<div class=\"elementor-element elementor-element-087299c elementor-widget elementor-widget-heading\" data-id=\"087299c\" data-element_type=\"widget\" data-e-type=\"widget\" data-widget_type=\"heading.default\">\n\t\t\t\t\t<h2 class=\"elementor-heading-title elementor-size-default\">Inhalt<\/h2>\t\t\t\t<\/div>\n\t\t\t\t<div class=\"elementor-element elementor-element-2c52eab elementor-widget elementor-widget-text-editor\" data-id=\"2c52eab\" data-element_type=\"widget\" data-e-type=\"widget\" data-widget_type=\"text-editor.default\">\n\t\t\t\t\t\t\t\t\t<ul>\n<li>1 Luxamed Luxascope Flachkopf-Stethoskop<\/li>\n<li>1 Gebrauchsanweisung<\/li>\n<\/ul>\n<p><em><strong>Hinweis: <\/strong>Dieses Stethoskop ist ein medizinisches Ger\u00e4t, das f\u00fcr den professionellen Gebrauch bestimmt ist. Stellen Sie sicher, dass Sie die Gebrauchsempfehlungen befolgen, um die Sicherheit der Patienten zu gew\u00e4hrleisten. <\/em><\/p>\n\t\t\t\t\t\t\t\t<\/div>\n\t\t\t\t\t<\/div>\n\t\t<\/div>\n\t\t\t\t\t<\/div>\n\t\t<\/section>\n\t\t\t\t<\/div>\n\t\t","protected":false},"excerpt":{"rendered":"<p>Das Luxamed Luxascope Flachkopf-Stethoskop ist phthalat- und latexfrei und ideal f\u00fcr Allergiepatienten. Die austauschbare Einwegmembran sorgt f\u00fcr einen sicheren Gebrauch. <\/p>\n","protected":false},"featured_media":28867,"template":"","meta":{"_acf_changed":false},"product_brand":[2163],"product_cat":[1053],"product_tag":[5534,5535,5533,4610,5532,5530,5531,3769,4647,5536,5538,5537,5539,5529,5528],"class_list":{"0":"post-35299","1":"product","2":"type-product","3":"status-publish","4":"has-post-thumbnail","6":"product_brand-luxamed-de","7":"product_cat-stethoskope","8":"product_tag-austauschbare-membran","9":"product_tag-einwegmembranen","10":"product_tag-hypoallergenes-stethoskop","11":"product_tag-latexfreies-stethoskop","12":"product_tag-leichtes-stethoskop","13":"product_tag-luxamed-de","14":"product_tag-luxascope-de","15":"product_tag-medizinische-ausrustung","16":"product_tag-professionelles-stethoskop","17":"product_tag-qualitats-stethoskop","18":"product_tag-stethoskop-aus-aluminium","19":"product_tag-stethoskop-fur-arzte-de","20":"product_tag-stethoskop-in-deutschland-hergestellt","21":"product_tag-stethoskop-mit-flachem-kopf","22":"product_tag-tethoskop","24":"first","25":"instock","26":"sale","27":"taxable","28":"shipping-taxable","29":"purchasable","30":"product-type-simple"},"acf":[],"yoast_head":"<!-- This site is optimized with the Yoast SEO Premium plugin v27.4 (Yoast SEO v27.4) - https:\/\/yoast.com\/product\/yoast-seo-premium-wordpress\/ -->\n<title>Luxamed Luxascope Stethoskop mit flachem Brustst\u00fcck | Swixed SA<\/title>\n<meta name=\"description\" content=\"Luxamed Luxascope Stethoskop, leicht und hypoallergen, mit austauschbaren und wegwerfbaren Membranen. Ideal f\u00fcr den sicheren und effizienten medizinischen Gebrauch.\" \/>\n<meta name=\"robots\" content=\"index, follow, max-snippet:-1, max-image-preview:large, max-video-preview:-1\" \/>\n<link rel=\"canonical\" href=\"https:\/\/swixed.ch\/de\/produkt\/sed67005\/\" \/>\n<meta property=\"og:locale\" content=\"de_DE\" \/>\n<meta property=\"og:type\" content=\"article\" \/>\n<meta property=\"og:title\" content=\"Luxamed Luxascope Stethoskop mit flachem Brustst\u00fcck\" \/>\n<meta property=\"og:description\" content=\"Luxamed Luxascope Stethoskop, leicht und hypoallergen, mit austauschbaren und wegwerfbaren Membranen. Ideal f\u00fcr den sicheren und effizienten medizinischen Gebrauch.\" \/>\n<meta property=\"og:url\" content=\"https:\/\/swixed.ch\/de\/produkt\/sed67005\/\" \/>\n<meta property=\"og:site_name\" content=\"Swixed SA\" \/>\n<meta property=\"article:publisher\" content=\"https:\/\/www.facebook.com\/swixed\" \/>\n<meta property=\"article:modified_time\" content=\"2026-04-21T05:46:59+00:00\" \/>\n<meta property=\"og:image\" content=\"https:\/\/swixed.ch\/wp-content\/uploads\/products\/luxamed-luxascope-01-1.png\" \/>\n\t<meta property=\"og:image:width\" content=\"600\" \/>\n\t<meta property=\"og:image:height\" content=\"600\" \/>\n\t<meta property=\"og:image:type\" content=\"image\/png\" \/>\n<meta name=\"twitter:card\" content=\"summary_large_image\" \/>\n<meta name=\"twitter:label1\" content=\"Gesch\u00e4tzte Lesezeit\" \/>\n\t<meta name=\"twitter:data1\" content=\"1\u00a0Minute\" \/>\n<script type=\"application\/ld+json\" class=\"yoast-schema-graph\">{\"@context\":\"https:\\\/\\\/schema.org\",\"@graph\":[{\"@type\":\"WebPage\",\"@id\":\"https:\\\/\\\/swixed.ch\\\/de\\\/produkt\\\/sed67005\\\/\",\"url\":\"https:\\\/\\\/swixed.ch\\\/de\\\/produkt\\\/sed67005\\\/\",\"name\":\"Luxamed Luxascope Stethoskop mit flachem Brustst\u00fcck | Swixed SA\",\"isPartOf\":{\"@id\":\"https:\\\/\\\/swixed.ch\\\/de\\\/#website\"},\"primaryImageOfPage\":{\"@id\":\"https:\\\/\\\/swixed.ch\\\/de\\\/produkt\\\/sed67005\\\/#primaryimage\"},\"image\":{\"@id\":\"https:\\\/\\\/swixed.ch\\\/de\\\/produkt\\\/sed67005\\\/#primaryimage\"},\"thumbnailUrl\":\"https:\\\/\\\/swixed.ch\\\/wp-content\\\/uploads\\\/products\\\/luxamed-luxascope-01-1.png\",\"datePublished\":\"2022-01-17T09:33:46+00:00\",\"dateModified\":\"2026-04-21T05:46:59+00:00\",\"description\":\"Luxamed Luxascope Stethoskop, leicht und hypoallergen, mit austauschbaren und wegwerfbaren Membranen. Ideal f\u00fcr den sicheren und effizienten medizinischen Gebrauch.\",\"breadcrumb\":{\"@id\":\"https:\\\/\\\/swixed.ch\\\/de\\\/produkt\\\/sed67005\\\/#breadcrumb\"},\"inLanguage\":\"de\",\"potentialAction\":[{\"@type\":\"ReadAction\",\"target\":[\"https:\\\/\\\/swixed.ch\\\/de\\\/produkt\\\/sed67005\\\/\"]}]},{\"@type\":\"ImageObject\",\"inLanguage\":\"de\",\"@id\":\"https:\\\/\\\/swixed.ch\\\/de\\\/produkt\\\/sed67005\\\/#primaryimage\",\"url\":\"https:\\\/\\\/swixed.ch\\\/wp-content\\\/uploads\\\/products\\\/luxamed-luxascope-01-1.png\",\"contentUrl\":\"https:\\\/\\\/swixed.ch\\\/wp-content\\\/uploads\\\/products\\\/luxamed-luxascope-01-1.png\",\"width\":600,\"height\":600,\"caption\":\"luxamed-luxascope-01-1\"},{\"@type\":\"BreadcrumbList\",\"@id\":\"https:\\\/\\\/swixed.ch\\\/de\\\/produkt\\\/sed67005\\\/#breadcrumb\",\"itemListElement\":[{\"@type\":\"ListItem\",\"position\":1,\"name\":\"Startseite\",\"item\":\"https:\\\/\\\/swixed.ch\\\/de\\\/home\\\/\"},{\"@type\":\"ListItem\",\"position\":2,\"name\":\"Shop\",\"item\":\"https:\\\/\\\/swixed.ch\\\/de\\\/shop\\\/\"},{\"@type\":\"ListItem\",\"position\":3,\"name\":\"Luxamed Luxascope Stethoskop mit flachem Brustst\u00fcck\"}]},{\"@type\":\"WebSite\",\"@id\":\"https:\\\/\\\/swixed.ch\\\/de\\\/#website\",\"url\":\"https:\\\/\\\/swixed.ch\\\/de\\\/\",\"name\":\"Swixed SA\",\"description\":\"Elektronische Ger\u00e4te\",\"publisher\":{\"@id\":\"https:\\\/\\\/swixed.ch\\\/de\\\/#organization\"},\"potentialAction\":[{\"@type\":\"SearchAction\",\"target\":{\"@type\":\"EntryPoint\",\"urlTemplate\":\"https:\\\/\\\/swixed.ch\\\/de\\\/?s={search_term_string}\"},\"query-input\":{\"@type\":\"PropertyValueSpecification\",\"valueRequired\":true,\"valueName\":\"search_term_string\"}}],\"inLanguage\":\"de\"},{\"@type\":\"Organization\",\"@id\":\"https:\\\/\\\/swixed.ch\\\/de\\\/#organization\",\"name\":\"Swixed SA\",\"url\":\"https:\\\/\\\/swixed.ch\\\/de\\\/\",\"logo\":{\"@type\":\"ImageObject\",\"inLanguage\":\"de\",\"@id\":\"https:\\\/\\\/swixed.ch\\\/de\\\/#\\\/schema\\\/logo\\\/image\\\/\",\"url\":\"https:\\\/\\\/swixed.ch\\\/wp-content\\\/uploads\\\/logos\\\/swixed-logo-lite.png\",\"contentUrl\":\"https:\\\/\\\/swixed.ch\\\/wp-content\\\/uploads\\\/logos\\\/swixed-logo-lite.png\",\"width\":696,\"height\":696,\"caption\":\"Swixed SA\"},\"image\":{\"@id\":\"https:\\\/\\\/swixed.ch\\\/de\\\/#\\\/schema\\\/logo\\\/image\\\/\"},\"sameAs\":[\"https:\\\/\\\/www.facebook.com\\\/swixed\",\"https:\\\/\\\/www.linkedin.com\\\/company\\\/swixed\",\"https:\\\/\\\/www.youtube.com\\\/@swixedsa\"],\"description\":\"Swixed SA est une entreprise suisse bas\u00e9e \u00e0 Gen\u00e8ve, sp\u00e9cialis\u00e9e dans la vente, la location et la maintenance d\u2019appareils m\u00e9dicaux professionnels, tels que d\u00e9fibrillateurs AED, \u00e9lectrocardiographes, moniteurs patient et dispositifs de diagnostic.\",\"email\":\"infoshop@swixed.ch\",\"telephone\":\"+41 22 566 11 95\",\"legalName\":\"Swixed SA\",\"foundingDate\":\"2021-03-01\",\"numberOfEmployees\":{\"@type\":\"QuantitativeValue\",\"minValue\":\"1\",\"maxValue\":\"10\"}}]}<\/script>\n<!-- \/ Yoast SEO Premium plugin. -->","yoast_head_json":{"title":"Luxamed Luxascope Stethoskop mit flachem Brustst\u00fcck | Swixed SA","description":"Luxamed Luxascope Stethoskop, leicht und hypoallergen, mit austauschbaren und wegwerfbaren Membranen. Ideal f\u00fcr den sicheren und effizienten medizinischen Gebrauch.","robots":{"index":"index","follow":"follow","max-snippet":"max-snippet:-1","max-image-preview":"max-image-preview:large","max-video-preview":"max-video-preview:-1"},"canonical":"https:\/\/swixed.ch\/de\/produkt\/sed67005\/","og_locale":"de_DE","og_type":"article","og_title":"Luxamed Luxascope Stethoskop mit flachem Brustst\u00fcck","og_description":"Luxamed Luxascope Stethoskop, leicht und hypoallergen, mit austauschbaren und wegwerfbaren Membranen. Ideal f\u00fcr den sicheren und effizienten medizinischen Gebrauch.","og_url":"https:\/\/swixed.ch\/de\/produkt\/sed67005\/","og_site_name":"Swixed SA","article_publisher":"https:\/\/www.facebook.com\/swixed","article_modified_time":"2026-04-21T05:46:59+00:00","og_image":[{"width":600,"height":600,"url":"https:\/\/swixed.ch\/wp-content\/uploads\/products\/luxamed-luxascope-01-1.png","type":"image\/png"}],"twitter_card":"summary_large_image","twitter_misc":{"Gesch\u00e4tzte Lesezeit":"1\u00a0Minute"},"schema":{"@context":"https:\/\/schema.org","@graph":[{"@type":"WebPage","@id":"https:\/\/swixed.ch\/de\/produkt\/sed67005\/","url":"https:\/\/swixed.ch\/de\/produkt\/sed67005\/","name":"Luxamed Luxascope Stethoskop mit flachem Brustst\u00fcck | Swixed SA","isPartOf":{"@id":"https:\/\/swixed.ch\/de\/#website"},"primaryImageOfPage":{"@id":"https:\/\/swixed.ch\/de\/produkt\/sed67005\/#primaryimage"},"image":{"@id":"https:\/\/swixed.ch\/de\/produkt\/sed67005\/#primaryimage"},"thumbnailUrl":"https:\/\/swixed.ch\/wp-content\/uploads\/products\/luxamed-luxascope-01-1.png","datePublished":"2022-01-17T09:33:46+00:00","dateModified":"2026-04-21T05:46:59+00:00","description":"Luxamed Luxascope Stethoskop, leicht und hypoallergen, mit austauschbaren und wegwerfbaren Membranen. Ideal f\u00fcr den sicheren und effizienten medizinischen Gebrauch.","breadcrumb":{"@id":"https:\/\/swixed.ch\/de\/produkt\/sed67005\/#breadcrumb"},"inLanguage":"de","potentialAction":[{"@type":"ReadAction","target":["https:\/\/swixed.ch\/de\/produkt\/sed67005\/"]}]},{"@type":"ImageObject","inLanguage":"de","@id":"https:\/\/swixed.ch\/de\/produkt\/sed67005\/#primaryimage","url":"https:\/\/swixed.ch\/wp-content\/uploads\/products\/luxamed-luxascope-01-1.png","contentUrl":"https:\/\/swixed.ch\/wp-content\/uploads\/products\/luxamed-luxascope-01-1.png","width":600,"height":600,"caption":"luxamed-luxascope-01-1"},{"@type":"BreadcrumbList","@id":"https:\/\/swixed.ch\/de\/produkt\/sed67005\/#breadcrumb","itemListElement":[{"@type":"ListItem","position":1,"name":"Startseite","item":"https:\/\/swixed.ch\/de\/home\/"},{"@type":"ListItem","position":2,"name":"Shop","item":"https:\/\/swixed.ch\/de\/shop\/"},{"@type":"ListItem","position":3,"name":"Luxamed Luxascope Stethoskop mit flachem Brustst\u00fcck"}]},{"@type":"WebSite","@id":"https:\/\/swixed.ch\/de\/#website","url":"https:\/\/swixed.ch\/de\/","name":"Swixed SA","description":"Elektronische Ger\u00e4te","publisher":{"@id":"https:\/\/swixed.ch\/de\/#organization"},"potentialAction":[{"@type":"SearchAction","target":{"@type":"EntryPoint","urlTemplate":"https:\/\/swixed.ch\/de\/?s={search_term_string}"},"query-input":{"@type":"PropertyValueSpecification","valueRequired":true,"valueName":"search_term_string"}}],"inLanguage":"de"},{"@type":"Organization","@id":"https:\/\/swixed.ch\/de\/#organization","name":"Swixed SA","url":"https:\/\/swixed.ch\/de\/","logo":{"@type":"ImageObject","inLanguage":"de","@id":"https:\/\/swixed.ch\/de\/#\/schema\/logo\/image\/","url":"https:\/\/swixed.ch\/wp-content\/uploads\/logos\/swixed-logo-lite.png","contentUrl":"https:\/\/swixed.ch\/wp-content\/uploads\/logos\/swixed-logo-lite.png","width":696,"height":696,"caption":"Swixed SA"},"image":{"@id":"https:\/\/swixed.ch\/de\/#\/schema\/logo\/image\/"},"sameAs":["https:\/\/www.facebook.com\/swixed","https:\/\/www.linkedin.com\/company\/swixed","https:\/\/www.youtube.com\/@swixedsa"],"description":"Swixed SA est une entreprise suisse bas\u00e9e \u00e0 Gen\u00e8ve, sp\u00e9cialis\u00e9e dans la vente, la location et la maintenance d\u2019appareils m\u00e9dicaux professionnels, tels que d\u00e9fibrillateurs AED, \u00e9lectrocardiographes, moniteurs patient et dispositifs de diagnostic.","email":"infoshop@swixed.ch","telephone":"+41 22 566 11 95","legalName":"Swixed SA","foundingDate":"2021-03-01","numberOfEmployees":{"@type":"QuantitativeValue","minValue":"1","maxValue":"10"}}]}},"_links":{"self":[{"href":"https:\/\/swixed.ch\/de\/wp-json\/wp\/v2\/product\/35299","targetHints":{"allow":["GET"]}}],"collection":[{"href":"https:\/\/swixed.ch\/de\/wp-json\/wp\/v2\/product"}],"about":[{"href":"https:\/\/swixed.ch\/de\/wp-json\/wp\/v2\/types\/product"}],"version-history":[{"count":1,"href":"https:\/\/swixed.ch\/de\/wp-json\/wp\/v2\/product\/35299\/revisions"}],"predecessor-version":[{"id":63075,"href":"https:\/\/swixed.ch\/de\/wp-json\/wp\/v2\/product\/35299\/revisions\/63075"}],"wp:featuredmedia":[{"embeddable":true,"href":"https:\/\/swixed.ch\/de\/wp-json\/wp\/v2\/media\/28867"}],"wp:attachment":[{"href":"https:\/\/swixed.ch\/de\/wp-json\/wp\/v2\/media?parent=35299"}],"wp:term":[{"taxonomy":"product_brand","embeddable":true,"href":"https:\/\/swixed.ch\/de\/wp-json\/wp\/v2\/product_brand?post=35299"},{"taxonomy":"product_cat","embeddable":true,"href":"https:\/\/swixed.ch\/de\/wp-json\/wp\/v2\/product_cat?post=35299"},{"taxonomy":"product_tag","embeddable":true,"href":"https:\/\/swixed.ch\/de\/wp-json\/wp\/v2\/product_tag?post=35299"}],"curies":[{"name":"wp","href":"https:\/\/api.w.org\/{rel}","templated":true}]}}