{"id":35305,"date":"2022-07-08T10:51:09","date_gmt":"2022-07-08T09:51:09","guid":{"rendered":"https:\/\/swixed.com\/produit\/langzeit-pulsoximeter-contec-cms50f-24h\/"},"modified":"2026-04-21T06:50:11","modified_gmt":"2026-04-21T05:50:11","slug":"sed70003","status":"publish","type":"product","link":"https:\/\/swixed.ch\/de\/produkt\/sed70003\/","title":{"rendered":"Contec CMS50F 24-Stunden-Handgelenk-Pulsoximeter"},"content":{"rendered":"\t\t<div data-elementor-type=\"product-post\" data-elementor-id=\"35305\" class=\"elementor elementor-35305 elementor-13065\" data-elementor-post-type=\"product\">\n\t\t\t\t<div class=\"elementor-element elementor-element-d074754 e-con-full e-flex e-con e-parent\" data-id=\"d074754\" data-element_type=\"container\" data-e-type=\"container\">\n\t\t<div class=\"elementor-element elementor-element-eefd682 e-con-full e-flex e-con e-child\" data-id=\"eefd682\" data-element_type=\"container\" data-e-type=\"container\">\n\t\t\t\t<div class=\"elementor-element elementor-element-9f8f2fb elementor-widget elementor-widget-heading\" data-id=\"9f8f2fb\" data-element_type=\"widget\" data-e-type=\"widget\" data-widget_type=\"heading.default\">\n\t\t\t\t\t<h2 class=\"elementor-heading-title elementor-size-default\">Hauptmerkmale<\/h2>\t\t\t\t<\/div>\n\t\t\t\t<div class=\"elementor-element elementor-element-bf7153c elementor-widget elementor-widget-text-editor\" data-id=\"bf7153c\" data-element_type=\"widget\" data-e-type=\"widget\" data-widget_type=\"text-editor.default\">\n\t\t\t\t\t\t\t\t\t<p>Das Pulsoximeter Contec CMS50F enth\u00e4lt eine kontinuierliche Messl\u00f6sung, die f\u00fcr die Langzeitaufzeichnung der Sauerstoffs\u00e4ttigung konzipiert ist. So sammelt das Ger\u00e4t automatisch SpO\u2082- und Herzfrequenzdaten \u00fcber einen Zeitraum von mehr als 24 Stunden. Au\u00dferdem speichert der interne Speicher die Informationen ohne Unterbrechung, so dass sie sp\u00e4ter leicht abgerufen werden k\u00f6nnen.<br>Dar\u00fcber hinaus verbessert das leichte Handgelenksformat die Stabilit\u00e4t des Sensors bei l\u00e4ngerem Tragen, w\u00e4hrend eine einfache und strukturierte Bedienung beibehalten wird.  <\/p><p>Wichtigste technische Merkmale :<\/p><ul><li>Kontinuierliche Messung des SpO\u2082 und des Pulses<\/li><li>Interner Speicher f\u00fcr Langzeitaufnahmen<\/li><li>Kompaktes und leichtes Handgelenksformat<\/li><li>Einstellbare Alarme (akustisch und visuell)<\/li><li>Klare Anzeige der wichtigsten Parameter<\/li><\/ul>\t\t\t\t\t\t\t\t<\/div>\n\t\t\t\t<div class=\"elementor-element elementor-element-988b41c elementor-widget elementor-widget-heading\" data-id=\"988b41c\" data-element_type=\"widget\" data-e-type=\"widget\" data-widget_type=\"heading.default\">\n\t\t\t\t\t<h2 class=\"elementor-heading-title elementor-size-default\">Funktionen<\/h2>\t\t\t\t<\/div>\n\t\t\t\t<div class=\"elementor-element elementor-element-10f0371 elementor-widget elementor-widget-text-editor\" data-id=\"10f0371\" data-element_type=\"widget\" data-e-type=\"widget\" data-widget_type=\"text-editor.default\">\n\t\t\t\t\t\t\t\t\t<p>Das Pulsoximeter CMS50F bietet eine direkte Schnittstelle, \u00fcber die Sie Datum, Uhrzeit und Alarmgrenzen einstellen k\u00f6nnen. Der integrierte USB-Anschluss erm\u00f6glicht die \u00dcbertragung der Daten auf einen Computer mit Hilfe der mitgelieferten Software. Auf diese Weise kann der Benutzer die aufgezeichneten Messungen strukturiert analysieren.<br>Dar\u00fcber hinaus k\u00f6nnen mehrere Ger\u00e4te gleichzeitig an einen PC angeschlossen werden, was die Verwaltung mehrerer Aufzeichnungen in einer organisierten Umgebung vereinfacht.  <\/p><p>Daher kombiniert das Ger\u00e4t eine einfache Bedienung mit fortschrittlichen Analysefunktionen, ohne dass die gemessenen Parameter ver\u00e4ndert oder die Ergebnisse interpretiert werden m\u00fcssen.<\/p>\t\t\t\t\t\t\t\t<\/div>\n\t\t\t\t<div class=\"elementor-element elementor-element-08859cd elementor-widget elementor-widget-heading\" data-id=\"08859cd\" data-element_type=\"widget\" data-e-type=\"widget\" data-widget_type=\"heading.default\">\n\t\t\t\t\t<h2 class=\"elementor-heading-title elementor-size-default\">Nutzung und rechtliche Rahmenbedingungen in der Schweiz<\/h2>\t\t\t\t<\/div>\n\t\t\t\t<div class=\"elementor-element elementor-element-2a97334 elementor-widget elementor-widget-text-editor\" data-id=\"2a97334\" data-element_type=\"widget\" data-e-type=\"widget\" data-widget_type=\"text-editor.default\">\n\t\t\t\t\t\t\t\t\t<p>Das Contec CMS50F Pulsoximeter f\u00e4llt in die Kategorie der Medizinprodukte, die zur Messung physiologischer Parameter bestimmt sind. In der Schweiz ist dieser Ger\u00e4tetyp Teil des regulatorischen Rahmens, der durch die Gesetzgebung \u00fcber Medizinprodukte definiert wird.<br>Das Inverkehrbringen und die Anwendung folgen den geltenden Anforderungen, insbesondere denjenigen, die von Swissmedic, der zust\u00e4ndigen Beh\u00f6rde f\u00fcr Medizinprodukte, \u00fcberwacht werden.<br>Dar\u00fcber hinaus fallen die allgemeinen Grunds\u00e4tze der Gesundheits\u00fcberwachung unter das Bundesamt f\u00fcr Gesundheit, w\u00e4hrend der gesetzliche Rahmen auf der Medical Devices Ordinance basiert.<br>Schlie\u00dflich stellen diese Referenzen eine regulatorische Koh\u00e4renz sicher, ohne dass eine diagnostische oder therapeutische Indikation formuliert wird. <br>\t\t<div data-elementor-type=\"widget\" data-elementor-id=\"59088\" class=\"elementor elementor-59088 elementor-59083 elementor-59083\" data-elementor-post-type=\"elementor_library\">\n\t\t\t\t\t\t<div class=\"elementor-element elementor-element-59083 elementor-widget elementor-widget-text-editor\" data-id=\"59083\" data-element_type=\"widget\" data-e-type=\"widget\" data-widget_type=\"text-editor.default\">\n\t\t\t\t\t\t\t\t\t<p>Weitere Informationen finden Sie unter :<\/p><ul><li><a href=\"https:\/\/www.swissmedic.ch\" target=\"_blank\" rel=\"noopener\">Swissmedic<\/a><\/li><li><a href=\"https:\/\/www.bag.admin.ch\" target=\"_blank\" rel=\"noopener\">Bundesamt f\u00fcr Gesundheit (BAG)<\/a><\/li><li><a href=\"https:\/\/www.switec.info\" target=\"_blank\" rel=\"noopener\">Schweizerisches Informationszentrum f\u00fcr technische Regeln (Switec)<\/a><\/li><li><a href=\"https:\/\/www.fedlex.admin.ch\/eli\/cc\/2020\/552\/\" target=\"_blank\" rel=\"noopener\">Verordnung \u00fcber Medizinprodukte (MDDV oder MedDO)<\/a><\/li><\/ul><p><br>Unsere Medizinprodukte haben einen autorisierten Vertreter in der Schweiz (CH-REP), gem\u00e4\u00df der geltenden schweizerischen Gesetzgebung f\u00fcr Medizinprodukte.<\/p>\t\t\t\t\t\t\t\t<\/div>\n\t\t\t\t<\/div>\n\t\t<br>Klicken Sie hier, um die <a href=\"https:\/\/swixed.ch\/de\/produkt\/sed94005\/\">regelm\u00e4\u00dfige Wartung<\/a> zu buchen.<\/p>\t\t\t\t\t\t\t\t<\/div>\n\t\t\t\t<div class=\"elementor-element elementor-element-42f535c elementor-widget elementor-widget-heading\" data-id=\"42f535c\" data-element_type=\"widget\" data-e-type=\"widget\" data-widget_type=\"heading.default\">\n\t\t\t\t\t<h2 class=\"elementor-heading-title elementor-size-default\">Inhalt des Contec CMS50F<\/h2>\t\t\t\t<\/div>\n\t\t\t\t<div class=\"elementor-element elementor-element-a17a692 elementor-widget elementor-widget-text-editor\" data-id=\"a17a692\" data-element_type=\"widget\" data-e-type=\"widget\" data-widget_type=\"text-editor.default\">\n\t\t\t\t\t\t\t\t\t<p>Die Verpackung des Contec CMS50F umfasst die folgenden Komponenten, die f\u00fcr eine vollst\u00e4ndige und strukturierte Inbetriebnahme geliefert werden:<\/p><ul><li>Contec CMS50F Handgelenk-Sauerstoffmessger\u00e4t<\/li><li>USB-Kabel zum Aufladen und zur Daten\u00fcbertragung<\/li><li>USB-Netzteil<\/li><li>PC-Software (englische Sprache)<\/li><li>Benutzerhandbuch (englische Sprache)<\/li><\/ul>\t\t\t\t\t\t\t\t<\/div>\n\t\t\t\t<\/div>\n\t\t\t\t<\/div>\n\t\t\t\t<\/div>\n\t\t","protected":false},"excerpt":{"rendered":"<p>Das Contec CMS50F ist ein kompaktes Handgelenk-Oximeter, das f\u00fcr die technische Aufzeichnung von Daten \u00fcber einen l\u00e4ngeren Zeitraum entwickelt wurde. Es verf\u00fcgt \u00fcber eine digitale Anzeige und eine integrierte Schnittstelle f\u00fcr die Abfrage von Betriebsinformationen. Es ist CE-zertifiziert und entspricht den technischen Spezifikationen des Herstellers. Er ist kein Ger\u00e4t zur Selbstdiagnose oder zur pers\u00f6nlichen medizinischen \u00dcberwachung.   <\/p>\n","protected":false},"featured_media":58441,"template":"","meta":{"_acf_changed":false},"product_brand":[2140],"product_cat":[1114,1112],"product_tag":[7767,4261,7753,7759,7765,7766,7586,7758,1119,1181,7768],"class_list":{"0":"post-35305","1":"product","2":"type-product","3":"status-publish","4":"has-post-thumbnail","6":"product_brand-contec-de","7":"product_cat-geraete-pulsoximeter","8":"product_cat-pulsoximeter","9":"product_tag-akustischer-alarm","10":"product_tag-handgelenk-oximeter","11":"product_tag-hr","12":"product_tag-infusionsindikator-pi","13":"product_tag-interner-speicher","14":"product_tag-kontinuierliche-aufnahme","15":"product_tag-nicht-invasive-messung","16":"product_tag-oled-anzeige","17":"product_tag-pulsoximeter","18":"product_tag-spo2-de","19":"product_tag-wiederaufladbare-batterie","21":"first","22":"outofstock","23":"taxable","24":"shipping-taxable","25":"product-type-simple"},"acf":[],"yoast_head":"<!-- This site is optimized with the Yoast SEO Premium plugin v27.4 (Yoast SEO v27.4) - https:\/\/yoast.com\/product\/yoast-seo-premium-wordpress\/ -->\n<title>Contec CMS50F Pulsoximeter | Swixed SA<\/title>\n<meta name=\"description\" content=\"Pulsoximeter Contec CMS50F mit kontinuierlicher 24-Stunden-Aufzeichnung, internem Speicher und USB-\u00dcbertragung zur Analyse der SpO\u2082-Daten.\" \/>\n<meta name=\"robots\" content=\"index, follow, max-snippet:-1, max-image-preview:large, max-video-preview:-1\" \/>\n<link rel=\"canonical\" href=\"https:\/\/swixed.ch\/de\/produkt\/sed70003\/\" \/>\n<meta property=\"og:locale\" content=\"de_DE\" \/>\n<meta property=\"og:type\" content=\"article\" \/>\n<meta property=\"og:title\" content=\"Contec CMS50F 24-Stunden-Handgelenk-Pulsoximeter\" \/>\n<meta property=\"og:description\" content=\"Pulsoximeter Contec CMS50F mit kontinuierlicher 24-Stunden-Aufzeichnung, internem Speicher und USB-\u00dcbertragung zur Analyse der SpO\u2082-Daten.\" \/>\n<meta property=\"og:url\" content=\"https:\/\/swixed.ch\/de\/produkt\/sed70003\/\" \/>\n<meta property=\"og:site_name\" content=\"Swixed SA\" \/>\n<meta property=\"article:publisher\" content=\"https:\/\/www.facebook.com\/swixed\" \/>\n<meta property=\"article:modified_time\" content=\"2026-04-21T05:50:11+00:00\" \/>\n<meta property=\"og:image\" content=\"https:\/\/swixed.ch\/wp-content\/uploads\/2026\/01\/SED70003-01.png\" \/>\n\t<meta property=\"og:image:width\" content=\"600\" \/>\n\t<meta property=\"og:image:height\" content=\"600\" \/>\n\t<meta property=\"og:image:type\" content=\"image\/png\" \/>\n<meta name=\"twitter:card\" content=\"summary_large_image\" \/>\n<meta name=\"twitter:label1\" content=\"Gesch\u00e4tzte Lesezeit\" \/>\n\t<meta name=\"twitter:data1\" content=\"2\u00a0Minuten\" \/>\n<script type=\"application\/ld+json\" class=\"yoast-schema-graph\">{\"@context\":\"https:\\\/\\\/schema.org\",\"@graph\":[{\"@type\":\"WebPage\",\"@id\":\"https:\\\/\\\/swixed.ch\\\/de\\\/produkt\\\/sed70003\\\/\",\"url\":\"https:\\\/\\\/swixed.ch\\\/de\\\/produkt\\\/sed70003\\\/\",\"name\":\"Contec CMS50F Pulsoximeter | Swixed SA\",\"isPartOf\":{\"@id\":\"https:\\\/\\\/swixed.ch\\\/de\\\/#website\"},\"primaryImageOfPage\":{\"@id\":\"https:\\\/\\\/swixed.ch\\\/de\\\/produkt\\\/sed70003\\\/#primaryimage\"},\"image\":{\"@id\":\"https:\\\/\\\/swixed.ch\\\/de\\\/produkt\\\/sed70003\\\/#primaryimage\"},\"thumbnailUrl\":\"https:\\\/\\\/swixed.ch\\\/wp-content\\\/uploads\\\/2026\\\/01\\\/SED70003-01.png\",\"datePublished\":\"2022-07-08T09:51:09+00:00\",\"dateModified\":\"2026-04-21T05:50:11+00:00\",\"description\":\"Pulsoximeter Contec CMS50F mit kontinuierlicher 24-Stunden-Aufzeichnung, internem Speicher und USB-\u00dcbertragung zur Analyse der SpO\u2082-Daten.\",\"breadcrumb\":{\"@id\":\"https:\\\/\\\/swixed.ch\\\/de\\\/produkt\\\/sed70003\\\/#breadcrumb\"},\"inLanguage\":\"de\",\"potentialAction\":[{\"@type\":\"ReadAction\",\"target\":[\"https:\\\/\\\/swixed.ch\\\/de\\\/produkt\\\/sed70003\\\/\"]}]},{\"@type\":\"ImageObject\",\"inLanguage\":\"de\",\"@id\":\"https:\\\/\\\/swixed.ch\\\/de\\\/produkt\\\/sed70003\\\/#primaryimage\",\"url\":\"https:\\\/\\\/swixed.ch\\\/wp-content\\\/uploads\\\/2026\\\/01\\\/SED70003-01.png\",\"contentUrl\":\"https:\\\/\\\/swixed.ch\\\/wp-content\\\/uploads\\\/2026\\\/01\\\/SED70003-01.png\",\"width\":600,\"height\":600,\"caption\":\"SED70003\"},{\"@type\":\"BreadcrumbList\",\"@id\":\"https:\\\/\\\/swixed.ch\\\/de\\\/produkt\\\/sed70003\\\/#breadcrumb\",\"itemListElement\":[{\"@type\":\"ListItem\",\"position\":1,\"name\":\"Startseite\",\"item\":\"https:\\\/\\\/swixed.ch\\\/de\\\/home\\\/\"},{\"@type\":\"ListItem\",\"position\":2,\"name\":\"Shop\",\"item\":\"https:\\\/\\\/swixed.ch\\\/de\\\/shop\\\/\"},{\"@type\":\"ListItem\",\"position\":3,\"name\":\"Contec CMS50F 24-Stunden-Handgelenk-Pulsoximeter\"}]},{\"@type\":\"WebSite\",\"@id\":\"https:\\\/\\\/swixed.ch\\\/de\\\/#website\",\"url\":\"https:\\\/\\\/swixed.ch\\\/de\\\/\",\"name\":\"Swixed SA\",\"description\":\"Elektronische Ger\u00e4te\",\"publisher\":{\"@id\":\"https:\\\/\\\/swixed.ch\\\/de\\\/#organization\"},\"potentialAction\":[{\"@type\":\"SearchAction\",\"target\":{\"@type\":\"EntryPoint\",\"urlTemplate\":\"https:\\\/\\\/swixed.ch\\\/de\\\/?s={search_term_string}\"},\"query-input\":{\"@type\":\"PropertyValueSpecification\",\"valueRequired\":true,\"valueName\":\"search_term_string\"}}],\"inLanguage\":\"de\"},{\"@type\":\"Organization\",\"@id\":\"https:\\\/\\\/swixed.ch\\\/de\\\/#organization\",\"name\":\"Swixed SA\",\"url\":\"https:\\\/\\\/swixed.ch\\\/de\\\/\",\"logo\":{\"@type\":\"ImageObject\",\"inLanguage\":\"de\",\"@id\":\"https:\\\/\\\/swixed.ch\\\/de\\\/#\\\/schema\\\/logo\\\/image\\\/\",\"url\":\"https:\\\/\\\/swixed.ch\\\/wp-content\\\/uploads\\\/logos\\\/swixed-logo-lite.png\",\"contentUrl\":\"https:\\\/\\\/swixed.ch\\\/wp-content\\\/uploads\\\/logos\\\/swixed-logo-lite.png\",\"width\":696,\"height\":696,\"caption\":\"Swixed SA\"},\"image\":{\"@id\":\"https:\\\/\\\/swixed.ch\\\/de\\\/#\\\/schema\\\/logo\\\/image\\\/\"},\"sameAs\":[\"https:\\\/\\\/www.facebook.com\\\/swixed\",\"https:\\\/\\\/www.linkedin.com\\\/company\\\/swixed\",\"https:\\\/\\\/www.youtube.com\\\/@swixedsa\"],\"description\":\"Swixed SA est une entreprise suisse bas\u00e9e \u00e0 Gen\u00e8ve, sp\u00e9cialis\u00e9e dans la vente, la location et la maintenance d\u2019appareils m\u00e9dicaux professionnels, tels que d\u00e9fibrillateurs AED, \u00e9lectrocardiographes, moniteurs patient et dispositifs de diagnostic.\",\"email\":\"infoshop@swixed.ch\",\"telephone\":\"+41 22 566 11 95\",\"legalName\":\"Swixed SA\",\"foundingDate\":\"2021-03-01\",\"numberOfEmployees\":{\"@type\":\"QuantitativeValue\",\"minValue\":\"1\",\"maxValue\":\"10\"}}]}<\/script>\n<!-- \/ Yoast SEO Premium plugin. -->","yoast_head_json":{"title":"Contec CMS50F Pulsoximeter | Swixed SA","description":"Pulsoximeter Contec CMS50F mit kontinuierlicher 24-Stunden-Aufzeichnung, internem Speicher und USB-\u00dcbertragung zur Analyse der SpO\u2082-Daten.","robots":{"index":"index","follow":"follow","max-snippet":"max-snippet:-1","max-image-preview":"max-image-preview:large","max-video-preview":"max-video-preview:-1"},"canonical":"https:\/\/swixed.ch\/de\/produkt\/sed70003\/","og_locale":"de_DE","og_type":"article","og_title":"Contec CMS50F 24-Stunden-Handgelenk-Pulsoximeter","og_description":"Pulsoximeter Contec CMS50F mit kontinuierlicher 24-Stunden-Aufzeichnung, internem Speicher und USB-\u00dcbertragung zur Analyse der SpO\u2082-Daten.","og_url":"https:\/\/swixed.ch\/de\/produkt\/sed70003\/","og_site_name":"Swixed SA","article_publisher":"https:\/\/www.facebook.com\/swixed","article_modified_time":"2026-04-21T05:50:11+00:00","og_image":[{"width":600,"height":600,"url":"https:\/\/swixed.ch\/wp-content\/uploads\/2026\/01\/SED70003-01.png","type":"image\/png"}],"twitter_card":"summary_large_image","twitter_misc":{"Gesch\u00e4tzte Lesezeit":"2\u00a0Minuten"},"schema":{"@context":"https:\/\/schema.org","@graph":[{"@type":"WebPage","@id":"https:\/\/swixed.ch\/de\/produkt\/sed70003\/","url":"https:\/\/swixed.ch\/de\/produkt\/sed70003\/","name":"Contec CMS50F Pulsoximeter | Swixed SA","isPartOf":{"@id":"https:\/\/swixed.ch\/de\/#website"},"primaryImageOfPage":{"@id":"https:\/\/swixed.ch\/de\/produkt\/sed70003\/#primaryimage"},"image":{"@id":"https:\/\/swixed.ch\/de\/produkt\/sed70003\/#primaryimage"},"thumbnailUrl":"https:\/\/swixed.ch\/wp-content\/uploads\/2026\/01\/SED70003-01.png","datePublished":"2022-07-08T09:51:09+00:00","dateModified":"2026-04-21T05:50:11+00:00","description":"Pulsoximeter Contec CMS50F mit kontinuierlicher 24-Stunden-Aufzeichnung, internem Speicher und USB-\u00dcbertragung zur Analyse der SpO\u2082-Daten.","breadcrumb":{"@id":"https:\/\/swixed.ch\/de\/produkt\/sed70003\/#breadcrumb"},"inLanguage":"de","potentialAction":[{"@type":"ReadAction","target":["https:\/\/swixed.ch\/de\/produkt\/sed70003\/"]}]},{"@type":"ImageObject","inLanguage":"de","@id":"https:\/\/swixed.ch\/de\/produkt\/sed70003\/#primaryimage","url":"https:\/\/swixed.ch\/wp-content\/uploads\/2026\/01\/SED70003-01.png","contentUrl":"https:\/\/swixed.ch\/wp-content\/uploads\/2026\/01\/SED70003-01.png","width":600,"height":600,"caption":"SED70003"},{"@type":"BreadcrumbList","@id":"https:\/\/swixed.ch\/de\/produkt\/sed70003\/#breadcrumb","itemListElement":[{"@type":"ListItem","position":1,"name":"Startseite","item":"https:\/\/swixed.ch\/de\/home\/"},{"@type":"ListItem","position":2,"name":"Shop","item":"https:\/\/swixed.ch\/de\/shop\/"},{"@type":"ListItem","position":3,"name":"Contec CMS50F 24-Stunden-Handgelenk-Pulsoximeter"}]},{"@type":"WebSite","@id":"https:\/\/swixed.ch\/de\/#website","url":"https:\/\/swixed.ch\/de\/","name":"Swixed SA","description":"Elektronische Ger\u00e4te","publisher":{"@id":"https:\/\/swixed.ch\/de\/#organization"},"potentialAction":[{"@type":"SearchAction","target":{"@type":"EntryPoint","urlTemplate":"https:\/\/swixed.ch\/de\/?s={search_term_string}"},"query-input":{"@type":"PropertyValueSpecification","valueRequired":true,"valueName":"search_term_string"}}],"inLanguage":"de"},{"@type":"Organization","@id":"https:\/\/swixed.ch\/de\/#organization","name":"Swixed SA","url":"https:\/\/swixed.ch\/de\/","logo":{"@type":"ImageObject","inLanguage":"de","@id":"https:\/\/swixed.ch\/de\/#\/schema\/logo\/image\/","url":"https:\/\/swixed.ch\/wp-content\/uploads\/logos\/swixed-logo-lite.png","contentUrl":"https:\/\/swixed.ch\/wp-content\/uploads\/logos\/swixed-logo-lite.png","width":696,"height":696,"caption":"Swixed SA"},"image":{"@id":"https:\/\/swixed.ch\/de\/#\/schema\/logo\/image\/"},"sameAs":["https:\/\/www.facebook.com\/swixed","https:\/\/www.linkedin.com\/company\/swixed","https:\/\/www.youtube.com\/@swixedsa"],"description":"Swixed SA est une entreprise suisse bas\u00e9e \u00e0 Gen\u00e8ve, sp\u00e9cialis\u00e9e dans la vente, la location et la maintenance d\u2019appareils m\u00e9dicaux professionnels, tels que d\u00e9fibrillateurs AED, \u00e9lectrocardiographes, moniteurs patient et dispositifs de diagnostic.","email":"infoshop@swixed.ch","telephone":"+41 22 566 11 95","legalName":"Swixed SA","foundingDate":"2021-03-01","numberOfEmployees":{"@type":"QuantitativeValue","minValue":"1","maxValue":"10"}}]}},"_links":{"self":[{"href":"https:\/\/swixed.ch\/de\/wp-json\/wp\/v2\/product\/35305","targetHints":{"allow":["GET"]}}],"collection":[{"href":"https:\/\/swixed.ch\/de\/wp-json\/wp\/v2\/product"}],"about":[{"href":"https:\/\/swixed.ch\/de\/wp-json\/wp\/v2\/types\/product"}],"version-history":[{"count":1,"href":"https:\/\/swixed.ch\/de\/wp-json\/wp\/v2\/product\/35305\/revisions"}],"predecessor-version":[{"id":63080,"href":"https:\/\/swixed.ch\/de\/wp-json\/wp\/v2\/product\/35305\/revisions\/63080"}],"wp:featuredmedia":[{"embeddable":true,"href":"https:\/\/swixed.ch\/de\/wp-json\/wp\/v2\/media\/58441"}],"wp:attachment":[{"href":"https:\/\/swixed.ch\/de\/wp-json\/wp\/v2\/media?parent=35305"}],"wp:term":[{"taxonomy":"product_brand","embeddable":true,"href":"https:\/\/swixed.ch\/de\/wp-json\/wp\/v2\/product_brand?post=35305"},{"taxonomy":"product_cat","embeddable":true,"href":"https:\/\/swixed.ch\/de\/wp-json\/wp\/v2\/product_cat?post=35305"},{"taxonomy":"product_tag","embeddable":true,"href":"https:\/\/swixed.ch\/de\/wp-json\/wp\/v2\/product_tag?post=35305"}],"curies":[{"name":"wp","href":"https:\/\/api.w.org\/{rel}","templated":true}]}}