{"id":35315,"date":"2022-06-01T01:40:44","date_gmt":"2022-06-01T00:40:44","guid":{"rendered":"https:\/\/swixed.com\/produit\/tasche-mit-schultergurt-fuer-24h-blutdruckmessgeraete-tm2450\/"},"modified":"2026-04-21T06:34:01","modified_gmt":"2026-04-21T05:34:01","slug":"sed63007","status":"publish","type":"product","link":"https:\/\/swixed.ch\/de\/produkt\/sed63007\/","title":{"rendered":"Tragetasche mit Schulterriemen f\u00fcr Blutdruckmessger\u00e4te TM2450 von Remler 24h"},"content":{"rendered":"\t\t<div data-elementor-type=\"product-post\" data-elementor-id=\"35315\" class=\"elementor elementor-35315 elementor-12727\" data-elementor-post-type=\"product\">\n\t\t\t\t\t\t<section class=\"elementor-section elementor-top-section elementor-element elementor-element-834d306 elementor-section-boxed elementor-section-height-default elementor-section-height-default\" data-id=\"834d306\" data-element_type=\"section\" data-e-type=\"section\">\n\t\t\t\t\t\t<div class=\"elementor-container elementor-column-gap-default\">\n\t\t\t\t\t<div class=\"elementor-column elementor-col-100 elementor-top-column elementor-element elementor-element-085465e\" data-id=\"085465e\" data-element_type=\"column\" data-e-type=\"column\">\n\t\t\t<div class=\"elementor-widget-wrap elementor-element-populated\">\n\t\t\t\t\t\t<div class=\"elementor-element elementor-element-0684e71 elementor-widget elementor-widget-heading\" data-id=\"0684e71\" data-element_type=\"widget\" data-e-type=\"widget\" data-widget_type=\"heading.default\">\n\t\t\t\t\t<h2 class=\"elementor-heading-title elementor-size-default\">Beschreibung<\/h2>\t\t\t\t<\/div>\n\t\t\t\t\t<\/div>\n\t\t<\/div>\n\t\t\t\t\t<\/div>\n\t\t<\/section>\n\t\t\t\t<section class=\"elementor-section elementor-top-section elementor-element elementor-element-bbbff69 elementor-section-boxed elementor-section-height-default elementor-section-height-default\" data-id=\"bbbff69\" data-element_type=\"section\" data-e-type=\"section\">\n\t\t\t\t\t\t<div class=\"elementor-container elementor-column-gap-default\">\n\t\t\t\t\t<div class=\"elementor-column elementor-col-100 elementor-top-column elementor-element elementor-element-df88c60\" data-id=\"df88c60\" data-element_type=\"column\" data-e-type=\"column\">\n\t\t\t<div class=\"elementor-widget-wrap elementor-element-populated\">\n\t\t\t\t\t\t<div class=\"elementor-element elementor-element-181dedd elementor-widget elementor-widget-text-editor\" data-id=\"181dedd\" data-element_type=\"widget\" data-e-type=\"widget\" data-widget_type=\"text-editor.default\">\n\t\t\t\t\t\t\t\t\t<p>Die <strong>Tasche f\u00fcr das Blutdruckmessger\u00e4t <a href=\"https:\/\/swixed.com\/de\/shop\/sed63004\/\">Boso TM-2450<\/a><\/strong> mit Schultergurt erm\u00f6glicht einen <strong>sicheren und bequemen Transport<\/strong> des kompakten Remler-Blutdruckmessger\u00e4ts f\u00fcr 24-Stunden-Untersuchungen. Bei Bedarf kann der Tragegurt abgenommen und die Tasche mit <strong>dem mitgelieferten Gurt an der H\u00fcfte befestigt werden<\/strong>.<\/p>\n\t\t\t\t\t\t\t\t<\/div>\n\t\t\t\t\t<\/div>\n\t\t<\/div>\n\t\t\t\t\t<\/div>\n\t\t<\/section>\n\t\t\t\t<\/div>\n\t\t","protected":false},"excerpt":{"rendered":"<p>Die <strong>Tasche f\u00fcr das Blutdruckmessger\u00e4t Boso TM-2450<\/strong> mit Schultergurt erm\u00f6glicht einen <strong>sicheren und bequemen Transport<\/strong> des kompakten Remler-Blutdruckmessger\u00e4ts f\u00fcr 24-Stunden-Untersuchungen. Bei Bedarf kann der Tragegurt abgenommen und die Tasche mit <strong>dem mitgelieferten Gurt an der H\u00fcfte befestigt werden<\/strong>.<\/p>\n","protected":false},"featured_media":29255,"template":"","meta":{"_acf_changed":false},"product_brand":[2119],"product_cat":[1012,1079,1278],"product_tag":[1017,1014,1435,1434,1016,1015],"class_list":{"0":"post-35315","1":"product","2":"type-product","3":"status-publish","4":"has-post-thumbnail","6":"product_brand-boso-de","7":"product_cat-blutdruckmessgerate","8":"product_cat-elektronische-blutdruckmessgerate","9":"product_cat-zubehor-blutdruckmessgeraete","10":"product_tag-allgemeinmedizin","11":"product_tag-diagnose","12":"product_tag-holter-de","13":"product_tag-mapa-de","14":"product_tag-mmhg-de","15":"product_tag-spannung","17":"first","18":"instock","19":"taxable","20":"shipping-taxable","21":"purchasable","22":"product-type-simple"},"acf":[],"yoast_head":"<!-- This site is optimized with the Yoast SEO Premium plugin v27.4 (Yoast SEO v27.4) - https:\/\/yoast.com\/product\/yoast-seo-premium-wordpress\/ -->\n<title>Tragetasche mit Schulterriemen f\u00fcr Blutdruckmessger\u00e4te TM2450 von Remler 24h | Swixed SA<\/title>\n<meta name=\"description\" content=\"Tasche f\u00fcr das Blutdruckmessger\u00e4t Boso TM-2450 mit Schultergurt. Sicherer, bequemer und kompakter Transport f\u00fcr 24-Stunden-Remler-Untersuchungen.\" \/>\n<meta name=\"robots\" content=\"index, follow, max-snippet:-1, max-image-preview:large, max-video-preview:-1\" \/>\n<link rel=\"canonical\" href=\"https:\/\/swixed.ch\/de\/produkt\/sed63007\/\" \/>\n<meta property=\"og:locale\" content=\"de_DE\" \/>\n<meta property=\"og:type\" content=\"article\" \/>\n<meta property=\"og:title\" content=\"Tragetasche mit Schulterriemen f\u00fcr Blutdruckmessger\u00e4te TM2450 von Remler 24h\" \/>\n<meta property=\"og:description\" content=\"Tasche f\u00fcr das Blutdruckmessger\u00e4t Boso TM-2450 mit Schultergurt. Sicherer, bequemer und kompakter Transport f\u00fcr 24-Stunden-Remler-Untersuchungen.\" \/>\n<meta property=\"og:url\" content=\"https:\/\/swixed.ch\/de\/produkt\/sed63007\/\" \/>\n<meta property=\"og:site_name\" content=\"Swixed SA\" \/>\n<meta property=\"article:publisher\" content=\"https:\/\/www.facebook.com\/swixed\" \/>\n<meta property=\"article:modified_time\" content=\"2026-04-21T05:34:01+00:00\" \/>\n<meta property=\"og:image\" content=\"https:\/\/swixed.ch\/wp-content\/uploads\/products\/boso-tm2450-14.png\" \/>\n\t<meta property=\"og:image:width\" content=\"600\" \/>\n\t<meta property=\"og:image:height\" content=\"600\" \/>\n\t<meta property=\"og:image:type\" content=\"image\/png\" \/>\n<meta name=\"twitter:card\" content=\"summary_large_image\" \/>\n<script type=\"application\/ld+json\" class=\"yoast-schema-graph\">{\"@context\":\"https:\\\/\\\/schema.org\",\"@graph\":[{\"@type\":\"WebPage\",\"@id\":\"https:\\\/\\\/swixed.ch\\\/de\\\/produkt\\\/sed63007\\\/\",\"url\":\"https:\\\/\\\/swixed.ch\\\/de\\\/produkt\\\/sed63007\\\/\",\"name\":\"Tragetasche mit Schulterriemen f\u00fcr Blutdruckmessger\u00e4te TM2450 von Remler 24h | Swixed SA\",\"isPartOf\":{\"@id\":\"https:\\\/\\\/swixed.ch\\\/de\\\/#website\"},\"primaryImageOfPage\":{\"@id\":\"https:\\\/\\\/swixed.ch\\\/de\\\/produkt\\\/sed63007\\\/#primaryimage\"},\"image\":{\"@id\":\"https:\\\/\\\/swixed.ch\\\/de\\\/produkt\\\/sed63007\\\/#primaryimage\"},\"thumbnailUrl\":\"https:\\\/\\\/swixed.ch\\\/wp-content\\\/uploads\\\/products\\\/boso-tm2450-14.png\",\"datePublished\":\"2022-06-01T00:40:44+00:00\",\"dateModified\":\"2026-04-21T05:34:01+00:00\",\"description\":\"Tasche f\u00fcr das Blutdruckmessger\u00e4t Boso TM-2450 mit Schultergurt. Sicherer, bequemer und kompakter Transport f\u00fcr 24-Stunden-Remler-Untersuchungen.\",\"breadcrumb\":{\"@id\":\"https:\\\/\\\/swixed.ch\\\/de\\\/produkt\\\/sed63007\\\/#breadcrumb\"},\"inLanguage\":\"de\",\"potentialAction\":[{\"@type\":\"ReadAction\",\"target\":[\"https:\\\/\\\/swixed.ch\\\/de\\\/produkt\\\/sed63007\\\/\"]}]},{\"@type\":\"ImageObject\",\"inLanguage\":\"de\",\"@id\":\"https:\\\/\\\/swixed.ch\\\/de\\\/produkt\\\/sed63007\\\/#primaryimage\",\"url\":\"https:\\\/\\\/swixed.ch\\\/wp-content\\\/uploads\\\/products\\\/boso-tm2450-14.png\",\"contentUrl\":\"https:\\\/\\\/swixed.ch\\\/wp-content\\\/uploads\\\/products\\\/boso-tm2450-14.png\",\"width\":600,\"height\":600,\"caption\":\"boso tm2450 14\"},{\"@type\":\"BreadcrumbList\",\"@id\":\"https:\\\/\\\/swixed.ch\\\/de\\\/produkt\\\/sed63007\\\/#breadcrumb\",\"itemListElement\":[{\"@type\":\"ListItem\",\"position\":1,\"name\":\"Startseite\",\"item\":\"https:\\\/\\\/swixed.ch\\\/de\\\/home\\\/\"},{\"@type\":\"ListItem\",\"position\":2,\"name\":\"Shop\",\"item\":\"https:\\\/\\\/swixed.ch\\\/de\\\/shop\\\/\"},{\"@type\":\"ListItem\",\"position\":3,\"name\":\"Tragetasche mit Schulterriemen f\u00fcr Blutdruckmessger\u00e4te TM2450 von Remler 24h\"}]},{\"@type\":\"WebSite\",\"@id\":\"https:\\\/\\\/swixed.ch\\\/de\\\/#website\",\"url\":\"https:\\\/\\\/swixed.ch\\\/de\\\/\",\"name\":\"Swixed SA\",\"description\":\"Elektronische Ger\u00e4te\",\"publisher\":{\"@id\":\"https:\\\/\\\/swixed.ch\\\/de\\\/#organization\"},\"potentialAction\":[{\"@type\":\"SearchAction\",\"target\":{\"@type\":\"EntryPoint\",\"urlTemplate\":\"https:\\\/\\\/swixed.ch\\\/de\\\/?s={search_term_string}\"},\"query-input\":{\"@type\":\"PropertyValueSpecification\",\"valueRequired\":true,\"valueName\":\"search_term_string\"}}],\"inLanguage\":\"de\"},{\"@type\":\"Organization\",\"@id\":\"https:\\\/\\\/swixed.ch\\\/de\\\/#organization\",\"name\":\"Swixed SA\",\"url\":\"https:\\\/\\\/swixed.ch\\\/de\\\/\",\"logo\":{\"@type\":\"ImageObject\",\"inLanguage\":\"de\",\"@id\":\"https:\\\/\\\/swixed.ch\\\/de\\\/#\\\/schema\\\/logo\\\/image\\\/\",\"url\":\"https:\\\/\\\/swixed.ch\\\/wp-content\\\/uploads\\\/logos\\\/swixed-logo-lite.png\",\"contentUrl\":\"https:\\\/\\\/swixed.ch\\\/wp-content\\\/uploads\\\/logos\\\/swixed-logo-lite.png\",\"width\":696,\"height\":696,\"caption\":\"Swixed SA\"},\"image\":{\"@id\":\"https:\\\/\\\/swixed.ch\\\/de\\\/#\\\/schema\\\/logo\\\/image\\\/\"},\"sameAs\":[\"https:\\\/\\\/www.facebook.com\\\/swixed\",\"https:\\\/\\\/www.linkedin.com\\\/company\\\/swixed\",\"https:\\\/\\\/www.youtube.com\\\/@swixedsa\"],\"description\":\"Swixed SA est une entreprise suisse bas\u00e9e \u00e0 Gen\u00e8ve, sp\u00e9cialis\u00e9e dans la vente, la location et la maintenance d\u2019appareils m\u00e9dicaux professionnels, tels que d\u00e9fibrillateurs AED, \u00e9lectrocardiographes, moniteurs patient et dispositifs de diagnostic.\",\"email\":\"infoshop@swixed.ch\",\"telephone\":\"+41 22 566 11 95\",\"legalName\":\"Swixed SA\",\"foundingDate\":\"2021-03-01\",\"numberOfEmployees\":{\"@type\":\"QuantitativeValue\",\"minValue\":\"1\",\"maxValue\":\"10\"}}]}<\/script>\n<!-- \/ Yoast SEO Premium plugin. -->","yoast_head_json":{"title":"Tragetasche mit Schulterriemen f\u00fcr Blutdruckmessger\u00e4te TM2450 von Remler 24h | Swixed SA","description":"Tasche f\u00fcr das Blutdruckmessger\u00e4t Boso TM-2450 mit Schultergurt. Sicherer, bequemer und kompakter Transport f\u00fcr 24-Stunden-Remler-Untersuchungen.","robots":{"index":"index","follow":"follow","max-snippet":"max-snippet:-1","max-image-preview":"max-image-preview:large","max-video-preview":"max-video-preview:-1"},"canonical":"https:\/\/swixed.ch\/de\/produkt\/sed63007\/","og_locale":"de_DE","og_type":"article","og_title":"Tragetasche mit Schulterriemen f\u00fcr Blutdruckmessger\u00e4te TM2450 von Remler 24h","og_description":"Tasche f\u00fcr das Blutdruckmessger\u00e4t Boso TM-2450 mit Schultergurt. Sicherer, bequemer und kompakter Transport f\u00fcr 24-Stunden-Remler-Untersuchungen.","og_url":"https:\/\/swixed.ch\/de\/produkt\/sed63007\/","og_site_name":"Swixed SA","article_publisher":"https:\/\/www.facebook.com\/swixed","article_modified_time":"2026-04-21T05:34:01+00:00","og_image":[{"width":600,"height":600,"url":"https:\/\/swixed.ch\/wp-content\/uploads\/products\/boso-tm2450-14.png","type":"image\/png"}],"twitter_card":"summary_large_image","schema":{"@context":"https:\/\/schema.org","@graph":[{"@type":"WebPage","@id":"https:\/\/swixed.ch\/de\/produkt\/sed63007\/","url":"https:\/\/swixed.ch\/de\/produkt\/sed63007\/","name":"Tragetasche mit Schulterriemen f\u00fcr Blutdruckmessger\u00e4te TM2450 von Remler 24h | Swixed SA","isPartOf":{"@id":"https:\/\/swixed.ch\/de\/#website"},"primaryImageOfPage":{"@id":"https:\/\/swixed.ch\/de\/produkt\/sed63007\/#primaryimage"},"image":{"@id":"https:\/\/swixed.ch\/de\/produkt\/sed63007\/#primaryimage"},"thumbnailUrl":"https:\/\/swixed.ch\/wp-content\/uploads\/products\/boso-tm2450-14.png","datePublished":"2022-06-01T00:40:44+00:00","dateModified":"2026-04-21T05:34:01+00:00","description":"Tasche f\u00fcr das Blutdruckmessger\u00e4t Boso TM-2450 mit Schultergurt. Sicherer, bequemer und kompakter Transport f\u00fcr 24-Stunden-Remler-Untersuchungen.","breadcrumb":{"@id":"https:\/\/swixed.ch\/de\/produkt\/sed63007\/#breadcrumb"},"inLanguage":"de","potentialAction":[{"@type":"ReadAction","target":["https:\/\/swixed.ch\/de\/produkt\/sed63007\/"]}]},{"@type":"ImageObject","inLanguage":"de","@id":"https:\/\/swixed.ch\/de\/produkt\/sed63007\/#primaryimage","url":"https:\/\/swixed.ch\/wp-content\/uploads\/products\/boso-tm2450-14.png","contentUrl":"https:\/\/swixed.ch\/wp-content\/uploads\/products\/boso-tm2450-14.png","width":600,"height":600,"caption":"boso tm2450 14"},{"@type":"BreadcrumbList","@id":"https:\/\/swixed.ch\/de\/produkt\/sed63007\/#breadcrumb","itemListElement":[{"@type":"ListItem","position":1,"name":"Startseite","item":"https:\/\/swixed.ch\/de\/home\/"},{"@type":"ListItem","position":2,"name":"Shop","item":"https:\/\/swixed.ch\/de\/shop\/"},{"@type":"ListItem","position":3,"name":"Tragetasche mit Schulterriemen f\u00fcr Blutdruckmessger\u00e4te TM2450 von Remler 24h"}]},{"@type":"WebSite","@id":"https:\/\/swixed.ch\/de\/#website","url":"https:\/\/swixed.ch\/de\/","name":"Swixed SA","description":"Elektronische Ger\u00e4te","publisher":{"@id":"https:\/\/swixed.ch\/de\/#organization"},"potentialAction":[{"@type":"SearchAction","target":{"@type":"EntryPoint","urlTemplate":"https:\/\/swixed.ch\/de\/?s={search_term_string}"},"query-input":{"@type":"PropertyValueSpecification","valueRequired":true,"valueName":"search_term_string"}}],"inLanguage":"de"},{"@type":"Organization","@id":"https:\/\/swixed.ch\/de\/#organization","name":"Swixed SA","url":"https:\/\/swixed.ch\/de\/","logo":{"@type":"ImageObject","inLanguage":"de","@id":"https:\/\/swixed.ch\/de\/#\/schema\/logo\/image\/","url":"https:\/\/swixed.ch\/wp-content\/uploads\/logos\/swixed-logo-lite.png","contentUrl":"https:\/\/swixed.ch\/wp-content\/uploads\/logos\/swixed-logo-lite.png","width":696,"height":696,"caption":"Swixed SA"},"image":{"@id":"https:\/\/swixed.ch\/de\/#\/schema\/logo\/image\/"},"sameAs":["https:\/\/www.facebook.com\/swixed","https:\/\/www.linkedin.com\/company\/swixed","https:\/\/www.youtube.com\/@swixedsa"],"description":"Swixed SA est une entreprise suisse bas\u00e9e \u00e0 Gen\u00e8ve, sp\u00e9cialis\u00e9e dans la vente, la location et la maintenance d\u2019appareils m\u00e9dicaux professionnels, tels que d\u00e9fibrillateurs AED, \u00e9lectrocardiographes, moniteurs patient et dispositifs de diagnostic.","email":"infoshop@swixed.ch","telephone":"+41 22 566 11 95","legalName":"Swixed SA","foundingDate":"2021-03-01","numberOfEmployees":{"@type":"QuantitativeValue","minValue":"1","maxValue":"10"}}]}},"_links":{"self":[{"href":"https:\/\/swixed.ch\/de\/wp-json\/wp\/v2\/product\/35315","targetHints":{"allow":["GET"]}}],"collection":[{"href":"https:\/\/swixed.ch\/de\/wp-json\/wp\/v2\/product"}],"about":[{"href":"https:\/\/swixed.ch\/de\/wp-json\/wp\/v2\/types\/product"}],"version-history":[{"count":1,"href":"https:\/\/swixed.ch\/de\/wp-json\/wp\/v2\/product\/35315\/revisions"}],"predecessor-version":[{"id":63050,"href":"https:\/\/swixed.ch\/de\/wp-json\/wp\/v2\/product\/35315\/revisions\/63050"}],"wp:featuredmedia":[{"embeddable":true,"href":"https:\/\/swixed.ch\/de\/wp-json\/wp\/v2\/media\/29255"}],"wp:attachment":[{"href":"https:\/\/swixed.ch\/de\/wp-json\/wp\/v2\/media?parent=35315"}],"wp:term":[{"taxonomy":"product_brand","embeddable":true,"href":"https:\/\/swixed.ch\/de\/wp-json\/wp\/v2\/product_brand?post=35315"},{"taxonomy":"product_cat","embeddable":true,"href":"https:\/\/swixed.ch\/de\/wp-json\/wp\/v2\/product_cat?post=35315"},{"taxonomy":"product_tag","embeddable":true,"href":"https:\/\/swixed.ch\/de\/wp-json\/wp\/v2\/product_tag?post=35315"}],"curies":[{"name":"wp","href":"https:\/\/api.w.org\/{rel}","templated":true}]}}