{"id":35343,"date":"2022-07-07T12:40:10","date_gmt":"2022-07-07T11:40:10","guid":{"rendered":"https:\/\/swixed.com\/produit\/paediatrische-defibrillator-elektroden-cu-medical-i-pad-sp1\/"},"modified":"2026-04-20T09:08:24","modified_gmt":"2026-04-20T08:08:24","slug":"sed34016","status":"publish","type":"product","link":"https:\/\/swixed.ch\/de\/produkt\/sed34016\/","title":{"rendered":"P\u00e4diatrische Elektroden f\u00fcr den Defibrillator CU Medical I-PAD SP1"},"content":{"rendered":"\t\t<div data-elementor-type=\"product-post\" data-elementor-id=\"35343\" class=\"elementor elementor-35343 elementor-13039\" data-elementor-post-type=\"product\">\n\t\t\t\t\t\t<section class=\"elementor-section elementor-top-section elementor-element elementor-element-566dfe8 elementor-section-full_width elementor-section-height-default elementor-section-height-default\" data-id=\"566dfe8\" data-element_type=\"section\" data-e-type=\"section\">\n\t\t\t\t\t\t<div class=\"elementor-container elementor-column-gap-default\">\n\t\t\t\t\t<div class=\"elementor-column elementor-col-100 elementor-top-column elementor-element elementor-element-2c4618e\" data-id=\"2c4618e\" data-element_type=\"column\" data-e-type=\"column\">\n\t\t\t<div class=\"elementor-widget-wrap elementor-element-populated\">\n\t\t\t\t\t\t<div class=\"elementor-element elementor-element-57fea7d elementor-widget elementor-widget-heading\" data-id=\"57fea7d\" data-element_type=\"widget\" data-e-type=\"widget\" data-widget_type=\"heading.default\">\n\t\t\t\t\t<h2 class=\"elementor-heading-title elementor-size-default\">Beschreibung<\/h2>\t\t\t\t<\/div>\n\t\t\t\t<div class=\"elementor-element elementor-element-e0a279c elementor-widget elementor-widget-text-editor\" data-id=\"e0a279c\" data-element_type=\"widget\" data-e-type=\"widget\" data-widget_type=\"text-editor.default\">\n\t\t\t\t\t\t\t\t\t<p>Die <strong>Kinderelektroden<\/strong> des <strong>CU Medical I-PAD SP1<\/strong> Defibrillators sind <strong>vorab angeschlossen<\/strong>, sodass sie im Voraus an den Defibrillator angeschlossen werden k\u00f6nnen, um bei der Rettung wertvolle Zeit zu sparen. Es gibt einen Platz, an dem die Elektroden ordnungsgem\u00e4\u00df im Defibrillator aufbewahrt werden k\u00f6nnen.<\/p><p>Die Kinderelektroden f\u00fcr den CU Medical I-PAD SP1 Defibrillator wurden <strong>speziell f\u00fcr die Verwendung bei Opfern entwickelt, die j\u00fcnger als 8 Jahre sind und weniger als 25 kg wie<\/strong>gen. Der Defibrillator CU Medical I-PAD SP1 verf\u00fcgt \u00fcber eine spezielle Taste f\u00fcr die Aktivierung des Kindermodus. Wenn Sie <strong>diese Taste dr\u00fccken<\/strong>, \u00e4ndert das Ger\u00e4t die St\u00e4rke des abgegebenen Schocks so, dass sie an die K\u00f6rpergr\u00f6\u00dfe des Kindes angepasst ist<strong>(50 statt 150 Joule<\/strong>). Die <strong>Positionierung<\/strong> der Elektroden ist zudem<strong> auf der Verpackung angegeben<\/strong>.<\/p>\t\t\t\t\t\t\t\t<\/div>\n\t\t\t\t<div class=\"elementor-element elementor-element-56b53b9 elementor-widget elementor-widget-heading\" data-id=\"56b53b9\" data-element_type=\"widget\" data-e-type=\"widget\" data-widget_type=\"heading.default\">\n\t\t\t\t\t<h3 class=\"elementor-heading-title elementor-size-default\">Lebensdauer der Elektroden f\u00fcr CU Medical I-PAD SP1<\/h3>\t\t\t\t<\/div>\n\t\t\t\t<div class=\"elementor-element elementor-element-a86c6d9 elementor-widget elementor-widget-text-editor\" data-id=\"a86c6d9\" data-element_type=\"widget\" data-e-type=\"widget\" data-widget_type=\"text-editor.default\">\n\t\t\t\t\t\t\t\t\t<p>Die i-PAD SP1 Elektroden haben eine Haltbarkeit <strong>von 24 &#8211; 28 Monaten.<\/strong> Das Verfallsdatum finden Sie auf dem Aufkleber auf der R\u00fcckseite der Verpackung.<\/p><p>Die Elektroden haben aufgrund des leitf\u00e4higen Gels, das sie enthalten, ein Haltbarkeitsdatum. Dieses Gel kann mit der Zeit austrocknen. Sobald die Elektroden abgelaufen sind, k\u00f6nnen sie nicht mehr verwendet werden. Deshalb ist es wichtig, immer einen neuen Satz Elektroden, dessen Verfallsdatum noch nicht \u00fcberschritten ist, zur Hand zu haben.<\/p>\t\t\t\t\t\t\t\t<\/div>\n\t\t\t\t<div class=\"elementor-element elementor-element-4da119a elementor-widget elementor-widget-heading\" data-id=\"4da119a\" data-element_type=\"widget\" data-e-type=\"widget\" data-widget_type=\"heading.default\">\n\t\t\t\t\t<h3 class=\"elementor-heading-title elementor-size-default\">Positionierung der Elektroden bei einem Kind<\/h3>\t\t\t\t<\/div>\n\t\t\t\t<div class=\"elementor-element elementor-element-d1243dc elementor-widget elementor-widget-text-editor\" data-id=\"d1243dc\" data-element_type=\"widget\" data-e-type=\"widget\" data-widget_type=\"text-editor.default\">\n\t\t\t\t\t\t\t\t\t<p>Die <strong>Platzierung der Elektroden bei einem Kind unterscheidet sich von der bei einem Erwachsenen<\/strong>. Platzieren Sie eine Elektrode auf dem Brustkorb und die andere zwischen den Schulterbl\u00e4ttern. Auch wenn Erwachsenen-Elektroden mit der Reanimation von Kindern kompatibel sind, sollten Sie Kinder-Elektroden verwenden, die besser an den K\u00f6rperbau der J\u00fcngsten angepasst sind.<\/p>\t\t\t\t\t\t\t\t<\/div>\n\t\t\t\t<div class=\"elementor-element elementor-element-9eb4706 elementor-widget elementor-widget-heading\" data-id=\"9eb4706\" data-element_type=\"widget\" data-e-type=\"widget\" data-widget_type=\"heading.default\">\n\t\t\t\t\t<h3 class=\"elementor-heading-title elementor-size-default\">Kompatibel mit Defibrillatoren<\/h3>\t\t\t\t<\/div>\n\t\t\t\t<div class=\"elementor-element elementor-element-fe4e87c elementor-widget elementor-widget-text-editor\" data-id=\"fe4e87c\" data-element_type=\"widget\" data-e-type=\"widget\" data-widget_type=\"text-editor.default\">\n\t\t\t\t\t\t\t\t\t<ul><li>CU Medical i-PAD SP1<\/li><li>CU Medical i-PAD SP1 Plus<\/li><li>CU Medical i-PAD SP1 AUTO<\/li><li>CU Medical i-PAD SP2<\/li><li>Colson DEF-NSI<\/li><\/ul>\t\t\t\t\t\t\t\t<\/div>\n\t\t\t\t\t<\/div>\n\t\t<\/div>\n\t\t\t\t\t<\/div>\n\t\t<\/section>\n\t\t\t\t<\/div>\n\t\t","protected":false},"excerpt":{"rendered":"<p>Ersatz-Elektroden kompatibel mit dem Defibrillator CU Medical I-PAD SP1. In einer stabilen Kassette verpackt, vorkonnektiert, f\u00fcr den einmaligen Gebrauch bestimmt und CE-zertifiziert gem\u00e4\u00df den Herstellerspezifikationen. <\/p>\n","protected":false},"featured_media":29451,"template":"","meta":{"_acf_changed":false},"product_brand":[2076],"product_cat":[1422,1490],"product_tag":[1505,1425,1541,1427,1424],"class_list":{"0":"post-35343","1":"product","2":"type-product","3":"status-publish","4":"has-post-thumbnail","6":"product_brand-cu-medical-systems-de","7":"product_cat-defibrillatoren","8":"product_cat-verbrauchsmaterial-defibrillatoren","9":"product_tag-aed-de","10":"product_tag-defibrillation-de","11":"product_tag-elctrodes-de","12":"product_tag-rcp-de","13":"product_tag-reanimation-de","15":"first","16":"instock","17":"taxable","18":"shipping-taxable","19":"purchasable","20":"product-type-simple"},"acf":[],"yoast_head":"<!-- This site is optimized with the Yoast SEO Premium plugin v27.4 (Yoast SEO v27.4) - https:\/\/yoast.com\/product\/yoast-seo-premium-wordpress\/ -->\n<title>P\u00e4diatrische Elektroden f\u00fcr den Defibrillator CU Medical I-PAD SP1 | Swixed SA<\/title>\n<meta name=\"description\" content=\"Die Kinderelektroden des Defibrillators CU Medical I-PAD SP1 sind vorab angeschlossen.\" \/>\n<meta name=\"robots\" content=\"index, follow, max-snippet:-1, max-image-preview:large, max-video-preview:-1\" \/>\n<link rel=\"canonical\" href=\"https:\/\/swixed.ch\/de\/produkt\/sed34016\/\" \/>\n<meta property=\"og:locale\" content=\"de_DE\" \/>\n<meta property=\"og:type\" content=\"article\" \/>\n<meta property=\"og:title\" content=\"P\u00e4diatrische Elektroden f\u00fcr den Defibrillator CU Medical I-PAD SP1\" \/>\n<meta property=\"og:description\" content=\"Die Kinderelektroden des Defibrillators CU Medical I-PAD SP1 sind vorab angeschlossen.\" \/>\n<meta property=\"og:url\" content=\"https:\/\/swixed.ch\/de\/produkt\/sed34016\/\" \/>\n<meta property=\"og:site_name\" content=\"Swixed SA\" \/>\n<meta property=\"article:publisher\" content=\"https:\/\/www.facebook.com\/swixed\" \/>\n<meta property=\"article:modified_time\" content=\"2026-04-20T08:08:24+00:00\" \/>\n<meta property=\"og:image\" content=\"https:\/\/swixed.ch\/wp-content\/uploads\/products\/cu-system-ipad-cu-sp1-electrodes-enfants-02.png\" \/>\n\t<meta property=\"og:image:width\" content=\"600\" \/>\n\t<meta property=\"og:image:height\" content=\"600\" \/>\n\t<meta property=\"og:image:type\" content=\"image\/png\" \/>\n<meta name=\"twitter:card\" content=\"summary_large_image\" \/>\n<meta name=\"twitter:label1\" content=\"Gesch\u00e4tzte Lesezeit\" \/>\n\t<meta name=\"twitter:data1\" content=\"1\u00a0Minute\" \/>\n<script type=\"application\/ld+json\" class=\"yoast-schema-graph\">{\"@context\":\"https:\\\/\\\/schema.org\",\"@graph\":[{\"@type\":\"WebPage\",\"@id\":\"https:\\\/\\\/swixed.ch\\\/de\\\/produkt\\\/sed34016\\\/\",\"url\":\"https:\\\/\\\/swixed.ch\\\/de\\\/produkt\\\/sed34016\\\/\",\"name\":\"P\u00e4diatrische Elektroden f\u00fcr den Defibrillator CU Medical I-PAD SP1 | Swixed SA\",\"isPartOf\":{\"@id\":\"https:\\\/\\\/swixed.ch\\\/de\\\/#website\"},\"primaryImageOfPage\":{\"@id\":\"https:\\\/\\\/swixed.ch\\\/de\\\/produkt\\\/sed34016\\\/#primaryimage\"},\"image\":{\"@id\":\"https:\\\/\\\/swixed.ch\\\/de\\\/produkt\\\/sed34016\\\/#primaryimage\"},\"thumbnailUrl\":\"https:\\\/\\\/swixed.ch\\\/wp-content\\\/uploads\\\/products\\\/cu-system-ipad-cu-sp1-electrodes-enfants-02.png\",\"datePublished\":\"2022-07-07T11:40:10+00:00\",\"dateModified\":\"2026-04-20T08:08:24+00:00\",\"description\":\"Die Kinderelektroden des Defibrillators CU Medical I-PAD SP1 sind vorab angeschlossen.\",\"breadcrumb\":{\"@id\":\"https:\\\/\\\/swixed.ch\\\/de\\\/produkt\\\/sed34016\\\/#breadcrumb\"},\"inLanguage\":\"de\",\"potentialAction\":[{\"@type\":\"ReadAction\",\"target\":[\"https:\\\/\\\/swixed.ch\\\/de\\\/produkt\\\/sed34016\\\/\"]}]},{\"@type\":\"ImageObject\",\"inLanguage\":\"de\",\"@id\":\"https:\\\/\\\/swixed.ch\\\/de\\\/produkt\\\/sed34016\\\/#primaryimage\",\"url\":\"https:\\\/\\\/swixed.ch\\\/wp-content\\\/uploads\\\/products\\\/cu-system-ipad-cu-sp1-electrodes-enfants-02.png\",\"contentUrl\":\"https:\\\/\\\/swixed.ch\\\/wp-content\\\/uploads\\\/products\\\/cu-system-ipad-cu-sp1-electrodes-enfants-02.png\",\"width\":600,\"height\":600,\"caption\":\"P\u00e4diatrische Defibrillator-Elektroden CU Medical I-PAD SP1\"},{\"@type\":\"BreadcrumbList\",\"@id\":\"https:\\\/\\\/swixed.ch\\\/de\\\/produkt\\\/sed34016\\\/#breadcrumb\",\"itemListElement\":[{\"@type\":\"ListItem\",\"position\":1,\"name\":\"Startseite\",\"item\":\"https:\\\/\\\/swixed.ch\\\/de\\\/home\\\/\"},{\"@type\":\"ListItem\",\"position\":2,\"name\":\"Shop\",\"item\":\"https:\\\/\\\/swixed.ch\\\/de\\\/shop\\\/\"},{\"@type\":\"ListItem\",\"position\":3,\"name\":\"P\u00e4diatrische Elektroden f\u00fcr den Defibrillator CU Medical I-PAD SP1\"}]},{\"@type\":\"WebSite\",\"@id\":\"https:\\\/\\\/swixed.ch\\\/de\\\/#website\",\"url\":\"https:\\\/\\\/swixed.ch\\\/de\\\/\",\"name\":\"Swixed SA\",\"description\":\"Elektronische Ger\u00e4te\",\"publisher\":{\"@id\":\"https:\\\/\\\/swixed.ch\\\/de\\\/#organization\"},\"potentialAction\":[{\"@type\":\"SearchAction\",\"target\":{\"@type\":\"EntryPoint\",\"urlTemplate\":\"https:\\\/\\\/swixed.ch\\\/de\\\/?s={search_term_string}\"},\"query-input\":{\"@type\":\"PropertyValueSpecification\",\"valueRequired\":true,\"valueName\":\"search_term_string\"}}],\"inLanguage\":\"de\"},{\"@type\":\"Organization\",\"@id\":\"https:\\\/\\\/swixed.ch\\\/de\\\/#organization\",\"name\":\"Swixed SA\",\"url\":\"https:\\\/\\\/swixed.ch\\\/de\\\/\",\"logo\":{\"@type\":\"ImageObject\",\"inLanguage\":\"de\",\"@id\":\"https:\\\/\\\/swixed.ch\\\/de\\\/#\\\/schema\\\/logo\\\/image\\\/\",\"url\":\"https:\\\/\\\/swixed.ch\\\/wp-content\\\/uploads\\\/logos\\\/swixed-logo-lite.png\",\"contentUrl\":\"https:\\\/\\\/swixed.ch\\\/wp-content\\\/uploads\\\/logos\\\/swixed-logo-lite.png\",\"width\":696,\"height\":696,\"caption\":\"Swixed SA\"},\"image\":{\"@id\":\"https:\\\/\\\/swixed.ch\\\/de\\\/#\\\/schema\\\/logo\\\/image\\\/\"},\"sameAs\":[\"https:\\\/\\\/www.facebook.com\\\/swixed\",\"https:\\\/\\\/www.linkedin.com\\\/company\\\/swixed\",\"https:\\\/\\\/www.youtube.com\\\/@swixedsa\"],\"description\":\"Swixed SA est une entreprise suisse bas\u00e9e \u00e0 Gen\u00e8ve, sp\u00e9cialis\u00e9e dans la vente, la location et la maintenance d\u2019appareils m\u00e9dicaux professionnels, tels que d\u00e9fibrillateurs AED, \u00e9lectrocardiographes, moniteurs patient et dispositifs de diagnostic.\",\"email\":\"infoshop@swixed.ch\",\"telephone\":\"+41 22 566 11 95\",\"legalName\":\"Swixed SA\",\"foundingDate\":\"2021-03-01\",\"numberOfEmployees\":{\"@type\":\"QuantitativeValue\",\"minValue\":\"1\",\"maxValue\":\"10\"}}]}<\/script>\n<!-- \/ Yoast SEO Premium plugin. -->","yoast_head_json":{"title":"P\u00e4diatrische Elektroden f\u00fcr den Defibrillator CU Medical I-PAD SP1 | Swixed SA","description":"Die Kinderelektroden des Defibrillators CU Medical I-PAD SP1 sind vorab angeschlossen.","robots":{"index":"index","follow":"follow","max-snippet":"max-snippet:-1","max-image-preview":"max-image-preview:large","max-video-preview":"max-video-preview:-1"},"canonical":"https:\/\/swixed.ch\/de\/produkt\/sed34016\/","og_locale":"de_DE","og_type":"article","og_title":"P\u00e4diatrische Elektroden f\u00fcr den Defibrillator CU Medical I-PAD SP1","og_description":"Die Kinderelektroden des Defibrillators CU Medical I-PAD SP1 sind vorab angeschlossen.","og_url":"https:\/\/swixed.ch\/de\/produkt\/sed34016\/","og_site_name":"Swixed SA","article_publisher":"https:\/\/www.facebook.com\/swixed","article_modified_time":"2026-04-20T08:08:24+00:00","og_image":[{"width":600,"height":600,"url":"https:\/\/swixed.ch\/wp-content\/uploads\/products\/cu-system-ipad-cu-sp1-electrodes-enfants-02.png","type":"image\/png"}],"twitter_card":"summary_large_image","twitter_misc":{"Gesch\u00e4tzte Lesezeit":"1\u00a0Minute"},"schema":{"@context":"https:\/\/schema.org","@graph":[{"@type":"WebPage","@id":"https:\/\/swixed.ch\/de\/produkt\/sed34016\/","url":"https:\/\/swixed.ch\/de\/produkt\/sed34016\/","name":"P\u00e4diatrische Elektroden f\u00fcr den Defibrillator CU Medical I-PAD SP1 | Swixed SA","isPartOf":{"@id":"https:\/\/swixed.ch\/de\/#website"},"primaryImageOfPage":{"@id":"https:\/\/swixed.ch\/de\/produkt\/sed34016\/#primaryimage"},"image":{"@id":"https:\/\/swixed.ch\/de\/produkt\/sed34016\/#primaryimage"},"thumbnailUrl":"https:\/\/swixed.ch\/wp-content\/uploads\/products\/cu-system-ipad-cu-sp1-electrodes-enfants-02.png","datePublished":"2022-07-07T11:40:10+00:00","dateModified":"2026-04-20T08:08:24+00:00","description":"Die Kinderelektroden des Defibrillators CU Medical I-PAD SP1 sind vorab angeschlossen.","breadcrumb":{"@id":"https:\/\/swixed.ch\/de\/produkt\/sed34016\/#breadcrumb"},"inLanguage":"de","potentialAction":[{"@type":"ReadAction","target":["https:\/\/swixed.ch\/de\/produkt\/sed34016\/"]}]},{"@type":"ImageObject","inLanguage":"de","@id":"https:\/\/swixed.ch\/de\/produkt\/sed34016\/#primaryimage","url":"https:\/\/swixed.ch\/wp-content\/uploads\/products\/cu-system-ipad-cu-sp1-electrodes-enfants-02.png","contentUrl":"https:\/\/swixed.ch\/wp-content\/uploads\/products\/cu-system-ipad-cu-sp1-electrodes-enfants-02.png","width":600,"height":600,"caption":"P\u00e4diatrische Defibrillator-Elektroden CU Medical I-PAD SP1"},{"@type":"BreadcrumbList","@id":"https:\/\/swixed.ch\/de\/produkt\/sed34016\/#breadcrumb","itemListElement":[{"@type":"ListItem","position":1,"name":"Startseite","item":"https:\/\/swixed.ch\/de\/home\/"},{"@type":"ListItem","position":2,"name":"Shop","item":"https:\/\/swixed.ch\/de\/shop\/"},{"@type":"ListItem","position":3,"name":"P\u00e4diatrische Elektroden f\u00fcr den Defibrillator CU Medical I-PAD SP1"}]},{"@type":"WebSite","@id":"https:\/\/swixed.ch\/de\/#website","url":"https:\/\/swixed.ch\/de\/","name":"Swixed SA","description":"Elektronische Ger\u00e4te","publisher":{"@id":"https:\/\/swixed.ch\/de\/#organization"},"potentialAction":[{"@type":"SearchAction","target":{"@type":"EntryPoint","urlTemplate":"https:\/\/swixed.ch\/de\/?s={search_term_string}"},"query-input":{"@type":"PropertyValueSpecification","valueRequired":true,"valueName":"search_term_string"}}],"inLanguage":"de"},{"@type":"Organization","@id":"https:\/\/swixed.ch\/de\/#organization","name":"Swixed SA","url":"https:\/\/swixed.ch\/de\/","logo":{"@type":"ImageObject","inLanguage":"de","@id":"https:\/\/swixed.ch\/de\/#\/schema\/logo\/image\/","url":"https:\/\/swixed.ch\/wp-content\/uploads\/logos\/swixed-logo-lite.png","contentUrl":"https:\/\/swixed.ch\/wp-content\/uploads\/logos\/swixed-logo-lite.png","width":696,"height":696,"caption":"Swixed SA"},"image":{"@id":"https:\/\/swixed.ch\/de\/#\/schema\/logo\/image\/"},"sameAs":["https:\/\/www.facebook.com\/swixed","https:\/\/www.linkedin.com\/company\/swixed","https:\/\/www.youtube.com\/@swixedsa"],"description":"Swixed SA est une entreprise suisse bas\u00e9e \u00e0 Gen\u00e8ve, sp\u00e9cialis\u00e9e dans la vente, la location et la maintenance d\u2019appareils m\u00e9dicaux professionnels, tels que d\u00e9fibrillateurs AED, \u00e9lectrocardiographes, moniteurs patient et dispositifs de diagnostic.","email":"infoshop@swixed.ch","telephone":"+41 22 566 11 95","legalName":"Swixed SA","foundingDate":"2021-03-01","numberOfEmployees":{"@type":"QuantitativeValue","minValue":"1","maxValue":"10"}}]}},"_links":{"self":[{"href":"https:\/\/swixed.ch\/de\/wp-json\/wp\/v2\/product\/35343","targetHints":{"allow":["GET"]}}],"collection":[{"href":"https:\/\/swixed.ch\/de\/wp-json\/wp\/v2\/product"}],"about":[{"href":"https:\/\/swixed.ch\/de\/wp-json\/wp\/v2\/types\/product"}],"version-history":[{"count":1,"href":"https:\/\/swixed.ch\/de\/wp-json\/wp\/v2\/product\/35343\/revisions"}],"predecessor-version":[{"id":62956,"href":"https:\/\/swixed.ch\/de\/wp-json\/wp\/v2\/product\/35343\/revisions\/62956"}],"wp:featuredmedia":[{"embeddable":true,"href":"https:\/\/swixed.ch\/de\/wp-json\/wp\/v2\/media\/29451"}],"wp:attachment":[{"href":"https:\/\/swixed.ch\/de\/wp-json\/wp\/v2\/media?parent=35343"}],"wp:term":[{"taxonomy":"product_brand","embeddable":true,"href":"https:\/\/swixed.ch\/de\/wp-json\/wp\/v2\/product_brand?post=35343"},{"taxonomy":"product_cat","embeddable":true,"href":"https:\/\/swixed.ch\/de\/wp-json\/wp\/v2\/product_cat?post=35343"},{"taxonomy":"product_tag","embeddable":true,"href":"https:\/\/swixed.ch\/de\/wp-json\/wp\/v2\/product_tag?post=35343"}],"curies":[{"name":"wp","href":"https:\/\/api.w.org\/{rel}","templated":true}]}}