{"id":35398,"date":"2022-09-05T09:48:44","date_gmt":"2022-09-05T07:48:44","guid":{"rendered":"https:\/\/swixed.com\/produit\/edan-x10-vitalzeichenmonitor\/"},"modified":"2026-01-13T22:36:52","modified_gmt":"2026-01-13T21:36:52","slug":"sed20005","status":"publish","type":"product","link":"https:\/\/swixed.ch\/de\/produkt\/sed20005\/","title":{"rendered":"Edan X10 Vitalzeichenmonitor"},"content":{"rendered":"\t\t<div data-elementor-type=\"product-post\" data-elementor-id=\"35398\" class=\"elementor elementor-35398 elementor-13997\" data-elementor-post-type=\"product\">\n\t\t\t\t\t\t<section class=\"elementor-section elementor-top-section elementor-element elementor-element-566dfe8 elementor-section-boxed elementor-section-height-default elementor-section-height-default\" data-id=\"566dfe8\" data-element_type=\"section\" data-e-type=\"section\">\n\t\t\t\t\t\t<div class=\"elementor-container elementor-column-gap-default\">\n\t\t\t\t\t<div class=\"elementor-column elementor-col-100 elementor-top-column elementor-element elementor-element-2c4618e\" data-id=\"2c4618e\" data-element_type=\"column\" data-e-type=\"column\">\n\t\t\t<div class=\"elementor-widget-wrap elementor-element-populated\">\n\t\t\t\t\t\t<div class=\"elementor-element elementor-element-57fea7d elementor-widget elementor-widget-heading\" data-id=\"57fea7d\" data-element_type=\"widget\" data-e-type=\"widget\" data-widget_type=\"heading.default\">\n\t\t\t\t\t<h2 class=\"elementor-heading-title elementor-size-default\">Beschreibung<\/h2>\t\t\t\t<\/div>\n\t\t\t\t<div class=\"elementor-element elementor-element-e0a279c elementor-widget elementor-widget-text-editor\" data-id=\"e0a279c\" data-element_type=\"widget\" data-e-type=\"widget\" data-widget_type=\"text-editor.default\">\n\t\t\t\t\t\t\t\t\t<p>Die neuen Vitalparameter-Monitore der <strong>Edan X-Serie<\/strong> sind designorientiert und <strong>ultrakompakt <\/strong>. Sie bieten modernste \u00dcberwachungsinstrumente f\u00fcr <strong>Patienten aller Altersgruppen<\/strong>. <br>Der <strong>Edan X10<\/strong> ist <strong>leicht<\/strong>, <strong>leise<\/strong> (ohne Propellerk\u00fchler) und <strong>einfach zu bedienen<\/strong>. Er ist eine sichere und kosteng\u00fcnstige L\u00f6sung f\u00fcr Krankenh\u00e4user, Notaufnahmen und Privatpraxen.<\/p><p>Mit seinem <strong>10,1-Zoll-Touchscreen <\/strong>bietet dieser Vitalzeichenmonitor <strong>5<\/strong> verschiedene <strong>Anzeigemodi<\/strong>, die den Bed\u00fcrfnissen des Benutzers entsprechen. Ein kleiner Thermodrucker (optional) erm\u00f6glicht den Ausdruck von Trends auf Papier. <br>Der <strong>EDan X10<\/strong> verf\u00fcgt \u00fcber einen <strong>8 GB gro\u00dfen Speicher<\/strong>, der \u00fcber einen USB-Stick erweitert werden kann.<\/p>\t\t\t\t\t\t\t\t<\/div>\n\t\t\t\t<div class=\"elementor-element elementor-element-04bd30c elementor-widget elementor-widget-heading\" data-id=\"04bd30c\" data-element_type=\"widget\" data-e-type=\"widget\" data-widget_type=\"heading.default\">\n\t\t\t\t\t<h2 class=\"elementor-heading-title elementor-size-default\">Die 5 Funktionen des Edan X10-Monitors<\/h2>\t\t\t\t<\/div>\n\t\t\t\t<div class=\"elementor-element elementor-element-e44cada elementor-widget elementor-widget-text-editor\" data-id=\"e44cada\" data-element_type=\"widget\" data-e-type=\"widget\" data-widget_type=\"text-editor.default\">\n\t\t\t\t\t\t\t\t\t<ul><li>Erstens die EKG-Funktion 3-5 Ableitungen (optional 6 oder 12 Ableitungen)<\/li><li>Zweitens die \u00dcberwachung der Atmung<\/li><li>Drittens die Messung des Blutdrucks<\/li><li>Viertens die Messung der Sauerstoffs\u00e4ttigung<\/li><li>F\u00fcnftens die Temperaturmessung im oralen, rektalen oder axillaren Modus<\/li><\/ul><p>Wie die anderen Ger\u00e4te seiner Generation verf\u00fcgt der X10 Vitalzeichenmonitor mit Touchscreen \u00fcber verschiedene, vom \u00c4rzteteam manuell einstellbare visuelle und akustische Alarmschwellen, die bei einer Langzeit\u00fcberwachung unverzichtbar sind:<\/p><ul><li>Drei verschiedene Alarmstufen mit vollst\u00e4ndig einstellbaren T\u00f6nen und Frequenzen<\/li><li>Funktion Modifizierter Fr\u00fchwarn-Score (MEWS) mit 6 Parametern: Alter, Blutdruck, Puls, Atemfrequenz, Temperatur und Bewusstseinsgrad<\/li><\/ul>\t\t\t\t\t\t\t\t<\/div>\n\t\t\t\t<div class=\"elementor-element elementor-element-e1fafc9 elementor-widget elementor-widget-heading\" data-id=\"e1fafc9\" data-element_type=\"widget\" data-e-type=\"widget\" data-widget_type=\"heading.default\">\n\t\t\t\t\t<h2 class=\"elementor-heading-title elementor-size-default\">Weitere verf\u00fcgbare Optionen f\u00fcr Edan X10<\/h2>\t\t\t\t<\/div>\n\t\t\t\t<div class=\"elementor-element elementor-element-b10b055 elementor-widget elementor-widget-text-editor\" data-id=\"b10b055\" data-element_type=\"widget\" data-e-type=\"widget\" data-widget_type=\"text-editor.default\">\n\t\t\t\t\t\t\t\t\t<ul><li style=\"box-sizing: inherit; border-radius: 10px !important;\">EKG 6-12 Ableitungen (Preis auf Anfrage)<\/li><li>Wifi-\u00dcbertragungsmodul (Preis auf Anfrage)<\/li><li>Modul Edan G2 Co2 Kapnographie (Preis auf Anfrage)<\/li><li>Edan IBP-Modul Invasive Blutdruckmessung (Preis auf Anfrage)<\/li><\/ul>\t\t\t\t\t\t\t\t<\/div>\n\t\t\t\t<div class=\"elementor-element elementor-element-91e7a9b elementor-widget elementor-widget-template\" data-id=\"91e7a9b\" data-element_type=\"widget\" data-e-type=\"widget\" data-widget_type=\"template.default\">\n\t\t\t\t<div class=\"elementor-widget-container\">\n\t\t\t\t\t\t\t<div class=\"elementor-template\">\n\t\t\t\t\t<div data-elementor-type=\"section\" data-elementor-id=\"32617\" class=\"elementor elementor-32617 elementor-14210 elementor-14210\" data-elementor-post-type=\"elementor_library\">\n\t\t\t\t\t<section class=\"elementor-section elementor-top-section elementor-element elementor-element-73df4e3f elementor-section-full_width elementor-section-height-default elementor-section-height-default\" data-id=\"73df4e3f\" data-element_type=\"section\" data-e-type=\"section\">\n\t\t\t\t\t\t<div class=\"elementor-container elementor-column-gap-default\">\n\t\t\t\t\t<div class=\"elementor-column elementor-col-100 elementor-top-column elementor-element elementor-element-697d7c6\" data-id=\"697d7c6\" data-element_type=\"column\" data-e-type=\"column\">\n\t\t\t<div class=\"elementor-widget-wrap elementor-element-populated\">\n\t\t\t\t\t\t<div class=\"elementor-element elementor-element-5c0b3841 elementor-widget elementor-widget-heading\" data-id=\"5c0b3841\" data-element_type=\"widget\" data-e-type=\"widget\" data-widget_type=\"heading.default\">\n\t\t\t\t\t<h2 class=\"elementor-heading-title elementor-size-default\">Vergleichen Sie die Eigenschaften der Edan X Linie<\/h2>\t\t\t\t<\/div>\n\t\t\t\t<section class=\"elementor-section elementor-inner-section elementor-element elementor-element-44ad3359 elementor-section-boxed elementor-section-height-default elementor-section-height-default\" data-id=\"44ad3359\" data-element_type=\"section\" data-e-type=\"section\">\n\t\t\t\t\t\t<div class=\"elementor-container elementor-column-gap-default\">\n\t\t\t\t\t<div class=\"elementor-column elementor-col-33 elementor-inner-column elementor-element elementor-element-377107d1\" data-id=\"377107d1\" data-element_type=\"column\" data-e-type=\"column\">\n\t\t\t<div class=\"elementor-widget-wrap elementor-element-populated\">\n\t\t\t\t\t\t<div class=\"elementor-element elementor-element-1046d628 elementor-widget elementor-widget-image\" data-id=\"1046d628\" data-element_type=\"widget\" data-e-type=\"widget\" data-widget_type=\"image.default\">\n\t\t\t\t\t\t\t\t\t\t\t\t\t\t\t<img fetchpriority=\"high\" decoding=\"async\" width=\"600\" height=\"600\" src=\"https:\/\/swixed.ch\/wp-content\/uploads\/products\/edan-x8-01.png\" class=\"attachment-full size-full wp-image-27767\" alt=\"Edan x8\" srcset=\"https:\/\/swixed.ch\/wp-content\/uploads\/products\/edan-x8-01.png 600w, https:\/\/swixed.ch\/wp-content\/uploads\/products\/edan-x8-01-100x100.png 100w, https:\/\/swixed.ch\/wp-content\/uploads\/products\/edan-x8-01-64x64.png 64w, https:\/\/swixed.ch\/wp-content\/uploads\/products\/edan-x8-01-300x300.png 300w, https:\/\/swixed.ch\/wp-content\/uploads\/products\/edan-x8-01-150x150.png 150w\" sizes=\"(max-width: 600px) 100vw, 600px\" \/>\t\t\t\t\t\t\t\t\t\t\t\t\t\t\t<\/div>\n\t\t\t\t\t<\/div>\n\t\t<\/div>\n\t\t\t\t<div class=\"elementor-column elementor-col-33 elementor-inner-column elementor-element elementor-element-7c42b32\" data-id=\"7c42b32\" data-element_type=\"column\" data-e-type=\"column\">\n\t\t\t<div class=\"elementor-widget-wrap elementor-element-populated\">\n\t\t\t\t\t\t<div class=\"elementor-element elementor-element-289b81b elementor-widget elementor-widget-image\" data-id=\"289b81b\" data-element_type=\"widget\" data-e-type=\"widget\" data-widget_type=\"image.default\">\n\t\t\t\t\t\t\t\t\t\t\t\t\t\t\t<img decoding=\"async\" width=\"600\" height=\"600\" src=\"https:\/\/swixed.ch\/wp-content\/uploads\/products\/edan-x10-01.png\" class=\"attachment-full size-full wp-image-29603\" alt=\"Edan X10 Vitalzeichenmonitor\" srcset=\"https:\/\/swixed.ch\/wp-content\/uploads\/products\/edan-x10-01.png 600w, https:\/\/swixed.ch\/wp-content\/uploads\/products\/edan-x10-01-100x100.png 100w, https:\/\/swixed.ch\/wp-content\/uploads\/products\/edan-x10-01-64x64.png 64w, https:\/\/swixed.ch\/wp-content\/uploads\/products\/edan-x10-01-300x300.png 300w, https:\/\/swixed.ch\/wp-content\/uploads\/products\/edan-x10-01-150x150.png 150w\" sizes=\"(max-width: 600px) 100vw, 600px\" \/>\t\t\t\t\t\t\t\t\t\t\t\t\t\t\t<\/div>\n\t\t\t\t\t<\/div>\n\t\t<\/div>\n\t\t\t\t<div class=\"elementor-column elementor-col-33 elementor-inner-column elementor-element elementor-element-6a9a393\" data-id=\"6a9a393\" data-element_type=\"column\" data-e-type=\"column\">\n\t\t\t<div class=\"elementor-widget-wrap elementor-element-populated\">\n\t\t\t\t\t\t<div class=\"elementor-element elementor-element-08dbf28 elementor-widget elementor-widget-image\" data-id=\"08dbf28\" data-element_type=\"widget\" data-e-type=\"widget\" data-widget_type=\"image.default\">\n\t\t\t\t\t\t\t\t\t\t\t\t\t\t\t<img decoding=\"async\" width=\"600\" height=\"600\" src=\"https:\/\/swixed.ch\/wp-content\/uploads\/products\/edan-x12-01.png\" class=\"attachment-full size-full wp-image-27787\" alt=\"edan-x12-01\" srcset=\"https:\/\/swixed.ch\/wp-content\/uploads\/products\/edan-x12-01.png 600w, https:\/\/swixed.ch\/wp-content\/uploads\/products\/edan-x12-01-100x100.png 100w, https:\/\/swixed.ch\/wp-content\/uploads\/products\/edan-x12-01-64x64.png 64w, https:\/\/swixed.ch\/wp-content\/uploads\/products\/edan-x12-01-300x300.png 300w, https:\/\/swixed.ch\/wp-content\/uploads\/products\/edan-x12-01-150x150.png 150w\" sizes=\"(max-width: 600px) 100vw, 600px\" \/>\t\t\t\t\t\t\t\t\t\t\t\t\t\t\t<\/div>\n\t\t\t\t\t<\/div>\n\t\t<\/div>\n\t\t\t\t\t<\/div>\n\t\t<\/section>\n\t\t\t\t\t<\/div>\n\t\t<\/div>\n\t\t\t\t\t<\/div>\n\t\t<\/section>\n\t\t\t\t<\/div>\n\t\t\t\t<\/div>\n\t\t\t\t\t\t<\/div>\n\t\t\t\t<\/div>\n\t\t\t\t<div class=\"elementor-element elementor-element-64b2f94 elementor-widget elementor-widget-heading\" data-id=\"64b2f94\" data-element_type=\"widget\" data-e-type=\"widget\" data-widget_type=\"heading.default\">\n\t\t\t\t\t<h2 class=\"elementor-heading-title elementor-size-default\">Inhalt des Edan X10<\/h2>\t\t\t\t<\/div>\n\t\t\t\t<div class=\"elementor-element elementor-element-7f90037 elementor-widget elementor-widget-text-editor\" data-id=\"7f90037\" data-element_type=\"widget\" data-e-type=\"widget\" data-widget_type=\"text-editor.default\">\n\t\t\t\t\t\t\t\t\t<ul><li>3-adriges EKG-Kabel<\/li><li>NIBP-Schlauch von 3 m L\u00e4nge,<\/li><li>Manschette f\u00fcr Erwachsene (27-35 cm)<\/li><li>2 Meter langes SP02-Adapterkabel<\/li><li>1 Meter langer SPO2-Sensor aus Silikon<\/li><li>Hauttemperatursonde (f\u00fcr axill\u00e4re Messung)<\/li><li>Wiederaufladbarer Akku<\/li><li>Ladeger\u00e4t<\/li><\/ul>\t\t\t\t\t\t\t\t<\/div>\n\t\t\t\t\t<\/div>\n\t\t<\/div>\n\t\t\t\t\t<\/div>\n\t\t<\/section>\n\t\t\t\t<\/div>\n\t\t","protected":false},"excerpt":{"rendered":"<p>Der Edan X10 ist ein kompaktes Ger\u00e4t mit 10,1-Zoll-Farb-Touchscreen und f\u00fcnf konfigurierbaren Anzeigemodi. Optional ist ein integrierter Thermodrucker verf\u00fcgbar; au\u00dferdem stehen ein Ethernet-Anschluss f\u00fcr externe Drucker und ein VGA-Ausgang f\u00fcr einen zweiten Bildschirm zur Verf\u00fcgung. Der interne Speicher von 8 GB kann \u00fcber USB erweitert werden. Leichtes Geh\u00e4use und ger\u00e4uscharmer Betrieb, CE-zertifiziert und geeignet f\u00fcr professionelle Arbeitsumgebungen.   <\/p>\n","protected":false},"featured_media":29603,"template":"","meta":{"_acf_changed":false},"product_brand":[2085],"product_cat":[970,1409],"product_tag":[982,7643,3716,7642,1412,7641,7640,1626,1181,7639],"class_list":{"0":"post-35398","1":"product","2":"type-product","3":"status-publish","4":"has-post-thumbnail","6":"product_brand-edan-de","7":"product_cat-patientenmonitore","8":"product_cat-geraete-patientenmonitore","9":"product_tag-ecg-de","10":"product_tag-etco2","11":"product_tag-farbbildschirm","12":"product_tag-ibp","13":"product_tag-nibp-de","14":"product_tag-physiologische-alarme","15":"product_tag-pr","16":"product_tag-resp-de","17":"product_tag-spo2-de","18":"product_tag-temp","20":"first","21":"instock","22":"taxable","23":"shipping-taxable","24":"purchasable","25":"product-type-variable","26":"has-default-attributes"},"acf":[],"yoast_head":"<!-- This site is optimized with the Yoast SEO Premium plugin v27.4 (Yoast SEO v27.4) - https:\/\/yoast.com\/product\/yoast-seo-premium-wordpress\/ -->\n<title>Edan X10 Vitalzeichenmonitor | Swixed SA% Taktil und ultrakompakt<\/title>\n<meta name=\"description\" content=\"Edan X10 Vitalzeichenmonitor mit ultrakompaktem Design. Hochmodernes \u00dcberwachungsinstrument f\u00fcr Patienten aller Altersgruppen.\" \/>\n<meta name=\"robots\" content=\"index, follow, max-snippet:-1, max-image-preview:large, max-video-preview:-1\" \/>\n<link rel=\"canonical\" href=\"https:\/\/swixed.ch\/de\/produkt\/sed20005\/\" \/>\n<meta property=\"og:locale\" content=\"de_DE\" \/>\n<meta property=\"og:type\" content=\"article\" \/>\n<meta property=\"og:title\" content=\"Edan X10 Vitalzeichenmonitor\" \/>\n<meta property=\"og:description\" content=\"Edan X10 Vitalzeichenmonitor mit ultrakompaktem Design. Hochmodernes \u00dcberwachungsinstrument f\u00fcr Patienten aller Altersgruppen.\" \/>\n<meta property=\"og:url\" content=\"https:\/\/swixed.ch\/de\/produkt\/sed20005\/\" \/>\n<meta property=\"og:site_name\" content=\"Swixed SA\" \/>\n<meta property=\"article:publisher\" content=\"https:\/\/www.facebook.com\/swixed\" \/>\n<meta property=\"article:modified_time\" content=\"2026-01-13T21:36:52+00:00\" \/>\n<meta property=\"og:image\" content=\"https:\/\/swixed.ch\/wp-content\/uploads\/products\/edan-x10-01.png\" \/>\n\t<meta property=\"og:image:width\" content=\"600\" \/>\n\t<meta property=\"og:image:height\" content=\"600\" \/>\n\t<meta property=\"og:image:type\" content=\"image\/png\" \/>\n<meta name=\"twitter:card\" content=\"summary_large_image\" \/>\n<meta name=\"twitter:label1\" content=\"Gesch\u00e4tzte Lesezeit\" \/>\n\t<meta name=\"twitter:data1\" content=\"1\u00a0Minute\" \/>\n<script type=\"application\/ld+json\" class=\"yoast-schema-graph\">{\"@context\":\"https:\\\/\\\/schema.org\",\"@graph\":[{\"@type\":\"WebPage\",\"@id\":\"https:\\\/\\\/swixed.ch\\\/de\\\/produkt\\\/sed20005\\\/\",\"url\":\"https:\\\/\\\/swixed.ch\\\/de\\\/produkt\\\/sed20005\\\/\",\"name\":\"Edan X10 Vitalzeichenmonitor | Swixed SA% Taktil und ultrakompakt\",\"isPartOf\":{\"@id\":\"https:\\\/\\\/swixed.ch\\\/de\\\/#website\"},\"primaryImageOfPage\":{\"@id\":\"https:\\\/\\\/swixed.ch\\\/de\\\/produkt\\\/sed20005\\\/#primaryimage\"},\"image\":{\"@id\":\"https:\\\/\\\/swixed.ch\\\/de\\\/produkt\\\/sed20005\\\/#primaryimage\"},\"thumbnailUrl\":\"https:\\\/\\\/swixed.ch\\\/wp-content\\\/uploads\\\/products\\\/edan-x10-01.png\",\"datePublished\":\"2022-09-05T07:48:44+00:00\",\"dateModified\":\"2026-01-13T21:36:52+00:00\",\"description\":\"Edan X10 Vitalzeichenmonitor mit ultrakompaktem Design. Hochmodernes \u00dcberwachungsinstrument f\u00fcr Patienten aller Altersgruppen.\",\"breadcrumb\":{\"@id\":\"https:\\\/\\\/swixed.ch\\\/de\\\/produkt\\\/sed20005\\\/#breadcrumb\"},\"inLanguage\":\"de\",\"potentialAction\":[{\"@type\":\"ReadAction\",\"target\":[\"https:\\\/\\\/swixed.ch\\\/de\\\/produkt\\\/sed20005\\\/\"]}]},{\"@type\":\"ImageObject\",\"inLanguage\":\"de\",\"@id\":\"https:\\\/\\\/swixed.ch\\\/de\\\/produkt\\\/sed20005\\\/#primaryimage\",\"url\":\"https:\\\/\\\/swixed.ch\\\/wp-content\\\/uploads\\\/products\\\/edan-x10-01.png\",\"contentUrl\":\"https:\\\/\\\/swixed.ch\\\/wp-content\\\/uploads\\\/products\\\/edan-x10-01.png\",\"width\":600,\"height\":600,\"caption\":\"Edan X10 Vitalzeichenmonitor\"},{\"@type\":\"BreadcrumbList\",\"@id\":\"https:\\\/\\\/swixed.ch\\\/de\\\/produkt\\\/sed20005\\\/#breadcrumb\",\"itemListElement\":[{\"@type\":\"ListItem\",\"position\":1,\"name\":\"Startseite\",\"item\":\"https:\\\/\\\/swixed.ch\\\/de\\\/home\\\/\"},{\"@type\":\"ListItem\",\"position\":2,\"name\":\"Shop\",\"item\":\"https:\\\/\\\/swixed.ch\\\/de\\\/shop\\\/\"},{\"@type\":\"ListItem\",\"position\":3,\"name\":\"Patientenmonitor\"}]},{\"@type\":\"WebSite\",\"@id\":\"https:\\\/\\\/swixed.ch\\\/de\\\/#website\",\"url\":\"https:\\\/\\\/swixed.ch\\\/de\\\/\",\"name\":\"Swixed SA\",\"description\":\"Elektronische Ger\u00e4te\",\"publisher\":{\"@id\":\"https:\\\/\\\/swixed.ch\\\/de\\\/#organization\"},\"potentialAction\":[{\"@type\":\"SearchAction\",\"target\":{\"@type\":\"EntryPoint\",\"urlTemplate\":\"https:\\\/\\\/swixed.ch\\\/de\\\/?s={search_term_string}\"},\"query-input\":{\"@type\":\"PropertyValueSpecification\",\"valueRequired\":true,\"valueName\":\"search_term_string\"}}],\"inLanguage\":\"de\"},{\"@type\":\"Organization\",\"@id\":\"https:\\\/\\\/swixed.ch\\\/de\\\/#organization\",\"name\":\"Swixed SA\",\"url\":\"https:\\\/\\\/swixed.ch\\\/de\\\/\",\"logo\":{\"@type\":\"ImageObject\",\"inLanguage\":\"de\",\"@id\":\"https:\\\/\\\/swixed.ch\\\/de\\\/#\\\/schema\\\/logo\\\/image\\\/\",\"url\":\"https:\\\/\\\/swixed.ch\\\/wp-content\\\/uploads\\\/logos\\\/swixed-logo-lite.png\",\"contentUrl\":\"https:\\\/\\\/swixed.ch\\\/wp-content\\\/uploads\\\/logos\\\/swixed-logo-lite.png\",\"width\":696,\"height\":696,\"caption\":\"Swixed SA\"},\"image\":{\"@id\":\"https:\\\/\\\/swixed.ch\\\/de\\\/#\\\/schema\\\/logo\\\/image\\\/\"},\"sameAs\":[\"https:\\\/\\\/www.facebook.com\\\/swixed\",\"https:\\\/\\\/www.linkedin.com\\\/company\\\/swixed\",\"https:\\\/\\\/www.youtube.com\\\/@swixedsa\"],\"description\":\"Swixed SA est une entreprise suisse bas\u00e9e \u00e0 Gen\u00e8ve, sp\u00e9cialis\u00e9e dans la vente, la location et la maintenance d\u2019appareils m\u00e9dicaux professionnels, tels que d\u00e9fibrillateurs AED, \u00e9lectrocardiographes, moniteurs patient et dispositifs de diagnostic.\",\"email\":\"infoshop@swixed.ch\",\"telephone\":\"+41 22 566 11 95\",\"legalName\":\"Swixed SA\",\"foundingDate\":\"2021-03-01\",\"numberOfEmployees\":{\"@type\":\"QuantitativeValue\",\"minValue\":\"1\",\"maxValue\":\"10\"}}]}<\/script>\n<!-- \/ Yoast SEO Premium plugin. -->","yoast_head_json":{"title":"Edan X10 Vitalzeichenmonitor | Swixed SA% Taktil und ultrakompakt","description":"Edan X10 Vitalzeichenmonitor mit ultrakompaktem Design. Hochmodernes \u00dcberwachungsinstrument f\u00fcr Patienten aller Altersgruppen.","robots":{"index":"index","follow":"follow","max-snippet":"max-snippet:-1","max-image-preview":"max-image-preview:large","max-video-preview":"max-video-preview:-1"},"canonical":"https:\/\/swixed.ch\/de\/produkt\/sed20005\/","og_locale":"de_DE","og_type":"article","og_title":"Edan X10 Vitalzeichenmonitor","og_description":"Edan X10 Vitalzeichenmonitor mit ultrakompaktem Design. Hochmodernes \u00dcberwachungsinstrument f\u00fcr Patienten aller Altersgruppen.","og_url":"https:\/\/swixed.ch\/de\/produkt\/sed20005\/","og_site_name":"Swixed SA","article_publisher":"https:\/\/www.facebook.com\/swixed","article_modified_time":"2026-01-13T21:36:52+00:00","og_image":[{"width":600,"height":600,"url":"https:\/\/swixed.ch\/wp-content\/uploads\/products\/edan-x10-01.png","type":"image\/png"}],"twitter_card":"summary_large_image","twitter_misc":{"Gesch\u00e4tzte Lesezeit":"1\u00a0Minute"},"schema":{"@context":"https:\/\/schema.org","@graph":[{"@type":"WebPage","@id":"https:\/\/swixed.ch\/de\/produkt\/sed20005\/","url":"https:\/\/swixed.ch\/de\/produkt\/sed20005\/","name":"Edan X10 Vitalzeichenmonitor | Swixed SA% Taktil und ultrakompakt","isPartOf":{"@id":"https:\/\/swixed.ch\/de\/#website"},"primaryImageOfPage":{"@id":"https:\/\/swixed.ch\/de\/produkt\/sed20005\/#primaryimage"},"image":{"@id":"https:\/\/swixed.ch\/de\/produkt\/sed20005\/#primaryimage"},"thumbnailUrl":"https:\/\/swixed.ch\/wp-content\/uploads\/products\/edan-x10-01.png","datePublished":"2022-09-05T07:48:44+00:00","dateModified":"2026-01-13T21:36:52+00:00","description":"Edan X10 Vitalzeichenmonitor mit ultrakompaktem Design. Hochmodernes \u00dcberwachungsinstrument f\u00fcr Patienten aller Altersgruppen.","breadcrumb":{"@id":"https:\/\/swixed.ch\/de\/produkt\/sed20005\/#breadcrumb"},"inLanguage":"de","potentialAction":[{"@type":"ReadAction","target":["https:\/\/swixed.ch\/de\/produkt\/sed20005\/"]}]},{"@type":"ImageObject","inLanguage":"de","@id":"https:\/\/swixed.ch\/de\/produkt\/sed20005\/#primaryimage","url":"https:\/\/swixed.ch\/wp-content\/uploads\/products\/edan-x10-01.png","contentUrl":"https:\/\/swixed.ch\/wp-content\/uploads\/products\/edan-x10-01.png","width":600,"height":600,"caption":"Edan X10 Vitalzeichenmonitor"},{"@type":"BreadcrumbList","@id":"https:\/\/swixed.ch\/de\/produkt\/sed20005\/#breadcrumb","itemListElement":[{"@type":"ListItem","position":1,"name":"Startseite","item":"https:\/\/swixed.ch\/de\/home\/"},{"@type":"ListItem","position":2,"name":"Shop","item":"https:\/\/swixed.ch\/de\/shop\/"},{"@type":"ListItem","position":3,"name":"Patientenmonitor"}]},{"@type":"WebSite","@id":"https:\/\/swixed.ch\/de\/#website","url":"https:\/\/swixed.ch\/de\/","name":"Swixed SA","description":"Elektronische Ger\u00e4te","publisher":{"@id":"https:\/\/swixed.ch\/de\/#organization"},"potentialAction":[{"@type":"SearchAction","target":{"@type":"EntryPoint","urlTemplate":"https:\/\/swixed.ch\/de\/?s={search_term_string}"},"query-input":{"@type":"PropertyValueSpecification","valueRequired":true,"valueName":"search_term_string"}}],"inLanguage":"de"},{"@type":"Organization","@id":"https:\/\/swixed.ch\/de\/#organization","name":"Swixed SA","url":"https:\/\/swixed.ch\/de\/","logo":{"@type":"ImageObject","inLanguage":"de","@id":"https:\/\/swixed.ch\/de\/#\/schema\/logo\/image\/","url":"https:\/\/swixed.ch\/wp-content\/uploads\/logos\/swixed-logo-lite.png","contentUrl":"https:\/\/swixed.ch\/wp-content\/uploads\/logos\/swixed-logo-lite.png","width":696,"height":696,"caption":"Swixed SA"},"image":{"@id":"https:\/\/swixed.ch\/de\/#\/schema\/logo\/image\/"},"sameAs":["https:\/\/www.facebook.com\/swixed","https:\/\/www.linkedin.com\/company\/swixed","https:\/\/www.youtube.com\/@swixedsa"],"description":"Swixed SA est une entreprise suisse bas\u00e9e \u00e0 Gen\u00e8ve, sp\u00e9cialis\u00e9e dans la vente, la location et la maintenance d\u2019appareils m\u00e9dicaux professionnels, tels que d\u00e9fibrillateurs AED, \u00e9lectrocardiographes, moniteurs patient et dispositifs de diagnostic.","email":"infoshop@swixed.ch","telephone":"+41 22 566 11 95","legalName":"Swixed SA","foundingDate":"2021-03-01","numberOfEmployees":{"@type":"QuantitativeValue","minValue":"1","maxValue":"10"}}]}},"_links":{"self":[{"href":"https:\/\/swixed.ch\/de\/wp-json\/wp\/v2\/product\/35398","targetHints":{"allow":["GET"]}}],"collection":[{"href":"https:\/\/swixed.ch\/de\/wp-json\/wp\/v2\/product"}],"about":[{"href":"https:\/\/swixed.ch\/de\/wp-json\/wp\/v2\/types\/product"}],"version-history":[{"count":0,"href":"https:\/\/swixed.ch\/de\/wp-json\/wp\/v2\/product\/35398\/revisions"}],"wp:featuredmedia":[{"embeddable":true,"href":"https:\/\/swixed.ch\/de\/wp-json\/wp\/v2\/media\/29603"}],"wp:attachment":[{"href":"https:\/\/swixed.ch\/de\/wp-json\/wp\/v2\/media?parent=35398"}],"wp:term":[{"taxonomy":"product_brand","embeddable":true,"href":"https:\/\/swixed.ch\/de\/wp-json\/wp\/v2\/product_brand?post=35398"},{"taxonomy":"product_cat","embeddable":true,"href":"https:\/\/swixed.ch\/de\/wp-json\/wp\/v2\/product_cat?post=35398"},{"taxonomy":"product_tag","embeddable":true,"href":"https:\/\/swixed.ch\/de\/wp-json\/wp\/v2\/product_tag?post=35398"}],"curies":[{"name":"wp","href":"https:\/\/api.w.org\/{rel}","templated":true}]}}