{"id":35480,"date":"2022-11-23T12:59:41","date_gmt":"2022-11-23T11:59:41","guid":{"rendered":"https:\/\/swixed.com\/produit\/edan-f6-express-fetal-und-muttermonitor\/"},"modified":"2026-04-20T19:02:15","modified_gmt":"2026-04-20T18:02:15","slug":"sed40005","status":"publish","type":"product","link":"https:\/\/swixed.ch\/de\/produkt\/sed40005\/","title":{"rendered":"Kardiotokograph Edan F6 Express + Zwillingsoption"},"content":{"rendered":"\t\t<div data-elementor-type=\"product-post\" data-elementor-id=\"35480\" class=\"elementor elementor-35480 elementor-14881\" data-elementor-post-type=\"product\">\n\t\t\t\t\t\t<section class=\"elementor-section elementor-top-section elementor-element elementor-element-566dfe8 elementor-section-boxed elementor-section-height-default elementor-section-height-default\" data-id=\"566dfe8\" data-element_type=\"section\" data-e-type=\"section\">\n\t\t\t\t\t\t<div class=\"elementor-container elementor-column-gap-default\">\n\t\t\t\t\t<div class=\"elementor-column elementor-col-100 elementor-top-column elementor-element elementor-element-2c4618e\" data-id=\"2c4618e\" data-element_type=\"column\" data-e-type=\"column\">\n\t\t\t<div class=\"elementor-widget-wrap elementor-element-populated\">\n\t\t\t\t\t\t<div class=\"elementor-element elementor-element-57fea7d elementor-widget elementor-widget-heading\" data-id=\"57fea7d\" data-element_type=\"widget\" data-e-type=\"widget\" data-widget_type=\"heading.default\">\n\t\t\t\t\t<h2 class=\"elementor-heading-title elementor-size-default\">Beschreibung<\/h2>\t\t\t\t<\/div>\n\t\t\t\t<div class=\"elementor-element elementor-element-e0a279c elementor-widget elementor-widget-text-editor\" data-id=\"e0a279c\" data-element_type=\"widget\" data-e-type=\"widget\" data-widget_type=\"text-editor.default\">\n\t\t\t\t\t\t\t\t\t<p>Der EDAN F6 Express Fetal- und Mutterschaftsmonitor ist eine zuverl\u00e4ssige und effektive L\u00f6sung f\u00fcr die \u00dcberwachung von schwangeren Frauen und ihren zuk\u00fcnftigen Kindern. Er verf\u00fcgt \u00fcber einen gro\u00dfen 10,2-Zoll-TFT-Farbbildschirm, der eine klare grafische Darstellung und einen vorab gespeicherten Ereignismarker f\u00fcr eine optimale \u00dcberwachung erm\u00f6glicht. <\/p><p>Der F6 Express wurde f\u00fcr die Zwillings\u00fcberwachung entwickelt und ist mit zwei hochempfindlichen RCF-Sensoren (optimale Frequenz von 1 MHz) ausgestattet, die eine bessere Durchdringung der Wellen und den Schutz des fetalen Gewebes gew\u00e4hrleisten. Die Erfassung der fetalen Bewegungen kann im automatischen oder manuellen Modus erfolgen. <\/p>\t\t\t\t\t\t\t\t<\/div>\n\t\t\t\t<div class=\"elementor-element elementor-element-5f7b13f elementor-widget elementor-widget-heading\" data-id=\"5f7b13f\" data-element_type=\"widget\" data-e-type=\"widget\" data-widget_type=\"heading.default\">\n\t\t\t\t\t<h2 class=\"elementor-heading-title elementor-size-default\">Monitoring-Funktionen<\/h2>\t\t\t\t<\/div>\n\t\t\t\t<div class=\"elementor-element elementor-element-789da74 elementor-widget elementor-widget-text-editor\" data-id=\"789da74\" data-element_type=\"widget\" data-e-type=\"widget\" data-widget_type=\"text-editor.default\">\n\t\t\t\t\t\t\t\t\t<ul><li><strong>Umfassende Messungen :<\/strong> Umfasst SpO2, Temperatur, Blutdruck und eine EKG-Kurve und bietet einen umfassenden \u00dcberblick \u00fcber die Gesundheit der Mutter.<\/li><li><strong>Berechnung der VCT:<\/strong> Erm\u00f6glicht die \u00dcberwachung von intrauteriner Wachstumsretardierung (IUGR) durch Analyse der fetalen Herzfrequenz und der Kurzzeitvariabilit\u00e4t.<\/li><\/ul>\t\t\t\t\t\t\t\t<\/div>\n\t\t\t\t<div class=\"elementor-element elementor-element-f752af1 elementor-widget elementor-widget-heading\" data-id=\"f752af1\" data-element_type=\"widget\" data-e-type=\"widget\" data-widget_type=\"heading.default\">\n\t\t\t\t\t<h3 class=\"elementor-heading-title elementor-size-default\">Video Edan F6<\/h3>\t\t\t\t<\/div>\n\t\t\t\t<div class=\"elementor-element elementor-element-3edd4c0 elementor-widget elementor-widget-template\" data-id=\"3edd4c0\" data-element_type=\"widget\" data-e-type=\"widget\" data-widget_type=\"template.default\">\n\t\t\t\t<div class=\"elementor-widget-container\">\n\t\t\t\t\t\t\t<div class=\"elementor-template\">\n\t\t\t\t\t<div data-elementor-type=\"section\" data-elementor-id=\"32669\" class=\"elementor elementor-32669 elementor-15455 elementor-15455\" data-elementor-post-type=\"elementor_library\">\n\t\t\t\t\t<section class=\"elementor-section elementor-inner-section elementor-element elementor-element-6279eb45 elementor-section-full_width elementor-section-height-default elementor-section-height-default\" data-id=\"6279eb45\" data-element_type=\"section\" data-e-type=\"section\">\n\t\t\t\t\t\t<div class=\"elementor-container elementor-column-gap-default\">\n\t\t\t\t\t<div class=\"elementor-column elementor-col-50 elementor-inner-column elementor-element elementor-element-33653143\" data-id=\"33653143\" data-element_type=\"column\" data-e-type=\"column\">\n\t\t\t<div class=\"elementor-widget-wrap\">\n\t\t\t\t\t\t\t<\/div>\n\t\t<\/div>\n\t\t\t\t<div class=\"elementor-column elementor-col-50 elementor-inner-column elementor-element elementor-element-37f6b510\" data-id=\"37f6b510\" data-element_type=\"column\" data-e-type=\"column\">\n\t\t\t<div class=\"elementor-widget-wrap\">\n\t\t\t\t\t\t\t<\/div>\n\t\t<\/div>\n\t\t\t\t\t<\/div>\n\t\t<\/section>\n\t\t\t\t<\/div>\n\t\t\t\t<\/div>\n\t\t\t\t\t\t<\/div>\n\t\t\t\t<\/div>\n\t\t\t\t<div class=\"elementor-element elementor-element-2b52652 elementor-widget elementor-widget-heading\" data-id=\"2b52652\" data-element_type=\"widget\" data-e-type=\"widget\" data-widget_type=\"heading.default\">\n\t\t\t\t\t<h2 class=\"elementor-heading-title elementor-size-default\">Technischer Teil<\/h2>\t\t\t\t<\/div>\n\t\t\t\t<div class=\"elementor-element elementor-element-cff0b6b elementor-widget elementor-widget-text-editor\" data-id=\"cff0b6b\" data-element_type=\"widget\" data-e-type=\"widget\" data-widget_type=\"text-editor.default\">\n\t\t\t\t\t\t\t\t\t<p>Der wiederaufladbare Akku hat keinen Memory-Effekt, so dass er w\u00e4hrend des Ladevorgangs weiter verwendet werden kann. Das Ger\u00e4t kann auch im Netzbetrieb eingesetzt werden. Mit seinem hochaufl\u00f6senden Thermodrucker bietet er Druckgeschwindigkeiten von 1, 2 oder 3 cm\/Min. und sein Speicher erm\u00f6glicht es, bis zu 60 Stunden Plots zu \u00fcberpr\u00fcfen.  <\/p><p>Es stehen drei Anzeigemodi zur Verf\u00fcgung: Plot + Werte, nur Plot oder nur Werte. Die SOV-Technologie (automatische \u00dcberpr\u00fcfung von Kreuzsignalen) f\u00fcr Zwillingsschwangerschaften ist integriert, mit Ereignismarkern und akustischen und visuellen Warnungen.<\/p>\t\t\t\t\t\t\t\t<\/div>\n\t\t\t\t<div class=\"elementor-element elementor-element-6fa5a32 elementor-widget elementor-widget-heading\" data-id=\"6fa5a32\" data-element_type=\"widget\" data-e-type=\"widget\" data-widget_type=\"heading.default\">\n\t\t\t\t\t<h2 class=\"elementor-heading-title elementor-size-default\">Inhalt<\/h2>\t\t\t\t<\/div>\n\t\t\t\t<div class=\"elementor-element elementor-element-9e6298c elementor-widget elementor-widget-text-editor\" data-id=\"9e6298c\" data-element_type=\"widget\" data-e-type=\"widget\" data-widget_type=\"text-editor.default\">\n\t\t\t\t\t\t\t\t\t<p>Der Edan F6 Express Monitor wird geliefert mit :<\/p><ul><li>1 externer TOCO-Sensor<\/li><li>2 RCF-Sensoren (1 MHz)<\/li><li>1 wiederverwendbarer SpO2-Sensor<\/li><li>1 NIBP-R\u00f6hre + wiederverwendbare Manschette f\u00fcr Erwachsene (27 cm &#8211; 35 cm)<\/li><li>1 3-adriges EKG-Kabel (3,4 Meter)<\/li><li>1 B\u00fcndel Papier<\/li><li>Lithium-Akku<\/li><li>2 Bauchgurte<\/li><li>1 Ultraschallgel<\/li><li>1 Netzkabel<\/li><li>Handbuch und Benutzerhandb\u00fccher (Sprache nach Wahl)<\/li><li>VCT inbegriffen<\/li><li>Ereignismarker enthalten<\/li><\/ul>\t\t\t\t\t\t\t\t<\/div>\n\t\t\t\t\t<\/div>\n\t\t<\/div>\n\t\t\t\t\t<\/div>\n\t\t<\/section>\n\t\t\t\t<\/div>\n\t\t","protected":false},"excerpt":{"rendered":"<p>Edan F6 Express Monitor mit 10,2&#8243; TFT-Farbdisplay. Doppel-FKG-Sensoren f\u00fcr gleichzeitige \u00dcberwachung von Zwillingen. Misst SpO\u2082, Temperatur und Blutdruck. Berechnung der VCT-Werte integriert.   <\/p>\n","protected":false},"featured_media":62970,"template":"","meta":{"_acf_changed":false},"product_brand":[2085],"product_cat":[1133,1134],"product_tag":[3304,3766,3774,3767,3709,3710,3769,3768,3771,3770,3773,3772,3309,3667,3718],"class_list":{"0":"post-35480","1":"product","2":"type-product","3":"status-publish","4":"has-post-thumbnail","6":"product_brand-edan-de","7":"product_cat-kardiotokographen","8":"product_cat-gerate-kardiotokographen","9":"product_tag-blutdruck-de","10":"product_tag-edan-f6-express-de","11":"product_tag-erkennung-fetaler-bewegungen","12":"product_tag-fetale-uberwachung","13":"product_tag-fetalmonitor","14":"product_tag-kardiothek","15":"product_tag-medizinische-ausrustung","16":"product_tag-mutterliche-uberwachung","17":"product_tag-rcf-sensoren","18":"product_tag-schwangerschaftsbetreuung","19":"product_tag-spo2-messung","20":"product_tag-tft-farbbildschirm","21":"product_tag-thermodrucker","22":"product_tag-tragbares-gerat","23":"product_tag-vct-variabilitat-des-herzrhythmus","25":"first","26":"instock","27":"sale","28":"taxable","29":"shipping-taxable","30":"purchasable","31":"product-type-simple"},"acf":[],"yoast_head":"<!-- This site is optimized with the Yoast SEO Premium plugin v27.4 (Yoast SEO v27.4) - https:\/\/yoast.com\/product\/yoast-seo-premium-wordpress\/ -->\n<title>Kardiotokograph Edan F6 Express + Zwillingsoption | Swixed SA<\/title>\n<meta name=\"description\" content=\"Edan F6 Express Fetal- und Muttermonitor: Leistungsstarker Kardiotokograph mit VCT, Farbbildschirm und umfassenden Funktionen f\u00fcr die Schwangerschafts\u00fcberwachung.\" \/>\n<meta name=\"robots\" content=\"index, follow, max-snippet:-1, max-image-preview:large, max-video-preview:-1\" \/>\n<link rel=\"canonical\" href=\"https:\/\/swixed.ch\/de\/produkt\/sed40005\/\" \/>\n<meta property=\"og:locale\" content=\"de_DE\" \/>\n<meta property=\"og:type\" content=\"article\" \/>\n<meta property=\"og:title\" content=\"Kardiotokograph Edan F6 Express + Zwillingsoption\" \/>\n<meta property=\"og:description\" content=\"Edan F6 Express Fetal- und Muttermonitor: Leistungsstarker Kardiotokograph mit VCT, Farbbildschirm und umfassenden Funktionen f\u00fcr die Schwangerschafts\u00fcberwachung.\" \/>\n<meta property=\"og:url\" content=\"https:\/\/swixed.ch\/de\/produkt\/sed40005\/\" \/>\n<meta property=\"og:site_name\" content=\"Swixed SA\" \/>\n<meta property=\"article:publisher\" content=\"https:\/\/www.facebook.com\/swixed\" \/>\n<meta property=\"article:modified_time\" content=\"2026-04-20T18:02:15+00:00\" \/>\n<meta property=\"og:image\" content=\"https:\/\/swixed.ch\/wp-content\/uploads\/2026\/01\/SED40005-01.png\" \/>\n\t<meta property=\"og:image:width\" content=\"600\" \/>\n\t<meta property=\"og:image:height\" content=\"600\" \/>\n\t<meta property=\"og:image:type\" content=\"image\/png\" \/>\n<meta name=\"twitter:card\" content=\"summary_large_image\" \/>\n<meta name=\"twitter:label1\" content=\"Gesch\u00e4tzte Lesezeit\" \/>\n\t<meta name=\"twitter:data1\" content=\"1\u00a0Minute\" \/>\n<script type=\"application\/ld+json\" class=\"yoast-schema-graph\">{\"@context\":\"https:\\\/\\\/schema.org\",\"@graph\":[{\"@type\":\"WebPage\",\"@id\":\"https:\\\/\\\/swixed.ch\\\/de\\\/produkt\\\/sed40005\\\/\",\"url\":\"https:\\\/\\\/swixed.ch\\\/de\\\/produkt\\\/sed40005\\\/\",\"name\":\"Kardiotokograph Edan F6 Express + Zwillingsoption | Swixed SA\",\"isPartOf\":{\"@id\":\"https:\\\/\\\/swixed.ch\\\/de\\\/#website\"},\"primaryImageOfPage\":{\"@id\":\"https:\\\/\\\/swixed.ch\\\/de\\\/produkt\\\/sed40005\\\/#primaryimage\"},\"image\":{\"@id\":\"https:\\\/\\\/swixed.ch\\\/de\\\/produkt\\\/sed40005\\\/#primaryimage\"},\"thumbnailUrl\":\"https:\\\/\\\/swixed.ch\\\/wp-content\\\/uploads\\\/2026\\\/01\\\/SED40005-01.png\",\"datePublished\":\"2022-11-23T11:59:41+00:00\",\"dateModified\":\"2026-04-20T18:02:15+00:00\",\"description\":\"Edan F6 Express Fetal- und Muttermonitor: Leistungsstarker Kardiotokograph mit VCT, Farbbildschirm und umfassenden Funktionen f\u00fcr die Schwangerschafts\u00fcberwachung.\",\"breadcrumb\":{\"@id\":\"https:\\\/\\\/swixed.ch\\\/de\\\/produkt\\\/sed40005\\\/#breadcrumb\"},\"inLanguage\":\"de\",\"potentialAction\":[{\"@type\":\"ReadAction\",\"target\":[\"https:\\\/\\\/swixed.ch\\\/de\\\/produkt\\\/sed40005\\\/\"]}]},{\"@type\":\"ImageObject\",\"inLanguage\":\"de\",\"@id\":\"https:\\\/\\\/swixed.ch\\\/de\\\/produkt\\\/sed40005\\\/#primaryimage\",\"url\":\"https:\\\/\\\/swixed.ch\\\/wp-content\\\/uploads\\\/2026\\\/01\\\/SED40005-01.png\",\"contentUrl\":\"https:\\\/\\\/swixed.ch\\\/wp-content\\\/uploads\\\/2026\\\/01\\\/SED40005-01.png\",\"width\":600,\"height\":600,\"caption\":\"SED40005, SED40006\"},{\"@type\":\"BreadcrumbList\",\"@id\":\"https:\\\/\\\/swixed.ch\\\/de\\\/produkt\\\/sed40005\\\/#breadcrumb\",\"itemListElement\":[{\"@type\":\"ListItem\",\"position\":1,\"name\":\"Startseite\",\"item\":\"https:\\\/\\\/swixed.ch\\\/de\\\/home\\\/\"},{\"@type\":\"ListItem\",\"position\":2,\"name\":\"Shop\",\"item\":\"https:\\\/\\\/swixed.ch\\\/de\\\/shop\\\/\"},{\"@type\":\"ListItem\",\"position\":3,\"name\":\"Kardiotokograph Edan F6 Express + Zwillingsoption\"}]},{\"@type\":\"WebSite\",\"@id\":\"https:\\\/\\\/swixed.ch\\\/de\\\/#website\",\"url\":\"https:\\\/\\\/swixed.ch\\\/de\\\/\",\"name\":\"Swixed SA\",\"description\":\"Elektronische Ger\u00e4te\",\"publisher\":{\"@id\":\"https:\\\/\\\/swixed.ch\\\/de\\\/#organization\"},\"potentialAction\":[{\"@type\":\"SearchAction\",\"target\":{\"@type\":\"EntryPoint\",\"urlTemplate\":\"https:\\\/\\\/swixed.ch\\\/de\\\/?s={search_term_string}\"},\"query-input\":{\"@type\":\"PropertyValueSpecification\",\"valueRequired\":true,\"valueName\":\"search_term_string\"}}],\"inLanguage\":\"de\"},{\"@type\":\"Organization\",\"@id\":\"https:\\\/\\\/swixed.ch\\\/de\\\/#organization\",\"name\":\"Swixed SA\",\"url\":\"https:\\\/\\\/swixed.ch\\\/de\\\/\",\"logo\":{\"@type\":\"ImageObject\",\"inLanguage\":\"de\",\"@id\":\"https:\\\/\\\/swixed.ch\\\/de\\\/#\\\/schema\\\/logo\\\/image\\\/\",\"url\":\"https:\\\/\\\/swixed.ch\\\/wp-content\\\/uploads\\\/logos\\\/swixed-logo-lite.png\",\"contentUrl\":\"https:\\\/\\\/swixed.ch\\\/wp-content\\\/uploads\\\/logos\\\/swixed-logo-lite.png\",\"width\":696,\"height\":696,\"caption\":\"Swixed SA\"},\"image\":{\"@id\":\"https:\\\/\\\/swixed.ch\\\/de\\\/#\\\/schema\\\/logo\\\/image\\\/\"},\"sameAs\":[\"https:\\\/\\\/www.facebook.com\\\/swixed\",\"https:\\\/\\\/www.linkedin.com\\\/company\\\/swixed\",\"https:\\\/\\\/www.youtube.com\\\/@swixedsa\"],\"description\":\"Swixed SA est une entreprise suisse bas\u00e9e \u00e0 Gen\u00e8ve, sp\u00e9cialis\u00e9e dans la vente, la location et la maintenance d\u2019appareils m\u00e9dicaux professionnels, tels que d\u00e9fibrillateurs AED, \u00e9lectrocardiographes, moniteurs patient et dispositifs de diagnostic.\",\"email\":\"infoshop@swixed.ch\",\"telephone\":\"+41 22 566 11 95\",\"legalName\":\"Swixed SA\",\"foundingDate\":\"2021-03-01\",\"numberOfEmployees\":{\"@type\":\"QuantitativeValue\",\"minValue\":\"1\",\"maxValue\":\"10\"}}]}<\/script>\n<!-- \/ Yoast SEO Premium plugin. -->","yoast_head_json":{"title":"Kardiotokograph Edan F6 Express + Zwillingsoption | Swixed SA","description":"Edan F6 Express Fetal- und Muttermonitor: Leistungsstarker Kardiotokograph mit VCT, Farbbildschirm und umfassenden Funktionen f\u00fcr die Schwangerschafts\u00fcberwachung.","robots":{"index":"index","follow":"follow","max-snippet":"max-snippet:-1","max-image-preview":"max-image-preview:large","max-video-preview":"max-video-preview:-1"},"canonical":"https:\/\/swixed.ch\/de\/produkt\/sed40005\/","og_locale":"de_DE","og_type":"article","og_title":"Kardiotokograph Edan F6 Express + Zwillingsoption","og_description":"Edan F6 Express Fetal- und Muttermonitor: Leistungsstarker Kardiotokograph mit VCT, Farbbildschirm und umfassenden Funktionen f\u00fcr die Schwangerschafts\u00fcberwachung.","og_url":"https:\/\/swixed.ch\/de\/produkt\/sed40005\/","og_site_name":"Swixed SA","article_publisher":"https:\/\/www.facebook.com\/swixed","article_modified_time":"2026-04-20T18:02:15+00:00","og_image":[{"width":600,"height":600,"url":"https:\/\/swixed.ch\/wp-content\/uploads\/2026\/01\/SED40005-01.png","type":"image\/png"}],"twitter_card":"summary_large_image","twitter_misc":{"Gesch\u00e4tzte Lesezeit":"1\u00a0Minute"},"schema":{"@context":"https:\/\/schema.org","@graph":[{"@type":"WebPage","@id":"https:\/\/swixed.ch\/de\/produkt\/sed40005\/","url":"https:\/\/swixed.ch\/de\/produkt\/sed40005\/","name":"Kardiotokograph Edan F6 Express + Zwillingsoption | Swixed SA","isPartOf":{"@id":"https:\/\/swixed.ch\/de\/#website"},"primaryImageOfPage":{"@id":"https:\/\/swixed.ch\/de\/produkt\/sed40005\/#primaryimage"},"image":{"@id":"https:\/\/swixed.ch\/de\/produkt\/sed40005\/#primaryimage"},"thumbnailUrl":"https:\/\/swixed.ch\/wp-content\/uploads\/2026\/01\/SED40005-01.png","datePublished":"2022-11-23T11:59:41+00:00","dateModified":"2026-04-20T18:02:15+00:00","description":"Edan F6 Express Fetal- und Muttermonitor: Leistungsstarker Kardiotokograph mit VCT, Farbbildschirm und umfassenden Funktionen f\u00fcr die Schwangerschafts\u00fcberwachung.","breadcrumb":{"@id":"https:\/\/swixed.ch\/de\/produkt\/sed40005\/#breadcrumb"},"inLanguage":"de","potentialAction":[{"@type":"ReadAction","target":["https:\/\/swixed.ch\/de\/produkt\/sed40005\/"]}]},{"@type":"ImageObject","inLanguage":"de","@id":"https:\/\/swixed.ch\/de\/produkt\/sed40005\/#primaryimage","url":"https:\/\/swixed.ch\/wp-content\/uploads\/2026\/01\/SED40005-01.png","contentUrl":"https:\/\/swixed.ch\/wp-content\/uploads\/2026\/01\/SED40005-01.png","width":600,"height":600,"caption":"SED40005, SED40006"},{"@type":"BreadcrumbList","@id":"https:\/\/swixed.ch\/de\/produkt\/sed40005\/#breadcrumb","itemListElement":[{"@type":"ListItem","position":1,"name":"Startseite","item":"https:\/\/swixed.ch\/de\/home\/"},{"@type":"ListItem","position":2,"name":"Shop","item":"https:\/\/swixed.ch\/de\/shop\/"},{"@type":"ListItem","position":3,"name":"Kardiotokograph Edan F6 Express + Zwillingsoption"}]},{"@type":"WebSite","@id":"https:\/\/swixed.ch\/de\/#website","url":"https:\/\/swixed.ch\/de\/","name":"Swixed SA","description":"Elektronische Ger\u00e4te","publisher":{"@id":"https:\/\/swixed.ch\/de\/#organization"},"potentialAction":[{"@type":"SearchAction","target":{"@type":"EntryPoint","urlTemplate":"https:\/\/swixed.ch\/de\/?s={search_term_string}"},"query-input":{"@type":"PropertyValueSpecification","valueRequired":true,"valueName":"search_term_string"}}],"inLanguage":"de"},{"@type":"Organization","@id":"https:\/\/swixed.ch\/de\/#organization","name":"Swixed SA","url":"https:\/\/swixed.ch\/de\/","logo":{"@type":"ImageObject","inLanguage":"de","@id":"https:\/\/swixed.ch\/de\/#\/schema\/logo\/image\/","url":"https:\/\/swixed.ch\/wp-content\/uploads\/logos\/swixed-logo-lite.png","contentUrl":"https:\/\/swixed.ch\/wp-content\/uploads\/logos\/swixed-logo-lite.png","width":696,"height":696,"caption":"Swixed SA"},"image":{"@id":"https:\/\/swixed.ch\/de\/#\/schema\/logo\/image\/"},"sameAs":["https:\/\/www.facebook.com\/swixed","https:\/\/www.linkedin.com\/company\/swixed","https:\/\/www.youtube.com\/@swixedsa"],"description":"Swixed SA est une entreprise suisse bas\u00e9e \u00e0 Gen\u00e8ve, sp\u00e9cialis\u00e9e dans la vente, la location et la maintenance d\u2019appareils m\u00e9dicaux professionnels, tels que d\u00e9fibrillateurs AED, \u00e9lectrocardiographes, moniteurs patient et dispositifs de diagnostic.","email":"infoshop@swixed.ch","telephone":"+41 22 566 11 95","legalName":"Swixed SA","foundingDate":"2021-03-01","numberOfEmployees":{"@type":"QuantitativeValue","minValue":"1","maxValue":"10"}}]}},"_links":{"self":[{"href":"https:\/\/swixed.ch\/de\/wp-json\/wp\/v2\/product\/35480","targetHints":{"allow":["GET"]}}],"collection":[{"href":"https:\/\/swixed.ch\/de\/wp-json\/wp\/v2\/product"}],"about":[{"href":"https:\/\/swixed.ch\/de\/wp-json\/wp\/v2\/types\/product"}],"version-history":[{"count":1,"href":"https:\/\/swixed.ch\/de\/wp-json\/wp\/v2\/product\/35480\/revisions"}],"predecessor-version":[{"id":62971,"href":"https:\/\/swixed.ch\/de\/wp-json\/wp\/v2\/product\/35480\/revisions\/62971"}],"wp:featuredmedia":[{"embeddable":true,"href":"https:\/\/swixed.ch\/de\/wp-json\/wp\/v2\/media\/62970"}],"wp:attachment":[{"href":"https:\/\/swixed.ch\/de\/wp-json\/wp\/v2\/media?parent=35480"}],"wp:term":[{"taxonomy":"product_brand","embeddable":true,"href":"https:\/\/swixed.ch\/de\/wp-json\/wp\/v2\/product_brand?post=35480"},{"taxonomy":"product_cat","embeddable":true,"href":"https:\/\/swixed.ch\/de\/wp-json\/wp\/v2\/product_cat?post=35480"},{"taxonomy":"product_tag","embeddable":true,"href":"https:\/\/swixed.ch\/de\/wp-json\/wp\/v2\/product_tag?post=35480"}],"curies":[{"name":"wp","href":"https:\/\/api.w.org\/{rel}","templated":true}]}}