{"id":35519,"date":"2022-09-16T23:52:08","date_gmt":"2022-09-16T22:52:08","guid":{"rendered":"https:\/\/swixed.com\/produit\/ekg-option-mit-6-12-ableitungen-fuer-edan-x-serien-monitor\/"},"modified":"2026-04-19T17:13:27","modified_gmt":"2026-04-19T16:13:27","slug":"sed22006","status":"publish","type":"product","link":"https:\/\/swixed.ch\/de\/produkt\/sed22006\/","title":{"rendered":"Option f\u00fcr 6- bis 12-Kanal-EKG f\u00fcr den Monitor der Edan X-Serie"},"content":{"rendered":"\t\t<div data-elementor-type=\"product-post\" data-elementor-id=\"35519\" class=\"elementor elementor-35519 elementor-14121\" data-elementor-post-type=\"product\">\n\t\t\t\t\t\t<section class=\"elementor-section elementor-top-section elementor-element elementor-element-566dfe8 elementor-section-full_width elementor-section-height-default elementor-section-height-default\" data-id=\"566dfe8\" data-element_type=\"section\" data-e-type=\"section\">\n\t\t\t\t\t\t<div class=\"elementor-container elementor-column-gap-default\">\n\t\t\t\t\t<div class=\"elementor-column elementor-col-100 elementor-top-column elementor-element elementor-element-2c4618e\" data-id=\"2c4618e\" data-element_type=\"column\" data-e-type=\"column\">\n\t\t\t<div class=\"elementor-widget-wrap elementor-element-populated\">\n\t\t\t\t\t\t<div class=\"elementor-element elementor-element-57fea7d elementor-widget elementor-widget-heading\" data-id=\"57fea7d\" data-element_type=\"widget\" data-e-type=\"widget\" data-widget_type=\"heading.default\">\n\t\t\t\t\t<h2 class=\"elementor-heading-title elementor-size-default\">Beschreibung<\/h2>\t\t\t\t<\/div>\n\t\t\t\t<div class=\"elementor-element elementor-element-e0a279c elementor-widget elementor-widget-text-editor\" data-id=\"e0a279c\" data-element_type=\"widget\" data-e-type=\"widget\" data-widget_type=\"text-editor.default\">\n\t\t\t\t\t\t\t\t\t<p>Die Option <strong>EKG 6-12 Ableitungen<\/strong> f\u00fcr den Monitor Edan Xseries kann <strong>beim Kauf<\/strong> eines Ger\u00e4ts Edan <strong>X8, Edan X10 oder Edan X12<\/strong> <strong>hinzugef\u00fcgt<\/strong> werden.<\/p><p>Mit dieser Option kann ein <strong>10-adriges Kabel<\/strong> an den Monitor angeschlossen werden, das die Aufzeichnung von Elektrokardiogrammen mit <strong>6 oder 12 Ableitungen<\/strong> anstelle der 3 Ableitungen erm\u00f6glicht, die mit dem Patientenkabel m\u00f6glich sind, das beim Kauf eines Edan Xseries Basisger\u00e4ts mitgeliefert wird.<\/p><p>Die Option EKG 6-12 Ableitungen enth\u00e4lt:<\/p><ul><li>Modul 6-12 Abzweigung integrierbar<\/li><li>Hauptkabel 2,6 Meter<\/li><li>Patientenkabel 10 Ableitungen 0,9 Meter<\/li><\/ul><p><strong>HINWEIS: Diese Option kann nur beim Kauf des Ger\u00e4ts erworben werden und kann nicht nachtr\u00e4glich hinzugef\u00fcgt<\/strong> werden.<\/p>\t\t\t\t\t\t\t\t<\/div>\n\t\t\t\t\t<\/div>\n\t\t<\/div>\n\t\t\t\t\t<\/div>\n\t\t<\/section>\n\t\t\t\t<\/div>\n\t\t","protected":false},"excerpt":{"rendered":"<p>Diese optionale Erweiterung aktiviert die 6- oder 12-Kanal-EKG-Funktion bei Edan Monitoren der X-Serie (X8, X10, X12). Sie erfordert ein separates 10-adriges EKG-Kabel (nicht enthalten) und wird \u00fcber den vorgesehenen Anschluss verbunden. CE-zertifizierte Funktion, nur kompatibel mit Edan X-Modellen.  <\/p>\n","protected":false},"featured_media":32195,"template":"","meta":{"_acf_changed":false},"product_brand":[2085],"product_cat":[970,1203],"product_tag":[982,998,1558,1561,1556],"class_list":{"0":"post-35519","1":"product","2":"type-product","3":"status-publish","4":"has-post-thumbnail","6":"product_brand-edan-de","7":"product_cat-patientenmonitore","8":"product_cat-zubehor-patientenmonitore","9":"product_tag-ecg-de","10":"product_tag-monitoring-de","11":"product_tag-x10-de","12":"product_tag-x12-de","13":"product_tag-x8-de","15":"first","16":"instock","17":"taxable","18":"shipping-taxable","19":"purchasable","20":"product-type-simple"},"acf":[],"yoast_head":"<!-- This site is optimized with the Yoast SEO Premium plugin v27.4 (Yoast SEO v27.4) - https:\/\/yoast.com\/product\/yoast-seo-premium-wordpress\/ -->\n<title>Option f\u00fcr 6- bis 12-Kanal-EKG f\u00fcr den Monitor der Edan X-Serie | Swixed SA<\/title>\n<meta name=\"description\" content=\"Die Option EKG 6-12 Ableitungen f\u00fcr Edan Xseries Monitor kann beim Kauf eines Edan X8, Edan X10 oder Edan X12 Ger\u00e4ts hinzugef\u00fcgt werden.\" \/>\n<meta name=\"robots\" content=\"index, follow, max-snippet:-1, max-image-preview:large, max-video-preview:-1\" \/>\n<link rel=\"canonical\" href=\"https:\/\/swixed.ch\/de\/produkt\/sed22006\/\" \/>\n<meta property=\"og:locale\" content=\"de_DE\" \/>\n<meta property=\"og:type\" content=\"article\" \/>\n<meta property=\"og:title\" content=\"Option f\u00fcr 6- bis 12-Kanal-EKG f\u00fcr den Monitor der Edan X-Serie\" \/>\n<meta property=\"og:description\" content=\"Die Option EKG 6-12 Ableitungen f\u00fcr Edan Xseries Monitor kann beim Kauf eines Edan X8, Edan X10 oder Edan X12 Ger\u00e4ts hinzugef\u00fcgt werden.\" \/>\n<meta property=\"og:url\" content=\"https:\/\/swixed.ch\/de\/produkt\/sed22006\/\" \/>\n<meta property=\"og:site_name\" content=\"Swixed SA\" \/>\n<meta property=\"article:publisher\" content=\"https:\/\/www.facebook.com\/swixed\" \/>\n<meta property=\"article:modified_time\" content=\"2026-04-19T16:13:27+00:00\" \/>\n<meta property=\"og:image\" content=\"https:\/\/swixed.ch\/wp-content\/uploads\/products\/edan-divers.png\" \/>\n\t<meta property=\"og:image:width\" content=\"600\" \/>\n\t<meta property=\"og:image:height\" content=\"600\" \/>\n\t<meta property=\"og:image:type\" content=\"image\/png\" \/>\n<meta name=\"twitter:card\" content=\"summary_large_image\" \/>\n<meta name=\"twitter:label1\" content=\"Gesch\u00e4tzte Lesezeit\" \/>\n\t<meta name=\"twitter:data1\" content=\"1\u00a0Minute\" \/>\n<script type=\"application\/ld+json\" class=\"yoast-schema-graph\">{\"@context\":\"https:\\\/\\\/schema.org\",\"@graph\":[{\"@type\":\"WebPage\",\"@id\":\"https:\\\/\\\/swixed.ch\\\/de\\\/produkt\\\/sed22006\\\/\",\"url\":\"https:\\\/\\\/swixed.ch\\\/de\\\/produkt\\\/sed22006\\\/\",\"name\":\"Option f\u00fcr 6- bis 12-Kanal-EKG f\u00fcr den Monitor der Edan X-Serie | Swixed SA\",\"isPartOf\":{\"@id\":\"https:\\\/\\\/swixed.ch\\\/de\\\/#website\"},\"primaryImageOfPage\":{\"@id\":\"https:\\\/\\\/swixed.ch\\\/de\\\/produkt\\\/sed22006\\\/#primaryimage\"},\"image\":{\"@id\":\"https:\\\/\\\/swixed.ch\\\/de\\\/produkt\\\/sed22006\\\/#primaryimage\"},\"thumbnailUrl\":\"https:\\\/\\\/swixed.ch\\\/wp-content\\\/uploads\\\/products\\\/edan-divers.png\",\"datePublished\":\"2022-09-16T22:52:08+00:00\",\"dateModified\":\"2026-04-19T16:13:27+00:00\",\"description\":\"Die Option EKG 6-12 Ableitungen f\u00fcr Edan Xseries Monitor kann beim Kauf eines Edan X8, Edan X10 oder Edan X12 Ger\u00e4ts hinzugef\u00fcgt werden.\",\"breadcrumb\":{\"@id\":\"https:\\\/\\\/swixed.ch\\\/de\\\/produkt\\\/sed22006\\\/#breadcrumb\"},\"inLanguage\":\"de\",\"potentialAction\":[{\"@type\":\"ReadAction\",\"target\":[\"https:\\\/\\\/swixed.ch\\\/de\\\/produkt\\\/sed22006\\\/\"]}]},{\"@type\":\"ImageObject\",\"inLanguage\":\"de\",\"@id\":\"https:\\\/\\\/swixed.ch\\\/de\\\/produkt\\\/sed22006\\\/#primaryimage\",\"url\":\"https:\\\/\\\/swixed.ch\\\/wp-content\\\/uploads\\\/products\\\/edan-divers.png\",\"contentUrl\":\"https:\\\/\\\/swixed.ch\\\/wp-content\\\/uploads\\\/products\\\/edan-divers.png\",\"width\":600,\"height\":600,\"caption\":\"verschiedene edan\"},{\"@type\":\"BreadcrumbList\",\"@id\":\"https:\\\/\\\/swixed.ch\\\/de\\\/produkt\\\/sed22006\\\/#breadcrumb\",\"itemListElement\":[{\"@type\":\"ListItem\",\"position\":1,\"name\":\"Startseite\",\"item\":\"https:\\\/\\\/swixed.ch\\\/de\\\/home\\\/\"},{\"@type\":\"ListItem\",\"position\":2,\"name\":\"Shop\",\"item\":\"https:\\\/\\\/swixed.ch\\\/de\\\/shop\\\/\"},{\"@type\":\"ListItem\",\"position\":3,\"name\":\"Option f\u00fcr 6- bis 12-Kanal-EKG f\u00fcr den Monitor der Edan X-Serie\"}]},{\"@type\":\"WebSite\",\"@id\":\"https:\\\/\\\/swixed.ch\\\/de\\\/#website\",\"url\":\"https:\\\/\\\/swixed.ch\\\/de\\\/\",\"name\":\"Swixed SA\",\"description\":\"Elektronische Ger\u00e4te\",\"publisher\":{\"@id\":\"https:\\\/\\\/swixed.ch\\\/de\\\/#organization\"},\"potentialAction\":[{\"@type\":\"SearchAction\",\"target\":{\"@type\":\"EntryPoint\",\"urlTemplate\":\"https:\\\/\\\/swixed.ch\\\/de\\\/?s={search_term_string}\"},\"query-input\":{\"@type\":\"PropertyValueSpecification\",\"valueRequired\":true,\"valueName\":\"search_term_string\"}}],\"inLanguage\":\"de\"},{\"@type\":\"Organization\",\"@id\":\"https:\\\/\\\/swixed.ch\\\/de\\\/#organization\",\"name\":\"Swixed SA\",\"url\":\"https:\\\/\\\/swixed.ch\\\/de\\\/\",\"logo\":{\"@type\":\"ImageObject\",\"inLanguage\":\"de\",\"@id\":\"https:\\\/\\\/swixed.ch\\\/de\\\/#\\\/schema\\\/logo\\\/image\\\/\",\"url\":\"https:\\\/\\\/swixed.ch\\\/wp-content\\\/uploads\\\/logos\\\/swixed-logo-lite.png\",\"contentUrl\":\"https:\\\/\\\/swixed.ch\\\/wp-content\\\/uploads\\\/logos\\\/swixed-logo-lite.png\",\"width\":696,\"height\":696,\"caption\":\"Swixed SA\"},\"image\":{\"@id\":\"https:\\\/\\\/swixed.ch\\\/de\\\/#\\\/schema\\\/logo\\\/image\\\/\"},\"sameAs\":[\"https:\\\/\\\/www.facebook.com\\\/swixed\",\"https:\\\/\\\/www.linkedin.com\\\/company\\\/swixed\",\"https:\\\/\\\/www.youtube.com\\\/@swixedsa\"],\"description\":\"Swixed SA est une entreprise suisse bas\u00e9e \u00e0 Gen\u00e8ve, sp\u00e9cialis\u00e9e dans la vente, la location et la maintenance d\u2019appareils m\u00e9dicaux professionnels, tels que d\u00e9fibrillateurs AED, \u00e9lectrocardiographes, moniteurs patient et dispositifs de diagnostic.\",\"email\":\"infoshop@swixed.ch\",\"telephone\":\"+41 22 566 11 95\",\"legalName\":\"Swixed SA\",\"foundingDate\":\"2021-03-01\",\"numberOfEmployees\":{\"@type\":\"QuantitativeValue\",\"minValue\":\"1\",\"maxValue\":\"10\"}}]}<\/script>\n<!-- \/ Yoast SEO Premium plugin. -->","yoast_head_json":{"title":"Option f\u00fcr 6- bis 12-Kanal-EKG f\u00fcr den Monitor der Edan X-Serie | Swixed SA","description":"Die Option EKG 6-12 Ableitungen f\u00fcr Edan Xseries Monitor kann beim Kauf eines Edan X8, Edan X10 oder Edan X12 Ger\u00e4ts hinzugef\u00fcgt werden.","robots":{"index":"index","follow":"follow","max-snippet":"max-snippet:-1","max-image-preview":"max-image-preview:large","max-video-preview":"max-video-preview:-1"},"canonical":"https:\/\/swixed.ch\/de\/produkt\/sed22006\/","og_locale":"de_DE","og_type":"article","og_title":"Option f\u00fcr 6- bis 12-Kanal-EKG f\u00fcr den Monitor der Edan X-Serie","og_description":"Die Option EKG 6-12 Ableitungen f\u00fcr Edan Xseries Monitor kann beim Kauf eines Edan X8, Edan X10 oder Edan X12 Ger\u00e4ts hinzugef\u00fcgt werden.","og_url":"https:\/\/swixed.ch\/de\/produkt\/sed22006\/","og_site_name":"Swixed SA","article_publisher":"https:\/\/www.facebook.com\/swixed","article_modified_time":"2026-04-19T16:13:27+00:00","og_image":[{"width":600,"height":600,"url":"https:\/\/swixed.ch\/wp-content\/uploads\/products\/edan-divers.png","type":"image\/png"}],"twitter_card":"summary_large_image","twitter_misc":{"Gesch\u00e4tzte Lesezeit":"1\u00a0Minute"},"schema":{"@context":"https:\/\/schema.org","@graph":[{"@type":"WebPage","@id":"https:\/\/swixed.ch\/de\/produkt\/sed22006\/","url":"https:\/\/swixed.ch\/de\/produkt\/sed22006\/","name":"Option f\u00fcr 6- bis 12-Kanal-EKG f\u00fcr den Monitor der Edan X-Serie | Swixed SA","isPartOf":{"@id":"https:\/\/swixed.ch\/de\/#website"},"primaryImageOfPage":{"@id":"https:\/\/swixed.ch\/de\/produkt\/sed22006\/#primaryimage"},"image":{"@id":"https:\/\/swixed.ch\/de\/produkt\/sed22006\/#primaryimage"},"thumbnailUrl":"https:\/\/swixed.ch\/wp-content\/uploads\/products\/edan-divers.png","datePublished":"2022-09-16T22:52:08+00:00","dateModified":"2026-04-19T16:13:27+00:00","description":"Die Option EKG 6-12 Ableitungen f\u00fcr Edan Xseries Monitor kann beim Kauf eines Edan X8, Edan X10 oder Edan X12 Ger\u00e4ts hinzugef\u00fcgt werden.","breadcrumb":{"@id":"https:\/\/swixed.ch\/de\/produkt\/sed22006\/#breadcrumb"},"inLanguage":"de","potentialAction":[{"@type":"ReadAction","target":["https:\/\/swixed.ch\/de\/produkt\/sed22006\/"]}]},{"@type":"ImageObject","inLanguage":"de","@id":"https:\/\/swixed.ch\/de\/produkt\/sed22006\/#primaryimage","url":"https:\/\/swixed.ch\/wp-content\/uploads\/products\/edan-divers.png","contentUrl":"https:\/\/swixed.ch\/wp-content\/uploads\/products\/edan-divers.png","width":600,"height":600,"caption":"verschiedene edan"},{"@type":"BreadcrumbList","@id":"https:\/\/swixed.ch\/de\/produkt\/sed22006\/#breadcrumb","itemListElement":[{"@type":"ListItem","position":1,"name":"Startseite","item":"https:\/\/swixed.ch\/de\/home\/"},{"@type":"ListItem","position":2,"name":"Shop","item":"https:\/\/swixed.ch\/de\/shop\/"},{"@type":"ListItem","position":3,"name":"Option f\u00fcr 6- bis 12-Kanal-EKG f\u00fcr den Monitor der Edan X-Serie"}]},{"@type":"WebSite","@id":"https:\/\/swixed.ch\/de\/#website","url":"https:\/\/swixed.ch\/de\/","name":"Swixed SA","description":"Elektronische Ger\u00e4te","publisher":{"@id":"https:\/\/swixed.ch\/de\/#organization"},"potentialAction":[{"@type":"SearchAction","target":{"@type":"EntryPoint","urlTemplate":"https:\/\/swixed.ch\/de\/?s={search_term_string}"},"query-input":{"@type":"PropertyValueSpecification","valueRequired":true,"valueName":"search_term_string"}}],"inLanguage":"de"},{"@type":"Organization","@id":"https:\/\/swixed.ch\/de\/#organization","name":"Swixed SA","url":"https:\/\/swixed.ch\/de\/","logo":{"@type":"ImageObject","inLanguage":"de","@id":"https:\/\/swixed.ch\/de\/#\/schema\/logo\/image\/","url":"https:\/\/swixed.ch\/wp-content\/uploads\/logos\/swixed-logo-lite.png","contentUrl":"https:\/\/swixed.ch\/wp-content\/uploads\/logos\/swixed-logo-lite.png","width":696,"height":696,"caption":"Swixed SA"},"image":{"@id":"https:\/\/swixed.ch\/de\/#\/schema\/logo\/image\/"},"sameAs":["https:\/\/www.facebook.com\/swixed","https:\/\/www.linkedin.com\/company\/swixed","https:\/\/www.youtube.com\/@swixedsa"],"description":"Swixed SA est une entreprise suisse bas\u00e9e \u00e0 Gen\u00e8ve, sp\u00e9cialis\u00e9e dans la vente, la location et la maintenance d\u2019appareils m\u00e9dicaux professionnels, tels que d\u00e9fibrillateurs AED, \u00e9lectrocardiographes, moniteurs patient et dispositifs de diagnostic.","email":"infoshop@swixed.ch","telephone":"+41 22 566 11 95","legalName":"Swixed SA","foundingDate":"2021-03-01","numberOfEmployees":{"@type":"QuantitativeValue","minValue":"1","maxValue":"10"}}]}},"_links":{"self":[{"href":"https:\/\/swixed.ch\/de\/wp-json\/wp\/v2\/product\/35519","targetHints":{"allow":["GET"]}}],"collection":[{"href":"https:\/\/swixed.ch\/de\/wp-json\/wp\/v2\/product"}],"about":[{"href":"https:\/\/swixed.ch\/de\/wp-json\/wp\/v2\/types\/product"}],"version-history":[{"count":1,"href":"https:\/\/swixed.ch\/de\/wp-json\/wp\/v2\/product\/35519\/revisions"}],"predecessor-version":[{"id":62797,"href":"https:\/\/swixed.ch\/de\/wp-json\/wp\/v2\/product\/35519\/revisions\/62797"}],"wp:featuredmedia":[{"embeddable":true,"href":"https:\/\/swixed.ch\/de\/wp-json\/wp\/v2\/media\/32195"}],"wp:attachment":[{"href":"https:\/\/swixed.ch\/de\/wp-json\/wp\/v2\/media?parent=35519"}],"wp:term":[{"taxonomy":"product_brand","embeddable":true,"href":"https:\/\/swixed.ch\/de\/wp-json\/wp\/v2\/product_brand?post=35519"},{"taxonomy":"product_cat","embeddable":true,"href":"https:\/\/swixed.ch\/de\/wp-json\/wp\/v2\/product_cat?post=35519"},{"taxonomy":"product_tag","embeddable":true,"href":"https:\/\/swixed.ch\/de\/wp-json\/wp\/v2\/product_tag?post=35519"}],"curies":[{"name":"wp","href":"https:\/\/api.w.org\/{rel}","templated":true}]}}