{"id":35551,"date":"2022-10-04T15:45:48","date_gmt":"2022-10-04T13:45:48","guid":{"rendered":"https:\/\/swixed.com\/produit\/edan-im60-vitalzeichenmonitor\/"},"modified":"2026-01-13T22:36:53","modified_gmt":"2026-01-13T21:36:53","slug":"sed20007","status":"publish","type":"product","link":"https:\/\/swixed.ch\/de\/produkt\/sed20007\/","title":{"rendered":"Edan IM60 Vitalzeichenmonitor"},"content":{"rendered":"\t\t<div data-elementor-type=\"product-post\" data-elementor-id=\"35551\" class=\"elementor elementor-35551 elementor-14344\" data-elementor-post-type=\"product\">\n\t\t\t\t\t\t<section class=\"elementor-section elementor-top-section elementor-element elementor-element-566dfe8 elementor-section-boxed elementor-section-height-default elementor-section-height-default\" data-id=\"566dfe8\" data-element_type=\"section\" data-e-type=\"section\">\n\t\t\t\t\t\t<div class=\"elementor-container elementor-column-gap-default\">\n\t\t\t\t\t<div class=\"elementor-column elementor-col-100 elementor-top-column elementor-element elementor-element-2c4618e\" data-id=\"2c4618e\" data-element_type=\"column\" data-e-type=\"column\">\n\t\t\t<div class=\"elementor-widget-wrap elementor-element-populated\">\n\t\t\t\t\t\t<div class=\"elementor-element elementor-element-57fea7d elementor-widget elementor-widget-heading\" data-id=\"57fea7d\" data-element_type=\"widget\" data-e-type=\"widget\" data-widget_type=\"heading.default\">\n\t\t\t\t\t<h2 class=\"elementor-heading-title elementor-size-default\">Beschreibung<\/h2>\t\t\t\t<\/div>\n\t\t\t\t<div class=\"elementor-element elementor-element-e0a279c elementor-widget elementor-widget-text-editor\" data-id=\"e0a279c\" data-element_type=\"widget\" data-e-type=\"widget\" data-widget_type=\"text-editor.default\">\n\t\t\t\t\t\t\t\t\t<p>Der Edan IM60 Vitalparameter-Monitor kombiniert Modernit\u00e4t und Leistung f\u00fcr eine optimale \u00dcberwachung von Patienten jeden Alters, sei es im Krankenhaus, in der Notaufnahme oder in der Privatpraxis.<br>Der 10,4-Zoll-Touchscreen bietet f\u00fcnf Anzeigemodi, w\u00e4hrend das leichte und ger\u00e4uscharme Design den IM IM60 IM zu einem praktischen Werkzeug f\u00fcr den t\u00e4glichen Gebrauch macht. Der Edan IM60 kann mit einem Thermodrucker (optional) ausgestattet werden, um Trends zu drucken. Er verf\u00fcgt \u00fcber Ethernet- und VGA-Anschl\u00fcsse f\u00fcr die Integration mit externen Druckern oder die Anzeige auf einem zweiten Bildschirm. <\/p>\t\t\t\t\t\t\t\t<\/div>\n\t\t\t\t<div class=\"elementor-element elementor-element-22e1c58 elementor-widget elementor-widget-heading\" data-id=\"22e1c58\" data-element_type=\"widget\" data-e-type=\"widget\" data-widget_type=\"heading.default\">\n\t\t\t\t\t<h2 class=\"elementor-heading-title elementor-size-default\">Die 5 Funktionen des Edan IM60-Monitors<\/h2>\t\t\t\t<\/div>\n\t\t\t\t<div class=\"elementor-element elementor-element-975578d elementor-widget elementor-widget-text-editor\" data-id=\"975578d\" data-element_type=\"widget\" data-e-type=\"widget\" data-widget_type=\"text-editor.default\">\n\t\t\t\t\t\t\t\t\t<ul><li><strong>EKG<\/strong> (3-5 Ableitungen standardm\u00e4\u00dfig, 6-12 Ableitungen optional)<\/li><li><strong>\u00dcberwachung der Atmung<\/strong><\/li><li><strong>Messung des Blutdrucks<\/strong><\/li><li><strong>Sauerstoffs\u00e4ttigung (SpO2)<\/strong><\/li><li><strong>Temperaturmessung<\/strong> (oral, rektal, axillar)<\/li><\/ul><p>Das Ger\u00e4t verf\u00fcgt \u00fcber einstellbare visuelle und akustische Alarme, um eine st\u00e4ndige und sichere \u00dcberwachung zu gew\u00e4hrleisten. Drei verschiedene Alarmstufen k\u00f6nnen je nach Bedarf vollst\u00e4ndig eingestellt werden. Das System verf\u00fcgt auch \u00fcber den MEWS-Score (Modified Early Warning Score) f\u00fcr eine erweiterte \u00dcberwachung des Patienten mit sechs Schl\u00fcsselparametern.  <\/p>\t\t\t\t\t\t\t\t<\/div>\n\t\t\t\t<div class=\"elementor-element elementor-element-3c5d34a elementor-widget elementor-widget-heading\" data-id=\"3c5d34a\" data-element_type=\"widget\" data-e-type=\"widget\" data-widget_type=\"heading.default\">\n\t\t\t\t\t<h2 class=\"elementor-heading-title elementor-size-default\">Weitere Optionen f\u00fcr Edan IM60<\/h2>\t\t\t\t<\/div>\n\t\t\t\t<div class=\"elementor-element elementor-element-465eb43 elementor-widget elementor-widget-text-editor\" data-id=\"465eb43\" data-element_type=\"widget\" data-e-type=\"widget\" data-widget_type=\"text-editor.default\">\n\t\t\t\t\t\t\t\t\t<ul><li><strong>EKG mit 6-12 Ableitungen<\/strong> (Option)<\/li><li><strong>Wifi-\u00dcbertragungsmodul<\/strong> (Option)<\/li><li><strong>Kapnographie Co2 G2 Edan<\/strong> (optional)<\/li><li><strong>IBP-Modul f\u00fcr invasive Blutdruckmessung<\/strong> (optional)<\/li><li><strong>SPO2 Nellcor<\/strong> (Option)<\/li><li><strong>Suntech NIP<\/strong> (Option)<\/li><\/ul>\t\t\t\t\t\t\t\t<\/div>\n\t\t\t\t<div class=\"elementor-element elementor-element-452cd83 elementor-widget elementor-widget-template\" data-id=\"452cd83\" data-element_type=\"widget\" data-e-type=\"widget\" data-widget_type=\"template.default\">\n\t\t\t\t<div class=\"elementor-widget-container\">\n\t\t\t\t\t\t\t<div class=\"elementor-template\">\n\t\t\t\t\t<div data-elementor-type=\"page\" data-elementor-id=\"32574\" class=\"elementor elementor-32574 elementor-14258 elementor-14258\" data-elementor-post-type=\"elementor_library\">\n\t\t\t\t\t\t<section class=\"elementor-section elementor-top-section elementor-element elementor-element-73df4e3f elementor-section-full_width elementor-section-height-default elementor-section-height-default\" data-id=\"73df4e3f\" data-element_type=\"section\" data-e-type=\"section\">\n\t\t\t\t\t\t<div class=\"elementor-container elementor-column-gap-default\">\n\t\t\t\t\t<div class=\"elementor-column elementor-col-100 elementor-top-column elementor-element elementor-element-697d7c6\" data-id=\"697d7c6\" data-element_type=\"column\" data-e-type=\"column\">\n\t\t\t<div class=\"elementor-widget-wrap elementor-element-populated\">\n\t\t\t\t\t\t<div class=\"elementor-element elementor-element-5c0b3841 elementor-widget elementor-widget-heading\" data-id=\"5c0b3841\" data-element_type=\"widget\" data-e-type=\"widget\" data-widget_type=\"heading.default\">\n\t\t\t\t\t<h2 class=\"elementor-heading-title elementor-size-default\">Vergleichen Sie die Eigenschaften der Edan iM Linie<\/h2>\t\t\t\t<\/div>\n\t\t\t\t<section class=\"elementor-section elementor-inner-section elementor-element elementor-element-44ad3359 elementor-section-boxed elementor-section-height-default elementor-section-height-default\" data-id=\"44ad3359\" data-element_type=\"section\" data-e-type=\"section\">\n\t\t\t\t\t\t<div class=\"elementor-container elementor-column-gap-default\">\n\t\t\t\t\t<div class=\"elementor-column elementor-col-25 elementor-inner-column elementor-element elementor-element-377107d1\" data-id=\"377107d1\" data-element_type=\"column\" data-e-type=\"column\">\n\t\t\t<div class=\"elementor-widget-wrap elementor-element-populated\">\n\t\t\t\t\t\t<div class=\"elementor-element elementor-element-1046d628 elementor-widget elementor-widget-image\" data-id=\"1046d628\" data-element_type=\"widget\" data-e-type=\"widget\" data-widget_type=\"image.default\">\n\t\t\t\t\t\t\t\t\t\t\t\t\t\t\t<img fetchpriority=\"high\" decoding=\"async\" width=\"600\" height=\"600\" src=\"https:\/\/swixed.ch\/wp-content\/uploads\/products\/edan-im50-01.png\" class=\"attachment-full size-full wp-image-29731\" alt=\"Edan IM50 Vitalzeichenmonitor\" srcset=\"https:\/\/swixed.ch\/wp-content\/uploads\/products\/edan-im50-01.png 600w, https:\/\/swixed.ch\/wp-content\/uploads\/products\/edan-im50-01-100x100.png 100w, https:\/\/swixed.ch\/wp-content\/uploads\/products\/edan-im50-01-64x64.png 64w, https:\/\/swixed.ch\/wp-content\/uploads\/products\/edan-im50-01-300x300.png 300w, https:\/\/swixed.ch\/wp-content\/uploads\/products\/edan-im50-01-150x150.png 150w\" sizes=\"(max-width: 600px) 100vw, 600px\" \/>\t\t\t\t\t\t\t\t\t\t\t\t\t\t\t<\/div>\n\t\t\t\t\t<\/div>\n\t\t<\/div>\n\t\t\t\t<div class=\"elementor-column elementor-col-25 elementor-inner-column elementor-element elementor-element-58f29a51\" data-id=\"58f29a51\" data-element_type=\"column\" data-e-type=\"column\">\n\t\t\t<div class=\"elementor-widget-wrap elementor-element-populated\">\n\t\t\t\t\t\t<div class=\"elementor-element elementor-element-5e944703 elementor-widget elementor-widget-image\" data-id=\"5e944703\" data-element_type=\"widget\" data-e-type=\"widget\" data-widget_type=\"image.default\">\n\t\t\t\t\t\t\t\t\t\t\t\t\t\t\t<img decoding=\"async\" width=\"600\" height=\"600\" src=\"https:\/\/swixed.ch\/wp-content\/uploads\/products\/edan-im60-01.png\" class=\"attachment-full size-full wp-image-29743\" alt=\"Edan IM60 Vitalzeichenmonitor\" srcset=\"https:\/\/swixed.ch\/wp-content\/uploads\/products\/edan-im60-01.png 600w, https:\/\/swixed.ch\/wp-content\/uploads\/products\/edan-im60-01-100x100.png 100w, https:\/\/swixed.ch\/wp-content\/uploads\/products\/edan-im60-01-64x64.png 64w, https:\/\/swixed.ch\/wp-content\/uploads\/products\/edan-im60-01-300x300.png 300w, https:\/\/swixed.ch\/wp-content\/uploads\/products\/edan-im60-01-150x150.png 150w\" sizes=\"(max-width: 600px) 100vw, 600px\" \/>\t\t\t\t\t\t\t\t\t\t\t\t\t\t\t<\/div>\n\t\t\t\t\t<\/div>\n\t\t<\/div>\n\t\t\t\t<div class=\"elementor-column elementor-col-25 elementor-inner-column elementor-element elementor-element-507a23ea\" data-id=\"507a23ea\" data-element_type=\"column\" data-e-type=\"column\">\n\t\t\t<div class=\"elementor-widget-wrap elementor-element-populated\">\n\t\t\t\t\t\t<div class=\"elementor-element elementor-element-2a8cbd7e elementor-widget elementor-widget-image\" data-id=\"2a8cbd7e\" data-element_type=\"widget\" data-e-type=\"widget\" data-widget_type=\"image.default\">\n\t\t\t\t\t\t\t\t\t\t\t\t\t\t\t<img decoding=\"async\" width=\"600\" height=\"600\" src=\"https:\/\/swixed.ch\/wp-content\/uploads\/products\/edan-im70-01.png\" class=\"attachment-full size-full wp-image-29771\" alt=\"Edan IM70 Vitalzeichenmonitor\" srcset=\"https:\/\/swixed.ch\/wp-content\/uploads\/products\/edan-im70-01.png 600w, https:\/\/swixed.ch\/wp-content\/uploads\/products\/edan-im70-01-100x100.png 100w, https:\/\/swixed.ch\/wp-content\/uploads\/products\/edan-im70-01-64x64.png 64w, https:\/\/swixed.ch\/wp-content\/uploads\/products\/edan-im70-01-300x300.png 300w, https:\/\/swixed.ch\/wp-content\/uploads\/products\/edan-im70-01-150x150.png 150w\" sizes=\"(max-width: 600px) 100vw, 600px\" \/>\t\t\t\t\t\t\t\t\t\t\t\t\t\t\t<\/div>\n\t\t\t\t\t<\/div>\n\t\t<\/div>\n\t\t\t\t<div class=\"elementor-column elementor-col-25 elementor-inner-column elementor-element elementor-element-3ec99f4\" data-id=\"3ec99f4\" data-element_type=\"column\" data-e-type=\"column\">\n\t\t\t<div class=\"elementor-widget-wrap elementor-element-populated\">\n\t\t\t\t\t\t<div class=\"elementor-element elementor-element-57046e42 elementor-widget elementor-widget-image\" data-id=\"57046e42\" data-element_type=\"widget\" data-e-type=\"widget\" data-widget_type=\"image.default\">\n\t\t\t\t\t\t\t\t\t\t\t\t\t\t\t<img loading=\"lazy\" decoding=\"async\" width=\"600\" height=\"600\" src=\"https:\/\/swixed.ch\/wp-content\/uploads\/products\/edan-im80-01.png\" class=\"attachment-full size-full wp-image-29691\" alt=\"\" srcset=\"https:\/\/swixed.ch\/wp-content\/uploads\/products\/edan-im80-01.png 600w, https:\/\/swixed.ch\/wp-content\/uploads\/products\/edan-im80-01-100x100.png 100w, https:\/\/swixed.ch\/wp-content\/uploads\/products\/edan-im80-01-64x64.png 64w, https:\/\/swixed.ch\/wp-content\/uploads\/products\/edan-im80-01-300x300.png 300w, https:\/\/swixed.ch\/wp-content\/uploads\/products\/edan-im80-01-150x150.png 150w\" sizes=\"(max-width: 600px) 100vw, 600px\" \/>\t\t\t\t\t\t\t\t\t\t\t\t\t\t\t<\/div>\n\t\t\t\t\t<\/div>\n\t\t<\/div>\n\t\t\t\t\t<\/div>\n\t\t<\/section>\n\t\t\t\t\t<\/div>\n\t\t<\/div>\n\t\t\t\t\t<\/div>\n\t\t<\/section>\n\t\t\t\t<\/div>\n\t\t\t\t<\/div>\n\t\t\t\t\t\t<\/div>\n\t\t\t\t<\/div>\n\t\t\t\t<div class=\"elementor-element elementor-element-7c93af0 elementor-widget elementor-widget-heading\" data-id=\"7c93af0\" data-element_type=\"widget\" data-e-type=\"widget\" data-widget_type=\"heading.default\">\n\t\t\t\t\t<h2 class=\"elementor-heading-title elementor-size-default\">Inhalt des Edan IM60<\/h2>\t\t\t\t<\/div>\n\t\t\t\t<div class=\"elementor-element elementor-element-22426b1 elementor-widget elementor-widget-text-editor\" data-id=\"22426b1\" data-element_type=\"widget\" data-e-type=\"widget\" data-widget_type=\"text-editor.default\">\n\t\t\t\t\t\t\t\t\t<ul><li>EKG-Kabel mit 5 Ableitungen<\/li><li>3 Meter NIBP-Schlauch<\/li><li>Manschette f\u00fcr Erwachsene (27-35 cm)<\/li><li>SPO2-Sensor Silikon 2,5 Meter<\/li><li>Hauttemperatursonde<\/li><li>Wiederaufladbarer Akku<\/li><li>Ladeger\u00e4t<\/li><\/ul>\t\t\t\t\t\t\t\t<\/div>\n\t\t\t\t\t<\/div>\n\t\t<\/div>\n\t\t\t\t\t<\/div>\n\t\t<\/section>\n\t\t\t\t<\/div>\n\t\t","protected":false},"excerpt":{"rendered":"<p>Der Edan IM60 Vitalparameter-Monitor bietet eine zuverl\u00e4ssige und umfassende \u00dcberwachung von Patienten aller Altersgruppen. Er ist leicht, leise und intuitiv zu bedienen und verf\u00fcgt \u00fcber einen 10,4-Zoll-Touchscreen und eine breite Palette von Optionen, um den Anforderungen von Krankenh\u00e4usern, Notaufnahmen oder Arztpraxen gerecht zu werden. Er ist kompakt und kann die Herzfrequenz, Sauerstoffs\u00e4ttigung, Blutdruck, Atmung und Temperatur messen. Der Speicher von 8 GB ist \u00fcber USB erweiterbar.   <\/p>\n","protected":false},"featured_media":29743,"template":"","meta":{"_acf_changed":false},"product_brand":[2085],"product_cat":[970,1409],"product_tag":[982,3716,1412,7644,7645,7641,7640,1626,1181,7639],"class_list":{"0":"post-35551","1":"product","2":"type-product","3":"status-publish","4":"has-post-thumbnail","6":"product_brand-edan-de","7":"product_cat-patientenmonitore","8":"product_cat-geraete-patientenmonitore","9":"product_tag-ecg-de","10":"product_tag-farbbildschirm","11":"product_tag-nibp-de","12":"product_tag-oszillometrisch","13":"product_tag-patientengedachtnis","14":"product_tag-physiologische-alarme","15":"product_tag-pr","16":"product_tag-resp-de","17":"product_tag-spo2-de","18":"product_tag-temp","20":"first","21":"instock","22":"taxable","23":"shipping-taxable","24":"purchasable","25":"product-type-variable","26":"has-default-attributes"},"acf":[],"yoast_head":"<!-- This site is optimized with the Yoast SEO Premium plugin v27.4 (Yoast SEO v27.4) - https:\/\/yoast.com\/product\/yoast-seo-premium-wordpress\/ -->\n<title>Edan IM60 Vitalzeichenmonitor | Swixed SA% Taktil und ultrakompakt<\/title>\n<meta name=\"description\" content=\"Edan IM60 Vitalparameter-Monitor mit 10,4&#039;&#039; Touchscreen, EKG, SpO2, Blutdruck, Atmung und Temperatur. Kompakt und vielseitig.\" \/>\n<meta name=\"robots\" content=\"index, follow, max-snippet:-1, max-image-preview:large, max-video-preview:-1\" \/>\n<link rel=\"canonical\" href=\"https:\/\/swixed.ch\/de\/produkt\/sed20007\/\" \/>\n<meta property=\"og:locale\" content=\"de_DE\" \/>\n<meta property=\"og:type\" content=\"article\" \/>\n<meta property=\"og:title\" content=\"Edan IM60 Vitalzeichenmonitor\" \/>\n<meta property=\"og:description\" content=\"Edan IM60 Vitalparameter-Monitor mit 10,4&#039;&#039; Touchscreen, EKG, SpO2, Blutdruck, Atmung und Temperatur. Kompakt und vielseitig.\" \/>\n<meta property=\"og:url\" content=\"https:\/\/swixed.ch\/de\/produkt\/sed20007\/\" \/>\n<meta property=\"og:site_name\" content=\"Swixed SA\" \/>\n<meta property=\"article:publisher\" content=\"https:\/\/www.facebook.com\/swixed\" \/>\n<meta property=\"article:modified_time\" content=\"2026-01-13T21:36:53+00:00\" \/>\n<meta property=\"og:image\" content=\"https:\/\/swixed.ch\/wp-content\/uploads\/products\/edan-im60-01.png\" \/>\n\t<meta property=\"og:image:width\" content=\"600\" \/>\n\t<meta property=\"og:image:height\" content=\"600\" \/>\n\t<meta property=\"og:image:type\" content=\"image\/png\" \/>\n<meta name=\"twitter:card\" content=\"summary_large_image\" \/>\n<meta name=\"twitter:label1\" content=\"Gesch\u00e4tzte Lesezeit\" \/>\n\t<meta name=\"twitter:data1\" content=\"1\u00a0Minute\" \/>\n<script type=\"application\/ld+json\" class=\"yoast-schema-graph\">{\"@context\":\"https:\\\/\\\/schema.org\",\"@graph\":[{\"@type\":\"WebPage\",\"@id\":\"https:\\\/\\\/swixed.ch\\\/de\\\/produkt\\\/sed20007\\\/\",\"url\":\"https:\\\/\\\/swixed.ch\\\/de\\\/produkt\\\/sed20007\\\/\",\"name\":\"Edan IM60 Vitalzeichenmonitor | Swixed SA% Taktil und ultrakompakt\",\"isPartOf\":{\"@id\":\"https:\\\/\\\/swixed.ch\\\/de\\\/#website\"},\"primaryImageOfPage\":{\"@id\":\"https:\\\/\\\/swixed.ch\\\/de\\\/produkt\\\/sed20007\\\/#primaryimage\"},\"image\":{\"@id\":\"https:\\\/\\\/swixed.ch\\\/de\\\/produkt\\\/sed20007\\\/#primaryimage\"},\"thumbnailUrl\":\"https:\\\/\\\/swixed.ch\\\/wp-content\\\/uploads\\\/products\\\/edan-im60-01.png\",\"datePublished\":\"2022-10-04T13:45:48+00:00\",\"dateModified\":\"2026-01-13T21:36:53+00:00\",\"description\":\"Edan IM60 Vitalparameter-Monitor mit 10,4'' Touchscreen, EKG, SpO2, Blutdruck, Atmung und Temperatur. Kompakt und vielseitig.\",\"breadcrumb\":{\"@id\":\"https:\\\/\\\/swixed.ch\\\/de\\\/produkt\\\/sed20007\\\/#breadcrumb\"},\"inLanguage\":\"de\",\"potentialAction\":[{\"@type\":\"ReadAction\",\"target\":[\"https:\\\/\\\/swixed.ch\\\/de\\\/produkt\\\/sed20007\\\/\"]}]},{\"@type\":\"ImageObject\",\"inLanguage\":\"de\",\"@id\":\"https:\\\/\\\/swixed.ch\\\/de\\\/produkt\\\/sed20007\\\/#primaryimage\",\"url\":\"https:\\\/\\\/swixed.ch\\\/wp-content\\\/uploads\\\/products\\\/edan-im60-01.png\",\"contentUrl\":\"https:\\\/\\\/swixed.ch\\\/wp-content\\\/uploads\\\/products\\\/edan-im60-01.png\",\"width\":600,\"height\":600,\"caption\":\"Edan IM60 Vitalzeichenmonitor\"},{\"@type\":\"BreadcrumbList\",\"@id\":\"https:\\\/\\\/swixed.ch\\\/de\\\/produkt\\\/sed20007\\\/#breadcrumb\",\"itemListElement\":[{\"@type\":\"ListItem\",\"position\":1,\"name\":\"Startseite\",\"item\":\"https:\\\/\\\/swixed.ch\\\/de\\\/home\\\/\"},{\"@type\":\"ListItem\",\"position\":2,\"name\":\"Shop\",\"item\":\"https:\\\/\\\/swixed.ch\\\/de\\\/shop\\\/\"},{\"@type\":\"ListItem\",\"position\":3,\"name\":\"Patientenmonitor\"}]},{\"@type\":\"WebSite\",\"@id\":\"https:\\\/\\\/swixed.ch\\\/de\\\/#website\",\"url\":\"https:\\\/\\\/swixed.ch\\\/de\\\/\",\"name\":\"Swixed SA\",\"description\":\"Elektronische Ger\u00e4te\",\"publisher\":{\"@id\":\"https:\\\/\\\/swixed.ch\\\/de\\\/#organization\"},\"potentialAction\":[{\"@type\":\"SearchAction\",\"target\":{\"@type\":\"EntryPoint\",\"urlTemplate\":\"https:\\\/\\\/swixed.ch\\\/de\\\/?s={search_term_string}\"},\"query-input\":{\"@type\":\"PropertyValueSpecification\",\"valueRequired\":true,\"valueName\":\"search_term_string\"}}],\"inLanguage\":\"de\"},{\"@type\":\"Organization\",\"@id\":\"https:\\\/\\\/swixed.ch\\\/de\\\/#organization\",\"name\":\"Swixed SA\",\"url\":\"https:\\\/\\\/swixed.ch\\\/de\\\/\",\"logo\":{\"@type\":\"ImageObject\",\"inLanguage\":\"de\",\"@id\":\"https:\\\/\\\/swixed.ch\\\/de\\\/#\\\/schema\\\/logo\\\/image\\\/\",\"url\":\"https:\\\/\\\/swixed.ch\\\/wp-content\\\/uploads\\\/logos\\\/swixed-logo-lite.png\",\"contentUrl\":\"https:\\\/\\\/swixed.ch\\\/wp-content\\\/uploads\\\/logos\\\/swixed-logo-lite.png\",\"width\":696,\"height\":696,\"caption\":\"Swixed SA\"},\"image\":{\"@id\":\"https:\\\/\\\/swixed.ch\\\/de\\\/#\\\/schema\\\/logo\\\/image\\\/\"},\"sameAs\":[\"https:\\\/\\\/www.facebook.com\\\/swixed\",\"https:\\\/\\\/www.linkedin.com\\\/company\\\/swixed\",\"https:\\\/\\\/www.youtube.com\\\/@swixedsa\"],\"description\":\"Swixed SA est une entreprise suisse bas\u00e9e \u00e0 Gen\u00e8ve, sp\u00e9cialis\u00e9e dans la vente, la location et la maintenance d\u2019appareils m\u00e9dicaux professionnels, tels que d\u00e9fibrillateurs AED, \u00e9lectrocardiographes, moniteurs patient et dispositifs de diagnostic.\",\"email\":\"infoshop@swixed.ch\",\"telephone\":\"+41 22 566 11 95\",\"legalName\":\"Swixed SA\",\"foundingDate\":\"2021-03-01\",\"numberOfEmployees\":{\"@type\":\"QuantitativeValue\",\"minValue\":\"1\",\"maxValue\":\"10\"}}]}<\/script>\n<!-- \/ Yoast SEO Premium plugin. -->","yoast_head_json":{"title":"Edan IM60 Vitalzeichenmonitor | Swixed SA% Taktil und ultrakompakt","description":"Edan IM60 Vitalparameter-Monitor mit 10,4'' Touchscreen, EKG, SpO2, Blutdruck, Atmung und Temperatur. Kompakt und vielseitig.","robots":{"index":"index","follow":"follow","max-snippet":"max-snippet:-1","max-image-preview":"max-image-preview:large","max-video-preview":"max-video-preview:-1"},"canonical":"https:\/\/swixed.ch\/de\/produkt\/sed20007\/","og_locale":"de_DE","og_type":"article","og_title":"Edan IM60 Vitalzeichenmonitor","og_description":"Edan IM60 Vitalparameter-Monitor mit 10,4'' Touchscreen, EKG, SpO2, Blutdruck, Atmung und Temperatur. Kompakt und vielseitig.","og_url":"https:\/\/swixed.ch\/de\/produkt\/sed20007\/","og_site_name":"Swixed SA","article_publisher":"https:\/\/www.facebook.com\/swixed","article_modified_time":"2026-01-13T21:36:53+00:00","og_image":[{"width":600,"height":600,"url":"https:\/\/swixed.ch\/wp-content\/uploads\/products\/edan-im60-01.png","type":"image\/png"}],"twitter_card":"summary_large_image","twitter_misc":{"Gesch\u00e4tzte Lesezeit":"1\u00a0Minute"},"schema":{"@context":"https:\/\/schema.org","@graph":[{"@type":"WebPage","@id":"https:\/\/swixed.ch\/de\/produkt\/sed20007\/","url":"https:\/\/swixed.ch\/de\/produkt\/sed20007\/","name":"Edan IM60 Vitalzeichenmonitor | Swixed SA% Taktil und ultrakompakt","isPartOf":{"@id":"https:\/\/swixed.ch\/de\/#website"},"primaryImageOfPage":{"@id":"https:\/\/swixed.ch\/de\/produkt\/sed20007\/#primaryimage"},"image":{"@id":"https:\/\/swixed.ch\/de\/produkt\/sed20007\/#primaryimage"},"thumbnailUrl":"https:\/\/swixed.ch\/wp-content\/uploads\/products\/edan-im60-01.png","datePublished":"2022-10-04T13:45:48+00:00","dateModified":"2026-01-13T21:36:53+00:00","description":"Edan IM60 Vitalparameter-Monitor mit 10,4'' Touchscreen, EKG, SpO2, Blutdruck, Atmung und Temperatur. Kompakt und vielseitig.","breadcrumb":{"@id":"https:\/\/swixed.ch\/de\/produkt\/sed20007\/#breadcrumb"},"inLanguage":"de","potentialAction":[{"@type":"ReadAction","target":["https:\/\/swixed.ch\/de\/produkt\/sed20007\/"]}]},{"@type":"ImageObject","inLanguage":"de","@id":"https:\/\/swixed.ch\/de\/produkt\/sed20007\/#primaryimage","url":"https:\/\/swixed.ch\/wp-content\/uploads\/products\/edan-im60-01.png","contentUrl":"https:\/\/swixed.ch\/wp-content\/uploads\/products\/edan-im60-01.png","width":600,"height":600,"caption":"Edan IM60 Vitalzeichenmonitor"},{"@type":"BreadcrumbList","@id":"https:\/\/swixed.ch\/de\/produkt\/sed20007\/#breadcrumb","itemListElement":[{"@type":"ListItem","position":1,"name":"Startseite","item":"https:\/\/swixed.ch\/de\/home\/"},{"@type":"ListItem","position":2,"name":"Shop","item":"https:\/\/swixed.ch\/de\/shop\/"},{"@type":"ListItem","position":3,"name":"Patientenmonitor"}]},{"@type":"WebSite","@id":"https:\/\/swixed.ch\/de\/#website","url":"https:\/\/swixed.ch\/de\/","name":"Swixed SA","description":"Elektronische Ger\u00e4te","publisher":{"@id":"https:\/\/swixed.ch\/de\/#organization"},"potentialAction":[{"@type":"SearchAction","target":{"@type":"EntryPoint","urlTemplate":"https:\/\/swixed.ch\/de\/?s={search_term_string}"},"query-input":{"@type":"PropertyValueSpecification","valueRequired":true,"valueName":"search_term_string"}}],"inLanguage":"de"},{"@type":"Organization","@id":"https:\/\/swixed.ch\/de\/#organization","name":"Swixed SA","url":"https:\/\/swixed.ch\/de\/","logo":{"@type":"ImageObject","inLanguage":"de","@id":"https:\/\/swixed.ch\/de\/#\/schema\/logo\/image\/","url":"https:\/\/swixed.ch\/wp-content\/uploads\/logos\/swixed-logo-lite.png","contentUrl":"https:\/\/swixed.ch\/wp-content\/uploads\/logos\/swixed-logo-lite.png","width":696,"height":696,"caption":"Swixed SA"},"image":{"@id":"https:\/\/swixed.ch\/de\/#\/schema\/logo\/image\/"},"sameAs":["https:\/\/www.facebook.com\/swixed","https:\/\/www.linkedin.com\/company\/swixed","https:\/\/www.youtube.com\/@swixedsa"],"description":"Swixed SA est une entreprise suisse bas\u00e9e \u00e0 Gen\u00e8ve, sp\u00e9cialis\u00e9e dans la vente, la location et la maintenance d\u2019appareils m\u00e9dicaux professionnels, tels que d\u00e9fibrillateurs AED, \u00e9lectrocardiographes, moniteurs patient et dispositifs de diagnostic.","email":"infoshop@swixed.ch","telephone":"+41 22 566 11 95","legalName":"Swixed SA","foundingDate":"2021-03-01","numberOfEmployees":{"@type":"QuantitativeValue","minValue":"1","maxValue":"10"}}]}},"_links":{"self":[{"href":"https:\/\/swixed.ch\/de\/wp-json\/wp\/v2\/product\/35551","targetHints":{"allow":["GET"]}}],"collection":[{"href":"https:\/\/swixed.ch\/de\/wp-json\/wp\/v2\/product"}],"about":[{"href":"https:\/\/swixed.ch\/de\/wp-json\/wp\/v2\/types\/product"}],"version-history":[{"count":0,"href":"https:\/\/swixed.ch\/de\/wp-json\/wp\/v2\/product\/35551\/revisions"}],"wp:featuredmedia":[{"embeddable":true,"href":"https:\/\/swixed.ch\/de\/wp-json\/wp\/v2\/media\/29743"}],"wp:attachment":[{"href":"https:\/\/swixed.ch\/de\/wp-json\/wp\/v2\/media?parent=35551"}],"wp:term":[{"taxonomy":"product_brand","embeddable":true,"href":"https:\/\/swixed.ch\/de\/wp-json\/wp\/v2\/product_brand?post=35551"},{"taxonomy":"product_cat","embeddable":true,"href":"https:\/\/swixed.ch\/de\/wp-json\/wp\/v2\/product_cat?post=35551"},{"taxonomy":"product_tag","embeddable":true,"href":"https:\/\/swixed.ch\/de\/wp-json\/wp\/v2\/product_tag?post=35551"}],"curies":[{"name":"wp","href":"https:\/\/api.w.org\/{rel}","templated":true}]}}