{"id":35552,"date":"2022-12-12T12:39:44","date_gmt":"2022-12-12T10:39:44","guid":{"rendered":"https:\/\/swixed.com\/produit\/spirometer-mir-spirobank-ii-advanced\/"},"modified":"2025-10-14T21:25:48","modified_gmt":"2025-10-14T19:25:48","slug":"sed90001","status":"publish","type":"product","link":"https:\/\/swixed.ch\/de\/produkt\/sed90001\/","title":{"rendered":"Mir Spirobank II Advanced &#8211; Tragbares Analyseger\u00e4t f\u00fcr Atmungsparameter mit USB- und Bluetooth-Konnektivit\u00e4t"},"content":{"rendered":"\t\t<div data-elementor-type=\"product-post\" data-elementor-id=\"35552\" class=\"elementor elementor-35552 elementor-15161\" data-elementor-post-type=\"product\">\n\t\t\t\t\t\t<section class=\"elementor-section elementor-top-section elementor-element elementor-element-566dfe8 elementor-section-boxed elementor-section-height-default elementor-section-height-default\" data-id=\"566dfe8\" data-element_type=\"section\" data-e-type=\"section\">\n\t\t\t\t\t\t<div class=\"elementor-container elementor-column-gap-default\">\n\t\t\t\t\t<div class=\"elementor-column elementor-col-100 elementor-top-column elementor-element elementor-element-2c4618e\" data-id=\"2c4618e\" data-element_type=\"column\" data-e-type=\"column\">\n\t\t\t<div class=\"elementor-widget-wrap elementor-element-populated\">\n\t\t\t\t\t\t<div class=\"elementor-element elementor-element-57fea7d elementor-widget elementor-widget-heading\" data-id=\"57fea7d\" data-element_type=\"widget\" data-e-type=\"widget\" data-widget_type=\"heading.default\">\n\t\t\t\t\t<h2 class=\"elementor-heading-title elementor-size-default\">Beschreibung von MIR Spirobank II Advanced<\/h2>\t\t\t\t<\/div>\n\t\t\t\t<div class=\"elementor-element elementor-element-e0a279c elementor-widget elementor-widget-text-editor\" data-id=\"e0a279c\" data-element_type=\"widget\" data-e-type=\"widget\" data-widget_type=\"text-editor.default\">\n\t\t\t\t\t\t\t\t\t<p>Das <strong>Spirometer Spirobank II Advanced<\/strong> von Mir geh\u00f6rt zur neuesten Generation<strong> tragbarer Spirometer<\/strong>. Er kann sowohl eigenst\u00e4ndig als auch mit direkter Verbindung zu einem Computer verwendet werden. Wie Minispir oder und Spirodoc arbeitet auch die Spirobank II Advanced mit der <strong>hochentwickelten Software Mir WinspiroPRO<\/strong>.<\/p><p>Dank der <strong>eingebauten Batterie<\/strong> und des <strong>Touchscreens<\/strong> kann die <strong>Spirobank Spirometrietests<\/strong> durchf\u00fchren, <strong>ohne<\/strong> an die WinspiroPro-Software angeschlossen zu sein. Sie k\u00f6nnen <strong>die Ergebnisse direkt auf dem Bildschirm<\/strong> der Spirobank <strong>ablesen<\/strong> und, falls gew\u00fcnscht, <strong>die Daten sp\u00e4ter auf die WinspiroPro-Software \u00fcbertragen<\/strong>.  Um die Werte anzusehen, sie zu speichern und einen Bericht auszudrucken. Ideal f\u00fcr Hausbesuche von Patienten!<\/p><p>Wenn Sie die Spirobank direkt mit der WinspiroPro-Software verwenden m\u00f6chten, <strong>schlie\u00dfen<\/strong> Sie sie einfach <strong>\u00fcber ein USB-Kabel oder \u00fcber Bluetooth<\/strong> <strong>direkt<\/strong> an Ihren Computer an. Die Testwerte werden direkt auf Ihrem PC angezeigt und gespeichert.<\/p><p>Die Spirobank II Advanced wie auch alle MIR-Spirometer f\u00fchren <strong>eine Korrektur bei BTPS<\/strong> (Temperaturregler) durch. Dadurch werden die Messwerte nicht von Temperatur\u00e4nderungen der \u00e4u\u00dferen Umgebung beeinflusst. Alle Spirometer der Marke Mir verf\u00fcgen \u00fcber die <strong>ATS-Zertifizierung (American Thoracic Standard)<\/strong>.<\/p>\t\t\t\t\t\t\t\t<\/div>\n\t\t\t\t<div class=\"elementor-element elementor-element-a77d619 elementor-widget elementor-widget-heading\" data-id=\"a77d619\" data-element_type=\"widget\" data-e-type=\"widget\" data-widget_type=\"heading.default\">\n\t\t\t\t\t<h2 class=\"elementor-heading-title elementor-size-default\">Messwerte des MIR Spirobank II Advanced<\/h2>\t\t\t\t<\/div>\n\t\t\t\t<div class=\"elementor-element elementor-element-f678668 elementor-widget elementor-widget-text-editor\" data-id=\"f678668\" data-element_type=\"widget\" data-e-type=\"widget\" data-widget_type=\"text-editor.default\">\n\t\t\t\t\t\t\t\t\t<p>FVC, FEV1, FEV1\/FVC, FEV1\/VC, PEF, FEF25, FEF50, FEF75, FEF25-75, FEF75-85, Lung Age, Extrap.Volume, FET, Time to PEF, FEV0.5, FEV0.5\/FVC, FEV0.75, FEV0.75\/FVC, FEV2, FEV2\/FVC, FEV3, FEV3\/FVC, FEV6, FEV1\/FEV6, FIVC, FIV1, FIV1\/FIVC, PIF, FIF25, FIF50, FIF75, FEF50\/FIF50, VC, IVC, IC, ERV, IRV, Rf, VE, VT, tI, tE, VT\/ tI, tE\/tTOT, MVV (measured), MVV (calculated)<\/p>\t\t\t\t\t\t\t\t<\/div>\n\t\t\t\t<div class=\"elementor-element elementor-element-3292303 elementor-widget elementor-widget-heading\" data-id=\"3292303\" data-element_type=\"widget\" data-e-type=\"widget\" data-widget_type=\"heading.default\">\n\t\t\t\t\t<h2 class=\"elementor-heading-title elementor-size-default\">Turbinen f\u00fcr Spirobank II Advanced<\/h2>\t\t\t\t<\/div>\n\t\t\t\t<div class=\"elementor-element elementor-element-30a608f elementor-widget elementor-widget-text-editor\" data-id=\"30a608f\" data-element_type=\"widget\" data-e-type=\"widget\" data-widget_type=\"text-editor.default\">\n\t\t\t\t\t\t\t\t\t<p>Die <strong>Spirobank II Advanced<\/strong> kann mit einer wiederverwendbaren Turbine oder mit <a href=\"\/shop\/sed91000\/\">Einwegturbinen f\u00fcr den einmaligen<\/a> Gebrauch verwendet werden. Die Verwendung von <strong>Einwegturbinen wird<\/strong> jedoch <strong>dringend empfohlen<\/strong>. Dadurch werden alle Risiken einer Kontamination zwischen Patienten vermieden und es entf\u00e4llt ein stundenlanger Reinigungs- und Desinfektionsprozess der wiederverwendbaren Turbine.<\/p>\t\t\t\t\t\t\t\t<\/div>\n\t\t\t\t<div class=\"elementor-element elementor-element-bde1f62 elementor-widget elementor-widget-heading\" data-id=\"bde1f62\" data-element_type=\"widget\" data-e-type=\"widget\" data-widget_type=\"heading.default\">\n\t\t\t\t\t<h2 class=\"elementor-heading-title elementor-size-default\">Die WinspiroPro-Software<\/h2>\t\t\t\t<\/div>\n\t\t\t\t<div class=\"elementor-element elementor-element-d7186ef elementor-widget elementor-widget-global elementor-global-32816 elementor-global-16723 elementor-widget-text-editor\" data-id=\"d7186ef\" data-element_type=\"widget\" data-e-type=\"widget\" data-widget_type=\"text-editor.default\">\n\t\t\t\t\t\t\t\t\t<p>WinspiroPro ist im Lieferumfang aller MIR Spirometermodelle enthalten und bietet eine intuitive Benutzeroberfl\u00e4che, ohne dass fortgeschrittene Computerkenntnisse erforderlich sind. Zu den wichtigsten Funktionen geh\u00f6ren <\/p>\n<ul>\n<li>Zusammenfassung der Spirometrie des Patienten auf einem einzigen Bildschirm.<\/li>\n<li>Dynamische Datenverwaltung und Archivierung der Ergebnisse.<\/li>\n<li>Direkter Versand der Ergebnisse per E-Mail.<\/li>\n<li>Vergleich der Spirometriekurven.<\/li>\n<li>P\u00e4diatrischer Modus mit Animationen.<\/li>\n<li>Automatische Aktualisierung und Protokoll der bronchialen Provokation\/Dilatation.<\/li>\n<\/ul>\n\t\t\t\t\t\t\t\t<\/div>\n\t\t\t\t<div class=\"elementor-element elementor-element-63a068f elementor-widget elementor-widget-heading\" data-id=\"63a068f\" data-element_type=\"widget\" data-e-type=\"widget\" data-widget_type=\"heading.default\">\n\t\t\t\t\t<h5 class=\"elementor-heading-title elementor-size-default\">Optionen<\/h5>\t\t\t\t<\/div>\n\t\t\t\t<div class=\"elementor-element elementor-element-2692064 elementor-widget elementor-widget-text-editor\" data-id=\"2692064\" data-element_type=\"widget\" data-e-type=\"widget\" data-widget_type=\"text-editor.default\">\n\t\t\t\t\t\t\t\t\t<p>Das <strong>Spirometer Spirobank II Advanced<\/strong> hat die M\u00f6glichkeit, mit einer Oximetrie-Option erworben zu werden.<\/p>\t\t\t\t\t\t\t\t<\/div>\n\t\t\t\t\t<\/div>\n\t\t<\/div>\n\t\t\t\t\t<\/div>\n\t\t<\/section>\n\t\t\t\t<\/div>\n\t\t","protected":false},"excerpt":{"rendered":"<p>Das Mir Spirobank II Advanced ist ein tragbares Ger\u00e4t zur technischen Erfassung und Aufzeichnung von Atemparametern. Es kann eigenst\u00e4ndig oder \u00fcber USB bzw. Bluetooth mit einem Computer verbunden verwendet werden. Das integrierte Touchscreen-Display erm\u00f6glicht eine direkte Anzeige der Daten ohne zus\u00e4tzliche Software. Kompatibel mit der WinspiroPRO-Software zur technischen Datenverwaltung. CE-zertifiziertes Ger\u00e4t, vorgesehen f\u00fcr den professionellen Einsatz in spezialisierten Einrichtungen.    <\/p>\n","protected":false},"featured_media":30695,"template":"","meta":{"_acf_changed":false},"product_brand":[2168],"product_cat":[1591,1590],"product_tag":[],"class_list":{"0":"post-35552","1":"product","2":"type-product","3":"status-publish","4":"has-post-thumbnail","6":"product_brand-mir-de","7":"product_cat-geraete-spirometer","8":"product_cat-spirometer","9":"product_shipping_class-kostenloser-versand","11":"first","12":"outofstock","13":"taxable","14":"shipping-taxable","15":"product-type-variable","16":"has-default-attributes"},"acf":[],"yoast_head":"<!-- This site is optimized with the Yoast SEO Premium plugin v27.4 (Yoast SEO v27.4) - https:\/\/yoast.com\/product\/yoast-seo-premium-wordpress\/ -->\n<title>Mir Spirobank II Advanced - Tragbares Analyseger\u00e4t f\u00fcr Atmungsparameter mit USB- und Bluetooth-Konnektivit\u00e4t | Swixed SA<\/title>\n<meta name=\"description\" content=\"Die Spirobank II Advanced von Mir ist ein tragbares Spirometer. Er kann ohne oder mit Anschluss an den USB-Port eines Computers verwendet werden.\" \/>\n<meta name=\"robots\" content=\"index, follow, max-snippet:-1, max-image-preview:large, max-video-preview:-1\" \/>\n<link rel=\"canonical\" href=\"https:\/\/swixed.ch\/de\/produkt\/sed90001\/\" \/>\n<meta property=\"og:locale\" content=\"de_DE\" \/>\n<meta property=\"og:type\" content=\"article\" \/>\n<meta property=\"og:title\" content=\"Mir Spirobank II Advanced - Tragbares Analyseger\u00e4t f\u00fcr Atmungsparameter mit USB- und Bluetooth-Konnektivit\u00e4t\" \/>\n<meta property=\"og:description\" content=\"Die Spirobank II Advanced von Mir ist ein tragbares Spirometer. Er kann ohne oder mit Anschluss an den USB-Port eines Computers verwendet werden.\" \/>\n<meta property=\"og:url\" content=\"https:\/\/swixed.ch\/de\/produkt\/sed90001\/\" \/>\n<meta property=\"og:site_name\" content=\"Swixed SA\" \/>\n<meta property=\"article:publisher\" content=\"https:\/\/www.facebook.com\/swixed\" \/>\n<meta property=\"article:modified_time\" content=\"2025-10-14T19:25:48+00:00\" \/>\n<meta property=\"og:image\" content=\"https:\/\/swixed.ch\/wp-content\/uploads\/products\/mir-spirobank-ii-advanced-01a.png\" \/>\n\t<meta property=\"og:image:width\" content=\"600\" \/>\n\t<meta property=\"og:image:height\" content=\"600\" \/>\n\t<meta property=\"og:image:type\" content=\"image\/png\" \/>\n<meta name=\"twitter:card\" content=\"summary_large_image\" \/>\n<meta name=\"twitter:label1\" content=\"Gesch\u00e4tzte Lesezeit\" \/>\n\t<meta name=\"twitter:data1\" content=\"2\u00a0Minuten\" \/>\n<script type=\"application\/ld+json\" class=\"yoast-schema-graph\">{\"@context\":\"https:\\\/\\\/schema.org\",\"@graph\":[{\"@type\":\"WebPage\",\"@id\":\"https:\\\/\\\/swixed.ch\\\/de\\\/produkt\\\/sed90001\\\/\",\"url\":\"https:\\\/\\\/swixed.ch\\\/de\\\/produkt\\\/sed90001\\\/\",\"name\":\"Mir Spirobank II Advanced - Tragbares Analyseger\u00e4t f\u00fcr Atmungsparameter mit USB- und Bluetooth-Konnektivit\u00e4t | Swixed SA\",\"isPartOf\":{\"@id\":\"https:\\\/\\\/swixed.ch\\\/de\\\/#website\"},\"primaryImageOfPage\":{\"@id\":\"https:\\\/\\\/swixed.ch\\\/de\\\/produkt\\\/sed90001\\\/#primaryimage\"},\"image\":{\"@id\":\"https:\\\/\\\/swixed.ch\\\/de\\\/produkt\\\/sed90001\\\/#primaryimage\"},\"thumbnailUrl\":\"https:\\\/\\\/swixed.ch\\\/wp-content\\\/uploads\\\/products\\\/mir-spirobank-ii-advanced-01a.png\",\"datePublished\":\"2022-12-12T10:39:44+00:00\",\"dateModified\":\"2025-10-14T19:25:48+00:00\",\"description\":\"Die Spirobank II Advanced von Mir ist ein tragbares Spirometer. Er kann ohne oder mit Anschluss an den USB-Port eines Computers verwendet werden.\",\"breadcrumb\":{\"@id\":\"https:\\\/\\\/swixed.ch\\\/de\\\/produkt\\\/sed90001\\\/#breadcrumb\"},\"inLanguage\":\"de\",\"potentialAction\":[{\"@type\":\"ReadAction\",\"target\":[\"https:\\\/\\\/swixed.ch\\\/de\\\/produkt\\\/sed90001\\\/\"]}]},{\"@type\":\"ImageObject\",\"inLanguage\":\"de\",\"@id\":\"https:\\\/\\\/swixed.ch\\\/de\\\/produkt\\\/sed90001\\\/#primaryimage\",\"url\":\"https:\\\/\\\/swixed.ch\\\/wp-content\\\/uploads\\\/products\\\/mir-spirobank-ii-advanced-01a.png\",\"contentUrl\":\"https:\\\/\\\/swixed.ch\\\/wp-content\\\/uploads\\\/products\\\/mir-spirobank-ii-advanced-01a.png\",\"width\":600,\"height\":600,\"caption\":\"mir spirobank ii advanced 01a\"},{\"@type\":\"BreadcrumbList\",\"@id\":\"https:\\\/\\\/swixed.ch\\\/de\\\/produkt\\\/sed90001\\\/#breadcrumb\",\"itemListElement\":[{\"@type\":\"ListItem\",\"position\":1,\"name\":\"Startseite\",\"item\":\"https:\\\/\\\/swixed.ch\\\/de\\\/home\\\/\"},{\"@type\":\"ListItem\",\"position\":2,\"name\":\"Shop\",\"item\":\"https:\\\/\\\/swixed.ch\\\/de\\\/shop\\\/\"},{\"@type\":\"ListItem\",\"position\":3,\"name\":\"Mir Spirobank II Advanced &#8211; Tragbares Analyseger\u00e4t f\u00fcr Atmungsparameter mit USB- und Bluetooth-Konnektivit\u00e4t\"}]},{\"@type\":\"WebSite\",\"@id\":\"https:\\\/\\\/swixed.ch\\\/de\\\/#website\",\"url\":\"https:\\\/\\\/swixed.ch\\\/de\\\/\",\"name\":\"Swixed SA\",\"description\":\"Elektronische Ger\u00e4te\",\"publisher\":{\"@id\":\"https:\\\/\\\/swixed.ch\\\/de\\\/#organization\"},\"potentialAction\":[{\"@type\":\"SearchAction\",\"target\":{\"@type\":\"EntryPoint\",\"urlTemplate\":\"https:\\\/\\\/swixed.ch\\\/de\\\/?s={search_term_string}\"},\"query-input\":{\"@type\":\"PropertyValueSpecification\",\"valueRequired\":true,\"valueName\":\"search_term_string\"}}],\"inLanguage\":\"de\"},{\"@type\":\"Organization\",\"@id\":\"https:\\\/\\\/swixed.ch\\\/de\\\/#organization\",\"name\":\"Swixed SA\",\"url\":\"https:\\\/\\\/swixed.ch\\\/de\\\/\",\"logo\":{\"@type\":\"ImageObject\",\"inLanguage\":\"de\",\"@id\":\"https:\\\/\\\/swixed.ch\\\/de\\\/#\\\/schema\\\/logo\\\/image\\\/\",\"url\":\"https:\\\/\\\/swixed.ch\\\/wp-content\\\/uploads\\\/logos\\\/swixed-logo-lite.png\",\"contentUrl\":\"https:\\\/\\\/swixed.ch\\\/wp-content\\\/uploads\\\/logos\\\/swixed-logo-lite.png\",\"width\":696,\"height\":696,\"caption\":\"Swixed SA\"},\"image\":{\"@id\":\"https:\\\/\\\/swixed.ch\\\/de\\\/#\\\/schema\\\/logo\\\/image\\\/\"},\"sameAs\":[\"https:\\\/\\\/www.facebook.com\\\/swixed\",\"https:\\\/\\\/www.linkedin.com\\\/company\\\/swixed\",\"https:\\\/\\\/www.youtube.com\\\/@swixedsa\"],\"description\":\"Swixed SA est une entreprise suisse bas\u00e9e \u00e0 Gen\u00e8ve, sp\u00e9cialis\u00e9e dans la vente, la location et la maintenance d\u2019appareils m\u00e9dicaux professionnels, tels que d\u00e9fibrillateurs AED, \u00e9lectrocardiographes, moniteurs patient et dispositifs de diagnostic.\",\"email\":\"infoshop@swixed.ch\",\"telephone\":\"+41 22 566 11 95\",\"legalName\":\"Swixed SA\",\"foundingDate\":\"2021-03-01\",\"numberOfEmployees\":{\"@type\":\"QuantitativeValue\",\"minValue\":\"1\",\"maxValue\":\"10\"}}]}<\/script>\n<!-- \/ Yoast SEO Premium plugin. -->","yoast_head_json":{"title":"Mir Spirobank II Advanced - Tragbares Analyseger\u00e4t f\u00fcr Atmungsparameter mit USB- und Bluetooth-Konnektivit\u00e4t | Swixed SA","description":"Die Spirobank II Advanced von Mir ist ein tragbares Spirometer. Er kann ohne oder mit Anschluss an den USB-Port eines Computers verwendet werden.","robots":{"index":"index","follow":"follow","max-snippet":"max-snippet:-1","max-image-preview":"max-image-preview:large","max-video-preview":"max-video-preview:-1"},"canonical":"https:\/\/swixed.ch\/de\/produkt\/sed90001\/","og_locale":"de_DE","og_type":"article","og_title":"Mir Spirobank II Advanced - Tragbares Analyseger\u00e4t f\u00fcr Atmungsparameter mit USB- und Bluetooth-Konnektivit\u00e4t","og_description":"Die Spirobank II Advanced von Mir ist ein tragbares Spirometer. Er kann ohne oder mit Anschluss an den USB-Port eines Computers verwendet werden.","og_url":"https:\/\/swixed.ch\/de\/produkt\/sed90001\/","og_site_name":"Swixed SA","article_publisher":"https:\/\/www.facebook.com\/swixed","article_modified_time":"2025-10-14T19:25:48+00:00","og_image":[{"width":600,"height":600,"url":"https:\/\/swixed.ch\/wp-content\/uploads\/products\/mir-spirobank-ii-advanced-01a.png","type":"image\/png"}],"twitter_card":"summary_large_image","twitter_misc":{"Gesch\u00e4tzte Lesezeit":"2\u00a0Minuten"},"schema":{"@context":"https:\/\/schema.org","@graph":[{"@type":"WebPage","@id":"https:\/\/swixed.ch\/de\/produkt\/sed90001\/","url":"https:\/\/swixed.ch\/de\/produkt\/sed90001\/","name":"Mir Spirobank II Advanced - Tragbares Analyseger\u00e4t f\u00fcr Atmungsparameter mit USB- und Bluetooth-Konnektivit\u00e4t | Swixed SA","isPartOf":{"@id":"https:\/\/swixed.ch\/de\/#website"},"primaryImageOfPage":{"@id":"https:\/\/swixed.ch\/de\/produkt\/sed90001\/#primaryimage"},"image":{"@id":"https:\/\/swixed.ch\/de\/produkt\/sed90001\/#primaryimage"},"thumbnailUrl":"https:\/\/swixed.ch\/wp-content\/uploads\/products\/mir-spirobank-ii-advanced-01a.png","datePublished":"2022-12-12T10:39:44+00:00","dateModified":"2025-10-14T19:25:48+00:00","description":"Die Spirobank II Advanced von Mir ist ein tragbares Spirometer. Er kann ohne oder mit Anschluss an den USB-Port eines Computers verwendet werden.","breadcrumb":{"@id":"https:\/\/swixed.ch\/de\/produkt\/sed90001\/#breadcrumb"},"inLanguage":"de","potentialAction":[{"@type":"ReadAction","target":["https:\/\/swixed.ch\/de\/produkt\/sed90001\/"]}]},{"@type":"ImageObject","inLanguage":"de","@id":"https:\/\/swixed.ch\/de\/produkt\/sed90001\/#primaryimage","url":"https:\/\/swixed.ch\/wp-content\/uploads\/products\/mir-spirobank-ii-advanced-01a.png","contentUrl":"https:\/\/swixed.ch\/wp-content\/uploads\/products\/mir-spirobank-ii-advanced-01a.png","width":600,"height":600,"caption":"mir spirobank ii advanced 01a"},{"@type":"BreadcrumbList","@id":"https:\/\/swixed.ch\/de\/produkt\/sed90001\/#breadcrumb","itemListElement":[{"@type":"ListItem","position":1,"name":"Startseite","item":"https:\/\/swixed.ch\/de\/home\/"},{"@type":"ListItem","position":2,"name":"Shop","item":"https:\/\/swixed.ch\/de\/shop\/"},{"@type":"ListItem","position":3,"name":"Mir Spirobank II Advanced &#8211; Tragbares Analyseger\u00e4t f\u00fcr Atmungsparameter mit USB- und Bluetooth-Konnektivit\u00e4t"}]},{"@type":"WebSite","@id":"https:\/\/swixed.ch\/de\/#website","url":"https:\/\/swixed.ch\/de\/","name":"Swixed SA","description":"Elektronische Ger\u00e4te","publisher":{"@id":"https:\/\/swixed.ch\/de\/#organization"},"potentialAction":[{"@type":"SearchAction","target":{"@type":"EntryPoint","urlTemplate":"https:\/\/swixed.ch\/de\/?s={search_term_string}"},"query-input":{"@type":"PropertyValueSpecification","valueRequired":true,"valueName":"search_term_string"}}],"inLanguage":"de"},{"@type":"Organization","@id":"https:\/\/swixed.ch\/de\/#organization","name":"Swixed SA","url":"https:\/\/swixed.ch\/de\/","logo":{"@type":"ImageObject","inLanguage":"de","@id":"https:\/\/swixed.ch\/de\/#\/schema\/logo\/image\/","url":"https:\/\/swixed.ch\/wp-content\/uploads\/logos\/swixed-logo-lite.png","contentUrl":"https:\/\/swixed.ch\/wp-content\/uploads\/logos\/swixed-logo-lite.png","width":696,"height":696,"caption":"Swixed SA"},"image":{"@id":"https:\/\/swixed.ch\/de\/#\/schema\/logo\/image\/"},"sameAs":["https:\/\/www.facebook.com\/swixed","https:\/\/www.linkedin.com\/company\/swixed","https:\/\/www.youtube.com\/@swixedsa"],"description":"Swixed SA est une entreprise suisse bas\u00e9e \u00e0 Gen\u00e8ve, sp\u00e9cialis\u00e9e dans la vente, la location et la maintenance d\u2019appareils m\u00e9dicaux professionnels, tels que d\u00e9fibrillateurs AED, \u00e9lectrocardiographes, moniteurs patient et dispositifs de diagnostic.","email":"infoshop@swixed.ch","telephone":"+41 22 566 11 95","legalName":"Swixed SA","foundingDate":"2021-03-01","numberOfEmployees":{"@type":"QuantitativeValue","minValue":"1","maxValue":"10"}}]}},"_links":{"self":[{"href":"https:\/\/swixed.ch\/de\/wp-json\/wp\/v2\/product\/35552","targetHints":{"allow":["GET"]}}],"collection":[{"href":"https:\/\/swixed.ch\/de\/wp-json\/wp\/v2\/product"}],"about":[{"href":"https:\/\/swixed.ch\/de\/wp-json\/wp\/v2\/types\/product"}],"version-history":[{"count":0,"href":"https:\/\/swixed.ch\/de\/wp-json\/wp\/v2\/product\/35552\/revisions"}],"wp:featuredmedia":[{"embeddable":true,"href":"https:\/\/swixed.ch\/de\/wp-json\/wp\/v2\/media\/30695"}],"wp:attachment":[{"href":"https:\/\/swixed.ch\/de\/wp-json\/wp\/v2\/media?parent=35552"}],"wp:term":[{"taxonomy":"product_brand","embeddable":true,"href":"https:\/\/swixed.ch\/de\/wp-json\/wp\/v2\/product_brand?post=35552"},{"taxonomy":"product_cat","embeddable":true,"href":"https:\/\/swixed.ch\/de\/wp-json\/wp\/v2\/product_cat?post=35552"},{"taxonomy":"product_tag","embeddable":true,"href":"https:\/\/swixed.ch\/de\/wp-json\/wp\/v2\/product_tag?post=35552"}],"curies":[{"name":"wp","href":"https:\/\/api.w.org\/{rel}","templated":true}]}}