{"id":35609,"date":"2022-11-24T12:38:55","date_gmt":"2022-11-24T11:38:55","guid":{"rendered":"https:\/\/swixed.com\/produit\/edan-f6-zwillings-fetalmonitor\/"},"modified":"2026-04-20T19:06:33","modified_gmt":"2026-04-20T18:06:33","slug":"sed40006","status":"publish","type":"product","link":"https:\/\/swixed.ch\/de\/produkt\/sed40006\/","title":{"rendered":"Edan F6 Kardiotokograph + Zwillingsoption"},"content":{"rendered":"\t\t<div data-elementor-type=\"product-post\" data-elementor-id=\"35609\" class=\"elementor elementor-35609 elementor-14901\" data-elementor-post-type=\"product\">\n\t\t\t\t\t\t<section class=\"elementor-section elementor-top-section elementor-element elementor-element-566dfe8 elementor-section-boxed elementor-section-height-default elementor-section-height-default\" data-id=\"566dfe8\" data-element_type=\"section\" data-e-type=\"section\">\n\t\t\t\t\t\t<div class=\"elementor-container elementor-column-gap-default\">\n\t\t\t\t\t<div class=\"elementor-column elementor-col-100 elementor-top-column elementor-element elementor-element-2c4618e\" data-id=\"2c4618e\" data-element_type=\"column\" data-e-type=\"column\">\n\t\t\t<div class=\"elementor-widget-wrap elementor-element-populated\">\n\t\t\t\t\t\t<div class=\"elementor-element elementor-element-57fea7d elementor-widget elementor-widget-heading\" data-id=\"57fea7d\" data-element_type=\"widget\" data-e-type=\"widget\" data-widget_type=\"heading.default\">\n\t\t\t\t\t<h2 class=\"elementor-heading-title elementor-size-default\">Beschreibung<\/h2>\t\t\t\t<\/div>\n\t\t\t\t<div class=\"elementor-element elementor-element-e0a279c elementor-widget elementor-widget-text-editor\" data-id=\"e0a279c\" data-element_type=\"widget\" data-e-type=\"widget\" data-widget_type=\"text-editor.default\">\n\t\t\t\t\t\t\t\t\t<p>Der Edan F6 Zwillings Fetalmonitor mit Berechnung der totalen kardialen Variabilit\u00e4t (TKV) ist ein fortschrittliches Instrument zur \u00dcberwachung von Schwangerschaften, das sich besonders f\u00fcr Mehrlingsschwangerschaften eignet. Er verf\u00fcgt \u00fcber einen 10,2-Zoll-TFT-Farbbildschirm und liefert detaillierte grafische Daten, die die \u00dcberwachung des F\u00f6tus in der Klinik oder im Krankenhaus erleichtern. <\/p><p>Mit zwei RCF-Sensoren erm\u00f6glicht dieser Monitor die gleichzeitige \u00dcberwachung von zwei F\u00f6ten, was bei Zwillingsschwangerschaften wichtig ist. Der wasserdichte 1-MHz-Sensor bietet eine optimale Schalldurchdringung f\u00fcr eine sichere, nicht-invasive \u00dcberwachung. Das System bietet eine Bewegungserkennung des F\u00f6tus, die je nach Bedarf automatisch oder manuell aktiviert werden kann.  <\/p><p>Die im Monitor integrierte VCT-Funktion analysiert den fetalen Herzrhythmus und hilft, eine m\u00f6gliche intrauterine Wachstumsst\u00f6rung (IUGR) zu erkennen.<\/p>\t\t\t\t\t\t\t\t<\/div>\n\t\t\t\t<div class=\"elementor-element elementor-element-f2dd4f7 elementor-widget elementor-widget-heading\" data-id=\"f2dd4f7\" data-element_type=\"widget\" data-e-type=\"widget\" data-widget_type=\"heading.default\">\n\t\t\t\t\t<h2 class=\"elementor-heading-title elementor-size-default\">Technische Merkmale<\/h2>\t\t\t\t<\/div>\n\t\t\t\t<div class=\"elementor-element elementor-element-05d6e6e elementor-widget elementor-widget-text-editor\" data-id=\"05d6e6e\" data-element_type=\"widget\" data-e-type=\"widget\" data-widget_type=\"text-editor.default\">\n\t\t\t\t\t\t\t\t\t<p>Der Edan F6 Monitor wird entweder \u00fcber das Stromnetz oder \u00fcber eine wiederaufladbare Batterie ohne Memory-Effekt betrieben, was einen kontinuierlichen Betrieb ohne Unterbrechung gew\u00e4hrleistet. Die Speicherkapazit\u00e4t betr\u00e4gt bis zu 60 Stunden und der eingebaute Thermodrucker druckt mit einer einstellbaren Geschwindigkeit von 1, 2 oder 3 cm\/min. Es stehen drei Anzeigemodi zur Verf\u00fcgung: Werte und Kurven, nur Kurven oder nur Werte, f\u00fcr maximale Flexibilit\u00e4t je nach den Bed\u00fcrfnissen des Arztes.  <\/p><p>Die SOV-Funktion erm\u00f6glicht eine automatische \u00dcberpr\u00fcfung der Signale, um Interferenzen bei der \u00dcberwachung von Zwillingen zu vermeiden. Akustische und visuelle Alarme und Ereignismarker erleichtern die aktive und reaktive \u00dcberwachung. <\/p>\t\t\t\t\t\t\t\t<\/div>\n\t\t\t\t<div class=\"elementor-element elementor-element-667bee0 elementor-widget elementor-widget-heading\" data-id=\"667bee0\" data-element_type=\"widget\" data-e-type=\"widget\" data-widget_type=\"heading.default\">\n\t\t\t\t\t<h3 class=\"elementor-heading-title elementor-size-default\">Video Edan F6<\/h3>\t\t\t\t<\/div>\n\t\t\t\t<div class=\"elementor-element elementor-element-f90fb34 elementor-widget elementor-widget-template\" data-id=\"f90fb34\" data-element_type=\"widget\" data-e-type=\"widget\" data-widget_type=\"template.default\">\n\t\t\t\t<div class=\"elementor-widget-container\">\n\t\t\t\t\t\t\t<div class=\"elementor-template\">\n\t\t\t\t\t<div data-elementor-type=\"section\" data-elementor-id=\"32669\" class=\"elementor elementor-32669 elementor-15455 elementor-15455\" data-elementor-post-type=\"elementor_library\">\n\t\t\t\t\t<section class=\"elementor-section elementor-inner-section elementor-element elementor-element-6279eb45 elementor-section-full_width elementor-section-height-default elementor-section-height-default\" data-id=\"6279eb45\" data-element_type=\"section\" data-e-type=\"section\">\n\t\t\t\t\t\t<div class=\"elementor-container elementor-column-gap-default\">\n\t\t\t\t\t<div class=\"elementor-column elementor-col-50 elementor-inner-column elementor-element elementor-element-33653143\" data-id=\"33653143\" data-element_type=\"column\" data-e-type=\"column\">\n\t\t\t<div class=\"elementor-widget-wrap\">\n\t\t\t\t\t\t\t<\/div>\n\t\t<\/div>\n\t\t\t\t<div class=\"elementor-column elementor-col-50 elementor-inner-column elementor-element elementor-element-37f6b510\" data-id=\"37f6b510\" data-element_type=\"column\" data-e-type=\"column\">\n\t\t\t<div class=\"elementor-widget-wrap\">\n\t\t\t\t\t\t\t<\/div>\n\t\t<\/div>\n\t\t\t\t\t<\/div>\n\t\t<\/section>\n\t\t\t\t<\/div>\n\t\t\t\t<\/div>\n\t\t\t\t\t\t<\/div>\n\t\t\t\t<\/div>\n\t\t\t\t<div class=\"elementor-element elementor-element-2d97c23 elementor-widget elementor-widget-heading\" data-id=\"2d97c23\" data-element_type=\"widget\" data-e-type=\"widget\" data-widget_type=\"heading.default\">\n\t\t\t\t\t<h2 class=\"elementor-heading-title elementor-size-default\">Inhalt<\/h2>\t\t\t\t<\/div>\n\t\t\t\t<div class=\"elementor-element elementor-element-af0e1e3 elementor-widget elementor-widget-text-editor\" data-id=\"af0e1e3\" data-element_type=\"widget\" data-e-type=\"widget\" data-widget_type=\"text-editor.default\">\n\t\t\t\t\t\t\t\t\t<ul><li>Edan F6 Monitor<\/li><li>Externer TOCO-Sensor<\/li><li>Zwei RCF-Sensoren (1 MHz)<\/li><li>Papierb\u00fcndel<\/li><li>Lithium-Batterie<\/li><li>Zwei Bauchgurte<\/li><li>Ultraschall-Gel<\/li><li>Netzkabel<\/li><li>Benutzerhandbuch und Leitf\u00e4den<\/li><li>VCT-Funktion und Ereignismarker enthalten<\/li><\/ul><p> <\/p><p><em><strong>Hinweis: <\/strong>Dieses medizinische Ger\u00e4t ist f\u00fcr medizinisches Fachpersonal zur \u00dcberwachung der fetalen Gesundheit bestimmt und muss in \u00dcbereinstimmung mit den mitgelieferten Richtlinien und Anweisungen verwendet werden.<\/em><\/p>\t\t\t\t\t\t\t\t<\/div>\n\t\t\t\t\t<\/div>\n\t\t<\/div>\n\t\t\t\t\t<\/div>\n\t\t<\/section>\n\t\t\t\t<\/div>\n\t\t","protected":false},"excerpt":{"rendered":"<p>Doppelkanalger\u00e4t mit VCT-Technologie zur Visualisierung von Sensordaten in Echtzeit, vorgesehen f\u00fcr den professionellen Einsatz. Das 10,2-Zoll-Farbdisplay sorgt f\u00fcr eine komfortable Darstellung. Nur zur Verwendung in kontrollierten Umgebungen. Kein medizinisches Ger\u00e4t zur Diagnose oder \u00dcberwachung des Gesundheitszustands.   <\/p>\n","protected":false},"featured_media":62970,"template":"","meta":{"_acf_changed":false},"product_brand":[2085],"product_cat":[1133,1134],"product_tag":[5295,6368,6360,3767,6367,6361,6370,6369,5155,6365,6366,6363,6362,6364,6359],"class_list":{"0":"post-35609","1":"product","2":"type-product","3":"status-publish","4":"has-post-thumbnail","6":"product_brand-edan-de","7":"product_cat-kardiotokographen","8":"product_cat-gerate-kardiotokographen","9":"product_tag-edan-f6-de","10":"product_tag-fetale-medizinische-ausrustung","11":"product_tag-fetale-uberwachung-de","12":"product_tag-fetale-uberwachung","13":"product_tag-fetalsensor","14":"product_tag-kardiotokograph-edan","15":"product_tag-monitor-fur-geburtshilfe","16":"product_tag-mutterschaftsbetreuung","17":"product_tag-pranataldiagnostik","18":"product_tag-professioneller-fetalmonitor","19":"product_tag-rcf-monitoring","20":"product_tag-schwangerschaftsmonitor","21":"product_tag-uberwachung-der-mehrlingsschwangerschaft-de","22":"product_tag-vct-kardiotokograph","23":"product_tag-zwillings-fetalmonitor","25":"first","26":"instock","27":"sale","28":"taxable","29":"shipping-taxable","30":"purchasable","31":"product-type-simple"},"acf":[],"yoast_head":"<!-- This site is optimized with the Yoast SEO Premium plugin v27.4 (Yoast SEO v27.4) - https:\/\/yoast.com\/product\/yoast-seo-premium-wordpress\/ -->\n<title>Edan F6 Kardiotokograph + Zwillingsoption | Swixed SA<\/title>\n<meta name=\"description\" content=\"Edan F6 Zwillingsmonitor mit VCT zur genauen \u00dcberwachung von Mehrlingsschwangerschaften, 10,2-Zoll-Bildschirm, zuverl\u00e4ssige Sensoren und \u00dcberwachungsoptionen\" \/>\n<meta name=\"robots\" content=\"index, follow, max-snippet:-1, max-image-preview:large, max-video-preview:-1\" \/>\n<link rel=\"canonical\" href=\"https:\/\/swixed.ch\/de\/produkt\/sed40006\/\" \/>\n<meta property=\"og:locale\" content=\"de_DE\" \/>\n<meta property=\"og:type\" content=\"article\" \/>\n<meta property=\"og:title\" content=\"Edan F6 Kardiotokograph + Zwillingsoption\" \/>\n<meta property=\"og:description\" content=\"Edan F6 Zwillingsmonitor mit VCT zur genauen \u00dcberwachung von Mehrlingsschwangerschaften, 10,2-Zoll-Bildschirm, zuverl\u00e4ssige Sensoren und \u00dcberwachungsoptionen\" \/>\n<meta property=\"og:url\" content=\"https:\/\/swixed.ch\/de\/produkt\/sed40006\/\" \/>\n<meta property=\"og:site_name\" content=\"Swixed SA\" \/>\n<meta property=\"article:publisher\" content=\"https:\/\/www.facebook.com\/swixed\" \/>\n<meta property=\"article:modified_time\" content=\"2026-04-20T18:06:33+00:00\" \/>\n<meta property=\"og:image\" content=\"https:\/\/swixed.ch\/wp-content\/uploads\/2026\/01\/SED40005-01.png\" \/>\n\t<meta property=\"og:image:width\" content=\"600\" \/>\n\t<meta property=\"og:image:height\" content=\"600\" \/>\n\t<meta property=\"og:image:type\" content=\"image\/png\" \/>\n<meta name=\"twitter:card\" content=\"summary_large_image\" \/>\n<meta name=\"twitter:label1\" content=\"Gesch\u00e4tzte Lesezeit\" \/>\n\t<meta name=\"twitter:data1\" content=\"1\u00a0Minute\" \/>\n<script type=\"application\/ld+json\" class=\"yoast-schema-graph\">{\"@context\":\"https:\\\/\\\/schema.org\",\"@graph\":[{\"@type\":\"WebPage\",\"@id\":\"https:\\\/\\\/swixed.ch\\\/de\\\/produkt\\\/sed40006\\\/\",\"url\":\"https:\\\/\\\/swixed.ch\\\/de\\\/produkt\\\/sed40006\\\/\",\"name\":\"Edan F6 Kardiotokograph + Zwillingsoption | Swixed SA\",\"isPartOf\":{\"@id\":\"https:\\\/\\\/swixed.ch\\\/de\\\/#website\"},\"primaryImageOfPage\":{\"@id\":\"https:\\\/\\\/swixed.ch\\\/de\\\/produkt\\\/sed40006\\\/#primaryimage\"},\"image\":{\"@id\":\"https:\\\/\\\/swixed.ch\\\/de\\\/produkt\\\/sed40006\\\/#primaryimage\"},\"thumbnailUrl\":\"https:\\\/\\\/swixed.ch\\\/wp-content\\\/uploads\\\/2026\\\/01\\\/SED40005-01.png\",\"datePublished\":\"2022-11-24T11:38:55+00:00\",\"dateModified\":\"2026-04-20T18:06:33+00:00\",\"description\":\"Edan F6 Zwillingsmonitor mit VCT zur genauen \u00dcberwachung von Mehrlingsschwangerschaften, 10,2-Zoll-Bildschirm, zuverl\u00e4ssige Sensoren und \u00dcberwachungsoptionen\",\"breadcrumb\":{\"@id\":\"https:\\\/\\\/swixed.ch\\\/de\\\/produkt\\\/sed40006\\\/#breadcrumb\"},\"inLanguage\":\"de\",\"potentialAction\":[{\"@type\":\"ReadAction\",\"target\":[\"https:\\\/\\\/swixed.ch\\\/de\\\/produkt\\\/sed40006\\\/\"]}]},{\"@type\":\"ImageObject\",\"inLanguage\":\"de\",\"@id\":\"https:\\\/\\\/swixed.ch\\\/de\\\/produkt\\\/sed40006\\\/#primaryimage\",\"url\":\"https:\\\/\\\/swixed.ch\\\/wp-content\\\/uploads\\\/2026\\\/01\\\/SED40005-01.png\",\"contentUrl\":\"https:\\\/\\\/swixed.ch\\\/wp-content\\\/uploads\\\/2026\\\/01\\\/SED40005-01.png\",\"width\":600,\"height\":600,\"caption\":\"SED40005, SED40006\"},{\"@type\":\"BreadcrumbList\",\"@id\":\"https:\\\/\\\/swixed.ch\\\/de\\\/produkt\\\/sed40006\\\/#breadcrumb\",\"itemListElement\":[{\"@type\":\"ListItem\",\"position\":1,\"name\":\"Startseite\",\"item\":\"https:\\\/\\\/swixed.ch\\\/de\\\/home\\\/\"},{\"@type\":\"ListItem\",\"position\":2,\"name\":\"Shop\",\"item\":\"https:\\\/\\\/swixed.ch\\\/de\\\/shop\\\/\"},{\"@type\":\"ListItem\",\"position\":3,\"name\":\"Edan F6 Kardiotokograph + Zwillingsoption\"}]},{\"@type\":\"WebSite\",\"@id\":\"https:\\\/\\\/swixed.ch\\\/de\\\/#website\",\"url\":\"https:\\\/\\\/swixed.ch\\\/de\\\/\",\"name\":\"Swixed SA\",\"description\":\"Elektronische Ger\u00e4te\",\"publisher\":{\"@id\":\"https:\\\/\\\/swixed.ch\\\/de\\\/#organization\"},\"potentialAction\":[{\"@type\":\"SearchAction\",\"target\":{\"@type\":\"EntryPoint\",\"urlTemplate\":\"https:\\\/\\\/swixed.ch\\\/de\\\/?s={search_term_string}\"},\"query-input\":{\"@type\":\"PropertyValueSpecification\",\"valueRequired\":true,\"valueName\":\"search_term_string\"}}],\"inLanguage\":\"de\"},{\"@type\":\"Organization\",\"@id\":\"https:\\\/\\\/swixed.ch\\\/de\\\/#organization\",\"name\":\"Swixed SA\",\"url\":\"https:\\\/\\\/swixed.ch\\\/de\\\/\",\"logo\":{\"@type\":\"ImageObject\",\"inLanguage\":\"de\",\"@id\":\"https:\\\/\\\/swixed.ch\\\/de\\\/#\\\/schema\\\/logo\\\/image\\\/\",\"url\":\"https:\\\/\\\/swixed.ch\\\/wp-content\\\/uploads\\\/logos\\\/swixed-logo-lite.png\",\"contentUrl\":\"https:\\\/\\\/swixed.ch\\\/wp-content\\\/uploads\\\/logos\\\/swixed-logo-lite.png\",\"width\":696,\"height\":696,\"caption\":\"Swixed SA\"},\"image\":{\"@id\":\"https:\\\/\\\/swixed.ch\\\/de\\\/#\\\/schema\\\/logo\\\/image\\\/\"},\"sameAs\":[\"https:\\\/\\\/www.facebook.com\\\/swixed\",\"https:\\\/\\\/www.linkedin.com\\\/company\\\/swixed\",\"https:\\\/\\\/www.youtube.com\\\/@swixedsa\"],\"description\":\"Swixed SA est une entreprise suisse bas\u00e9e \u00e0 Gen\u00e8ve, sp\u00e9cialis\u00e9e dans la vente, la location et la maintenance d\u2019appareils m\u00e9dicaux professionnels, tels que d\u00e9fibrillateurs AED, \u00e9lectrocardiographes, moniteurs patient et dispositifs de diagnostic.\",\"email\":\"infoshop@swixed.ch\",\"telephone\":\"+41 22 566 11 95\",\"legalName\":\"Swixed SA\",\"foundingDate\":\"2021-03-01\",\"numberOfEmployees\":{\"@type\":\"QuantitativeValue\",\"minValue\":\"1\",\"maxValue\":\"10\"}}]}<\/script>\n<!-- \/ Yoast SEO Premium plugin. -->","yoast_head_json":{"title":"Edan F6 Kardiotokograph + Zwillingsoption | Swixed SA","description":"Edan F6 Zwillingsmonitor mit VCT zur genauen \u00dcberwachung von Mehrlingsschwangerschaften, 10,2-Zoll-Bildschirm, zuverl\u00e4ssige Sensoren und \u00dcberwachungsoptionen","robots":{"index":"index","follow":"follow","max-snippet":"max-snippet:-1","max-image-preview":"max-image-preview:large","max-video-preview":"max-video-preview:-1"},"canonical":"https:\/\/swixed.ch\/de\/produkt\/sed40006\/","og_locale":"de_DE","og_type":"article","og_title":"Edan F6 Kardiotokograph + Zwillingsoption","og_description":"Edan F6 Zwillingsmonitor mit VCT zur genauen \u00dcberwachung von Mehrlingsschwangerschaften, 10,2-Zoll-Bildschirm, zuverl\u00e4ssige Sensoren und \u00dcberwachungsoptionen","og_url":"https:\/\/swixed.ch\/de\/produkt\/sed40006\/","og_site_name":"Swixed SA","article_publisher":"https:\/\/www.facebook.com\/swixed","article_modified_time":"2026-04-20T18:06:33+00:00","og_image":[{"width":600,"height":600,"url":"https:\/\/swixed.ch\/wp-content\/uploads\/2026\/01\/SED40005-01.png","type":"image\/png"}],"twitter_card":"summary_large_image","twitter_misc":{"Gesch\u00e4tzte Lesezeit":"1\u00a0Minute"},"schema":{"@context":"https:\/\/schema.org","@graph":[{"@type":"WebPage","@id":"https:\/\/swixed.ch\/de\/produkt\/sed40006\/","url":"https:\/\/swixed.ch\/de\/produkt\/sed40006\/","name":"Edan F6 Kardiotokograph + Zwillingsoption | Swixed SA","isPartOf":{"@id":"https:\/\/swixed.ch\/de\/#website"},"primaryImageOfPage":{"@id":"https:\/\/swixed.ch\/de\/produkt\/sed40006\/#primaryimage"},"image":{"@id":"https:\/\/swixed.ch\/de\/produkt\/sed40006\/#primaryimage"},"thumbnailUrl":"https:\/\/swixed.ch\/wp-content\/uploads\/2026\/01\/SED40005-01.png","datePublished":"2022-11-24T11:38:55+00:00","dateModified":"2026-04-20T18:06:33+00:00","description":"Edan F6 Zwillingsmonitor mit VCT zur genauen \u00dcberwachung von Mehrlingsschwangerschaften, 10,2-Zoll-Bildschirm, zuverl\u00e4ssige Sensoren und \u00dcberwachungsoptionen","breadcrumb":{"@id":"https:\/\/swixed.ch\/de\/produkt\/sed40006\/#breadcrumb"},"inLanguage":"de","potentialAction":[{"@type":"ReadAction","target":["https:\/\/swixed.ch\/de\/produkt\/sed40006\/"]}]},{"@type":"ImageObject","inLanguage":"de","@id":"https:\/\/swixed.ch\/de\/produkt\/sed40006\/#primaryimage","url":"https:\/\/swixed.ch\/wp-content\/uploads\/2026\/01\/SED40005-01.png","contentUrl":"https:\/\/swixed.ch\/wp-content\/uploads\/2026\/01\/SED40005-01.png","width":600,"height":600,"caption":"SED40005, SED40006"},{"@type":"BreadcrumbList","@id":"https:\/\/swixed.ch\/de\/produkt\/sed40006\/#breadcrumb","itemListElement":[{"@type":"ListItem","position":1,"name":"Startseite","item":"https:\/\/swixed.ch\/de\/home\/"},{"@type":"ListItem","position":2,"name":"Shop","item":"https:\/\/swixed.ch\/de\/shop\/"},{"@type":"ListItem","position":3,"name":"Edan F6 Kardiotokograph + Zwillingsoption"}]},{"@type":"WebSite","@id":"https:\/\/swixed.ch\/de\/#website","url":"https:\/\/swixed.ch\/de\/","name":"Swixed SA","description":"Elektronische Ger\u00e4te","publisher":{"@id":"https:\/\/swixed.ch\/de\/#organization"},"potentialAction":[{"@type":"SearchAction","target":{"@type":"EntryPoint","urlTemplate":"https:\/\/swixed.ch\/de\/?s={search_term_string}"},"query-input":{"@type":"PropertyValueSpecification","valueRequired":true,"valueName":"search_term_string"}}],"inLanguage":"de"},{"@type":"Organization","@id":"https:\/\/swixed.ch\/de\/#organization","name":"Swixed SA","url":"https:\/\/swixed.ch\/de\/","logo":{"@type":"ImageObject","inLanguage":"de","@id":"https:\/\/swixed.ch\/de\/#\/schema\/logo\/image\/","url":"https:\/\/swixed.ch\/wp-content\/uploads\/logos\/swixed-logo-lite.png","contentUrl":"https:\/\/swixed.ch\/wp-content\/uploads\/logos\/swixed-logo-lite.png","width":696,"height":696,"caption":"Swixed SA"},"image":{"@id":"https:\/\/swixed.ch\/de\/#\/schema\/logo\/image\/"},"sameAs":["https:\/\/www.facebook.com\/swixed","https:\/\/www.linkedin.com\/company\/swixed","https:\/\/www.youtube.com\/@swixedsa"],"description":"Swixed SA est une entreprise suisse bas\u00e9e \u00e0 Gen\u00e8ve, sp\u00e9cialis\u00e9e dans la vente, la location et la maintenance d\u2019appareils m\u00e9dicaux professionnels, tels que d\u00e9fibrillateurs AED, \u00e9lectrocardiographes, moniteurs patient et dispositifs de diagnostic.","email":"infoshop@swixed.ch","telephone":"+41 22 566 11 95","legalName":"Swixed SA","foundingDate":"2021-03-01","numberOfEmployees":{"@type":"QuantitativeValue","minValue":"1","maxValue":"10"}}]}},"_links":{"self":[{"href":"https:\/\/swixed.ch\/de\/wp-json\/wp\/v2\/product\/35609","targetHints":{"allow":["GET"]}}],"collection":[{"href":"https:\/\/swixed.ch\/de\/wp-json\/wp\/v2\/product"}],"about":[{"href":"https:\/\/swixed.ch\/de\/wp-json\/wp\/v2\/types\/product"}],"version-history":[{"count":1,"href":"https:\/\/swixed.ch\/de\/wp-json\/wp\/v2\/product\/35609\/revisions"}],"predecessor-version":[{"id":62975,"href":"https:\/\/swixed.ch\/de\/wp-json\/wp\/v2\/product\/35609\/revisions\/62975"}],"wp:featuredmedia":[{"embeddable":true,"href":"https:\/\/swixed.ch\/de\/wp-json\/wp\/v2\/media\/62970"}],"wp:attachment":[{"href":"https:\/\/swixed.ch\/de\/wp-json\/wp\/v2\/media?parent=35609"}],"wp:term":[{"taxonomy":"product_brand","embeddable":true,"href":"https:\/\/swixed.ch\/de\/wp-json\/wp\/v2\/product_brand?post=35609"},{"taxonomy":"product_cat","embeddable":true,"href":"https:\/\/swixed.ch\/de\/wp-json\/wp\/v2\/product_cat?post=35609"},{"taxonomy":"product_tag","embeddable":true,"href":"https:\/\/swixed.ch\/de\/wp-json\/wp\/v2\/product_tag?post=35609"}],"curies":[{"name":"wp","href":"https:\/\/api.w.org\/{rel}","templated":true}]}}