{"id":35610,"date":"2022-09-17T02:01:35","date_gmt":"2022-09-17T01:01:35","guid":{"rendered":"https:\/\/swixed.com\/produit\/g2-co2-kapnographieoption-fuer-edan-x-serien-monitor\/"},"modified":"2026-04-19T17:16:40","modified_gmt":"2026-04-19T16:16:40","slug":"sed22008","status":"publish","type":"product","link":"https:\/\/swixed.ch\/de\/produkt\/sed22008\/","title":{"rendered":"G2-CO\u2082-Kapnographie-Option f\u00fcr den Monitor der Edan X-Serie"},"content":{"rendered":"\t\t<div data-elementor-type=\"product-post\" data-elementor-id=\"35610\" class=\"elementor elementor-35610 elementor-14139\" data-elementor-post-type=\"product\">\n\t\t\t\t\t\t<section class=\"elementor-section elementor-top-section elementor-element elementor-element-566dfe8 elementor-section-full_width elementor-section-height-default elementor-section-height-default\" data-id=\"566dfe8\" data-element_type=\"section\" data-e-type=\"section\">\n\t\t\t\t\t\t<div class=\"elementor-container elementor-column-gap-default\">\n\t\t\t\t\t<div class=\"elementor-column elementor-col-100 elementor-top-column elementor-element elementor-element-2c4618e\" data-id=\"2c4618e\" data-element_type=\"column\" data-e-type=\"column\">\n\t\t\t<div class=\"elementor-widget-wrap elementor-element-populated\">\n\t\t\t\t\t\t<div class=\"elementor-element elementor-element-57fea7d elementor-widget elementor-widget-heading\" data-id=\"57fea7d\" data-element_type=\"widget\" data-e-type=\"widget\" data-widget_type=\"heading.default\">\n\t\t\t\t\t<h2 class=\"elementor-heading-title elementor-size-default\">Beschreibung<\/h2>\t\t\t\t<\/div>\n\t\t\t\t<div class=\"elementor-element elementor-element-e0a279c elementor-widget elementor-widget-text-editor\" data-id=\"e0a279c\" data-element_type=\"widget\" data-e-type=\"widget\" data-widget_type=\"text-editor.default\">\n\t\t\t\t\t\t\t\t\t<p>Optimieren Sie Ihr \u00dcberwachungssystem mit der Kapnographie-Option G2 CO2, die speziell f\u00fcr die Monitore Edan X8, X10 und X12 entwickelt wurde. Dieses fortschrittliche Kapnographie-Modul erm\u00f6glicht eine genaue \u00dcberwachung der Atmung durch die Analyse von Atemgasproben, die direkt aus den Atemwegen des Patienten entnommen werden. <\/p><p>Die G2 CO2-Technologie arbeitet mit einem &#8222;Sidestream&#8220;-Messprinzip, bei dem eine traditionelle Wasserfalle in Verbindung mit einer Nasenkan\u00fcle verwendet wird, um eine optimale Probenahme zu gew\u00e4hrleisten. Die Gasproben werden in Echtzeit analysiert und die Ergebnisse werden in Form eines Kapnogramms auf dem Bildschirm des Monitors angezeigt, was eine klare Visualisierung der Atmungsdaten des Patienten erm\u00f6glicht. <\/p>\t\t\t\t\t\t\t\t<\/div>\n\t\t\t\t<div class=\"elementor-element elementor-element-46340bd elementor-widget elementor-widget-heading\" data-id=\"46340bd\" data-element_type=\"widget\" data-e-type=\"widget\" data-widget_type=\"heading.default\">\n\t\t\t\t\t<h2 class=\"elementor-heading-title elementor-size-default\">Inhalt<\/h2>\t\t\t\t<\/div>\n\t\t\t\t<div class=\"elementor-element elementor-element-ae336a2 elementor-widget elementor-widget-text-editor\" data-id=\"ae336a2\" data-element_type=\"widget\" data-e-type=\"widget\" data-widget_type=\"text-editor.default\">\n\t\t\t\t\t\t\t\t\t<ul><li>Integrierbares G2 CO2-Modul<\/li><li>1 Wasserfalle<\/li><li>1 Einweg-Kupplungsschlauch mit Luer-Anschluss<\/li><li>1 Nasenkan\u00fcle f\u00fcr Erwachsene<\/li><\/ul><p><em><strong>Hinweis: <\/strong>Diese Kapnographie-Option muss beim Kauf eines Edan X8, X10 oder X12 erworben werden und kann nicht nachtr\u00e4glich hinzugef\u00fcgt werden. Es handelt sich um eine wichtige medizinische Ausr\u00fcstung f\u00fcr die \u00dcberwachung von Patienten. <\/em><\/p>\t\t\t\t\t\t\t\t<\/div>\n\t\t\t\t\t<\/div>\n\t\t<\/div>\n\t\t\t\t\t<\/div>\n\t\t<\/section>\n\t\t\t\t<\/div>\n\t\t","protected":false},"excerpt":{"rendered":"<p>Die G2 CO\u2082-Kapnographieoption ist ein Zusatzmodul f\u00fcr die Monitore Edan X8, X10 und X12. Es erm\u00f6glicht die Integration der Kohlendioxid-Messung \u00fcber eine entsprechende Anschlussl\u00f6sung. CE-zertifiziertes Zubeh\u00f6r, geeignet f\u00fcr professionelle Arbeitsumgebungen und kompatibel mit Zubeh\u00f6r der Edan-Serie.  <\/p>\n","protected":false},"featured_media":27759,"template":"","meta":{"_acf_changed":false},"product_brand":[2085],"product_cat":[970,1203],"product_tag":[5745,5748,5738,1623,5742,5747,3769,2752,5743,5737,5740,5741,5739,5744,5746],"class_list":{"0":"post-35610","1":"product","2":"type-product","3":"status-publish","4":"has-post-thumbnail","6":"product_brand-edan-de","7":"product_cat-patientenmonitore","8":"product_cat-zubehor-patientenmonitore","9":"product_tag-analyse-von-atemgasen","10":"product_tag-edan-x-serien","11":"product_tag-g2-co2-de","12":"product_tag-kapnographie","13":"product_tag-kapnographiesystem","14":"product_tag-kontinuierliche-uberwachung","15":"product_tag-medizinische-ausrustung","16":"product_tag-medizinisches-gerat","17":"product_tag-modul-g2-co2","18":"product_tag-monitor-edan-de","19":"product_tag-nasenkanule","20":"product_tag-patientenmonitoring","21":"product_tag-uberwachung-der-atmung","22":"product_tag-wasserfalle","23":"product_tag-zubehor-fur-monitore","25":"first","26":"instock","27":"taxable","28":"shipping-taxable","29":"purchasable","30":"product-type-simple"},"acf":[],"yoast_head":"<!-- This site is optimized with the Yoast SEO Premium plugin v27.4 (Yoast SEO v27.4) - https:\/\/yoast.com\/product\/yoast-seo-premium-wordpress\/ -->\n<title>G2-CO\u2082-Kapnographie-Option f\u00fcr den Monitor der Edan X-Serie | Swixed SA<\/title>\n<meta name=\"description\" content=\"F\u00fcgen Sie Ihrem Edan X-Monitor die Option G2 CO2-Kapnographie hinzu, um die Atmung durch die Analyse von Atemgasen genau zu \u00fcberwachen.\" \/>\n<meta name=\"robots\" content=\"index, follow, max-snippet:-1, max-image-preview:large, max-video-preview:-1\" \/>\n<link rel=\"canonical\" href=\"https:\/\/swixed.ch\/de\/produkt\/sed22008\/\" \/>\n<meta property=\"og:locale\" content=\"de_DE\" \/>\n<meta property=\"og:type\" content=\"article\" \/>\n<meta property=\"og:title\" content=\"G2-CO\u2082-Kapnographie-Option f\u00fcr den Monitor der Edan X-Serie\" \/>\n<meta property=\"og:description\" content=\"F\u00fcgen Sie Ihrem Edan X-Monitor die Option G2 CO2-Kapnographie hinzu, um die Atmung durch die Analyse von Atemgasen genau zu \u00fcberwachen.\" \/>\n<meta property=\"og:url\" content=\"https:\/\/swixed.ch\/de\/produkt\/sed22008\/\" \/>\n<meta property=\"og:site_name\" content=\"Swixed SA\" \/>\n<meta property=\"article:publisher\" content=\"https:\/\/www.facebook.com\/swixed\" \/>\n<meta property=\"article:modified_time\" content=\"2026-04-19T16:16:40+00:00\" \/>\n<meta property=\"og:image\" content=\"https:\/\/swixed.ch\/wp-content\/uploads\/products\/edan-x12-06.png\" \/>\n\t<meta property=\"og:image:width\" content=\"600\" \/>\n\t<meta property=\"og:image:height\" content=\"600\" \/>\n\t<meta property=\"og:image:type\" content=\"image\/png\" \/>\n<meta name=\"twitter:card\" content=\"summary_large_image\" \/>\n<meta name=\"twitter:label1\" content=\"Gesch\u00e4tzte Lesezeit\" \/>\n\t<meta name=\"twitter:data1\" content=\"1\u00a0Minute\" \/>\n<script type=\"application\/ld+json\" class=\"yoast-schema-graph\">{\"@context\":\"https:\\\/\\\/schema.org\",\"@graph\":[{\"@type\":\"WebPage\",\"@id\":\"https:\\\/\\\/swixed.ch\\\/de\\\/produkt\\\/sed22008\\\/\",\"url\":\"https:\\\/\\\/swixed.ch\\\/de\\\/produkt\\\/sed22008\\\/\",\"name\":\"G2-CO\u2082-Kapnographie-Option f\u00fcr den Monitor der Edan X-Serie | Swixed SA\",\"isPartOf\":{\"@id\":\"https:\\\/\\\/swixed.ch\\\/de\\\/#website\"},\"primaryImageOfPage\":{\"@id\":\"https:\\\/\\\/swixed.ch\\\/de\\\/produkt\\\/sed22008\\\/#primaryimage\"},\"image\":{\"@id\":\"https:\\\/\\\/swixed.ch\\\/de\\\/produkt\\\/sed22008\\\/#primaryimage\"},\"thumbnailUrl\":\"https:\\\/\\\/swixed.ch\\\/wp-content\\\/uploads\\\/products\\\/edan-x12-06.png\",\"datePublished\":\"2022-09-17T01:01:35+00:00\",\"dateModified\":\"2026-04-19T16:16:40+00:00\",\"description\":\"F\u00fcgen Sie Ihrem Edan X-Monitor die Option G2 CO2-Kapnographie hinzu, um die Atmung durch die Analyse von Atemgasen genau zu \u00fcberwachen.\",\"breadcrumb\":{\"@id\":\"https:\\\/\\\/swixed.ch\\\/de\\\/produkt\\\/sed22008\\\/#breadcrumb\"},\"inLanguage\":\"de\",\"potentialAction\":[{\"@type\":\"ReadAction\",\"target\":[\"https:\\\/\\\/swixed.ch\\\/de\\\/produkt\\\/sed22008\\\/\"]}]},{\"@type\":\"ImageObject\",\"inLanguage\":\"de\",\"@id\":\"https:\\\/\\\/swixed.ch\\\/de\\\/produkt\\\/sed22008\\\/#primaryimage\",\"url\":\"https:\\\/\\\/swixed.ch\\\/wp-content\\\/uploads\\\/products\\\/edan-x12-06.png\",\"contentUrl\":\"https:\\\/\\\/swixed.ch\\\/wp-content\\\/uploads\\\/products\\\/edan-x12-06.png\",\"width\":600,\"height\":600,\"caption\":\"G2 Co2 Kapnographie-Option f\u00fcr Edan Xseries Monitor\"},{\"@type\":\"BreadcrumbList\",\"@id\":\"https:\\\/\\\/swixed.ch\\\/de\\\/produkt\\\/sed22008\\\/#breadcrumb\",\"itemListElement\":[{\"@type\":\"ListItem\",\"position\":1,\"name\":\"Startseite\",\"item\":\"https:\\\/\\\/swixed.ch\\\/de\\\/home\\\/\"},{\"@type\":\"ListItem\",\"position\":2,\"name\":\"Shop\",\"item\":\"https:\\\/\\\/swixed.ch\\\/de\\\/shop\\\/\"},{\"@type\":\"ListItem\",\"position\":3,\"name\":\"G2-CO\u2082-Kapnographie-Option f\u00fcr den Monitor der Edan X-Serie\"}]},{\"@type\":\"WebSite\",\"@id\":\"https:\\\/\\\/swixed.ch\\\/de\\\/#website\",\"url\":\"https:\\\/\\\/swixed.ch\\\/de\\\/\",\"name\":\"Swixed SA\",\"description\":\"Elektronische Ger\u00e4te\",\"publisher\":{\"@id\":\"https:\\\/\\\/swixed.ch\\\/de\\\/#organization\"},\"potentialAction\":[{\"@type\":\"SearchAction\",\"target\":{\"@type\":\"EntryPoint\",\"urlTemplate\":\"https:\\\/\\\/swixed.ch\\\/de\\\/?s={search_term_string}\"},\"query-input\":{\"@type\":\"PropertyValueSpecification\",\"valueRequired\":true,\"valueName\":\"search_term_string\"}}],\"inLanguage\":\"de\"},{\"@type\":\"Organization\",\"@id\":\"https:\\\/\\\/swixed.ch\\\/de\\\/#organization\",\"name\":\"Swixed SA\",\"url\":\"https:\\\/\\\/swixed.ch\\\/de\\\/\",\"logo\":{\"@type\":\"ImageObject\",\"inLanguage\":\"de\",\"@id\":\"https:\\\/\\\/swixed.ch\\\/de\\\/#\\\/schema\\\/logo\\\/image\\\/\",\"url\":\"https:\\\/\\\/swixed.ch\\\/wp-content\\\/uploads\\\/logos\\\/swixed-logo-lite.png\",\"contentUrl\":\"https:\\\/\\\/swixed.ch\\\/wp-content\\\/uploads\\\/logos\\\/swixed-logo-lite.png\",\"width\":696,\"height\":696,\"caption\":\"Swixed SA\"},\"image\":{\"@id\":\"https:\\\/\\\/swixed.ch\\\/de\\\/#\\\/schema\\\/logo\\\/image\\\/\"},\"sameAs\":[\"https:\\\/\\\/www.facebook.com\\\/swixed\",\"https:\\\/\\\/www.linkedin.com\\\/company\\\/swixed\",\"https:\\\/\\\/www.youtube.com\\\/@swixedsa\"],\"description\":\"Swixed SA est une entreprise suisse bas\u00e9e \u00e0 Gen\u00e8ve, sp\u00e9cialis\u00e9e dans la vente, la location et la maintenance d\u2019appareils m\u00e9dicaux professionnels, tels que d\u00e9fibrillateurs AED, \u00e9lectrocardiographes, moniteurs patient et dispositifs de diagnostic.\",\"email\":\"infoshop@swixed.ch\",\"telephone\":\"+41 22 566 11 95\",\"legalName\":\"Swixed SA\",\"foundingDate\":\"2021-03-01\",\"numberOfEmployees\":{\"@type\":\"QuantitativeValue\",\"minValue\":\"1\",\"maxValue\":\"10\"}}]}<\/script>\n<!-- \/ Yoast SEO Premium plugin. -->","yoast_head_json":{"title":"G2-CO\u2082-Kapnographie-Option f\u00fcr den Monitor der Edan X-Serie | Swixed SA","description":"F\u00fcgen Sie Ihrem Edan X-Monitor die Option G2 CO2-Kapnographie hinzu, um die Atmung durch die Analyse von Atemgasen genau zu \u00fcberwachen.","robots":{"index":"index","follow":"follow","max-snippet":"max-snippet:-1","max-image-preview":"max-image-preview:large","max-video-preview":"max-video-preview:-1"},"canonical":"https:\/\/swixed.ch\/de\/produkt\/sed22008\/","og_locale":"de_DE","og_type":"article","og_title":"G2-CO\u2082-Kapnographie-Option f\u00fcr den Monitor der Edan X-Serie","og_description":"F\u00fcgen Sie Ihrem Edan X-Monitor die Option G2 CO2-Kapnographie hinzu, um die Atmung durch die Analyse von Atemgasen genau zu \u00fcberwachen.","og_url":"https:\/\/swixed.ch\/de\/produkt\/sed22008\/","og_site_name":"Swixed SA","article_publisher":"https:\/\/www.facebook.com\/swixed","article_modified_time":"2026-04-19T16:16:40+00:00","og_image":[{"width":600,"height":600,"url":"https:\/\/swixed.ch\/wp-content\/uploads\/products\/edan-x12-06.png","type":"image\/png"}],"twitter_card":"summary_large_image","twitter_misc":{"Gesch\u00e4tzte Lesezeit":"1\u00a0Minute"},"schema":{"@context":"https:\/\/schema.org","@graph":[{"@type":"WebPage","@id":"https:\/\/swixed.ch\/de\/produkt\/sed22008\/","url":"https:\/\/swixed.ch\/de\/produkt\/sed22008\/","name":"G2-CO\u2082-Kapnographie-Option f\u00fcr den Monitor der Edan X-Serie | Swixed SA","isPartOf":{"@id":"https:\/\/swixed.ch\/de\/#website"},"primaryImageOfPage":{"@id":"https:\/\/swixed.ch\/de\/produkt\/sed22008\/#primaryimage"},"image":{"@id":"https:\/\/swixed.ch\/de\/produkt\/sed22008\/#primaryimage"},"thumbnailUrl":"https:\/\/swixed.ch\/wp-content\/uploads\/products\/edan-x12-06.png","datePublished":"2022-09-17T01:01:35+00:00","dateModified":"2026-04-19T16:16:40+00:00","description":"F\u00fcgen Sie Ihrem Edan X-Monitor die Option G2 CO2-Kapnographie hinzu, um die Atmung durch die Analyse von Atemgasen genau zu \u00fcberwachen.","breadcrumb":{"@id":"https:\/\/swixed.ch\/de\/produkt\/sed22008\/#breadcrumb"},"inLanguage":"de","potentialAction":[{"@type":"ReadAction","target":["https:\/\/swixed.ch\/de\/produkt\/sed22008\/"]}]},{"@type":"ImageObject","inLanguage":"de","@id":"https:\/\/swixed.ch\/de\/produkt\/sed22008\/#primaryimage","url":"https:\/\/swixed.ch\/wp-content\/uploads\/products\/edan-x12-06.png","contentUrl":"https:\/\/swixed.ch\/wp-content\/uploads\/products\/edan-x12-06.png","width":600,"height":600,"caption":"G2 Co2 Kapnographie-Option f\u00fcr Edan Xseries Monitor"},{"@type":"BreadcrumbList","@id":"https:\/\/swixed.ch\/de\/produkt\/sed22008\/#breadcrumb","itemListElement":[{"@type":"ListItem","position":1,"name":"Startseite","item":"https:\/\/swixed.ch\/de\/home\/"},{"@type":"ListItem","position":2,"name":"Shop","item":"https:\/\/swixed.ch\/de\/shop\/"},{"@type":"ListItem","position":3,"name":"G2-CO\u2082-Kapnographie-Option f\u00fcr den Monitor der Edan X-Serie"}]},{"@type":"WebSite","@id":"https:\/\/swixed.ch\/de\/#website","url":"https:\/\/swixed.ch\/de\/","name":"Swixed SA","description":"Elektronische Ger\u00e4te","publisher":{"@id":"https:\/\/swixed.ch\/de\/#organization"},"potentialAction":[{"@type":"SearchAction","target":{"@type":"EntryPoint","urlTemplate":"https:\/\/swixed.ch\/de\/?s={search_term_string}"},"query-input":{"@type":"PropertyValueSpecification","valueRequired":true,"valueName":"search_term_string"}}],"inLanguage":"de"},{"@type":"Organization","@id":"https:\/\/swixed.ch\/de\/#organization","name":"Swixed SA","url":"https:\/\/swixed.ch\/de\/","logo":{"@type":"ImageObject","inLanguage":"de","@id":"https:\/\/swixed.ch\/de\/#\/schema\/logo\/image\/","url":"https:\/\/swixed.ch\/wp-content\/uploads\/logos\/swixed-logo-lite.png","contentUrl":"https:\/\/swixed.ch\/wp-content\/uploads\/logos\/swixed-logo-lite.png","width":696,"height":696,"caption":"Swixed SA"},"image":{"@id":"https:\/\/swixed.ch\/de\/#\/schema\/logo\/image\/"},"sameAs":["https:\/\/www.facebook.com\/swixed","https:\/\/www.linkedin.com\/company\/swixed","https:\/\/www.youtube.com\/@swixedsa"],"description":"Swixed SA est une entreprise suisse bas\u00e9e \u00e0 Gen\u00e8ve, sp\u00e9cialis\u00e9e dans la vente, la location et la maintenance d\u2019appareils m\u00e9dicaux professionnels, tels que d\u00e9fibrillateurs AED, \u00e9lectrocardiographes, moniteurs patient et dispositifs de diagnostic.","email":"infoshop@swixed.ch","telephone":"+41 22 566 11 95","legalName":"Swixed SA","foundingDate":"2021-03-01","numberOfEmployees":{"@type":"QuantitativeValue","minValue":"1","maxValue":"10"}}]}},"_links":{"self":[{"href":"https:\/\/swixed.ch\/de\/wp-json\/wp\/v2\/product\/35610","targetHints":{"allow":["GET"]}}],"collection":[{"href":"https:\/\/swixed.ch\/de\/wp-json\/wp\/v2\/product"}],"about":[{"href":"https:\/\/swixed.ch\/de\/wp-json\/wp\/v2\/types\/product"}],"version-history":[{"count":1,"href":"https:\/\/swixed.ch\/de\/wp-json\/wp\/v2\/product\/35610\/revisions"}],"predecessor-version":[{"id":62803,"href":"https:\/\/swixed.ch\/de\/wp-json\/wp\/v2\/product\/35610\/revisions\/62803"}],"wp:featuredmedia":[{"embeddable":true,"href":"https:\/\/swixed.ch\/de\/wp-json\/wp\/v2\/media\/27759"}],"wp:attachment":[{"href":"https:\/\/swixed.ch\/de\/wp-json\/wp\/v2\/media?parent=35610"}],"wp:term":[{"taxonomy":"product_brand","embeddable":true,"href":"https:\/\/swixed.ch\/de\/wp-json\/wp\/v2\/product_brand?post=35610"},{"taxonomy":"product_cat","embeddable":true,"href":"https:\/\/swixed.ch\/de\/wp-json\/wp\/v2\/product_cat?post=35610"},{"taxonomy":"product_tag","embeddable":true,"href":"https:\/\/swixed.ch\/de\/wp-json\/wp\/v2\/product_tag?post=35610"}],"curies":[{"name":"wp","href":"https:\/\/api.w.org\/{rel}","templated":true}]}}