{"id":35744,"date":"2022-12-14T12:27:13","date_gmt":"2022-12-14T10:27:13","guid":{"rendered":"https:\/\/swixed.com\/produit\/mir-flowmir-einwegturbinen\/"},"modified":"2025-09-07T18:11:09","modified_gmt":"2025-09-07T16:11:09","slug":"sed91000","status":"publish","type":"product","link":"https:\/\/swixed.ch\/de\/produkt\/sed91000\/","title":{"rendered":"Mir FlowMir Einwegturbinen &#8211; F\u00fcr MIR Spirometer"},"content":{"rendered":"\t\t<div data-elementor-type=\"product-post\" data-elementor-id=\"35744\" class=\"elementor elementor-35744 elementor-15372\" data-elementor-post-type=\"product\">\n\t\t\t\t\t\t<section class=\"elementor-section elementor-top-section elementor-element elementor-element-566dfe8 elementor-section-boxed elementor-section-height-default elementor-section-height-default\" data-id=\"566dfe8\" data-element_type=\"section\" data-e-type=\"section\">\n\t\t\t\t\t\t<div class=\"elementor-container elementor-column-gap-default\">\n\t\t\t\t\t<div class=\"elementor-column elementor-col-100 elementor-top-column elementor-element elementor-element-2c4618e\" data-id=\"2c4618e\" data-element_type=\"column\" data-e-type=\"column\">\n\t\t\t<div class=\"elementor-widget-wrap elementor-element-populated\">\n\t\t\t\t\t\t<div class=\"elementor-element elementor-element-57fea7d elementor-widget elementor-widget-heading\" data-id=\"57fea7d\" data-element_type=\"widget\" data-e-type=\"widget\" data-widget_type=\"heading.default\">\n\t\t\t\t\t<h2 class=\"elementor-heading-title elementor-size-default\">Beschreibung von FlowMir Einwegturbinen<\/h2>\t\t\t\t<\/div>\n\t\t\t\t<div class=\"elementor-element elementor-element-e0a279c elementor-widget elementor-widget-text-editor\" data-id=\"e0a279c\" data-element_type=\"widget\" data-e-type=\"widget\" data-widget_type=\"text-editor.default\">\n\t\t\t\t\t\t\t\t\t<p>Die <strong>FlowMir Einwegturbinen<\/strong> sind ein unverzichtbares Zubeh\u00f6r f\u00fcr MIR-Spirometer wie Minispir, Spirobank, Spirolab und Spirodoc. Diese Einwegturbinen sind <strong>werkseitig kalibriert<\/strong> und m\u00fcssen nicht t\u00e4glich neu kalibriert werden, was ihre Verwendung erheblich vereinfacht. Ihr fortschrittliches Design gew\u00e4hrleistet eine <strong>Genauigkeit von 2,5 %<\/strong>, die den ATS\/ERS-Standards entspricht und nicht von Temperatur, Luftfeuchtigkeit oder Luftdruck beeinflusst wird.  <\/p><p>Jede Turbine ist mit einem <strong>Mundst\u00fcck aus Pappe<\/strong> ausgestattet, das f\u00fcr mehr Bequemlichkeit integriert ist. Die Verwendung von FlowMir Einwegturbinen minimiert das Risiko einer Kreuzkontamination zwischen Patienten, was sie zu einer hygienischeren L\u00f6sung als wiederverwendbare Turbinen macht. Die Turbinen sind einzeln verpackt, um bei jedem Gebrauch eine <strong>optimale Hygiene<\/strong> zu gew\u00e4hrleisten.  <\/p><p>Sie sind ideal f\u00fcr medizinisches Fachpersonal, da sie schnelle und zuverl\u00e4ssige Tests erm\u00f6glichen, ohne dass Klimastationen oder Desinfektionsger\u00e4te erforderlich sind. Die Verwendung von Spirometern in Kliniken oder Arztpraxen vereinfacht den t\u00e4glichen Betrieb. <\/p>\t\t\t\t\t\t\t\t<\/div>\n\t\t\t\t<div class=\"elementor-element elementor-element-a3b59f9 elementor-widget elementor-widget-heading\" data-id=\"a3b59f9\" data-element_type=\"widget\" data-e-type=\"widget\" data-widget_type=\"heading.default\">\n\t\t\t\t\t<h2 class=\"elementor-heading-title elementor-size-default\">Merkmale<\/h2>\t\t\t\t<\/div>\n\t\t\t\t<div class=\"elementor-element elementor-element-3edf0f8 elementor-widget elementor-widget-text-editor\" data-id=\"3edf0f8\" data-element_type=\"widget\" data-e-type=\"widget\" data-widget_type=\"text-editor.default\">\n\t\t\t\t\t\t\t\t\t<ul><li><strong>Genauigkeit<\/strong>: Entspricht den ATS\/ERS-Empfehlungen mit einer Genauigkeit von 2,5 %.<\/li><li>Kalibrierungsfrei: Werkseitig <strong>kalibriert<\/strong>, keine t\u00e4gliche Kalibrierung erforderlich.<\/li><li><strong>Hygienisch<\/strong>: Einwegartikel, die eine Kreuzkontamination vermeiden.<\/li><li><strong>Portabel<\/strong>: Unempfindlich gegen Umgebungsbedingungen wie Temperatur, Druck oder Feuchtigkeit.<\/li><li><strong>Gebrauchsfertig<\/strong>: Integriertes Mundst\u00fcck aus Karton.<\/li><li><strong>Praktische Verpackung<\/strong>: Karton mit 60 St\u00fcck, leicht zu transportieren und zu lagern.<\/li><\/ul>\t\t\t\t\t\t\t\t<\/div>\n\t\t\t\t<div class=\"elementor-element elementor-element-f602441 elementor-widget elementor-widget-heading\" data-id=\"f602441\" data-element_type=\"widget\" data-e-type=\"widget\" data-widget_type=\"heading.default\">\n\t\t\t\t\t<h2 class=\"elementor-heading-title elementor-size-default\">Inhalt<\/h2>\t\t\t\t<\/div>\n\t\t\t\t<div class=\"elementor-element elementor-element-4c3383d elementor-widget elementor-widget-text-editor\" data-id=\"4c3383d\" data-element_type=\"widget\" data-e-type=\"widget\" data-widget_type=\"text-editor.default\">\n\t\t\t\t\t\t\t\t\t<p>60 einzeln verpackte FlowMir Einwegturbinen.<\/p>\t\t\t\t\t\t\t\t<\/div>\n\t\t\t\t\t<\/div>\n\t\t<\/div>\n\t\t\t\t\t<\/div>\n\t\t<\/section>\n\t\t\t\t<\/div>\n\t\t","protected":false},"excerpt":{"rendered":"<p>Die werkseitig kalibrierten FlowMir-Einwegturbinen wurden f\u00fcr MIR-Spirometer wie Minispir, Spirobank, Spirolab und Spirodoc entwickelt. Sie sind pr\u00e4zise, gebrauchsfertig mit Mundst\u00fccken aus Pappe und gew\u00e4hrleisten zuverl\u00e4ssige Messungen, ohne dass eine Kalibrierung oder Desinfektion erforderlich ist. Inklusive Karton mit 60 St\u00fcck.  <\/p>\n","protected":false},"featured_media":30087,"template":"","meta":{"_acf_changed":false},"product_brand":[2168],"product_cat":[1590,1631],"product_tag":[5046,5045,1346,5036,5047,5037,5042,5044,3769,5038,5040,1592,5039,5043,5041],"class_list":{"0":"post-35744","1":"product","2":"type-product","3":"status-publish","4":"has-post-thumbnail","6":"product_brand-mir-de","7":"product_cat-spirometer","8":"product_cat-verbrauchsmaterial-spirometer","9":"product_tag-atemtests","10":"product_tag-ats-ers-standards","11":"product_tag-einmalige-verwendung","12":"product_tag-einwegturbinen","13":"product_tag-ersatzturbinen","14":"product_tag-flowmir-de","15":"product_tag-genaue-messung","16":"product_tag-hygienischer-einwegartikel","17":"product_tag-medizinische-ausrustung","18":"product_tag-mir-spirometer","19":"product_tag-mundstucke","20":"product_tag-spirometrie-de","21":"product_tag-spirometrisches-zubehor","22":"product_tag-vermeidung-von-kontamination","23":"product_tag-werkskalibrierung","25":"first","26":"instock","27":"taxable","28":"shipping-taxable","29":"purchasable","30":"product-type-simple"},"acf":[],"yoast_head":"<!-- This site is optimized with the Yoast SEO Premium plugin v27.4 (Yoast SEO v27.4) - https:\/\/yoast.com\/product\/yoast-seo-premium-wordpress\/ -->\n<title>Mir FlowMir Einwegturbinen - F\u00fcr MIR Spirometer | Swixed SA<\/title>\n<meta name=\"description\" content=\"FlowMir Einwegturbinen, ideal f\u00fcr MIR-Spirometer. Einmalgebrauch, werkseitig kalibriert, garantiert Genauigkeit und Hygiene f\u00fcr Ihre Atemtests.\" \/>\n<meta name=\"robots\" content=\"index, follow, max-snippet:-1, max-image-preview:large, max-video-preview:-1\" \/>\n<link rel=\"canonical\" href=\"https:\/\/swixed.ch\/de\/produkt\/sed91000\/\" \/>\n<meta property=\"og:locale\" content=\"de_DE\" \/>\n<meta property=\"og:type\" content=\"article\" \/>\n<meta property=\"og:title\" content=\"Mir FlowMir Einwegturbinen - F\u00fcr MIR Spirometer\" \/>\n<meta property=\"og:description\" content=\"FlowMir Einwegturbinen, ideal f\u00fcr MIR-Spirometer. Einmalgebrauch, werkseitig kalibriert, garantiert Genauigkeit und Hygiene f\u00fcr Ihre Atemtests.\" \/>\n<meta property=\"og:url\" content=\"https:\/\/swixed.ch\/de\/produkt\/sed91000\/\" \/>\n<meta property=\"og:site_name\" content=\"Swixed SA\" \/>\n<meta property=\"article:publisher\" content=\"https:\/\/www.facebook.com\/swixed\" \/>\n<meta property=\"article:modified_time\" content=\"2025-09-07T16:11:09+00:00\" \/>\n<meta property=\"og:image\" content=\"https:\/\/swixed.ch\/wp-content\/uploads\/products\/mir-flowmir-disposable-turbine-01.png\" \/>\n\t<meta property=\"og:image:width\" content=\"600\" \/>\n\t<meta property=\"og:image:height\" content=\"600\" \/>\n\t<meta property=\"og:image:type\" content=\"image\/png\" \/>\n<meta name=\"twitter:card\" content=\"summary_large_image\" \/>\n<meta name=\"twitter:label1\" content=\"Gesch\u00e4tzte Lesezeit\" \/>\n\t<meta name=\"twitter:data1\" content=\"1\u00a0Minute\" \/>\n<script type=\"application\/ld+json\" class=\"yoast-schema-graph\">{\"@context\":\"https:\\\/\\\/schema.org\",\"@graph\":[{\"@type\":\"WebPage\",\"@id\":\"https:\\\/\\\/swixed.ch\\\/de\\\/produkt\\\/sed91000\\\/\",\"url\":\"https:\\\/\\\/swixed.ch\\\/de\\\/produkt\\\/sed91000\\\/\",\"name\":\"Mir FlowMir Einwegturbinen - F\u00fcr MIR Spirometer | Swixed SA\",\"isPartOf\":{\"@id\":\"https:\\\/\\\/swixed.ch\\\/de\\\/#website\"},\"primaryImageOfPage\":{\"@id\":\"https:\\\/\\\/swixed.ch\\\/de\\\/produkt\\\/sed91000\\\/#primaryimage\"},\"image\":{\"@id\":\"https:\\\/\\\/swixed.ch\\\/de\\\/produkt\\\/sed91000\\\/#primaryimage\"},\"thumbnailUrl\":\"https:\\\/\\\/swixed.ch\\\/wp-content\\\/uploads\\\/products\\\/mir-flowmir-disposable-turbine-01.png\",\"datePublished\":\"2022-12-14T10:27:13+00:00\",\"dateModified\":\"2025-09-07T16:11:09+00:00\",\"description\":\"FlowMir Einwegturbinen, ideal f\u00fcr MIR-Spirometer. Einmalgebrauch, werkseitig kalibriert, garantiert Genauigkeit und Hygiene f\u00fcr Ihre Atemtests.\",\"breadcrumb\":{\"@id\":\"https:\\\/\\\/swixed.ch\\\/de\\\/produkt\\\/sed91000\\\/#breadcrumb\"},\"inLanguage\":\"de\",\"potentialAction\":[{\"@type\":\"ReadAction\",\"target\":[\"https:\\\/\\\/swixed.ch\\\/de\\\/produkt\\\/sed91000\\\/\"]}]},{\"@type\":\"ImageObject\",\"inLanguage\":\"de\",\"@id\":\"https:\\\/\\\/swixed.ch\\\/de\\\/produkt\\\/sed91000\\\/#primaryimage\",\"url\":\"https:\\\/\\\/swixed.ch\\\/wp-content\\\/uploads\\\/products\\\/mir-flowmir-disposable-turbine-01.png\",\"contentUrl\":\"https:\\\/\\\/swixed.ch\\\/wp-content\\\/uploads\\\/products\\\/mir-flowmir-disposable-turbine-01.png\",\"width\":600,\"height\":600,\"caption\":\"Einwegturbinen Flowmir\"},{\"@type\":\"BreadcrumbList\",\"@id\":\"https:\\\/\\\/swixed.ch\\\/de\\\/produkt\\\/sed91000\\\/#breadcrumb\",\"itemListElement\":[{\"@type\":\"ListItem\",\"position\":1,\"name\":\"Startseite\",\"item\":\"https:\\\/\\\/swixed.ch\\\/de\\\/home\\\/\"},{\"@type\":\"ListItem\",\"position\":2,\"name\":\"Shop\",\"item\":\"https:\\\/\\\/swixed.ch\\\/de\\\/shop\\\/\"},{\"@type\":\"ListItem\",\"position\":3,\"name\":\"Mir FlowMir Einwegturbinen &#8211; F\u00fcr MIR Spirometer\"}]},{\"@type\":\"WebSite\",\"@id\":\"https:\\\/\\\/swixed.ch\\\/de\\\/#website\",\"url\":\"https:\\\/\\\/swixed.ch\\\/de\\\/\",\"name\":\"Swixed SA\",\"description\":\"Elektronische Ger\u00e4te\",\"publisher\":{\"@id\":\"https:\\\/\\\/swixed.ch\\\/de\\\/#organization\"},\"potentialAction\":[{\"@type\":\"SearchAction\",\"target\":{\"@type\":\"EntryPoint\",\"urlTemplate\":\"https:\\\/\\\/swixed.ch\\\/de\\\/?s={search_term_string}\"},\"query-input\":{\"@type\":\"PropertyValueSpecification\",\"valueRequired\":true,\"valueName\":\"search_term_string\"}}],\"inLanguage\":\"de\"},{\"@type\":\"Organization\",\"@id\":\"https:\\\/\\\/swixed.ch\\\/de\\\/#organization\",\"name\":\"Swixed SA\",\"url\":\"https:\\\/\\\/swixed.ch\\\/de\\\/\",\"logo\":{\"@type\":\"ImageObject\",\"inLanguage\":\"de\",\"@id\":\"https:\\\/\\\/swixed.ch\\\/de\\\/#\\\/schema\\\/logo\\\/image\\\/\",\"url\":\"https:\\\/\\\/swixed.ch\\\/wp-content\\\/uploads\\\/logos\\\/swixed-logo-lite.png\",\"contentUrl\":\"https:\\\/\\\/swixed.ch\\\/wp-content\\\/uploads\\\/logos\\\/swixed-logo-lite.png\",\"width\":696,\"height\":696,\"caption\":\"Swixed SA\"},\"image\":{\"@id\":\"https:\\\/\\\/swixed.ch\\\/de\\\/#\\\/schema\\\/logo\\\/image\\\/\"},\"sameAs\":[\"https:\\\/\\\/www.facebook.com\\\/swixed\",\"https:\\\/\\\/www.linkedin.com\\\/company\\\/swixed\",\"https:\\\/\\\/www.youtube.com\\\/@swixedsa\"],\"description\":\"Swixed SA est une entreprise suisse bas\u00e9e \u00e0 Gen\u00e8ve, sp\u00e9cialis\u00e9e dans la vente, la location et la maintenance d\u2019appareils m\u00e9dicaux professionnels, tels que d\u00e9fibrillateurs AED, \u00e9lectrocardiographes, moniteurs patient et dispositifs de diagnostic.\",\"email\":\"infoshop@swixed.ch\",\"telephone\":\"+41 22 566 11 95\",\"legalName\":\"Swixed SA\",\"foundingDate\":\"2021-03-01\",\"numberOfEmployees\":{\"@type\":\"QuantitativeValue\",\"minValue\":\"1\",\"maxValue\":\"10\"}}]}<\/script>\n<!-- \/ Yoast SEO Premium plugin. -->","yoast_head_json":{"title":"Mir FlowMir Einwegturbinen - F\u00fcr MIR Spirometer | Swixed SA","description":"FlowMir Einwegturbinen, ideal f\u00fcr MIR-Spirometer. Einmalgebrauch, werkseitig kalibriert, garantiert Genauigkeit und Hygiene f\u00fcr Ihre Atemtests.","robots":{"index":"index","follow":"follow","max-snippet":"max-snippet:-1","max-image-preview":"max-image-preview:large","max-video-preview":"max-video-preview:-1"},"canonical":"https:\/\/swixed.ch\/de\/produkt\/sed91000\/","og_locale":"de_DE","og_type":"article","og_title":"Mir FlowMir Einwegturbinen - F\u00fcr MIR Spirometer","og_description":"FlowMir Einwegturbinen, ideal f\u00fcr MIR-Spirometer. Einmalgebrauch, werkseitig kalibriert, garantiert Genauigkeit und Hygiene f\u00fcr Ihre Atemtests.","og_url":"https:\/\/swixed.ch\/de\/produkt\/sed91000\/","og_site_name":"Swixed SA","article_publisher":"https:\/\/www.facebook.com\/swixed","article_modified_time":"2025-09-07T16:11:09+00:00","og_image":[{"width":600,"height":600,"url":"https:\/\/swixed.ch\/wp-content\/uploads\/products\/mir-flowmir-disposable-turbine-01.png","type":"image\/png"}],"twitter_card":"summary_large_image","twitter_misc":{"Gesch\u00e4tzte Lesezeit":"1\u00a0Minute"},"schema":{"@context":"https:\/\/schema.org","@graph":[{"@type":"WebPage","@id":"https:\/\/swixed.ch\/de\/produkt\/sed91000\/","url":"https:\/\/swixed.ch\/de\/produkt\/sed91000\/","name":"Mir FlowMir Einwegturbinen - F\u00fcr MIR Spirometer | Swixed SA","isPartOf":{"@id":"https:\/\/swixed.ch\/de\/#website"},"primaryImageOfPage":{"@id":"https:\/\/swixed.ch\/de\/produkt\/sed91000\/#primaryimage"},"image":{"@id":"https:\/\/swixed.ch\/de\/produkt\/sed91000\/#primaryimage"},"thumbnailUrl":"https:\/\/swixed.ch\/wp-content\/uploads\/products\/mir-flowmir-disposable-turbine-01.png","datePublished":"2022-12-14T10:27:13+00:00","dateModified":"2025-09-07T16:11:09+00:00","description":"FlowMir Einwegturbinen, ideal f\u00fcr MIR-Spirometer. Einmalgebrauch, werkseitig kalibriert, garantiert Genauigkeit und Hygiene f\u00fcr Ihre Atemtests.","breadcrumb":{"@id":"https:\/\/swixed.ch\/de\/produkt\/sed91000\/#breadcrumb"},"inLanguage":"de","potentialAction":[{"@type":"ReadAction","target":["https:\/\/swixed.ch\/de\/produkt\/sed91000\/"]}]},{"@type":"ImageObject","inLanguage":"de","@id":"https:\/\/swixed.ch\/de\/produkt\/sed91000\/#primaryimage","url":"https:\/\/swixed.ch\/wp-content\/uploads\/products\/mir-flowmir-disposable-turbine-01.png","contentUrl":"https:\/\/swixed.ch\/wp-content\/uploads\/products\/mir-flowmir-disposable-turbine-01.png","width":600,"height":600,"caption":"Einwegturbinen Flowmir"},{"@type":"BreadcrumbList","@id":"https:\/\/swixed.ch\/de\/produkt\/sed91000\/#breadcrumb","itemListElement":[{"@type":"ListItem","position":1,"name":"Startseite","item":"https:\/\/swixed.ch\/de\/home\/"},{"@type":"ListItem","position":2,"name":"Shop","item":"https:\/\/swixed.ch\/de\/shop\/"},{"@type":"ListItem","position":3,"name":"Mir FlowMir Einwegturbinen &#8211; F\u00fcr MIR Spirometer"}]},{"@type":"WebSite","@id":"https:\/\/swixed.ch\/de\/#website","url":"https:\/\/swixed.ch\/de\/","name":"Swixed SA","description":"Elektronische Ger\u00e4te","publisher":{"@id":"https:\/\/swixed.ch\/de\/#organization"},"potentialAction":[{"@type":"SearchAction","target":{"@type":"EntryPoint","urlTemplate":"https:\/\/swixed.ch\/de\/?s={search_term_string}"},"query-input":{"@type":"PropertyValueSpecification","valueRequired":true,"valueName":"search_term_string"}}],"inLanguage":"de"},{"@type":"Organization","@id":"https:\/\/swixed.ch\/de\/#organization","name":"Swixed SA","url":"https:\/\/swixed.ch\/de\/","logo":{"@type":"ImageObject","inLanguage":"de","@id":"https:\/\/swixed.ch\/de\/#\/schema\/logo\/image\/","url":"https:\/\/swixed.ch\/wp-content\/uploads\/logos\/swixed-logo-lite.png","contentUrl":"https:\/\/swixed.ch\/wp-content\/uploads\/logos\/swixed-logo-lite.png","width":696,"height":696,"caption":"Swixed SA"},"image":{"@id":"https:\/\/swixed.ch\/de\/#\/schema\/logo\/image\/"},"sameAs":["https:\/\/www.facebook.com\/swixed","https:\/\/www.linkedin.com\/company\/swixed","https:\/\/www.youtube.com\/@swixedsa"],"description":"Swixed SA est une entreprise suisse bas\u00e9e \u00e0 Gen\u00e8ve, sp\u00e9cialis\u00e9e dans la vente, la location et la maintenance d\u2019appareils m\u00e9dicaux professionnels, tels que d\u00e9fibrillateurs AED, \u00e9lectrocardiographes, moniteurs patient et dispositifs de diagnostic.","email":"infoshop@swixed.ch","telephone":"+41 22 566 11 95","legalName":"Swixed SA","foundingDate":"2021-03-01","numberOfEmployees":{"@type":"QuantitativeValue","minValue":"1","maxValue":"10"}}]}},"_links":{"self":[{"href":"https:\/\/swixed.ch\/de\/wp-json\/wp\/v2\/product\/35744","targetHints":{"allow":["GET"]}}],"collection":[{"href":"https:\/\/swixed.ch\/de\/wp-json\/wp\/v2\/product"}],"about":[{"href":"https:\/\/swixed.ch\/de\/wp-json\/wp\/v2\/types\/product"}],"version-history":[{"count":0,"href":"https:\/\/swixed.ch\/de\/wp-json\/wp\/v2\/product\/35744\/revisions"}],"wp:featuredmedia":[{"embeddable":true,"href":"https:\/\/swixed.ch\/de\/wp-json\/wp\/v2\/media\/30087"}],"wp:attachment":[{"href":"https:\/\/swixed.ch\/de\/wp-json\/wp\/v2\/media?parent=35744"}],"wp:term":[{"taxonomy":"product_brand","embeddable":true,"href":"https:\/\/swixed.ch\/de\/wp-json\/wp\/v2\/product_brand?post=35744"},{"taxonomy":"product_cat","embeddable":true,"href":"https:\/\/swixed.ch\/de\/wp-json\/wp\/v2\/product_cat?post=35744"},{"taxonomy":"product_tag","embeddable":true,"href":"https:\/\/swixed.ch\/de\/wp-json\/wp\/v2\/product_tag?post=35744"}],"curies":[{"name":"wp","href":"https:\/\/api.w.org\/{rel}","templated":true}]}}