{"id":35770,"date":"2023-01-02T19:07:59","date_gmt":"2023-01-02T17:07:59","guid":{"rendered":"https:\/\/swixed.com\/produit\/spirometer-mir-spirodoc-oxymetrie\/"},"modified":"2026-01-08T21:53:30","modified_gmt":"2026-01-08T20:53:30","slug":"sed90006","status":"publish","type":"product","link":"https:\/\/swixed.ch\/de\/produkt\/sed90006\/","title":{"rendered":"Mir Spirodoc &#8211; Tragbares Spirometer mit integriertem Oximeter, Touchscreen und USB\/Bluetooth-Konnektivit\u00e4t"},"content":{"rendered":"\t\t<div data-elementor-type=\"product-post\" data-elementor-id=\"35770\" class=\"elementor elementor-35770 elementor-16669\" data-elementor-post-type=\"product\">\n\t\t\t\t\t\t<section class=\"elementor-section elementor-top-section elementor-element elementor-element-566dfe8 elementor-section-boxed elementor-section-height-default elementor-section-height-default\" data-id=\"566dfe8\" data-element_type=\"section\" data-e-type=\"section\">\n\t\t\t\t\t\t<div class=\"elementor-container elementor-column-gap-default\">\n\t\t\t\t\t<div class=\"elementor-column elementor-col-100 elementor-top-column elementor-element elementor-element-2c4618e\" data-id=\"2c4618e\" data-element_type=\"column\" data-e-type=\"column\">\n\t\t\t<div class=\"elementor-widget-wrap elementor-element-populated\">\n\t\t\t\t\t\t<div class=\"elementor-element elementor-element-57fea7d elementor-widget elementor-widget-heading\" data-id=\"57fea7d\" data-element_type=\"widget\" data-e-type=\"widget\" data-widget_type=\"heading.default\">\n\t\t\t\t\t<h2 class=\"elementor-heading-title elementor-size-default\">Beschreibung von MIR Spirodoc<\/h2>\t\t\t\t<\/div>\n\t\t\t\t<div class=\"elementor-element elementor-element-e0a279c elementor-widget elementor-widget-text-editor\" data-id=\"e0a279c\" data-element_type=\"widget\" data-e-type=\"widget\" data-widget_type=\"text-editor.default\">\n\t\t\t\t\t\t\t\t\t<p>Das <strong>Spirometer Spirodoc<\/strong> von Mir geh\u00f6rt zur neuesten Generation von<strong> tragbaren Spirometern<\/strong>. Er ist der umfassendste der gesamten Produktpalette. Er kann sowohl eigenst\u00e4ndig als auch mit direkter Verbindung zu einem Computer verwendet werden. Wie der Minispir oder der Spirobank Advanced arbeitet auch der Spirodoc mit der <strong>hochentwickelten Software Mir WinspiroPRO<\/strong>. Dank des <strong>eingebauten Akkus<\/strong> und des <strong>Touchscreens<\/strong> kann er <strong>Spirometrietests<\/strong> durchf\u00fchren, <strong>ohne<\/strong> an die WinspiroPro-Software angeschlossen zu sein. Sie k\u00f6nnen <strong>die Ergebnisse direkt auf dem Spirodoc-Bildschirm ablesen<\/strong> und, wenn Sie m\u00f6chten, <strong>die Daten sp\u00e4ter auf die WinspiroPro-Software \u00fcbertragen<\/strong>.  Um die Werte anzusehen, sie zu speichern und einen Bericht auszudrucken. Ideal f\u00fcr Hausbesuche von Patienten!<\/p><p>Wenn Sie Spirodoc direkt mit der WinspiroPro-Software verwenden m\u00f6chten, <strong>schlie\u00dfen<\/strong> Sie es einfach <strong>\u00fcber ein USB-Kabel oder Bluetooth<\/strong> <strong>direkt<\/strong> an Ihren Computer an. Die Testwerte werden direkt auf Ihrem PC angezeigt und gespeichert.<\/p><p>Der Spirodoc wie auch alle MIR-Spirometer f\u00fchren <strong>eine Korrektur bei BTPS<\/strong> (Temperaturregler) durch. Dadurch werden die Messwerte nicht von Temperatur\u00e4nderungen der \u00e4u\u00dferen Umgebung beeinflusst. Alle Spirometer der Marke Mir verf\u00fcgen \u00fcber die <strong>ATS-Zertifizierung (American Thoracic Standard)<\/strong>.<\/p>\t\t\t\t\t\t\t\t<\/div>\n\t\t\t\t<div class=\"elementor-element elementor-element-aee4875 elementor-widget elementor-widget-heading\" data-id=\"aee4875\" data-element_type=\"widget\" data-e-type=\"widget\" data-widget_type=\"heading.default\">\n\t\t\t\t\t<h3 class=\"elementor-heading-title elementor-size-default\">Oximetrie<\/h3>\t\t\t\t<\/div>\n\t\t\t\t<div class=\"elementor-element elementor-element-439743d elementor-widget elementor-widget-text-editor\" data-id=\"439743d\" data-element_type=\"widget\" data-e-type=\"widget\" data-widget_type=\"text-editor.default\">\n\t\t\t\t\t\t\t\t\t<p>Der Spirodoc <strong>unterscheidet sich von anderen MIR-Spirometern<\/strong> durch seine optionale Oximetrie (Spirodoc + Oximetrie-Option). Denn <strong>nur mit ihm<\/strong> k\u00f6nnen sowohl <strong>Nachtoximetrie<\/strong> als auch <strong>Gangtests<\/strong> durchgef\u00fchrt werden. Au\u00dferdem kann sich der Kopf, in den die Spirometrie-Turbine eingesetzt wird, l\u00f6sen. Um <strong>ein maximal kompaktes Ger\u00e4t<\/strong> f\u00fcr die Durchf\u00fchrung von Langzeit-Oximetrietests zu haben.<\/p>\t\t\t\t\t\t\t\t<\/div>\n\t\t\t\t<div class=\"elementor-element elementor-element-068122d elementor-widget elementor-widget-heading\" data-id=\"068122d\" data-element_type=\"widget\" data-e-type=\"widget\" data-widget_type=\"heading.default\">\n\t\t\t\t\t<h3 class=\"elementor-heading-title elementor-size-default\">MIR Spirodoc-Video<\/h3>\t\t\t\t<\/div>\n\t\t\t\t<section class=\"elementor-section elementor-inner-section elementor-element elementor-element-73daa5f elementor-section-full_width elementor-section-height-default elementor-section-height-default\" data-id=\"73daa5f\" data-element_type=\"section\" data-e-type=\"section\">\n\t\t\t\t\t\t<div class=\"elementor-container elementor-column-gap-default\">\n\t\t\t\t\t<div class=\"elementor-column elementor-col-50 elementor-inner-column elementor-element elementor-element-7afa4f4\" data-id=\"7afa4f4\" data-element_type=\"column\" data-e-type=\"column\">\n\t\t\t<div class=\"elementor-widget-wrap\">\n\t\t\t\t\t\t\t<\/div>\n\t\t<\/div>\n\t\t\t\t<div class=\"elementor-column elementor-col-50 elementor-inner-column elementor-element elementor-element-f91d825\" data-id=\"f91d825\" data-element_type=\"column\" data-e-type=\"column\">\n\t\t\t<div class=\"elementor-widget-wrap\">\n\t\t\t\t\t\t\t<\/div>\n\t\t<\/div>\n\t\t\t\t\t<\/div>\n\t\t<\/section>\n\t\t\t\t<div class=\"elementor-element elementor-element-e4f4dc5 elementor-widget elementor-widget-heading\" data-id=\"e4f4dc5\" data-element_type=\"widget\" data-e-type=\"widget\" data-widget_type=\"heading.default\">\n\t\t\t\t\t<h2 class=\"elementor-heading-title elementor-size-default\">Messwerte des MIR Spirodoc<\/h2>\t\t\t\t<\/div>\n\t\t\t\t<div class=\"elementor-element elementor-element-d312973 elementor-widget elementor-widget-heading\" data-id=\"d312973\" data-element_type=\"widget\" data-e-type=\"widget\" data-widget_type=\"heading.default\">\n\t\t\t\t\t<h4 class=\"elementor-heading-title elementor-size-default\">Spirometrie<\/h4>\t\t\t\t<\/div>\n\t\t\t\t<div class=\"elementor-element elementor-element-fc129e8 elementor-widget elementor-widget-text-editor\" data-id=\"fc129e8\" data-element_type=\"widget\" data-e-type=\"widget\" data-widget_type=\"text-editor.default\">\n\t\t\t\t\t\t\t\t\t<p>FVC, FEV1, FEV1\/FVC%, FEV3, FEV3\/FVC%, FEV6, FEV1\/FEV6%, PEF, FEF25%, FEF50%, FEF75%, FEF25%-75%, FET, Alter, Extr. Vol., Gesch\u00e4tzte Lunge FIVC, FIV1, FIV1\/FIVC%, PIF, VC, IVC, IC, ERV, FEV1\/VC%, VT, VE, Rf, ti, te, ti\/t-tot, VT\/ti, MVV measured, MVV (calculated)<\/p>\t\t\t\t\t\t\t\t<\/div>\n\t\t\t\t<div class=\"elementor-element elementor-element-29734d5 elementor-widget elementor-widget-heading\" data-id=\"29734d5\" data-element_type=\"widget\" data-e-type=\"widget\" data-widget_type=\"heading.default\">\n\t\t\t\t\t<h4 class=\"elementor-heading-title elementor-size-default\">Oximetrie<\/h4>\t\t\t\t<\/div>\n\t\t\t\t<div class=\"elementor-element elementor-element-edd970e elementor-widget elementor-widget-text-editor\" data-id=\"edd970e\" data-element_type=\"widget\" data-e-type=\"widget\" data-widget_type=\"text-editor.default\">\n\t\t\t\t\t\t\t\t\t<p><strong>Einfache Diagnose :<br><\/strong><\/p><p>SpO2 [Baseline, Min, Max, Mean], Pulsrate [Baseline, Min, Max, Mean], T90, T89, T88, T5 , Index [12s], SpO2 Events, Pulse Rate Events [Bradycardia,Tachycardia], SpO2 Events, Pulse Rate Events [Bradycardia,Tachycardia].<\/p><p><b>Testlauf :<\/b><\/p><p>O2-Gap, Gesch\u00e4tzte Entfernung, Gegangene Entfernung, Vorhergesagte Entfernung [Min, Standard], T\u03942% [SpO2\u22652%], T\u03944% [\u0394SpO2\u22654%], Zeit [Rest, Walking, Recovery], Desaturation Area\/Distance Optionale Dateneingabe: Borg Dyspnea [Baseline,End, Change], Borg Fatigue [Baseline, End, Change], Arterialer Bluthochdruck [Systolic, Diastolic], Oxygen administered<b><br><\/b><\/p><p><b>Nacht-Oxymetrie :<\/b><b><\/b><\/p><p>Body position, SpO2 Events, Desaturation index (ODI), Desaturation [Mean Value, Mean duration Longest duration, Nadir Peak], \u0394SpO2 [Min Drop, Max Drop], Total Pulse Variations, Pulse Rate Index, NOD89% [SpO2&lt;89%; &gt;5min], NOD4% [SpO2 Basal-4%; &gt;5min], NOD90% [SpO2&lt;90%; Nadir&lt;86%; &gt;5min], NOD90% [SpO2&lt;90%; Nadir&lt;86%; &gt;5min].<\/p>\t\t\t\t\t\t\t\t<\/div>\n\t\t\t\t<div class=\"elementor-element elementor-element-08ffa29 elementor-widget elementor-widget-heading\" data-id=\"08ffa29\" data-element_type=\"widget\" data-e-type=\"widget\" data-widget_type=\"heading.default\">\n\t\t\t\t\t<h2 class=\"elementor-heading-title elementor-size-default\">Turbinen f\u00fcr MIR Spirodoc<\/h2>\t\t\t\t<\/div>\n\t\t\t\t<div class=\"elementor-element elementor-element-fb48473 elementor-widget elementor-widget-text-editor\" data-id=\"fb48473\" data-element_type=\"widget\" data-e-type=\"widget\" data-widget_type=\"text-editor.default\">\n\t\t\t\t\t\t\t\t\t<p>Der <strong>Spirodoc<\/strong> kann mit einer wiederverwendbaren Turbine oder mit <a href=\"\/shop\/sed91000\/\">Einwegturbinen f\u00fcr den einmaligen<\/a> Gebrauch verwendet werden. Die Verwendung von <strong>Einwegturbinen wird<\/strong> jedoch <strong>dringend empfohlen<\/strong>. Dadurch werden alle Risiken einer Kontamination zwischen Patienten vermieden und es entf\u00e4llt ein stundenlanger Reinigungs- und Desinfektionsprozess der wiederverwendbaren Turbine.<\/p>\t\t\t\t\t\t\t\t<\/div>\n\t\t\t\t<div class=\"elementor-element elementor-element-39dd112 elementor-widget elementor-widget-heading\" data-id=\"39dd112\" data-element_type=\"widget\" data-e-type=\"widget\" data-widget_type=\"heading.default\">\n\t\t\t\t\t<h2 class=\"elementor-heading-title elementor-size-default\">Die WinspiroPro-Software<\/h2>\t\t\t\t<\/div>\n\t\t\t\t<div class=\"elementor-element elementor-element-42bc91d elementor-widget elementor-widget-global elementor-global-32816 elementor-global-16723 elementor-widget-text-editor\" data-id=\"42bc91d\" data-element_type=\"widget\" data-e-type=\"widget\" data-widget_type=\"text-editor.default\">\n\t\t\t\t\t\t\t\t\t<p>WinspiroPro ist im Lieferumfang aller MIR Spirometermodelle enthalten und bietet eine intuitive Benutzeroberfl\u00e4che, ohne dass fortgeschrittene Computerkenntnisse erforderlich sind. Zu den wichtigsten Funktionen geh\u00f6ren <\/p>\n<ul>\n<li>Zusammenfassung der Spirometrie des Patienten auf einem einzigen Bildschirm.<\/li>\n<li>Dynamische Datenverwaltung und Archivierung der Ergebnisse.<\/li>\n<li>Direkter Versand der Ergebnisse per E-Mail.<\/li>\n<li>Vergleich der Spirometriekurven.<\/li>\n<li>P\u00e4diatrischer Modus mit Animationen.<\/li>\n<li>Automatische Aktualisierung und Protokoll der bronchialen Provokation\/Dilatation.<\/li>\n<\/ul>\n\t\t\t\t\t\t\t\t<\/div>\n\t\t\t\t<div class=\"elementor-element elementor-element-247a647 elementor-widget elementor-widget-heading\" data-id=\"247a647\" data-element_type=\"widget\" data-e-type=\"widget\" data-widget_type=\"heading.default\">\n\t\t\t\t\t<h2 class=\"elementor-heading-title elementor-size-default\">Optionen<\/h2>\t\t\t\t<\/div>\n\t\t\t\t<div class=\"elementor-element elementor-element-aa4bfa3 elementor-widget elementor-widget-text-editor\" data-id=\"aa4bfa3\" data-element_type=\"widget\" data-e-type=\"widget\" data-widget_type=\"text-editor.default\">\n\t\t\t\t\t\t\t\t\t<p>Das <strong>Spirometer Spirodoc<\/strong> hat die M\u00f6glichkeit, <a href=\"\/shop\/sed90005\/\">ohne die Option der Pulsoximetrie<\/a> gekauft zu werden.<\/p>\t\t\t\t\t\t\t\t<\/div>\n\t\t\t\t\t<\/div>\n\t\t<\/div>\n\t\t\t\t\t<\/div>\n\t\t<\/section>\n\t\t\t\t<\/div>\n\t\t","protected":false},"excerpt":{"rendered":"<p>Das Mir Spirodoc ist ein tragbares Messger\u00e4t zur Aufzeichnung von Atemparametern und Sauerstoffs\u00e4ttigung. Es verf\u00fcgt \u00fcber ein integriertes Pulsoximeter, einen Touchscreen und kann sowohl eigenst\u00e4ndig als auch \u00fcber USB oder Bluetooth mit einem Computer verbunden verwendet werden. Das Ger\u00e4t ist mit der Software WinspiroPRO kompatibel und unterst\u00fctzt die technische Analyse der Daten. Der interne Akku erm\u00f6glicht mobilen Einsatz. Die BTPS-Korrektur sorgt f\u00fcr zuverl\u00e4ssige Messwerte unabh\u00e4ngig von Umgebungstemperaturen. Das Ger\u00e4t erf\u00fcllt internationale Standards wie ATS und liefert Kennwerte wie FVC, FEV1, PEF, SpO2 und Atemfrequenz.     <\/p>\n","protected":false},"featured_media":30051,"template":"","meta":{"_acf_changed":false},"product_brand":[2168],"product_cat":[1590,1591],"product_tag":[1683,1685,1684,1593,1592],"class_list":{"0":"post-35770","1":"product","2":"type-product","3":"status-publish","4":"has-post-thumbnail","6":"product_brand-mir-de","7":"product_cat-spirometer","8":"product_cat-geraete-spirometer","9":"product_tag-fvc-de-2","10":"product_tag-gehtest","11":"product_tag-nachtoximeter","12":"product_tag-spirometer","13":"product_tag-spirometrie-de","15":"first","16":"instock","17":"taxable","18":"shipping-taxable","19":"purchasable","20":"product-type-variable","21":"has-default-attributes"},"acf":[],"yoast_head":"<!-- This site is optimized with the Yoast SEO Premium plugin v27.4 (Yoast SEO v27.4) - https:\/\/yoast.com\/product\/yoast-seo-premium-wordpress\/ -->\n<title>Mir Spirodoc - Tragbares Spirometer mit integriertem Oximeter, Touchscreen und USB\/Bluetooth-Konnektivit\u00e4t | Swixed SA<\/title>\n<meta name=\"description\" content=\"Das Spirodoc von Mir ist das umfassendste tragbare Spirometer der Produktreihe. Er kann ohne oder mit Anschluss an den USB-Port eines Computers verwendet werden.\" \/>\n<meta name=\"robots\" content=\"index, follow, max-snippet:-1, max-image-preview:large, max-video-preview:-1\" \/>\n<link rel=\"canonical\" href=\"https:\/\/swixed.ch\/de\/produkt\/sed90006\/\" \/>\n<meta property=\"og:locale\" content=\"de_DE\" \/>\n<meta property=\"og:type\" content=\"article\" \/>\n<meta property=\"og:title\" content=\"Mir Spirodoc - Tragbares Spirometer mit integriertem Oximeter, Touchscreen und USB\/Bluetooth-Konnektivit\u00e4t\" \/>\n<meta property=\"og:description\" content=\"Das Spirodoc von Mir ist das umfassendste tragbare Spirometer der Produktreihe. Er kann ohne oder mit Anschluss an den USB-Port eines Computers verwendet werden.\" \/>\n<meta property=\"og:url\" content=\"https:\/\/swixed.ch\/de\/produkt\/sed90006\/\" \/>\n<meta property=\"og:site_name\" content=\"Swixed SA\" \/>\n<meta property=\"article:publisher\" content=\"https:\/\/www.facebook.com\/swixed\" \/>\n<meta property=\"article:modified_time\" content=\"2026-01-08T20:53:30+00:00\" \/>\n<meta property=\"og:image\" content=\"https:\/\/swixed.ch\/wp-content\/uploads\/products\/mir-spirodoc-01.png\" \/>\n\t<meta property=\"og:image:width\" content=\"600\" \/>\n\t<meta property=\"og:image:height\" content=\"600\" \/>\n\t<meta property=\"og:image:type\" content=\"image\/png\" \/>\n<meta name=\"twitter:card\" content=\"summary_large_image\" \/>\n<meta name=\"twitter:label1\" content=\"Gesch\u00e4tzte Lesezeit\" \/>\n\t<meta name=\"twitter:data1\" content=\"3\u00a0Minuten\" \/>\n<script type=\"application\/ld+json\" class=\"yoast-schema-graph\">{\"@context\":\"https:\\\/\\\/schema.org\",\"@graph\":[{\"@type\":\"WebPage\",\"@id\":\"https:\\\/\\\/swixed.ch\\\/de\\\/produkt\\\/sed90006\\\/\",\"url\":\"https:\\\/\\\/swixed.ch\\\/de\\\/produkt\\\/sed90006\\\/\",\"name\":\"Mir Spirodoc - Tragbares Spirometer mit integriertem Oximeter, Touchscreen und USB\\\/Bluetooth-Konnektivit\u00e4t | Swixed SA\",\"isPartOf\":{\"@id\":\"https:\\\/\\\/swixed.ch\\\/de\\\/#website\"},\"primaryImageOfPage\":{\"@id\":\"https:\\\/\\\/swixed.ch\\\/de\\\/produkt\\\/sed90006\\\/#primaryimage\"},\"image\":{\"@id\":\"https:\\\/\\\/swixed.ch\\\/de\\\/produkt\\\/sed90006\\\/#primaryimage\"},\"thumbnailUrl\":\"https:\\\/\\\/swixed.ch\\\/wp-content\\\/uploads\\\/products\\\/mir-spirodoc-01.png\",\"datePublished\":\"2023-01-02T17:07:59+00:00\",\"dateModified\":\"2026-01-08T20:53:30+00:00\",\"description\":\"Das Spirodoc von Mir ist das umfassendste tragbare Spirometer der Produktreihe. Er kann ohne oder mit Anschluss an den USB-Port eines Computers verwendet werden.\",\"breadcrumb\":{\"@id\":\"https:\\\/\\\/swixed.ch\\\/de\\\/produkt\\\/sed90006\\\/#breadcrumb\"},\"inLanguage\":\"de\",\"potentialAction\":[{\"@type\":\"ReadAction\",\"target\":[\"https:\\\/\\\/swixed.ch\\\/de\\\/produkt\\\/sed90006\\\/\"]}]},{\"@type\":\"ImageObject\",\"inLanguage\":\"de\",\"@id\":\"https:\\\/\\\/swixed.ch\\\/de\\\/produkt\\\/sed90006\\\/#primaryimage\",\"url\":\"https:\\\/\\\/swixed.ch\\\/wp-content\\\/uploads\\\/products\\\/mir-spirodoc-01.png\",\"contentUrl\":\"https:\\\/\\\/swixed.ch\\\/wp-content\\\/uploads\\\/products\\\/mir-spirodoc-01.png\",\"width\":600,\"height\":600,\"caption\":\"Spirometer Mir Spirodoc + Oxymetrie-Option\"},{\"@type\":\"BreadcrumbList\",\"@id\":\"https:\\\/\\\/swixed.ch\\\/de\\\/produkt\\\/sed90006\\\/#breadcrumb\",\"itemListElement\":[{\"@type\":\"ListItem\",\"position\":1,\"name\":\"Startseite\",\"item\":\"https:\\\/\\\/swixed.ch\\\/de\\\/home\\\/\"},{\"@type\":\"ListItem\",\"position\":2,\"name\":\"Shop\",\"item\":\"https:\\\/\\\/swixed.ch\\\/de\\\/shop\\\/\"},{\"@type\":\"ListItem\",\"position\":3,\"name\":\"Mir Spirodoc &#8211; Tragbares Spirometer mit integriertem Oximeter, Touchscreen und USB\\\/Bluetooth-Konnektivit\u00e4t\"}]},{\"@type\":\"WebSite\",\"@id\":\"https:\\\/\\\/swixed.ch\\\/de\\\/#website\",\"url\":\"https:\\\/\\\/swixed.ch\\\/de\\\/\",\"name\":\"Swixed SA\",\"description\":\"Elektronische Ger\u00e4te\",\"publisher\":{\"@id\":\"https:\\\/\\\/swixed.ch\\\/de\\\/#organization\"},\"potentialAction\":[{\"@type\":\"SearchAction\",\"target\":{\"@type\":\"EntryPoint\",\"urlTemplate\":\"https:\\\/\\\/swixed.ch\\\/de\\\/?s={search_term_string}\"},\"query-input\":{\"@type\":\"PropertyValueSpecification\",\"valueRequired\":true,\"valueName\":\"search_term_string\"}}],\"inLanguage\":\"de\"},{\"@type\":\"Organization\",\"@id\":\"https:\\\/\\\/swixed.ch\\\/de\\\/#organization\",\"name\":\"Swixed SA\",\"url\":\"https:\\\/\\\/swixed.ch\\\/de\\\/\",\"logo\":{\"@type\":\"ImageObject\",\"inLanguage\":\"de\",\"@id\":\"https:\\\/\\\/swixed.ch\\\/de\\\/#\\\/schema\\\/logo\\\/image\\\/\",\"url\":\"https:\\\/\\\/swixed.ch\\\/wp-content\\\/uploads\\\/logos\\\/swixed-logo-lite.png\",\"contentUrl\":\"https:\\\/\\\/swixed.ch\\\/wp-content\\\/uploads\\\/logos\\\/swixed-logo-lite.png\",\"width\":696,\"height\":696,\"caption\":\"Swixed SA\"},\"image\":{\"@id\":\"https:\\\/\\\/swixed.ch\\\/de\\\/#\\\/schema\\\/logo\\\/image\\\/\"},\"sameAs\":[\"https:\\\/\\\/www.facebook.com\\\/swixed\",\"https:\\\/\\\/www.linkedin.com\\\/company\\\/swixed\",\"https:\\\/\\\/www.youtube.com\\\/@swixedsa\"],\"description\":\"Swixed SA est une entreprise suisse bas\u00e9e \u00e0 Gen\u00e8ve, sp\u00e9cialis\u00e9e dans la vente, la location et la maintenance d\u2019appareils m\u00e9dicaux professionnels, tels que d\u00e9fibrillateurs AED, \u00e9lectrocardiographes, moniteurs patient et dispositifs de diagnostic.\",\"email\":\"infoshop@swixed.ch\",\"telephone\":\"+41 22 566 11 95\",\"legalName\":\"Swixed SA\",\"foundingDate\":\"2021-03-01\",\"numberOfEmployees\":{\"@type\":\"QuantitativeValue\",\"minValue\":\"1\",\"maxValue\":\"10\"}}]}<\/script>\n<!-- \/ Yoast SEO Premium plugin. -->","yoast_head_json":{"title":"Mir Spirodoc - Tragbares Spirometer mit integriertem Oximeter, Touchscreen und USB\/Bluetooth-Konnektivit\u00e4t | Swixed SA","description":"Das Spirodoc von Mir ist das umfassendste tragbare Spirometer der Produktreihe. Er kann ohne oder mit Anschluss an den USB-Port eines Computers verwendet werden.","robots":{"index":"index","follow":"follow","max-snippet":"max-snippet:-1","max-image-preview":"max-image-preview:large","max-video-preview":"max-video-preview:-1"},"canonical":"https:\/\/swixed.ch\/de\/produkt\/sed90006\/","og_locale":"de_DE","og_type":"article","og_title":"Mir Spirodoc - Tragbares Spirometer mit integriertem Oximeter, Touchscreen und USB\/Bluetooth-Konnektivit\u00e4t","og_description":"Das Spirodoc von Mir ist das umfassendste tragbare Spirometer der Produktreihe. Er kann ohne oder mit Anschluss an den USB-Port eines Computers verwendet werden.","og_url":"https:\/\/swixed.ch\/de\/produkt\/sed90006\/","og_site_name":"Swixed SA","article_publisher":"https:\/\/www.facebook.com\/swixed","article_modified_time":"2026-01-08T20:53:30+00:00","og_image":[{"width":600,"height":600,"url":"https:\/\/swixed.ch\/wp-content\/uploads\/products\/mir-spirodoc-01.png","type":"image\/png"}],"twitter_card":"summary_large_image","twitter_misc":{"Gesch\u00e4tzte Lesezeit":"3\u00a0Minuten"},"schema":{"@context":"https:\/\/schema.org","@graph":[{"@type":"WebPage","@id":"https:\/\/swixed.ch\/de\/produkt\/sed90006\/","url":"https:\/\/swixed.ch\/de\/produkt\/sed90006\/","name":"Mir Spirodoc - Tragbares Spirometer mit integriertem Oximeter, Touchscreen und USB\/Bluetooth-Konnektivit\u00e4t | Swixed SA","isPartOf":{"@id":"https:\/\/swixed.ch\/de\/#website"},"primaryImageOfPage":{"@id":"https:\/\/swixed.ch\/de\/produkt\/sed90006\/#primaryimage"},"image":{"@id":"https:\/\/swixed.ch\/de\/produkt\/sed90006\/#primaryimage"},"thumbnailUrl":"https:\/\/swixed.ch\/wp-content\/uploads\/products\/mir-spirodoc-01.png","datePublished":"2023-01-02T17:07:59+00:00","dateModified":"2026-01-08T20:53:30+00:00","description":"Das Spirodoc von Mir ist das umfassendste tragbare Spirometer der Produktreihe. Er kann ohne oder mit Anschluss an den USB-Port eines Computers verwendet werden.","breadcrumb":{"@id":"https:\/\/swixed.ch\/de\/produkt\/sed90006\/#breadcrumb"},"inLanguage":"de","potentialAction":[{"@type":"ReadAction","target":["https:\/\/swixed.ch\/de\/produkt\/sed90006\/"]}]},{"@type":"ImageObject","inLanguage":"de","@id":"https:\/\/swixed.ch\/de\/produkt\/sed90006\/#primaryimage","url":"https:\/\/swixed.ch\/wp-content\/uploads\/products\/mir-spirodoc-01.png","contentUrl":"https:\/\/swixed.ch\/wp-content\/uploads\/products\/mir-spirodoc-01.png","width":600,"height":600,"caption":"Spirometer Mir Spirodoc + Oxymetrie-Option"},{"@type":"BreadcrumbList","@id":"https:\/\/swixed.ch\/de\/produkt\/sed90006\/#breadcrumb","itemListElement":[{"@type":"ListItem","position":1,"name":"Startseite","item":"https:\/\/swixed.ch\/de\/home\/"},{"@type":"ListItem","position":2,"name":"Shop","item":"https:\/\/swixed.ch\/de\/shop\/"},{"@type":"ListItem","position":3,"name":"Mir Spirodoc &#8211; Tragbares Spirometer mit integriertem Oximeter, Touchscreen und USB\/Bluetooth-Konnektivit\u00e4t"}]},{"@type":"WebSite","@id":"https:\/\/swixed.ch\/de\/#website","url":"https:\/\/swixed.ch\/de\/","name":"Swixed SA","description":"Elektronische Ger\u00e4te","publisher":{"@id":"https:\/\/swixed.ch\/de\/#organization"},"potentialAction":[{"@type":"SearchAction","target":{"@type":"EntryPoint","urlTemplate":"https:\/\/swixed.ch\/de\/?s={search_term_string}"},"query-input":{"@type":"PropertyValueSpecification","valueRequired":true,"valueName":"search_term_string"}}],"inLanguage":"de"},{"@type":"Organization","@id":"https:\/\/swixed.ch\/de\/#organization","name":"Swixed SA","url":"https:\/\/swixed.ch\/de\/","logo":{"@type":"ImageObject","inLanguage":"de","@id":"https:\/\/swixed.ch\/de\/#\/schema\/logo\/image\/","url":"https:\/\/swixed.ch\/wp-content\/uploads\/logos\/swixed-logo-lite.png","contentUrl":"https:\/\/swixed.ch\/wp-content\/uploads\/logos\/swixed-logo-lite.png","width":696,"height":696,"caption":"Swixed SA"},"image":{"@id":"https:\/\/swixed.ch\/de\/#\/schema\/logo\/image\/"},"sameAs":["https:\/\/www.facebook.com\/swixed","https:\/\/www.linkedin.com\/company\/swixed","https:\/\/www.youtube.com\/@swixedsa"],"description":"Swixed SA est une entreprise suisse bas\u00e9e \u00e0 Gen\u00e8ve, sp\u00e9cialis\u00e9e dans la vente, la location et la maintenance d\u2019appareils m\u00e9dicaux professionnels, tels que d\u00e9fibrillateurs AED, \u00e9lectrocardiographes, moniteurs patient et dispositifs de diagnostic.","email":"infoshop@swixed.ch","telephone":"+41 22 566 11 95","legalName":"Swixed SA","foundingDate":"2021-03-01","numberOfEmployees":{"@type":"QuantitativeValue","minValue":"1","maxValue":"10"}}]}},"_links":{"self":[{"href":"https:\/\/swixed.ch\/de\/wp-json\/wp\/v2\/product\/35770","targetHints":{"allow":["GET"]}}],"collection":[{"href":"https:\/\/swixed.ch\/de\/wp-json\/wp\/v2\/product"}],"about":[{"href":"https:\/\/swixed.ch\/de\/wp-json\/wp\/v2\/types\/product"}],"version-history":[{"count":0,"href":"https:\/\/swixed.ch\/de\/wp-json\/wp\/v2\/product\/35770\/revisions"}],"wp:featuredmedia":[{"embeddable":true,"href":"https:\/\/swixed.ch\/de\/wp-json\/wp\/v2\/media\/30051"}],"wp:attachment":[{"href":"https:\/\/swixed.ch\/de\/wp-json\/wp\/v2\/media?parent=35770"}],"wp:term":[{"taxonomy":"product_brand","embeddable":true,"href":"https:\/\/swixed.ch\/de\/wp-json\/wp\/v2\/product_brand?post=35770"},{"taxonomy":"product_cat","embeddable":true,"href":"https:\/\/swixed.ch\/de\/wp-json\/wp\/v2\/product_cat?post=35770"},{"taxonomy":"product_tag","embeddable":true,"href":"https:\/\/swixed.ch\/de\/wp-json\/wp\/v2\/product_tag?post=35770"}],"curies":[{"name":"wp","href":"https:\/\/api.w.org\/{rel}","templated":true}]}}