{"id":35881,"date":"2023-01-03T11:08:51","date_gmt":"2023-01-03T10:08:51","guid":{"rendered":"https:\/\/swixed.com\/produit\/mir-spirometer-spirobank-ii-smart-oxymetrie\/"},"modified":"2026-04-20T11:23:58","modified_gmt":"2026-04-20T10:23:58","slug":"sed90004","status":"publish","type":"product","link":"https:\/\/swixed.ch\/de\/produkt\/sed90004\/","title":{"rendered":"Mir Spirobank II Smart mit integriertem Oximeter &#8211; Tragbares Ger\u00e4t mit Bluetooth-Konnektivit\u00e4t und Datenaufzeichnung"},"content":{"rendered":"\t\t<div data-elementor-type=\"product-post\" data-elementor-id=\"35881\" class=\"elementor elementor-35881 elementor-16796\" data-elementor-post-type=\"product\">\n\t\t\t\t\t\t<section class=\"elementor-section elementor-top-section elementor-element elementor-element-566dfe8 elementor-section-boxed elementor-section-height-default elementor-section-height-default\" data-id=\"566dfe8\" data-element_type=\"section\" data-e-type=\"section\">\n\t\t\t\t\t\t<div class=\"elementor-container elementor-column-gap-default\">\n\t\t\t\t\t<div class=\"elementor-column elementor-col-100 elementor-top-column elementor-element elementor-element-2c4618e\" data-id=\"2c4618e\" data-element_type=\"column\" data-e-type=\"column\">\n\t\t\t<div class=\"elementor-widget-wrap elementor-element-populated\">\n\t\t\t\t\t\t<div class=\"elementor-element elementor-element-57fea7d elementor-widget elementor-widget-heading\" data-id=\"57fea7d\" data-element_type=\"widget\" data-e-type=\"widget\" data-widget_type=\"heading.default\">\n\t\t\t\t\t<h2 class=\"elementor-heading-title elementor-size-default\">Beschreibung von MIR Spirobank II Smart<\/h2>\t\t\t\t<\/div>\n\t\t\t\t<div class=\"elementor-element elementor-element-9c12bd6 elementor-widget elementor-widget-text-editor\" data-id=\"9c12bd6\" data-element_type=\"widget\" data-e-type=\"widget\" data-widget_type=\"text-editor.default\">\n\t\t\t\t\t\t\t\t\t<p>Das Spirometer Mir Spirobank II Smart stellt einen bedeutenden Fortschritt auf dem Gebiet der Messung der Atemfunktion dar. Dieses tragbare Ger\u00e4t wurde f\u00fcr den Einsatz zu Hause oder am Arbeitsplatz entwickelt und erm\u00f6glicht zuverl\u00e4ssige und effiziente Spirometrietests. Das Ger\u00e4t verf\u00fcgt \u00fcber einen intuitiven Touchscreen und einen eingebauten Akku, so dass Sie es auch unterwegs problemlos bedienen k\u00f6nnen.  <\/p><p>Die Testergebnisse werden sofort auf dem Bildschirm angezeigt, so dass eine schnelle Interpretation m\u00f6glich ist. F\u00fcr eine gr\u00fcndliche Analyse kann Spirobank II Smart \u00fcber USB mit der Mir WinspiroPRO Software an einen Computer angeschlossen oder mit der Mir Spiro App, die f\u00fcr Android und iOS erh\u00e4ltlich ist, synchronisiert werden. Diese Konnektivit\u00e4tsfunktion bietet den Anwendern, ob Patienten oder medizinisches Fachpersonal, eine un\u00fcbertroffene Flexibilit\u00e4t.  <\/p><p>Das Spirometer verf\u00fcgt \u00fcber eine BTPS-Korrekturtechnologie (Temperaturregelung), um die Genauigkeit der Messungen unabh\u00e4ngig von den Umgebungsbedingungen zu gew\u00e4hrleisten. Dar\u00fcber hinaus entspricht es den Standards der American Thoracic Society (ATS), wodurch eine qualitativ hochwertige Leistung und zuverl\u00e4ssige Ergebnisse gew\u00e4hrleistet werden. <\/p>\t\t\t\t\t\t\t\t<\/div>\n\t\t\t\t<div class=\"elementor-element elementor-element-015981f elementor-widget elementor-widget-heading\" data-id=\"015981f\" data-element_type=\"widget\" data-e-type=\"widget\" data-widget_type=\"heading.default\">\n\t\t\t\t\t<h3 class=\"elementor-heading-title elementor-size-default\">Video MIR Spirobank II<\/h3>\t\t\t\t<\/div>\n\t\t\t\t<section class=\"elementor-section elementor-inner-section elementor-element elementor-element-ec9a389 elementor-section-full_width elementor-section-height-default elementor-section-height-default\" data-id=\"ec9a389\" data-element_type=\"section\" data-e-type=\"section\">\n\t\t\t\t\t\t<div class=\"elementor-container elementor-column-gap-default\">\n\t\t\t\t\t<div class=\"elementor-column elementor-col-50 elementor-inner-column elementor-element elementor-element-407e2da\" data-id=\"407e2da\" data-element_type=\"column\" data-e-type=\"column\">\n\t\t\t<div class=\"elementor-widget-wrap\">\n\t\t\t\t\t\t\t<\/div>\n\t\t<\/div>\n\t\t\t\t<div class=\"elementor-column elementor-col-50 elementor-inner-column elementor-element elementor-element-e38fe17\" data-id=\"e38fe17\" data-element_type=\"column\" data-e-type=\"column\">\n\t\t\t<div class=\"elementor-widget-wrap\">\n\t\t\t\t\t\t\t<\/div>\n\t\t<\/div>\n\t\t\t\t\t<\/div>\n\t\t<\/section>\n\t\t\t\t<div class=\"elementor-element elementor-element-195ab2a elementor-widget elementor-widget-heading\" data-id=\"195ab2a\" data-element_type=\"widget\" data-e-type=\"widget\" data-widget_type=\"heading.default\">\n\t\t\t\t\t<h2 class=\"elementor-heading-title elementor-size-default\">Werte, die von der Spirobank II Smart gemessen werden<\/h2>\t\t\t\t<\/div>\n\t\t\t\t<div class=\"elementor-element elementor-element-fb51bce elementor-widget elementor-widget-heading\" data-id=\"fb51bce\" data-element_type=\"widget\" data-e-type=\"widget\" data-widget_type=\"heading.default\">\n\t\t\t\t\t<h4 class=\"elementor-heading-title elementor-size-default\">Spirometrie<\/h4>\t\t\t\t<\/div>\n\t\t\t\t<div class=\"elementor-element elementor-element-5b64df2 elementor-widget elementor-widget-text-editor\" data-id=\"5b64df2\" data-element_type=\"widget\" data-e-type=\"widget\" data-widget_type=\"text-editor.default\">\n\t\t\t\t\t\t\t\t\t<p><strong>Direkt auf dem Ger\u00e4t ohne Verbindung :<\/strong><\/p><p>FVC, FEV1, FEV1%, FEV6, PEF, FEF25-75%, FIVC, Lung Age, VC, IVC<\/p><p><strong>Auf Android- oder IOS-Tablets \u00fcber Bluetooth-Verbindung zu Mir Spiro App :<\/strong><\/p><p>FVC, FEV1, FEV1%, PEF, FEF25-75, FET, ELA, IVC, EVC<\/p><p><strong>Auf dem Computer \u00fcber USB-Verbindung zur WinspiroPro-Software :<\/strong><\/p><p>FVC, FEV1, FEV1\/FVC, FEV1\/VC, PEF, FEF25, FEF50, FEF75, FEF25-75, FEF75-85, Lung Age, Extrap.Volume, FET, Time to PEF, FEV0.5, FEV0.5\/FVC, FEV0.75, FEV0.75\/FVC, FEV2, FEV2\/FVC, FEV3, FEV3\/FVC, FEV6, FEV1\/FEV6, FIVC, FIV1, FIV1\/FIVC, PIF, FIF25, FIF50, FIF75, FEF50\/FIF50, VC, IVC, IC, ERV, IRV, Rf, VE, VT, tI, tE, VT\/ tI, tE\/tTOT, MVV (measured), MVV (calculated)<\/p>\t\t\t\t\t\t\t\t<\/div>\n\t\t\t\t<div class=\"elementor-element elementor-element-0a8fedc elementor-widget elementor-widget-heading\" data-id=\"0a8fedc\" data-element_type=\"widget\" data-e-type=\"widget\" data-widget_type=\"heading.default\">\n\t\t\t\t\t<h4 class=\"elementor-heading-title elementor-size-default\">Oximetrie<\/h4>\t\t\t\t<\/div>\n\t\t\t\t<div class=\"elementor-element elementor-element-50790fa elementor-widget elementor-widget-text-editor\" data-id=\"50790fa\" data-element_type=\"widget\" data-e-type=\"widget\" data-widget_type=\"text-editor.default\">\n\t\t\t\t\t\t\t\t\t<div>SpO2 [Baseline, Min, Max, Mean], Pulsrate [Baseline, Min,Max, Mean].<\/div>\t\t\t\t\t\t\t\t<\/div>\n\t\t\t\t<div class=\"elementor-element elementor-element-a092f8b elementor-widget elementor-widget-heading\" data-id=\"a092f8b\" data-element_type=\"widget\" data-e-type=\"widget\" data-widget_type=\"heading.default\">\n\t\t\t\t\t<h2 class=\"elementor-heading-title elementor-size-default\">Turbinen f\u00fcr Spirobank II Smart<\/h2>\t\t\t\t<\/div>\n\t\t\t\t<div class=\"elementor-element elementor-element-e0a279c elementor-widget elementor-widget-text-editor\" data-id=\"e0a279c\" data-element_type=\"widget\" data-e-type=\"widget\" data-widget_type=\"text-editor.default\">\n\t\t\t\t\t\t\t\t\t<p>Die Spirobank II Smart ist mit wiederverwendbaren Turbinen und <a href=\"\/shop\/sed91000\/\">Einwegturbinen<\/a> kompatibel. Die Verwendung von Einwegturbinen wird empfohlen, um das Risiko einer Kontamination zwischen Patienten zu minimieren und den langwierigen Reinigungsprozess f\u00fcr wiederverwendbare Turbinen zu vermeiden.<\/p>\t\t\t\t\t\t\t\t<\/div>\n\t\t\t\t<div class=\"elementor-element elementor-element-9ef88a3 elementor-widget elementor-widget-heading\" data-id=\"9ef88a3\" data-element_type=\"widget\" data-e-type=\"widget\" data-widget_type=\"heading.default\">\n\t\t\t\t\t<h2 class=\"elementor-heading-title elementor-size-default\">Die WinspiroPro-Software<\/h2>\t\t\t\t<\/div>\n\t\t\t\t<div class=\"elementor-element elementor-element-b66b69d elementor-widget elementor-widget-global elementor-global-32816 elementor-global-16723 elementor-widget-text-editor\" data-id=\"b66b69d\" data-element_type=\"widget\" data-e-type=\"widget\" data-widget_type=\"text-editor.default\">\n\t\t\t\t\t\t\t\t\t<p>WinspiroPro ist im Lieferumfang aller MIR Spirometermodelle enthalten und bietet eine intuitive Benutzeroberfl\u00e4che, ohne dass fortgeschrittene Computerkenntnisse erforderlich sind. Zu den wichtigsten Funktionen geh\u00f6ren <\/p>\n<ul>\n<li>Zusammenfassung der Spirometrie des Patienten auf einem einzigen Bildschirm.<\/li>\n<li>Dynamische Datenverwaltung und Archivierung der Ergebnisse.<\/li>\n<li>Direkter Versand der Ergebnisse per E-Mail.<\/li>\n<li>Vergleich der Spirometriekurven.<\/li>\n<li>P\u00e4diatrischer Modus mit Animationen.<\/li>\n<li>Automatische Aktualisierung und Protokoll der bronchialen Provokation\/Dilatation.<\/li>\n<\/ul>\n\t\t\t\t\t\t\t\t<\/div>\n\t\t\t\t<div class=\"elementor-element elementor-element-a36a1b7 elementor-widget elementor-widget-heading\" data-id=\"a36a1b7\" data-element_type=\"widget\" data-e-type=\"widget\" data-widget_type=\"heading.default\">\n\t\t\t\t\t<h2 class=\"elementor-heading-title elementor-size-default\">Optionen<\/h2>\t\t\t\t<\/div>\n\t\t\t\t<div class=\"elementor-element elementor-element-22a763d elementor-widget elementor-widget-text-editor\" data-id=\"22a763d\" data-element_type=\"widget\" data-e-type=\"widget\" data-widget_type=\"text-editor.default\">\n\t\t\t\t\t\t\t\t\tDas Spirometer Sprirobank II Smart kann auch <a href=\"\/shop\/sed90003\/\">ohne die Option der Oximetrie<\/a> erworben werden.\t\t\t\t\t\t\t\t<\/div>\n\t\t\t\t<div class=\"elementor-element elementor-element-e697816 elementor-widget elementor-widget-heading\" data-id=\"e697816\" data-element_type=\"widget\" data-e-type=\"widget\" data-widget_type=\"heading.default\">\n\t\t\t\t\t<h2 class=\"elementor-heading-title elementor-size-default\">Inhalt<\/h2>\t\t\t\t<\/div>\n\t\t\t\t<div class=\"elementor-element elementor-element-5d96c9f elementor-widget elementor-widget-text-editor\" data-id=\"5d96c9f\" data-element_type=\"widget\" data-e-type=\"widget\" data-widget_type=\"text-editor.default\">\n\t\t\t\t\t\t\t\t\t<ul><li>Mir Spirometer Spirobank II Smart<\/li><li>Einweg-Turbine (oder wiederverwendbar als Option)<\/li><li>USB-Kabel f\u00fcr den Anschluss an einen Computer<\/li><li>Eingebauter wiederaufladbarer Akku<\/li><li>Ausf\u00fchrliches Benutzerhandbuch<\/li><li>Zugang zur Mir-Software<\/li><li>WinspiroPRO<\/li><li>Transporttasche<\/li><\/ul><p><em><strong>Hinweis:<\/strong> Dieses Medizinprodukt ist f\u00fcr den professionellen Gebrauch bestimmt und sollte nur von qualifiziertem medizinischem Personal verwendet werden, um genaue und zuverl\u00e4ssige Ergebnisse bei Lungenfunktionstests zu gew\u00e4hrleisten.<\/em><\/p>\t\t\t\t\t\t\t\t<\/div>\n\t\t\t\t\t<\/div>\n\t\t<\/div>\n\t\t\t\t\t<\/div>\n\t\t<\/section>\n\t\t\t\t<\/div>\n\t\t","protected":false},"excerpt":{"rendered":"<p>Das Mir Spirobank II Smart ist ein kompaktes Ger\u00e4t mit Bluetooth- und USB-Anschluss, das mit der Mir Spiro App (Android\/iOS) kompatibel ist. Es unterst\u00fctzt die digitale \u00dcbertragung und Speicherung von Messwerten \u00fcber eine mobile Benutzeroberfl\u00e4che. Geeignet f\u00fcr technische Anwendungen mit Bedarf an mobiler Konnektivit\u00e4t. CE-zertifiziertes Zubeh\u00f6r, kompatibel mit Spirobank-Sensoren.   <\/p>\n","protected":false},"featured_media":30839,"template":"","meta":{"_acf_changed":false},"product_brand":[2168],"product_cat":[1590,1591],"product_tag":[5046,6520,6517,6521,4605,3717,6522,6523,3410,6514,6513,1711,6515,6519,4984],"class_list":{"0":"post-35881","1":"product","2":"type-product","3":"status-publish","4":"has-post-thumbnail","6":"product_brand-mir-de","7":"product_cat-spirometer","8":"product_cat-geraete-spirometer","9":"product_tag-atemtests","10":"product_tag-ats-standards","11":"product_tag-bluetooth-konnektivitat-de","12":"product_tag-datenanalyse-de","13":"product_tag-gesundheitsfachkraft","14":"product_tag-leichtes-gerat","15":"product_tag-lungengesundheit","16":"product_tag-medizinische-diagnosen","17":"product_tag-medizinisches-gerat-de","18":"product_tag-messung-der-atemfunktionen","19":"product_tag-mir-spirobank-ii-de","20":"product_tag-oximetrie","21":"product_tag-spirometrie-zu-hause","22":"product_tag-spirometrie-software-de","23":"product_tag-tragbares-spirometer","25":"first","26":"instock","27":"taxable","28":"shipping-taxable","29":"purchasable","30":"product-type-variable","31":"has-default-attributes"},"acf":[],"yoast_head":"<!-- This site is optimized with the Yoast SEO Premium plugin v27.4 (Yoast SEO v27.4) - https:\/\/yoast.com\/product\/yoast-seo-premium-wordpress\/ -->\n<title>Mir Spirobank II Smart mit integriertem Oximeter - Tragbares Ger\u00e4t mit Bluetooth-Konnektivit\u00e4t und Datenaufzeichnung | Swixed SA<\/title>\n<meta name=\"description\" content=\"Das tragbare Spirometer Mir Spirobank II Smart ist ideal f\u00fcr genaue Atemtests. Bluetooth-Konnektivit\u00e4t und sofortige Ergebnisse.\" \/>\n<meta name=\"robots\" content=\"index, follow, max-snippet:-1, max-image-preview:large, max-video-preview:-1\" \/>\n<link rel=\"canonical\" href=\"https:\/\/swixed.ch\/de\/produkt\/sed90004\/\" \/>\n<meta property=\"og:locale\" content=\"de_DE\" \/>\n<meta property=\"og:type\" content=\"article\" \/>\n<meta property=\"og:title\" content=\"Mir Spirobank II Smart mit integriertem Oximeter - Tragbares Ger\u00e4t mit Bluetooth-Konnektivit\u00e4t und Datenaufzeichnung\" \/>\n<meta property=\"og:description\" content=\"Das tragbare Spirometer Mir Spirobank II Smart ist ideal f\u00fcr genaue Atemtests. Bluetooth-Konnektivit\u00e4t und sofortige Ergebnisse.\" \/>\n<meta property=\"og:url\" content=\"https:\/\/swixed.ch\/de\/produkt\/sed90004\/\" \/>\n<meta property=\"og:site_name\" content=\"Swixed SA\" \/>\n<meta property=\"article:publisher\" content=\"https:\/\/www.facebook.com\/swixed\" \/>\n<meta property=\"article:modified_time\" content=\"2026-04-20T10:23:58+00:00\" \/>\n<meta property=\"og:image\" content=\"https:\/\/swixed.ch\/wp-content\/uploads\/products\/mir-spirobank-ii-smart-oxy-01.png\" \/>\n\t<meta property=\"og:image:width\" content=\"600\" \/>\n\t<meta property=\"og:image:height\" content=\"600\" \/>\n\t<meta property=\"og:image:type\" content=\"image\/png\" \/>\n<meta name=\"twitter:card\" content=\"summary_large_image\" \/>\n<meta name=\"twitter:label1\" content=\"Gesch\u00e4tzte Lesezeit\" \/>\n\t<meta name=\"twitter:data1\" content=\"3\u00a0Minuten\" \/>\n<script type=\"application\/ld+json\" class=\"yoast-schema-graph\">{\"@context\":\"https:\\\/\\\/schema.org\",\"@graph\":[{\"@type\":\"WebPage\",\"@id\":\"https:\\\/\\\/swixed.ch\\\/de\\\/produkt\\\/sed90004\\\/\",\"url\":\"https:\\\/\\\/swixed.ch\\\/de\\\/produkt\\\/sed90004\\\/\",\"name\":\"Mir Spirobank II Smart mit integriertem Oximeter - Tragbares Ger\u00e4t mit Bluetooth-Konnektivit\u00e4t und Datenaufzeichnung | Swixed SA\",\"isPartOf\":{\"@id\":\"https:\\\/\\\/swixed.ch\\\/de\\\/#website\"},\"primaryImageOfPage\":{\"@id\":\"https:\\\/\\\/swixed.ch\\\/de\\\/produkt\\\/sed90004\\\/#primaryimage\"},\"image\":{\"@id\":\"https:\\\/\\\/swixed.ch\\\/de\\\/produkt\\\/sed90004\\\/#primaryimage\"},\"thumbnailUrl\":\"https:\\\/\\\/swixed.ch\\\/wp-content\\\/uploads\\\/products\\\/mir-spirobank-ii-smart-oxy-01.png\",\"datePublished\":\"2023-01-03T10:08:51+00:00\",\"dateModified\":\"2026-04-20T10:23:58+00:00\",\"description\":\"Das tragbare Spirometer Mir Spirobank II Smart ist ideal f\u00fcr genaue Atemtests. Bluetooth-Konnektivit\u00e4t und sofortige Ergebnisse.\",\"breadcrumb\":{\"@id\":\"https:\\\/\\\/swixed.ch\\\/de\\\/produkt\\\/sed90004\\\/#breadcrumb\"},\"inLanguage\":\"de\",\"potentialAction\":[{\"@type\":\"ReadAction\",\"target\":[\"https:\\\/\\\/swixed.ch\\\/de\\\/produkt\\\/sed90004\\\/\"]}]},{\"@type\":\"ImageObject\",\"inLanguage\":\"de\",\"@id\":\"https:\\\/\\\/swixed.ch\\\/de\\\/produkt\\\/sed90004\\\/#primaryimage\",\"url\":\"https:\\\/\\\/swixed.ch\\\/wp-content\\\/uploads\\\/products\\\/mir-spirobank-ii-smart-oxy-01.png\",\"contentUrl\":\"https:\\\/\\\/swixed.ch\\\/wp-content\\\/uploads\\\/products\\\/mir-spirobank-ii-smart-oxy-01.png\",\"width\":600,\"height\":600,\"caption\":\"mir spirobank ii smart oxy 01\"},{\"@type\":\"BreadcrumbList\",\"@id\":\"https:\\\/\\\/swixed.ch\\\/de\\\/produkt\\\/sed90004\\\/#breadcrumb\",\"itemListElement\":[{\"@type\":\"ListItem\",\"position\":1,\"name\":\"Startseite\",\"item\":\"https:\\\/\\\/swixed.ch\\\/de\\\/home\\\/\"},{\"@type\":\"ListItem\",\"position\":2,\"name\":\"Shop\",\"item\":\"https:\\\/\\\/swixed.ch\\\/de\\\/shop\\\/\"},{\"@type\":\"ListItem\",\"position\":3,\"name\":\"Mir Spirobank II Smart mit integriertem Oximeter &#8211; Tragbares Ger\u00e4t mit Bluetooth-Konnektivit\u00e4t und Datenaufzeichnung\"}]},{\"@type\":\"WebSite\",\"@id\":\"https:\\\/\\\/swixed.ch\\\/de\\\/#website\",\"url\":\"https:\\\/\\\/swixed.ch\\\/de\\\/\",\"name\":\"Swixed SA\",\"description\":\"Elektronische Ger\u00e4te\",\"publisher\":{\"@id\":\"https:\\\/\\\/swixed.ch\\\/de\\\/#organization\"},\"potentialAction\":[{\"@type\":\"SearchAction\",\"target\":{\"@type\":\"EntryPoint\",\"urlTemplate\":\"https:\\\/\\\/swixed.ch\\\/de\\\/?s={search_term_string}\"},\"query-input\":{\"@type\":\"PropertyValueSpecification\",\"valueRequired\":true,\"valueName\":\"search_term_string\"}}],\"inLanguage\":\"de\"},{\"@type\":\"Organization\",\"@id\":\"https:\\\/\\\/swixed.ch\\\/de\\\/#organization\",\"name\":\"Swixed SA\",\"url\":\"https:\\\/\\\/swixed.ch\\\/de\\\/\",\"logo\":{\"@type\":\"ImageObject\",\"inLanguage\":\"de\",\"@id\":\"https:\\\/\\\/swixed.ch\\\/de\\\/#\\\/schema\\\/logo\\\/image\\\/\",\"url\":\"https:\\\/\\\/swixed.ch\\\/wp-content\\\/uploads\\\/logos\\\/swixed-logo-lite.png\",\"contentUrl\":\"https:\\\/\\\/swixed.ch\\\/wp-content\\\/uploads\\\/logos\\\/swixed-logo-lite.png\",\"width\":696,\"height\":696,\"caption\":\"Swixed SA\"},\"image\":{\"@id\":\"https:\\\/\\\/swixed.ch\\\/de\\\/#\\\/schema\\\/logo\\\/image\\\/\"},\"sameAs\":[\"https:\\\/\\\/www.facebook.com\\\/swixed\",\"https:\\\/\\\/www.linkedin.com\\\/company\\\/swixed\",\"https:\\\/\\\/www.youtube.com\\\/@swixedsa\"],\"description\":\"Swixed SA est une entreprise suisse bas\u00e9e \u00e0 Gen\u00e8ve, sp\u00e9cialis\u00e9e dans la vente, la location et la maintenance d\u2019appareils m\u00e9dicaux professionnels, tels que d\u00e9fibrillateurs AED, \u00e9lectrocardiographes, moniteurs patient et dispositifs de diagnostic.\",\"email\":\"infoshop@swixed.ch\",\"telephone\":\"+41 22 566 11 95\",\"legalName\":\"Swixed SA\",\"foundingDate\":\"2021-03-01\",\"numberOfEmployees\":{\"@type\":\"QuantitativeValue\",\"minValue\":\"1\",\"maxValue\":\"10\"}}]}<\/script>\n<!-- \/ Yoast SEO Premium plugin. -->","yoast_head_json":{"title":"Mir Spirobank II Smart mit integriertem Oximeter - Tragbares Ger\u00e4t mit Bluetooth-Konnektivit\u00e4t und Datenaufzeichnung | Swixed SA","description":"Das tragbare Spirometer Mir Spirobank II Smart ist ideal f\u00fcr genaue Atemtests. Bluetooth-Konnektivit\u00e4t und sofortige Ergebnisse.","robots":{"index":"index","follow":"follow","max-snippet":"max-snippet:-1","max-image-preview":"max-image-preview:large","max-video-preview":"max-video-preview:-1"},"canonical":"https:\/\/swixed.ch\/de\/produkt\/sed90004\/","og_locale":"de_DE","og_type":"article","og_title":"Mir Spirobank II Smart mit integriertem Oximeter - Tragbares Ger\u00e4t mit Bluetooth-Konnektivit\u00e4t und Datenaufzeichnung","og_description":"Das tragbare Spirometer Mir Spirobank II Smart ist ideal f\u00fcr genaue Atemtests. Bluetooth-Konnektivit\u00e4t und sofortige Ergebnisse.","og_url":"https:\/\/swixed.ch\/de\/produkt\/sed90004\/","og_site_name":"Swixed SA","article_publisher":"https:\/\/www.facebook.com\/swixed","article_modified_time":"2026-04-20T10:23:58+00:00","og_image":[{"width":600,"height":600,"url":"https:\/\/swixed.ch\/wp-content\/uploads\/products\/mir-spirobank-ii-smart-oxy-01.png","type":"image\/png"}],"twitter_card":"summary_large_image","twitter_misc":{"Gesch\u00e4tzte Lesezeit":"3\u00a0Minuten"},"schema":{"@context":"https:\/\/schema.org","@graph":[{"@type":"WebPage","@id":"https:\/\/swixed.ch\/de\/produkt\/sed90004\/","url":"https:\/\/swixed.ch\/de\/produkt\/sed90004\/","name":"Mir Spirobank II Smart mit integriertem Oximeter - Tragbares Ger\u00e4t mit Bluetooth-Konnektivit\u00e4t und Datenaufzeichnung | Swixed SA","isPartOf":{"@id":"https:\/\/swixed.ch\/de\/#website"},"primaryImageOfPage":{"@id":"https:\/\/swixed.ch\/de\/produkt\/sed90004\/#primaryimage"},"image":{"@id":"https:\/\/swixed.ch\/de\/produkt\/sed90004\/#primaryimage"},"thumbnailUrl":"https:\/\/swixed.ch\/wp-content\/uploads\/products\/mir-spirobank-ii-smart-oxy-01.png","datePublished":"2023-01-03T10:08:51+00:00","dateModified":"2026-04-20T10:23:58+00:00","description":"Das tragbare Spirometer Mir Spirobank II Smart ist ideal f\u00fcr genaue Atemtests. Bluetooth-Konnektivit\u00e4t und sofortige Ergebnisse.","breadcrumb":{"@id":"https:\/\/swixed.ch\/de\/produkt\/sed90004\/#breadcrumb"},"inLanguage":"de","potentialAction":[{"@type":"ReadAction","target":["https:\/\/swixed.ch\/de\/produkt\/sed90004\/"]}]},{"@type":"ImageObject","inLanguage":"de","@id":"https:\/\/swixed.ch\/de\/produkt\/sed90004\/#primaryimage","url":"https:\/\/swixed.ch\/wp-content\/uploads\/products\/mir-spirobank-ii-smart-oxy-01.png","contentUrl":"https:\/\/swixed.ch\/wp-content\/uploads\/products\/mir-spirobank-ii-smart-oxy-01.png","width":600,"height":600,"caption":"mir spirobank ii smart oxy 01"},{"@type":"BreadcrumbList","@id":"https:\/\/swixed.ch\/de\/produkt\/sed90004\/#breadcrumb","itemListElement":[{"@type":"ListItem","position":1,"name":"Startseite","item":"https:\/\/swixed.ch\/de\/home\/"},{"@type":"ListItem","position":2,"name":"Shop","item":"https:\/\/swixed.ch\/de\/shop\/"},{"@type":"ListItem","position":3,"name":"Mir Spirobank II Smart mit integriertem Oximeter &#8211; Tragbares Ger\u00e4t mit Bluetooth-Konnektivit\u00e4t und Datenaufzeichnung"}]},{"@type":"WebSite","@id":"https:\/\/swixed.ch\/de\/#website","url":"https:\/\/swixed.ch\/de\/","name":"Swixed SA","description":"Elektronische Ger\u00e4te","publisher":{"@id":"https:\/\/swixed.ch\/de\/#organization"},"potentialAction":[{"@type":"SearchAction","target":{"@type":"EntryPoint","urlTemplate":"https:\/\/swixed.ch\/de\/?s={search_term_string}"},"query-input":{"@type":"PropertyValueSpecification","valueRequired":true,"valueName":"search_term_string"}}],"inLanguage":"de"},{"@type":"Organization","@id":"https:\/\/swixed.ch\/de\/#organization","name":"Swixed SA","url":"https:\/\/swixed.ch\/de\/","logo":{"@type":"ImageObject","inLanguage":"de","@id":"https:\/\/swixed.ch\/de\/#\/schema\/logo\/image\/","url":"https:\/\/swixed.ch\/wp-content\/uploads\/logos\/swixed-logo-lite.png","contentUrl":"https:\/\/swixed.ch\/wp-content\/uploads\/logos\/swixed-logo-lite.png","width":696,"height":696,"caption":"Swixed SA"},"image":{"@id":"https:\/\/swixed.ch\/de\/#\/schema\/logo\/image\/"},"sameAs":["https:\/\/www.facebook.com\/swixed","https:\/\/www.linkedin.com\/company\/swixed","https:\/\/www.youtube.com\/@swixedsa"],"description":"Swixed SA est une entreprise suisse bas\u00e9e \u00e0 Gen\u00e8ve, sp\u00e9cialis\u00e9e dans la vente, la location et la maintenance d\u2019appareils m\u00e9dicaux professionnels, tels que d\u00e9fibrillateurs AED, \u00e9lectrocardiographes, moniteurs patient et dispositifs de diagnostic.","email":"infoshop@swixed.ch","telephone":"+41 22 566 11 95","legalName":"Swixed SA","foundingDate":"2021-03-01","numberOfEmployees":{"@type":"QuantitativeValue","minValue":"1","maxValue":"10"}}]}},"_links":{"self":[{"href":"https:\/\/swixed.ch\/de\/wp-json\/wp\/v2\/product\/35881","targetHints":{"allow":["GET"]}}],"collection":[{"href":"https:\/\/swixed.ch\/de\/wp-json\/wp\/v2\/product"}],"about":[{"href":"https:\/\/swixed.ch\/de\/wp-json\/wp\/v2\/types\/product"}],"version-history":[{"count":0,"href":"https:\/\/swixed.ch\/de\/wp-json\/wp\/v2\/product\/35881\/revisions"}],"wp:featuredmedia":[{"embeddable":true,"href":"https:\/\/swixed.ch\/de\/wp-json\/wp\/v2\/media\/30839"}],"wp:attachment":[{"href":"https:\/\/swixed.ch\/de\/wp-json\/wp\/v2\/media?parent=35881"}],"wp:term":[{"taxonomy":"product_brand","embeddable":true,"href":"https:\/\/swixed.ch\/de\/wp-json\/wp\/v2\/product_brand?post=35881"},{"taxonomy":"product_cat","embeddable":true,"href":"https:\/\/swixed.ch\/de\/wp-json\/wp\/v2\/product_cat?post=35881"},{"taxonomy":"product_tag","embeddable":true,"href":"https:\/\/swixed.ch\/de\/wp-json\/wp\/v2\/product_tag?post=35881"}],"curies":[{"name":"wp","href":"https:\/\/api.w.org\/{rel}","templated":true}]}}