{"id":35937,"date":"2023-01-04T17:23:35","date_gmt":"2023-01-04T15:23:35","guid":{"rendered":"https:\/\/swixed.com\/produit\/spirometer-mir-spirolab-new-oxymetrie\/"},"modified":"2026-03-18T02:53:55","modified_gmt":"2026-03-18T01:53:55","slug":"sed90008","status":"publish","type":"product","link":"https:\/\/swixed.ch\/de\/produkt\/sed90008\/","title":{"rendered":"Mir Spirolab New &#8211; Tragbares Ger\u00e4t mit Touchscreen und integriertem Drucker"},"content":{"rendered":"\t\t<div data-elementor-type=\"product-post\" data-elementor-id=\"35937\" class=\"elementor elementor-35937 elementor-17168\" data-elementor-post-type=\"product\">\n\t\t\t\t\t\t<section class=\"elementor-section elementor-top-section elementor-element elementor-element-566dfe8 elementor-section-boxed elementor-section-height-default elementor-section-height-default\" data-id=\"566dfe8\" data-element_type=\"section\" data-e-type=\"section\">\n\t\t\t\t\t\t<div class=\"elementor-container elementor-column-gap-default\">\n\t\t\t\t\t<div class=\"elementor-column elementor-col-100 elementor-top-column elementor-element elementor-element-2c4618e\" data-id=\"2c4618e\" data-element_type=\"column\" data-e-type=\"column\">\n\t\t\t<div class=\"elementor-widget-wrap elementor-element-populated\">\n\t\t\t\t\t\t<div class=\"elementor-element elementor-element-57fea7d elementor-widget elementor-widget-heading\" data-id=\"57fea7d\" data-element_type=\"widget\" data-e-type=\"widget\" data-widget_type=\"heading.default\">\n\t\t\t\t\t<h2 class=\"elementor-heading-title elementor-size-default\">Beschreibung von MIR Spirolab New<\/h2>\t\t\t\t<\/div>\n\t\t\t\t<div class=\"elementor-element elementor-element-e0a279c elementor-widget elementor-widget-text-editor\" data-id=\"e0a279c\" data-element_type=\"widget\" data-e-type=\"widget\" data-widget_type=\"text-editor.default\">\n\t\t\t\t\t\t\t\t\t<p>Das <strong>Spirolab New <\/strong><strong> Spirometer<\/strong> von Mir ist das<strong> tragbare Tischspirometer in der Produktreihe<\/strong>.<br>Es kann sowohl unabh\u00e4ngig als auch mit direktem Anschluss an einen Computer verwendet werden. Dank der <strong>eingebauten Batterie<\/strong> und des <b>7-Zoll-Touchscreens<\/b> k\u00f6nnen Sie <strong>Spirometrietests<\/strong> durchf\u00fchren, <strong>ohne<\/strong> an die WinspiroPro-Software <strong>angeschlossen<\/strong> zu sein. Sie k\u00f6nnen <strong>die Ergebnisse direkt auf dem Bildschirm<\/strong> des Spirolab <strong>ablesen<\/strong> und, wenn Sie m\u00f6chten, mit dem <b>eingebauten Drucker<\/b> ausdrucken.   Es ist auch m\u00f6glich, die <strong>Daten sp\u00e4ter auf die WinspiroPro-Software zu \u00fcbertragen<\/strong>.<\/p><p>Wenn Sie das Spirolab New direkt mit der WinspiroPro-Software verwenden m\u00f6chten, <strong>schlie\u00dfen<\/strong> Sie es einfach <strong>\u00fcber das USB-Kabel oder Bluetooth<\/strong> <strong>direkt<\/strong> an Ihren Computer an. Die Testwerte werden direkt auf Ihrem PC angezeigt und gespeichert. <\/p><p>Das Spirolab New f\u00fchrt wie alle MIR Spirometer <strong>eine Korrektur bei BTPS <\/strong>(Temperaturregler) durch. Dadurch werden die Messwerte nicht von Temperatur\u00e4nderungen der \u00e4u\u00dferen Umgebung beeinflusst. Alle Spirometer der Marke Mir verf\u00fcgen \u00fcber die <strong>ATS-Zertifizierung (American Thoracic Standard)<\/strong>.  <\/p>\t\t\t\t\t\t\t\t<\/div>\n\t\t\t\t<div class=\"elementor-element elementor-element-db49250 elementor-widget elementor-widget-heading\" data-id=\"db49250\" data-element_type=\"widget\" data-e-type=\"widget\" data-widget_type=\"heading.default\">\n\t\t\t\t\t<h4 class=\"elementor-heading-title elementor-size-default\">Option Oximetrie<\/h4>\t\t\t\t<\/div>\n\t\t\t\t<div class=\"elementor-element elementor-element-7e121c4 elementor-widget elementor-widget-text-editor\" data-id=\"7e121c4\" data-element_type=\"widget\" data-e-type=\"widget\" data-widget_type=\"text-editor.default\">\n\t\t\t\t\t\t\t\t\t<p>Das Spirolab New funktioniert in Bezug auf seine <strong>Oximetrie-Option<\/strong> auf die gleiche Weise wie die unabh\u00e4ngige Spirometrie. Das Ger\u00e4t <strong>ist batteriebetrieben und speichert die Oximetriedaten<\/strong> dank seiner <strong>gro\u00dfen Speicherkapazit\u00e4t<\/strong>. Die Daten werden dann direkt auf dem Bildschirm von Spirobank II angezeigt oder an die WinspiroPro-Software \u00fcbertragen, um einen Bericht zu erstellen. Wenn das Ger\u00e4t w\u00e4hrend des Tests direkt mit WinspiroPro verbunden ist, werden die Daten in der Software angezeigt und gespeichert.   <\/p>\t\t\t\t\t\t\t\t<\/div>\n\t\t\t\t<div class=\"elementor-element elementor-element-8827e28 elementor-widget elementor-widget-heading\" data-id=\"8827e28\" data-element_type=\"widget\" data-e-type=\"widget\" data-widget_type=\"heading.default\">\n\t\t\t\t\t<h2 class=\"elementor-heading-title elementor-size-default\">Turbinen f\u00fcr Spirolab<\/h2>\t\t\t\t<\/div>\n\t\t\t\t<div class=\"elementor-element elementor-element-469f2d0 elementor-widget elementor-widget-text-editor\" data-id=\"469f2d0\" data-element_type=\"widget\" data-e-type=\"widget\" data-widget_type=\"text-editor.default\">\n\t\t\t\t\t\t\t\t\t<div class=\"elementor-element elementor-element-30a608f elementor-widget elementor-widget-text-editor\" data-id=\"30a608f\" data-element_type=\"widget\" data-widget_type=\"text-editor.default\"><div class=\"elementor-widget-container\"><div class=\"elementor-text-editor elementor-clearfix\"><p><strong>Spirolab New<\/strong> kann mit einer wiederverwendbaren Turbine oder mit <a href=\"https:\/\/swixed.com\/shop\/sed91000\/\">Einwegturbinen f\u00fcr den einmaligen<\/a> Gebrauch verwendet werden. Die Verwendung von <strong>Einwegturbinen wird<\/strong> jedoch <strong>dringend empfohlen<\/strong>. Dadurch wird das Risiko einer Kontamination zwischen Patienten vermieden und es entf\u00e4llt der mehrst\u00fcndige Reinigungs- und Desinfektionsprozess der wiederverwendbaren Turbine.  <\/p><\/div><\/div><\/div>\t\t\t\t\t\t\t\t<\/div>\n\t\t\t\t<div class=\"elementor-element elementor-element-3a1ebf2 elementor-widget elementor-widget-heading\" data-id=\"3a1ebf2\" data-element_type=\"widget\" data-e-type=\"widget\" data-widget_type=\"heading.default\">\n\t\t\t\t\t<h2 class=\"elementor-heading-title elementor-size-default\">Messbare Werte<\/h2>\t\t\t\t<\/div>\n\t\t\t\t<div class=\"elementor-element elementor-element-6aa2587 elementor-widget elementor-widget-heading\" data-id=\"6aa2587\" data-element_type=\"widget\" data-e-type=\"widget\" data-widget_type=\"heading.default\">\n\t\t\t\t\t<h4 class=\"elementor-heading-title elementor-size-default\">Spirometrie<\/h4>\t\t\t\t<\/div>\n\t\t\t\t<div class=\"elementor-element elementor-element-0b6bdb6 elementor-widget elementor-widget-text-editor\" data-id=\"0b6bdb6\" data-element_type=\"widget\" data-e-type=\"widget\" data-widget_type=\"text-editor.default\">\n\t\t\t\t\t\t\t\t\t<p><strong>Direkt auf dem Ger\u00e4t ohne Verbindung :<\/strong><\/p><p>FVC, FEV1, FEV1\/FVC, FEV1\/VC, PEF, FEF25, FEF50, FEF75, FEF25-75, FEF75-85, Lung Age, Extrap.Volume, FET, Time to PEF, FEV0.5, FEV0.5\/FVC, FEV0.75, FEV0.75\/FVC, FEV2, FEV2\/FVC, FEV3, FEV3\/FVC, FEV6, FEV1\/FEV6, FIVC, FIV1, FIV1\/FIVC, PIF, FIF25, FIF50, FIF75, FEF50\/FIF50, VC, IVC, IC, ERV, IRV, Rf, VE, VT, tI, tE, VT\/ tI, tE\/tTOT, MVV (measured), MVV (calculated)<\/p><p><strong>Auf dem Computer \u00fcber eine USB-Verbindung zur WinspiroPro-Software :<\/strong><\/p><p>FVC, FEV1, FEV1\/FVC, FEV1\/VC, PEF, FEF25, FEF50, FEF75, FEF25-75, FEF75-85, Lung Alter, Extrapoliertes Volumen, FET, Zeit bis PEF, FEV0.5, FEV0.5, FEV0.5\/FVC, FEV0.75, FEV0.75\/FVC, FEV2, FEV2\/FVC, FEV3, FEV3\/FVC, FEV6, FEV1\/FEV6, FEV1\/PEF, FEV1\/FEV0.5, FIVC, FIV1, FIV1\/FIVC, PIF, FIF25, FIF50, FIF75<\/p>\t\t\t\t\t\t\t\t<\/div>\n\t\t\t\t<div class=\"elementor-element elementor-element-86c7bb0 elementor-widget elementor-widget-heading\" data-id=\"86c7bb0\" data-element_type=\"widget\" data-e-type=\"widget\" data-widget_type=\"heading.default\">\n\t\t\t\t\t<h4 class=\"elementor-heading-title elementor-size-default\">Oximetrie<\/h4>\t\t\t\t<\/div>\n\t\t\t\t<div class=\"elementor-element elementor-element-c8fa24d elementor-widget elementor-widget-text-editor\" data-id=\"c8fa24d\" data-element_type=\"widget\" data-e-type=\"widget\" data-widget_type=\"text-editor.default\">\n\t\t\t\t\t\t\t\t\t<p>SpO2 [Baseline, Min, Max, Mean], Pulsrate [Baseline, Min, Max, Mean], T90, T89, T88, T5 , Index [12s], SpO2 Events, Pulsrate Events [Bradycardia, Tachycardia].<\/p>\t\t\t\t\t\t\t\t<\/div>\n\t\t\t\t<div class=\"elementor-element elementor-element-4be0927 elementor-widget elementor-widget-heading\" data-id=\"4be0927\" data-element_type=\"widget\" data-e-type=\"widget\" data-widget_type=\"heading.default\">\n\t\t\t\t\t<h2 class=\"elementor-heading-title elementor-size-default\">Die WinspiroPro-Software<\/h2>\t\t\t\t<\/div>\n\t\t\t\t<div class=\"elementor-element elementor-element-f3d5604 elementor-widget elementor-widget-global elementor-global-32816 elementor-global-16723 elementor-widget-text-editor\" data-id=\"f3d5604\" data-element_type=\"widget\" data-e-type=\"widget\" data-widget_type=\"text-editor.default\">\n\t\t\t\t\t\t\t\t\t<p>WinspiroPro ist im Lieferumfang aller MIR Spirometermodelle enthalten und bietet eine intuitive Benutzeroberfl\u00e4che, ohne dass fortgeschrittene Computerkenntnisse erforderlich sind. Zu den wichtigsten Funktionen geh\u00f6ren <\/p>\n<ul>\n<li>Zusammenfassung der Spirometrie des Patienten auf einem einzigen Bildschirm.<\/li>\n<li>Dynamische Datenverwaltung und Archivierung der Ergebnisse.<\/li>\n<li>Direkter Versand der Ergebnisse per E-Mail.<\/li>\n<li>Vergleich der Spirometriekurven.<\/li>\n<li>P\u00e4diatrischer Modus mit Animationen.<\/li>\n<li>Automatische Aktualisierung und Protokoll der bronchialen Provokation\/Dilatation.<\/li>\n<\/ul>\n\t\t\t\t\t\t\t\t<\/div>\n\t\t\t\t<div class=\"elementor-element elementor-element-429117c elementor-widget elementor-widget-heading\" data-id=\"429117c\" data-element_type=\"widget\" data-e-type=\"widget\" data-widget_type=\"heading.default\">\n\t\t\t\t\t<h2 class=\"elementor-heading-title elementor-size-default\">Optionen<\/h2>\t\t\t\t<\/div>\n\t\t\t\t<div class=\"elementor-element elementor-element-5b4253b elementor-widget elementor-widget-text-editor\" data-id=\"5b4253b\" data-element_type=\"widget\" data-e-type=\"widget\" data-widget_type=\"text-editor.default\">\n\t\t\t\t\t\t\t\t\t<p>Das Spirometer Spirolab New kann auch <a href=\"\/shop\/sed90007\/\">ohne die Option der Pulsoximetrie<\/a> gekauft werden.<\/p>\t\t\t\t\t\t\t\t<\/div>\n\t\t\t\t\t<\/div>\n\t\t<\/div>\n\t\t\t\t\t<\/div>\n\t\t<\/section>\n\t\t\t\t<\/div>\n\t\t","protected":false},"excerpt":{"rendered":"<p>Der Mir Spirolab New ist ein tragbares Desktop-Ger\u00e4t mit einem 7-Zoll-Farb-Touchscreen. Es wird mit einem eingebauten Akku betrieben und verf\u00fcgt \u00fcber einen eingebauten Drucker. Das Ger\u00e4t ist mit USB- und Bluetooth-Anschl\u00fcssen f\u00fcr die \u00dcbertragung und Archivierung von Daten mit der WinspiroPro-Software ausgestattet. Durch sein kompaktes Design ist es f\u00fcr den professionellen Einsatz in verschiedenen Umgebungen geeignet. CE-zertifiziertes Produkt.    <\/p>\n","protected":false},"featured_media":30679,"template":"","meta":{"_acf_changed":false},"product_brand":[],"product_cat":[1590,1591],"product_tag":[1598,1594,1596,1593,1592],"class_list":{"0":"post-35937","1":"product","2":"type-product","3":"status-publish","4":"has-post-thumbnail","6":"product_cat-spirometer","7":"product_cat-geraete-spirometer","8":"product_tag-flowmeter-de","9":"product_tag-fvc-de","10":"product_tag-mir-de","11":"product_tag-spirometer","12":"product_tag-spirometrie-de","14":"first","15":"outofstock","16":"taxable","17":"shipping-taxable","18":"product-type-variable","19":"has-default-attributes"},"acf":[],"yoast_head":"<!-- This site is optimized with the Yoast SEO Premium plugin v27.4 (Yoast SEO v27.4) - https:\/\/yoast.com\/product\/yoast-seo-premium-wordpress\/ -->\n<title>Mir Spirolab New - Tragbares Ger\u00e4t mit Touchscreen und integriertem Drucker | Swixed SA<\/title>\n<meta name=\"description\" content=\"Das Spirolab New ist das tragbare Tischspirometer von Mir. Es kann unabh\u00e4ngig arbeiten und drucken oder mit WinspiroPro auf einem PC verbunden werden.\" \/>\n<meta name=\"robots\" content=\"index, follow, max-snippet:-1, max-image-preview:large, max-video-preview:-1\" \/>\n<link rel=\"canonical\" href=\"https:\/\/swixed.ch\/de\/produkt\/sed90008\/\" \/>\n<meta property=\"og:locale\" content=\"de_DE\" \/>\n<meta property=\"og:type\" content=\"article\" \/>\n<meta property=\"og:title\" content=\"Mir Spirolab New - Tragbares Ger\u00e4t mit Touchscreen und integriertem Drucker\" \/>\n<meta property=\"og:description\" content=\"Das Spirolab New ist das tragbare Tischspirometer von Mir. Es kann unabh\u00e4ngig arbeiten und drucken oder mit WinspiroPro auf einem PC verbunden werden.\" \/>\n<meta property=\"og:url\" content=\"https:\/\/swixed.ch\/de\/produkt\/sed90008\/\" \/>\n<meta property=\"og:site_name\" content=\"Swixed SA\" \/>\n<meta property=\"article:publisher\" content=\"https:\/\/www.facebook.com\/swixed\" \/>\n<meta property=\"article:modified_time\" content=\"2026-03-18T01:53:55+00:00\" \/>\n<meta property=\"og:image\" content=\"https:\/\/swixed.ch\/wp-content\/uploads\/products\/mir-spirolab-new-oxy-01.png\" \/>\n\t<meta property=\"og:image:width\" content=\"600\" \/>\n\t<meta property=\"og:image:height\" content=\"600\" \/>\n\t<meta property=\"og:image:type\" content=\"image\/png\" \/>\n<meta name=\"twitter:card\" content=\"summary_large_image\" \/>\n<meta name=\"twitter:label1\" content=\"Gesch\u00e4tzte Lesezeit\" \/>\n\t<meta name=\"twitter:data1\" content=\"3\u00a0Minuten\" \/>\n<script type=\"application\/ld+json\" class=\"yoast-schema-graph\">{\"@context\":\"https:\\\/\\\/schema.org\",\"@graph\":[{\"@type\":\"WebPage\",\"@id\":\"https:\\\/\\\/swixed.ch\\\/de\\\/produkt\\\/sed90008\\\/\",\"url\":\"https:\\\/\\\/swixed.ch\\\/de\\\/produkt\\\/sed90008\\\/\",\"name\":\"Mir Spirolab New - Tragbares Ger\u00e4t mit Touchscreen und integriertem Drucker | Swixed SA\",\"isPartOf\":{\"@id\":\"https:\\\/\\\/swixed.ch\\\/de\\\/#website\"},\"primaryImageOfPage\":{\"@id\":\"https:\\\/\\\/swixed.ch\\\/de\\\/produkt\\\/sed90008\\\/#primaryimage\"},\"image\":{\"@id\":\"https:\\\/\\\/swixed.ch\\\/de\\\/produkt\\\/sed90008\\\/#primaryimage\"},\"thumbnailUrl\":\"https:\\\/\\\/swixed.ch\\\/wp-content\\\/uploads\\\/products\\\/mir-spirolab-new-oxy-01.png\",\"datePublished\":\"2023-01-04T15:23:35+00:00\",\"dateModified\":\"2026-03-18T01:53:55+00:00\",\"description\":\"Das Spirolab New ist das tragbare Tischspirometer von Mir. Es kann unabh\u00e4ngig arbeiten und drucken oder mit WinspiroPro auf einem PC verbunden werden.\",\"breadcrumb\":{\"@id\":\"https:\\\/\\\/swixed.ch\\\/de\\\/produkt\\\/sed90008\\\/#breadcrumb\"},\"inLanguage\":\"de\",\"potentialAction\":[{\"@type\":\"ReadAction\",\"target\":[\"https:\\\/\\\/swixed.ch\\\/de\\\/produkt\\\/sed90008\\\/\"]}]},{\"@type\":\"ImageObject\",\"inLanguage\":\"de\",\"@id\":\"https:\\\/\\\/swixed.ch\\\/de\\\/produkt\\\/sed90008\\\/#primaryimage\",\"url\":\"https:\\\/\\\/swixed.ch\\\/wp-content\\\/uploads\\\/products\\\/mir-spirolab-new-oxy-01.png\",\"contentUrl\":\"https:\\\/\\\/swixed.ch\\\/wp-content\\\/uploads\\\/products\\\/mir-spirolab-new-oxy-01.png\",\"width\":600,\"height\":600,\"caption\":\"Spirometer Mir Spirolab New + Oximetrie\"},{\"@type\":\"BreadcrumbList\",\"@id\":\"https:\\\/\\\/swixed.ch\\\/de\\\/produkt\\\/sed90008\\\/#breadcrumb\",\"itemListElement\":[{\"@type\":\"ListItem\",\"position\":1,\"name\":\"Startseite\",\"item\":\"https:\\\/\\\/swixed.ch\\\/de\\\/home\\\/\"},{\"@type\":\"ListItem\",\"position\":2,\"name\":\"Shop\",\"item\":\"https:\\\/\\\/swixed.ch\\\/de\\\/shop\\\/\"},{\"@type\":\"ListItem\",\"position\":3,\"name\":\"Mir Spirolab New &#8211; Tragbares Ger\u00e4t mit Touchscreen und integriertem Drucker\"}]},{\"@type\":\"WebSite\",\"@id\":\"https:\\\/\\\/swixed.ch\\\/de\\\/#website\",\"url\":\"https:\\\/\\\/swixed.ch\\\/de\\\/\",\"name\":\"Swixed SA\",\"description\":\"Elektronische Ger\u00e4te\",\"publisher\":{\"@id\":\"https:\\\/\\\/swixed.ch\\\/de\\\/#organization\"},\"potentialAction\":[{\"@type\":\"SearchAction\",\"target\":{\"@type\":\"EntryPoint\",\"urlTemplate\":\"https:\\\/\\\/swixed.ch\\\/de\\\/?s={search_term_string}\"},\"query-input\":{\"@type\":\"PropertyValueSpecification\",\"valueRequired\":true,\"valueName\":\"search_term_string\"}}],\"inLanguage\":\"de\"},{\"@type\":\"Organization\",\"@id\":\"https:\\\/\\\/swixed.ch\\\/de\\\/#organization\",\"name\":\"Swixed SA\",\"url\":\"https:\\\/\\\/swixed.ch\\\/de\\\/\",\"logo\":{\"@type\":\"ImageObject\",\"inLanguage\":\"de\",\"@id\":\"https:\\\/\\\/swixed.ch\\\/de\\\/#\\\/schema\\\/logo\\\/image\\\/\",\"url\":\"https:\\\/\\\/swixed.ch\\\/wp-content\\\/uploads\\\/logos\\\/swixed-logo-lite.png\",\"contentUrl\":\"https:\\\/\\\/swixed.ch\\\/wp-content\\\/uploads\\\/logos\\\/swixed-logo-lite.png\",\"width\":696,\"height\":696,\"caption\":\"Swixed SA\"},\"image\":{\"@id\":\"https:\\\/\\\/swixed.ch\\\/de\\\/#\\\/schema\\\/logo\\\/image\\\/\"},\"sameAs\":[\"https:\\\/\\\/www.facebook.com\\\/swixed\",\"https:\\\/\\\/www.linkedin.com\\\/company\\\/swixed\",\"https:\\\/\\\/www.youtube.com\\\/@swixedsa\"],\"description\":\"Swixed SA est une entreprise suisse bas\u00e9e \u00e0 Gen\u00e8ve, sp\u00e9cialis\u00e9e dans la vente, la location et la maintenance d\u2019appareils m\u00e9dicaux professionnels, tels que d\u00e9fibrillateurs AED, \u00e9lectrocardiographes, moniteurs patient et dispositifs de diagnostic.\",\"email\":\"infoshop@swixed.ch\",\"telephone\":\"+41 22 566 11 95\",\"legalName\":\"Swixed SA\",\"foundingDate\":\"2021-03-01\",\"numberOfEmployees\":{\"@type\":\"QuantitativeValue\",\"minValue\":\"1\",\"maxValue\":\"10\"}}]}<\/script>\n<!-- \/ Yoast SEO Premium plugin. -->","yoast_head_json":{"title":"Mir Spirolab New - Tragbares Ger\u00e4t mit Touchscreen und integriertem Drucker | Swixed SA","description":"Das Spirolab New ist das tragbare Tischspirometer von Mir. Es kann unabh\u00e4ngig arbeiten und drucken oder mit WinspiroPro auf einem PC verbunden werden.","robots":{"index":"index","follow":"follow","max-snippet":"max-snippet:-1","max-image-preview":"max-image-preview:large","max-video-preview":"max-video-preview:-1"},"canonical":"https:\/\/swixed.ch\/de\/produkt\/sed90008\/","og_locale":"de_DE","og_type":"article","og_title":"Mir Spirolab New - Tragbares Ger\u00e4t mit Touchscreen und integriertem Drucker","og_description":"Das Spirolab New ist das tragbare Tischspirometer von Mir. Es kann unabh\u00e4ngig arbeiten und drucken oder mit WinspiroPro auf einem PC verbunden werden.","og_url":"https:\/\/swixed.ch\/de\/produkt\/sed90008\/","og_site_name":"Swixed SA","article_publisher":"https:\/\/www.facebook.com\/swixed","article_modified_time":"2026-03-18T01:53:55+00:00","og_image":[{"width":600,"height":600,"url":"https:\/\/swixed.ch\/wp-content\/uploads\/products\/mir-spirolab-new-oxy-01.png","type":"image\/png"}],"twitter_card":"summary_large_image","twitter_misc":{"Gesch\u00e4tzte Lesezeit":"3\u00a0Minuten"},"schema":{"@context":"https:\/\/schema.org","@graph":[{"@type":"WebPage","@id":"https:\/\/swixed.ch\/de\/produkt\/sed90008\/","url":"https:\/\/swixed.ch\/de\/produkt\/sed90008\/","name":"Mir Spirolab New - Tragbares Ger\u00e4t mit Touchscreen und integriertem Drucker | Swixed SA","isPartOf":{"@id":"https:\/\/swixed.ch\/de\/#website"},"primaryImageOfPage":{"@id":"https:\/\/swixed.ch\/de\/produkt\/sed90008\/#primaryimage"},"image":{"@id":"https:\/\/swixed.ch\/de\/produkt\/sed90008\/#primaryimage"},"thumbnailUrl":"https:\/\/swixed.ch\/wp-content\/uploads\/products\/mir-spirolab-new-oxy-01.png","datePublished":"2023-01-04T15:23:35+00:00","dateModified":"2026-03-18T01:53:55+00:00","description":"Das Spirolab New ist das tragbare Tischspirometer von Mir. Es kann unabh\u00e4ngig arbeiten und drucken oder mit WinspiroPro auf einem PC verbunden werden.","breadcrumb":{"@id":"https:\/\/swixed.ch\/de\/produkt\/sed90008\/#breadcrumb"},"inLanguage":"de","potentialAction":[{"@type":"ReadAction","target":["https:\/\/swixed.ch\/de\/produkt\/sed90008\/"]}]},{"@type":"ImageObject","inLanguage":"de","@id":"https:\/\/swixed.ch\/de\/produkt\/sed90008\/#primaryimage","url":"https:\/\/swixed.ch\/wp-content\/uploads\/products\/mir-spirolab-new-oxy-01.png","contentUrl":"https:\/\/swixed.ch\/wp-content\/uploads\/products\/mir-spirolab-new-oxy-01.png","width":600,"height":600,"caption":"Spirometer Mir Spirolab New + Oximetrie"},{"@type":"BreadcrumbList","@id":"https:\/\/swixed.ch\/de\/produkt\/sed90008\/#breadcrumb","itemListElement":[{"@type":"ListItem","position":1,"name":"Startseite","item":"https:\/\/swixed.ch\/de\/home\/"},{"@type":"ListItem","position":2,"name":"Shop","item":"https:\/\/swixed.ch\/de\/shop\/"},{"@type":"ListItem","position":3,"name":"Mir Spirolab New &#8211; Tragbares Ger\u00e4t mit Touchscreen und integriertem Drucker"}]},{"@type":"WebSite","@id":"https:\/\/swixed.ch\/de\/#website","url":"https:\/\/swixed.ch\/de\/","name":"Swixed SA","description":"Elektronische Ger\u00e4te","publisher":{"@id":"https:\/\/swixed.ch\/de\/#organization"},"potentialAction":[{"@type":"SearchAction","target":{"@type":"EntryPoint","urlTemplate":"https:\/\/swixed.ch\/de\/?s={search_term_string}"},"query-input":{"@type":"PropertyValueSpecification","valueRequired":true,"valueName":"search_term_string"}}],"inLanguage":"de"},{"@type":"Organization","@id":"https:\/\/swixed.ch\/de\/#organization","name":"Swixed SA","url":"https:\/\/swixed.ch\/de\/","logo":{"@type":"ImageObject","inLanguage":"de","@id":"https:\/\/swixed.ch\/de\/#\/schema\/logo\/image\/","url":"https:\/\/swixed.ch\/wp-content\/uploads\/logos\/swixed-logo-lite.png","contentUrl":"https:\/\/swixed.ch\/wp-content\/uploads\/logos\/swixed-logo-lite.png","width":696,"height":696,"caption":"Swixed SA"},"image":{"@id":"https:\/\/swixed.ch\/de\/#\/schema\/logo\/image\/"},"sameAs":["https:\/\/www.facebook.com\/swixed","https:\/\/www.linkedin.com\/company\/swixed","https:\/\/www.youtube.com\/@swixedsa"],"description":"Swixed SA est une entreprise suisse bas\u00e9e \u00e0 Gen\u00e8ve, sp\u00e9cialis\u00e9e dans la vente, la location et la maintenance d\u2019appareils m\u00e9dicaux professionnels, tels que d\u00e9fibrillateurs AED, \u00e9lectrocardiographes, moniteurs patient et dispositifs de diagnostic.","email":"infoshop@swixed.ch","telephone":"+41 22 566 11 95","legalName":"Swixed SA","foundingDate":"2021-03-01","numberOfEmployees":{"@type":"QuantitativeValue","minValue":"1","maxValue":"10"}}]}},"_links":{"self":[{"href":"https:\/\/swixed.ch\/de\/wp-json\/wp\/v2\/product\/35937","targetHints":{"allow":["GET"]}}],"collection":[{"href":"https:\/\/swixed.ch\/de\/wp-json\/wp\/v2\/product"}],"about":[{"href":"https:\/\/swixed.ch\/de\/wp-json\/wp\/v2\/types\/product"}],"version-history":[{"count":0,"href":"https:\/\/swixed.ch\/de\/wp-json\/wp\/v2\/product\/35937\/revisions"}],"wp:featuredmedia":[{"embeddable":true,"href":"https:\/\/swixed.ch\/de\/wp-json\/wp\/v2\/media\/30679"}],"wp:attachment":[{"href":"https:\/\/swixed.ch\/de\/wp-json\/wp\/v2\/media?parent=35937"}],"wp:term":[{"taxonomy":"product_brand","embeddable":true,"href":"https:\/\/swixed.ch\/de\/wp-json\/wp\/v2\/product_brand?post=35937"},{"taxonomy":"product_cat","embeddable":true,"href":"https:\/\/swixed.ch\/de\/wp-json\/wp\/v2\/product_cat?post=35937"},{"taxonomy":"product_tag","embeddable":true,"href":"https:\/\/swixed.ch\/de\/wp-json\/wp\/v2\/product_tag?post=35937"}],"curies":[{"name":"wp","href":"https:\/\/api.w.org\/{rel}","templated":true}]}}