{"id":36001,"date":"2023-06-27T13:39:38","date_gmt":"2023-06-27T11:39:38","guid":{"rendered":"https:\/\/swixed.com\/produit\/tragbarer-sauerstoffkonzentrator-scaleo-horizon-p5\/"},"modified":"2026-03-25T23:17:14","modified_gmt":"2026-03-25T22:17:14","slug":"sed92000","status":"publish","type":"product","link":"https:\/\/swixed.ch\/de\/produkt\/sed92000\/","title":{"rendered":"Scaleo Horizon P5 &#8211; Tragbarer kompakter Sauerstoffkonzentrator 2,5 kg"},"content":{"rendered":"\t\t<div data-elementor-type=\"product-post\" data-elementor-id=\"36001\" class=\"elementor elementor-36001 elementor-20518\" data-elementor-post-type=\"product\">\n\t\t\t\t\t\t<section class=\"elementor-section elementor-top-section elementor-element elementor-element-566dfe8 elementor-section-boxed elementor-section-height-default elementor-section-height-default\" data-id=\"566dfe8\" data-element_type=\"section\" data-e-type=\"section\">\n\t\t\t\t\t\t<div class=\"elementor-container elementor-column-gap-default\">\n\t\t\t\t\t<div class=\"elementor-column elementor-col-100 elementor-top-column elementor-element elementor-element-2c4618e\" data-id=\"2c4618e\" data-element_type=\"column\" data-e-type=\"column\">\n\t\t\t<div class=\"elementor-widget-wrap elementor-element-populated\">\n\t\t\t\t\t\t<div class=\"elementor-element elementor-element-57fea7d elementor-widget elementor-widget-heading\" data-id=\"57fea7d\" data-element_type=\"widget\" data-e-type=\"widget\" data-widget_type=\"heading.default\">\n\t\t\t\t\t<h2 class=\"elementor-heading-title elementor-size-default\">Sauerstoffkonzentrator 5 Liter Horizon S5<\/h2>\t\t\t\t<\/div>\n\t\t\t\t<div class=\"elementor-element elementor-element-e0a279c elementor-widget elementor-widget-text-editor\" data-id=\"e0a279c\" data-element_type=\"widget\" data-e-type=\"widget\" data-widget_type=\"text-editor.default\">\n\t\t\t\t\t\t\t\t\t<p>Die Horizon-Reihe wird um den neuen <strong>tragbaren Sauerstoffkonzentrator P5<\/strong> erweitert. Er wurde exklusiv von den Ingenieuren von Scaleo Medical entwickelt und wird <strong>in Frankreich hergestellt.<\/strong> <\/p><p>Der Horizon P5 ist f\u00fcr Patienten mit Ateminsuffizienz gedacht, die <strong>bei ihren t\u00e4glichen Aktivit\u00e4ten in Innenr\u00e4umen und im Freien Komfort<\/strong> w\u00fcnschen.<\/p>\t\t\t\t\t\t\t\t<\/div>\n\t\t\t\t<div class=\"elementor-element elementor-element-584965d elementor-widget elementor-widget-heading\" data-id=\"584965d\" data-element_type=\"widget\" data-e-type=\"widget\" data-widget_type=\"heading.default\">\n\t\t\t\t\t<h2 class=\"elementor-heading-title elementor-size-default\">Leiser und leichter Konzentrator<\/h2>\t\t\t\t<\/div>\n\t\t\t\t<div class=\"elementor-element elementor-element-8e42f52 elementor-widget elementor-widget-text-editor\" data-id=\"8e42f52\" data-element_type=\"widget\" data-e-type=\"widget\" data-widget_type=\"text-editor.default\">\n\t\t\t\t\t\t\t\t\t<p>Der Horizon P5 Sauerstoffkonzentrator ist kompakt und leicht. Er <strong>wiegt nur 2,5 kg und kann<\/strong> mit der mitgelieferten Tasche \u00fcber <strong>der Schulter getragen werden<\/strong>. Trotz seiner geringen Gr\u00f6\u00dfe erm\u00f6glicht der Konzentrator eine genaue Dosierung.  <\/p><p>Der Ger\u00e4uschpegel des Horizon P5 Konzentrators betr\u00e4gt in der Einstellung 2 <strong>nicht mehr als 44 Dezibel<\/strong>. Daher ist er unauff\u00e4llig und platzsparend. Au\u00dferdem kann er<strong> sowohl zu Hause als auch in einer Einrichtung verwendet werden<\/strong>. Auch im Auto, im Flugzeug und in anderen mobilen Umgebungen.   <\/p>\t\t\t\t\t\t\t\t<\/div>\n\t\t\t\t<div class=\"elementor-element elementor-element-e9a5332 elementor-widget elementor-widget-heading\" data-id=\"e9a5332\" data-element_type=\"widget\" data-e-type=\"widget\" data-widget_type=\"heading.default\">\n\t\t\t\t\t<h2 class=\"elementor-heading-title elementor-size-default\">Angeschlossenes Ger\u00e4t mit langer Laufzeit<\/h2>\t\t\t\t<\/div>\n\t\t\t\t<div class=\"elementor-element elementor-element-c07f4d9 elementor-widget elementor-widget-text-editor\" data-id=\"c07f4d9\" data-element_type=\"widget\" data-e-type=\"widget\" data-widget_type=\"text-editor.default\">\n\t\t\t\t\t\t\t\t\t<p>Der Hrizon P5 Sauerstoffkonzentrator ist \u00fcber Bluetooth mit der MyHorizon App verbunden. Dar\u00fcber hinaus erm\u00f6glicht er eine Echtzeit\u00fcberwachung seiner Nutzung und seines Betriebs. Der Horizon P5 wird mit zwei Batterietypen angeboten, die unterschiedliche Betriebszeiten erm\u00f6glichen:  <\/p><p><strong>Einzelner 8-Zellen-Akku<\/strong><\/p><ul><li>Ladezeit der Batterie: Bis zu 2,5 Stunden<\/li><li>Batterielebensdauer: Bis zu 3 Stunden<\/li><\/ul><p><strong>Doppelter 16-Zellen-Akku<\/strong><\/p><ul><li>Ladezeit der Batterie: Bis zu 4,5 Stunden<\/li><li>Batterielebensdauer: Bis zu 5,5 Stunden<\/li><\/ul><p>Schlie\u00dflich k\u00f6nnen zus\u00e4tzliche Batterien f\u00fcr noch mehr Autonomie erworben werden.<\/p>\t\t\t\t\t\t\t\t<\/div>\n\t\t\t\t<div class=\"elementor-element elementor-element-308759b elementor-widget elementor-widget-heading\" data-id=\"308759b\" data-element_type=\"widget\" data-e-type=\"widget\" data-widget_type=\"heading.default\">\n\t\t\t\t\t<h2 class=\"elementor-heading-title elementor-size-default\">Inhalt<\/h2>\t\t\t\t<\/div>\n\t\t\t\t<div class=\"elementor-element elementor-element-2e602e9 elementor-widget elementor-widget-text-editor\" data-id=\"2e602e9\" data-element_type=\"widget\" data-e-type=\"widget\" data-widget_type=\"text-editor.default\">\n\t\t\t\t\t\t\t\t\t<ul><li><p>Horizon P5 Konzentrator<\/p><\/li><li><p>Benutzerhandbuch<\/p><\/li><li><p>Batterie (wahlweise 8 oder 16 Zellen)<\/p><\/li><li>Nasenkan\u00fcle<\/li><li>Filter<\/li><li>Netzkabel<\/li><\/ul>\t\t\t\t\t\t\t\t<\/div>\n\t\t\t\t\t<\/div>\n\t\t<\/div>\n\t\t\t\t\t<\/div>\n\t\t<\/section>\n\t\t\t\t<\/div>\n\t\t","protected":false},"excerpt":{"rendered":"<p>Der tragbare Sauerstoffkonzentrator Scaleo Horizon P5 ist ein kompaktes und leichtes Ger\u00e4t mit einem Gewicht von 2,5 kg. Er kann mit Hilfe der mitgelieferten Tasche leicht transportiert werden. Er bietet eine pr\u00e4zise Dosierung und eine Betriebsdauer von bis zu 5,5 Stunden, je nach verwendeter Batterie. Entwickelt in Frankreich von Scaleo Medical.   <\/p>\n","protected":false},"featured_media":61582,"template":"","meta":{"_acf_changed":false},"product_brand":[2101],"product_cat":[1764,1771],"product_tag":[1796,1794,1797,1791,1785,1781,1777,1788],"class_list":{"0":"post-36001","1":"product","2":"type-product","3":"status-publish","4":"has-post-thumbnail","6":"product_brand-scaleo-medical-de","7":"product_cat-sauerstoffkonzentratoren","8":"product_cat-gerate-sauerstoffkonzentratoren","9":"product_tag-asthma-de","10":"product_tag-copd-de","11":"product_tag-atmungeinfach","12":"product_tag-gesundheitrespiratorisch","13":"product_tag-horizons5-de","14":"product_tag-sauerstoff-konzentrator","15":"product_tag-sauerstofftherapie","16":"product_tag-scaleomedical-de","18":"first","19":"instock","20":"sale","21":"taxable","22":"shipping-taxable","23":"purchasable","24":"product-type-variable","25":"has-default-attributes"},"acf":[],"yoast_head":"<!-- This site is optimized with the Yoast SEO Premium plugin v27.4 (Yoast SEO v27.4) - https:\/\/yoast.com\/product\/yoast-seo-premium-wordpress\/ -->\n<title>Scaleo Horizon P5 - Tragbarer kompakter Sauerstoffkonzentrator 2,5 kg | Swixed SA<\/title>\n<meta name=\"description\" content=\"Der tragbare Sauerstoffkonzentrator Horizon P5 von Scaleo Medical ist einer der leisesten Konzentratoren auf dem Markt.\" \/>\n<meta name=\"robots\" content=\"index, follow, max-snippet:-1, max-image-preview:large, max-video-preview:-1\" \/>\n<link rel=\"canonical\" href=\"https:\/\/swixed.ch\/de\/produkt\/sed92000\/\" \/>\n<meta property=\"og:locale\" content=\"de_DE\" \/>\n<meta property=\"og:type\" content=\"article\" \/>\n<meta property=\"og:title\" content=\"Scaleo Horizon P5 - Tragbarer kompakter Sauerstoffkonzentrator 2,5 kg\" \/>\n<meta property=\"og:description\" content=\"Der tragbare Sauerstoffkonzentrator Horizon P5 von Scaleo Medical ist einer der leisesten Konzentratoren auf dem Markt.\" \/>\n<meta property=\"og:url\" content=\"https:\/\/swixed.ch\/de\/produkt\/sed92000\/\" \/>\n<meta property=\"og:site_name\" content=\"Swixed SA\" \/>\n<meta property=\"article:publisher\" content=\"https:\/\/www.facebook.com\/swixed\" \/>\n<meta property=\"article:modified_time\" content=\"2026-03-25T22:17:14+00:00\" \/>\n<meta property=\"og:image\" content=\"https:\/\/swixed.ch\/wp-content\/uploads\/products\/scaleo-medical-horizon-p5-01a.png\" \/>\n\t<meta property=\"og:image:width\" content=\"600\" \/>\n\t<meta property=\"og:image:height\" content=\"600\" \/>\n\t<meta property=\"og:image:type\" content=\"image\/png\" \/>\n<meta name=\"twitter:card\" content=\"summary_large_image\" \/>\n<meta name=\"twitter:label1\" content=\"Gesch\u00e4tzte Lesezeit\" \/>\n\t<meta name=\"twitter:data1\" content=\"2\u00a0Minuten\" \/>\n<script type=\"application\/ld+json\" class=\"yoast-schema-graph\">{\"@context\":\"https:\\\/\\\/schema.org\",\"@graph\":[{\"@type\":\"WebPage\",\"@id\":\"https:\\\/\\\/swixed.ch\\\/de\\\/produkt\\\/sed92000\\\/\",\"url\":\"https:\\\/\\\/swixed.ch\\\/de\\\/produkt\\\/sed92000\\\/\",\"name\":\"Scaleo Horizon P5 - Tragbarer kompakter Sauerstoffkonzentrator 2,5 kg | Swixed SA\",\"isPartOf\":{\"@id\":\"https:\\\/\\\/swixed.ch\\\/de\\\/#website\"},\"primaryImageOfPage\":{\"@id\":\"https:\\\/\\\/swixed.ch\\\/de\\\/produkt\\\/sed92000\\\/#primaryimage\"},\"image\":{\"@id\":\"https:\\\/\\\/swixed.ch\\\/de\\\/produkt\\\/sed92000\\\/#primaryimage\"},\"thumbnailUrl\":\"https:\\\/\\\/swixed.ch\\\/wp-content\\\/uploads\\\/products\\\/scaleo-medical-horizon-p5-01a.png\",\"datePublished\":\"2023-06-27T11:39:38+00:00\",\"dateModified\":\"2026-03-25T22:17:14+00:00\",\"description\":\"Der tragbare Sauerstoffkonzentrator Horizon P5 von Scaleo Medical ist einer der leisesten Konzentratoren auf dem Markt.\",\"breadcrumb\":{\"@id\":\"https:\\\/\\\/swixed.ch\\\/de\\\/produkt\\\/sed92000\\\/#breadcrumb\"},\"inLanguage\":\"de\",\"potentialAction\":[{\"@type\":\"ReadAction\",\"target\":[\"https:\\\/\\\/swixed.ch\\\/de\\\/produkt\\\/sed92000\\\/\"]}]},{\"@type\":\"ImageObject\",\"inLanguage\":\"de\",\"@id\":\"https:\\\/\\\/swixed.ch\\\/de\\\/produkt\\\/sed92000\\\/#primaryimage\",\"url\":\"https:\\\/\\\/swixed.ch\\\/wp-content\\\/uploads\\\/products\\\/scaleo-medical-horizon-p5-01a.png\",\"contentUrl\":\"https:\\\/\\\/swixed.ch\\\/wp-content\\\/uploads\\\/products\\\/scaleo-medical-horizon-p5-01a.png\",\"width\":600,\"height\":600,\"caption\":\"Scaleo Horizon P5\"},{\"@type\":\"BreadcrumbList\",\"@id\":\"https:\\\/\\\/swixed.ch\\\/de\\\/produkt\\\/sed92000\\\/#breadcrumb\",\"itemListElement\":[{\"@type\":\"ListItem\",\"position\":1,\"name\":\"Startseite\",\"item\":\"https:\\\/\\\/swixed.ch\\\/de\\\/home\\\/\"},{\"@type\":\"ListItem\",\"position\":2,\"name\":\"Shop\",\"item\":\"https:\\\/\\\/swixed.ch\\\/de\\\/shop\\\/\"},{\"@type\":\"ListItem\",\"position\":3,\"name\":\"Scaleo Horizon P5 &#8211; Tragbarer kompakter Sauerstoffkonzentrator 2,5 kg\"}]},{\"@type\":\"WebSite\",\"@id\":\"https:\\\/\\\/swixed.ch\\\/de\\\/#website\",\"url\":\"https:\\\/\\\/swixed.ch\\\/de\\\/\",\"name\":\"Swixed SA\",\"description\":\"Elektronische Ger\u00e4te\",\"publisher\":{\"@id\":\"https:\\\/\\\/swixed.ch\\\/de\\\/#organization\"},\"potentialAction\":[{\"@type\":\"SearchAction\",\"target\":{\"@type\":\"EntryPoint\",\"urlTemplate\":\"https:\\\/\\\/swixed.ch\\\/de\\\/?s={search_term_string}\"},\"query-input\":{\"@type\":\"PropertyValueSpecification\",\"valueRequired\":true,\"valueName\":\"search_term_string\"}}],\"inLanguage\":\"de\"},{\"@type\":\"Organization\",\"@id\":\"https:\\\/\\\/swixed.ch\\\/de\\\/#organization\",\"name\":\"Swixed SA\",\"url\":\"https:\\\/\\\/swixed.ch\\\/de\\\/\",\"logo\":{\"@type\":\"ImageObject\",\"inLanguage\":\"de\",\"@id\":\"https:\\\/\\\/swixed.ch\\\/de\\\/#\\\/schema\\\/logo\\\/image\\\/\",\"url\":\"https:\\\/\\\/swixed.ch\\\/wp-content\\\/uploads\\\/logos\\\/swixed-logo-lite.png\",\"contentUrl\":\"https:\\\/\\\/swixed.ch\\\/wp-content\\\/uploads\\\/logos\\\/swixed-logo-lite.png\",\"width\":696,\"height\":696,\"caption\":\"Swixed SA\"},\"image\":{\"@id\":\"https:\\\/\\\/swixed.ch\\\/de\\\/#\\\/schema\\\/logo\\\/image\\\/\"},\"sameAs\":[\"https:\\\/\\\/www.facebook.com\\\/swixed\",\"https:\\\/\\\/www.linkedin.com\\\/company\\\/swixed\",\"https:\\\/\\\/www.youtube.com\\\/@swixedsa\"],\"description\":\"Swixed SA est une entreprise suisse bas\u00e9e \u00e0 Gen\u00e8ve, sp\u00e9cialis\u00e9e dans la vente, la location et la maintenance d\u2019appareils m\u00e9dicaux professionnels, tels que d\u00e9fibrillateurs AED, \u00e9lectrocardiographes, moniteurs patient et dispositifs de diagnostic.\",\"email\":\"infoshop@swixed.ch\",\"telephone\":\"+41 22 566 11 95\",\"legalName\":\"Swixed SA\",\"foundingDate\":\"2021-03-01\",\"numberOfEmployees\":{\"@type\":\"QuantitativeValue\",\"minValue\":\"1\",\"maxValue\":\"10\"}}]}<\/script>\n<!-- \/ Yoast SEO Premium plugin. -->","yoast_head_json":{"title":"Scaleo Horizon P5 - Tragbarer kompakter Sauerstoffkonzentrator 2,5 kg | Swixed SA","description":"Der tragbare Sauerstoffkonzentrator Horizon P5 von Scaleo Medical ist einer der leisesten Konzentratoren auf dem Markt.","robots":{"index":"index","follow":"follow","max-snippet":"max-snippet:-1","max-image-preview":"max-image-preview:large","max-video-preview":"max-video-preview:-1"},"canonical":"https:\/\/swixed.ch\/de\/produkt\/sed92000\/","og_locale":"de_DE","og_type":"article","og_title":"Scaleo Horizon P5 - Tragbarer kompakter Sauerstoffkonzentrator 2,5 kg","og_description":"Der tragbare Sauerstoffkonzentrator Horizon P5 von Scaleo Medical ist einer der leisesten Konzentratoren auf dem Markt.","og_url":"https:\/\/swixed.ch\/de\/produkt\/sed92000\/","og_site_name":"Swixed SA","article_publisher":"https:\/\/www.facebook.com\/swixed","article_modified_time":"2026-03-25T22:17:14+00:00","og_image":[{"width":600,"height":600,"url":"https:\/\/swixed.ch\/wp-content\/uploads\/products\/scaleo-medical-horizon-p5-01a.png","type":"image\/png"}],"twitter_card":"summary_large_image","twitter_misc":{"Gesch\u00e4tzte Lesezeit":"2\u00a0Minuten"},"schema":{"@context":"https:\/\/schema.org","@graph":[{"@type":"WebPage","@id":"https:\/\/swixed.ch\/de\/produkt\/sed92000\/","url":"https:\/\/swixed.ch\/de\/produkt\/sed92000\/","name":"Scaleo Horizon P5 - Tragbarer kompakter Sauerstoffkonzentrator 2,5 kg | Swixed SA","isPartOf":{"@id":"https:\/\/swixed.ch\/de\/#website"},"primaryImageOfPage":{"@id":"https:\/\/swixed.ch\/de\/produkt\/sed92000\/#primaryimage"},"image":{"@id":"https:\/\/swixed.ch\/de\/produkt\/sed92000\/#primaryimage"},"thumbnailUrl":"https:\/\/swixed.ch\/wp-content\/uploads\/products\/scaleo-medical-horizon-p5-01a.png","datePublished":"2023-06-27T11:39:38+00:00","dateModified":"2026-03-25T22:17:14+00:00","description":"Der tragbare Sauerstoffkonzentrator Horizon P5 von Scaleo Medical ist einer der leisesten Konzentratoren auf dem Markt.","breadcrumb":{"@id":"https:\/\/swixed.ch\/de\/produkt\/sed92000\/#breadcrumb"},"inLanguage":"de","potentialAction":[{"@type":"ReadAction","target":["https:\/\/swixed.ch\/de\/produkt\/sed92000\/"]}]},{"@type":"ImageObject","inLanguage":"de","@id":"https:\/\/swixed.ch\/de\/produkt\/sed92000\/#primaryimage","url":"https:\/\/swixed.ch\/wp-content\/uploads\/products\/scaleo-medical-horizon-p5-01a.png","contentUrl":"https:\/\/swixed.ch\/wp-content\/uploads\/products\/scaleo-medical-horizon-p5-01a.png","width":600,"height":600,"caption":"Scaleo Horizon P5"},{"@type":"BreadcrumbList","@id":"https:\/\/swixed.ch\/de\/produkt\/sed92000\/#breadcrumb","itemListElement":[{"@type":"ListItem","position":1,"name":"Startseite","item":"https:\/\/swixed.ch\/de\/home\/"},{"@type":"ListItem","position":2,"name":"Shop","item":"https:\/\/swixed.ch\/de\/shop\/"},{"@type":"ListItem","position":3,"name":"Scaleo Horizon P5 &#8211; Tragbarer kompakter Sauerstoffkonzentrator 2,5 kg"}]},{"@type":"WebSite","@id":"https:\/\/swixed.ch\/de\/#website","url":"https:\/\/swixed.ch\/de\/","name":"Swixed SA","description":"Elektronische Ger\u00e4te","publisher":{"@id":"https:\/\/swixed.ch\/de\/#organization"},"potentialAction":[{"@type":"SearchAction","target":{"@type":"EntryPoint","urlTemplate":"https:\/\/swixed.ch\/de\/?s={search_term_string}"},"query-input":{"@type":"PropertyValueSpecification","valueRequired":true,"valueName":"search_term_string"}}],"inLanguage":"de"},{"@type":"Organization","@id":"https:\/\/swixed.ch\/de\/#organization","name":"Swixed SA","url":"https:\/\/swixed.ch\/de\/","logo":{"@type":"ImageObject","inLanguage":"de","@id":"https:\/\/swixed.ch\/de\/#\/schema\/logo\/image\/","url":"https:\/\/swixed.ch\/wp-content\/uploads\/logos\/swixed-logo-lite.png","contentUrl":"https:\/\/swixed.ch\/wp-content\/uploads\/logos\/swixed-logo-lite.png","width":696,"height":696,"caption":"Swixed SA"},"image":{"@id":"https:\/\/swixed.ch\/de\/#\/schema\/logo\/image\/"},"sameAs":["https:\/\/www.facebook.com\/swixed","https:\/\/www.linkedin.com\/company\/swixed","https:\/\/www.youtube.com\/@swixedsa"],"description":"Swixed SA est une entreprise suisse bas\u00e9e \u00e0 Gen\u00e8ve, sp\u00e9cialis\u00e9e dans la vente, la location et la maintenance d\u2019appareils m\u00e9dicaux professionnels, tels que d\u00e9fibrillateurs AED, \u00e9lectrocardiographes, moniteurs patient et dispositifs de diagnostic.","email":"infoshop@swixed.ch","telephone":"+41 22 566 11 95","legalName":"Swixed SA","foundingDate":"2021-03-01","numberOfEmployees":{"@type":"QuantitativeValue","minValue":"1","maxValue":"10"}}]}},"_links":{"self":[{"href":"https:\/\/swixed.ch\/de\/wp-json\/wp\/v2\/product\/36001","targetHints":{"allow":["GET"]}}],"collection":[{"href":"https:\/\/swixed.ch\/de\/wp-json\/wp\/v2\/product"}],"about":[{"href":"https:\/\/swixed.ch\/de\/wp-json\/wp\/v2\/types\/product"}],"version-history":[{"count":0,"href":"https:\/\/swixed.ch\/de\/wp-json\/wp\/v2\/product\/36001\/revisions"}],"wp:featuredmedia":[{"embeddable":true,"href":"https:\/\/swixed.ch\/de\/wp-json\/wp\/v2\/media\/61582"}],"wp:attachment":[{"href":"https:\/\/swixed.ch\/de\/wp-json\/wp\/v2\/media?parent=36001"}],"wp:term":[{"taxonomy":"product_brand","embeddable":true,"href":"https:\/\/swixed.ch\/de\/wp-json\/wp\/v2\/product_brand?post=36001"},{"taxonomy":"product_cat","embeddable":true,"href":"https:\/\/swixed.ch\/de\/wp-json\/wp\/v2\/product_cat?post=36001"},{"taxonomy":"product_tag","embeddable":true,"href":"https:\/\/swixed.ch\/de\/wp-json\/wp\/v2\/product_tag?post=36001"}],"curies":[{"name":"wp","href":"https:\/\/api.w.org\/{rel}","templated":true}]}}