{"id":36006,"date":"2023-02-03T12:32:10","date_gmt":"2023-02-03T11:32:10","guid":{"rendered":"https:\/\/swixed.com\/produit\/video-kolposkop-edan-c6a-mit-arm-rollstativ\/"},"modified":"2026-04-20T20:41:51","modified_gmt":"2026-04-20T19:41:51","slug":"sed54001","status":"publish","type":"product","link":"https:\/\/swixed.ch\/de\/produkt\/sed54001\/","title":{"rendered":"Edan C6A Kolposkop mit Rollstativ und Gelenkarm"},"content":{"rendered":"\t\t<div data-elementor-type=\"product-post\" data-elementor-id=\"36006\" class=\"elementor elementor-36006 elementor-18295\" data-elementor-post-type=\"product\">\n\t\t\t\t\t\t<section class=\"elementor-section elementor-top-section elementor-element elementor-element-566dfe8 elementor-section-boxed elementor-section-height-default elementor-section-height-default\" data-id=\"566dfe8\" data-element_type=\"section\" data-e-type=\"section\">\n\t\t\t\t\t\t<div class=\"elementor-container elementor-column-gap-default\">\n\t\t\t\t\t<div class=\"elementor-column elementor-col-100 elementor-top-column elementor-element elementor-element-2c4618e\" data-id=\"2c4618e\" data-element_type=\"column\" data-e-type=\"column\">\n\t\t\t<div class=\"elementor-widget-wrap elementor-element-populated\">\n\t\t\t\t\t\t<div class=\"elementor-element elementor-element-57fea7d elementor-widget elementor-widget-heading\" data-id=\"57fea7d\" data-element_type=\"widget\" data-e-type=\"widget\" data-widget_type=\"heading.default\">\n\t\t\t\t\t<h2 class=\"elementor-heading-title elementor-size-default\">Beschreibung<\/h2>\t\t\t\t<\/div>\n\t\t\t\t<div class=\"elementor-element elementor-element-01d4a13 elementor-widget elementor-widget-text-editor\" data-id=\"01d4a13\" data-element_type=\"widget\" data-e-type=\"widget\" data-widget_type=\"text-editor.default\">\n\t\t\t\t\t\t\t\t\t<p>Das Video-Kolposkop Edan C6A wurde speziell entwickelt, um mit seiner hochaufl\u00f6senden Kamera und dem kalten LED-Beleuchtungssystem Bilder von au\u00dfergew\u00f6hnlicher Qualit\u00e4t zu liefern, die eine pr\u00e4zise und detaillierte gyn\u00e4kologische Untersuchung gew\u00e4hrleisten. Der integrierte elektronische Gr\u00fcnfilter erm\u00f6glicht eine bessere Darstellung der Blutgef\u00e4\u00dfe und erleichtert so die Diagnose. Das Ger\u00e4t ist ideal f\u00fcr die Untersuchung des Gewebes der Vagina, des Geb\u00e4rmutterhalses und der \u00e4u\u00dferen Genitalien.  <\/p><p>Dieses Modell ist mit einem robusten Rollstativ mit Gelenkarm ausgestattet, das f\u00fcr optimale Stabilit\u00e4t und Flexibilit\u00e4t bei der Positionierung sorgt, ohne dass komplizierte Einstellungen erforderlich sind. Es bietet eine bessere Man\u00f6vrierf\u00e4higkeit als die Version mit vertikalem Fu\u00df, mit einer reibungslosen Anpassung der Kamera f\u00fcr perfekte Aufnahmen, ohne dass die Basis bewegt werden muss. Dar\u00fcber hinaus ist es mit einem integrierten Tablett erh\u00e4ltlich, auf dem Sie einen Laptop abstellen k\u00f6nnen.  <\/p><p>Der mitgelieferte Fu\u00dfausl\u00f6ser erm\u00f6glicht die Aufnahme von Bildern, ohne die Kamera zu ber\u00fchren, und minimiert so das Risiko von St\u00f6rungen w\u00e4hrend der Untersuchungen. Das C6A Kolposkop ist kompakt, platzsparend und passt sich perfekt an die Bed\u00fcrfnisse von Arztpraxen an. <\/p>\t\t\t\t\t\t\t\t<\/div>\n\t\t\t\t<div class=\"elementor-element elementor-element-d5b54fc elementor-widget elementor-widget-heading\" data-id=\"d5b54fc\" data-element_type=\"widget\" data-e-type=\"widget\" data-widget_type=\"heading.default\">\n\t\t\t\t\t<h2 class=\"elementor-heading-title elementor-size-default\">Die R-way Bewertungssoftware<\/h2>\t\t\t\t<\/div>\n\t\t\t\t<div class=\"elementor-element elementor-element-e0a279c elementor-widget elementor-widget-text-editor\" data-id=\"e0a279c\" data-element_type=\"widget\" data-e-type=\"widget\" data-widget_type=\"text-editor.default\">\n\t\t\t\t\t\t\t\t\t<p>Das Kolposkop Edan C6A kann einfach \u00fcber ein USB-Kabel an einen Computer angeschlossen werden. Es wird mit der Software R-way geliefert, mit der Sie die Patientendaten speichern, vollst\u00e4ndige Berichte erstellen, die Ergebnisse im PDF-Format speichern und die Bilder im JPEG-Format abspeichern k\u00f6nnen. Die Software bietet auch die M\u00f6glichkeit, die Bilder in Echtzeit zu betrachten, was die Analyse und Nachsorge der Patientinnen erleichtert.  <\/p>\t\t\t\t\t\t\t\t<\/div>\n\t\t\t\t<div class=\"elementor-element elementor-element-2a23b12 elementor-widget elementor-widget-heading\" data-id=\"2a23b12\" data-element_type=\"widget\" data-e-type=\"widget\" data-widget_type=\"heading.default\">\n\t\t\t\t\t<h2 class=\"elementor-heading-title elementor-size-default\">Besonderheiten<\/h2>\t\t\t\t<\/div>\n\t\t\t\t<div class=\"elementor-element elementor-element-8e7af8c elementor-widget elementor-widget-text-editor\" data-id=\"8e7af8c\" data-element_type=\"widget\" data-e-type=\"widget\" data-widget_type=\"text-editor.default\">\n\t\t\t\t\t\t\t\t\t<ul><li><strong>Vergr\u00f6\u00dferung<\/strong>: bis zu 50x<\/li><li><strong>Arbeitsabstand<\/strong>: 20 bis 30 cm<\/li><li><strong>Fokussierung<\/strong>: automatisch und manuell<\/li><li><strong>Wei\u00dfabgleich<\/strong>: automatisch und manuell<\/li><li><strong>Wei\u00dfes Licht<\/strong>: 3 einstellbare Stufen<\/li><li><strong>Elektronischer Gr\u00fcnfilter<\/strong>: 3 einstellbare Stufen<\/li><li><strong>Echtzeitanzeige der Vergr\u00f6\u00dferung<\/strong><\/li><\/ul>\t\t\t\t\t\t\t\t<\/div>\n\t\t\t\t<div class=\"elementor-element elementor-element-416f967 elementor-widget elementor-widget-heading\" data-id=\"416f967\" data-element_type=\"widget\" data-e-type=\"widget\" data-widget_type=\"heading.default\">\n\t\t\t\t\t<h2 class=\"elementor-heading-title elementor-size-default\">Inhalt<\/h2>\t\t\t\t<\/div>\n\t\t\t\t<div class=\"elementor-element elementor-element-1f13cf8 elementor-widget elementor-widget-text-editor\" data-id=\"1f13cf8\" data-element_type=\"widget\" data-e-type=\"widget\" data-widget_type=\"text-editor.default\">\n\t\t\t\t\t\t\t\t\t<ul><li>Kamera Edan C6A<\/li><li>Rollstativ mit verstellbarem Gelenkarm<\/li><li>Bildausl\u00f6ser mit Fu\u00df<\/li><li>Staubabdeckung f\u00fcr das Objektiv<\/li><li>R-way Auswertungssoftware f\u00fcr PC<\/li><li>Benutzerhandbuch.<\/li><\/ul>\t\t\t\t\t\t\t\t<\/div>\n\t\t\t\t\t<\/div>\n\t\t<\/div>\n\t\t\t\t\t<\/div>\n\t\t<\/section>\n\t\t\t\t<\/div>\n\t\t","protected":false},"excerpt":{"rendered":"<p>Das Edan C6A Video-Kolposkop mit Rollstativ und Gelenkarm wurde entwickelt, um hochaufl\u00f6sende Bilder und pr\u00e4zise gyn\u00e4kologische Untersuchungen zu liefern. Die kalte LED-Beleuchtung und der elektronische Gr\u00fcnfilter erm\u00f6glichen eine klare Darstellung von Blutgef\u00e4\u00dfen und Gewebe. Dieses Modell ist ideal f\u00fcr den Einsatz in der Praxis und verf\u00fcgt \u00fcber einen Gelenkarm f\u00fcr eine reibungslose und stabile Positionierung.  <\/p>\n","protected":false},"featured_media":30947,"template":"","meta":{"_acf_changed":false},"product_brand":[2085],"product_cat":[1761,1768],"product_tag":[],"class_list":{"0":"post-36006","1":"product","2":"type-product","3":"status-publish","4":"has-post-thumbnail","6":"product_brand-edan-de","7":"product_cat-kolposkope","8":"product_cat-gerate-kolposkope","10":"first","11":"instock","12":"sale","13":"taxable","14":"shipping-taxable","15":"purchasable","16":"product-type-simple"},"acf":[],"yoast_head":"<!-- This site is optimized with the Yoast SEO Premium plugin v27.4 (Yoast SEO v27.4) - https:\/\/yoast.com\/product\/yoast-seo-premium-wordpress\/ -->\n<title>Edan C6A Kolposkop mit Rollstativ und Gelenkarm | Swixed SA<\/title>\n<meta name=\"description\" content=\"Video-Kolposkop Edan C6A mit Rollstativ und Gelenkarm. Hohe Pr\u00e4zision, LED-Beleuchtung und Gr\u00fcnfilter f\u00fcr optimale Bilder in der Kolposkopie.\" \/>\n<meta name=\"robots\" content=\"index, follow, max-snippet:-1, max-image-preview:large, max-video-preview:-1\" \/>\n<link rel=\"canonical\" href=\"https:\/\/swixed.ch\/de\/produkt\/sed54001\/\" \/>\n<meta property=\"og:locale\" content=\"de_DE\" \/>\n<meta property=\"og:type\" content=\"article\" \/>\n<meta property=\"og:title\" content=\"Edan C6A Kolposkop mit Rollstativ und Gelenkarm\" \/>\n<meta property=\"og:description\" content=\"Video-Kolposkop Edan C6A mit Rollstativ und Gelenkarm. Hohe Pr\u00e4zision, LED-Beleuchtung und Gr\u00fcnfilter f\u00fcr optimale Bilder in der Kolposkopie.\" \/>\n<meta property=\"og:url\" content=\"https:\/\/swixed.ch\/de\/produkt\/sed54001\/\" \/>\n<meta property=\"og:site_name\" content=\"Swixed SA\" \/>\n<meta property=\"article:publisher\" content=\"https:\/\/www.facebook.com\/swixed\" \/>\n<meta property=\"article:modified_time\" content=\"2026-04-20T19:41:51+00:00\" \/>\n<meta property=\"og:image\" content=\"https:\/\/swixed.ch\/wp-content\/uploads\/products\/edan-support-bras-pivotant-c6a-01.png\" \/>\n\t<meta property=\"og:image:width\" content=\"600\" \/>\n\t<meta property=\"og:image:height\" content=\"600\" \/>\n\t<meta property=\"og:image:type\" content=\"image\/png\" \/>\n<meta name=\"twitter:card\" content=\"summary_large_image\" \/>\n<meta name=\"twitter:label1\" content=\"Gesch\u00e4tzte Lesezeit\" \/>\n\t<meta name=\"twitter:data1\" content=\"2\u00a0Minuten\" \/>\n<script type=\"application\/ld+json\" class=\"yoast-schema-graph\">{\"@context\":\"https:\\\/\\\/schema.org\",\"@graph\":[{\"@type\":\"WebPage\",\"@id\":\"https:\\\/\\\/swixed.ch\\\/de\\\/produkt\\\/sed54001\\\/\",\"url\":\"https:\\\/\\\/swixed.ch\\\/de\\\/produkt\\\/sed54001\\\/\",\"name\":\"Edan C6A Kolposkop mit Rollstativ und Gelenkarm | Swixed SA\",\"isPartOf\":{\"@id\":\"https:\\\/\\\/swixed.ch\\\/de\\\/#website\"},\"primaryImageOfPage\":{\"@id\":\"https:\\\/\\\/swixed.ch\\\/de\\\/produkt\\\/sed54001\\\/#primaryimage\"},\"image\":{\"@id\":\"https:\\\/\\\/swixed.ch\\\/de\\\/produkt\\\/sed54001\\\/#primaryimage\"},\"thumbnailUrl\":\"https:\\\/\\\/swixed.ch\\\/wp-content\\\/uploads\\\/products\\\/edan-support-bras-pivotant-c6a-01.png\",\"datePublished\":\"2023-02-03T11:32:10+00:00\",\"dateModified\":\"2026-04-20T19:41:51+00:00\",\"description\":\"Video-Kolposkop Edan C6A mit Rollstativ und Gelenkarm. Hohe Pr\u00e4zision, LED-Beleuchtung und Gr\u00fcnfilter f\u00fcr optimale Bilder in der Kolposkopie.\",\"breadcrumb\":{\"@id\":\"https:\\\/\\\/swixed.ch\\\/de\\\/produkt\\\/sed54001\\\/#breadcrumb\"},\"inLanguage\":\"de\",\"potentialAction\":[{\"@type\":\"ReadAction\",\"target\":[\"https:\\\/\\\/swixed.ch\\\/de\\\/produkt\\\/sed54001\\\/\"]}]},{\"@type\":\"ImageObject\",\"inLanguage\":\"de\",\"@id\":\"https:\\\/\\\/swixed.ch\\\/de\\\/produkt\\\/sed54001\\\/#primaryimage\",\"url\":\"https:\\\/\\\/swixed.ch\\\/wp-content\\\/uploads\\\/products\\\/edan-support-bras-pivotant-c6a-01.png\",\"contentUrl\":\"https:\\\/\\\/swixed.ch\\\/wp-content\\\/uploads\\\/products\\\/edan-support-bras-pivotant-c6a-01.png\",\"width\":600,\"height\":600,\"caption\":\"Video-Kolposkop Edan C6A mit Arm-Rollstativ\"},{\"@type\":\"BreadcrumbList\",\"@id\":\"https:\\\/\\\/swixed.ch\\\/de\\\/produkt\\\/sed54001\\\/#breadcrumb\",\"itemListElement\":[{\"@type\":\"ListItem\",\"position\":1,\"name\":\"Startseite\",\"item\":\"https:\\\/\\\/swixed.ch\\\/de\\\/home\\\/\"},{\"@type\":\"ListItem\",\"position\":2,\"name\":\"Shop\",\"item\":\"https:\\\/\\\/swixed.ch\\\/de\\\/shop\\\/\"},{\"@type\":\"ListItem\",\"position\":3,\"name\":\"Edan C6A Kolposkop mit Rollstativ und Gelenkarm\"}]},{\"@type\":\"WebSite\",\"@id\":\"https:\\\/\\\/swixed.ch\\\/de\\\/#website\",\"url\":\"https:\\\/\\\/swixed.ch\\\/de\\\/\",\"name\":\"Swixed SA\",\"description\":\"Elektronische Ger\u00e4te\",\"publisher\":{\"@id\":\"https:\\\/\\\/swixed.ch\\\/de\\\/#organization\"},\"potentialAction\":[{\"@type\":\"SearchAction\",\"target\":{\"@type\":\"EntryPoint\",\"urlTemplate\":\"https:\\\/\\\/swixed.ch\\\/de\\\/?s={search_term_string}\"},\"query-input\":{\"@type\":\"PropertyValueSpecification\",\"valueRequired\":true,\"valueName\":\"search_term_string\"}}],\"inLanguage\":\"de\"},{\"@type\":\"Organization\",\"@id\":\"https:\\\/\\\/swixed.ch\\\/de\\\/#organization\",\"name\":\"Swixed SA\",\"url\":\"https:\\\/\\\/swixed.ch\\\/de\\\/\",\"logo\":{\"@type\":\"ImageObject\",\"inLanguage\":\"de\",\"@id\":\"https:\\\/\\\/swixed.ch\\\/de\\\/#\\\/schema\\\/logo\\\/image\\\/\",\"url\":\"https:\\\/\\\/swixed.ch\\\/wp-content\\\/uploads\\\/logos\\\/swixed-logo-lite.png\",\"contentUrl\":\"https:\\\/\\\/swixed.ch\\\/wp-content\\\/uploads\\\/logos\\\/swixed-logo-lite.png\",\"width\":696,\"height\":696,\"caption\":\"Swixed SA\"},\"image\":{\"@id\":\"https:\\\/\\\/swixed.ch\\\/de\\\/#\\\/schema\\\/logo\\\/image\\\/\"},\"sameAs\":[\"https:\\\/\\\/www.facebook.com\\\/swixed\",\"https:\\\/\\\/www.linkedin.com\\\/company\\\/swixed\",\"https:\\\/\\\/www.youtube.com\\\/@swixedsa\"],\"description\":\"Swixed SA est une entreprise suisse bas\u00e9e \u00e0 Gen\u00e8ve, sp\u00e9cialis\u00e9e dans la vente, la location et la maintenance d\u2019appareils m\u00e9dicaux professionnels, tels que d\u00e9fibrillateurs AED, \u00e9lectrocardiographes, moniteurs patient et dispositifs de diagnostic.\",\"email\":\"infoshop@swixed.ch\",\"telephone\":\"+41 22 566 11 95\",\"legalName\":\"Swixed SA\",\"foundingDate\":\"2021-03-01\",\"numberOfEmployees\":{\"@type\":\"QuantitativeValue\",\"minValue\":\"1\",\"maxValue\":\"10\"}}]}<\/script>\n<!-- \/ Yoast SEO Premium plugin. -->","yoast_head_json":{"title":"Edan C6A Kolposkop mit Rollstativ und Gelenkarm | Swixed SA","description":"Video-Kolposkop Edan C6A mit Rollstativ und Gelenkarm. Hohe Pr\u00e4zision, LED-Beleuchtung und Gr\u00fcnfilter f\u00fcr optimale Bilder in der Kolposkopie.","robots":{"index":"index","follow":"follow","max-snippet":"max-snippet:-1","max-image-preview":"max-image-preview:large","max-video-preview":"max-video-preview:-1"},"canonical":"https:\/\/swixed.ch\/de\/produkt\/sed54001\/","og_locale":"de_DE","og_type":"article","og_title":"Edan C6A Kolposkop mit Rollstativ und Gelenkarm","og_description":"Video-Kolposkop Edan C6A mit Rollstativ und Gelenkarm. Hohe Pr\u00e4zision, LED-Beleuchtung und Gr\u00fcnfilter f\u00fcr optimale Bilder in der Kolposkopie.","og_url":"https:\/\/swixed.ch\/de\/produkt\/sed54001\/","og_site_name":"Swixed SA","article_publisher":"https:\/\/www.facebook.com\/swixed","article_modified_time":"2026-04-20T19:41:51+00:00","og_image":[{"width":600,"height":600,"url":"https:\/\/swixed.ch\/wp-content\/uploads\/products\/edan-support-bras-pivotant-c6a-01.png","type":"image\/png"}],"twitter_card":"summary_large_image","twitter_misc":{"Gesch\u00e4tzte Lesezeit":"2\u00a0Minuten"},"schema":{"@context":"https:\/\/schema.org","@graph":[{"@type":"WebPage","@id":"https:\/\/swixed.ch\/de\/produkt\/sed54001\/","url":"https:\/\/swixed.ch\/de\/produkt\/sed54001\/","name":"Edan C6A Kolposkop mit Rollstativ und Gelenkarm | Swixed SA","isPartOf":{"@id":"https:\/\/swixed.ch\/de\/#website"},"primaryImageOfPage":{"@id":"https:\/\/swixed.ch\/de\/produkt\/sed54001\/#primaryimage"},"image":{"@id":"https:\/\/swixed.ch\/de\/produkt\/sed54001\/#primaryimage"},"thumbnailUrl":"https:\/\/swixed.ch\/wp-content\/uploads\/products\/edan-support-bras-pivotant-c6a-01.png","datePublished":"2023-02-03T11:32:10+00:00","dateModified":"2026-04-20T19:41:51+00:00","description":"Video-Kolposkop Edan C6A mit Rollstativ und Gelenkarm. Hohe Pr\u00e4zision, LED-Beleuchtung und Gr\u00fcnfilter f\u00fcr optimale Bilder in der Kolposkopie.","breadcrumb":{"@id":"https:\/\/swixed.ch\/de\/produkt\/sed54001\/#breadcrumb"},"inLanguage":"de","potentialAction":[{"@type":"ReadAction","target":["https:\/\/swixed.ch\/de\/produkt\/sed54001\/"]}]},{"@type":"ImageObject","inLanguage":"de","@id":"https:\/\/swixed.ch\/de\/produkt\/sed54001\/#primaryimage","url":"https:\/\/swixed.ch\/wp-content\/uploads\/products\/edan-support-bras-pivotant-c6a-01.png","contentUrl":"https:\/\/swixed.ch\/wp-content\/uploads\/products\/edan-support-bras-pivotant-c6a-01.png","width":600,"height":600,"caption":"Video-Kolposkop Edan C6A mit Arm-Rollstativ"},{"@type":"BreadcrumbList","@id":"https:\/\/swixed.ch\/de\/produkt\/sed54001\/#breadcrumb","itemListElement":[{"@type":"ListItem","position":1,"name":"Startseite","item":"https:\/\/swixed.ch\/de\/home\/"},{"@type":"ListItem","position":2,"name":"Shop","item":"https:\/\/swixed.ch\/de\/shop\/"},{"@type":"ListItem","position":3,"name":"Edan C6A Kolposkop mit Rollstativ und Gelenkarm"}]},{"@type":"WebSite","@id":"https:\/\/swixed.ch\/de\/#website","url":"https:\/\/swixed.ch\/de\/","name":"Swixed SA","description":"Elektronische Ger\u00e4te","publisher":{"@id":"https:\/\/swixed.ch\/de\/#organization"},"potentialAction":[{"@type":"SearchAction","target":{"@type":"EntryPoint","urlTemplate":"https:\/\/swixed.ch\/de\/?s={search_term_string}"},"query-input":{"@type":"PropertyValueSpecification","valueRequired":true,"valueName":"search_term_string"}}],"inLanguage":"de"},{"@type":"Organization","@id":"https:\/\/swixed.ch\/de\/#organization","name":"Swixed SA","url":"https:\/\/swixed.ch\/de\/","logo":{"@type":"ImageObject","inLanguage":"de","@id":"https:\/\/swixed.ch\/de\/#\/schema\/logo\/image\/","url":"https:\/\/swixed.ch\/wp-content\/uploads\/logos\/swixed-logo-lite.png","contentUrl":"https:\/\/swixed.ch\/wp-content\/uploads\/logos\/swixed-logo-lite.png","width":696,"height":696,"caption":"Swixed SA"},"image":{"@id":"https:\/\/swixed.ch\/de\/#\/schema\/logo\/image\/"},"sameAs":["https:\/\/www.facebook.com\/swixed","https:\/\/www.linkedin.com\/company\/swixed","https:\/\/www.youtube.com\/@swixedsa"],"description":"Swixed SA est une entreprise suisse bas\u00e9e \u00e0 Gen\u00e8ve, sp\u00e9cialis\u00e9e dans la vente, la location et la maintenance d\u2019appareils m\u00e9dicaux professionnels, tels que d\u00e9fibrillateurs AED, \u00e9lectrocardiographes, moniteurs patient et dispositifs de diagnostic.","email":"infoshop@swixed.ch","telephone":"+41 22 566 11 95","legalName":"Swixed SA","foundingDate":"2021-03-01","numberOfEmployees":{"@type":"QuantitativeValue","minValue":"1","maxValue":"10"}}]}},"_links":{"self":[{"href":"https:\/\/swixed.ch\/de\/wp-json\/wp\/v2\/product\/36006","targetHints":{"allow":["GET"]}}],"collection":[{"href":"https:\/\/swixed.ch\/de\/wp-json\/wp\/v2\/product"}],"about":[{"href":"https:\/\/swixed.ch\/de\/wp-json\/wp\/v2\/types\/product"}],"version-history":[{"count":1,"href":"https:\/\/swixed.ch\/de\/wp-json\/wp\/v2\/product\/36006\/revisions"}],"predecessor-version":[{"id":63002,"href":"https:\/\/swixed.ch\/de\/wp-json\/wp\/v2\/product\/36006\/revisions\/63002"}],"wp:featuredmedia":[{"embeddable":true,"href":"https:\/\/swixed.ch\/de\/wp-json\/wp\/v2\/media\/30947"}],"wp:attachment":[{"href":"https:\/\/swixed.ch\/de\/wp-json\/wp\/v2\/media?parent=36006"}],"wp:term":[{"taxonomy":"product_brand","embeddable":true,"href":"https:\/\/swixed.ch\/de\/wp-json\/wp\/v2\/product_brand?post=36006"},{"taxonomy":"product_cat","embeddable":true,"href":"https:\/\/swixed.ch\/de\/wp-json\/wp\/v2\/product_cat?post=36006"},{"taxonomy":"product_tag","embeddable":true,"href":"https:\/\/swixed.ch\/de\/wp-json\/wp\/v2\/product_tag?post=36006"}],"curies":[{"name":"wp","href":"https:\/\/api.w.org\/{rel}","templated":true}]}}