{"id":36028,"date":"2023-06-27T11:11:17","date_gmt":"2023-06-27T09:11:17","guid":{"rendered":"https:\/\/swixed.com\/produit\/sauerstoffkonzentrator-scaleo-horizon-s5\/"},"modified":"2026-03-17T07:29:07","modified_gmt":"2026-03-17T06:29:07","slug":"sed92001","status":"publish","type":"product","link":"https:\/\/swixed.ch\/de\/produkt\/sed92001\/","title":{"rendered":"Scaleo Horizon S5 &#8211; Station\u00e4rer Sauerstoffkonzentrator 5 L\/min"},"content":{"rendered":"\t\t<div data-elementor-type=\"product-post\" data-elementor-id=\"36028\" class=\"elementor elementor-36028 elementor-20489\" data-elementor-post-type=\"product\">\n\t\t\t\t\t\t<section class=\"elementor-section elementor-top-section elementor-element elementor-element-566dfe8 elementor-section-boxed elementor-section-height-default elementor-section-height-default\" data-id=\"566dfe8\" data-element_type=\"section\" data-e-type=\"section\">\n\t\t\t\t\t\t<div class=\"elementor-container elementor-column-gap-default\">\n\t\t\t\t\t<div class=\"elementor-column elementor-col-100 elementor-top-column elementor-element elementor-element-2c4618e\" data-id=\"2c4618e\" data-element_type=\"column\" data-e-type=\"column\">\n\t\t\t<div class=\"elementor-widget-wrap elementor-element-populated\">\n\t\t\t\t\t\t<div class=\"elementor-element elementor-element-57fea7d elementor-widget elementor-widget-heading\" data-id=\"57fea7d\" data-element_type=\"widget\" data-e-type=\"widget\" data-widget_type=\"heading.default\">\n\t\t\t\t\t<h2 class=\"elementor-heading-title elementor-size-default\">Beschreibung<\/h2>\t\t\t\t<\/div>\n\t\t\t\t<div class=\"elementor-element elementor-element-e0a279c elementor-widget elementor-widget-text-editor\" data-id=\"e0a279c\" data-element_type=\"widget\" data-e-type=\"widget\" data-widget_type=\"text-editor.default\">\n\t\t\t\t\t\t\t\t\t<p>Der von Scaleo Medical entwickelte Sauerstoffkonzentrator Horizon S5 zeichnet sich durch sein kompaktes Design und seinen extrem leisen Betrieb (45 dB) unabh\u00e4ngig von der Sauerstoffmenge aus. Er kann bis zu 5 Liter Sauerstoff pro Minute mit einer Reinheit von 93% (\u00b1 3%) liefern und ist eine optimale Wahl f\u00fcr Patienten, die eine Sauerstofftherapie zu Hause ben\u00f6tigen. <\/p>\t\t\t\t\t\t\t\t<\/div>\n\t\t\t\t<div class=\"elementor-element elementor-element-35216ac elementor-widget elementor-widget-heading\" data-id=\"35216ac\" data-element_type=\"widget\" data-e-type=\"widget\" data-widget_type=\"heading.default\">\n\t\t\t\t\t<h2 class=\"elementor-heading-title elementor-size-default\">Hauptmerkmale<\/h2>\t\t\t\t<\/div>\n\t\t\t\t<div class=\"elementor-element elementor-element-dd18746 elementor-widget elementor-widget-text-editor\" data-id=\"dd18746\" data-element_type=\"widget\" data-e-type=\"widget\" data-widget_type=\"text-editor.default\">\n\t\t\t\t\t\t\t\t\t<ul><li><strong>Leise und leicht:<\/strong> Mit nur 45 dB Ger\u00e4uschentwicklung und einem Gewicht von 15 kg ist er leichter als die meisten 5L-Konzentratoren, die zwischen 20 und 25 kg wiegen. Dank seiner Schwenkr\u00e4der ist er leicht zu bewegen. <\/li><li><strong>Kontinuierliche Zuverl\u00e4ssigkeit:<\/strong> F\u00fcr den 24\/7-Betrieb konzipiert, bietet er eine zuverl\u00e4ssige Leistung durch die Bereitstellung einer konstanten Sauerstoffversorgung.<\/li><li><strong>Intuitive Bedienung:<\/strong> Der Konzentrator ist einfach zu bedienen, mit leicht zug\u00e4nglichen Einstellungen, die eine pr\u00e4zise Kontrolle des Sauerstoffflusses gew\u00e4hrleisten.<\/li><li><strong>Erh\u00f6hte Sicherheit:<\/strong> Ausgestattet mit einer Aluminiumd\u00fcse und einem Schutzschalter zum Schutz vor elektrischen Fehlfunktionen, um die Sicherheit der Patienten zu gew\u00e4hrleisten.<\/li><\/ul><p>Dieser Konzentrator kombiniert Einfachheit, Zuverl\u00e4ssigkeit und Anpassungsf\u00e4higkeit, was ihn ideal f\u00fcr die Pflege zu Hause oder in Gesundheitseinrichtungen macht.<\/p>\t\t\t\t\t\t\t\t<\/div>\n\t\t\t\t<div class=\"elementor-element elementor-element-6e0178f elementor-widget elementor-widget-heading\" data-id=\"6e0178f\" data-element_type=\"widget\" data-e-type=\"widget\" data-widget_type=\"heading.default\">\n\t\t\t\t\t<h2 class=\"elementor-heading-title elementor-size-default\">Inhalt<\/h2>\t\t\t\t<\/div>\n\t\t\t\t<div class=\"elementor-element elementor-element-d8fd9a6 elementor-widget elementor-widget-text-editor\" data-id=\"d8fd9a6\" data-element_type=\"widget\" data-e-type=\"widget\" data-widget_type=\"text-editor.default\">\n\t\t\t\t\t\t\t\t\t<ul><li>Horizon S5 Konzentrator<\/li><li>Benutzerhandbuch<\/li><li>Luftbefeuchter<\/li><li>Verbindungsrohr f\u00fcr Luftbefeuchter<\/li><li>Nasenkan\u00fcle<\/li><li>Filter<\/li><\/ul>\t\t\t\t\t\t\t\t<\/div>\n\t\t\t\t\t<\/div>\n\t\t<\/div>\n\t\t\t\t\t<\/div>\n\t\t<\/section>\n\t\t\t\t<\/div>\n\t\t","protected":false},"excerpt":{"rendered":"<p>Der ger\u00e4uscharme (45 dB) Scaleo Medical Horizon S5 Sauerstoffkonzentrator liefert bis zu 5 L Sauerstoff pro Minute. Er ist kompakt, leicht und zuverl\u00e4ssig und eignet sich perfekt f\u00fcr den Gebrauch zu Hause. <\/p>\n","protected":false},"featured_media":31347,"template":"","meta":{"_acf_changed":false},"product_brand":[2101],"product_cat":[1764,1771],"product_tag":[2957,2954,2947,2945,2949,2955,2951,2956,2953,2943,2950,2944,2946,2948,2952],"class_list":{"0":"post-36028","1":"product","2":"type-product","3":"status-publish","4":"has-post-thumbnail","6":"product_brand-scaleo-medical-de","7":"product_cat-sauerstoffkonzentratoren","8":"product_cat-gerate-sauerstoffkonzentratoren","9":"product_tag-gerauscharmer-sauerstoffapparat","10":"product_tag-kompakter-sauerstoffkonzentrator","11":"product_tag-leichtes-sauerstoffgerat","12":"product_tag-leiser-konzentrator-5l","13":"product_tag-medizinischer-sauerstoff-zu-hause","14":"product_tag-medizinischer-sauerstoffreiniger","15":"product_tag-pflege-der-atemwege","16":"product_tag-sauerstoff-fur-zu-hause","17":"product_tag-sauerstoffkonzentrator-5l","18":"product_tag-sauerstoffkonzentrator-fur-den-hausgebrauch","19":"product_tag-sauerstoffmaschine-5l","20":"product_tag-sauerstofftherapie-zu-hause","21":"product_tag-scaleo-medical-horizon-s5-de","22":"product_tag-tragbarer-konzentrator","23":"product_tag-zuverlassiger-konzentrator-24-7","25":"first","26":"instock","27":"sale","28":"taxable","29":"shipping-taxable","30":"purchasable","31":"product-type-simple"},"acf":[],"yoast_head":"<!-- This site is optimized with the Yoast SEO Premium plugin v27.4 (Yoast SEO v27.4) - https:\/\/yoast.com\/product\/yoast-seo-premium-wordpress\/ -->\n<title>Scaleo Horizon S5 - Station\u00e4rer Sauerstoffkonzentrator 5 L\/min | Swixed SA<\/title>\n<meta name=\"description\" content=\"Der Sauerstoffkonzentrator Scaleo Horizon S5 liefert bis zu 5L\/min reinen Sauerstoff. Er ist kompakt, leise und ideal f\u00fcr die Sauerstofftherapie zu Hause.\" \/>\n<meta name=\"robots\" content=\"index, follow, max-snippet:-1, max-image-preview:large, max-video-preview:-1\" \/>\n<link rel=\"canonical\" href=\"https:\/\/swixed.ch\/de\/produkt\/sed92001\/\" \/>\n<meta property=\"og:locale\" content=\"de_DE\" \/>\n<meta property=\"og:type\" content=\"article\" \/>\n<meta property=\"og:title\" content=\"Scaleo Horizon S5 - Station\u00e4rer Sauerstoffkonzentrator 5 L\/min\" \/>\n<meta property=\"og:description\" content=\"Der Sauerstoffkonzentrator Scaleo Horizon S5 liefert bis zu 5L\/min reinen Sauerstoff. Er ist kompakt, leise und ideal f\u00fcr die Sauerstofftherapie zu Hause.\" \/>\n<meta property=\"og:url\" content=\"https:\/\/swixed.ch\/de\/produkt\/sed92001\/\" \/>\n<meta property=\"og:site_name\" content=\"Swixed SA\" \/>\n<meta property=\"article:publisher\" content=\"https:\/\/www.facebook.com\/swixed\" \/>\n<meta property=\"article:modified_time\" content=\"2026-03-17T06:29:07+00:00\" \/>\n<meta property=\"og:image\" content=\"https:\/\/swixed.ch\/wp-content\/uploads\/products\/scaleo-medical-horizon-s5-01a.png\" \/>\n\t<meta property=\"og:image:width\" content=\"600\" \/>\n\t<meta property=\"og:image:height\" content=\"600\" \/>\n\t<meta property=\"og:image:type\" content=\"image\/png\" \/>\n<meta name=\"twitter:card\" content=\"summary_large_image\" \/>\n<meta name=\"twitter:label1\" content=\"Gesch\u00e4tzte Lesezeit\" \/>\n\t<meta name=\"twitter:data1\" content=\"1\u00a0Minute\" \/>\n<script type=\"application\/ld+json\" class=\"yoast-schema-graph\">{\"@context\":\"https:\\\/\\\/schema.org\",\"@graph\":[{\"@type\":\"WebPage\",\"@id\":\"https:\\\/\\\/swixed.ch\\\/de\\\/produkt\\\/sed92001\\\/\",\"url\":\"https:\\\/\\\/swixed.ch\\\/de\\\/produkt\\\/sed92001\\\/\",\"name\":\"Scaleo Horizon S5 - Station\u00e4rer Sauerstoffkonzentrator 5 L\\\/min | Swixed SA\",\"isPartOf\":{\"@id\":\"https:\\\/\\\/swixed.ch\\\/de\\\/#website\"},\"primaryImageOfPage\":{\"@id\":\"https:\\\/\\\/swixed.ch\\\/de\\\/produkt\\\/sed92001\\\/#primaryimage\"},\"image\":{\"@id\":\"https:\\\/\\\/swixed.ch\\\/de\\\/produkt\\\/sed92001\\\/#primaryimage\"},\"thumbnailUrl\":\"https:\\\/\\\/swixed.ch\\\/wp-content\\\/uploads\\\/products\\\/scaleo-medical-horizon-s5-01a.png\",\"datePublished\":\"2023-06-27T09:11:17+00:00\",\"dateModified\":\"2026-03-17T06:29:07+00:00\",\"description\":\"Der Sauerstoffkonzentrator Scaleo Horizon S5 liefert bis zu 5L\\\/min reinen Sauerstoff. Er ist kompakt, leise und ideal f\u00fcr die Sauerstofftherapie zu Hause.\",\"breadcrumb\":{\"@id\":\"https:\\\/\\\/swixed.ch\\\/de\\\/produkt\\\/sed92001\\\/#breadcrumb\"},\"inLanguage\":\"de\",\"potentialAction\":[{\"@type\":\"ReadAction\",\"target\":[\"https:\\\/\\\/swixed.ch\\\/de\\\/produkt\\\/sed92001\\\/\"]}]},{\"@type\":\"ImageObject\",\"inLanguage\":\"de\",\"@id\":\"https:\\\/\\\/swixed.ch\\\/de\\\/produkt\\\/sed92001\\\/#primaryimage\",\"url\":\"https:\\\/\\\/swixed.ch\\\/wp-content\\\/uploads\\\/products\\\/scaleo-medical-horizon-s5-01a.png\",\"contentUrl\":\"https:\\\/\\\/swixed.ch\\\/wp-content\\\/uploads\\\/products\\\/scaleo-medical-horizon-s5-01a.png\",\"width\":600,\"height\":600,\"caption\":\"Sauerstoffkonzentrator Scaleo Horizon S5\"},{\"@type\":\"BreadcrumbList\",\"@id\":\"https:\\\/\\\/swixed.ch\\\/de\\\/produkt\\\/sed92001\\\/#breadcrumb\",\"itemListElement\":[{\"@type\":\"ListItem\",\"position\":1,\"name\":\"Startseite\",\"item\":\"https:\\\/\\\/swixed.ch\\\/de\\\/home\\\/\"},{\"@type\":\"ListItem\",\"position\":2,\"name\":\"Shop\",\"item\":\"https:\\\/\\\/swixed.ch\\\/de\\\/shop\\\/\"},{\"@type\":\"ListItem\",\"position\":3,\"name\":\"Scaleo Horizon S5 &#8211; Station\u00e4rer Sauerstoffkonzentrator 5 L\\\/min\"}]},{\"@type\":\"WebSite\",\"@id\":\"https:\\\/\\\/swixed.ch\\\/de\\\/#website\",\"url\":\"https:\\\/\\\/swixed.ch\\\/de\\\/\",\"name\":\"Swixed SA\",\"description\":\"Elektronische Ger\u00e4te\",\"publisher\":{\"@id\":\"https:\\\/\\\/swixed.ch\\\/de\\\/#organization\"},\"potentialAction\":[{\"@type\":\"SearchAction\",\"target\":{\"@type\":\"EntryPoint\",\"urlTemplate\":\"https:\\\/\\\/swixed.ch\\\/de\\\/?s={search_term_string}\"},\"query-input\":{\"@type\":\"PropertyValueSpecification\",\"valueRequired\":true,\"valueName\":\"search_term_string\"}}],\"inLanguage\":\"de\"},{\"@type\":\"Organization\",\"@id\":\"https:\\\/\\\/swixed.ch\\\/de\\\/#organization\",\"name\":\"Swixed SA\",\"url\":\"https:\\\/\\\/swixed.ch\\\/de\\\/\",\"logo\":{\"@type\":\"ImageObject\",\"inLanguage\":\"de\",\"@id\":\"https:\\\/\\\/swixed.ch\\\/de\\\/#\\\/schema\\\/logo\\\/image\\\/\",\"url\":\"https:\\\/\\\/swixed.ch\\\/wp-content\\\/uploads\\\/logos\\\/swixed-logo-lite.png\",\"contentUrl\":\"https:\\\/\\\/swixed.ch\\\/wp-content\\\/uploads\\\/logos\\\/swixed-logo-lite.png\",\"width\":696,\"height\":696,\"caption\":\"Swixed SA\"},\"image\":{\"@id\":\"https:\\\/\\\/swixed.ch\\\/de\\\/#\\\/schema\\\/logo\\\/image\\\/\"},\"sameAs\":[\"https:\\\/\\\/www.facebook.com\\\/swixed\",\"https:\\\/\\\/www.linkedin.com\\\/company\\\/swixed\",\"https:\\\/\\\/www.youtube.com\\\/@swixedsa\"],\"description\":\"Swixed SA est une entreprise suisse bas\u00e9e \u00e0 Gen\u00e8ve, sp\u00e9cialis\u00e9e dans la vente, la location et la maintenance d\u2019appareils m\u00e9dicaux professionnels, tels que d\u00e9fibrillateurs AED, \u00e9lectrocardiographes, moniteurs patient et dispositifs de diagnostic.\",\"email\":\"infoshop@swixed.ch\",\"telephone\":\"+41 22 566 11 95\",\"legalName\":\"Swixed SA\",\"foundingDate\":\"2021-03-01\",\"numberOfEmployees\":{\"@type\":\"QuantitativeValue\",\"minValue\":\"1\",\"maxValue\":\"10\"}}]}<\/script>\n<!-- \/ Yoast SEO Premium plugin. -->","yoast_head_json":{"title":"Scaleo Horizon S5 - Station\u00e4rer Sauerstoffkonzentrator 5 L\/min | Swixed SA","description":"Der Sauerstoffkonzentrator Scaleo Horizon S5 liefert bis zu 5L\/min reinen Sauerstoff. Er ist kompakt, leise und ideal f\u00fcr die Sauerstofftherapie zu Hause.","robots":{"index":"index","follow":"follow","max-snippet":"max-snippet:-1","max-image-preview":"max-image-preview:large","max-video-preview":"max-video-preview:-1"},"canonical":"https:\/\/swixed.ch\/de\/produkt\/sed92001\/","og_locale":"de_DE","og_type":"article","og_title":"Scaleo Horizon S5 - Station\u00e4rer Sauerstoffkonzentrator 5 L\/min","og_description":"Der Sauerstoffkonzentrator Scaleo Horizon S5 liefert bis zu 5L\/min reinen Sauerstoff. Er ist kompakt, leise und ideal f\u00fcr die Sauerstofftherapie zu Hause.","og_url":"https:\/\/swixed.ch\/de\/produkt\/sed92001\/","og_site_name":"Swixed SA","article_publisher":"https:\/\/www.facebook.com\/swixed","article_modified_time":"2026-03-17T06:29:07+00:00","og_image":[{"width":600,"height":600,"url":"https:\/\/swixed.ch\/wp-content\/uploads\/products\/scaleo-medical-horizon-s5-01a.png","type":"image\/png"}],"twitter_card":"summary_large_image","twitter_misc":{"Gesch\u00e4tzte Lesezeit":"1\u00a0Minute"},"schema":{"@context":"https:\/\/schema.org","@graph":[{"@type":"WebPage","@id":"https:\/\/swixed.ch\/de\/produkt\/sed92001\/","url":"https:\/\/swixed.ch\/de\/produkt\/sed92001\/","name":"Scaleo Horizon S5 - Station\u00e4rer Sauerstoffkonzentrator 5 L\/min | Swixed SA","isPartOf":{"@id":"https:\/\/swixed.ch\/de\/#website"},"primaryImageOfPage":{"@id":"https:\/\/swixed.ch\/de\/produkt\/sed92001\/#primaryimage"},"image":{"@id":"https:\/\/swixed.ch\/de\/produkt\/sed92001\/#primaryimage"},"thumbnailUrl":"https:\/\/swixed.ch\/wp-content\/uploads\/products\/scaleo-medical-horizon-s5-01a.png","datePublished":"2023-06-27T09:11:17+00:00","dateModified":"2026-03-17T06:29:07+00:00","description":"Der Sauerstoffkonzentrator Scaleo Horizon S5 liefert bis zu 5L\/min reinen Sauerstoff. Er ist kompakt, leise und ideal f\u00fcr die Sauerstofftherapie zu Hause.","breadcrumb":{"@id":"https:\/\/swixed.ch\/de\/produkt\/sed92001\/#breadcrumb"},"inLanguage":"de","potentialAction":[{"@type":"ReadAction","target":["https:\/\/swixed.ch\/de\/produkt\/sed92001\/"]}]},{"@type":"ImageObject","inLanguage":"de","@id":"https:\/\/swixed.ch\/de\/produkt\/sed92001\/#primaryimage","url":"https:\/\/swixed.ch\/wp-content\/uploads\/products\/scaleo-medical-horizon-s5-01a.png","contentUrl":"https:\/\/swixed.ch\/wp-content\/uploads\/products\/scaleo-medical-horizon-s5-01a.png","width":600,"height":600,"caption":"Sauerstoffkonzentrator Scaleo Horizon S5"},{"@type":"BreadcrumbList","@id":"https:\/\/swixed.ch\/de\/produkt\/sed92001\/#breadcrumb","itemListElement":[{"@type":"ListItem","position":1,"name":"Startseite","item":"https:\/\/swixed.ch\/de\/home\/"},{"@type":"ListItem","position":2,"name":"Shop","item":"https:\/\/swixed.ch\/de\/shop\/"},{"@type":"ListItem","position":3,"name":"Scaleo Horizon S5 &#8211; Station\u00e4rer Sauerstoffkonzentrator 5 L\/min"}]},{"@type":"WebSite","@id":"https:\/\/swixed.ch\/de\/#website","url":"https:\/\/swixed.ch\/de\/","name":"Swixed SA","description":"Elektronische Ger\u00e4te","publisher":{"@id":"https:\/\/swixed.ch\/de\/#organization"},"potentialAction":[{"@type":"SearchAction","target":{"@type":"EntryPoint","urlTemplate":"https:\/\/swixed.ch\/de\/?s={search_term_string}"},"query-input":{"@type":"PropertyValueSpecification","valueRequired":true,"valueName":"search_term_string"}}],"inLanguage":"de"},{"@type":"Organization","@id":"https:\/\/swixed.ch\/de\/#organization","name":"Swixed SA","url":"https:\/\/swixed.ch\/de\/","logo":{"@type":"ImageObject","inLanguage":"de","@id":"https:\/\/swixed.ch\/de\/#\/schema\/logo\/image\/","url":"https:\/\/swixed.ch\/wp-content\/uploads\/logos\/swixed-logo-lite.png","contentUrl":"https:\/\/swixed.ch\/wp-content\/uploads\/logos\/swixed-logo-lite.png","width":696,"height":696,"caption":"Swixed SA"},"image":{"@id":"https:\/\/swixed.ch\/de\/#\/schema\/logo\/image\/"},"sameAs":["https:\/\/www.facebook.com\/swixed","https:\/\/www.linkedin.com\/company\/swixed","https:\/\/www.youtube.com\/@swixedsa"],"description":"Swixed SA est une entreprise suisse bas\u00e9e \u00e0 Gen\u00e8ve, sp\u00e9cialis\u00e9e dans la vente, la location et la maintenance d\u2019appareils m\u00e9dicaux professionnels, tels que d\u00e9fibrillateurs AED, \u00e9lectrocardiographes, moniteurs patient et dispositifs de diagnostic.","email":"infoshop@swixed.ch","telephone":"+41 22 566 11 95","legalName":"Swixed SA","foundingDate":"2021-03-01","numberOfEmployees":{"@type":"QuantitativeValue","minValue":"1","maxValue":"10"}}]}},"_links":{"self":[{"href":"https:\/\/swixed.ch\/de\/wp-json\/wp\/v2\/product\/36028","targetHints":{"allow":["GET"]}}],"collection":[{"href":"https:\/\/swixed.ch\/de\/wp-json\/wp\/v2\/product"}],"about":[{"href":"https:\/\/swixed.ch\/de\/wp-json\/wp\/v2\/types\/product"}],"version-history":[{"count":0,"href":"https:\/\/swixed.ch\/de\/wp-json\/wp\/v2\/product\/36028\/revisions"}],"wp:featuredmedia":[{"embeddable":true,"href":"https:\/\/swixed.ch\/de\/wp-json\/wp\/v2\/media\/31347"}],"wp:attachment":[{"href":"https:\/\/swixed.ch\/de\/wp-json\/wp\/v2\/media?parent=36028"}],"wp:term":[{"taxonomy":"product_brand","embeddable":true,"href":"https:\/\/swixed.ch\/de\/wp-json\/wp\/v2\/product_brand?post=36028"},{"taxonomy":"product_cat","embeddable":true,"href":"https:\/\/swixed.ch\/de\/wp-json\/wp\/v2\/product_cat?post=36028"},{"taxonomy":"product_tag","embeddable":true,"href":"https:\/\/swixed.ch\/de\/wp-json\/wp\/v2\/product_tag?post=36028"}],"curies":[{"name":"wp","href":"https:\/\/api.w.org\/{rel}","templated":true}]}}