{"id":36030,"date":"2023-02-02T14:17:32","date_gmt":"2023-02-02T13:17:32","guid":{"rendered":"https:\/\/swixed.com\/produit\/video-kolposkop-edan-c6a-mit-vertikalem-rollstativ\/"},"modified":"2026-04-20T20:01:38","modified_gmt":"2026-04-20T19:01:38","slug":"sed54000","status":"publish","type":"product","link":"https:\/\/swixed.ch\/de\/produkt\/sed54000\/","title":{"rendered":"Edan C6A Kolposkop mit Rollst\u00e4nder und vertikalem Arm"},"content":{"rendered":"\t\t<div data-elementor-type=\"product-post\" data-elementor-id=\"36030\" class=\"elementor elementor-36030 elementor-18254\" data-elementor-post-type=\"product\">\n\t\t\t\t\t\t<section class=\"elementor-section elementor-top-section elementor-element elementor-element-566dfe8 elementor-section-boxed elementor-section-height-default elementor-section-height-default\" data-id=\"566dfe8\" data-element_type=\"section\" data-e-type=\"section\">\n\t\t\t\t\t\t<div class=\"elementor-container elementor-column-gap-default\">\n\t\t\t\t\t<div class=\"elementor-column elementor-col-100 elementor-top-column elementor-element elementor-element-2c4618e\" data-id=\"2c4618e\" data-element_type=\"column\" data-e-type=\"column\">\n\t\t\t<div class=\"elementor-widget-wrap elementor-element-populated\">\n\t\t\t\t\t\t<div class=\"elementor-element elementor-element-57fea7d elementor-widget elementor-widget-heading\" data-id=\"57fea7d\" data-element_type=\"widget\" data-e-type=\"widget\" data-widget_type=\"heading.default\">\n\t\t\t\t\t<h2 class=\"elementor-heading-title elementor-size-default\">Beschreibung<\/h2>\t\t\t\t<\/div>\n\t\t\t\t<div class=\"elementor-element elementor-element-e0a279c elementor-widget elementor-widget-text-editor\" data-id=\"e0a279c\" data-element_type=\"widget\" data-e-type=\"widget\" data-widget_type=\"text-editor.default\">\n\t\t\t\t\t\t\t\t\t<p>Das Video-Kolposkop Edan C6A wurde entwickelt, um mit Hilfe moderner Technologien hochpr\u00e4zise Bilder zu liefern. Seine helle LED-Kaltlichtbeleuchtung und die hochaufl\u00f6sende Kamera sorgen in Verbindung mit einem elektronischen Gr\u00fcnfilter f\u00fcr optimale Bilder und eine bessere Darstellung der Blutgef\u00e4\u00dfe. Mit diesem Ger\u00e4t k\u00f6nnen Gyn\u00e4kologen pr\u00e4zise Untersuchungen des Gewebes der Vagina, des Geb\u00e4rmutterhalses und der \u00e4u\u00dferen Genitalien durchf\u00fchren, was eine umfassende Diagnose erleichtert.  <\/p><p>Das Edan C6A Kolposkop ist kompakt und leicht zu bewegen, da es \u00fcber einen vertikalen, h\u00f6henverstellbaren Rollst\u00e4nder verf\u00fcgt und sich somit perfekt f\u00fcr die Praxis eignet. Der Fixierkopf kann horizontal gedreht und vertikal geneigt werden und bietet so maximale Flexibilit\u00e4t bei der Untersuchung. F\u00fcr zus\u00e4tzlichen Komfort ist das Ger\u00e4t mit einem Fu\u00dfausl\u00f6ser ausgestattet, so dass die Kamera bei der Aufnahme von Bildern nicht gest\u00f6rt wird.  <\/p>\t\t\t\t\t\t\t\t<\/div>\n\t\t\t\t<div class=\"elementor-element elementor-element-1c9ebdf elementor-widget elementor-widget-heading\" data-id=\"1c9ebdf\" data-element_type=\"widget\" data-e-type=\"widget\" data-widget_type=\"heading.default\">\n\t\t\t\t\t<h2 class=\"elementor-heading-title elementor-size-default\">Die R-way Bewertungssoftware<\/h2>\t\t\t\t<\/div>\n\t\t\t\t<div class=\"elementor-element elementor-element-c6140cb elementor-widget elementor-widget-text-editor\" data-id=\"c6140cb\" data-element_type=\"widget\" data-e-type=\"widget\" data-widget_type=\"text-editor.default\">\n\t\t\t\t\t\t\t\t\t<p>Die vom Kolposkop aufgenommenen Bilder werden in Echtzeit an die R-way-Software \u00fcbertragen, die \u00fcber eine USB-Verbindung auf einem Computer installiert wird. Mit dieser Software k\u00f6nnen Sie die Patientendaten speichern, individuelle Berichte erstellen und die Bilder in PDF- oder JPEG-Format exportieren. <\/p>\t\t\t\t\t\t\t\t<\/div>\n\t\t\t\t<div class=\"elementor-element elementor-element-25651b0 elementor-widget elementor-widget-heading\" data-id=\"25651b0\" data-element_type=\"widget\" data-e-type=\"widget\" data-widget_type=\"heading.default\">\n\t\t\t\t\t<h2 class=\"elementor-heading-title elementor-size-default\">Technische Spezifikationen<\/h2>\t\t\t\t<\/div>\n\t\t\t\t<div class=\"elementor-element elementor-element-20b0fd2 elementor-widget elementor-widget-text-editor\" data-id=\"20b0fd2\" data-element_type=\"widget\" data-e-type=\"widget\" data-widget_type=\"text-editor.default\">\n\t\t\t\t\t\t\t\t\t<ul><li>Vergr\u00f6\u00dferung: bis zu 50x<\/li><li>Arbeitsabstand: 20-30 cm<\/li><li>Fokussierung: automatisch und manuell<\/li><li>Wei\u00dfabgleich: automatisch und manuell<\/li><li>Drei Stufen von wei\u00dfem Licht<\/li><li>Drei Stufen des elektronischen Gr\u00fcnfilters<\/li><li>Echtzeitanzeige der Vergr\u00f6\u00dferung<\/li><\/ul>\t\t\t\t\t\t\t\t<\/div>\n\t\t\t\t<div class=\"elementor-element elementor-element-c85afac elementor-widget elementor-widget-heading\" data-id=\"c85afac\" data-element_type=\"widget\" data-e-type=\"widget\" data-widget_type=\"heading.default\">\n\t\t\t\t\t<h2 class=\"elementor-heading-title elementor-size-default\">Inhalt des Kolposkops Edan C6A<\/h2>\t\t\t\t<\/div>\n\t\t\t\t<div class=\"elementor-element elementor-element-d3b493b elementor-widget elementor-widget-text-editor\" data-id=\"d3b493b\" data-element_type=\"widget\" data-e-type=\"widget\" data-widget_type=\"text-editor.default\">\n\t\t\t\t\t\t\t\t\t<div class=\"flex max-w-full flex-col flex-grow\"><div class=\"min-h-8 text-message flex w-full flex-col items-end gap-2 whitespace-normal break-words [.text-message+&amp;]:mt-5\" dir=\"auto\" data-message-author-role=\"assistant\" data-message-id=\"c923d320-a3d8-4db2-b018-51a27ff89e12\" data-message-model-slug=\"gpt-4o\"><div class=\"flex w-full flex-col gap-1 empty:hidden first:pt-[3px]\"><div class=\"markdown prose w-full break-words dark:prose-invert light\"><ul><li>Kamera Edan C6A<\/li><li>Vertikaler Standfu\u00df mit verstellbaren Rollen<\/li><li>Bildausl\u00f6ser mit Fu\u00df<\/li><li>Staubabdeckung f\u00fcr das Objektiv<\/li><li>R-way Software f\u00fcr PC<\/li><li>Handbuch<\/li><\/ul><\/div><\/div><\/div><\/div><div class=\"mb-2 flex gap-3 empty:hidden -ml-2\"> <\/div>\t\t\t\t\t\t\t\t<\/div>\n\t\t\t\t\t<\/div>\n\t\t<\/div>\n\t\t\t\t\t<\/div>\n\t\t<\/section>\n\t\t\t\t<\/div>\n\t\t","protected":false},"excerpt":{"rendered":"<p>Das Video-Kolposkop Edan C6A mit vertikalem Rollstativ liefert dank einer k\u00fchlen LED-Beleuchtung und einer hochaufl\u00f6senden Kamera Bilder von hoher Qualit\u00e4t. Es erm\u00f6glicht pr\u00e4zise Untersuchungen mit einer bis zu 50-fachen Vergr\u00f6\u00dferung und ist ideal f\u00fcr Gyn\u00e4kologen. <\/p>\n","protected":false},"featured_media":30915,"template":"","meta":{"_acf_changed":false},"product_brand":[2085],"product_cat":[1761,1768],"product_tag":[],"class_list":{"0":"post-36030","1":"product","2":"type-product","3":"status-publish","4":"has-post-thumbnail","6":"product_brand-edan-de","7":"product_cat-kolposkope","8":"product_cat-gerate-kolposkope","10":"first","11":"instock","12":"taxable","13":"shipping-taxable","14":"purchasable","15":"product-type-simple"},"acf":[],"yoast_head":"<!-- This site is optimized with the Yoast SEO Premium plugin v27.4 (Yoast SEO v27.4) - https:\/\/yoast.com\/product\/yoast-seo-premium-wordpress\/ -->\n<title>Edan C6A Kolposkop mit Rollst\u00e4nder und vertikalem Arm | Swixed SA<\/title>\n<meta name=\"description\" content=\"Das Edan C6A Video-Kolposkop mit vertikalem Rollstativ. Hochaufl\u00f6sende Bilder mit LED-Beleuchtung, ideal f\u00fcr pr\u00e4zise gyn\u00e4kologische Untersuchungen.\" \/>\n<meta name=\"robots\" content=\"index, follow, max-snippet:-1, max-image-preview:large, max-video-preview:-1\" \/>\n<link rel=\"canonical\" href=\"https:\/\/swixed.ch\/de\/produkt\/sed54000\/\" \/>\n<meta property=\"og:locale\" content=\"de_DE\" \/>\n<meta property=\"og:type\" content=\"article\" \/>\n<meta property=\"og:title\" content=\"Edan C6A Kolposkop mit Rollst\u00e4nder und vertikalem Arm\" \/>\n<meta property=\"og:description\" content=\"Das Edan C6A Video-Kolposkop mit vertikalem Rollstativ. Hochaufl\u00f6sende Bilder mit LED-Beleuchtung, ideal f\u00fcr pr\u00e4zise gyn\u00e4kologische Untersuchungen.\" \/>\n<meta property=\"og:url\" content=\"https:\/\/swixed.ch\/de\/produkt\/sed54000\/\" \/>\n<meta property=\"og:site_name\" content=\"Swixed SA\" \/>\n<meta property=\"article:publisher\" content=\"https:\/\/www.facebook.com\/swixed\" \/>\n<meta property=\"article:modified_time\" content=\"2026-04-20T19:01:38+00:00\" \/>\n<meta property=\"og:image\" content=\"https:\/\/swixed.ch\/wp-content\/uploads\/products\/edan-support-vertical-c6a-02.png\" \/>\n\t<meta property=\"og:image:width\" content=\"600\" \/>\n\t<meta property=\"og:image:height\" content=\"600\" \/>\n\t<meta property=\"og:image:type\" content=\"image\/png\" \/>\n<meta name=\"twitter:card\" content=\"summary_large_image\" \/>\n<meta name=\"twitter:label1\" content=\"Gesch\u00e4tzte Lesezeit\" \/>\n\t<meta name=\"twitter:data1\" content=\"1\u00a0Minute\" \/>\n<script type=\"application\/ld+json\" class=\"yoast-schema-graph\">{\"@context\":\"https:\\\/\\\/schema.org\",\"@graph\":[{\"@type\":\"WebPage\",\"@id\":\"https:\\\/\\\/swixed.ch\\\/de\\\/produkt\\\/sed54000\\\/\",\"url\":\"https:\\\/\\\/swixed.ch\\\/de\\\/produkt\\\/sed54000\\\/\",\"name\":\"Edan C6A Kolposkop mit Rollst\u00e4nder und vertikalem Arm | Swixed SA\",\"isPartOf\":{\"@id\":\"https:\\\/\\\/swixed.ch\\\/de\\\/#website\"},\"primaryImageOfPage\":{\"@id\":\"https:\\\/\\\/swixed.ch\\\/de\\\/produkt\\\/sed54000\\\/#primaryimage\"},\"image\":{\"@id\":\"https:\\\/\\\/swixed.ch\\\/de\\\/produkt\\\/sed54000\\\/#primaryimage\"},\"thumbnailUrl\":\"https:\\\/\\\/swixed.ch\\\/wp-content\\\/uploads\\\/products\\\/edan-support-vertical-c6a-02.png\",\"datePublished\":\"2023-02-02T13:17:32+00:00\",\"dateModified\":\"2026-04-20T19:01:38+00:00\",\"description\":\"Das Edan C6A Video-Kolposkop mit vertikalem Rollstativ. Hochaufl\u00f6sende Bilder mit LED-Beleuchtung, ideal f\u00fcr pr\u00e4zise gyn\u00e4kologische Untersuchungen.\",\"breadcrumb\":{\"@id\":\"https:\\\/\\\/swixed.ch\\\/de\\\/produkt\\\/sed54000\\\/#breadcrumb\"},\"inLanguage\":\"de\",\"potentialAction\":[{\"@type\":\"ReadAction\",\"target\":[\"https:\\\/\\\/swixed.ch\\\/de\\\/produkt\\\/sed54000\\\/\"]}]},{\"@type\":\"ImageObject\",\"inLanguage\":\"de\",\"@id\":\"https:\\\/\\\/swixed.ch\\\/de\\\/produkt\\\/sed54000\\\/#primaryimage\",\"url\":\"https:\\\/\\\/swixed.ch\\\/wp-content\\\/uploads\\\/products\\\/edan-support-vertical-c6a-02.png\",\"contentUrl\":\"https:\\\/\\\/swixed.ch\\\/wp-content\\\/uploads\\\/products\\\/edan-support-vertical-c6a-02.png\",\"width\":600,\"height\":600,\"caption\":\"Video-Kolposkop Edan C6A mit vertikalem Rollstativ\"},{\"@type\":\"BreadcrumbList\",\"@id\":\"https:\\\/\\\/swixed.ch\\\/de\\\/produkt\\\/sed54000\\\/#breadcrumb\",\"itemListElement\":[{\"@type\":\"ListItem\",\"position\":1,\"name\":\"Startseite\",\"item\":\"https:\\\/\\\/swixed.ch\\\/de\\\/home\\\/\"},{\"@type\":\"ListItem\",\"position\":2,\"name\":\"Shop\",\"item\":\"https:\\\/\\\/swixed.ch\\\/de\\\/shop\\\/\"},{\"@type\":\"ListItem\",\"position\":3,\"name\":\"Edan C6A Kolposkop mit Rollst\u00e4nder und vertikalem Arm\"}]},{\"@type\":\"WebSite\",\"@id\":\"https:\\\/\\\/swixed.ch\\\/de\\\/#website\",\"url\":\"https:\\\/\\\/swixed.ch\\\/de\\\/\",\"name\":\"Swixed SA\",\"description\":\"Elektronische Ger\u00e4te\",\"publisher\":{\"@id\":\"https:\\\/\\\/swixed.ch\\\/de\\\/#organization\"},\"potentialAction\":[{\"@type\":\"SearchAction\",\"target\":{\"@type\":\"EntryPoint\",\"urlTemplate\":\"https:\\\/\\\/swixed.ch\\\/de\\\/?s={search_term_string}\"},\"query-input\":{\"@type\":\"PropertyValueSpecification\",\"valueRequired\":true,\"valueName\":\"search_term_string\"}}],\"inLanguage\":\"de\"},{\"@type\":\"Organization\",\"@id\":\"https:\\\/\\\/swixed.ch\\\/de\\\/#organization\",\"name\":\"Swixed SA\",\"url\":\"https:\\\/\\\/swixed.ch\\\/de\\\/\",\"logo\":{\"@type\":\"ImageObject\",\"inLanguage\":\"de\",\"@id\":\"https:\\\/\\\/swixed.ch\\\/de\\\/#\\\/schema\\\/logo\\\/image\\\/\",\"url\":\"https:\\\/\\\/swixed.ch\\\/wp-content\\\/uploads\\\/logos\\\/swixed-logo-lite.png\",\"contentUrl\":\"https:\\\/\\\/swixed.ch\\\/wp-content\\\/uploads\\\/logos\\\/swixed-logo-lite.png\",\"width\":696,\"height\":696,\"caption\":\"Swixed SA\"},\"image\":{\"@id\":\"https:\\\/\\\/swixed.ch\\\/de\\\/#\\\/schema\\\/logo\\\/image\\\/\"},\"sameAs\":[\"https:\\\/\\\/www.facebook.com\\\/swixed\",\"https:\\\/\\\/www.linkedin.com\\\/company\\\/swixed\",\"https:\\\/\\\/www.youtube.com\\\/@swixedsa\"],\"description\":\"Swixed SA est une entreprise suisse bas\u00e9e \u00e0 Gen\u00e8ve, sp\u00e9cialis\u00e9e dans la vente, la location et la maintenance d\u2019appareils m\u00e9dicaux professionnels, tels que d\u00e9fibrillateurs AED, \u00e9lectrocardiographes, moniteurs patient et dispositifs de diagnostic.\",\"email\":\"infoshop@swixed.ch\",\"telephone\":\"+41 22 566 11 95\",\"legalName\":\"Swixed SA\",\"foundingDate\":\"2021-03-01\",\"numberOfEmployees\":{\"@type\":\"QuantitativeValue\",\"minValue\":\"1\",\"maxValue\":\"10\"}}]}<\/script>\n<!-- \/ Yoast SEO Premium plugin. -->","yoast_head_json":{"title":"Edan C6A Kolposkop mit Rollst\u00e4nder und vertikalem Arm | Swixed SA","description":"Das Edan C6A Video-Kolposkop mit vertikalem Rollstativ. Hochaufl\u00f6sende Bilder mit LED-Beleuchtung, ideal f\u00fcr pr\u00e4zise gyn\u00e4kologische Untersuchungen.","robots":{"index":"index","follow":"follow","max-snippet":"max-snippet:-1","max-image-preview":"max-image-preview:large","max-video-preview":"max-video-preview:-1"},"canonical":"https:\/\/swixed.ch\/de\/produkt\/sed54000\/","og_locale":"de_DE","og_type":"article","og_title":"Edan C6A Kolposkop mit Rollst\u00e4nder und vertikalem Arm","og_description":"Das Edan C6A Video-Kolposkop mit vertikalem Rollstativ. Hochaufl\u00f6sende Bilder mit LED-Beleuchtung, ideal f\u00fcr pr\u00e4zise gyn\u00e4kologische Untersuchungen.","og_url":"https:\/\/swixed.ch\/de\/produkt\/sed54000\/","og_site_name":"Swixed SA","article_publisher":"https:\/\/www.facebook.com\/swixed","article_modified_time":"2026-04-20T19:01:38+00:00","og_image":[{"width":600,"height":600,"url":"https:\/\/swixed.ch\/wp-content\/uploads\/products\/edan-support-vertical-c6a-02.png","type":"image\/png"}],"twitter_card":"summary_large_image","twitter_misc":{"Gesch\u00e4tzte Lesezeit":"1\u00a0Minute"},"schema":{"@context":"https:\/\/schema.org","@graph":[{"@type":"WebPage","@id":"https:\/\/swixed.ch\/de\/produkt\/sed54000\/","url":"https:\/\/swixed.ch\/de\/produkt\/sed54000\/","name":"Edan C6A Kolposkop mit Rollst\u00e4nder und vertikalem Arm | Swixed SA","isPartOf":{"@id":"https:\/\/swixed.ch\/de\/#website"},"primaryImageOfPage":{"@id":"https:\/\/swixed.ch\/de\/produkt\/sed54000\/#primaryimage"},"image":{"@id":"https:\/\/swixed.ch\/de\/produkt\/sed54000\/#primaryimage"},"thumbnailUrl":"https:\/\/swixed.ch\/wp-content\/uploads\/products\/edan-support-vertical-c6a-02.png","datePublished":"2023-02-02T13:17:32+00:00","dateModified":"2026-04-20T19:01:38+00:00","description":"Das Edan C6A Video-Kolposkop mit vertikalem Rollstativ. Hochaufl\u00f6sende Bilder mit LED-Beleuchtung, ideal f\u00fcr pr\u00e4zise gyn\u00e4kologische Untersuchungen.","breadcrumb":{"@id":"https:\/\/swixed.ch\/de\/produkt\/sed54000\/#breadcrumb"},"inLanguage":"de","potentialAction":[{"@type":"ReadAction","target":["https:\/\/swixed.ch\/de\/produkt\/sed54000\/"]}]},{"@type":"ImageObject","inLanguage":"de","@id":"https:\/\/swixed.ch\/de\/produkt\/sed54000\/#primaryimage","url":"https:\/\/swixed.ch\/wp-content\/uploads\/products\/edan-support-vertical-c6a-02.png","contentUrl":"https:\/\/swixed.ch\/wp-content\/uploads\/products\/edan-support-vertical-c6a-02.png","width":600,"height":600,"caption":"Video-Kolposkop Edan C6A mit vertikalem Rollstativ"},{"@type":"BreadcrumbList","@id":"https:\/\/swixed.ch\/de\/produkt\/sed54000\/#breadcrumb","itemListElement":[{"@type":"ListItem","position":1,"name":"Startseite","item":"https:\/\/swixed.ch\/de\/home\/"},{"@type":"ListItem","position":2,"name":"Shop","item":"https:\/\/swixed.ch\/de\/shop\/"},{"@type":"ListItem","position":3,"name":"Edan C6A Kolposkop mit Rollst\u00e4nder und vertikalem Arm"}]},{"@type":"WebSite","@id":"https:\/\/swixed.ch\/de\/#website","url":"https:\/\/swixed.ch\/de\/","name":"Swixed SA","description":"Elektronische Ger\u00e4te","publisher":{"@id":"https:\/\/swixed.ch\/de\/#organization"},"potentialAction":[{"@type":"SearchAction","target":{"@type":"EntryPoint","urlTemplate":"https:\/\/swixed.ch\/de\/?s={search_term_string}"},"query-input":{"@type":"PropertyValueSpecification","valueRequired":true,"valueName":"search_term_string"}}],"inLanguage":"de"},{"@type":"Organization","@id":"https:\/\/swixed.ch\/de\/#organization","name":"Swixed SA","url":"https:\/\/swixed.ch\/de\/","logo":{"@type":"ImageObject","inLanguage":"de","@id":"https:\/\/swixed.ch\/de\/#\/schema\/logo\/image\/","url":"https:\/\/swixed.ch\/wp-content\/uploads\/logos\/swixed-logo-lite.png","contentUrl":"https:\/\/swixed.ch\/wp-content\/uploads\/logos\/swixed-logo-lite.png","width":696,"height":696,"caption":"Swixed SA"},"image":{"@id":"https:\/\/swixed.ch\/de\/#\/schema\/logo\/image\/"},"sameAs":["https:\/\/www.facebook.com\/swixed","https:\/\/www.linkedin.com\/company\/swixed","https:\/\/www.youtube.com\/@swixedsa"],"description":"Swixed SA est une entreprise suisse bas\u00e9e \u00e0 Gen\u00e8ve, sp\u00e9cialis\u00e9e dans la vente, la location et la maintenance d\u2019appareils m\u00e9dicaux professionnels, tels que d\u00e9fibrillateurs AED, \u00e9lectrocardiographes, moniteurs patient et dispositifs de diagnostic.","email":"infoshop@swixed.ch","telephone":"+41 22 566 11 95","legalName":"Swixed SA","foundingDate":"2021-03-01","numberOfEmployees":{"@type":"QuantitativeValue","minValue":"1","maxValue":"10"}}]}},"_links":{"self":[{"href":"https:\/\/swixed.ch\/de\/wp-json\/wp\/v2\/product\/36030","targetHints":{"allow":["GET"]}}],"collection":[{"href":"https:\/\/swixed.ch\/de\/wp-json\/wp\/v2\/product"}],"about":[{"href":"https:\/\/swixed.ch\/de\/wp-json\/wp\/v2\/types\/product"}],"version-history":[{"count":1,"href":"https:\/\/swixed.ch\/de\/wp-json\/wp\/v2\/product\/36030\/revisions"}],"predecessor-version":[{"id":62999,"href":"https:\/\/swixed.ch\/de\/wp-json\/wp\/v2\/product\/36030\/revisions\/62999"}],"wp:featuredmedia":[{"embeddable":true,"href":"https:\/\/swixed.ch\/de\/wp-json\/wp\/v2\/media\/30915"}],"wp:attachment":[{"href":"https:\/\/swixed.ch\/de\/wp-json\/wp\/v2\/media?parent=36030"}],"wp:term":[{"taxonomy":"product_brand","embeddable":true,"href":"https:\/\/swixed.ch\/de\/wp-json\/wp\/v2\/product_brand?post=36030"},{"taxonomy":"product_cat","embeddable":true,"href":"https:\/\/swixed.ch\/de\/wp-json\/wp\/v2\/product_cat?post=36030"},{"taxonomy":"product_tag","embeddable":true,"href":"https:\/\/swixed.ch\/de\/wp-json\/wp\/v2\/product_tag?post=36030"}],"curies":[{"name":"wp","href":"https:\/\/api.w.org\/{rel}","templated":true}]}}