{"id":36040,"date":"2023-07-01T14:17:46","date_gmt":"2023-07-01T13:17:46","guid":{"rendered":"https:\/\/swixed.com\/produit\/blutdruckmessgeraet-edan-sa-10-remler-24h\/"},"modified":"2026-04-21T06:41:44","modified_gmt":"2026-04-21T05:41:44","slug":"sed63011","status":"publish","type":"product","link":"https:\/\/swixed.ch\/de\/produkt\/sed63011\/","title":{"rendered":"Edan SA-10 Blutdruckmessger\u00e4t mit 24-Stunden-Aufzeichnung"},"content":{"rendered":"\t\t<div data-elementor-type=\"product-post\" data-elementor-id=\"36040\" class=\"elementor elementor-36040 elementor-20644\" data-elementor-post-type=\"product\">\n\t\t\t\t\t\t<section class=\"elementor-section elementor-top-section elementor-element elementor-element-834d306 elementor-section-boxed elementor-section-height-default elementor-section-height-default\" data-id=\"834d306\" data-element_type=\"section\" data-e-type=\"section\">\n\t\t\t\t\t\t<div class=\"elementor-container elementor-column-gap-default\">\n\t\t\t\t\t<div class=\"elementor-column elementor-col-100 elementor-top-column elementor-element elementor-element-085465e\" data-id=\"085465e\" data-element_type=\"column\" data-e-type=\"column\">\n\t\t\t<div class=\"elementor-widget-wrap elementor-element-populated\">\n\t\t\t\t\t\t<div class=\"elementor-element elementor-element-0684e71 elementor-widget elementor-widget-heading\" data-id=\"0684e71\" data-element_type=\"widget\" data-e-type=\"widget\" data-widget_type=\"heading.default\">\n\t\t\t\t\t<h2 class=\"elementor-heading-title elementor-size-default\">Beschreibung<\/h2>\t\t\t\t<\/div>\n\t\t\t\t\t<\/div>\n\t\t<\/div>\n\t\t\t\t\t<\/div>\n\t\t<\/section>\n\t\t\t\t<section class=\"elementor-section elementor-top-section elementor-element elementor-element-c0f3979 elementor-section-boxed elementor-section-height-default elementor-section-height-default\" data-id=\"c0f3979\" data-element_type=\"section\" data-e-type=\"section\">\n\t\t\t\t\t\t<div class=\"elementor-container elementor-column-gap-default\">\n\t\t\t\t\t<div class=\"elementor-column elementor-col-100 elementor-top-column elementor-element elementor-element-6e68e75\" data-id=\"6e68e75\" data-element_type=\"column\" data-e-type=\"column\">\n\t\t\t<div class=\"elementor-widget-wrap elementor-element-populated\">\n\t\t\t\t\t\t<div class=\"elementor-element elementor-element-3376bb3 elementor-widget elementor-widget-text-editor\" data-id=\"3376bb3\" data-element_type=\"widget\" data-e-type=\"widget\" data-widget_type=\"text-editor.default\">\n\t\t\t\t\t\t\t\t\t<p>Das ambulante Blutdruckmessger\u00e4t Edan SA-10, oft auch als Remler oder MAPA (Ambulanter Blutdruckmonitor) bezeichnet, ist ein hochmodernes medizinisches Ger\u00e4t, das eine kontinuierliche \u00dcberwachung des Blutdrucks \u00fcber einen Zeitraum von 24 Stunden erm\u00f6glicht. Er ist f\u00fcr Erwachsene und Kinder \u00fcber 12 Jahre geeignet und bietet genaue Messungen des systolischen und diastolischen Blutdrucks. <\/p>\t\t\t\t\t\t\t\t<\/div>\n\t\t\t\t<div class=\"elementor-element elementor-element-5ca0cdb elementor-widget elementor-widget-heading\" data-id=\"5ca0cdb\" data-element_type=\"widget\" data-e-type=\"widget\" data-widget_type=\"heading.default\">\n\t\t\t\t\t<h2 class=\"elementor-heading-title elementor-size-default\">Wichtigste Merkmale<\/h2>\t\t\t\t<\/div>\n\t\t\t\t<div class=\"elementor-element elementor-element-52b8e4f elementor-widget elementor-widget-text-editor\" data-id=\"52b8e4f\" data-element_type=\"widget\" data-e-type=\"widget\" data-widget_type=\"text-editor.default\">\n\t\t\t\t\t\t\t\t\t<ul><li><strong>Kompaktes Design:<\/strong> Mit einer Gr\u00f6\u00dfe von nur 10,6 x 6,2 x 2,7 cm und einem Gewicht von 160 Gramm ist der SA-10 leicht zu transportieren und im Alltag zu verwenden. Es wird mit einer Tasche geliefert, die es Ihnen erm\u00f6glicht, das Ger\u00e4t bequem zu tragen, sei es mit einem G\u00fcrtel oder einem Schultergurt. <\/li><li><strong>Speicherkapazit\u00e4t:<\/strong> Der interne Speicher des Ger\u00e4ts kann bis zu 300 Messergebnisse speichern, so dass eine gr\u00fcndliche Analyse der gesammelten Daten \u00fcber 24 Stunden gew\u00e4hrleistet ist.<\/li><li><strong>Anpassbare Messungen:<\/strong> Sie k\u00f6nnen individuelle Messintervalle und Zeitpl\u00e4ne f\u00fcr den Tag- und Nachtmodus festlegen. Es gibt auch ein automatisches Standardprogramm zur kontinuierlichen Aufzeichnung des Blutdrucks und der Herzfrequenz. <\/li><\/ul>\t\t\t\t\t\t\t\t<\/div>\n\t\t\t\t<div class=\"elementor-element elementor-element-5c0b70d elementor-widget elementor-widget-heading\" data-id=\"5c0b70d\" data-element_type=\"widget\" data-e-type=\"widget\" data-widget_type=\"heading.default\">\n\t\t\t\t\t<h2 class=\"elementor-heading-title elementor-size-default\">Analyse-Software<\/h2>\t\t\t\t<\/div>\n\t\t\t\t<div class=\"elementor-element elementor-element-28b4e6d elementor-widget elementor-widget-text-editor\" data-id=\"28b4e6d\" data-element_type=\"widget\" data-e-type=\"widget\" data-widget_type=\"text-editor.default\">\n\t\t\t\t\t\t\t\t\t<p>Das Blutdruckmessger\u00e4t Edan SA-10 wird mit einer benutzerfreundlichen, Windows-kompatiblen Analysesoftware geliefert, mit der Sie :<\/p><ul><li>Erstellen Sie Blutdruckprofile f\u00fcr Tag und Nacht.<\/li><li>Korrelationen zwischen den Messungen herstellen.<\/li><li>Visualisierung von Histogrammen und Sektordiagrammen.<\/li><li>Analysieren Sie die Variabilit\u00e4t und erstellen Sie detaillierte Statistiken.<\/li><\/ul>\t\t\t\t\t\t\t\t<\/div>\n\t\t\t\t<div class=\"elementor-element elementor-element-fe03c52 elementor-widget elementor-widget-heading\" data-id=\"fe03c52\" data-element_type=\"widget\" data-e-type=\"widget\" data-widget_type=\"heading.default\">\n\t\t\t\t\t<h2 class=\"elementor-heading-title elementor-size-default\">Inhalt<\/h2>\t\t\t\t<\/div>\n\t\t\t\t<div class=\"elementor-element elementor-element-5638f42 elementor-widget elementor-widget-text-editor\" data-id=\"5638f42\" data-element_type=\"widget\" data-e-type=\"widget\" data-widget_type=\"text-editor.default\">\n\t\t\t\t\t\t\t\t\t<ul><li>24-Stunden-Blutdruckmessger\u00e4t Edan SA-10 remler<\/li><li>Evaluierungssoftware f\u00fcr Windows<\/li><li>USB-Anschlusskabel<\/li><li>2 LR6-Batterien (nicht wiederaufladbar)<\/li><li>G\u00fcrteltasche mit Gurt<\/li><li>Manschette f\u00fcr einen Armumfang von 22 bis 32 cm<\/li><\/ul><p><em><strong>Hinweis:<\/strong> Dies ist ein medizinisches Ger\u00e4t zur \u00dcberwachung des Blutdrucks. Die korrekte Anwendung ist wichtig, um zuverl\u00e4ssige Ergebnisse zu erhalten. <\/em><\/p>\t\t\t\t\t\t\t\t<\/div>\n\t\t\t\t\t<\/div>\n\t\t<\/div>\n\t\t\t\t\t<\/div>\n\t\t<\/section>\n\t\t\t\t<\/div>\n\t\t","protected":false},"excerpt":{"rendered":"<p>Das ambulante Blutdruckmessger\u00e4t Edan SA-10, oder remler 24h, misst kontinuierlich den Blutdruck bei Erwachsenen und Kindern ab 12 Jahren. Es ist kompakt und tragbar, verf\u00fcgt \u00fcber eine intuitive Analysesoftware und eine Daten\u00fcbertragung \u00fcber USB f\u00fcr eine einfache Auswertung. <\/p>\n","protected":false},"featured_media":31571,"template":"","meta":{"_acf_changed":false},"product_brand":[2085],"product_cat":[1012,1079],"product_tag":[5643,5640,5649,5648,5647,5646,5644,5641,3410,2752,3023,5642,5645,5650,5651],"class_list":{"0":"post-36040","1":"product","2":"type-product","3":"status-publish","4":"has-post-thumbnail","6":"product_brand-edan-de","7":"product_cat-blutdruckmessgerate","8":"product_cat-elektronische-blutdruckmessgerate","9":"product_tag-24-stunden-uberwachung","10":"product_tag-ambulantes-blutdruckmessgerat","11":"product_tag-arterielle-uberwachung","12":"product_tag-bewertungssoftware","13":"product_tag-datenanalyse","14":"product_tag-diastolischer-druck","15":"product_tag-digitales-blutdruckmessgerat","16":"product_tag-edan-sa-10-de","17":"product_tag-medizinisches-gerat-de","18":"product_tag-medizinisches-gerat","19":"product_tag-messung-des-blutdrucks","20":"product_tag-remler-24h-de","21":"product_tag-systolischer-druck","22":"product_tag-tragbares-blutdruckmessgerat","23":"product_tag-verstellbare-manschette","24":"product_shipping_class-kostenloser-versand","26":"first","27":"instock","28":"sale","29":"taxable","30":"shipping-taxable","31":"purchasable","32":"product-type-simple"},"acf":[],"yoast_head":"<!-- This site is optimized with the Yoast SEO Premium plugin v27.4 (Yoast SEO v27.4) - https:\/\/yoast.com\/product\/yoast-seo-premium-wordpress\/ -->\n<title>Edan SA-10 Blutdruckmessger\u00e4t mit 24-Stunden-Aufzeichnung | Swixed SA<\/title>\n<meta name=\"description\" content=\"\u00dcberwachen Sie Ihren Blutdruck 24 Stunden am Tag mit dem Edan SA-10 Blutdruckmessger\u00e4t. Kompakt und einfach zu bedienen, analysieren Sie Ihre Daten auf einfache Weise.\" \/>\n<meta name=\"robots\" content=\"index, follow, max-snippet:-1, max-image-preview:large, max-video-preview:-1\" \/>\n<link rel=\"canonical\" href=\"https:\/\/swixed.ch\/de\/produkt\/sed63011\/\" \/>\n<meta property=\"og:locale\" content=\"de_DE\" \/>\n<meta property=\"og:type\" content=\"article\" \/>\n<meta property=\"og:title\" content=\"Edan SA-10 Blutdruckmessger\u00e4t mit 24-Stunden-Aufzeichnung\" \/>\n<meta property=\"og:description\" content=\"\u00dcberwachen Sie Ihren Blutdruck 24 Stunden am Tag mit dem Edan SA-10 Blutdruckmessger\u00e4t. Kompakt und einfach zu bedienen, analysieren Sie Ihre Daten auf einfache Weise.\" \/>\n<meta property=\"og:url\" content=\"https:\/\/swixed.ch\/de\/produkt\/sed63011\/\" \/>\n<meta property=\"og:site_name\" content=\"Swixed SA\" \/>\n<meta property=\"article:publisher\" content=\"https:\/\/www.facebook.com\/swixed\" \/>\n<meta property=\"article:modified_time\" content=\"2026-04-21T05:41:44+00:00\" \/>\n<meta property=\"og:image\" content=\"https:\/\/swixed.ch\/wp-content\/uploads\/products\/edan-sa-10-01a.png\" \/>\n\t<meta property=\"og:image:width\" content=\"600\" \/>\n\t<meta property=\"og:image:height\" content=\"600\" \/>\n\t<meta property=\"og:image:type\" content=\"image\/png\" \/>\n<meta name=\"twitter:card\" content=\"summary_large_image\" \/>\n<meta name=\"twitter:label1\" content=\"Gesch\u00e4tzte Lesezeit\" \/>\n\t<meta name=\"twitter:data1\" content=\"1\u00a0Minute\" \/>\n<script type=\"application\/ld+json\" class=\"yoast-schema-graph\">{\"@context\":\"https:\\\/\\\/schema.org\",\"@graph\":[{\"@type\":\"WebPage\",\"@id\":\"https:\\\/\\\/swixed.ch\\\/de\\\/produkt\\\/sed63011\\\/\",\"url\":\"https:\\\/\\\/swixed.ch\\\/de\\\/produkt\\\/sed63011\\\/\",\"name\":\"Edan SA-10 Blutdruckmessger\u00e4t mit 24-Stunden-Aufzeichnung | Swixed SA\",\"isPartOf\":{\"@id\":\"https:\\\/\\\/swixed.ch\\\/de\\\/#website\"},\"primaryImageOfPage\":{\"@id\":\"https:\\\/\\\/swixed.ch\\\/de\\\/produkt\\\/sed63011\\\/#primaryimage\"},\"image\":{\"@id\":\"https:\\\/\\\/swixed.ch\\\/de\\\/produkt\\\/sed63011\\\/#primaryimage\"},\"thumbnailUrl\":\"https:\\\/\\\/swixed.ch\\\/wp-content\\\/uploads\\\/products\\\/edan-sa-10-01a.png\",\"datePublished\":\"2023-07-01T13:17:46+00:00\",\"dateModified\":\"2026-04-21T05:41:44+00:00\",\"description\":\"\u00dcberwachen Sie Ihren Blutdruck 24 Stunden am Tag mit dem Edan SA-10 Blutdruckmessger\u00e4t. Kompakt und einfach zu bedienen, analysieren Sie Ihre Daten auf einfache Weise.\",\"breadcrumb\":{\"@id\":\"https:\\\/\\\/swixed.ch\\\/de\\\/produkt\\\/sed63011\\\/#breadcrumb\"},\"inLanguage\":\"de\",\"potentialAction\":[{\"@type\":\"ReadAction\",\"target\":[\"https:\\\/\\\/swixed.ch\\\/de\\\/produkt\\\/sed63011\\\/\"]}]},{\"@type\":\"ImageObject\",\"inLanguage\":\"de\",\"@id\":\"https:\\\/\\\/swixed.ch\\\/de\\\/produkt\\\/sed63011\\\/#primaryimage\",\"url\":\"https:\\\/\\\/swixed.ch\\\/wp-content\\\/uploads\\\/products\\\/edan-sa-10-01a.png\",\"contentUrl\":\"https:\\\/\\\/swixed.ch\\\/wp-content\\\/uploads\\\/products\\\/edan-sa-10-01a.png\",\"width\":600,\"height\":600,\"caption\":\"Blutdruckmessger\u00e4t Edan SA-10 remler 24h\"},{\"@type\":\"BreadcrumbList\",\"@id\":\"https:\\\/\\\/swixed.ch\\\/de\\\/produkt\\\/sed63011\\\/#breadcrumb\",\"itemListElement\":[{\"@type\":\"ListItem\",\"position\":1,\"name\":\"Startseite\",\"item\":\"https:\\\/\\\/swixed.ch\\\/de\\\/home\\\/\"},{\"@type\":\"ListItem\",\"position\":2,\"name\":\"Shop\",\"item\":\"https:\\\/\\\/swixed.ch\\\/de\\\/shop\\\/\"},{\"@type\":\"ListItem\",\"position\":3,\"name\":\"Edan SA-10 Blutdruckmessger\u00e4t mit 24-Stunden-Aufzeichnung\"}]},{\"@type\":\"WebSite\",\"@id\":\"https:\\\/\\\/swixed.ch\\\/de\\\/#website\",\"url\":\"https:\\\/\\\/swixed.ch\\\/de\\\/\",\"name\":\"Swixed SA\",\"description\":\"Elektronische Ger\u00e4te\",\"publisher\":{\"@id\":\"https:\\\/\\\/swixed.ch\\\/de\\\/#organization\"},\"potentialAction\":[{\"@type\":\"SearchAction\",\"target\":{\"@type\":\"EntryPoint\",\"urlTemplate\":\"https:\\\/\\\/swixed.ch\\\/de\\\/?s={search_term_string}\"},\"query-input\":{\"@type\":\"PropertyValueSpecification\",\"valueRequired\":true,\"valueName\":\"search_term_string\"}}],\"inLanguage\":\"de\"},{\"@type\":\"Organization\",\"@id\":\"https:\\\/\\\/swixed.ch\\\/de\\\/#organization\",\"name\":\"Swixed SA\",\"url\":\"https:\\\/\\\/swixed.ch\\\/de\\\/\",\"logo\":{\"@type\":\"ImageObject\",\"inLanguage\":\"de\",\"@id\":\"https:\\\/\\\/swixed.ch\\\/de\\\/#\\\/schema\\\/logo\\\/image\\\/\",\"url\":\"https:\\\/\\\/swixed.ch\\\/wp-content\\\/uploads\\\/logos\\\/swixed-logo-lite.png\",\"contentUrl\":\"https:\\\/\\\/swixed.ch\\\/wp-content\\\/uploads\\\/logos\\\/swixed-logo-lite.png\",\"width\":696,\"height\":696,\"caption\":\"Swixed SA\"},\"image\":{\"@id\":\"https:\\\/\\\/swixed.ch\\\/de\\\/#\\\/schema\\\/logo\\\/image\\\/\"},\"sameAs\":[\"https:\\\/\\\/www.facebook.com\\\/swixed\",\"https:\\\/\\\/www.linkedin.com\\\/company\\\/swixed\",\"https:\\\/\\\/www.youtube.com\\\/@swixedsa\"],\"description\":\"Swixed SA est une entreprise suisse bas\u00e9e \u00e0 Gen\u00e8ve, sp\u00e9cialis\u00e9e dans la vente, la location et la maintenance d\u2019appareils m\u00e9dicaux professionnels, tels que d\u00e9fibrillateurs AED, \u00e9lectrocardiographes, moniteurs patient et dispositifs de diagnostic.\",\"email\":\"infoshop@swixed.ch\",\"telephone\":\"+41 22 566 11 95\",\"legalName\":\"Swixed SA\",\"foundingDate\":\"2021-03-01\",\"numberOfEmployees\":{\"@type\":\"QuantitativeValue\",\"minValue\":\"1\",\"maxValue\":\"10\"}}]}<\/script>\n<!-- \/ Yoast SEO Premium plugin. -->","yoast_head_json":{"title":"Edan SA-10 Blutdruckmessger\u00e4t mit 24-Stunden-Aufzeichnung | Swixed SA","description":"\u00dcberwachen Sie Ihren Blutdruck 24 Stunden am Tag mit dem Edan SA-10 Blutdruckmessger\u00e4t. Kompakt und einfach zu bedienen, analysieren Sie Ihre Daten auf einfache Weise.","robots":{"index":"index","follow":"follow","max-snippet":"max-snippet:-1","max-image-preview":"max-image-preview:large","max-video-preview":"max-video-preview:-1"},"canonical":"https:\/\/swixed.ch\/de\/produkt\/sed63011\/","og_locale":"de_DE","og_type":"article","og_title":"Edan SA-10 Blutdruckmessger\u00e4t mit 24-Stunden-Aufzeichnung","og_description":"\u00dcberwachen Sie Ihren Blutdruck 24 Stunden am Tag mit dem Edan SA-10 Blutdruckmessger\u00e4t. Kompakt und einfach zu bedienen, analysieren Sie Ihre Daten auf einfache Weise.","og_url":"https:\/\/swixed.ch\/de\/produkt\/sed63011\/","og_site_name":"Swixed SA","article_publisher":"https:\/\/www.facebook.com\/swixed","article_modified_time":"2026-04-21T05:41:44+00:00","og_image":[{"width":600,"height":600,"url":"https:\/\/swixed.ch\/wp-content\/uploads\/products\/edan-sa-10-01a.png","type":"image\/png"}],"twitter_card":"summary_large_image","twitter_misc":{"Gesch\u00e4tzte Lesezeit":"1\u00a0Minute"},"schema":{"@context":"https:\/\/schema.org","@graph":[{"@type":"WebPage","@id":"https:\/\/swixed.ch\/de\/produkt\/sed63011\/","url":"https:\/\/swixed.ch\/de\/produkt\/sed63011\/","name":"Edan SA-10 Blutdruckmessger\u00e4t mit 24-Stunden-Aufzeichnung | Swixed SA","isPartOf":{"@id":"https:\/\/swixed.ch\/de\/#website"},"primaryImageOfPage":{"@id":"https:\/\/swixed.ch\/de\/produkt\/sed63011\/#primaryimage"},"image":{"@id":"https:\/\/swixed.ch\/de\/produkt\/sed63011\/#primaryimage"},"thumbnailUrl":"https:\/\/swixed.ch\/wp-content\/uploads\/products\/edan-sa-10-01a.png","datePublished":"2023-07-01T13:17:46+00:00","dateModified":"2026-04-21T05:41:44+00:00","description":"\u00dcberwachen Sie Ihren Blutdruck 24 Stunden am Tag mit dem Edan SA-10 Blutdruckmessger\u00e4t. Kompakt und einfach zu bedienen, analysieren Sie Ihre Daten auf einfache Weise.","breadcrumb":{"@id":"https:\/\/swixed.ch\/de\/produkt\/sed63011\/#breadcrumb"},"inLanguage":"de","potentialAction":[{"@type":"ReadAction","target":["https:\/\/swixed.ch\/de\/produkt\/sed63011\/"]}]},{"@type":"ImageObject","inLanguage":"de","@id":"https:\/\/swixed.ch\/de\/produkt\/sed63011\/#primaryimage","url":"https:\/\/swixed.ch\/wp-content\/uploads\/products\/edan-sa-10-01a.png","contentUrl":"https:\/\/swixed.ch\/wp-content\/uploads\/products\/edan-sa-10-01a.png","width":600,"height":600,"caption":"Blutdruckmessger\u00e4t Edan SA-10 remler 24h"},{"@type":"BreadcrumbList","@id":"https:\/\/swixed.ch\/de\/produkt\/sed63011\/#breadcrumb","itemListElement":[{"@type":"ListItem","position":1,"name":"Startseite","item":"https:\/\/swixed.ch\/de\/home\/"},{"@type":"ListItem","position":2,"name":"Shop","item":"https:\/\/swixed.ch\/de\/shop\/"},{"@type":"ListItem","position":3,"name":"Edan SA-10 Blutdruckmessger\u00e4t mit 24-Stunden-Aufzeichnung"}]},{"@type":"WebSite","@id":"https:\/\/swixed.ch\/de\/#website","url":"https:\/\/swixed.ch\/de\/","name":"Swixed SA","description":"Elektronische Ger\u00e4te","publisher":{"@id":"https:\/\/swixed.ch\/de\/#organization"},"potentialAction":[{"@type":"SearchAction","target":{"@type":"EntryPoint","urlTemplate":"https:\/\/swixed.ch\/de\/?s={search_term_string}"},"query-input":{"@type":"PropertyValueSpecification","valueRequired":true,"valueName":"search_term_string"}}],"inLanguage":"de"},{"@type":"Organization","@id":"https:\/\/swixed.ch\/de\/#organization","name":"Swixed SA","url":"https:\/\/swixed.ch\/de\/","logo":{"@type":"ImageObject","inLanguage":"de","@id":"https:\/\/swixed.ch\/de\/#\/schema\/logo\/image\/","url":"https:\/\/swixed.ch\/wp-content\/uploads\/logos\/swixed-logo-lite.png","contentUrl":"https:\/\/swixed.ch\/wp-content\/uploads\/logos\/swixed-logo-lite.png","width":696,"height":696,"caption":"Swixed SA"},"image":{"@id":"https:\/\/swixed.ch\/de\/#\/schema\/logo\/image\/"},"sameAs":["https:\/\/www.facebook.com\/swixed","https:\/\/www.linkedin.com\/company\/swixed","https:\/\/www.youtube.com\/@swixedsa"],"description":"Swixed SA est une entreprise suisse bas\u00e9e \u00e0 Gen\u00e8ve, sp\u00e9cialis\u00e9e dans la vente, la location et la maintenance d\u2019appareils m\u00e9dicaux professionnels, tels que d\u00e9fibrillateurs AED, \u00e9lectrocardiographes, moniteurs patient et dispositifs de diagnostic.","email":"infoshop@swixed.ch","telephone":"+41 22 566 11 95","legalName":"Swixed SA","foundingDate":"2021-03-01","numberOfEmployees":{"@type":"QuantitativeValue","minValue":"1","maxValue":"10"}}]}},"_links":{"self":[{"href":"https:\/\/swixed.ch\/de\/wp-json\/wp\/v2\/product\/36040","targetHints":{"allow":["GET"]}}],"collection":[{"href":"https:\/\/swixed.ch\/de\/wp-json\/wp\/v2\/product"}],"about":[{"href":"https:\/\/swixed.ch\/de\/wp-json\/wp\/v2\/types\/product"}],"version-history":[{"count":1,"href":"https:\/\/swixed.ch\/de\/wp-json\/wp\/v2\/product\/36040\/revisions"}],"predecessor-version":[{"id":63060,"href":"https:\/\/swixed.ch\/de\/wp-json\/wp\/v2\/product\/36040\/revisions\/63060"}],"wp:featuredmedia":[{"embeddable":true,"href":"https:\/\/swixed.ch\/de\/wp-json\/wp\/v2\/media\/31571"}],"wp:attachment":[{"href":"https:\/\/swixed.ch\/de\/wp-json\/wp\/v2\/media?parent=36040"}],"wp:term":[{"taxonomy":"product_brand","embeddable":true,"href":"https:\/\/swixed.ch\/de\/wp-json\/wp\/v2\/product_brand?post=36040"},{"taxonomy":"product_cat","embeddable":true,"href":"https:\/\/swixed.ch\/de\/wp-json\/wp\/v2\/product_cat?post=36040"},{"taxonomy":"product_tag","embeddable":true,"href":"https:\/\/swixed.ch\/de\/wp-json\/wp\/v2\/product_tag?post=36040"}],"curies":[{"name":"wp","href":"https:\/\/api.w.org\/{rel}","templated":true}]}}