{"id":36049,"date":"2023-03-15T19:33:29","date_gmt":"2023-03-15T18:33:29","guid":{"rendered":"https:\/\/swixed.com\/produit\/gebraucht-defibrillator-cardiac-science-g5\/"},"modified":"2026-04-19T19:13:38","modified_gmt":"2026-04-19T18:13:38","slug":"sed30016","status":"publish","type":"product","link":"https:\/\/swixed.ch\/de\/produkt\/sed30016\/","title":{"rendered":"Cardiac Science Powerheart G5 Gebrauchter automatischer Defibrillator"},"content":{"rendered":"\t\t<div data-elementor-type=\"product-post\" data-elementor-id=\"36049\" class=\"elementor elementor-36049 elementor-18658\" data-elementor-post-type=\"product\">\n\t\t\t\t<div class=\"elementor-element elementor-element-2987dd8 e-con-full e-flex e-con e-parent\" data-id=\"2987dd8\" data-element_type=\"container\" data-e-type=\"container\">\n\t\t<div class=\"elementor-element elementor-element-2fab4b0 e-con-full e-flex e-con e-child\" data-id=\"2fab4b0\" data-element_type=\"container\" data-e-type=\"container\">\n\t\t\t\t<div class=\"elementor-element elementor-element-43484fb elementor-widget elementor-widget-heading\" data-id=\"43484fb\" data-element_type=\"widget\" data-e-type=\"widget\" data-widget_type=\"heading.default\">\n\t\t\t\t\t<h2 class=\"elementor-heading-title elementor-size-default\">Allgemeine Darstellung<\/h2>\t\t\t\t<\/div>\n\t\t\t\t<div class=\"elementor-element elementor-element-9412bd3 elementor-widget elementor-widget-text-editor\" data-id=\"9412bd3\" data-element_type=\"widget\" data-e-type=\"widget\" data-widget_type=\"text-editor.default\">\n\t\t\t\t\t\t\t\t\tDer gebrauchte automatische Defibrillator Cardiac Science Powerheart G5 erf\u00fcllt die Anforderungen von professionellen und gemeinschaftlichen Umgebungen. Er kombiniert ein robustes Design, eine gef\u00fchrte Schnittstelle und einen vollautomatischen Betrieb. Das Ger\u00e4t analysiert den Herzrhythmus und l\u00f6st den Schock automatisch aus, wenn die technischen Bedingungen dies zulassen, ohne dass ein manuelles Eingreifen erforderlich ist.  \n\nDar\u00fcber hinaus f\u00fchrt der Powerheart G5 t\u00e4gliche, w\u00f6chentliche und monatliche Selbsttests durch. Diese Kontrollen \u00fcberpr\u00fcfen kontinuierlich den Zustand der Batterie, der Elektroden und der internen Komponenten. Auf diese Weise kann der Benutzer den Betriebszustand des Ger\u00e4ts schnell erkennen.  \n\nSchlie\u00dflich wird diese gebrauchte Version vor der Vermarktung einer vollst\u00e4ndigen technischen Kontrolle unterzogen. Das Team liefert jedes Ger\u00e4t mit neuen Verbrauchsmaterialien, was eine sofortige Installation unter Einhaltung der geltenden Anforderungen erm\u00f6glicht. \t\t\t\t\t\t\t\t<\/div>\n\t\t\t\t<div class=\"elementor-element elementor-element-27031e2 elementor-widget elementor-widget-heading\" data-id=\"27031e2\" data-element_type=\"widget\" data-e-type=\"widget\" data-widget_type=\"heading.default\">\n\t\t\t\t\t<h2 class=\"elementor-heading-title elementor-size-default\">Technische Daten und Konfiguration<\/h2>\t\t\t\t<\/div>\n\t\t\t\t<div class=\"elementor-element elementor-element-0a75941 elementor-widget elementor-widget-text-editor\" data-id=\"0a75941\" data-element_type=\"widget\" data-e-type=\"widget\" data-widget_type=\"text-editor.default\">\n\t\t\t\t\t\t\t\t\t<p>Der automatische Defibrillator Cardiac Science G5 zeichnet sich durch eine klare und funktionelle Konfiguration aus. Seine Sprachanweisungen und das eingebaute Metronom begleiten jeden Schritt des Prozesses. Dar\u00fcber hinaus ist das Ger\u00e4t mehrsprachig einsetzbar, wobei die integrierten Sprachen direkt ausgew\u00e4hlt werden k\u00f6nnen.  <\/p><p>Hauptmerkmale :<\/p><ul><li>Automatischer Betrieb mit integrierter Rhythmusanalyse<\/li><li>Klare Sprachanweisungen und klingendes Metronom<\/li><li>Automatische, programmierte Selbsttests<\/li><li>Kompatibilit\u00e4t mit p\u00e4diatrischen Elektroden (automatische Umschaltung)<\/li><li>Neue Batterie mit langer Laufzeit<\/li><li>Inklusive neuer Elektroden f\u00fcr Erwachsene<\/li><\/ul><p><br>Das Ger\u00e4t wird mit allen f\u00fcr die Installation erforderlichen Komponenten geliefert. Es ist keine zus\u00e4tzliche Konfiguration vor Ort erforderlich. <\/p>\t\t\t\t\t\t\t\t<\/div>\n\t\t\t\t<div class=\"elementor-element elementor-element-d13dd27 elementor-widget elementor-widget-heading\" data-id=\"d13dd27\" data-element_type=\"widget\" data-e-type=\"widget\" data-widget_type=\"heading.default\">\n\t\t\t\t\t<h2 class=\"elementor-heading-title elementor-size-default\">Nutzung, Einhaltung und Empfehlungen<\/h2>\t\t\t\t<\/div>\n\t\t\t\t<div class=\"elementor-element elementor-element-e41b386 elementor-widget elementor-widget-text-editor\" data-id=\"e41b386\" data-element_type=\"widget\" data-e-type=\"widget\" data-widget_type=\"text-editor.default\">\n\t\t\t\t\t\t\t\t\t<p>Der automatische Powerheart G5 entspricht der Verordnung (EU) 2017\/745 \u00fcber Medizinprodukte und erf\u00fcllt die strengsten internationalen Standards.<br>Er f\u00fchrt selbstst\u00e4ndig vollst\u00e4ndige Selbsttests durch, so dass seine Verf\u00fcgbarkeit jederzeit gew\u00e4hrleistet ist.<br>Um eine optimale Leistung zu erhalten, wird empfohlen, das Ger\u00e4t j\u00e4hrlich zu \u00fcberpr\u00fcfen und die Batterie und Elektroden gem\u00e4\u00df den Angaben des Herstellers regelm\u00e4\u00dfig auszutauschen.<br>Dar\u00fcber hinaus erf\u00fcllt dieses Modell die Sicherheitsanforderungen der IEC 60601-1 und folgt den Richtlinien des BAG und der Swissmedic.<br>Somit erhalten die Benutzer ein zuverl\u00e4ssiges, konformes und jederzeit einsatzbereites Ger\u00e4t.<\/p><p>\t\t<div data-elementor-type=\"widget\" data-elementor-id=\"59088\" class=\"elementor elementor-59088 elementor-59083 elementor-59083\" data-elementor-post-type=\"elementor_library\">\n\t\t\t\t\t\t<div class=\"elementor-element elementor-element-59083 elementor-widget elementor-widget-text-editor\" data-id=\"59083\" data-element_type=\"widget\" data-e-type=\"widget\" data-widget_type=\"text-editor.default\">\n\t\t\t\t\t\t\t\t\t<p>Weitere Informationen finden Sie unter :<\/p><ul><li><a href=\"https:\/\/www.swissmedic.ch\" target=\"_blank\" rel=\"noopener\">Swissmedic<\/a><\/li><li><a href=\"https:\/\/www.bag.admin.ch\" target=\"_blank\" rel=\"noopener\">Bundesamt f\u00fcr Gesundheit (BAG)<\/a><\/li><li><a href=\"https:\/\/www.switec.info\" target=\"_blank\" rel=\"noopener\">Schweizerisches Informationszentrum f\u00fcr technische Regeln (Switec)<\/a><\/li><li><a href=\"https:\/\/www.fedlex.admin.ch\/eli\/cc\/2020\/552\/\" target=\"_blank\" rel=\"noopener\">Verordnung \u00fcber Medizinprodukte (MDDV oder MedDO)<\/a><\/li><\/ul><p><br>Unsere Medizinprodukte haben einen autorisierten Vertreter in der Schweiz (CH-REP), gem\u00e4\u00df der geltenden schweizerischen Gesetzgebung f\u00fcr Medizinprodukte.<\/p>\t\t\t\t\t\t\t\t<\/div>\n\t\t\t\t<\/div>\n\t\t<br>Klicken Sie hier, um die <a href=\"https:\/\/swixed.ch\/de\/produkt\/sed94000\/\">regelm\u00e4\u00dfige Wartung<\/a> zu buchen.<\/p>\t\t\t\t\t\t\t\t<\/div>\n\t\t\t\t<div class=\"elementor-element elementor-element-521ebe0 elementor-widget elementor-widget-heading\" data-id=\"521ebe0\" data-element_type=\"widget\" data-e-type=\"widget\" data-widget_type=\"heading.default\">\n\t\t\t\t\t<h2 class=\"elementor-heading-title elementor-size-default\">Inhalt<\/h2>\t\t\t\t<\/div>\n\t\t\t\t<div class=\"elementor-element elementor-element-98fafa9 elementor-widget elementor-widget-text-editor\" data-id=\"98fafa9\" data-element_type=\"widget\" data-e-type=\"widget\" data-widget_type=\"text-editor.default\">\n\t\t\t\t\t\t\t\t\t<ul><li>1 gebrauchter automatischer Defibrillator Cardiac Science G5<\/li><li>Sprache: Franz\u00f6sisch \/ Englisch<\/li><li>Neue Batterie<\/li><li>Ein Paar neue Elektroden f\u00fcr Erwachsene<\/li><li>Getestet und mit 2 Jahren Garantie nach dem Kauf<\/li><\/ul>\t\t\t\t\t\t\t\t<\/div>\n\t\t\t\t<\/div>\n\t\t\t\t<\/div>\n\t\t\t\t<\/div>\n\t\t","protected":false},"excerpt":{"rendered":"<p>Der Cardiac Science Powerheart G5 ist ein gebrauchter automatischer Defibrillator, der f\u00fcr den Einsatz in \u00f6ffentlichen und professionellen Umgebungen bestimmt ist. Jedes Ger\u00e4t wird nach festgelegten technischen Verfahren gepr\u00fcft und getestet, bevor es auf den Markt kommt. Das Ger\u00e4t wird mit einer neuen Batterie und neuen Elektroden sowie dem wichtigsten Zubeh\u00f6r geliefert. Das Ger\u00e4t ist CE-zertifiziert, hat eine zweij\u00e4hrige Garantie und ist f\u00fcr den Gebrauch durch Benutzer ohne medizinische Vorbildung sowie durch Gesundheitspersonal vorgesehen.   <\/p>\n","protected":false},"featured_media":57577,"template":"","meta":{"_acf_changed":false},"product_brand":[2128],"product_cat":[1727,1422,1423,1823],"product_tag":[7424,7088,1544,4306,2623,3769,7364,2875,7355,7425],"class_list":{"0":"post-36049","1":"product","2":"type-product","3":"status-publish","4":"has-post-thumbnail","6":"product_brand-cardiac-science-de","7":"product_cat-gebrauchte-defibrillatoren","8":"product_cat-defibrillatoren","9":"product_cat-geraete-defibrillatoren","10":"product_cat-gebrauchte-gerate","11":"product_tag-aed-cardiac-science","12":"product_tag-aed-defibrillator","13":"product_tag-automatischer-defibrillator","14":"product_tag-cardiac-science-g5-de","15":"product_tag-gebrauchter-defibrillator","16":"product_tag-medizinische-ausrustung","17":"product_tag-powerheart-g5","18":"product_tag-professioneller-defibrillator","19":"product_tag-schweizerisches-medizinisches-material","20":"product_tag-zertifiziertes-medizinisches-gerat","21":"product_shipping_class-kostenloser-versand","23":"first","24":"outofstock","25":"taxable","26":"shipping-taxable","27":"product-type-simple"},"acf":[],"yoast_head":"<!-- This site is optimized with the Yoast SEO Premium plugin v27.4 (Yoast SEO v27.4) - https:\/\/yoast.com\/product\/yoast-seo-premium-wordpress\/ -->\n<title>Cardiac Science G5 Automatischer Defibrillator gebraucht | Swixed SA<\/title>\n<meta name=\"description\" content=\"Gebrauchter automatischer Defibrillator Cardiac Science G5, gepr\u00fcft und mit neuer Batterie und Elektroden geliefert, der den geltenden Schweizer Anforderungen entspricht.\" \/>\n<meta name=\"robots\" content=\"index, follow, max-snippet:-1, max-image-preview:large, max-video-preview:-1\" \/>\n<link rel=\"canonical\" href=\"https:\/\/swixed.ch\/de\/produkt\/sed30016\/\" \/>\n<meta property=\"og:locale\" content=\"de_DE\" \/>\n<meta property=\"og:type\" content=\"article\" \/>\n<meta property=\"og:title\" content=\"Cardiac Science Powerheart G5 Gebrauchter automatischer Defibrillator\" \/>\n<meta property=\"og:description\" content=\"Gebrauchter automatischer Defibrillator Cardiac Science G5, gepr\u00fcft und mit neuer Batterie und Elektroden geliefert, der den geltenden Schweizer Anforderungen entspricht.\" \/>\n<meta property=\"og:url\" content=\"https:\/\/swixed.ch\/de\/produkt\/sed30016\/\" \/>\n<meta property=\"og:site_name\" content=\"Swixed SA\" \/>\n<meta property=\"article:publisher\" content=\"https:\/\/www.facebook.com\/swixed\" \/>\n<meta property=\"article:modified_time\" content=\"2026-04-19T18:13:38+00:00\" \/>\n<meta property=\"og:image\" content=\"https:\/\/swixed.ch\/wp-content\/uploads\/2025\/12\/SED30016-01.png\" \/>\n\t<meta property=\"og:image:width\" content=\"600\" \/>\n\t<meta property=\"og:image:height\" content=\"600\" \/>\n\t<meta property=\"og:image:type\" content=\"image\/png\" \/>\n<meta name=\"twitter:card\" content=\"summary_large_image\" \/>\n<meta name=\"twitter:label1\" content=\"Gesch\u00e4tzte Lesezeit\" \/>\n\t<meta name=\"twitter:data1\" content=\"2\u00a0Minuten\" \/>\n<script type=\"application\/ld+json\" class=\"yoast-schema-graph\">{\"@context\":\"https:\\\/\\\/schema.org\",\"@graph\":[{\"@type\":\"WebPage\",\"@id\":\"https:\\\/\\\/swixed.ch\\\/de\\\/produkt\\\/sed30016\\\/\",\"url\":\"https:\\\/\\\/swixed.ch\\\/de\\\/produkt\\\/sed30016\\\/\",\"name\":\"Cardiac Science G5 Automatischer Defibrillator gebraucht | Swixed SA\",\"isPartOf\":{\"@id\":\"https:\\\/\\\/swixed.ch\\\/de\\\/#website\"},\"primaryImageOfPage\":{\"@id\":\"https:\\\/\\\/swixed.ch\\\/de\\\/produkt\\\/sed30016\\\/#primaryimage\"},\"image\":{\"@id\":\"https:\\\/\\\/swixed.ch\\\/de\\\/produkt\\\/sed30016\\\/#primaryimage\"},\"thumbnailUrl\":\"https:\\\/\\\/swixed.ch\\\/wp-content\\\/uploads\\\/2025\\\/12\\\/SED30016-01.png\",\"datePublished\":\"2023-03-15T18:33:29+00:00\",\"dateModified\":\"2026-04-19T18:13:38+00:00\",\"description\":\"Gebrauchter automatischer Defibrillator Cardiac Science G5, gepr\u00fcft und mit neuer Batterie und Elektroden geliefert, der den geltenden Schweizer Anforderungen entspricht.\",\"breadcrumb\":{\"@id\":\"https:\\\/\\\/swixed.ch\\\/de\\\/produkt\\\/sed30016\\\/#breadcrumb\"},\"inLanguage\":\"de\",\"potentialAction\":[{\"@type\":\"ReadAction\",\"target\":[\"https:\\\/\\\/swixed.ch\\\/de\\\/produkt\\\/sed30016\\\/\"]}]},{\"@type\":\"ImageObject\",\"inLanguage\":\"de\",\"@id\":\"https:\\\/\\\/swixed.ch\\\/de\\\/produkt\\\/sed30016\\\/#primaryimage\",\"url\":\"https:\\\/\\\/swixed.ch\\\/wp-content\\\/uploads\\\/2025\\\/12\\\/SED30016-01.png\",\"contentUrl\":\"https:\\\/\\\/swixed.ch\\\/wp-content\\\/uploads\\\/2025\\\/12\\\/SED30016-01.png\",\"width\":600,\"height\":600,\"caption\":\"SED30016\"},{\"@type\":\"BreadcrumbList\",\"@id\":\"https:\\\/\\\/swixed.ch\\\/de\\\/produkt\\\/sed30016\\\/#breadcrumb\",\"itemListElement\":[{\"@type\":\"ListItem\",\"position\":1,\"name\":\"Startseite\",\"item\":\"https:\\\/\\\/swixed.ch\\\/de\\\/home\\\/\"},{\"@type\":\"ListItem\",\"position\":2,\"name\":\"Shop\",\"item\":\"https:\\\/\\\/swixed.ch\\\/de\\\/shop\\\/\"},{\"@type\":\"ListItem\",\"position\":3,\"name\":\"Cardiac Science Powerheart G5 Gebrauchter automatischer Defibrillator\"}]},{\"@type\":\"WebSite\",\"@id\":\"https:\\\/\\\/swixed.ch\\\/de\\\/#website\",\"url\":\"https:\\\/\\\/swixed.ch\\\/de\\\/\",\"name\":\"Swixed SA\",\"description\":\"Elektronische Ger\u00e4te\",\"publisher\":{\"@id\":\"https:\\\/\\\/swixed.ch\\\/de\\\/#organization\"},\"potentialAction\":[{\"@type\":\"SearchAction\",\"target\":{\"@type\":\"EntryPoint\",\"urlTemplate\":\"https:\\\/\\\/swixed.ch\\\/de\\\/?s={search_term_string}\"},\"query-input\":{\"@type\":\"PropertyValueSpecification\",\"valueRequired\":true,\"valueName\":\"search_term_string\"}}],\"inLanguage\":\"de\"},{\"@type\":\"Organization\",\"@id\":\"https:\\\/\\\/swixed.ch\\\/de\\\/#organization\",\"name\":\"Swixed SA\",\"url\":\"https:\\\/\\\/swixed.ch\\\/de\\\/\",\"logo\":{\"@type\":\"ImageObject\",\"inLanguage\":\"de\",\"@id\":\"https:\\\/\\\/swixed.ch\\\/de\\\/#\\\/schema\\\/logo\\\/image\\\/\",\"url\":\"https:\\\/\\\/swixed.ch\\\/wp-content\\\/uploads\\\/logos\\\/swixed-logo-lite.png\",\"contentUrl\":\"https:\\\/\\\/swixed.ch\\\/wp-content\\\/uploads\\\/logos\\\/swixed-logo-lite.png\",\"width\":696,\"height\":696,\"caption\":\"Swixed SA\"},\"image\":{\"@id\":\"https:\\\/\\\/swixed.ch\\\/de\\\/#\\\/schema\\\/logo\\\/image\\\/\"},\"sameAs\":[\"https:\\\/\\\/www.facebook.com\\\/swixed\",\"https:\\\/\\\/www.linkedin.com\\\/company\\\/swixed\",\"https:\\\/\\\/www.youtube.com\\\/@swixedsa\"],\"description\":\"Swixed SA est une entreprise suisse bas\u00e9e \u00e0 Gen\u00e8ve, sp\u00e9cialis\u00e9e dans la vente, la location et la maintenance d\u2019appareils m\u00e9dicaux professionnels, tels que d\u00e9fibrillateurs AED, \u00e9lectrocardiographes, moniteurs patient et dispositifs de diagnostic.\",\"email\":\"infoshop@swixed.ch\",\"telephone\":\"+41 22 566 11 95\",\"legalName\":\"Swixed SA\",\"foundingDate\":\"2021-03-01\",\"numberOfEmployees\":{\"@type\":\"QuantitativeValue\",\"minValue\":\"1\",\"maxValue\":\"10\"}}]}<\/script>\n<!-- \/ Yoast SEO Premium plugin. -->","yoast_head_json":{"title":"Cardiac Science G5 Automatischer Defibrillator gebraucht | Swixed SA","description":"Gebrauchter automatischer Defibrillator Cardiac Science G5, gepr\u00fcft und mit neuer Batterie und Elektroden geliefert, der den geltenden Schweizer Anforderungen entspricht.","robots":{"index":"index","follow":"follow","max-snippet":"max-snippet:-1","max-image-preview":"max-image-preview:large","max-video-preview":"max-video-preview:-1"},"canonical":"https:\/\/swixed.ch\/de\/produkt\/sed30016\/","og_locale":"de_DE","og_type":"article","og_title":"Cardiac Science Powerheart G5 Gebrauchter automatischer Defibrillator","og_description":"Gebrauchter automatischer Defibrillator Cardiac Science G5, gepr\u00fcft und mit neuer Batterie und Elektroden geliefert, der den geltenden Schweizer Anforderungen entspricht.","og_url":"https:\/\/swixed.ch\/de\/produkt\/sed30016\/","og_site_name":"Swixed SA","article_publisher":"https:\/\/www.facebook.com\/swixed","article_modified_time":"2026-04-19T18:13:38+00:00","og_image":[{"width":600,"height":600,"url":"https:\/\/swixed.ch\/wp-content\/uploads\/2025\/12\/SED30016-01.png","type":"image\/png"}],"twitter_card":"summary_large_image","twitter_misc":{"Gesch\u00e4tzte Lesezeit":"2\u00a0Minuten"},"schema":{"@context":"https:\/\/schema.org","@graph":[{"@type":"WebPage","@id":"https:\/\/swixed.ch\/de\/produkt\/sed30016\/","url":"https:\/\/swixed.ch\/de\/produkt\/sed30016\/","name":"Cardiac Science G5 Automatischer Defibrillator gebraucht | Swixed SA","isPartOf":{"@id":"https:\/\/swixed.ch\/de\/#website"},"primaryImageOfPage":{"@id":"https:\/\/swixed.ch\/de\/produkt\/sed30016\/#primaryimage"},"image":{"@id":"https:\/\/swixed.ch\/de\/produkt\/sed30016\/#primaryimage"},"thumbnailUrl":"https:\/\/swixed.ch\/wp-content\/uploads\/2025\/12\/SED30016-01.png","datePublished":"2023-03-15T18:33:29+00:00","dateModified":"2026-04-19T18:13:38+00:00","description":"Gebrauchter automatischer Defibrillator Cardiac Science G5, gepr\u00fcft und mit neuer Batterie und Elektroden geliefert, der den geltenden Schweizer Anforderungen entspricht.","breadcrumb":{"@id":"https:\/\/swixed.ch\/de\/produkt\/sed30016\/#breadcrumb"},"inLanguage":"de","potentialAction":[{"@type":"ReadAction","target":["https:\/\/swixed.ch\/de\/produkt\/sed30016\/"]}]},{"@type":"ImageObject","inLanguage":"de","@id":"https:\/\/swixed.ch\/de\/produkt\/sed30016\/#primaryimage","url":"https:\/\/swixed.ch\/wp-content\/uploads\/2025\/12\/SED30016-01.png","contentUrl":"https:\/\/swixed.ch\/wp-content\/uploads\/2025\/12\/SED30016-01.png","width":600,"height":600,"caption":"SED30016"},{"@type":"BreadcrumbList","@id":"https:\/\/swixed.ch\/de\/produkt\/sed30016\/#breadcrumb","itemListElement":[{"@type":"ListItem","position":1,"name":"Startseite","item":"https:\/\/swixed.ch\/de\/home\/"},{"@type":"ListItem","position":2,"name":"Shop","item":"https:\/\/swixed.ch\/de\/shop\/"},{"@type":"ListItem","position":3,"name":"Cardiac Science Powerheart G5 Gebrauchter automatischer Defibrillator"}]},{"@type":"WebSite","@id":"https:\/\/swixed.ch\/de\/#website","url":"https:\/\/swixed.ch\/de\/","name":"Swixed SA","description":"Elektronische Ger\u00e4te","publisher":{"@id":"https:\/\/swixed.ch\/de\/#organization"},"potentialAction":[{"@type":"SearchAction","target":{"@type":"EntryPoint","urlTemplate":"https:\/\/swixed.ch\/de\/?s={search_term_string}"},"query-input":{"@type":"PropertyValueSpecification","valueRequired":true,"valueName":"search_term_string"}}],"inLanguage":"de"},{"@type":"Organization","@id":"https:\/\/swixed.ch\/de\/#organization","name":"Swixed SA","url":"https:\/\/swixed.ch\/de\/","logo":{"@type":"ImageObject","inLanguage":"de","@id":"https:\/\/swixed.ch\/de\/#\/schema\/logo\/image\/","url":"https:\/\/swixed.ch\/wp-content\/uploads\/logos\/swixed-logo-lite.png","contentUrl":"https:\/\/swixed.ch\/wp-content\/uploads\/logos\/swixed-logo-lite.png","width":696,"height":696,"caption":"Swixed SA"},"image":{"@id":"https:\/\/swixed.ch\/de\/#\/schema\/logo\/image\/"},"sameAs":["https:\/\/www.facebook.com\/swixed","https:\/\/www.linkedin.com\/company\/swixed","https:\/\/www.youtube.com\/@swixedsa"],"description":"Swixed SA est une entreprise suisse bas\u00e9e \u00e0 Gen\u00e8ve, sp\u00e9cialis\u00e9e dans la vente, la location et la maintenance d\u2019appareils m\u00e9dicaux professionnels, tels que d\u00e9fibrillateurs AED, \u00e9lectrocardiographes, moniteurs patient et dispositifs de diagnostic.","email":"infoshop@swixed.ch","telephone":"+41 22 566 11 95","legalName":"Swixed SA","foundingDate":"2021-03-01","numberOfEmployees":{"@type":"QuantitativeValue","minValue":"1","maxValue":"10"}}]}},"_links":{"self":[{"href":"https:\/\/swixed.ch\/de\/wp-json\/wp\/v2\/product\/36049","targetHints":{"allow":["GET"]}}],"collection":[{"href":"https:\/\/swixed.ch\/de\/wp-json\/wp\/v2\/product"}],"about":[{"href":"https:\/\/swixed.ch\/de\/wp-json\/wp\/v2\/types\/product"}],"version-history":[{"count":1,"href":"https:\/\/swixed.ch\/de\/wp-json\/wp\/v2\/product\/36049\/revisions"}],"predecessor-version":[{"id":62870,"href":"https:\/\/swixed.ch\/de\/wp-json\/wp\/v2\/product\/36049\/revisions\/62870"}],"wp:featuredmedia":[{"embeddable":true,"href":"https:\/\/swixed.ch\/de\/wp-json\/wp\/v2\/media\/57577"}],"wp:attachment":[{"href":"https:\/\/swixed.ch\/de\/wp-json\/wp\/v2\/media?parent=36049"}],"wp:term":[{"taxonomy":"product_brand","embeddable":true,"href":"https:\/\/swixed.ch\/de\/wp-json\/wp\/v2\/product_brand?post=36049"},{"taxonomy":"product_cat","embeddable":true,"href":"https:\/\/swixed.ch\/de\/wp-json\/wp\/v2\/product_cat?post=36049"},{"taxonomy":"product_tag","embeddable":true,"href":"https:\/\/swixed.ch\/de\/wp-json\/wp\/v2\/product_tag?post=36049"}],"curies":[{"name":"wp","href":"https:\/\/api.w.org\/{rel}","templated":true}]}}