{"id":36057,"date":"2023-07-01T14:48:52","date_gmt":"2023-07-01T12:48:52","guid":{"rendered":"https:\/\/swixed.com\/produit\/16-zellen-batterie-fuer-scaleo-horizon-p5-konzentrator\/"},"modified":"2025-07-14T08:41:30","modified_gmt":"2025-07-14T06:41:30","slug":"sed92003","status":"publish","type":"product","link":"https:\/\/swixed.ch\/de\/produkt\/sed92003\/","title":{"rendered":"Scaleo Horizon P5 \u2013 16-Zellen-Batterie f\u00fcr tragbaren Konzentrator"},"content":{"rendered":"\t\t<div data-elementor-type=\"product-post\" data-elementor-id=\"36057\" class=\"elementor elementor-36057 elementor-20637\" data-elementor-post-type=\"product\">\n\t\t\t\t\t\t<section class=\"elementor-section elementor-top-section elementor-element elementor-element-566dfe8 elementor-section-boxed elementor-section-height-default elementor-section-height-default\" data-id=\"566dfe8\" data-element_type=\"section\" data-e-type=\"section\">\n\t\t\t\t\t\t<div class=\"elementor-container elementor-column-gap-default\">\n\t\t\t\t\t<div class=\"elementor-column elementor-col-100 elementor-top-column elementor-element elementor-element-2c4618e\" data-id=\"2c4618e\" data-element_type=\"column\" data-e-type=\"column\">\n\t\t\t<div class=\"elementor-widget-wrap elementor-element-populated\">\n\t\t\t\t\t\t<div class=\"elementor-element elementor-element-57fea7d elementor-widget elementor-widget-heading\" data-id=\"57fea7d\" data-element_type=\"widget\" data-e-type=\"widget\" data-widget_type=\"heading.default\">\n\t\t\t\t\t<h2 class=\"elementor-heading-title elementor-size-default\">8-Zellen-Batterie f\u00fcr den Horizon P5 Sauerstoffkonzentrator<\/h2>\t\t\t\t<\/div>\n\t\t\t\t<div class=\"elementor-element elementor-element-e0a279c elementor-widget elementor-widget-text-editor\" data-id=\"e0a279c\" data-element_type=\"widget\" data-e-type=\"widget\" data-widget_type=\"text-editor.default\">\n\t\t\t\t\t\t\t\t\t<p>Mit seinen 16 Zellen bietet dieser Akku eine zuverl\u00e4ssige und konstante Leistung. Seine Ladezeit betr\u00e4gt maximal 4,5 Stunden. Mit dieser Batterie kann der Horizon P5 Konzentrator <strong>bis zu 5 Stunden und 30 Minuten lang<\/strong> betrieben werden.<\/p><p>Diese Batterie wurde <strong>speziell f\u00fcr den Scaleo Horizon P5 Sauerstoffkonzentrator<\/strong> entwickelt und f\u00fcgt sich nahtlos in das Ger\u00e4t ein. Sie l\u00e4sst sich leicht anbringen und entfernen und bietet Ihnen so maximale Flexibilit\u00e4t.<\/p><p>Alles in allem ist die 16-Zellen-Batterie f\u00fcr den Sauerstoffkonzentrator Scaleo Horizon P5 eine gute Wahl f\u00fcr diejenigen, die die Laufzeit ihres tragbaren Ger\u00e4ts verl\u00e4ngern m\u00f6chten.<\/p>\t\t\t\t\t\t\t\t<\/div>\n\t\t\t\t\t<\/div>\n\t\t<\/div>\n\t\t\t\t\t<\/div>\n\t\t<\/section>\n\t\t\t\t<\/div>\n\t\t","protected":false},"excerpt":{"rendered":"<p>Mit seinen 16 Zellen bietet dieser Akku eine zuverl\u00e4ssige und konstante Leistung. Seine Ladezeit betr\u00e4gt maximal 4,5 Stunden. Mit dieser Batterie kann der Horizon P5 Konzentrator bis zu 5 Stunden und 30 Minuten betrieben werden.<\/p>\n","protected":false},"featured_media":31279,"template":"","meta":{"_acf_changed":false},"product_brand":[2101],"product_cat":[1764,1826],"product_tag":[1796,1794,1797,1791,1785,1781,1777,1788],"class_list":{"0":"post-36057","1":"product","2":"type-product","3":"status-publish","4":"has-post-thumbnail","6":"product_brand-scaleo-medical-de","7":"product_cat-sauerstoffkonzentratoren","8":"product_cat-zubehor-sauerstoffkonzentratoren","9":"product_tag-asthma-de","10":"product_tag-copd-de","11":"product_tag-atmungeinfach","12":"product_tag-gesundheitrespiratorisch","13":"product_tag-horizons5-de","14":"product_tag-sauerstoff-konzentrator","15":"product_tag-sauerstofftherapie","16":"product_tag-scaleomedical-de","18":"first","19":"instock","20":"taxable","21":"shipping-taxable","22":"purchasable","23":"product-type-simple"},"acf":[],"yoast_head":"<!-- This site is optimized with the Yoast SEO Premium plugin v27.4 (Yoast SEO v27.4) - https:\/\/yoast.com\/product\/yoast-seo-premium-wordpress\/ -->\n<title>Scaleo Horizon P5 \u2013 16-Zellen-Batterie f\u00fcr tragbaren Konzentrator | Swixed SA<\/title>\n<meta name=\"description\" content=\"Mit seinen 16 Zellen bietet dieser Akku eine zuverl\u00e4ssige und konstante Leistung. Sie erm\u00f6glicht eine Nutzung des P5-Konzentrators f\u00fcr 5,5 Stunden.\" \/>\n<meta name=\"robots\" content=\"index, follow, max-snippet:-1, max-image-preview:large, max-video-preview:-1\" \/>\n<link rel=\"canonical\" href=\"https:\/\/swixed.ch\/de\/produkt\/sed92003\/\" \/>\n<meta property=\"og:locale\" content=\"de_DE\" \/>\n<meta property=\"og:type\" content=\"article\" \/>\n<meta property=\"og:title\" content=\"Scaleo Horizon P5 \u2013 16-Zellen-Batterie f\u00fcr tragbaren Konzentrator\" \/>\n<meta property=\"og:description\" content=\"Mit seinen 16 Zellen bietet dieser Akku eine zuverl\u00e4ssige und konstante Leistung. Sie erm\u00f6glicht eine Nutzung des P5-Konzentrators f\u00fcr 5,5 Stunden.\" \/>\n<meta property=\"og:url\" content=\"https:\/\/swixed.ch\/de\/produkt\/sed92003\/\" \/>\n<meta property=\"og:site_name\" content=\"Swixed SA\" \/>\n<meta property=\"article:publisher\" content=\"https:\/\/www.facebook.com\/swixed\" \/>\n<meta property=\"article:modified_time\" content=\"2025-07-14T06:41:30+00:00\" \/>\n<meta property=\"og:image\" content=\"https:\/\/swixed.ch\/wp-content\/uploads\/products\/scaleo-medical-horizon-p5-batterie-double-01.png\" \/>\n\t<meta property=\"og:image:width\" content=\"600\" \/>\n\t<meta property=\"og:image:height\" content=\"600\" \/>\n\t<meta property=\"og:image:type\" content=\"image\/png\" \/>\n<meta name=\"twitter:card\" content=\"summary_large_image\" \/>\n<meta name=\"twitter:label1\" content=\"Gesch\u00e4tzte Lesezeit\" \/>\n\t<meta name=\"twitter:data1\" content=\"1\u00a0Minute\" \/>\n<script type=\"application\/ld+json\" class=\"yoast-schema-graph\">{\"@context\":\"https:\\\/\\\/schema.org\",\"@graph\":[{\"@type\":\"WebPage\",\"@id\":\"https:\\\/\\\/swixed.ch\\\/de\\\/produkt\\\/sed92003\\\/\",\"url\":\"https:\\\/\\\/swixed.ch\\\/de\\\/produkt\\\/sed92003\\\/\",\"name\":\"Scaleo Horizon P5 \u2013 16-Zellen-Batterie f\u00fcr tragbaren Konzentrator | Swixed SA\",\"isPartOf\":{\"@id\":\"https:\\\/\\\/swixed.ch\\\/de\\\/#website\"},\"primaryImageOfPage\":{\"@id\":\"https:\\\/\\\/swixed.ch\\\/de\\\/produkt\\\/sed92003\\\/#primaryimage\"},\"image\":{\"@id\":\"https:\\\/\\\/swixed.ch\\\/de\\\/produkt\\\/sed92003\\\/#primaryimage\"},\"thumbnailUrl\":\"https:\\\/\\\/swixed.ch\\\/wp-content\\\/uploads\\\/products\\\/scaleo-medical-horizon-p5-batterie-double-01.png\",\"datePublished\":\"2023-07-01T12:48:52+00:00\",\"dateModified\":\"2025-07-14T06:41:30+00:00\",\"description\":\"Mit seinen 16 Zellen bietet dieser Akku eine zuverl\u00e4ssige und konstante Leistung. Sie erm\u00f6glicht eine Nutzung des P5-Konzentrators f\u00fcr 5,5 Stunden.\",\"breadcrumb\":{\"@id\":\"https:\\\/\\\/swixed.ch\\\/de\\\/produkt\\\/sed92003\\\/#breadcrumb\"},\"inLanguage\":\"de\",\"potentialAction\":[{\"@type\":\"ReadAction\",\"target\":[\"https:\\\/\\\/swixed.ch\\\/de\\\/produkt\\\/sed92003\\\/\"]}]},{\"@type\":\"ImageObject\",\"inLanguage\":\"de\",\"@id\":\"https:\\\/\\\/swixed.ch\\\/de\\\/produkt\\\/sed92003\\\/#primaryimage\",\"url\":\"https:\\\/\\\/swixed.ch\\\/wp-content\\\/uploads\\\/products\\\/scaleo-medical-horizon-p5-batterie-double-01.png\",\"contentUrl\":\"https:\\\/\\\/swixed.ch\\\/wp-content\\\/uploads\\\/products\\\/scaleo-medical-horizon-p5-batterie-double-01.png\",\"width\":600,\"height\":600,\"caption\":\"16-Zellen-Batterie f\u00fcr Scaleo Horizon P5 Konzentrator\"},{\"@type\":\"BreadcrumbList\",\"@id\":\"https:\\\/\\\/swixed.ch\\\/de\\\/produkt\\\/sed92003\\\/#breadcrumb\",\"itemListElement\":[{\"@type\":\"ListItem\",\"position\":1,\"name\":\"Startseite\",\"item\":\"https:\\\/\\\/swixed.ch\\\/de\\\/home\\\/\"},{\"@type\":\"ListItem\",\"position\":2,\"name\":\"Shop\",\"item\":\"https:\\\/\\\/swixed.ch\\\/de\\\/shop\\\/\"},{\"@type\":\"ListItem\",\"position\":3,\"name\":\"Scaleo Horizon P5 \u2013 16-Zellen-Batterie f\u00fcr tragbaren Konzentrator\"}]},{\"@type\":\"WebSite\",\"@id\":\"https:\\\/\\\/swixed.ch\\\/de\\\/#website\",\"url\":\"https:\\\/\\\/swixed.ch\\\/de\\\/\",\"name\":\"Swixed SA\",\"description\":\"Elektronische Ger\u00e4te\",\"publisher\":{\"@id\":\"https:\\\/\\\/swixed.ch\\\/de\\\/#organization\"},\"potentialAction\":[{\"@type\":\"SearchAction\",\"target\":{\"@type\":\"EntryPoint\",\"urlTemplate\":\"https:\\\/\\\/swixed.ch\\\/de\\\/?s={search_term_string}\"},\"query-input\":{\"@type\":\"PropertyValueSpecification\",\"valueRequired\":true,\"valueName\":\"search_term_string\"}}],\"inLanguage\":\"de\"},{\"@type\":\"Organization\",\"@id\":\"https:\\\/\\\/swixed.ch\\\/de\\\/#organization\",\"name\":\"Swixed SA\",\"url\":\"https:\\\/\\\/swixed.ch\\\/de\\\/\",\"logo\":{\"@type\":\"ImageObject\",\"inLanguage\":\"de\",\"@id\":\"https:\\\/\\\/swixed.ch\\\/de\\\/#\\\/schema\\\/logo\\\/image\\\/\",\"url\":\"https:\\\/\\\/swixed.ch\\\/wp-content\\\/uploads\\\/logos\\\/swixed-logo-lite.png\",\"contentUrl\":\"https:\\\/\\\/swixed.ch\\\/wp-content\\\/uploads\\\/logos\\\/swixed-logo-lite.png\",\"width\":696,\"height\":696,\"caption\":\"Swixed SA\"},\"image\":{\"@id\":\"https:\\\/\\\/swixed.ch\\\/de\\\/#\\\/schema\\\/logo\\\/image\\\/\"},\"sameAs\":[\"https:\\\/\\\/www.facebook.com\\\/swixed\",\"https:\\\/\\\/www.linkedin.com\\\/company\\\/swixed\",\"https:\\\/\\\/www.youtube.com\\\/@swixedsa\"],\"description\":\"Swixed SA est une entreprise suisse bas\u00e9e \u00e0 Gen\u00e8ve, sp\u00e9cialis\u00e9e dans la vente, la location et la maintenance d\u2019appareils m\u00e9dicaux professionnels, tels que d\u00e9fibrillateurs AED, \u00e9lectrocardiographes, moniteurs patient et dispositifs de diagnostic.\",\"email\":\"infoshop@swixed.ch\",\"telephone\":\"+41 22 566 11 95\",\"legalName\":\"Swixed SA\",\"foundingDate\":\"2021-03-01\",\"numberOfEmployees\":{\"@type\":\"QuantitativeValue\",\"minValue\":\"1\",\"maxValue\":\"10\"}}]}<\/script>\n<!-- \/ Yoast SEO Premium plugin. -->","yoast_head_json":{"title":"Scaleo Horizon P5 \u2013 16-Zellen-Batterie f\u00fcr tragbaren Konzentrator | Swixed SA","description":"Mit seinen 16 Zellen bietet dieser Akku eine zuverl\u00e4ssige und konstante Leistung. Sie erm\u00f6glicht eine Nutzung des P5-Konzentrators f\u00fcr 5,5 Stunden.","robots":{"index":"index","follow":"follow","max-snippet":"max-snippet:-1","max-image-preview":"max-image-preview:large","max-video-preview":"max-video-preview:-1"},"canonical":"https:\/\/swixed.ch\/de\/produkt\/sed92003\/","og_locale":"de_DE","og_type":"article","og_title":"Scaleo Horizon P5 \u2013 16-Zellen-Batterie f\u00fcr tragbaren Konzentrator","og_description":"Mit seinen 16 Zellen bietet dieser Akku eine zuverl\u00e4ssige und konstante Leistung. Sie erm\u00f6glicht eine Nutzung des P5-Konzentrators f\u00fcr 5,5 Stunden.","og_url":"https:\/\/swixed.ch\/de\/produkt\/sed92003\/","og_site_name":"Swixed SA","article_publisher":"https:\/\/www.facebook.com\/swixed","article_modified_time":"2025-07-14T06:41:30+00:00","og_image":[{"width":600,"height":600,"url":"https:\/\/swixed.ch\/wp-content\/uploads\/products\/scaleo-medical-horizon-p5-batterie-double-01.png","type":"image\/png"}],"twitter_card":"summary_large_image","twitter_misc":{"Gesch\u00e4tzte Lesezeit":"1\u00a0Minute"},"schema":{"@context":"https:\/\/schema.org","@graph":[{"@type":"WebPage","@id":"https:\/\/swixed.ch\/de\/produkt\/sed92003\/","url":"https:\/\/swixed.ch\/de\/produkt\/sed92003\/","name":"Scaleo Horizon P5 \u2013 16-Zellen-Batterie f\u00fcr tragbaren Konzentrator | Swixed SA","isPartOf":{"@id":"https:\/\/swixed.ch\/de\/#website"},"primaryImageOfPage":{"@id":"https:\/\/swixed.ch\/de\/produkt\/sed92003\/#primaryimage"},"image":{"@id":"https:\/\/swixed.ch\/de\/produkt\/sed92003\/#primaryimage"},"thumbnailUrl":"https:\/\/swixed.ch\/wp-content\/uploads\/products\/scaleo-medical-horizon-p5-batterie-double-01.png","datePublished":"2023-07-01T12:48:52+00:00","dateModified":"2025-07-14T06:41:30+00:00","description":"Mit seinen 16 Zellen bietet dieser Akku eine zuverl\u00e4ssige und konstante Leistung. Sie erm\u00f6glicht eine Nutzung des P5-Konzentrators f\u00fcr 5,5 Stunden.","breadcrumb":{"@id":"https:\/\/swixed.ch\/de\/produkt\/sed92003\/#breadcrumb"},"inLanguage":"de","potentialAction":[{"@type":"ReadAction","target":["https:\/\/swixed.ch\/de\/produkt\/sed92003\/"]}]},{"@type":"ImageObject","inLanguage":"de","@id":"https:\/\/swixed.ch\/de\/produkt\/sed92003\/#primaryimage","url":"https:\/\/swixed.ch\/wp-content\/uploads\/products\/scaleo-medical-horizon-p5-batterie-double-01.png","contentUrl":"https:\/\/swixed.ch\/wp-content\/uploads\/products\/scaleo-medical-horizon-p5-batterie-double-01.png","width":600,"height":600,"caption":"16-Zellen-Batterie f\u00fcr Scaleo Horizon P5 Konzentrator"},{"@type":"BreadcrumbList","@id":"https:\/\/swixed.ch\/de\/produkt\/sed92003\/#breadcrumb","itemListElement":[{"@type":"ListItem","position":1,"name":"Startseite","item":"https:\/\/swixed.ch\/de\/home\/"},{"@type":"ListItem","position":2,"name":"Shop","item":"https:\/\/swixed.ch\/de\/shop\/"},{"@type":"ListItem","position":3,"name":"Scaleo Horizon P5 \u2013 16-Zellen-Batterie f\u00fcr tragbaren Konzentrator"}]},{"@type":"WebSite","@id":"https:\/\/swixed.ch\/de\/#website","url":"https:\/\/swixed.ch\/de\/","name":"Swixed SA","description":"Elektronische Ger\u00e4te","publisher":{"@id":"https:\/\/swixed.ch\/de\/#organization"},"potentialAction":[{"@type":"SearchAction","target":{"@type":"EntryPoint","urlTemplate":"https:\/\/swixed.ch\/de\/?s={search_term_string}"},"query-input":{"@type":"PropertyValueSpecification","valueRequired":true,"valueName":"search_term_string"}}],"inLanguage":"de"},{"@type":"Organization","@id":"https:\/\/swixed.ch\/de\/#organization","name":"Swixed SA","url":"https:\/\/swixed.ch\/de\/","logo":{"@type":"ImageObject","inLanguage":"de","@id":"https:\/\/swixed.ch\/de\/#\/schema\/logo\/image\/","url":"https:\/\/swixed.ch\/wp-content\/uploads\/logos\/swixed-logo-lite.png","contentUrl":"https:\/\/swixed.ch\/wp-content\/uploads\/logos\/swixed-logo-lite.png","width":696,"height":696,"caption":"Swixed SA"},"image":{"@id":"https:\/\/swixed.ch\/de\/#\/schema\/logo\/image\/"},"sameAs":["https:\/\/www.facebook.com\/swixed","https:\/\/www.linkedin.com\/company\/swixed","https:\/\/www.youtube.com\/@swixedsa"],"description":"Swixed SA est une entreprise suisse bas\u00e9e \u00e0 Gen\u00e8ve, sp\u00e9cialis\u00e9e dans la vente, la location et la maintenance d\u2019appareils m\u00e9dicaux professionnels, tels que d\u00e9fibrillateurs AED, \u00e9lectrocardiographes, moniteurs patient et dispositifs de diagnostic.","email":"infoshop@swixed.ch","telephone":"+41 22 566 11 95","legalName":"Swixed SA","foundingDate":"2021-03-01","numberOfEmployees":{"@type":"QuantitativeValue","minValue":"1","maxValue":"10"}}]}},"_links":{"self":[{"href":"https:\/\/swixed.ch\/de\/wp-json\/wp\/v2\/product\/36057","targetHints":{"allow":["GET"]}}],"collection":[{"href":"https:\/\/swixed.ch\/de\/wp-json\/wp\/v2\/product"}],"about":[{"href":"https:\/\/swixed.ch\/de\/wp-json\/wp\/v2\/types\/product"}],"version-history":[{"count":0,"href":"https:\/\/swixed.ch\/de\/wp-json\/wp\/v2\/product\/36057\/revisions"}],"wp:featuredmedia":[{"embeddable":true,"href":"https:\/\/swixed.ch\/de\/wp-json\/wp\/v2\/media\/31279"}],"wp:attachment":[{"href":"https:\/\/swixed.ch\/de\/wp-json\/wp\/v2\/media?parent=36057"}],"wp:term":[{"taxonomy":"product_brand","embeddable":true,"href":"https:\/\/swixed.ch\/de\/wp-json\/wp\/v2\/product_brand?post=36057"},{"taxonomy":"product_cat","embeddable":true,"href":"https:\/\/swixed.ch\/de\/wp-json\/wp\/v2\/product_cat?post=36057"},{"taxonomy":"product_tag","embeddable":true,"href":"https:\/\/swixed.ch\/de\/wp-json\/wp\/v2\/product_tag?post=36057"}],"curies":[{"name":"wp","href":"https:\/\/api.w.org\/{rel}","templated":true}]}}