{"id":36076,"date":"2023-03-15T17:05:30","date_gmt":"2023-03-15T16:05:30","guid":{"rendered":"https:\/\/swixed.com\/produit\/gebraucht-schiller-fred-easy-defibrillator\/"},"modified":"2026-04-19T19:12:24","modified_gmt":"2026-04-19T18:12:24","slug":"sed30015","status":"publish","type":"product","link":"https:\/\/swixed.ch\/de\/produkt\/sed30015\/","title":{"rendered":"Schiller FRED Easy Gebrauchter automatischer Defibrillator"},"content":{"rendered":"\t\t<div data-elementor-type=\"product-post\" data-elementor-id=\"36076\" class=\"elementor elementor-36076 elementor-18643\" data-elementor-post-type=\"product\">\n\t\t\t\t<div class=\"elementor-element elementor-element-abc2fea e-con-full e-flex e-con e-parent\" data-id=\"abc2fea\" data-element_type=\"container\" data-e-type=\"container\">\n\t\t<div class=\"elementor-element elementor-element-3798006 e-con-full e-flex e-con e-child\" data-id=\"3798006\" data-element_type=\"container\" data-e-type=\"container\">\n\t\t\t\t<div class=\"elementor-element elementor-element-b62946e elementor-widget elementor-widget-heading\" data-id=\"b62946e\" data-element_type=\"widget\" data-e-type=\"widget\" data-widget_type=\"heading.default\">\n\t\t\t\t\t<h2 class=\"elementor-heading-title elementor-size-default\">Allgemeine Darstellung<\/h2>\t\t\t\t<\/div>\n\t\t\t\t<div class=\"elementor-element elementor-element-492c92b elementor-widget elementor-widget-text-editor\" data-id=\"492c92b\" data-element_type=\"widget\" data-e-type=\"widget\" data-widget_type=\"text-editor.default\">\n\t\t\t\t\t\t\t\t\tDer gebrauchte automatische AED Defibrillator Schiller FRED Easy arbeitet nach einem vollautomatischen Prinzip. Das Ger\u00e4t analysiert den Herzrhythmus und l\u00f6st den Elektroschock aus, wenn es die Bedingungen erlauben, ohne zus\u00e4tzliche manuelle Intervention. Der Benutzer folgt den akustischen und visuellen Anweisungen, die bei jedem Schritt ausgegeben werden.  \n\nDar\u00fcber hinaus zeigt der integrierte Bildschirm w\u00e4hrend des Verfahrens die EKG-Kurve an, was die Lesbarkeit der angezeigten Informationen verbessert. T\u00e4gliche Selbsttests \u00fcberpr\u00fcfen den Zustand des Systems, der Batterie und der Elektroden. Schlie\u00dflich erm\u00f6glicht diese Architektur eine einheitliche Nutzung in professionellen und \u00f6ffentlichen Umgebungen.  \t\t\t\t\t\t\t\t<\/div>\n\t\t\t\t<div class=\"elementor-element elementor-element-8575d95 elementor-widget elementor-widget-heading\" data-id=\"8575d95\" data-element_type=\"widget\" data-e-type=\"widget\" data-widget_type=\"heading.default\">\n\t\t\t\t\t<h2 class=\"elementor-heading-title elementor-size-default\">Technische Daten und Konfiguration<\/h2>\t\t\t\t<\/div>\n\t\t\t\t<div class=\"elementor-element elementor-element-cea2fd4 elementor-widget elementor-widget-text-editor\" data-id=\"cea2fd4\" data-element_type=\"widget\" data-e-type=\"widget\" data-widget_type=\"text-editor.default\">\n\t\t\t\t\t\t\t\t\t<p>Dieser gebrauchte automatische AED Defibrillator Schiller FRED Easy umfasst eine vollst\u00e4ndige Konfiguration, die vor der Bereitstellung vorbereitet wurde. Alle Komponenten entsprechen den Spezifikationen des Herstellers und werden technisch \u00fcberpr\u00fcft. <\/p><p>Enthaltene Elemente :<\/p><ul><li>Automatischer AED-Defibrillator Schiller FRED Easy<\/li><li>Neue Batterie (g\u00fcltig bis Februar 2030)<\/li><li>Neue Elektroden f\u00fcr Erwachsene (g\u00fcltig bis Juli 2026)<\/li><li>Spezielle Tragetasche<\/li><li>Erste-Hilfe-Set (Rasierer, Schere, wichtige Accessoires)<\/li><li>1 Jahr kommerzielle Garantie<\/li><\/ul><p><br>Zus\u00e4tzlich kann das Ger\u00e4t mit speziellen Kinderelektroden ausgestattet werden. In diesem Fall passt das System die abgegebene Energie automatisch an, ohne dass eine manuelle Einstellung erforderlich ist. <\/p>\t\t\t\t\t\t\t\t<\/div>\n\t\t\t\t<div class=\"elementor-element elementor-element-00d08ff elementor-widget elementor-widget-heading\" data-id=\"00d08ff\" data-element_type=\"widget\" data-e-type=\"widget\" data-widget_type=\"heading.default\">\n\t\t\t\t\t<h2 class=\"elementor-heading-title elementor-size-default\">Nutzung, Einhaltung und Empfehlungen<\/h2>\t\t\t\t<\/div>\n\t\t\t\t<div class=\"elementor-element elementor-element-909685e elementor-widget elementor-widget-text-editor\" data-id=\"909685e\" data-element_type=\"widget\" data-e-type=\"widget\" data-widget_type=\"text-editor.default\">\n\t\t\t\t\t\t\t\t\t<p>Die Verwendung des gebrauchten automatischen AED Defibrillators Schiller FRED Easy unterliegt den schweizerischen Vorschriften f\u00fcr Medizinprodukte. Diese Art von Ger\u00e4ten unterliegt den Anforderungen des Bundesamtes f\u00fcr Gesundheit und der Swissmedic, insbesondere in Bezug auf das Inverkehrbringen und die Sicherheit. <\/p><p>Dar\u00fcber hinaus f\u00e4llt das Ger\u00e4t unter die Medizinprodukteverordnung (MDDV\/MedDO), die eine angemessene technische \u00dcberwachung vorschreibt. So wird eine regelm\u00e4\u00dfige Wartung empfohlen, um den Zustand der Verbrauchsmaterialien, die Batteriekapazit\u00e4t und den ordnungsgem\u00e4\u00dfen Ablauf der internen Selbsttests zu \u00fcberpr\u00fcfen. <\/p><p>\t\t<div data-elementor-type=\"widget\" data-elementor-id=\"59088\" class=\"elementor elementor-59088 elementor-59083 elementor-59083\" data-elementor-post-type=\"elementor_library\">\n\t\t\t\t\t\t<div class=\"elementor-element elementor-element-59083 elementor-widget elementor-widget-text-editor\" data-id=\"59083\" data-element_type=\"widget\" data-e-type=\"widget\" data-widget_type=\"text-editor.default\">\n\t\t\t\t\t\t\t\t\t<p>Weitere Informationen finden Sie unter :<\/p><ul><li><a href=\"https:\/\/www.swissmedic.ch\" target=\"_blank\" rel=\"noopener\">Swissmedic<\/a><\/li><li><a href=\"https:\/\/www.bag.admin.ch\" target=\"_blank\" rel=\"noopener\">Bundesamt f\u00fcr Gesundheit (BAG)<\/a><\/li><li><a href=\"https:\/\/www.switec.info\" target=\"_blank\" rel=\"noopener\">Schweizerisches Informationszentrum f\u00fcr technische Regeln (Switec)<\/a><\/li><li><a href=\"https:\/\/www.fedlex.admin.ch\/eli\/cc\/2020\/552\/\" target=\"_blank\" rel=\"noopener\">Verordnung \u00fcber Medizinprodukte (MDDV oder MedDO)<\/a><\/li><\/ul><p><br>Unsere Medizinprodukte haben einen autorisierten Vertreter in der Schweiz (CH-REP), gem\u00e4\u00df der geltenden schweizerischen Gesetzgebung f\u00fcr Medizinprodukte.<\/p>\t\t\t\t\t\t\t\t<\/div>\n\t\t\t\t<\/div>\n\t\t<br>Klicken Sie hier, um die <a href=\"https:\/\/swixed.ch\/de\/produkt\/sed94000\/\">regelm\u00e4\u00dfige Wartung<\/a> zu buchen.<\/p>\t\t\t\t\t\t\t\t<\/div>\n\t\t\t\t<div class=\"elementor-element elementor-element-768bf7d elementor-widget elementor-widget-heading\" data-id=\"768bf7d\" data-element_type=\"widget\" data-e-type=\"widget\" data-widget_type=\"heading.default\">\n\t\t\t\t\t<h2 class=\"elementor-heading-title elementor-size-default\">Inhalt<\/h2>\t\t\t\t<\/div>\n\t\t\t\t<div class=\"elementor-element elementor-element-f7e8265 elementor-widget elementor-widget-text-editor\" data-id=\"f7e8265\" data-element_type=\"widget\" data-e-type=\"widget\" data-widget_type=\"text-editor.default\">\n\t\t\t\t\t\t\t\t\t<ul><li>1 gebrauchter Defibrillator Schiller Fred Easy<\/li><li>Batterie (g\u00fcltig bis Februar 2030)<\/li><li>Neue Elektroden f\u00fcr Erwachsene (g\u00fcltig bis Juli 2026)<\/li><li>Tragetasche<\/li><li>Schiller Erste-Hilfe-Set (Rasiermesser, Schere, etc.)<\/li><li>1 Jahr Garantie nach dem Kauf<\/li><\/ul>\t\t\t\t\t\t\t\t<\/div>\n\t\t\t\t<\/div>\n\t\t\t\t<\/div>\n\t\t\t\t<\/div>\n\t\t","protected":false},"excerpt":{"rendered":"<p>Der Schiller FRED Easy ist ein gebrauchter automatischer Defibrillator, der f\u00fcr den Einsatz in \u00f6ffentlichen und professionellen Umgebungen bestimmt ist. Jedes Ger\u00e4t wird nach festgelegten technischen Verfahren gepr\u00fcft und getestet, bevor es wieder auf den Markt kommt. Er wird mit einer neuen Batterie, neuen Elektroden, einer Tragetasche und einem Erste-Hilfe-Set geliefert. Das Ger\u00e4t ist CE-zertifiziert, hat eine einj\u00e4hrige Garantie und ist f\u00fcr den Gebrauch durch Benutzer ohne medizinische Vorbildung sowie durch Gesundheitspersonal konzipiert.   <\/p>\n","protected":false},"featured_media":57613,"template":"","meta":{"_acf_changed":false},"product_brand":[2179],"product_cat":[1727,1423,1422,1823],"product_tag":[7441,7440,7442,7444,2623,4776,2875,4869,4355,7443],"class_list":{"0":"post-36076","1":"product","2":"type-product","3":"status-publish","4":"has-post-thumbnail","6":"product_brand-schiller-de","7":"product_cat-gebrauchte-defibrillatoren","8":"product_cat-geraete-defibrillatoren","9":"product_cat-defibrillatoren","10":"product_cat-gebrauchte-gerate","11":"product_tag-automatischer-aed-2","12":"product_tag-automatischer-aed-defibrillator","13":"product_tag-automatischer-externer-defibrillator","14":"product_tag-einsatzbereiter-defibrillator","15":"product_tag-gebrauchter-defibrillator","16":"product_tag-medizinische-notfallausrustung","17":"product_tag-professioneller-defibrillator","18":"product_tag-schiller-defibrillator","19":"product_tag-schiller-fred-easy-de","20":"product_tag-zertifizierte-medizinische-gerate","21":"product_shipping_class-kostenloser-versand","23":"first","24":"outofstock","25":"taxable","26":"shipping-taxable","27":"product-type-simple"},"acf":[],"yoast_head":"<!-- This site is optimized with the Yoast SEO Premium plugin v27.4 (Yoast SEO v27.4) - https:\/\/yoast.com\/product\/yoast-seo-premium-wordpress\/ -->\n<title>Automatischer AED Defibrillator Schiller FRED Easy gebraucht | Swixed SA<\/title>\n<meta name=\"description\" content=\"Gebrauchter automatischer AED Defibrillator Schiller FRED Easy, gepr\u00fcft, einsatzbereit geliefert mit neuer Batterie und neuen Elektroden.\" \/>\n<meta name=\"robots\" content=\"index, follow, max-snippet:-1, max-image-preview:large, max-video-preview:-1\" \/>\n<link rel=\"canonical\" href=\"https:\/\/swixed.ch\/de\/produkt\/sed30015\/\" \/>\n<meta property=\"og:locale\" content=\"de_DE\" \/>\n<meta property=\"og:type\" content=\"article\" \/>\n<meta property=\"og:title\" content=\"Schiller FRED Easy Gebrauchter automatischer Defibrillator\" \/>\n<meta property=\"og:description\" content=\"Gebrauchter automatischer AED Defibrillator Schiller FRED Easy, gepr\u00fcft, einsatzbereit geliefert mit neuer Batterie und neuen Elektroden.\" \/>\n<meta property=\"og:url\" content=\"https:\/\/swixed.ch\/de\/produkt\/sed30015\/\" \/>\n<meta property=\"og:site_name\" content=\"Swixed SA\" \/>\n<meta property=\"article:publisher\" content=\"https:\/\/www.facebook.com\/swixed\" \/>\n<meta property=\"article:modified_time\" content=\"2026-04-19T18:12:24+00:00\" \/>\n<meta property=\"og:image\" content=\"https:\/\/swixed.ch\/wp-content\/uploads\/2026\/01\/SED30015-01.png\" \/>\n\t<meta property=\"og:image:width\" content=\"600\" \/>\n\t<meta property=\"og:image:height\" content=\"600\" \/>\n\t<meta property=\"og:image:type\" content=\"image\/png\" \/>\n<meta name=\"twitter:card\" content=\"summary_large_image\" \/>\n<meta name=\"twitter:label1\" content=\"Gesch\u00e4tzte Lesezeit\" \/>\n\t<meta name=\"twitter:data1\" content=\"2\u00a0Minuten\" \/>\n<script type=\"application\/ld+json\" class=\"yoast-schema-graph\">{\"@context\":\"https:\\\/\\\/schema.org\",\"@graph\":[{\"@type\":\"WebPage\",\"@id\":\"https:\\\/\\\/swixed.ch\\\/de\\\/produkt\\\/sed30015\\\/\",\"url\":\"https:\\\/\\\/swixed.ch\\\/de\\\/produkt\\\/sed30015\\\/\",\"name\":\"Automatischer AED Defibrillator Schiller FRED Easy gebraucht | Swixed SA\",\"isPartOf\":{\"@id\":\"https:\\\/\\\/swixed.ch\\\/de\\\/#website\"},\"primaryImageOfPage\":{\"@id\":\"https:\\\/\\\/swixed.ch\\\/de\\\/produkt\\\/sed30015\\\/#primaryimage\"},\"image\":{\"@id\":\"https:\\\/\\\/swixed.ch\\\/de\\\/produkt\\\/sed30015\\\/#primaryimage\"},\"thumbnailUrl\":\"https:\\\/\\\/swixed.ch\\\/wp-content\\\/uploads\\\/2026\\\/01\\\/SED30015-01.png\",\"datePublished\":\"2023-03-15T16:05:30+00:00\",\"dateModified\":\"2026-04-19T18:12:24+00:00\",\"description\":\"Gebrauchter automatischer AED Defibrillator Schiller FRED Easy, gepr\u00fcft, einsatzbereit geliefert mit neuer Batterie und neuen Elektroden.\",\"breadcrumb\":{\"@id\":\"https:\\\/\\\/swixed.ch\\\/de\\\/produkt\\\/sed30015\\\/#breadcrumb\"},\"inLanguage\":\"de\",\"potentialAction\":[{\"@type\":\"ReadAction\",\"target\":[\"https:\\\/\\\/swixed.ch\\\/de\\\/produkt\\\/sed30015\\\/\"]}]},{\"@type\":\"ImageObject\",\"inLanguage\":\"de\",\"@id\":\"https:\\\/\\\/swixed.ch\\\/de\\\/produkt\\\/sed30015\\\/#primaryimage\",\"url\":\"https:\\\/\\\/swixed.ch\\\/wp-content\\\/uploads\\\/2026\\\/01\\\/SED30015-01.png\",\"contentUrl\":\"https:\\\/\\\/swixed.ch\\\/wp-content\\\/uploads\\\/2026\\\/01\\\/SED30015-01.png\",\"width\":600,\"height\":600,\"caption\":\"SED30015\"},{\"@type\":\"BreadcrumbList\",\"@id\":\"https:\\\/\\\/swixed.ch\\\/de\\\/produkt\\\/sed30015\\\/#breadcrumb\",\"itemListElement\":[{\"@type\":\"ListItem\",\"position\":1,\"name\":\"Startseite\",\"item\":\"https:\\\/\\\/swixed.ch\\\/de\\\/home\\\/\"},{\"@type\":\"ListItem\",\"position\":2,\"name\":\"Shop\",\"item\":\"https:\\\/\\\/swixed.ch\\\/de\\\/shop\\\/\"},{\"@type\":\"ListItem\",\"position\":3,\"name\":\"Schiller FRED Easy Gebrauchter automatischer Defibrillator\"}]},{\"@type\":\"WebSite\",\"@id\":\"https:\\\/\\\/swixed.ch\\\/de\\\/#website\",\"url\":\"https:\\\/\\\/swixed.ch\\\/de\\\/\",\"name\":\"Swixed SA\",\"description\":\"Elektronische Ger\u00e4te\",\"publisher\":{\"@id\":\"https:\\\/\\\/swixed.ch\\\/de\\\/#organization\"},\"potentialAction\":[{\"@type\":\"SearchAction\",\"target\":{\"@type\":\"EntryPoint\",\"urlTemplate\":\"https:\\\/\\\/swixed.ch\\\/de\\\/?s={search_term_string}\"},\"query-input\":{\"@type\":\"PropertyValueSpecification\",\"valueRequired\":true,\"valueName\":\"search_term_string\"}}],\"inLanguage\":\"de\"},{\"@type\":\"Organization\",\"@id\":\"https:\\\/\\\/swixed.ch\\\/de\\\/#organization\",\"name\":\"Swixed SA\",\"url\":\"https:\\\/\\\/swixed.ch\\\/de\\\/\",\"logo\":{\"@type\":\"ImageObject\",\"inLanguage\":\"de\",\"@id\":\"https:\\\/\\\/swixed.ch\\\/de\\\/#\\\/schema\\\/logo\\\/image\\\/\",\"url\":\"https:\\\/\\\/swixed.ch\\\/wp-content\\\/uploads\\\/logos\\\/swixed-logo-lite.png\",\"contentUrl\":\"https:\\\/\\\/swixed.ch\\\/wp-content\\\/uploads\\\/logos\\\/swixed-logo-lite.png\",\"width\":696,\"height\":696,\"caption\":\"Swixed SA\"},\"image\":{\"@id\":\"https:\\\/\\\/swixed.ch\\\/de\\\/#\\\/schema\\\/logo\\\/image\\\/\"},\"sameAs\":[\"https:\\\/\\\/www.facebook.com\\\/swixed\",\"https:\\\/\\\/www.linkedin.com\\\/company\\\/swixed\",\"https:\\\/\\\/www.youtube.com\\\/@swixedsa\"],\"description\":\"Swixed SA est une entreprise suisse bas\u00e9e \u00e0 Gen\u00e8ve, sp\u00e9cialis\u00e9e dans la vente, la location et la maintenance d\u2019appareils m\u00e9dicaux professionnels, tels que d\u00e9fibrillateurs AED, \u00e9lectrocardiographes, moniteurs patient et dispositifs de diagnostic.\",\"email\":\"infoshop@swixed.ch\",\"telephone\":\"+41 22 566 11 95\",\"legalName\":\"Swixed SA\",\"foundingDate\":\"2021-03-01\",\"numberOfEmployees\":{\"@type\":\"QuantitativeValue\",\"minValue\":\"1\",\"maxValue\":\"10\"}}]}<\/script>\n<!-- \/ Yoast SEO Premium plugin. -->","yoast_head_json":{"title":"Automatischer AED Defibrillator Schiller FRED Easy gebraucht | Swixed SA","description":"Gebrauchter automatischer AED Defibrillator Schiller FRED Easy, gepr\u00fcft, einsatzbereit geliefert mit neuer Batterie und neuen Elektroden.","robots":{"index":"index","follow":"follow","max-snippet":"max-snippet:-1","max-image-preview":"max-image-preview:large","max-video-preview":"max-video-preview:-1"},"canonical":"https:\/\/swixed.ch\/de\/produkt\/sed30015\/","og_locale":"de_DE","og_type":"article","og_title":"Schiller FRED Easy Gebrauchter automatischer Defibrillator","og_description":"Gebrauchter automatischer AED Defibrillator Schiller FRED Easy, gepr\u00fcft, einsatzbereit geliefert mit neuer Batterie und neuen Elektroden.","og_url":"https:\/\/swixed.ch\/de\/produkt\/sed30015\/","og_site_name":"Swixed SA","article_publisher":"https:\/\/www.facebook.com\/swixed","article_modified_time":"2026-04-19T18:12:24+00:00","og_image":[{"width":600,"height":600,"url":"https:\/\/swixed.ch\/wp-content\/uploads\/2026\/01\/SED30015-01.png","type":"image\/png"}],"twitter_card":"summary_large_image","twitter_misc":{"Gesch\u00e4tzte Lesezeit":"2\u00a0Minuten"},"schema":{"@context":"https:\/\/schema.org","@graph":[{"@type":"WebPage","@id":"https:\/\/swixed.ch\/de\/produkt\/sed30015\/","url":"https:\/\/swixed.ch\/de\/produkt\/sed30015\/","name":"Automatischer AED Defibrillator Schiller FRED Easy gebraucht | Swixed SA","isPartOf":{"@id":"https:\/\/swixed.ch\/de\/#website"},"primaryImageOfPage":{"@id":"https:\/\/swixed.ch\/de\/produkt\/sed30015\/#primaryimage"},"image":{"@id":"https:\/\/swixed.ch\/de\/produkt\/sed30015\/#primaryimage"},"thumbnailUrl":"https:\/\/swixed.ch\/wp-content\/uploads\/2026\/01\/SED30015-01.png","datePublished":"2023-03-15T16:05:30+00:00","dateModified":"2026-04-19T18:12:24+00:00","description":"Gebrauchter automatischer AED Defibrillator Schiller FRED Easy, gepr\u00fcft, einsatzbereit geliefert mit neuer Batterie und neuen Elektroden.","breadcrumb":{"@id":"https:\/\/swixed.ch\/de\/produkt\/sed30015\/#breadcrumb"},"inLanguage":"de","potentialAction":[{"@type":"ReadAction","target":["https:\/\/swixed.ch\/de\/produkt\/sed30015\/"]}]},{"@type":"ImageObject","inLanguage":"de","@id":"https:\/\/swixed.ch\/de\/produkt\/sed30015\/#primaryimage","url":"https:\/\/swixed.ch\/wp-content\/uploads\/2026\/01\/SED30015-01.png","contentUrl":"https:\/\/swixed.ch\/wp-content\/uploads\/2026\/01\/SED30015-01.png","width":600,"height":600,"caption":"SED30015"},{"@type":"BreadcrumbList","@id":"https:\/\/swixed.ch\/de\/produkt\/sed30015\/#breadcrumb","itemListElement":[{"@type":"ListItem","position":1,"name":"Startseite","item":"https:\/\/swixed.ch\/de\/home\/"},{"@type":"ListItem","position":2,"name":"Shop","item":"https:\/\/swixed.ch\/de\/shop\/"},{"@type":"ListItem","position":3,"name":"Schiller FRED Easy Gebrauchter automatischer Defibrillator"}]},{"@type":"WebSite","@id":"https:\/\/swixed.ch\/de\/#website","url":"https:\/\/swixed.ch\/de\/","name":"Swixed SA","description":"Elektronische Ger\u00e4te","publisher":{"@id":"https:\/\/swixed.ch\/de\/#organization"},"potentialAction":[{"@type":"SearchAction","target":{"@type":"EntryPoint","urlTemplate":"https:\/\/swixed.ch\/de\/?s={search_term_string}"},"query-input":{"@type":"PropertyValueSpecification","valueRequired":true,"valueName":"search_term_string"}}],"inLanguage":"de"},{"@type":"Organization","@id":"https:\/\/swixed.ch\/de\/#organization","name":"Swixed SA","url":"https:\/\/swixed.ch\/de\/","logo":{"@type":"ImageObject","inLanguage":"de","@id":"https:\/\/swixed.ch\/de\/#\/schema\/logo\/image\/","url":"https:\/\/swixed.ch\/wp-content\/uploads\/logos\/swixed-logo-lite.png","contentUrl":"https:\/\/swixed.ch\/wp-content\/uploads\/logos\/swixed-logo-lite.png","width":696,"height":696,"caption":"Swixed SA"},"image":{"@id":"https:\/\/swixed.ch\/de\/#\/schema\/logo\/image\/"},"sameAs":["https:\/\/www.facebook.com\/swixed","https:\/\/www.linkedin.com\/company\/swixed","https:\/\/www.youtube.com\/@swixedsa"],"description":"Swixed SA est une entreprise suisse bas\u00e9e \u00e0 Gen\u00e8ve, sp\u00e9cialis\u00e9e dans la vente, la location et la maintenance d\u2019appareils m\u00e9dicaux professionnels, tels que d\u00e9fibrillateurs AED, \u00e9lectrocardiographes, moniteurs patient et dispositifs de diagnostic.","email":"infoshop@swixed.ch","telephone":"+41 22 566 11 95","legalName":"Swixed SA","foundingDate":"2021-03-01","numberOfEmployees":{"@type":"QuantitativeValue","minValue":"1","maxValue":"10"}}]}},"_links":{"self":[{"href":"https:\/\/swixed.ch\/de\/wp-json\/wp\/v2\/product\/36076","targetHints":{"allow":["GET"]}}],"collection":[{"href":"https:\/\/swixed.ch\/de\/wp-json\/wp\/v2\/product"}],"about":[{"href":"https:\/\/swixed.ch\/de\/wp-json\/wp\/v2\/types\/product"}],"version-history":[{"count":1,"href":"https:\/\/swixed.ch\/de\/wp-json\/wp\/v2\/product\/36076\/revisions"}],"predecessor-version":[{"id":62867,"href":"https:\/\/swixed.ch\/de\/wp-json\/wp\/v2\/product\/36076\/revisions\/62867"}],"wp:featuredmedia":[{"embeddable":true,"href":"https:\/\/swixed.ch\/de\/wp-json\/wp\/v2\/media\/57613"}],"wp:attachment":[{"href":"https:\/\/swixed.ch\/de\/wp-json\/wp\/v2\/media?parent=36076"}],"wp:term":[{"taxonomy":"product_brand","embeddable":true,"href":"https:\/\/swixed.ch\/de\/wp-json\/wp\/v2\/product_brand?post=36076"},{"taxonomy":"product_cat","embeddable":true,"href":"https:\/\/swixed.ch\/de\/wp-json\/wp\/v2\/product_cat?post=36076"},{"taxonomy":"product_tag","embeddable":true,"href":"https:\/\/swixed.ch\/de\/wp-json\/wp\/v2\/product_tag?post=36076"}],"curies":[{"name":"wp","href":"https:\/\/api.w.org\/{rel}","templated":true}]}}