{"id":36079,"date":"2023-03-15T16:43:40","date_gmt":"2023-03-15T15:43:40","guid":{"rendered":"https:\/\/swixed.com\/produit\/gebraucht-schiller-fred-easy-life-halbautomatischer-defibrillator\/"},"modified":"2026-04-19T19:09:55","modified_gmt":"2026-04-19T18:09:55","slug":"sed30014","status":"publish","type":"product","link":"https:\/\/swixed.ch\/de\/produkt\/sed30014\/","title":{"rendered":"Schiller Fred Easy Life Gebrauchter halbautomatischer Defibrillator"},"content":{"rendered":"\t\t<div data-elementor-type=\"product-post\" data-elementor-id=\"36079\" class=\"elementor elementor-36079 elementor-18629\" data-elementor-post-type=\"product\">\n\t\t\t\t<div class=\"elementor-element elementor-element-8135410 e-con-full e-flex e-con e-parent\" data-id=\"8135410\" data-element_type=\"container\" data-e-type=\"container\">\n\t\t<div class=\"elementor-element elementor-element-2b83c20 e-con-full e-flex e-con e-child\" data-id=\"2b83c20\" data-element_type=\"container\" data-e-type=\"container\">\n\t\t\t\t<div class=\"elementor-element elementor-element-2a6c657 elementor-widget elementor-widget-heading\" data-id=\"2a6c657\" data-element_type=\"widget\" data-e-type=\"widget\" data-widget_type=\"heading.default\">\n\t\t\t\t\t<h2 class=\"elementor-heading-title elementor-size-default\">Allgemeine Darstellung<\/h2>\t\t\t\t<\/div>\n\t\t\t\t<div class=\"elementor-element elementor-element-02b1e0d elementor-widget elementor-widget-text-editor\" data-id=\"02b1e0d\" data-element_type=\"widget\" data-e-type=\"widget\" data-widget_type=\"text-editor.default\">\n\t\t\t\t\t\t\t\t\tDer gebrauchte halbautomatische AED Defibrillator Schiller FRED Easy Life ist f\u00fcr den strukturierten Einsatz in professionellen oder \u00f6ffentlich zug\u00e4nglichen Umgebungen konzipiert. Das Ger\u00e4t analysiert automatisch den Herzrhythmus und gibt klare Anweisungen, sowohl visuell als auch akustisch. \n\nDie Sprachanweisungen begleiten jeden Schritt der Anwendung und erleichtern das Verst\u00e4ndnis der durchzuf\u00fchrenden Ma\u00dfnahmen. Gleichzeitig gibt das integrierte Metronom den Rhythmus der Herzdruckmassage regelm\u00e4\u00dfig vor. Daher l\u00e4sst sich dieser Defibrillator leicht in bestehende Sicherheitssysteme integrieren und folgt dabei einer standardisierten und konsistenten Bedienlogik.  \t\t\t\t\t\t\t\t<\/div>\n\t\t\t\t<div class=\"elementor-element elementor-element-1f24965 elementor-widget elementor-widget-heading\" data-id=\"1f24965\" data-element_type=\"widget\" data-e-type=\"widget\" data-widget_type=\"heading.default\">\n\t\t\t\t\t<h2 class=\"elementor-heading-title elementor-size-default\">Technische Daten und Konfiguration<\/h2>\t\t\t\t<\/div>\n\t\t\t\t<div class=\"elementor-element elementor-element-6b75e59 elementor-widget elementor-widget-text-editor\" data-id=\"6b75e59\" data-element_type=\"widget\" data-e-type=\"widget\" data-widget_type=\"text-editor.default\">\n\t\t\t\t\t\t\t\t\t<p>Der Schiller FRED Easy Life AED Defibrillator wird mit einer kompletten, gebrauchsfertigen Konfiguration geliefert. Jedes gelieferte Teil erf\u00fcllt bestimmte Kompatibilit\u00e4ts- und G\u00fcltigkeitskriterien.<br>Zus\u00e4tzlich f\u00fchrt das Ger\u00e4t t\u00e4glich automatisch Selbsttests durch, um seinen Betriebszustand zu signalisieren. <\/p><p>Enthaltene Konfiguration :<\/p><ul><li>Gebrauchter Defibrillator Schiller FRED Easy Life (deutsche Sprache)<\/li><li>Neue Batterie mit G\u00fcltigkeit bis Februar 2030<\/li><li>Neue Erwachsenenelektroden g\u00fcltig bis Juli 2026<\/li><li>Spezielle Tragetasche<\/li><li>Neues Defisign-Set (Rasierer, Schere und Zubeh\u00f6r)<\/li><\/ul><p><br>Auf diese Weise erh\u00e4lt der Nutzer sofort ein koh\u00e4rentes Paket, das vor der Inbetriebnahme nicht mehr erg\u00e4nzt werden muss.<\/p>\t\t\t\t\t\t\t\t<\/div>\n\t\t\t\t<div class=\"elementor-element elementor-element-39d213a elementor-widget elementor-widget-heading\" data-id=\"39d213a\" data-element_type=\"widget\" data-e-type=\"widget\" data-widget_type=\"heading.default\">\n\t\t\t\t\t<h2 class=\"elementor-heading-title elementor-size-default\">Nutzung, Einhaltung und Empfehlungen<\/h2>\t\t\t\t<\/div>\n\t\t\t\t<div class=\"elementor-element elementor-element-86fdc78 elementor-widget elementor-widget-text-editor\" data-id=\"86fdc78\" data-element_type=\"widget\" data-e-type=\"widget\" data-widget_type=\"text-editor.default\">\n\t\t\t\t\t\t\t\t\t<p>Der Schiller FRED Easy Life AED Defibrillator unterliegt dem schweizerischen Regelwerk f\u00fcr Medizinprodukte. Als solches muss seine Anwendung und Bereitstellung die vom Bundesamt f\u00fcr Gesundheit und von Swissmedic festgelegten Anforderungen erf\u00fcllen.<br>Dar\u00fcber hinaus f\u00e4llt das Ger\u00e4t in den Geltungsbereich der Medizinprodukteverordnung (MepV oder MedDV), welche die Konformit\u00e4t, R\u00fcckverfolgbarkeit und technische \u00dcberwachung von Medizinprodukten in der Schweiz regelt. <\/p><p>Daher kann eine regelm\u00e4\u00dfige Wartung den ordnungsgem\u00e4\u00dfen Betrieb des Ger\u00e4ts sicherstellen und die Einhaltung der Vorschriften \u00fcber einen l\u00e4ngeren Zeitraum hinweg gew\u00e4hrleisten.<\/p><p>\t\t<div data-elementor-type=\"widget\" data-elementor-id=\"59088\" class=\"elementor elementor-59088 elementor-59083 elementor-59083\" data-elementor-post-type=\"elementor_library\">\n\t\t\t\t\t\t<div class=\"elementor-element elementor-element-59083 elementor-widget elementor-widget-text-editor\" data-id=\"59083\" data-element_type=\"widget\" data-e-type=\"widget\" data-widget_type=\"text-editor.default\">\n\t\t\t\t\t\t\t\t\t<p>Weitere Informationen finden Sie unter :<\/p><ul><li><a href=\"https:\/\/www.swissmedic.ch\" target=\"_blank\" rel=\"noopener\">Swissmedic<\/a><\/li><li><a href=\"https:\/\/www.bag.admin.ch\" target=\"_blank\" rel=\"noopener\">Bundesamt f\u00fcr Gesundheit (BAG)<\/a><\/li><li><a href=\"https:\/\/www.switec.info\" target=\"_blank\" rel=\"noopener\">Schweizerisches Informationszentrum f\u00fcr technische Regeln (Switec)<\/a><\/li><li><a href=\"https:\/\/www.fedlex.admin.ch\/eli\/cc\/2020\/552\/\" target=\"_blank\" rel=\"noopener\">Verordnung \u00fcber Medizinprodukte (MDDV oder MedDO)<\/a><\/li><\/ul><p><br>Unsere Medizinprodukte haben einen autorisierten Vertreter in der Schweiz (CH-REP), gem\u00e4\u00df der geltenden schweizerischen Gesetzgebung f\u00fcr Medizinprodukte.<\/p>\t\t\t\t\t\t\t\t<\/div>\n\t\t\t\t<\/div>\n\t\t<br>Klicken Sie hier, um die <a href=\"https:\/\/swixed.ch\/de\/produkt\/sed94000\/\">regelm\u00e4\u00dfige Wartung<\/a> zu buchen.<\/p>\t\t\t\t\t\t\t\t<\/div>\n\t\t\t\t<div class=\"elementor-element elementor-element-6567549 elementor-widget elementor-widget-heading\" data-id=\"6567549\" data-element_type=\"widget\" data-e-type=\"widget\" data-widget_type=\"heading.default\">\n\t\t\t\t\t<h2 class=\"elementor-heading-title elementor-size-default\">Inhalt<\/h2>\t\t\t\t<\/div>\n\t\t\t\t<div class=\"elementor-element elementor-element-93d0c30 elementor-widget elementor-widget-text-editor\" data-id=\"93d0c30\" data-element_type=\"widget\" data-e-type=\"widget\" data-widget_type=\"text-editor.default\">\n\t\t\t\t\t\t\t\t\t<ul><li>1 gebrauchter Defibrillator Schiller FRED Easy Life.<\/li><li>Deutsche Sprache.<\/li><li>Neue Batterie.<\/li><li>Neue Elektroden f\u00fcr Erwachsene.<\/li><li>Transporttasche.<\/li><li>Neues Defisign-Set (Rasierer, Schere, etc.).<\/li><li>2 Jahre Garantie nach dem Kauf.<\/li><\/ul>\t\t\t\t\t\t\t\t<\/div>\n\t\t\t\t<\/div>\n\t\t\t\t<\/div>\n\t\t\t\t<\/div>\n\t\t","protected":false},"excerpt":{"rendered":"<p>Der Schiller FRED Easy Life ist ein gebrauchter halbautomatischer Defibrillator, der f\u00fcr den Einsatz in \u00f6ffentlichen und professionellen Umgebungen bestimmt ist. Er verf\u00fcgt \u00fcber eine Sprach- und visuelle Schnittstelle, ein eingebautes Metronom, neue Elektroden und eine neue Batterie. Jedes Ger\u00e4t wird nach festgelegten technischen Verfahren gepr\u00fcft, bevor es wieder auf den Markt gebracht wird. Das Ger\u00e4t ist CE-zertifiziert und hat eine Garantie von 2 Jahren.   <\/p>\n","protected":false},"featured_media":57635,"template":"","meta":{"_acf_changed":false},"product_brand":[2179],"product_cat":[1727,1422,1423,1823],"product_tag":[7441,7440,7442,7444,2623,4776,2875,4869,4355,7443],"class_list":{"0":"post-36079","1":"product","2":"type-product","3":"status-publish","4":"has-post-thumbnail","6":"product_brand-schiller-de","7":"product_cat-gebrauchte-defibrillatoren","8":"product_cat-defibrillatoren","9":"product_cat-geraete-defibrillatoren","10":"product_cat-gebrauchte-gerate","11":"product_tag-automatischer-aed-2","12":"product_tag-automatischer-aed-defibrillator","13":"product_tag-automatischer-externer-defibrillator","14":"product_tag-einsatzbereiter-defibrillator","15":"product_tag-gebrauchter-defibrillator","16":"product_tag-medizinische-notfallausrustung","17":"product_tag-professioneller-defibrillator","18":"product_tag-schiller-defibrillator","19":"product_tag-schiller-fred-easy-de","20":"product_tag-zertifizierte-medizinische-gerate","21":"product_shipping_class-kostenloser-versand","23":"first","24":"outofstock","25":"taxable","26":"shipping-taxable","27":"product-type-simple"},"acf":[],"yoast_head":"<!-- This site is optimized with the Yoast SEO Premium plugin v27.4 (Yoast SEO v27.4) - https:\/\/yoast.com\/product\/yoast-seo-premium-wordpress\/ -->\n<title>AED Defibrillator Schiller FRED Easy Life gebraucht | Swixed SA<\/title>\n<meta name=\"description\" content=\"Gebrauchter halbautomatischer AED Defibrillator Schiller FRED Easy Life, getestet, geliefert mit neuer Batterie und neuen Elektroden.\" \/>\n<meta name=\"robots\" content=\"index, follow, max-snippet:-1, max-image-preview:large, max-video-preview:-1\" \/>\n<link rel=\"canonical\" href=\"https:\/\/swixed.ch\/de\/produkt\/sed30014\/\" \/>\n<meta property=\"og:locale\" content=\"de_DE\" \/>\n<meta property=\"og:type\" content=\"article\" \/>\n<meta property=\"og:title\" content=\"Schiller Fred Easy Life Gebrauchter halbautomatischer Defibrillator\" \/>\n<meta property=\"og:description\" content=\"Gebrauchter halbautomatischer AED Defibrillator Schiller FRED Easy Life, getestet, geliefert mit neuer Batterie und neuen Elektroden.\" \/>\n<meta property=\"og:url\" content=\"https:\/\/swixed.ch\/de\/produkt\/sed30014\/\" \/>\n<meta property=\"og:site_name\" content=\"Swixed SA\" \/>\n<meta property=\"article:publisher\" content=\"https:\/\/www.facebook.com\/swixed\" \/>\n<meta property=\"article:modified_time\" content=\"2026-04-19T18:09:55+00:00\" \/>\n<meta property=\"og:image\" content=\"https:\/\/swixed.ch\/wp-content\/uploads\/2026\/01\/SED30014-01.png\" \/>\n\t<meta property=\"og:image:width\" content=\"600\" \/>\n\t<meta property=\"og:image:height\" content=\"600\" \/>\n\t<meta property=\"og:image:type\" content=\"image\/png\" \/>\n<meta name=\"twitter:card\" content=\"summary_large_image\" \/>\n<meta name=\"twitter:label1\" content=\"Gesch\u00e4tzte Lesezeit\" \/>\n\t<meta name=\"twitter:data1\" content=\"2\u00a0Minuten\" \/>\n<script type=\"application\/ld+json\" class=\"yoast-schema-graph\">{\"@context\":\"https:\\\/\\\/schema.org\",\"@graph\":[{\"@type\":\"WebPage\",\"@id\":\"https:\\\/\\\/swixed.ch\\\/de\\\/produkt\\\/sed30014\\\/\",\"url\":\"https:\\\/\\\/swixed.ch\\\/de\\\/produkt\\\/sed30014\\\/\",\"name\":\"AED Defibrillator Schiller FRED Easy Life gebraucht | Swixed SA\",\"isPartOf\":{\"@id\":\"https:\\\/\\\/swixed.ch\\\/de\\\/#website\"},\"primaryImageOfPage\":{\"@id\":\"https:\\\/\\\/swixed.ch\\\/de\\\/produkt\\\/sed30014\\\/#primaryimage\"},\"image\":{\"@id\":\"https:\\\/\\\/swixed.ch\\\/de\\\/produkt\\\/sed30014\\\/#primaryimage\"},\"thumbnailUrl\":\"https:\\\/\\\/swixed.ch\\\/wp-content\\\/uploads\\\/2026\\\/01\\\/SED30014-01.png\",\"datePublished\":\"2023-03-15T15:43:40+00:00\",\"dateModified\":\"2026-04-19T18:09:55+00:00\",\"description\":\"Gebrauchter halbautomatischer AED Defibrillator Schiller FRED Easy Life, getestet, geliefert mit neuer Batterie und neuen Elektroden.\",\"breadcrumb\":{\"@id\":\"https:\\\/\\\/swixed.ch\\\/de\\\/produkt\\\/sed30014\\\/#breadcrumb\"},\"inLanguage\":\"de\",\"potentialAction\":[{\"@type\":\"ReadAction\",\"target\":[\"https:\\\/\\\/swixed.ch\\\/de\\\/produkt\\\/sed30014\\\/\"]}]},{\"@type\":\"ImageObject\",\"inLanguage\":\"de\",\"@id\":\"https:\\\/\\\/swixed.ch\\\/de\\\/produkt\\\/sed30014\\\/#primaryimage\",\"url\":\"https:\\\/\\\/swixed.ch\\\/wp-content\\\/uploads\\\/2026\\\/01\\\/SED30014-01.png\",\"contentUrl\":\"https:\\\/\\\/swixed.ch\\\/wp-content\\\/uploads\\\/2026\\\/01\\\/SED30014-01.png\",\"width\":600,\"height\":600,\"caption\":\"SED30014\"},{\"@type\":\"BreadcrumbList\",\"@id\":\"https:\\\/\\\/swixed.ch\\\/de\\\/produkt\\\/sed30014\\\/#breadcrumb\",\"itemListElement\":[{\"@type\":\"ListItem\",\"position\":1,\"name\":\"Startseite\",\"item\":\"https:\\\/\\\/swixed.ch\\\/de\\\/home\\\/\"},{\"@type\":\"ListItem\",\"position\":2,\"name\":\"Shop\",\"item\":\"https:\\\/\\\/swixed.ch\\\/de\\\/shop\\\/\"},{\"@type\":\"ListItem\",\"position\":3,\"name\":\"Schiller Fred Easy Life Gebrauchter halbautomatischer Defibrillator\"}]},{\"@type\":\"WebSite\",\"@id\":\"https:\\\/\\\/swixed.ch\\\/de\\\/#website\",\"url\":\"https:\\\/\\\/swixed.ch\\\/de\\\/\",\"name\":\"Swixed SA\",\"description\":\"Elektronische Ger\u00e4te\",\"publisher\":{\"@id\":\"https:\\\/\\\/swixed.ch\\\/de\\\/#organization\"},\"potentialAction\":[{\"@type\":\"SearchAction\",\"target\":{\"@type\":\"EntryPoint\",\"urlTemplate\":\"https:\\\/\\\/swixed.ch\\\/de\\\/?s={search_term_string}\"},\"query-input\":{\"@type\":\"PropertyValueSpecification\",\"valueRequired\":true,\"valueName\":\"search_term_string\"}}],\"inLanguage\":\"de\"},{\"@type\":\"Organization\",\"@id\":\"https:\\\/\\\/swixed.ch\\\/de\\\/#organization\",\"name\":\"Swixed SA\",\"url\":\"https:\\\/\\\/swixed.ch\\\/de\\\/\",\"logo\":{\"@type\":\"ImageObject\",\"inLanguage\":\"de\",\"@id\":\"https:\\\/\\\/swixed.ch\\\/de\\\/#\\\/schema\\\/logo\\\/image\\\/\",\"url\":\"https:\\\/\\\/swixed.ch\\\/wp-content\\\/uploads\\\/logos\\\/swixed-logo-lite.png\",\"contentUrl\":\"https:\\\/\\\/swixed.ch\\\/wp-content\\\/uploads\\\/logos\\\/swixed-logo-lite.png\",\"width\":696,\"height\":696,\"caption\":\"Swixed SA\"},\"image\":{\"@id\":\"https:\\\/\\\/swixed.ch\\\/de\\\/#\\\/schema\\\/logo\\\/image\\\/\"},\"sameAs\":[\"https:\\\/\\\/www.facebook.com\\\/swixed\",\"https:\\\/\\\/www.linkedin.com\\\/company\\\/swixed\",\"https:\\\/\\\/www.youtube.com\\\/@swixedsa\"],\"description\":\"Swixed SA est une entreprise suisse bas\u00e9e \u00e0 Gen\u00e8ve, sp\u00e9cialis\u00e9e dans la vente, la location et la maintenance d\u2019appareils m\u00e9dicaux professionnels, tels que d\u00e9fibrillateurs AED, \u00e9lectrocardiographes, moniteurs patient et dispositifs de diagnostic.\",\"email\":\"infoshop@swixed.ch\",\"telephone\":\"+41 22 566 11 95\",\"legalName\":\"Swixed SA\",\"foundingDate\":\"2021-03-01\",\"numberOfEmployees\":{\"@type\":\"QuantitativeValue\",\"minValue\":\"1\",\"maxValue\":\"10\"}}]}<\/script>\n<!-- \/ Yoast SEO Premium plugin. -->","yoast_head_json":{"title":"AED Defibrillator Schiller FRED Easy Life gebraucht | Swixed SA","description":"Gebrauchter halbautomatischer AED Defibrillator Schiller FRED Easy Life, getestet, geliefert mit neuer Batterie und neuen Elektroden.","robots":{"index":"index","follow":"follow","max-snippet":"max-snippet:-1","max-image-preview":"max-image-preview:large","max-video-preview":"max-video-preview:-1"},"canonical":"https:\/\/swixed.ch\/de\/produkt\/sed30014\/","og_locale":"de_DE","og_type":"article","og_title":"Schiller Fred Easy Life Gebrauchter halbautomatischer Defibrillator","og_description":"Gebrauchter halbautomatischer AED Defibrillator Schiller FRED Easy Life, getestet, geliefert mit neuer Batterie und neuen Elektroden.","og_url":"https:\/\/swixed.ch\/de\/produkt\/sed30014\/","og_site_name":"Swixed SA","article_publisher":"https:\/\/www.facebook.com\/swixed","article_modified_time":"2026-04-19T18:09:55+00:00","og_image":[{"width":600,"height":600,"url":"https:\/\/swixed.ch\/wp-content\/uploads\/2026\/01\/SED30014-01.png","type":"image\/png"}],"twitter_card":"summary_large_image","twitter_misc":{"Gesch\u00e4tzte Lesezeit":"2\u00a0Minuten"},"schema":{"@context":"https:\/\/schema.org","@graph":[{"@type":"WebPage","@id":"https:\/\/swixed.ch\/de\/produkt\/sed30014\/","url":"https:\/\/swixed.ch\/de\/produkt\/sed30014\/","name":"AED Defibrillator Schiller FRED Easy Life gebraucht | Swixed SA","isPartOf":{"@id":"https:\/\/swixed.ch\/de\/#website"},"primaryImageOfPage":{"@id":"https:\/\/swixed.ch\/de\/produkt\/sed30014\/#primaryimage"},"image":{"@id":"https:\/\/swixed.ch\/de\/produkt\/sed30014\/#primaryimage"},"thumbnailUrl":"https:\/\/swixed.ch\/wp-content\/uploads\/2026\/01\/SED30014-01.png","datePublished":"2023-03-15T15:43:40+00:00","dateModified":"2026-04-19T18:09:55+00:00","description":"Gebrauchter halbautomatischer AED Defibrillator Schiller FRED Easy Life, getestet, geliefert mit neuer Batterie und neuen Elektroden.","breadcrumb":{"@id":"https:\/\/swixed.ch\/de\/produkt\/sed30014\/#breadcrumb"},"inLanguage":"de","potentialAction":[{"@type":"ReadAction","target":["https:\/\/swixed.ch\/de\/produkt\/sed30014\/"]}]},{"@type":"ImageObject","inLanguage":"de","@id":"https:\/\/swixed.ch\/de\/produkt\/sed30014\/#primaryimage","url":"https:\/\/swixed.ch\/wp-content\/uploads\/2026\/01\/SED30014-01.png","contentUrl":"https:\/\/swixed.ch\/wp-content\/uploads\/2026\/01\/SED30014-01.png","width":600,"height":600,"caption":"SED30014"},{"@type":"BreadcrumbList","@id":"https:\/\/swixed.ch\/de\/produkt\/sed30014\/#breadcrumb","itemListElement":[{"@type":"ListItem","position":1,"name":"Startseite","item":"https:\/\/swixed.ch\/de\/home\/"},{"@type":"ListItem","position":2,"name":"Shop","item":"https:\/\/swixed.ch\/de\/shop\/"},{"@type":"ListItem","position":3,"name":"Schiller Fred Easy Life Gebrauchter halbautomatischer Defibrillator"}]},{"@type":"WebSite","@id":"https:\/\/swixed.ch\/de\/#website","url":"https:\/\/swixed.ch\/de\/","name":"Swixed SA","description":"Elektronische Ger\u00e4te","publisher":{"@id":"https:\/\/swixed.ch\/de\/#organization"},"potentialAction":[{"@type":"SearchAction","target":{"@type":"EntryPoint","urlTemplate":"https:\/\/swixed.ch\/de\/?s={search_term_string}"},"query-input":{"@type":"PropertyValueSpecification","valueRequired":true,"valueName":"search_term_string"}}],"inLanguage":"de"},{"@type":"Organization","@id":"https:\/\/swixed.ch\/de\/#organization","name":"Swixed SA","url":"https:\/\/swixed.ch\/de\/","logo":{"@type":"ImageObject","inLanguage":"de","@id":"https:\/\/swixed.ch\/de\/#\/schema\/logo\/image\/","url":"https:\/\/swixed.ch\/wp-content\/uploads\/logos\/swixed-logo-lite.png","contentUrl":"https:\/\/swixed.ch\/wp-content\/uploads\/logos\/swixed-logo-lite.png","width":696,"height":696,"caption":"Swixed SA"},"image":{"@id":"https:\/\/swixed.ch\/de\/#\/schema\/logo\/image\/"},"sameAs":["https:\/\/www.facebook.com\/swixed","https:\/\/www.linkedin.com\/company\/swixed","https:\/\/www.youtube.com\/@swixedsa"],"description":"Swixed SA est une entreprise suisse bas\u00e9e \u00e0 Gen\u00e8ve, sp\u00e9cialis\u00e9e dans la vente, la location et la maintenance d\u2019appareils m\u00e9dicaux professionnels, tels que d\u00e9fibrillateurs AED, \u00e9lectrocardiographes, moniteurs patient et dispositifs de diagnostic.","email":"infoshop@swixed.ch","telephone":"+41 22 566 11 95","legalName":"Swixed SA","foundingDate":"2021-03-01","numberOfEmployees":{"@type":"QuantitativeValue","minValue":"1","maxValue":"10"}}]}},"_links":{"self":[{"href":"https:\/\/swixed.ch\/de\/wp-json\/wp\/v2\/product\/36079","targetHints":{"allow":["GET"]}}],"collection":[{"href":"https:\/\/swixed.ch\/de\/wp-json\/wp\/v2\/product"}],"about":[{"href":"https:\/\/swixed.ch\/de\/wp-json\/wp\/v2\/types\/product"}],"version-history":[{"count":1,"href":"https:\/\/swixed.ch\/de\/wp-json\/wp\/v2\/product\/36079\/revisions"}],"predecessor-version":[{"id":62864,"href":"https:\/\/swixed.ch\/de\/wp-json\/wp\/v2\/product\/36079\/revisions\/62864"}],"wp:featuredmedia":[{"embeddable":true,"href":"https:\/\/swixed.ch\/de\/wp-json\/wp\/v2\/media\/57635"}],"wp:attachment":[{"href":"https:\/\/swixed.ch\/de\/wp-json\/wp\/v2\/media?parent=36079"}],"wp:term":[{"taxonomy":"product_brand","embeddable":true,"href":"https:\/\/swixed.ch\/de\/wp-json\/wp\/v2\/product_brand?post=36079"},{"taxonomy":"product_cat","embeddable":true,"href":"https:\/\/swixed.ch\/de\/wp-json\/wp\/v2\/product_cat?post=36079"},{"taxonomy":"product_tag","embeddable":true,"href":"https:\/\/swixed.ch\/de\/wp-json\/wp\/v2\/product_tag?post=36079"}],"curies":[{"name":"wp","href":"https:\/\/api.w.org\/{rel}","templated":true}]}}