{"id":36110,"date":"2023-07-02T02:27:17","date_gmt":"2023-07-02T01:27:17","guid":{"rendered":"https:\/\/swixed.com\/produit\/oximeter-edan-h10\/"},"modified":"2026-04-21T06:50:41","modified_gmt":"2026-04-21T05:50:41","slug":"sed70004","status":"publish","type":"product","link":"https:\/\/swixed.ch\/de\/produkt\/sed70004\/","title":{"rendered":"Edan H10 Pulsoximeter"},"content":{"rendered":"\t\t<div data-elementor-type=\"product-post\" data-elementor-id=\"36110\" class=\"elementor elementor-36110 elementor-20676\" data-elementor-post-type=\"product\">\n\t\t\t\t<div class=\"elementor-element elementor-element-106bc1e e-con-full e-flex e-con e-parent\" data-id=\"106bc1e\" data-element_type=\"container\" data-e-type=\"container\">\n\t\t<div class=\"elementor-element elementor-element-3f54f04 e-con-full e-flex e-con e-child\" data-id=\"3f54f04\" data-element_type=\"container\" data-e-type=\"container\">\n\t\t\t\t<div class=\"elementor-element elementor-element-c5ce916 elementor-widget elementor-widget-heading\" data-id=\"c5ce916\" data-element_type=\"widget\" data-e-type=\"widget\" data-widget_type=\"heading.default\">\n\t\t\t\t\t<h2 class=\"elementor-heading-title elementor-size-default\">Hauptmerkmale<\/h2>\t\t\t\t<\/div>\n\t\t\t\t<div class=\"elementor-element elementor-element-d5231aa elementor-widget elementor-widget-text-editor\" data-id=\"d5231aa\" data-element_type=\"widget\" data-e-type=\"widget\" data-widget_type=\"text-editor.default\">\n\t\t\t\t\t\t\t\t\t<p>Das Pulsoximeter Edan H10 verbindet zun\u00e4chst einmal Kompaktheit, Lesbarkeit und einfache Bedienung. Dank seines Fingerformats erm\u00f6glicht das Ger\u00e4t eine schnelle Messung ohne komplizierte Installation. Au\u00dferdem zeigt das Farbdisplay alle wichtigen Daten \u00fcbersichtlich auf einer einzigen Oberfl\u00e4che an.  <\/p><p>Au\u00dferdem funktioniert das Ger\u00e4t mit einer einzigen Multifunktionstaste. Dieses Design reduziert unn\u00f6tige Manipulationen und verbessert die Handhabung. Die in zehn Stufen einstellbare Beleuchtung sorgt daf\u00fcr, dass Sie auch bei wechselnden Lichtverh\u00e4ltnissen gut lesen k\u00f6nnen.  <\/p><p>Wichtigste technische Merkmale :<\/p><ul><li>Messung der Sauerstoffs\u00e4ttigung (SpO2) von 35% bis 99%.<\/li><li>Messung der Herzfrequenz von 30 bis 240 BPM<\/li><li>Digitale Anzeige und Plethysmogramm<\/li><li>Bildschirm mit einstellbarer Helligkeit (10 Stufen)<\/li><li>Automatische Abschaltung nach 8 Sekunden Inaktivit\u00e4t<\/li><\/ul>\t\t\t\t\t\t\t\t<\/div>\n\t\t\t\t<div class=\"elementor-element elementor-element-339c9d9 elementor-widget elementor-widget-heading\" data-id=\"339c9d9\" data-element_type=\"widget\" data-e-type=\"widget\" data-widget_type=\"heading.default\">\n\t\t\t\t\t<h2 class=\"elementor-heading-title elementor-size-default\">Funktionen<\/h2>\t\t\t\t<\/div>\n\t\t\t\t<div class=\"elementor-element elementor-element-24505a8 elementor-widget elementor-widget-text-editor\" data-id=\"24505a8\" data-element_type=\"widget\" data-e-type=\"widget\" data-widget_type=\"text-editor.default\">\n\t\t\t\t\t\t\t\t\t<p>Zweitens verf\u00fcgt der Edan H10 \u00fcber eine Reihe von Funktionen, die eine regelm\u00e4\u00dfige und kontrollierte Nutzung erm\u00f6glichen. Die Abschaltautomatik reduziert den Energieverbrauch und verl\u00e4ngert die Betriebszeit. Au\u00dferdem informiert der Indikator f\u00fcr niedrigen Batteriestand den Benutzer, bevor er die Arbeit unterbricht.  <\/p><p>Das Ger\u00e4t wird daher mit zwei AAA-Alkalibatterien betrieben, die im Lieferumfang des Oximeters enthalten sind. Diese Standardversorgung vereinfacht den Austausch und macht spezielle Ladeger\u00e4te \u00fcberfl\u00fcssig. Das geringe Gewicht und die kleinen Abmessungen machen es einfach, das Ger\u00e4t in einer Arzttasche oder einem Notfallkoffer zu transportieren.  <\/p><p>Diese Elemente machen das Oximeter kompatibel mit einer Vielzahl von Anwendungskontexten, wobei ein neutraler und nicht personalisierter technischer Ansatz verfolgt wird.<\/p>\t\t\t\t\t\t\t\t<\/div>\n\t\t\t\t<div class=\"elementor-element elementor-element-054ba6b elementor-widget elementor-widget-heading\" data-id=\"054ba6b\" data-element_type=\"widget\" data-e-type=\"widget\" data-widget_type=\"heading.default\">\n\t\t\t\t\t<h2 class=\"elementor-heading-title elementor-size-default\">Nutzung und rechtliche Rahmenbedingungen in der Schweiz<\/h2>\t\t\t\t<\/div>\n\t\t\t\t<div class=\"elementor-element elementor-element-6627a1f elementor-widget elementor-widget-text-editor\" data-id=\"6627a1f\" data-element_type=\"widget\" data-e-type=\"widget\" data-widget_type=\"text-editor.default\">\n\t\t\t\t\t\t\t\t\t<p>In der Schweiz fallen Pulsoximeter unter die Vorschriften f\u00fcr medizinische Ger\u00e4te. Das Inverkehrbringen und die Verwendung von Pulsoximetern unterliegen einem klaren normativen Rahmen. Die Anforderungen an die Konformit\u00e4t ergeben sich insbesondere aus der Medical Devices Ordinance (MedDO), die die europ\u00e4ischen Vorschriften auf nationaler Ebene umsetzt.  <\/p><p>Die Markt\u00fcberwachung und die Verpflichtungen der Hersteller fallen in den Zust\u00e4ndigkeitsbereich von Swissmedic, w\u00e4hrend Informationen \u00fcber die \u00f6ffentliche Gesundheit vom Bundesamt f\u00fcr Gesundheit verbreitet werden. Diese Stellen regeln die Verwendung von Medizinprodukten, ohne individuelle klinische Indikationen zu formulieren. <br>\t\t<div data-elementor-type=\"widget\" data-elementor-id=\"59088\" class=\"elementor elementor-59088 elementor-59083 elementor-59083\" data-elementor-post-type=\"elementor_library\">\n\t\t\t\t\t\t<div class=\"elementor-element elementor-element-59083 elementor-widget elementor-widget-text-editor\" data-id=\"59083\" data-element_type=\"widget\" data-e-type=\"widget\" data-widget_type=\"text-editor.default\">\n\t\t\t\t\t\t\t\t\t<p>Weitere Informationen finden Sie unter :<\/p><ul><li><a href=\"https:\/\/www.swissmedic.ch\" target=\"_blank\" rel=\"noopener\">Swissmedic<\/a><\/li><li><a href=\"https:\/\/www.bag.admin.ch\" target=\"_blank\" rel=\"noopener\">Bundesamt f\u00fcr Gesundheit (BAG)<\/a><\/li><li><a href=\"https:\/\/www.switec.info\" target=\"_blank\" rel=\"noopener\">Schweizerisches Informationszentrum f\u00fcr technische Regeln (Switec)<\/a><\/li><li><a href=\"https:\/\/www.fedlex.admin.ch\/eli\/cc\/2020\/552\/\" target=\"_blank\" rel=\"noopener\">Verordnung \u00fcber Medizinprodukte (MDDV oder MedDO)<\/a><\/li><\/ul><p><br>Unsere Medizinprodukte haben einen autorisierten Vertreter in der Schweiz (CH-REP), gem\u00e4\u00df der geltenden schweizerischen Gesetzgebung f\u00fcr Medizinprodukte.<\/p>\t\t\t\t\t\t\t\t<\/div>\n\t\t\t\t<\/div>\n\t\t<br><br>Klicken Sie hier, um die <a href=\"\/produit\/sed94005\/\">regelm\u00e4\u00dfige Wartung<\/a> zu buchen.<\/p>\t\t\t\t\t\t\t\t<\/div>\n\t\t\t\t<div class=\"elementor-element elementor-element-9b84d9c elementor-widget elementor-widget-heading\" data-id=\"9b84d9c\" data-element_type=\"widget\" data-e-type=\"widget\" data-widget_type=\"heading.default\">\n\t\t\t\t\t<h2 class=\"elementor-heading-title elementor-size-default\">Inhalt<\/h2>\t\t\t\t<\/div>\n\t\t\t\t<div class=\"elementor-element elementor-element-2d8780e elementor-widget elementor-widget-text-editor\" data-id=\"2d8780e\" data-element_type=\"widget\" data-e-type=\"widget\" data-widget_type=\"text-editor.default\">\n\t\t\t\t\t\t\t\t\t<p>Das Pulsoximeter Edan H10 wird gebrauchsfertig mit den folgenden Komponenten geliefert:<\/p><ul><li>1 Pulsoximeter Edan H10<\/li><li>2 Alkaline-Batterien AAA 1,5 V<\/li><li>Benutzerdokumentation<\/li><li>2 Jahre Herstellergarantie<\/li><\/ul>\t\t\t\t\t\t\t\t<\/div>\n\t\t\t\t<\/div>\n\t\t\t\t<\/div>\n\t\t\t\t<\/div>\n\t\t","protected":false},"excerpt":{"rendered":"<p>Das Edan H10 ist ein digitales Pulsoximeter im kompakten Format mit einem Grafikdisplay zur Anzeige von Betriebsinformationen. Das Ger\u00e4t ist batteriebetrieben und verf\u00fcgt \u00fcber eine automatische Abschaltfunktion zur Optimierung des Energiemanagements. Das Ger\u00e4t ist CE-zertifiziert und entspricht den technischen Spezifikationen des Herstellers und ist f\u00fcr den Einsatz in professionellen und institutionellen Umgebungen vorgesehen.  <\/p>\n","protected":false},"featured_media":58417,"template":"","meta":{"_acf_changed":false},"product_brand":[2085],"product_cat":[1112,1114],"product_tag":[7760,7771,7753,7759,7755,7586,7758,7754,1181,7772],"class_list":{"0":"post-36110","1":"product","2":"type-product","3":"status-publish","4":"has-post-thumbnail","6":"product_brand-edan-de","7":"product_cat-pulsoximeter","8":"product_cat-geraete-pulsoximeter","9":"product_tag-automatische-abschaltung","10":"product_tag-geringer-verbrauch","11":"product_tag-hr","12":"product_tag-infusionsindikator-pi","13":"product_tag-kompaktes-format","14":"product_tag-nicht-invasive-messung","15":"product_tag-oled-anzeige","16":"product_tag-pulsoximeter-finger","17":"product_tag-spo2-de","18":"product_tag-visueller-alarm","19":"product_shipping_class-kostenloser-versand","21":"first","22":"instock","23":"sale","24":"taxable","25":"shipping-taxable","26":"purchasable","27":"product-type-simple"},"acf":[],"yoast_head":"<!-- This site is optimized with the Yoast SEO Premium plugin v27.4 (Yoast SEO v27.4) - https:\/\/yoast.com\/product\/yoast-seo-premium-wordpress\/ -->\n<title>Edan H10 kompaktes, digitales Pulsoximeter | Swixed SA<\/title>\n<meta name=\"description\" content=\"Das EDAN H10 Finger-Oximeter ist f\u00fcr die kontinuierliche oder einmalige \u00dcberwachung der arteriellen Sauerstoffs\u00e4ttigung und der Herzfrequenz bestimmt.\" \/>\n<meta name=\"robots\" content=\"index, follow, max-snippet:-1, max-image-preview:large, max-video-preview:-1\" \/>\n<link rel=\"canonical\" href=\"https:\/\/swixed.ch\/de\/produkt\/sed70004\/\" \/>\n<meta property=\"og:locale\" content=\"de_DE\" \/>\n<meta property=\"og:type\" content=\"article\" \/>\n<meta property=\"og:title\" content=\"Edan H10 Pulsoximeter\" \/>\n<meta property=\"og:description\" content=\"Das EDAN H10 Finger-Oximeter ist f\u00fcr die kontinuierliche oder einmalige \u00dcberwachung der arteriellen Sauerstoffs\u00e4ttigung und der Herzfrequenz bestimmt.\" \/>\n<meta property=\"og:url\" content=\"https:\/\/swixed.ch\/de\/produkt\/sed70004\/\" \/>\n<meta property=\"og:site_name\" content=\"Swixed SA\" \/>\n<meta property=\"article:publisher\" content=\"https:\/\/www.facebook.com\/swixed\" \/>\n<meta property=\"article:modified_time\" content=\"2026-04-21T05:50:41+00:00\" \/>\n<meta property=\"og:image\" content=\"https:\/\/swixed.ch\/wp-content\/uploads\/2026\/01\/SED70004-01.png\" \/>\n\t<meta property=\"og:image:width\" content=\"600\" \/>\n\t<meta property=\"og:image:height\" content=\"600\" \/>\n\t<meta property=\"og:image:type\" content=\"image\/png\" \/>\n<meta name=\"twitter:card\" content=\"summary_large_image\" \/>\n<meta name=\"twitter:label1\" content=\"Gesch\u00e4tzte Lesezeit\" \/>\n\t<meta name=\"twitter:data1\" content=\"2\u00a0Minuten\" \/>\n<script type=\"application\/ld+json\" class=\"yoast-schema-graph\">{\"@context\":\"https:\\\/\\\/schema.org\",\"@graph\":[{\"@type\":\"WebPage\",\"@id\":\"https:\\\/\\\/swixed.ch\\\/de\\\/produkt\\\/sed70004\\\/\",\"url\":\"https:\\\/\\\/swixed.ch\\\/de\\\/produkt\\\/sed70004\\\/\",\"name\":\"Edan H10 kompaktes, digitales Pulsoximeter | Swixed SA\",\"isPartOf\":{\"@id\":\"https:\\\/\\\/swixed.ch\\\/de\\\/#website\"},\"primaryImageOfPage\":{\"@id\":\"https:\\\/\\\/swixed.ch\\\/de\\\/produkt\\\/sed70004\\\/#primaryimage\"},\"image\":{\"@id\":\"https:\\\/\\\/swixed.ch\\\/de\\\/produkt\\\/sed70004\\\/#primaryimage\"},\"thumbnailUrl\":\"https:\\\/\\\/swixed.ch\\\/wp-content\\\/uploads\\\/2026\\\/01\\\/SED70004-01.png\",\"datePublished\":\"2023-07-02T01:27:17+00:00\",\"dateModified\":\"2026-04-21T05:50:41+00:00\",\"description\":\"Das EDAN H10 Finger-Oximeter ist f\u00fcr die kontinuierliche oder einmalige \u00dcberwachung der arteriellen Sauerstoffs\u00e4ttigung und der Herzfrequenz bestimmt.\",\"breadcrumb\":{\"@id\":\"https:\\\/\\\/swixed.ch\\\/de\\\/produkt\\\/sed70004\\\/#breadcrumb\"},\"inLanguage\":\"de\",\"potentialAction\":[{\"@type\":\"ReadAction\",\"target\":[\"https:\\\/\\\/swixed.ch\\\/de\\\/produkt\\\/sed70004\\\/\"]}]},{\"@type\":\"ImageObject\",\"inLanguage\":\"de\",\"@id\":\"https:\\\/\\\/swixed.ch\\\/de\\\/produkt\\\/sed70004\\\/#primaryimage\",\"url\":\"https:\\\/\\\/swixed.ch\\\/wp-content\\\/uploads\\\/2026\\\/01\\\/SED70004-01.png\",\"contentUrl\":\"https:\\\/\\\/swixed.ch\\\/wp-content\\\/uploads\\\/2026\\\/01\\\/SED70004-01.png\",\"width\":600,\"height\":600,\"caption\":\"SED70004\"},{\"@type\":\"BreadcrumbList\",\"@id\":\"https:\\\/\\\/swixed.ch\\\/de\\\/produkt\\\/sed70004\\\/#breadcrumb\",\"itemListElement\":[{\"@type\":\"ListItem\",\"position\":1,\"name\":\"Startseite\",\"item\":\"https:\\\/\\\/swixed.ch\\\/de\\\/home\\\/\"},{\"@type\":\"ListItem\",\"position\":2,\"name\":\"Shop\",\"item\":\"https:\\\/\\\/swixed.ch\\\/de\\\/shop\\\/\"},{\"@type\":\"ListItem\",\"position\":3,\"name\":\"Edan H10 Pulsoximeter\"}]},{\"@type\":\"WebSite\",\"@id\":\"https:\\\/\\\/swixed.ch\\\/de\\\/#website\",\"url\":\"https:\\\/\\\/swixed.ch\\\/de\\\/\",\"name\":\"Swixed SA\",\"description\":\"Elektronische Ger\u00e4te\",\"publisher\":{\"@id\":\"https:\\\/\\\/swixed.ch\\\/de\\\/#organization\"},\"potentialAction\":[{\"@type\":\"SearchAction\",\"target\":{\"@type\":\"EntryPoint\",\"urlTemplate\":\"https:\\\/\\\/swixed.ch\\\/de\\\/?s={search_term_string}\"},\"query-input\":{\"@type\":\"PropertyValueSpecification\",\"valueRequired\":true,\"valueName\":\"search_term_string\"}}],\"inLanguage\":\"de\"},{\"@type\":\"Organization\",\"@id\":\"https:\\\/\\\/swixed.ch\\\/de\\\/#organization\",\"name\":\"Swixed SA\",\"url\":\"https:\\\/\\\/swixed.ch\\\/de\\\/\",\"logo\":{\"@type\":\"ImageObject\",\"inLanguage\":\"de\",\"@id\":\"https:\\\/\\\/swixed.ch\\\/de\\\/#\\\/schema\\\/logo\\\/image\\\/\",\"url\":\"https:\\\/\\\/swixed.ch\\\/wp-content\\\/uploads\\\/logos\\\/swixed-logo-lite.png\",\"contentUrl\":\"https:\\\/\\\/swixed.ch\\\/wp-content\\\/uploads\\\/logos\\\/swixed-logo-lite.png\",\"width\":696,\"height\":696,\"caption\":\"Swixed SA\"},\"image\":{\"@id\":\"https:\\\/\\\/swixed.ch\\\/de\\\/#\\\/schema\\\/logo\\\/image\\\/\"},\"sameAs\":[\"https:\\\/\\\/www.facebook.com\\\/swixed\",\"https:\\\/\\\/www.linkedin.com\\\/company\\\/swixed\",\"https:\\\/\\\/www.youtube.com\\\/@swixedsa\"],\"description\":\"Swixed SA est une entreprise suisse bas\u00e9e \u00e0 Gen\u00e8ve, sp\u00e9cialis\u00e9e dans la vente, la location et la maintenance d\u2019appareils m\u00e9dicaux professionnels, tels que d\u00e9fibrillateurs AED, \u00e9lectrocardiographes, moniteurs patient et dispositifs de diagnostic.\",\"email\":\"infoshop@swixed.ch\",\"telephone\":\"+41 22 566 11 95\",\"legalName\":\"Swixed SA\",\"foundingDate\":\"2021-03-01\",\"numberOfEmployees\":{\"@type\":\"QuantitativeValue\",\"minValue\":\"1\",\"maxValue\":\"10\"}}]}<\/script>\n<!-- \/ Yoast SEO Premium plugin. -->","yoast_head_json":{"title":"Edan H10 kompaktes, digitales Pulsoximeter | Swixed SA","description":"Das EDAN H10 Finger-Oximeter ist f\u00fcr die kontinuierliche oder einmalige \u00dcberwachung der arteriellen Sauerstoffs\u00e4ttigung und der Herzfrequenz bestimmt.","robots":{"index":"index","follow":"follow","max-snippet":"max-snippet:-1","max-image-preview":"max-image-preview:large","max-video-preview":"max-video-preview:-1"},"canonical":"https:\/\/swixed.ch\/de\/produkt\/sed70004\/","og_locale":"de_DE","og_type":"article","og_title":"Edan H10 Pulsoximeter","og_description":"Das EDAN H10 Finger-Oximeter ist f\u00fcr die kontinuierliche oder einmalige \u00dcberwachung der arteriellen Sauerstoffs\u00e4ttigung und der Herzfrequenz bestimmt.","og_url":"https:\/\/swixed.ch\/de\/produkt\/sed70004\/","og_site_name":"Swixed SA","article_publisher":"https:\/\/www.facebook.com\/swixed","article_modified_time":"2026-04-21T05:50:41+00:00","og_image":[{"width":600,"height":600,"url":"https:\/\/swixed.ch\/wp-content\/uploads\/2026\/01\/SED70004-01.png","type":"image\/png"}],"twitter_card":"summary_large_image","twitter_misc":{"Gesch\u00e4tzte Lesezeit":"2\u00a0Minuten"},"schema":{"@context":"https:\/\/schema.org","@graph":[{"@type":"WebPage","@id":"https:\/\/swixed.ch\/de\/produkt\/sed70004\/","url":"https:\/\/swixed.ch\/de\/produkt\/sed70004\/","name":"Edan H10 kompaktes, digitales Pulsoximeter | Swixed SA","isPartOf":{"@id":"https:\/\/swixed.ch\/de\/#website"},"primaryImageOfPage":{"@id":"https:\/\/swixed.ch\/de\/produkt\/sed70004\/#primaryimage"},"image":{"@id":"https:\/\/swixed.ch\/de\/produkt\/sed70004\/#primaryimage"},"thumbnailUrl":"https:\/\/swixed.ch\/wp-content\/uploads\/2026\/01\/SED70004-01.png","datePublished":"2023-07-02T01:27:17+00:00","dateModified":"2026-04-21T05:50:41+00:00","description":"Das EDAN H10 Finger-Oximeter ist f\u00fcr die kontinuierliche oder einmalige \u00dcberwachung der arteriellen Sauerstoffs\u00e4ttigung und der Herzfrequenz bestimmt.","breadcrumb":{"@id":"https:\/\/swixed.ch\/de\/produkt\/sed70004\/#breadcrumb"},"inLanguage":"de","potentialAction":[{"@type":"ReadAction","target":["https:\/\/swixed.ch\/de\/produkt\/sed70004\/"]}]},{"@type":"ImageObject","inLanguage":"de","@id":"https:\/\/swixed.ch\/de\/produkt\/sed70004\/#primaryimage","url":"https:\/\/swixed.ch\/wp-content\/uploads\/2026\/01\/SED70004-01.png","contentUrl":"https:\/\/swixed.ch\/wp-content\/uploads\/2026\/01\/SED70004-01.png","width":600,"height":600,"caption":"SED70004"},{"@type":"BreadcrumbList","@id":"https:\/\/swixed.ch\/de\/produkt\/sed70004\/#breadcrumb","itemListElement":[{"@type":"ListItem","position":1,"name":"Startseite","item":"https:\/\/swixed.ch\/de\/home\/"},{"@type":"ListItem","position":2,"name":"Shop","item":"https:\/\/swixed.ch\/de\/shop\/"},{"@type":"ListItem","position":3,"name":"Edan H10 Pulsoximeter"}]},{"@type":"WebSite","@id":"https:\/\/swixed.ch\/de\/#website","url":"https:\/\/swixed.ch\/de\/","name":"Swixed SA","description":"Elektronische Ger\u00e4te","publisher":{"@id":"https:\/\/swixed.ch\/de\/#organization"},"potentialAction":[{"@type":"SearchAction","target":{"@type":"EntryPoint","urlTemplate":"https:\/\/swixed.ch\/de\/?s={search_term_string}"},"query-input":{"@type":"PropertyValueSpecification","valueRequired":true,"valueName":"search_term_string"}}],"inLanguage":"de"},{"@type":"Organization","@id":"https:\/\/swixed.ch\/de\/#organization","name":"Swixed SA","url":"https:\/\/swixed.ch\/de\/","logo":{"@type":"ImageObject","inLanguage":"de","@id":"https:\/\/swixed.ch\/de\/#\/schema\/logo\/image\/","url":"https:\/\/swixed.ch\/wp-content\/uploads\/logos\/swixed-logo-lite.png","contentUrl":"https:\/\/swixed.ch\/wp-content\/uploads\/logos\/swixed-logo-lite.png","width":696,"height":696,"caption":"Swixed SA"},"image":{"@id":"https:\/\/swixed.ch\/de\/#\/schema\/logo\/image\/"},"sameAs":["https:\/\/www.facebook.com\/swixed","https:\/\/www.linkedin.com\/company\/swixed","https:\/\/www.youtube.com\/@swixedsa"],"description":"Swixed SA est une entreprise suisse bas\u00e9e \u00e0 Gen\u00e8ve, sp\u00e9cialis\u00e9e dans la vente, la location et la maintenance d\u2019appareils m\u00e9dicaux professionnels, tels que d\u00e9fibrillateurs AED, \u00e9lectrocardiographes, moniteurs patient et dispositifs de diagnostic.","email":"infoshop@swixed.ch","telephone":"+41 22 566 11 95","legalName":"Swixed SA","foundingDate":"2021-03-01","numberOfEmployees":{"@type":"QuantitativeValue","minValue":"1","maxValue":"10"}}]}},"_links":{"self":[{"href":"https:\/\/swixed.ch\/de\/wp-json\/wp\/v2\/product\/36110","targetHints":{"allow":["GET"]}}],"collection":[{"href":"https:\/\/swixed.ch\/de\/wp-json\/wp\/v2\/product"}],"about":[{"href":"https:\/\/swixed.ch\/de\/wp-json\/wp\/v2\/types\/product"}],"version-history":[{"count":1,"href":"https:\/\/swixed.ch\/de\/wp-json\/wp\/v2\/product\/36110\/revisions"}],"predecessor-version":[{"id":63083,"href":"https:\/\/swixed.ch\/de\/wp-json\/wp\/v2\/product\/36110\/revisions\/63083"}],"wp:featuredmedia":[{"embeddable":true,"href":"https:\/\/swixed.ch\/de\/wp-json\/wp\/v2\/media\/58417"}],"wp:attachment":[{"href":"https:\/\/swixed.ch\/de\/wp-json\/wp\/v2\/media?parent=36110"}],"wp:term":[{"taxonomy":"product_brand","embeddable":true,"href":"https:\/\/swixed.ch\/de\/wp-json\/wp\/v2\/product_brand?post=36110"},{"taxonomy":"product_cat","embeddable":true,"href":"https:\/\/swixed.ch\/de\/wp-json\/wp\/v2\/product_cat?post=36110"},{"taxonomy":"product_tag","embeddable":true,"href":"https:\/\/swixed.ch\/de\/wp-json\/wp\/v2\/product_tag?post=36110"}],"curies":[{"name":"wp","href":"https:\/\/api.w.org\/{rel}","templated":true}]}}