{"id":36211,"date":"2023-09-14T21:39:07","date_gmt":"2023-09-14T19:39:07","guid":{"rendered":"https:\/\/swixed.com\/produit\/rossmax-pf120a-peak-flow-meter-fuer-erwachsene\/"},"modified":"2026-03-25T23:29:01","modified_gmt":"2026-03-25T22:29:01","slug":"sed95005","status":"publish","type":"product","link":"https:\/\/swixed.ch\/de\/produkt\/sed95005\/","title":{"rendered":"Rossmax Peak-Flow PF120A Spitzenflussmesser f\u00fcr Erwachsene"},"content":{"rendered":"\t\t<div data-elementor-type=\"product-post\" data-elementor-id=\"36211\" class=\"elementor elementor-36211 elementor-26324\" data-elementor-post-type=\"product\">\n\t\t\t\t\t\t<section class=\"elementor-section elementor-top-section elementor-element elementor-element-834d306 elementor-section-boxed elementor-section-height-default elementor-section-height-default\" data-id=\"834d306\" data-element_type=\"section\" data-e-type=\"section\">\n\t\t\t\t\t\t<div class=\"elementor-container elementor-column-gap-default\">\n\t\t\t\t\t<div class=\"elementor-column elementor-col-100 elementor-top-column elementor-element elementor-element-085465e\" data-id=\"085465e\" data-element_type=\"column\" data-e-type=\"column\">\n\t\t\t<div class=\"elementor-widget-wrap elementor-element-populated\">\n\t\t\t\t\t\t<div class=\"elementor-element elementor-element-0684e71 elementor-widget elementor-widget-heading\" data-id=\"0684e71\" data-element_type=\"widget\" data-e-type=\"widget\" data-widget_type=\"heading.default\">\n\t\t\t\t\t<h2 class=\"elementor-heading-title elementor-size-default\">Beschreibung des Spitzenflussmessers<\/h2>\t\t\t\t<\/div>\n\t\t\t\t\t<\/div>\n\t\t<\/div>\n\t\t\t\t\t<\/div>\n\t\t<\/section>\n\t\t\t\t<section class=\"elementor-section elementor-top-section elementor-element elementor-element-bbbff69 elementor-section-boxed elementor-section-height-default elementor-section-height-default\" data-id=\"bbbff69\" data-element_type=\"section\" data-e-type=\"section\">\n\t\t\t\t\t\t<div class=\"elementor-container elementor-column-gap-default\">\n\t\t\t\t\t<div class=\"elementor-column elementor-col-100 elementor-top-column elementor-element elementor-element-df88c60\" data-id=\"df88c60\" data-element_type=\"column\" data-e-type=\"column\">\n\t\t\t<div class=\"elementor-widget-wrap elementor-element-populated\">\n\t\t\t\t\t\t<div class=\"elementor-element elementor-element-181dedd elementor-widget elementor-widget-text-editor\" data-id=\"181dedd\" data-element_type=\"widget\" data-e-type=\"widget\" data-widget_type=\"text-editor.default\">\n\t\t\t\t\t\t\t\t\t<p>Das <strong>Rossmax PF120A<\/strong><strong> Peak-Flow-Messger\u00e4t<\/strong>, auch bekannt als<strong> Peak Flow<\/strong>, ist kompakt, leicht, tragbar und waschbar. Es bietet eine schnelle und einfache Methode zur Messung<strong> des Peak Fl<\/strong> ows (PEF, PEP oder Peak Flow) bei <strong>erwachsenen Patienten<\/strong>. Dies kann sowohl in der Arztpraxis als auch zu Hause erfolgen.  <\/p><div class=\"message\"><div class=\"content\" tabindex=\"0\"><div class=\"ac-container ac-adaptiveCard\"><div class=\"ac-textBlock\"><p>Wenn der Patient in den Peak-Flow-Meter bl\u00e4st, bewegt sich ein Schieber entsprechend der St\u00e4rke des Atems. Der Wert des PEF kann dann direkt auf einer in das Ger\u00e4t integrierten Skala abgelesen werden. Dieser Wert wird mit dem theoretischen Normalwert des PEF verglichen, der von mehreren Faktoren abh\u00e4ngt. Dazu geh\u00f6ren Gr\u00f6\u00dfe, Alter und Geschlecht. Ein zu niedriger PED kann auf Atemprobleme (wie Asthma oder COPD) oder eine ungeeignete bronchienerweiternde Behandlung hinweisen.    <\/p><p>Es ist wichtig zu <strong>beachten, dass die Messung des PEF allein nicht ausreicht, um eine COPD zu diagnostizieren<\/strong>. Eine solche Diagnose erfordert auch die Messung des maximalen Ausatemvolumens in 1 Sekunde (FEV1) und des Tiffeneau-Index (Verh\u00e4ltnis von FEV1 zu Vitalkapazit\u00e4t CV). Diese werden mit einem elektronischen Spirometer und nicht mit einem Peak-Flow-Meter ermittelt.  <\/p><p>Die Daten sind leicht ablesbar und der Durchflussmesser verf\u00fcgt \u00fcber 3 Zonen. Er hat einen <strong>Peak Flow Messbereich von 60 bis 800 L\/min<\/strong>. <\/p><p>Dieser Peak-Flow-Meter kann f\u00fcr einen einzelnen Patienten oder mehrere erwachsene Patienten verwendet werden<strong>. <a href=\"http:\/\/swixed.com\/produit\/sed95006\/\">Kartonierte Spitzen mit einem Au\u00dfendurchmesser von 30 mm<\/a> sind separat erh\u00e4ltlich.<\/strong><\/p><\/div><\/div><\/div><\/div>\t\t\t\t\t\t\t\t<\/div>\n\t\t\t\t\t<\/div>\n\t\t<\/div>\n\t\t\t\t\t<\/div>\n\t\t<\/section>\n\t\t\t\t<\/div>\n\t\t","protected":false},"excerpt":{"rendered":"<p>Das <strong>Rossmax PF120A<\/strong><strong> Peak Flow<\/strong> Messger\u00e4t, auch bekannt als<strong> Peak Flow<\/strong>, ist ein <span class=\"\">kompaktes <\/span>, leichtes und leicht zu transportierendes Ger\u00e4t, das leicht zu reinigen ist. Es bietet eine einfache und schnelle Methode zur Messung<strong> des exspiratorischen Spitzenflusses<\/strong> (PEF, PEP oder Peak Flow) bei <strong>erwachsenen Patienten.<\/strong> Dies kann sowohl in der Arztpraxis als auch zu Hause erfolgen. <\/p>\n","protected":false},"featured_media":31435,"template":"","meta":{"_acf_changed":false},"product_brand":[2176],"product_cat":[1590,1591],"product_tag":[1837,1593,1592,1838],"class_list":{"0":"post-36211","1":"product","2":"type-product","3":"status-publish","4":"has-post-thumbnail","6":"product_brand-rossmax-de","7":"product_cat-spirometer","8":"product_cat-geraete-spirometer","9":"product_tag-peakflow-de","10":"product_tag-spirometer","11":"product_tag-spirometrie-de","12":"product_tag-spitzendurchflussmesser","14":"first","15":"outofstock","16":"taxable","17":"shipping-taxable","18":"product-type-simple"},"acf":[],"yoast_head":"<!-- This site is optimized with the Yoast SEO Premium plugin v27.4 (Yoast SEO v27.4) - https:\/\/yoast.com\/product\/yoast-seo-premium-wordpress\/ -->\n<title>Rossmax Peak-Flow PF120A Spitzenflussmesser f\u00fcr Erwachsene | Swixed SA<\/title>\n<meta name=\"description\" content=\"Der Rossmax PF120A Spitzenflussmesser, auch bekannt als Peak Flow, ist ein kompaktes, leichtes und leicht zu transportierendes Ger\u00e4t.\" \/>\n<meta name=\"robots\" content=\"index, follow, max-snippet:-1, max-image-preview:large, max-video-preview:-1\" \/>\n<link rel=\"canonical\" href=\"https:\/\/swixed.ch\/de\/produkt\/sed95005\/\" \/>\n<meta property=\"og:locale\" content=\"de_DE\" \/>\n<meta property=\"og:type\" content=\"article\" \/>\n<meta property=\"og:title\" content=\"Rossmax Peak-Flow PF120A Spitzenflussmesser f\u00fcr Erwachsene\" \/>\n<meta property=\"og:description\" content=\"Der Rossmax PF120A Spitzenflussmesser, auch bekannt als Peak Flow, ist ein kompaktes, leichtes und leicht zu transportierendes Ger\u00e4t.\" \/>\n<meta property=\"og:url\" content=\"https:\/\/swixed.ch\/de\/produkt\/sed95005\/\" \/>\n<meta property=\"og:site_name\" content=\"Swixed SA\" \/>\n<meta property=\"article:publisher\" content=\"https:\/\/www.facebook.com\/swixed\" \/>\n<meta property=\"article:modified_time\" content=\"2026-03-25T22:29:01+00:00\" \/>\n<meta property=\"og:image\" content=\"https:\/\/swixed.ch\/wp-content\/uploads\/products\/rossmax-peak-flow-pf120a-01.png\" \/>\n\t<meta property=\"og:image:width\" content=\"600\" \/>\n\t<meta property=\"og:image:height\" content=\"600\" \/>\n\t<meta property=\"og:image:type\" content=\"image\/png\" \/>\n<meta name=\"twitter:card\" content=\"summary_large_image\" \/>\n<meta name=\"twitter:label1\" content=\"Gesch\u00e4tzte Lesezeit\" \/>\n\t<meta name=\"twitter:data1\" content=\"1\u00a0Minute\" \/>\n<script type=\"application\/ld+json\" class=\"yoast-schema-graph\">{\"@context\":\"https:\\\/\\\/schema.org\",\"@graph\":[{\"@type\":\"WebPage\",\"@id\":\"https:\\\/\\\/swixed.ch\\\/de\\\/produkt\\\/sed95005\\\/\",\"url\":\"https:\\\/\\\/swixed.ch\\\/de\\\/produkt\\\/sed95005\\\/\",\"name\":\"Rossmax Peak-Flow PF120A Spitzenflussmesser f\u00fcr Erwachsene | Swixed SA\",\"isPartOf\":{\"@id\":\"https:\\\/\\\/swixed.ch\\\/de\\\/#website\"},\"primaryImageOfPage\":{\"@id\":\"https:\\\/\\\/swixed.ch\\\/de\\\/produkt\\\/sed95005\\\/#primaryimage\"},\"image\":{\"@id\":\"https:\\\/\\\/swixed.ch\\\/de\\\/produkt\\\/sed95005\\\/#primaryimage\"},\"thumbnailUrl\":\"https:\\\/\\\/swixed.ch\\\/wp-content\\\/uploads\\\/products\\\/rossmax-peak-flow-pf120a-01.png\",\"datePublished\":\"2023-09-14T19:39:07+00:00\",\"dateModified\":\"2026-03-25T22:29:01+00:00\",\"description\":\"Der Rossmax PF120A Spitzenflussmesser, auch bekannt als Peak Flow, ist ein kompaktes, leichtes und leicht zu transportierendes Ger\u00e4t.\",\"breadcrumb\":{\"@id\":\"https:\\\/\\\/swixed.ch\\\/de\\\/produkt\\\/sed95005\\\/#breadcrumb\"},\"inLanguage\":\"de\",\"potentialAction\":[{\"@type\":\"ReadAction\",\"target\":[\"https:\\\/\\\/swixed.ch\\\/de\\\/produkt\\\/sed95005\\\/\"]}]},{\"@type\":\"ImageObject\",\"inLanguage\":\"de\",\"@id\":\"https:\\\/\\\/swixed.ch\\\/de\\\/produkt\\\/sed95005\\\/#primaryimage\",\"url\":\"https:\\\/\\\/swixed.ch\\\/wp-content\\\/uploads\\\/products\\\/rossmax-peak-flow-pf120a-01.png\",\"contentUrl\":\"https:\\\/\\\/swixed.ch\\\/wp-content\\\/uploads\\\/products\\\/rossmax-peak-flow-pf120a-01.png\",\"width\":600,\"height\":600,\"caption\":\"Rossmax PF120A Spitzendurchflussmesser f\u00fcr Erwachsene\"},{\"@type\":\"BreadcrumbList\",\"@id\":\"https:\\\/\\\/swixed.ch\\\/de\\\/produkt\\\/sed95005\\\/#breadcrumb\",\"itemListElement\":[{\"@type\":\"ListItem\",\"position\":1,\"name\":\"Startseite\",\"item\":\"https:\\\/\\\/swixed.ch\\\/de\\\/home\\\/\"},{\"@type\":\"ListItem\",\"position\":2,\"name\":\"Shop\",\"item\":\"https:\\\/\\\/swixed.ch\\\/de\\\/shop\\\/\"},{\"@type\":\"ListItem\",\"position\":3,\"name\":\"Rossmax Peak-Flow PF120A Spitzenflussmesser f\u00fcr Erwachsene\"}]},{\"@type\":\"WebSite\",\"@id\":\"https:\\\/\\\/swixed.ch\\\/de\\\/#website\",\"url\":\"https:\\\/\\\/swixed.ch\\\/de\\\/\",\"name\":\"Swixed SA\",\"description\":\"Elektronische Ger\u00e4te\",\"publisher\":{\"@id\":\"https:\\\/\\\/swixed.ch\\\/de\\\/#organization\"},\"potentialAction\":[{\"@type\":\"SearchAction\",\"target\":{\"@type\":\"EntryPoint\",\"urlTemplate\":\"https:\\\/\\\/swixed.ch\\\/de\\\/?s={search_term_string}\"},\"query-input\":{\"@type\":\"PropertyValueSpecification\",\"valueRequired\":true,\"valueName\":\"search_term_string\"}}],\"inLanguage\":\"de\"},{\"@type\":\"Organization\",\"@id\":\"https:\\\/\\\/swixed.ch\\\/de\\\/#organization\",\"name\":\"Swixed SA\",\"url\":\"https:\\\/\\\/swixed.ch\\\/de\\\/\",\"logo\":{\"@type\":\"ImageObject\",\"inLanguage\":\"de\",\"@id\":\"https:\\\/\\\/swixed.ch\\\/de\\\/#\\\/schema\\\/logo\\\/image\\\/\",\"url\":\"https:\\\/\\\/swixed.ch\\\/wp-content\\\/uploads\\\/logos\\\/swixed-logo-lite.png\",\"contentUrl\":\"https:\\\/\\\/swixed.ch\\\/wp-content\\\/uploads\\\/logos\\\/swixed-logo-lite.png\",\"width\":696,\"height\":696,\"caption\":\"Swixed SA\"},\"image\":{\"@id\":\"https:\\\/\\\/swixed.ch\\\/de\\\/#\\\/schema\\\/logo\\\/image\\\/\"},\"sameAs\":[\"https:\\\/\\\/www.facebook.com\\\/swixed\",\"https:\\\/\\\/www.linkedin.com\\\/company\\\/swixed\",\"https:\\\/\\\/www.youtube.com\\\/@swixedsa\"],\"description\":\"Swixed SA est une entreprise suisse bas\u00e9e \u00e0 Gen\u00e8ve, sp\u00e9cialis\u00e9e dans la vente, la location et la maintenance d\u2019appareils m\u00e9dicaux professionnels, tels que d\u00e9fibrillateurs AED, \u00e9lectrocardiographes, moniteurs patient et dispositifs de diagnostic.\",\"email\":\"infoshop@swixed.ch\",\"telephone\":\"+41 22 566 11 95\",\"legalName\":\"Swixed SA\",\"foundingDate\":\"2021-03-01\",\"numberOfEmployees\":{\"@type\":\"QuantitativeValue\",\"minValue\":\"1\",\"maxValue\":\"10\"}}]}<\/script>\n<!-- \/ Yoast SEO Premium plugin. -->","yoast_head_json":{"title":"Rossmax Peak-Flow PF120A Spitzenflussmesser f\u00fcr Erwachsene | Swixed SA","description":"Der Rossmax PF120A Spitzenflussmesser, auch bekannt als Peak Flow, ist ein kompaktes, leichtes und leicht zu transportierendes Ger\u00e4t.","robots":{"index":"index","follow":"follow","max-snippet":"max-snippet:-1","max-image-preview":"max-image-preview:large","max-video-preview":"max-video-preview:-1"},"canonical":"https:\/\/swixed.ch\/de\/produkt\/sed95005\/","og_locale":"de_DE","og_type":"article","og_title":"Rossmax Peak-Flow PF120A Spitzenflussmesser f\u00fcr Erwachsene","og_description":"Der Rossmax PF120A Spitzenflussmesser, auch bekannt als Peak Flow, ist ein kompaktes, leichtes und leicht zu transportierendes Ger\u00e4t.","og_url":"https:\/\/swixed.ch\/de\/produkt\/sed95005\/","og_site_name":"Swixed SA","article_publisher":"https:\/\/www.facebook.com\/swixed","article_modified_time":"2026-03-25T22:29:01+00:00","og_image":[{"width":600,"height":600,"url":"https:\/\/swixed.ch\/wp-content\/uploads\/products\/rossmax-peak-flow-pf120a-01.png","type":"image\/png"}],"twitter_card":"summary_large_image","twitter_misc":{"Gesch\u00e4tzte Lesezeit":"1\u00a0Minute"},"schema":{"@context":"https:\/\/schema.org","@graph":[{"@type":"WebPage","@id":"https:\/\/swixed.ch\/de\/produkt\/sed95005\/","url":"https:\/\/swixed.ch\/de\/produkt\/sed95005\/","name":"Rossmax Peak-Flow PF120A Spitzenflussmesser f\u00fcr Erwachsene | Swixed SA","isPartOf":{"@id":"https:\/\/swixed.ch\/de\/#website"},"primaryImageOfPage":{"@id":"https:\/\/swixed.ch\/de\/produkt\/sed95005\/#primaryimage"},"image":{"@id":"https:\/\/swixed.ch\/de\/produkt\/sed95005\/#primaryimage"},"thumbnailUrl":"https:\/\/swixed.ch\/wp-content\/uploads\/products\/rossmax-peak-flow-pf120a-01.png","datePublished":"2023-09-14T19:39:07+00:00","dateModified":"2026-03-25T22:29:01+00:00","description":"Der Rossmax PF120A Spitzenflussmesser, auch bekannt als Peak Flow, ist ein kompaktes, leichtes und leicht zu transportierendes Ger\u00e4t.","breadcrumb":{"@id":"https:\/\/swixed.ch\/de\/produkt\/sed95005\/#breadcrumb"},"inLanguage":"de","potentialAction":[{"@type":"ReadAction","target":["https:\/\/swixed.ch\/de\/produkt\/sed95005\/"]}]},{"@type":"ImageObject","inLanguage":"de","@id":"https:\/\/swixed.ch\/de\/produkt\/sed95005\/#primaryimage","url":"https:\/\/swixed.ch\/wp-content\/uploads\/products\/rossmax-peak-flow-pf120a-01.png","contentUrl":"https:\/\/swixed.ch\/wp-content\/uploads\/products\/rossmax-peak-flow-pf120a-01.png","width":600,"height":600,"caption":"Rossmax PF120A Spitzendurchflussmesser f\u00fcr Erwachsene"},{"@type":"BreadcrumbList","@id":"https:\/\/swixed.ch\/de\/produkt\/sed95005\/#breadcrumb","itemListElement":[{"@type":"ListItem","position":1,"name":"Startseite","item":"https:\/\/swixed.ch\/de\/home\/"},{"@type":"ListItem","position":2,"name":"Shop","item":"https:\/\/swixed.ch\/de\/shop\/"},{"@type":"ListItem","position":3,"name":"Rossmax Peak-Flow PF120A Spitzenflussmesser f\u00fcr Erwachsene"}]},{"@type":"WebSite","@id":"https:\/\/swixed.ch\/de\/#website","url":"https:\/\/swixed.ch\/de\/","name":"Swixed SA","description":"Elektronische Ger\u00e4te","publisher":{"@id":"https:\/\/swixed.ch\/de\/#organization"},"potentialAction":[{"@type":"SearchAction","target":{"@type":"EntryPoint","urlTemplate":"https:\/\/swixed.ch\/de\/?s={search_term_string}"},"query-input":{"@type":"PropertyValueSpecification","valueRequired":true,"valueName":"search_term_string"}}],"inLanguage":"de"},{"@type":"Organization","@id":"https:\/\/swixed.ch\/de\/#organization","name":"Swixed SA","url":"https:\/\/swixed.ch\/de\/","logo":{"@type":"ImageObject","inLanguage":"de","@id":"https:\/\/swixed.ch\/de\/#\/schema\/logo\/image\/","url":"https:\/\/swixed.ch\/wp-content\/uploads\/logos\/swixed-logo-lite.png","contentUrl":"https:\/\/swixed.ch\/wp-content\/uploads\/logos\/swixed-logo-lite.png","width":696,"height":696,"caption":"Swixed SA"},"image":{"@id":"https:\/\/swixed.ch\/de\/#\/schema\/logo\/image\/"},"sameAs":["https:\/\/www.facebook.com\/swixed","https:\/\/www.linkedin.com\/company\/swixed","https:\/\/www.youtube.com\/@swixedsa"],"description":"Swixed SA est une entreprise suisse bas\u00e9e \u00e0 Gen\u00e8ve, sp\u00e9cialis\u00e9e dans la vente, la location et la maintenance d\u2019appareils m\u00e9dicaux professionnels, tels que d\u00e9fibrillateurs AED, \u00e9lectrocardiographes, moniteurs patient et dispositifs de diagnostic.","email":"infoshop@swixed.ch","telephone":"+41 22 566 11 95","legalName":"Swixed SA","foundingDate":"2021-03-01","numberOfEmployees":{"@type":"QuantitativeValue","minValue":"1","maxValue":"10"}}]}},"_links":{"self":[{"href":"https:\/\/swixed.ch\/de\/wp-json\/wp\/v2\/product\/36211","targetHints":{"allow":["GET"]}}],"collection":[{"href":"https:\/\/swixed.ch\/de\/wp-json\/wp\/v2\/product"}],"about":[{"href":"https:\/\/swixed.ch\/de\/wp-json\/wp\/v2\/types\/product"}],"version-history":[{"count":0,"href":"https:\/\/swixed.ch\/de\/wp-json\/wp\/v2\/product\/36211\/revisions"}],"wp:featuredmedia":[{"embeddable":true,"href":"https:\/\/swixed.ch\/de\/wp-json\/wp\/v2\/media\/31435"}],"wp:attachment":[{"href":"https:\/\/swixed.ch\/de\/wp-json\/wp\/v2\/media?parent=36211"}],"wp:term":[{"taxonomy":"product_brand","embeddable":true,"href":"https:\/\/swixed.ch\/de\/wp-json\/wp\/v2\/product_brand?post=36211"},{"taxonomy":"product_cat","embeddable":true,"href":"https:\/\/swixed.ch\/de\/wp-json\/wp\/v2\/product_cat?post=36211"},{"taxonomy":"product_tag","embeddable":true,"href":"https:\/\/swixed.ch\/de\/wp-json\/wp\/v2\/product_tag?post=36211"}],"curies":[{"name":"wp","href":"https:\/\/api.w.org\/{rel}","templated":true}]}}