{"id":36235,"date":"2023-09-13T11:46:08","date_gmt":"2023-09-13T09:46:08","guid":{"rendered":"https:\/\/swixed.com\/produit\/ruhe-ekg-schiller-cardiovit-at-1-g2-mit-interpretationsoption\/"},"modified":"2026-03-17T06:54:12","modified_gmt":"2026-03-17T05:54:12","slug":"sed10012","status":"publish","type":"product","link":"https:\/\/swixed.ch\/de\/produkt\/sed10012\/","title":{"rendered":"Elektrokardiograph Schiller Cardiovit AT-1 G2 Ruhe-EKG"},"content":{"rendered":"\t\t<div data-elementor-type=\"product-post\" data-elementor-id=\"36235\" class=\"elementor elementor-36235 elementor-26190\" data-elementor-post-type=\"product\">\n\t\t\t\t<div class=\"elementor-element elementor-element-448134c e-con-full e-flex e-con e-parent\" data-id=\"448134c\" data-element_type=\"container\" data-e-type=\"container\">\n\t\t<div class=\"elementor-element elementor-element-884a623 e-con-full e-flex e-con e-child\" data-id=\"884a623\" data-element_type=\"container\" data-e-type=\"container\">\n\t\t\t\t<div class=\"elementor-element elementor-element-e8d5f72 elementor-widget elementor-widget-heading\" data-id=\"e8d5f72\" data-element_type=\"widget\" data-e-type=\"widget\" data-widget_type=\"heading.default\">\n\t\t\t\t\t<h2 class=\"elementor-heading-title elementor-size-default\">Hauptmerkmale<\/h2>\t\t\t\t<\/div>\n\t\t\t\t<div class=\"elementor-element elementor-element-96ba6a5 elementor-widget elementor-widget-text-editor\" data-id=\"96ba6a5\" data-element_type=\"widget\" data-e-type=\"widget\" data-widget_type=\"text-editor.default\">\n\t\t\t\t\t\t\t\t\t<p>Der Schiller Cardiovit AT-1 G2 bietet eine stabile und reproduzierbare EKG-Erfassung durch eine optimierte digitale Signalverarbeitung. Zweitens erleichtert seine kompakte Architektur die Integration in verschiedene medizinische Arbeitsbereiche. Und schlie\u00dflich beschleunigt der integrierte Thermodrucker die sofortige Ausgabe der Untersuchungen.  <\/p><p>Wichtigste technische Merkmale :<\/p><ul><li>Ruhe-EKG-Erfassung mit 12 simultanen Ableitungen<\/li><li>Integrierter Thermodruck, Standard-Papierformat<\/li><li>Wiederaufladbarer Akku f\u00fcr den unabh\u00e4ngigen Gebrauch<\/li><li>Kompaktes und transportables Ger\u00e4t<\/li><li>Robustes Design f\u00fcr den regelm\u00e4\u00dfigen Gebrauch<\/li><\/ul><p><br>Damit erf\u00fcllt das Ger\u00e4t die technischen Anforderungen von medizinischen Einrichtungen, die eine zuverl\u00e4ssige und langlebige EKG-L\u00f6sung suchen.<\/p>\t\t\t\t\t\t\t\t<\/div>\n\t\t\t\t<div class=\"elementor-element elementor-element-af1f77b elementor-widget elementor-widget-heading\" data-id=\"af1f77b\" data-element_type=\"widget\" data-e-type=\"widget\" data-widget_type=\"heading.default\">\n\t\t\t\t\t<h2 class=\"elementor-heading-title elementor-size-default\">Betrieb und technisches Design<\/h2>\t\t\t\t<\/div>\n\t\t\t\t<div class=\"elementor-element elementor-element-3cac958 elementor-widget elementor-widget-text-editor\" data-id=\"3cac958\" data-element_type=\"widget\" data-e-type=\"widget\" data-widget_type=\"text-editor.default\">\n\t\t\t\t\t\t\t\t\t<p>Einerseits automatisiert der Cardiovit AT-1 G2 die wichtigsten EKG-Messungen, um eine einheitliche Darstellung der Kurven zu gew\u00e4hrleisten. Andererseits verarbeitet die integrierte Software QRS-Komplexe und generiert eine standardisierte algorithmische Interpretation, wobei die Wiedergabe unter der Kontrolle des Anwenders bleibt. <\/p><p>Dar\u00fcber hinaus erm\u00f6glicht das Ger\u00e4t :<\/p><ul><li>Aufzeichnung von EKG-Untersuchungen<\/li><li>Kopieren von Plots mit unterschiedlichen Geschwindigkeiten<\/li><li>Anpassung der Druckeinstellungen<\/li><li>Verwendung f\u00fcr erwachsene und p\u00e4diatrische Patienten<\/li><\/ul><p><br>Diese Funktionen erleichtern die t\u00e4gliche Verwaltung von Ruhe-EKG-Untersuchungen ohne externe Software-Komplexit\u00e4t.<\/p>\t\t\t\t\t\t\t\t<\/div>\n\t\t\t\t<div class=\"elementor-element elementor-element-b2b65cf elementor-widget elementor-widget-heading\" data-id=\"b2b65cf\" data-element_type=\"widget\" data-e-type=\"widget\" data-widget_type=\"heading.default\">\n\t\t\t\t\t<h2 class=\"elementor-heading-title elementor-size-default\">Nutzung, Einhaltung und Empfehlungen<\/h2>\t\t\t\t<\/div>\n\t\t\t\t<div class=\"elementor-element elementor-element-300cb13 elementor-widget elementor-widget-text-editor\" data-id=\"300cb13\" data-element_type=\"widget\" data-e-type=\"widget\" data-widget_type=\"text-editor.default\">\n\t\t\t\t\t\t\t\t\t<p>In der Schweiz ist die Verwendung eines Elektrokardiographen wie dem Cardiovit AT-1 G2 ein Medizinprodukt, das strengen gesetzlichen Anforderungen unterliegt. Insbesondere m\u00fcssen EKG-Ger\u00e4te die Anforderungen des Bundesamtes f\u00fcr Gesundheit und der Medizinprodukteverordnung (MepV\/MedDV) erf\u00fcllen.<br>Dar\u00fcber hinaus ist Swissmedic f\u00fcr die Markt\u00fcberwachung und die Konformit\u00e4t der Produkte zust\u00e4ndig, w\u00e4hrend die technischen Referenzen auf harmonisierten Normen basieren, die \u00fcber das Schweizerische Informationszentrum f\u00fcr technische Regeln zug\u00e4nglich sind.<br>Somit ist dieser Elektrokardiograph Teil eines klaren regulatorischen Rahmens, der den Anforderungen an EKG-Ger\u00e4te entspricht, die in der Schweiz verwendet werden. <br>\t\t<div data-elementor-type=\"widget\" data-elementor-id=\"59088\" class=\"elementor elementor-59088 elementor-59083 elementor-59083\" data-elementor-post-type=\"elementor_library\">\n\t\t\t\t\t\t<div class=\"elementor-element elementor-element-59083 elementor-widget elementor-widget-text-editor\" data-id=\"59083\" data-element_type=\"widget\" data-e-type=\"widget\" data-widget_type=\"text-editor.default\">\n\t\t\t\t\t\t\t\t\t<p>Weitere Informationen finden Sie unter :<\/p><ul><li><a href=\"https:\/\/www.swissmedic.ch\" target=\"_blank\" rel=\"noopener\">Swissmedic<\/a><\/li><li><a href=\"https:\/\/www.bag.admin.ch\" target=\"_blank\" rel=\"noopener\">Bundesamt f\u00fcr Gesundheit (BAG)<\/a><\/li><li><a href=\"https:\/\/www.switec.info\" target=\"_blank\" rel=\"noopener\">Schweizerisches Informationszentrum f\u00fcr technische Regeln (Switec)<\/a><\/li><li><a href=\"https:\/\/www.fedlex.admin.ch\/eli\/cc\/2020\/552\/\" target=\"_blank\" rel=\"noopener\">Verordnung \u00fcber Medizinprodukte (MDDV oder MedDO)<\/a><\/li><\/ul><p><br>Unsere Medizinprodukte haben einen autorisierten Vertreter in der Schweiz (CH-REP), gem\u00e4\u00df der geltenden schweizerischen Gesetzgebung f\u00fcr Medizinprodukte.<\/p>\t\t\t\t\t\t\t\t<\/div>\n\t\t\t\t<\/div>\n\t\t<br>Klicken Sie hier, um die <a href=\"https:\/\/swixed.ch\/de\/produkt\/sed94001\/\">regelm\u00e4\u00dfige Wartung<\/a> zu buchen.<\/p>\t\t\t\t\t\t\t\t<\/div>\n\t\t\t\t<div class=\"elementor-element elementor-element-ff27780 elementor-widget elementor-widget-heading\" data-id=\"ff27780\" data-element_type=\"widget\" data-e-type=\"widget\" data-widget_type=\"heading.default\">\n\t\t\t\t\t<h2 class=\"elementor-heading-title elementor-size-default\">Inhalt EKG-Ger\u00e4t Schiller Cardiovit AT-1 G2<\/h2>\t\t\t\t<\/div>\n\t\t\t\t<div class=\"elementor-element elementor-element-36edb3f elementor-widget elementor-widget-text-editor\" data-id=\"36edb3f\" data-element_type=\"widget\" data-e-type=\"widget\" data-widget_type=\"text-editor.default\">\n\t\t\t\t\t\t\t\t\t<p>Die Standardlieferung umfasst das gesamte Zubeh\u00f6r, das f\u00fcr eine sofortige Inbetriebnahme erforderlich ist:<\/p><ul><li>Elektrokardiograph Schiller Cardiovit AT-1 G2<\/li><li>10-adriges Patientenkabel mit Bananensteckern<\/li><li>Pr\u00e4kordiale Elektroden (6 Birnen)<\/li><li>Gliedma\u00dfen-Elektroden (4 Klemmen)<\/li><li>Gel-R\u00f6hrchen<\/li><li>Netzkabel<\/li><li>Thermopapier (1 B\u00fcndel)<\/li><li>Benutzerhandbuch<\/li><\/ul><p><br>So ist das Ger\u00e4t sofort einsatzbereit, ohne dass zus\u00e4tzliches Zubeh\u00f6r f\u00fcr die Ruhe-EKG-Untersuchung erforderlich ist.<\/p>\t\t\t\t\t\t\t\t<\/div>\n\t\t\t\t<\/div>\n\t\t\t\t<\/div>\n\t\t\t\t<\/div>\n\t\t","protected":false},"excerpt":{"rendered":"<p>Der Schiller Cardiovit AT-1 G2 ist ein kompakter Ruhe-EKG-Elektrokardiograph, der f\u00fcr die gleichzeitige Erfassung von 12-Kanal-Signalen in professionellen Umgebungen entwickelt wurde. Es ist mit einem Farbbildschirm und einem integrierten Thermodrucker f\u00fcr die direkte Bearbeitung der Kurven ausgestattet. Das Ger\u00e4t ist CE-zertifiziert, mit dem EKG-Zubeh\u00f6r von Schiller kompatibel und l\u00e4sst sich in bestehende technische Infrastrukturen integrieren.  <\/p>\n","protected":false},"featured_media":60597,"template":"","meta":{"_acf_changed":false},"product_brand":[2179],"product_cat":[954,973],"product_tag":[7699,7742,7710,7744,7702,7715,7706,7782,2277,6051],"class_list":{"0":"post-36235","1":"product","2":"type-product","3":"status-publish","4":"has-post-thumbnail","6":"product_brand-schiller-de","7":"product_cat-elektrokardiographen","8":"product_cat-ruhe-ekg","9":"product_tag-12d-ekg","10":"product_tag-autonomes-ekg","11":"product_tag-diagnostisches-ekg","12":"product_tag-ekg-drucker","13":"product_tag-ekg-erfassung","14":"product_tag-ekg-untersuchung","15":"product_tag-kabel-ekg","16":"product_tag-kompaktes-ekg","17":"product_tag-ruhe-ekg","18":"product_tag-tragbares-ekg-gerat","20":"first","21":"instock","22":"sale","23":"taxable","24":"shipping-taxable","25":"purchasable","26":"product-type-simple"},"acf":[],"yoast_head":"<!-- This site is optimized with the Yoast SEO Premium plugin v27.4 (Yoast SEO v27.4) - https:\/\/yoast.com\/product\/yoast-seo-premium-wordpress\/ -->\n<title>Schiller Cardiovit AT-1 G2 Elektrokardiograph Ruhe-EKG | Swixed SA%<\/title>\n<meta name=\"description\" content=\"Elektrokardiograph Schiller Cardiovit AT-1 G2 f\u00fcr ein Ruhe-EKG mit 12 Ableitungen, mit integrierter Interpretation, Thermodruck und kompaktem Format.\" \/>\n<meta name=\"robots\" content=\"index, follow, max-snippet:-1, max-image-preview:large, max-video-preview:-1\" \/>\n<link rel=\"canonical\" href=\"https:\/\/swixed.ch\/de\/produkt\/sed10012\/\" \/>\n<meta property=\"og:locale\" content=\"de_DE\" \/>\n<meta property=\"og:type\" content=\"article\" \/>\n<meta property=\"og:title\" content=\"Elektrokardiograph Schiller Cardiovit AT-1 G2 Ruhe-EKG\" \/>\n<meta property=\"og:description\" content=\"Elektrokardiograph Schiller Cardiovit AT-1 G2 f\u00fcr ein Ruhe-EKG mit 12 Ableitungen, mit integrierter Interpretation, Thermodruck und kompaktem Format.\" \/>\n<meta property=\"og:url\" content=\"https:\/\/swixed.ch\/de\/produkt\/sed10012\/\" \/>\n<meta property=\"og:site_name\" content=\"Swixed SA\" \/>\n<meta property=\"article:publisher\" content=\"https:\/\/www.facebook.com\/swixed\" \/>\n<meta property=\"article:modified_time\" content=\"2026-03-17T05:54:12+00:00\" \/>\n<meta property=\"og:image\" content=\"https:\/\/swixed.ch\/wp-content\/uploads\/2026\/01\/SED10012-01.png\" \/>\n\t<meta property=\"og:image:width\" content=\"600\" \/>\n\t<meta property=\"og:image:height\" content=\"600\" \/>\n\t<meta property=\"og:image:type\" content=\"image\/png\" \/>\n<meta name=\"twitter:card\" content=\"summary_large_image\" \/>\n<meta name=\"twitter:label1\" content=\"Gesch\u00e4tzte Lesezeit\" \/>\n\t<meta name=\"twitter:data1\" content=\"2\u00a0Minuten\" \/>\n<script type=\"application\/ld+json\" class=\"yoast-schema-graph\">{\"@context\":\"https:\\\/\\\/schema.org\",\"@graph\":[{\"@type\":\"WebPage\",\"@id\":\"https:\\\/\\\/swixed.ch\\\/de\\\/produkt\\\/sed10012\\\/\",\"url\":\"https:\\\/\\\/swixed.ch\\\/de\\\/produkt\\\/sed10012\\\/\",\"name\":\"Schiller Cardiovit AT-1 G2 Elektrokardiograph Ruhe-EKG | Swixed SA%\",\"isPartOf\":{\"@id\":\"https:\\\/\\\/swixed.ch\\\/de\\\/#website\"},\"primaryImageOfPage\":{\"@id\":\"https:\\\/\\\/swixed.ch\\\/de\\\/produkt\\\/sed10012\\\/#primaryimage\"},\"image\":{\"@id\":\"https:\\\/\\\/swixed.ch\\\/de\\\/produkt\\\/sed10012\\\/#primaryimage\"},\"thumbnailUrl\":\"https:\\\/\\\/swixed.ch\\\/wp-content\\\/uploads\\\/2026\\\/01\\\/SED10012-01.png\",\"datePublished\":\"2023-09-13T09:46:08+00:00\",\"dateModified\":\"2026-03-17T05:54:12+00:00\",\"description\":\"Elektrokardiograph Schiller Cardiovit AT-1 G2 f\u00fcr ein Ruhe-EKG mit 12 Ableitungen, mit integrierter Interpretation, Thermodruck und kompaktem Format.\",\"breadcrumb\":{\"@id\":\"https:\\\/\\\/swixed.ch\\\/de\\\/produkt\\\/sed10012\\\/#breadcrumb\"},\"inLanguage\":\"de\",\"potentialAction\":[{\"@type\":\"ReadAction\",\"target\":[\"https:\\\/\\\/swixed.ch\\\/de\\\/produkt\\\/sed10012\\\/\"]}]},{\"@type\":\"ImageObject\",\"inLanguage\":\"de\",\"@id\":\"https:\\\/\\\/swixed.ch\\\/de\\\/produkt\\\/sed10012\\\/#primaryimage\",\"url\":\"https:\\\/\\\/swixed.ch\\\/wp-content\\\/uploads\\\/2026\\\/01\\\/SED10012-01.png\",\"contentUrl\":\"https:\\\/\\\/swixed.ch\\\/wp-content\\\/uploads\\\/2026\\\/01\\\/SED10012-01.png\",\"width\":600,\"height\":600,\"caption\":\"SED10012\"},{\"@type\":\"BreadcrumbList\",\"@id\":\"https:\\\/\\\/swixed.ch\\\/de\\\/produkt\\\/sed10012\\\/#breadcrumb\",\"itemListElement\":[{\"@type\":\"ListItem\",\"position\":1,\"name\":\"Startseite\",\"item\":\"https:\\\/\\\/swixed.ch\\\/de\\\/home\\\/\"},{\"@type\":\"ListItem\",\"position\":2,\"name\":\"Shop\",\"item\":\"https:\\\/\\\/swixed.ch\\\/de\\\/shop\\\/\"},{\"@type\":\"ListItem\",\"position\":3,\"name\":\"Elektrokardiograph Schiller Cardiovit AT-1 G2 Ruhe-EKG\"}]},{\"@type\":\"WebSite\",\"@id\":\"https:\\\/\\\/swixed.ch\\\/de\\\/#website\",\"url\":\"https:\\\/\\\/swixed.ch\\\/de\\\/\",\"name\":\"Swixed SA\",\"description\":\"Elektronische Ger\u00e4te\",\"publisher\":{\"@id\":\"https:\\\/\\\/swixed.ch\\\/de\\\/#organization\"},\"potentialAction\":[{\"@type\":\"SearchAction\",\"target\":{\"@type\":\"EntryPoint\",\"urlTemplate\":\"https:\\\/\\\/swixed.ch\\\/de\\\/?s={search_term_string}\"},\"query-input\":{\"@type\":\"PropertyValueSpecification\",\"valueRequired\":true,\"valueName\":\"search_term_string\"}}],\"inLanguage\":\"de\"},{\"@type\":\"Organization\",\"@id\":\"https:\\\/\\\/swixed.ch\\\/de\\\/#organization\",\"name\":\"Swixed SA\",\"url\":\"https:\\\/\\\/swixed.ch\\\/de\\\/\",\"logo\":{\"@type\":\"ImageObject\",\"inLanguage\":\"de\",\"@id\":\"https:\\\/\\\/swixed.ch\\\/de\\\/#\\\/schema\\\/logo\\\/image\\\/\",\"url\":\"https:\\\/\\\/swixed.ch\\\/wp-content\\\/uploads\\\/logos\\\/swixed-logo-lite.png\",\"contentUrl\":\"https:\\\/\\\/swixed.ch\\\/wp-content\\\/uploads\\\/logos\\\/swixed-logo-lite.png\",\"width\":696,\"height\":696,\"caption\":\"Swixed SA\"},\"image\":{\"@id\":\"https:\\\/\\\/swixed.ch\\\/de\\\/#\\\/schema\\\/logo\\\/image\\\/\"},\"sameAs\":[\"https:\\\/\\\/www.facebook.com\\\/swixed\",\"https:\\\/\\\/www.linkedin.com\\\/company\\\/swixed\",\"https:\\\/\\\/www.youtube.com\\\/@swixedsa\"],\"description\":\"Swixed SA est une entreprise suisse bas\u00e9e \u00e0 Gen\u00e8ve, sp\u00e9cialis\u00e9e dans la vente, la location et la maintenance d\u2019appareils m\u00e9dicaux professionnels, tels que d\u00e9fibrillateurs AED, \u00e9lectrocardiographes, moniteurs patient et dispositifs de diagnostic.\",\"email\":\"infoshop@swixed.ch\",\"telephone\":\"+41 22 566 11 95\",\"legalName\":\"Swixed SA\",\"foundingDate\":\"2021-03-01\",\"numberOfEmployees\":{\"@type\":\"QuantitativeValue\",\"minValue\":\"1\",\"maxValue\":\"10\"}}]}<\/script>\n<!-- \/ Yoast SEO Premium plugin. -->","yoast_head_json":{"title":"Schiller Cardiovit AT-1 G2 Elektrokardiograph Ruhe-EKG | Swixed SA%","description":"Elektrokardiograph Schiller Cardiovit AT-1 G2 f\u00fcr ein Ruhe-EKG mit 12 Ableitungen, mit integrierter Interpretation, Thermodruck und kompaktem Format.","robots":{"index":"index","follow":"follow","max-snippet":"max-snippet:-1","max-image-preview":"max-image-preview:large","max-video-preview":"max-video-preview:-1"},"canonical":"https:\/\/swixed.ch\/de\/produkt\/sed10012\/","og_locale":"de_DE","og_type":"article","og_title":"Elektrokardiograph Schiller Cardiovit AT-1 G2 Ruhe-EKG","og_description":"Elektrokardiograph Schiller Cardiovit AT-1 G2 f\u00fcr ein Ruhe-EKG mit 12 Ableitungen, mit integrierter Interpretation, Thermodruck und kompaktem Format.","og_url":"https:\/\/swixed.ch\/de\/produkt\/sed10012\/","og_site_name":"Swixed SA","article_publisher":"https:\/\/www.facebook.com\/swixed","article_modified_time":"2026-03-17T05:54:12+00:00","og_image":[{"width":600,"height":600,"url":"https:\/\/swixed.ch\/wp-content\/uploads\/2026\/01\/SED10012-01.png","type":"image\/png"}],"twitter_card":"summary_large_image","twitter_misc":{"Gesch\u00e4tzte Lesezeit":"2\u00a0Minuten"},"schema":{"@context":"https:\/\/schema.org","@graph":[{"@type":"WebPage","@id":"https:\/\/swixed.ch\/de\/produkt\/sed10012\/","url":"https:\/\/swixed.ch\/de\/produkt\/sed10012\/","name":"Schiller Cardiovit AT-1 G2 Elektrokardiograph Ruhe-EKG | Swixed SA%","isPartOf":{"@id":"https:\/\/swixed.ch\/de\/#website"},"primaryImageOfPage":{"@id":"https:\/\/swixed.ch\/de\/produkt\/sed10012\/#primaryimage"},"image":{"@id":"https:\/\/swixed.ch\/de\/produkt\/sed10012\/#primaryimage"},"thumbnailUrl":"https:\/\/swixed.ch\/wp-content\/uploads\/2026\/01\/SED10012-01.png","datePublished":"2023-09-13T09:46:08+00:00","dateModified":"2026-03-17T05:54:12+00:00","description":"Elektrokardiograph Schiller Cardiovit AT-1 G2 f\u00fcr ein Ruhe-EKG mit 12 Ableitungen, mit integrierter Interpretation, Thermodruck und kompaktem Format.","breadcrumb":{"@id":"https:\/\/swixed.ch\/de\/produkt\/sed10012\/#breadcrumb"},"inLanguage":"de","potentialAction":[{"@type":"ReadAction","target":["https:\/\/swixed.ch\/de\/produkt\/sed10012\/"]}]},{"@type":"ImageObject","inLanguage":"de","@id":"https:\/\/swixed.ch\/de\/produkt\/sed10012\/#primaryimage","url":"https:\/\/swixed.ch\/wp-content\/uploads\/2026\/01\/SED10012-01.png","contentUrl":"https:\/\/swixed.ch\/wp-content\/uploads\/2026\/01\/SED10012-01.png","width":600,"height":600,"caption":"SED10012"},{"@type":"BreadcrumbList","@id":"https:\/\/swixed.ch\/de\/produkt\/sed10012\/#breadcrumb","itemListElement":[{"@type":"ListItem","position":1,"name":"Startseite","item":"https:\/\/swixed.ch\/de\/home\/"},{"@type":"ListItem","position":2,"name":"Shop","item":"https:\/\/swixed.ch\/de\/shop\/"},{"@type":"ListItem","position":3,"name":"Elektrokardiograph Schiller Cardiovit AT-1 G2 Ruhe-EKG"}]},{"@type":"WebSite","@id":"https:\/\/swixed.ch\/de\/#website","url":"https:\/\/swixed.ch\/de\/","name":"Swixed SA","description":"Elektronische Ger\u00e4te","publisher":{"@id":"https:\/\/swixed.ch\/de\/#organization"},"potentialAction":[{"@type":"SearchAction","target":{"@type":"EntryPoint","urlTemplate":"https:\/\/swixed.ch\/de\/?s={search_term_string}"},"query-input":{"@type":"PropertyValueSpecification","valueRequired":true,"valueName":"search_term_string"}}],"inLanguage":"de"},{"@type":"Organization","@id":"https:\/\/swixed.ch\/de\/#organization","name":"Swixed SA","url":"https:\/\/swixed.ch\/de\/","logo":{"@type":"ImageObject","inLanguage":"de","@id":"https:\/\/swixed.ch\/de\/#\/schema\/logo\/image\/","url":"https:\/\/swixed.ch\/wp-content\/uploads\/logos\/swixed-logo-lite.png","contentUrl":"https:\/\/swixed.ch\/wp-content\/uploads\/logos\/swixed-logo-lite.png","width":696,"height":696,"caption":"Swixed SA"},"image":{"@id":"https:\/\/swixed.ch\/de\/#\/schema\/logo\/image\/"},"sameAs":["https:\/\/www.facebook.com\/swixed","https:\/\/www.linkedin.com\/company\/swixed","https:\/\/www.youtube.com\/@swixedsa"],"description":"Swixed SA est une entreprise suisse bas\u00e9e \u00e0 Gen\u00e8ve, sp\u00e9cialis\u00e9e dans la vente, la location et la maintenance d\u2019appareils m\u00e9dicaux professionnels, tels que d\u00e9fibrillateurs AED, \u00e9lectrocardiographes, moniteurs patient et dispositifs de diagnostic.","email":"infoshop@swixed.ch","telephone":"+41 22 566 11 95","legalName":"Swixed SA","foundingDate":"2021-03-01","numberOfEmployees":{"@type":"QuantitativeValue","minValue":"1","maxValue":"10"}}]}},"_links":{"self":[{"href":"https:\/\/swixed.ch\/de\/wp-json\/wp\/v2\/product\/36235","targetHints":{"allow":["GET"]}}],"collection":[{"href":"https:\/\/swixed.ch\/de\/wp-json\/wp\/v2\/product"}],"about":[{"href":"https:\/\/swixed.ch\/de\/wp-json\/wp\/v2\/types\/product"}],"version-history":[{"count":0,"href":"https:\/\/swixed.ch\/de\/wp-json\/wp\/v2\/product\/36235\/revisions"}],"wp:featuredmedia":[{"embeddable":true,"href":"https:\/\/swixed.ch\/de\/wp-json\/wp\/v2\/media\/60597"}],"wp:attachment":[{"href":"https:\/\/swixed.ch\/de\/wp-json\/wp\/v2\/media?parent=36235"}],"wp:term":[{"taxonomy":"product_brand","embeddable":true,"href":"https:\/\/swixed.ch\/de\/wp-json\/wp\/v2\/product_brand?post=36235"},{"taxonomy":"product_cat","embeddable":true,"href":"https:\/\/swixed.ch\/de\/wp-json\/wp\/v2\/product_cat?post=36235"},{"taxonomy":"product_tag","embeddable":true,"href":"https:\/\/swixed.ch\/de\/wp-json\/wp\/v2\/product_tag?post=36235"}],"curies":[{"name":"wp","href":"https:\/\/api.w.org\/{rel}","templated":true}]}}