{"id":36248,"date":"2023-09-12T10:21:52","date_gmt":"2023-09-12T08:21:52","guid":{"rendered":"https:\/\/swixed.com\/produit\/ruhe-ekg-schiller-cardiovit-ft-1\/"},"modified":"2026-03-25T19:39:57","modified_gmt":"2026-03-25T18:39:57","slug":"sed10011","status":"publish","type":"product","link":"https:\/\/swixed.ch\/de\/produkt\/sed10011\/","title":{"rendered":"Elektrokardiograph Schiller Cardiovit FT-1 Ruhe-EKG"},"content":{"rendered":"\t\t<div data-elementor-type=\"product-post\" data-elementor-id=\"36248\" class=\"elementor elementor-36248 elementor-26075\" data-elementor-post-type=\"product\">\n\t\t\t\t<div class=\"elementor-element elementor-element-0eec716 e-con-full e-flex e-con e-parent\" data-id=\"0eec716\" data-element_type=\"container\" data-e-type=\"container\">\n\t\t<div class=\"elementor-element elementor-element-86b8ffc e-con-full e-flex e-con e-child\" data-id=\"86b8ffc\" data-element_type=\"container\" data-e-type=\"container\">\n\t\t\t\t<div class=\"elementor-element elementor-element-c08bdbd elementor-widget elementor-widget-heading\" data-id=\"c08bdbd\" data-element_type=\"widget\" data-e-type=\"widget\" data-widget_type=\"heading.default\">\n\t\t\t\t\t<h2 class=\"elementor-heading-title elementor-size-default\">Hauptmerkmale<\/h2>\t\t\t\t<\/div>\n\t\t\t\t<div class=\"elementor-element elementor-element-e0e7a38 elementor-widget elementor-widget-text-editor\" data-id=\"e0e7a38\" data-element_type=\"widget\" data-e-type=\"widget\" data-widget_type=\"text-editor.default\">\n\t\t\t\t\t\t\t\t\t<p>Der Schiller Cardiovit FT-1 ist ein kompakter Elektrokardiograph f\u00fcr Ruhe-EKG-Untersuchungen. Zun\u00e4chst einmal erleichtert sein leichtes Format die Integration auf einem Wagen oder einer Arbeitsplatte. Zweitens verbessert der 8-Zoll-Farb-Touchscreen die Lesbarkeit der EKG-Kurven und vereinfacht die Navigation durch die Men\u00fcs.  <\/p><p>Dar\u00fcber hinaus arbeitet das Ger\u00e4t mit von Schiller entwickelten Analysealgorithmen, was eine konsistente grafische Darstellung der Signale gew\u00e4hrleistet. Der eingebaute Thermodrucker erm\u00f6glicht den direkten Ausdruck von EKG-Kurven, ohne dass ein externes Ger\u00e4t ben\u00f6tigt wird. Die glatte Oberfl\u00e4che des Geh\u00e4uses erm\u00f6glicht eine einfache Reinigung und Wartung.  <\/p><p>Wichtigste technische Merkmale :<\/p><ul><li>Simultanes EKG mit 12 Standardableitungen<\/li><li>8-Zoll-Farb-Touchscreen<\/li><li>Integrierter Thermodrucker mit langer Lebensdauer<\/li><li>Aufnahme von bis zu 4 Minuten Rhythmus<\/li><li>Export der Pr\u00fcfungen in A4- und PDF-Format<\/li><\/ul>\t\t\t\t\t\t\t\t<\/div>\n\t\t\t\t<div class=\"elementor-element elementor-element-3c3d579 elementor-widget elementor-widget-heading\" data-id=\"3c3d579\" data-element_type=\"widget\" data-e-type=\"widget\" data-widget_type=\"heading.default\">\n\t\t\t\t\t<h2 class=\"elementor-heading-title elementor-size-default\">Betrieb und technisches Design<\/h2>\t\t\t\t<\/div>\n\t\t\t\t<div class=\"elementor-element elementor-element-f5254bb elementor-widget elementor-widget-text-editor\" data-id=\"f5254bb\" data-element_type=\"widget\" data-e-type=\"widget\" data-widget_type=\"text-editor.default\">\n\t\t\t\t\t\t\t\t\t<p>Zum einen erm\u00f6glicht der Schiller Cardiovit FT-1 die Erfassung, Anzeige und Archivierung von Ruhe-EKGs direkt aus dem Ger\u00e4t heraus. Zum anderen reduziert die grafische Unterst\u00fctzung beim Anbringen der Elektroden Anschlussfehler, w\u00e4hrend die farbige Anzeige der Kontaktqualit\u00e4t die Zuverl\u00e4ssigkeit der Aufzeichnung verbessert. <\/p><p>Dar\u00fcber hinaus verf\u00fcgt das Ger\u00e4t \u00fcber mehrere Anschlussm\u00f6glichkeiten, darunter Wi-Fi, LAN und USB. Dies erm\u00f6glicht eine reibungslose \u00dcbertragung von EKG-Daten an ein KIS oder EPA. Der Export auf einen USB-Stick im PDF- oder A4-Format erleichtert die gemeinsame Nutzung und Aufbewahrung von Untersuchungen. Die Software-Schnittstelle erm\u00f6glicht eine strukturierte Nutzung der standardisierten EKG-Untersuchungen.   <\/p>\t\t\t\t\t\t\t\t<\/div>\n\t\t\t\t<div class=\"elementor-element elementor-element-c1de102 elementor-widget elementor-widget-heading\" data-id=\"c1de102\" data-element_type=\"widget\" data-e-type=\"widget\" data-widget_type=\"heading.default\">\n\t\t\t\t\t<h2 class=\"elementor-heading-title elementor-size-default\">Nutzung, Einhaltung und Empfehlungen<\/h2>\t\t\t\t<\/div>\n\t\t\t\t<div class=\"elementor-element elementor-element-23f2d06 elementor-widget elementor-widget-text-editor\" data-id=\"23f2d06\" data-element_type=\"widget\" data-e-type=\"widget\" data-widget_type=\"text-editor.default\">\n\t\t\t\t\t\t\t\t\t<p>Der Elektrokardiograph Schiller Cardiovit FT-1 wird in einem strukturierten medizinischen Rahmen f\u00fcr die Durchf\u00fchrung von Ruhe-EKG-Untersuchungen verwendet. In der Schweiz unterliegt dieser Ger\u00e4tetyp den Vorschriften des Bundesamtes f\u00fcr Gesundheit und der Swissmedic, die das Inverkehrbringen und die Verwendung von Medizinprodukten regeln. <\/p><p>Dar\u00fcber hinaus legt die Medizinprodukteverordnung (MDDV\/MedDO) die Anforderungen an die Konformit\u00e4t und die \u00dcberwachung fest. So muss die Integration dieses EKG-Ger\u00e4ts in eine klinische Umgebung den internen Verfahren und den geltenden technischen Normen entsprechen. Dar\u00fcber hinaus kann zur Vervollst\u00e4ndigung eines Ger\u00e4teparks ein Wartungsservice f\u00fcr Elektrokardiographen<br>in Betracht gezogen werden, um die technische \u00dcberwachung zu gew\u00e4hrleisten.  <br>\t\t<div data-elementor-type=\"widget\" data-elementor-id=\"59088\" class=\"elementor elementor-59088 elementor-59083 elementor-59083\" data-elementor-post-type=\"elementor_library\">\n\t\t\t\t\t\t<div class=\"elementor-element elementor-element-59083 elementor-widget elementor-widget-text-editor\" data-id=\"59083\" data-element_type=\"widget\" data-e-type=\"widget\" data-widget_type=\"text-editor.default\">\n\t\t\t\t\t\t\t\t\t<p>Weitere Informationen finden Sie unter :<\/p><ul><li><a href=\"https:\/\/www.swissmedic.ch\" target=\"_blank\" rel=\"noopener\">Swissmedic<\/a><\/li><li><a href=\"https:\/\/www.bag.admin.ch\" target=\"_blank\" rel=\"noopener\">Bundesamt f\u00fcr Gesundheit (BAG)<\/a><\/li><li><a href=\"https:\/\/www.switec.info\" target=\"_blank\" rel=\"noopener\">Schweizerisches Informationszentrum f\u00fcr technische Regeln (Switec)<\/a><\/li><li><a href=\"https:\/\/www.fedlex.admin.ch\/eli\/cc\/2020\/552\/\" target=\"_blank\" rel=\"noopener\">Verordnung \u00fcber Medizinprodukte (MDDV oder MedDO)<\/a><\/li><\/ul><p><br>Unsere Medizinprodukte haben einen autorisierten Vertreter in der Schweiz (CH-REP), gem\u00e4\u00df der geltenden schweizerischen Gesetzgebung f\u00fcr Medizinprodukte.<\/p>\t\t\t\t\t\t\t\t<\/div>\n\t\t\t\t<\/div>\n\t\t<br>Klicken Sie hier, um die <a href=\"https:\/\/swixed.ch\/de\/produkt\/sed94001\/\">regelm\u00e4\u00dfige Wartung<\/a> zu buchen.<\/p>\t\t\t\t\t\t\t\t<\/div>\n\t\t\t\t<div class=\"elementor-element elementor-element-6c5913a elementor-widget elementor-widget-heading\" data-id=\"6c5913a\" data-element_type=\"widget\" data-e-type=\"widget\" data-widget_type=\"heading.default\">\n\t\t\t\t\t<h2 class=\"elementor-heading-title elementor-size-default\">Inhalt<\/h2>\t\t\t\t<\/div>\n\t\t\t\t<div class=\"elementor-element elementor-element-e0a1c72 elementor-widget elementor-widget-text-editor\" data-id=\"e0a1c72\" data-element_type=\"widget\" data-e-type=\"widget\" data-widget_type=\"text-editor.default\">\n\t\t\t\t\t\t\t\t\t<p>Der Schiller Cardiovit FT-1 wird mit dem notwendigen Zubeh\u00f6r geliefert, damit Sie ihn sofort in Betrieb nehmen k\u00f6nnen. Die Standardverpackung umfasst <\/p><ul><li>Elektrokardiograph Schiller Cardiovit FT-1<\/li><li>10-adriges Patientenkabel mit 4 mm Bananensteckern<\/li><li>Netzkabel mit Transformator<\/li><li>Benutzerhandbuch<\/li><li>Clip-Adapter f\u00fcr Elektroden (x10)<\/li><li>Ambu White Sensor Elektroden (x100)<\/li><li>Thermodruckpapier (10 B\u00fcndel)<\/li><\/ul>\t\t\t\t\t\t\t\t<\/div>\n\t\t\t\t<\/div>\n\t\t\t\t<\/div>\n\t\t\t\t<\/div>\n\t\t","protected":false},"excerpt":{"rendered":"<p>Der Schiller FT-1 Cardiovit ist ein digitaler 12-Kanal-Elektrokardiograph mit einem 8-Zoll-Touchscreen. Das Ger\u00e4t hat ein kompaktes Design mit einer flachen, leicht zu reinigenden Oberfl\u00e4che. Das Ger\u00e4t erm\u00f6glicht die Aufzeichnung von EKG-Signalen mit integriertem Ausdruck und Datenexport \u00fcber USB- oder Netzwerkanschluss. CE-zertifiziertes Modell, kompatibel mit Schiller EKG-Zubeh\u00f6r.   <\/p>\n","protected":false},"featured_media":61743,"template":"","meta":{"_acf_changed":false},"product_brand":[2179],"product_cat":[954,973],"product_tag":[7699,7742,7710,7702,7743,7715,7706,2277,6051,7783],"class_list":{"0":"post-36248","1":"product","2":"type-product","3":"status-publish","4":"has-post-thumbnail","6":"product_brand-schiller-de","7":"product_cat-elektrokardiographen","8":"product_cat-ruhe-ekg","9":"product_tag-12d-ekg","10":"product_tag-autonomes-ekg","11":"product_tag-diagnostisches-ekg","12":"product_tag-ekg-erfassung","13":"product_tag-ekg-touchscreen","14":"product_tag-ekg-untersuchung","15":"product_tag-kabel-ekg","16":"product_tag-ruhe-ekg","17":"product_tag-tragbares-ekg-gerat","18":"product_tag-wifi-ekg","20":"first","21":"instock","22":"sale","23":"taxable","24":"shipping-taxable","25":"purchasable","26":"product-type-variable","27":"has-default-attributes"},"acf":[],"yoast_head":"<!-- This site is optimized with the Yoast SEO Premium plugin v27.4 (Yoast SEO v27.4) - https:\/\/yoast.com\/product\/yoast-seo-premium-wordpress\/ -->\n<title>Schiller Cardiovit FT-1 Ruhe-EKG-Elektrokardiograph | Swixed SA<\/title>\n<meta name=\"description\" content=\"Elektrokardiograph Schiller Cardiovit FT-1 Ruhe-EKG mit Touchscreen, Netzwerkanschluss und integriertem Thermodruck.\" \/>\n<meta name=\"robots\" content=\"index, follow, max-snippet:-1, max-image-preview:large, max-video-preview:-1\" \/>\n<link rel=\"canonical\" href=\"https:\/\/swixed.ch\/de\/produkt\/sed10011\/\" \/>\n<meta property=\"og:locale\" content=\"de_DE\" \/>\n<meta property=\"og:type\" content=\"article\" \/>\n<meta property=\"og:title\" content=\"Elektrokardiograph Schiller Cardiovit FT-1 Ruhe-EKG\" \/>\n<meta property=\"og:description\" content=\"Elektrokardiograph Schiller Cardiovit FT-1 Ruhe-EKG mit Touchscreen, Netzwerkanschluss und integriertem Thermodruck.\" \/>\n<meta property=\"og:url\" content=\"https:\/\/swixed.ch\/de\/produkt\/sed10011\/\" \/>\n<meta property=\"og:site_name\" content=\"Swixed SA\" \/>\n<meta property=\"article:publisher\" content=\"https:\/\/www.facebook.com\/swixed\" \/>\n<meta property=\"article:modified_time\" content=\"2026-03-25T18:39:57+00:00\" \/>\n<meta property=\"og:image\" content=\"https:\/\/swixed.ch\/wp-content\/uploads\/2026\/01\/SED10011-01.png\" \/>\n\t<meta property=\"og:image:width\" content=\"600\" \/>\n\t<meta property=\"og:image:height\" content=\"600\" \/>\n\t<meta property=\"og:image:type\" content=\"image\/png\" \/>\n<meta name=\"twitter:card\" content=\"summary_large_image\" \/>\n<meta name=\"twitter:label1\" content=\"Gesch\u00e4tzte Lesezeit\" \/>\n\t<meta name=\"twitter:data1\" content=\"2\u00a0Minuten\" \/>\n<script type=\"application\/ld+json\" class=\"yoast-schema-graph\">{\"@context\":\"https:\\\/\\\/schema.org\",\"@graph\":[{\"@type\":\"WebPage\",\"@id\":\"https:\\\/\\\/swixed.ch\\\/de\\\/produkt\\\/sed10011\\\/\",\"url\":\"https:\\\/\\\/swixed.ch\\\/de\\\/produkt\\\/sed10011\\\/\",\"name\":\"Schiller Cardiovit FT-1 Ruhe-EKG-Elektrokardiograph | Swixed SA\",\"isPartOf\":{\"@id\":\"https:\\\/\\\/swixed.ch\\\/de\\\/#website\"},\"primaryImageOfPage\":{\"@id\":\"https:\\\/\\\/swixed.ch\\\/de\\\/produkt\\\/sed10011\\\/#primaryimage\"},\"image\":{\"@id\":\"https:\\\/\\\/swixed.ch\\\/de\\\/produkt\\\/sed10011\\\/#primaryimage\"},\"thumbnailUrl\":\"https:\\\/\\\/swixed.ch\\\/wp-content\\\/uploads\\\/2026\\\/01\\\/SED10011-01.png\",\"datePublished\":\"2023-09-12T08:21:52+00:00\",\"dateModified\":\"2026-03-25T18:39:57+00:00\",\"description\":\"Elektrokardiograph Schiller Cardiovit FT-1 Ruhe-EKG mit Touchscreen, Netzwerkanschluss und integriertem Thermodruck.\",\"breadcrumb\":{\"@id\":\"https:\\\/\\\/swixed.ch\\\/de\\\/produkt\\\/sed10011\\\/#breadcrumb\"},\"inLanguage\":\"de\",\"potentialAction\":[{\"@type\":\"ReadAction\",\"target\":[\"https:\\\/\\\/swixed.ch\\\/de\\\/produkt\\\/sed10011\\\/\"]}]},{\"@type\":\"ImageObject\",\"inLanguage\":\"de\",\"@id\":\"https:\\\/\\\/swixed.ch\\\/de\\\/produkt\\\/sed10011\\\/#primaryimage\",\"url\":\"https:\\\/\\\/swixed.ch\\\/wp-content\\\/uploads\\\/2026\\\/01\\\/SED10011-01.png\",\"contentUrl\":\"https:\\\/\\\/swixed.ch\\\/wp-content\\\/uploads\\\/2026\\\/01\\\/SED10011-01.png\",\"width\":600,\"height\":600,\"caption\":\"SED10011\"},{\"@type\":\"BreadcrumbList\",\"@id\":\"https:\\\/\\\/swixed.ch\\\/de\\\/produkt\\\/sed10011\\\/#breadcrumb\",\"itemListElement\":[{\"@type\":\"ListItem\",\"position\":1,\"name\":\"Startseite\",\"item\":\"https:\\\/\\\/swixed.ch\\\/de\\\/home\\\/\"},{\"@type\":\"ListItem\",\"position\":2,\"name\":\"Shop\",\"item\":\"https:\\\/\\\/swixed.ch\\\/de\\\/shop\\\/\"},{\"@type\":\"ListItem\",\"position\":3,\"name\":\"Elektrokardiograph Schiller Cardiovit FT-1 Ruhe-EKG\"}]},{\"@type\":\"WebSite\",\"@id\":\"https:\\\/\\\/swixed.ch\\\/de\\\/#website\",\"url\":\"https:\\\/\\\/swixed.ch\\\/de\\\/\",\"name\":\"Swixed SA\",\"description\":\"Elektronische Ger\u00e4te\",\"publisher\":{\"@id\":\"https:\\\/\\\/swixed.ch\\\/de\\\/#organization\"},\"potentialAction\":[{\"@type\":\"SearchAction\",\"target\":{\"@type\":\"EntryPoint\",\"urlTemplate\":\"https:\\\/\\\/swixed.ch\\\/de\\\/?s={search_term_string}\"},\"query-input\":{\"@type\":\"PropertyValueSpecification\",\"valueRequired\":true,\"valueName\":\"search_term_string\"}}],\"inLanguage\":\"de\"},{\"@type\":\"Organization\",\"@id\":\"https:\\\/\\\/swixed.ch\\\/de\\\/#organization\",\"name\":\"Swixed SA\",\"url\":\"https:\\\/\\\/swixed.ch\\\/de\\\/\",\"logo\":{\"@type\":\"ImageObject\",\"inLanguage\":\"de\",\"@id\":\"https:\\\/\\\/swixed.ch\\\/de\\\/#\\\/schema\\\/logo\\\/image\\\/\",\"url\":\"https:\\\/\\\/swixed.ch\\\/wp-content\\\/uploads\\\/logos\\\/swixed-logo-lite.png\",\"contentUrl\":\"https:\\\/\\\/swixed.ch\\\/wp-content\\\/uploads\\\/logos\\\/swixed-logo-lite.png\",\"width\":696,\"height\":696,\"caption\":\"Swixed SA\"},\"image\":{\"@id\":\"https:\\\/\\\/swixed.ch\\\/de\\\/#\\\/schema\\\/logo\\\/image\\\/\"},\"sameAs\":[\"https:\\\/\\\/www.facebook.com\\\/swixed\",\"https:\\\/\\\/www.linkedin.com\\\/company\\\/swixed\",\"https:\\\/\\\/www.youtube.com\\\/@swixedsa\"],\"description\":\"Swixed SA est une entreprise suisse bas\u00e9e \u00e0 Gen\u00e8ve, sp\u00e9cialis\u00e9e dans la vente, la location et la maintenance d\u2019appareils m\u00e9dicaux professionnels, tels que d\u00e9fibrillateurs AED, \u00e9lectrocardiographes, moniteurs patient et dispositifs de diagnostic.\",\"email\":\"infoshop@swixed.ch\",\"telephone\":\"+41 22 566 11 95\",\"legalName\":\"Swixed SA\",\"foundingDate\":\"2021-03-01\",\"numberOfEmployees\":{\"@type\":\"QuantitativeValue\",\"minValue\":\"1\",\"maxValue\":\"10\"}}]}<\/script>\n<!-- \/ Yoast SEO Premium plugin. -->","yoast_head_json":{"title":"Schiller Cardiovit FT-1 Ruhe-EKG-Elektrokardiograph | Swixed SA","description":"Elektrokardiograph Schiller Cardiovit FT-1 Ruhe-EKG mit Touchscreen, Netzwerkanschluss und integriertem Thermodruck.","robots":{"index":"index","follow":"follow","max-snippet":"max-snippet:-1","max-image-preview":"max-image-preview:large","max-video-preview":"max-video-preview:-1"},"canonical":"https:\/\/swixed.ch\/de\/produkt\/sed10011\/","og_locale":"de_DE","og_type":"article","og_title":"Elektrokardiograph Schiller Cardiovit FT-1 Ruhe-EKG","og_description":"Elektrokardiograph Schiller Cardiovit FT-1 Ruhe-EKG mit Touchscreen, Netzwerkanschluss und integriertem Thermodruck.","og_url":"https:\/\/swixed.ch\/de\/produkt\/sed10011\/","og_site_name":"Swixed SA","article_publisher":"https:\/\/www.facebook.com\/swixed","article_modified_time":"2026-03-25T18:39:57+00:00","og_image":[{"width":600,"height":600,"url":"https:\/\/swixed.ch\/wp-content\/uploads\/2026\/01\/SED10011-01.png","type":"image\/png"}],"twitter_card":"summary_large_image","twitter_misc":{"Gesch\u00e4tzte Lesezeit":"2\u00a0Minuten"},"schema":{"@context":"https:\/\/schema.org","@graph":[{"@type":"WebPage","@id":"https:\/\/swixed.ch\/de\/produkt\/sed10011\/","url":"https:\/\/swixed.ch\/de\/produkt\/sed10011\/","name":"Schiller Cardiovit FT-1 Ruhe-EKG-Elektrokardiograph | Swixed SA","isPartOf":{"@id":"https:\/\/swixed.ch\/de\/#website"},"primaryImageOfPage":{"@id":"https:\/\/swixed.ch\/de\/produkt\/sed10011\/#primaryimage"},"image":{"@id":"https:\/\/swixed.ch\/de\/produkt\/sed10011\/#primaryimage"},"thumbnailUrl":"https:\/\/swixed.ch\/wp-content\/uploads\/2026\/01\/SED10011-01.png","datePublished":"2023-09-12T08:21:52+00:00","dateModified":"2026-03-25T18:39:57+00:00","description":"Elektrokardiograph Schiller Cardiovit FT-1 Ruhe-EKG mit Touchscreen, Netzwerkanschluss und integriertem Thermodruck.","breadcrumb":{"@id":"https:\/\/swixed.ch\/de\/produkt\/sed10011\/#breadcrumb"},"inLanguage":"de","potentialAction":[{"@type":"ReadAction","target":["https:\/\/swixed.ch\/de\/produkt\/sed10011\/"]}]},{"@type":"ImageObject","inLanguage":"de","@id":"https:\/\/swixed.ch\/de\/produkt\/sed10011\/#primaryimage","url":"https:\/\/swixed.ch\/wp-content\/uploads\/2026\/01\/SED10011-01.png","contentUrl":"https:\/\/swixed.ch\/wp-content\/uploads\/2026\/01\/SED10011-01.png","width":600,"height":600,"caption":"SED10011"},{"@type":"BreadcrumbList","@id":"https:\/\/swixed.ch\/de\/produkt\/sed10011\/#breadcrumb","itemListElement":[{"@type":"ListItem","position":1,"name":"Startseite","item":"https:\/\/swixed.ch\/de\/home\/"},{"@type":"ListItem","position":2,"name":"Shop","item":"https:\/\/swixed.ch\/de\/shop\/"},{"@type":"ListItem","position":3,"name":"Elektrokardiograph Schiller Cardiovit FT-1 Ruhe-EKG"}]},{"@type":"WebSite","@id":"https:\/\/swixed.ch\/de\/#website","url":"https:\/\/swixed.ch\/de\/","name":"Swixed SA","description":"Elektronische Ger\u00e4te","publisher":{"@id":"https:\/\/swixed.ch\/de\/#organization"},"potentialAction":[{"@type":"SearchAction","target":{"@type":"EntryPoint","urlTemplate":"https:\/\/swixed.ch\/de\/?s={search_term_string}"},"query-input":{"@type":"PropertyValueSpecification","valueRequired":true,"valueName":"search_term_string"}}],"inLanguage":"de"},{"@type":"Organization","@id":"https:\/\/swixed.ch\/de\/#organization","name":"Swixed SA","url":"https:\/\/swixed.ch\/de\/","logo":{"@type":"ImageObject","inLanguage":"de","@id":"https:\/\/swixed.ch\/de\/#\/schema\/logo\/image\/","url":"https:\/\/swixed.ch\/wp-content\/uploads\/logos\/swixed-logo-lite.png","contentUrl":"https:\/\/swixed.ch\/wp-content\/uploads\/logos\/swixed-logo-lite.png","width":696,"height":696,"caption":"Swixed SA"},"image":{"@id":"https:\/\/swixed.ch\/de\/#\/schema\/logo\/image\/"},"sameAs":["https:\/\/www.facebook.com\/swixed","https:\/\/www.linkedin.com\/company\/swixed","https:\/\/www.youtube.com\/@swixedsa"],"description":"Swixed SA est une entreprise suisse bas\u00e9e \u00e0 Gen\u00e8ve, sp\u00e9cialis\u00e9e dans la vente, la location et la maintenance d\u2019appareils m\u00e9dicaux professionnels, tels que d\u00e9fibrillateurs AED, \u00e9lectrocardiographes, moniteurs patient et dispositifs de diagnostic.","email":"infoshop@swixed.ch","telephone":"+41 22 566 11 95","legalName":"Swixed SA","foundingDate":"2021-03-01","numberOfEmployees":{"@type":"QuantitativeValue","minValue":"1","maxValue":"10"}}]}},"_links":{"self":[{"href":"https:\/\/swixed.ch\/de\/wp-json\/wp\/v2\/product\/36248","targetHints":{"allow":["GET"]}}],"collection":[{"href":"https:\/\/swixed.ch\/de\/wp-json\/wp\/v2\/product"}],"about":[{"href":"https:\/\/swixed.ch\/de\/wp-json\/wp\/v2\/types\/product"}],"version-history":[{"count":0,"href":"https:\/\/swixed.ch\/de\/wp-json\/wp\/v2\/product\/36248\/revisions"}],"wp:featuredmedia":[{"embeddable":true,"href":"https:\/\/swixed.ch\/de\/wp-json\/wp\/v2\/media\/61743"}],"wp:attachment":[{"href":"https:\/\/swixed.ch\/de\/wp-json\/wp\/v2\/media?parent=36248"}],"wp:term":[{"taxonomy":"product_brand","embeddable":true,"href":"https:\/\/swixed.ch\/de\/wp-json\/wp\/v2\/product_brand?post=36248"},{"taxonomy":"product_cat","embeddable":true,"href":"https:\/\/swixed.ch\/de\/wp-json\/wp\/v2\/product_cat?post=36248"},{"taxonomy":"product_tag","embeddable":true,"href":"https:\/\/swixed.ch\/de\/wp-json\/wp\/v2\/product_tag?post=36248"}],"curies":[{"name":"wp","href":"https:\/\/api.w.org\/{rel}","templated":true}]}}