{"id":36270,"date":"2023-07-07T03:20:41","date_gmt":"2023-07-07T02:20:41","guid":{"rendered":"https:\/\/swixed.com\/produit\/schutzhuellen-fuer-grosse-armbaender-l-boso-tm-2450\/"},"modified":"2026-04-21T06:38:55","modified_gmt":"2026-04-21T05:38:55","slug":"sed63009","status":"publish","type":"product","link":"https:\/\/swixed.ch\/de\/produkt\/sed63009\/","title":{"rendered":"Schutzh\u00fcllen f\u00fcr gro\u00dfe Manschetten (L) Boso TM-2450 Remler 24h (10 St\u00fcck)"},"content":{"rendered":"\t\t<div data-elementor-type=\"product-post\" data-elementor-id=\"36270\" class=\"elementor elementor-36270 elementor-20866\" data-elementor-post-type=\"product\">\n\t\t\t\t\t\t<section class=\"elementor-section elementor-top-section elementor-element elementor-element-834d306 elementor-section-boxed elementor-section-height-default elementor-section-height-default\" data-id=\"834d306\" data-element_type=\"section\" data-e-type=\"section\">\n\t\t\t\t\t\t<div class=\"elementor-container elementor-column-gap-default\">\n\t\t\t\t\t<div class=\"elementor-column elementor-col-100 elementor-top-column elementor-element elementor-element-085465e\" data-id=\"085465e\" data-element_type=\"column\" data-e-type=\"column\">\n\t\t\t<div class=\"elementor-widget-wrap elementor-element-populated\">\n\t\t\t\t\t\t<div class=\"elementor-element elementor-element-0684e71 elementor-widget elementor-widget-heading\" data-id=\"0684e71\" data-element_type=\"widget\" data-e-type=\"widget\" data-widget_type=\"heading.default\">\n\t\t\t\t\t<h2 class=\"elementor-heading-title elementor-size-default\">Beschreibung<\/h2>\t\t\t\t<\/div>\n\t\t\t\t\t<\/div>\n\t\t<\/div>\n\t\t\t\t\t<\/div>\n\t\t<\/section>\n\t\t\t\t<section class=\"elementor-section elementor-top-section elementor-element elementor-element-bbbff69 elementor-section-boxed elementor-section-height-default elementor-section-height-default\" data-id=\"bbbff69\" data-element_type=\"section\" data-e-type=\"section\">\n\t\t\t\t\t\t<div class=\"elementor-container elementor-column-gap-default\">\n\t\t\t\t\t<div class=\"elementor-column elementor-col-100 elementor-top-column elementor-element elementor-element-df88c60\" data-id=\"df88c60\" data-element_type=\"column\" data-e-type=\"column\">\n\t\t\t<div class=\"elementor-widget-wrap elementor-element-populated\">\n\t\t\t\t\t\t<div class=\"elementor-element elementor-element-181dedd elementor-widget elementor-widget-text-editor\" data-id=\"181dedd\" data-element_type=\"widget\" data-e-type=\"widget\" data-widget_type=\"text-editor.default\">\n\t\t\t\t\t\t\t\t\t<p>Die wiederverwendbaren Schutzh\u00fcllen f\u00fcr gro\u00dfe Manschetten (L) des Blutdruckmessger\u00e4ts Boso TM-2450 sind ideal f\u00fcr die Gew\u00e4hrleistung von Hygiene in medizinischen und h\u00e4uslichen Umgebungen. Die Schutzh\u00fcllen wurden speziell f\u00fcr die Manschetten des TM-2450 entwickelt und sorgen f\u00fcr eine perfekte Passform. <\/p>\n<p>Diese Bez\u00fcge sind aus einem weichen, hautfreundlichen Stoff hergestellt und bieten den Patienten einen optimalen Komfort. Dar\u00fcber hinaus k\u00f6nnen sie bei 60 \u00b0C gewaschen werden, was eine wiederholte Verwendung unter Einhaltung hoher Hygienestandards erm\u00f6glicht. <\/p>\n\t\t\t\t\t\t\t\t<\/div>\n\t\t\t\t<div class=\"elementor-element elementor-element-35a4cba elementor-widget elementor-widget-heading\" data-id=\"35a4cba\" data-element_type=\"widget\" data-e-type=\"widget\" data-widget_type=\"heading.default\">\n\t\t\t\t\t<h2 class=\"elementor-heading-title elementor-size-default\">Inhalt<\/h2>\t\t\t\t<\/div>\n\t\t\t\t<div class=\"elementor-element elementor-element-6e5945e elementor-widget elementor-widget-text-editor\" data-id=\"6e5945e\" data-element_type=\"widget\" data-e-type=\"widget\" data-widget_type=\"text-editor.default\">\n\t\t\t\t\t\t\t\t\t<p>10 Schutzh\u00fcllen f\u00fcr gro\u00dfe Manschetten (L) (32-45 cm), die mit dem Boso TM-2450 kompatibel sind.<\/p>\n\t\t\t\t\t\t\t\t<\/div>\n\t\t\t\t\t<\/div>\n\t\t<\/div>\n\t\t\t\t\t<\/div>\n\t\t<\/section>\n\t\t\t\t<\/div>\n\t\t","protected":false},"excerpt":{"rendered":"<p>Sorgen Sie f\u00fcr optimale Hygiene mit den wiederverwendbaren Schutzh\u00fcllen f\u00fcr gro\u00dfe Manschetten (L) des Boso TM-2450 Blutdruckmessger\u00e4ts. Die Schutzh\u00fcllen sind f\u00fcr den Gebrauch in der Arztpraxis oder zu Hause konzipiert und passen perfekt zu den Manschetten des TM-2450. Die Bez\u00fcge sind aus weichem, hautfreundlichem Stoff gefertigt, bei 60 \u00b0C waschbar und k\u00f6nnen hygienisch verwendet werden.  <\/p>\n","protected":false},"featured_media":30999,"template":"","meta":{"_acf_changed":false},"product_brand":[2119],"product_cat":[1012,1079,1278],"product_tag":[4448,5108,5109,4917,5116,5113,5114,3769,5110,5115,5107,5112,5117,5111,4923],"class_list":{"0":"post-36270","1":"product","2":"type-product","3":"status-publish","4":"has-post-thumbnail","6":"product_brand-boso-de","7":"product_cat-blutdruckmessgerate","8":"product_cat-elektronische-blutdruckmessgerate","9":"product_cat-zubehor-blutdruckmessgeraete","10":"product_tag-arztpraxis","11":"product_tag-boso-armbinden","12":"product_tag-boso-tm-2450-de","13":"product_tag-grose-manschette","14":"product_tag-hygienischer-schutz","15":"product_tag-manschettenschutz","16":"product_tag-manuelles-blutdruckmessgerat","17":"product_tag-medizinische-ausrustung","18":"product_tag-medizinische-hygiene","19":"product_tag-pflege-des-patienten","20":"product_tag-schutzhullen","21":"product_tag-waschbare-bezuge","22":"product_tag-weicher-stoff","23":"product_tag-wiederverwendbar","24":"product_tag-zubehor-fur-blutdruckmessgerate","26":"first","27":"instock","28":"taxable","29":"shipping-taxable","30":"purchasable","31":"product-type-simple"},"acf":[],"yoast_head":"<!-- This site is optimized with the Yoast SEO Premium plugin v27.4 (Yoast SEO v27.4) - https:\/\/yoast.com\/product\/yoast-seo-premium-wordpress\/ -->\n<title>Schutzh\u00fcllen f\u00fcr gro\u00dfe Manschetten (L) Boso TM-2450 Remler 24h (10 St\u00fcck) | Swixed SA<\/title>\n<meta name=\"description\" content=\"Sch\u00fctzen Sie Ihre Boso TM-2450 Manschetten mit unseren wiederverwendbaren und waschbaren Schutzh\u00fcllen, um eine optimale Hygiene in der Praxis oder zu Hause zu gew\u00e4hrleisten.\" \/>\n<meta name=\"robots\" content=\"index, follow, max-snippet:-1, max-image-preview:large, max-video-preview:-1\" \/>\n<link rel=\"canonical\" href=\"https:\/\/swixed.ch\/de\/produkt\/sed63009\/\" \/>\n<meta property=\"og:locale\" content=\"de_DE\" \/>\n<meta property=\"og:type\" content=\"article\" \/>\n<meta property=\"og:title\" content=\"Schutzh\u00fcllen f\u00fcr gro\u00dfe Manschetten (L) Boso TM-2450 Remler 24h (10 St\u00fcck)\" \/>\n<meta property=\"og:description\" content=\"Sch\u00fctzen Sie Ihre Boso TM-2450 Manschetten mit unseren wiederverwendbaren und waschbaren Schutzh\u00fcllen, um eine optimale Hygiene in der Praxis oder zu Hause zu gew\u00e4hrleisten.\" \/>\n<meta property=\"og:url\" content=\"https:\/\/swixed.ch\/de\/produkt\/sed63009\/\" \/>\n<meta property=\"og:site_name\" content=\"Swixed SA\" \/>\n<meta property=\"article:publisher\" content=\"https:\/\/www.facebook.com\/swixed\" \/>\n<meta property=\"article:modified_time\" content=\"2026-04-21T05:38:55+00:00\" \/>\n<meta property=\"og:image\" content=\"https:\/\/swixed.ch\/wp-content\/uploads\/products\/boso-tm2450-manchette-02.png\" \/>\n\t<meta property=\"og:image:width\" content=\"600\" \/>\n\t<meta property=\"og:image:height\" content=\"600\" \/>\n\t<meta property=\"og:image:type\" content=\"image\/png\" \/>\n<meta name=\"twitter:card\" content=\"summary_large_image\" \/>\n<meta name=\"twitter:label1\" content=\"Gesch\u00e4tzte Lesezeit\" \/>\n\t<meta name=\"twitter:data1\" content=\"1\u00a0Minute\" \/>\n<script type=\"application\/ld+json\" class=\"yoast-schema-graph\">{\"@context\":\"https:\\\/\\\/schema.org\",\"@graph\":[{\"@type\":\"WebPage\",\"@id\":\"https:\\\/\\\/swixed.ch\\\/de\\\/produkt\\\/sed63009\\\/\",\"url\":\"https:\\\/\\\/swixed.ch\\\/de\\\/produkt\\\/sed63009\\\/\",\"name\":\"Schutzh\u00fcllen f\u00fcr gro\u00dfe Manschetten (L) Boso TM-2450 Remler 24h (10 St\u00fcck) | Swixed SA\",\"isPartOf\":{\"@id\":\"https:\\\/\\\/swixed.ch\\\/de\\\/#website\"},\"primaryImageOfPage\":{\"@id\":\"https:\\\/\\\/swixed.ch\\\/de\\\/produkt\\\/sed63009\\\/#primaryimage\"},\"image\":{\"@id\":\"https:\\\/\\\/swixed.ch\\\/de\\\/produkt\\\/sed63009\\\/#primaryimage\"},\"thumbnailUrl\":\"https:\\\/\\\/swixed.ch\\\/wp-content\\\/uploads\\\/products\\\/boso-tm2450-manchette-02.png\",\"datePublished\":\"2023-07-07T02:20:41+00:00\",\"dateModified\":\"2026-04-21T05:38:55+00:00\",\"description\":\"Sch\u00fctzen Sie Ihre Boso TM-2450 Manschetten mit unseren wiederverwendbaren und waschbaren Schutzh\u00fcllen, um eine optimale Hygiene in der Praxis oder zu Hause zu gew\u00e4hrleisten.\",\"breadcrumb\":{\"@id\":\"https:\\\/\\\/swixed.ch\\\/de\\\/produkt\\\/sed63009\\\/#breadcrumb\"},\"inLanguage\":\"de\",\"potentialAction\":[{\"@type\":\"ReadAction\",\"target\":[\"https:\\\/\\\/swixed.ch\\\/de\\\/produkt\\\/sed63009\\\/\"]}]},{\"@type\":\"ImageObject\",\"inLanguage\":\"de\",\"@id\":\"https:\\\/\\\/swixed.ch\\\/de\\\/produkt\\\/sed63009\\\/#primaryimage\",\"url\":\"https:\\\/\\\/swixed.ch\\\/wp-content\\\/uploads\\\/products\\\/boso-tm2450-manchette-02.png\",\"contentUrl\":\"https:\\\/\\\/swixed.ch\\\/wp-content\\\/uploads\\\/products\\\/boso-tm2450-manchette-02.png\",\"width\":600,\"height\":600,\"caption\":\"Schutzh\u00fcllen f\u00fcr gro\u00dfe Armb\u00e4nder (L) Boso TM-2450\"},{\"@type\":\"BreadcrumbList\",\"@id\":\"https:\\\/\\\/swixed.ch\\\/de\\\/produkt\\\/sed63009\\\/#breadcrumb\",\"itemListElement\":[{\"@type\":\"ListItem\",\"position\":1,\"name\":\"Startseite\",\"item\":\"https:\\\/\\\/swixed.ch\\\/de\\\/home\\\/\"},{\"@type\":\"ListItem\",\"position\":2,\"name\":\"Shop\",\"item\":\"https:\\\/\\\/swixed.ch\\\/de\\\/shop\\\/\"},{\"@type\":\"ListItem\",\"position\":3,\"name\":\"Schutzh\u00fcllen f\u00fcr gro\u00dfe Manschetten (L) Boso TM-2450 Remler 24h (10 St\u00fcck)\"}]},{\"@type\":\"WebSite\",\"@id\":\"https:\\\/\\\/swixed.ch\\\/de\\\/#website\",\"url\":\"https:\\\/\\\/swixed.ch\\\/de\\\/\",\"name\":\"Swixed SA\",\"description\":\"Elektronische Ger\u00e4te\",\"publisher\":{\"@id\":\"https:\\\/\\\/swixed.ch\\\/de\\\/#organization\"},\"potentialAction\":[{\"@type\":\"SearchAction\",\"target\":{\"@type\":\"EntryPoint\",\"urlTemplate\":\"https:\\\/\\\/swixed.ch\\\/de\\\/?s={search_term_string}\"},\"query-input\":{\"@type\":\"PropertyValueSpecification\",\"valueRequired\":true,\"valueName\":\"search_term_string\"}}],\"inLanguage\":\"de\"},{\"@type\":\"Organization\",\"@id\":\"https:\\\/\\\/swixed.ch\\\/de\\\/#organization\",\"name\":\"Swixed SA\",\"url\":\"https:\\\/\\\/swixed.ch\\\/de\\\/\",\"logo\":{\"@type\":\"ImageObject\",\"inLanguage\":\"de\",\"@id\":\"https:\\\/\\\/swixed.ch\\\/de\\\/#\\\/schema\\\/logo\\\/image\\\/\",\"url\":\"https:\\\/\\\/swixed.ch\\\/wp-content\\\/uploads\\\/logos\\\/swixed-logo-lite.png\",\"contentUrl\":\"https:\\\/\\\/swixed.ch\\\/wp-content\\\/uploads\\\/logos\\\/swixed-logo-lite.png\",\"width\":696,\"height\":696,\"caption\":\"Swixed SA\"},\"image\":{\"@id\":\"https:\\\/\\\/swixed.ch\\\/de\\\/#\\\/schema\\\/logo\\\/image\\\/\"},\"sameAs\":[\"https:\\\/\\\/www.facebook.com\\\/swixed\",\"https:\\\/\\\/www.linkedin.com\\\/company\\\/swixed\",\"https:\\\/\\\/www.youtube.com\\\/@swixedsa\"],\"description\":\"Swixed SA est une entreprise suisse bas\u00e9e \u00e0 Gen\u00e8ve, sp\u00e9cialis\u00e9e dans la vente, la location et la maintenance d\u2019appareils m\u00e9dicaux professionnels, tels que d\u00e9fibrillateurs AED, \u00e9lectrocardiographes, moniteurs patient et dispositifs de diagnostic.\",\"email\":\"infoshop@swixed.ch\",\"telephone\":\"+41 22 566 11 95\",\"legalName\":\"Swixed SA\",\"foundingDate\":\"2021-03-01\",\"numberOfEmployees\":{\"@type\":\"QuantitativeValue\",\"minValue\":\"1\",\"maxValue\":\"10\"}}]}<\/script>\n<!-- \/ Yoast SEO Premium plugin. -->","yoast_head_json":{"title":"Schutzh\u00fcllen f\u00fcr gro\u00dfe Manschetten (L) Boso TM-2450 Remler 24h (10 St\u00fcck) | Swixed SA","description":"Sch\u00fctzen Sie Ihre Boso TM-2450 Manschetten mit unseren wiederverwendbaren und waschbaren Schutzh\u00fcllen, um eine optimale Hygiene in der Praxis oder zu Hause zu gew\u00e4hrleisten.","robots":{"index":"index","follow":"follow","max-snippet":"max-snippet:-1","max-image-preview":"max-image-preview:large","max-video-preview":"max-video-preview:-1"},"canonical":"https:\/\/swixed.ch\/de\/produkt\/sed63009\/","og_locale":"de_DE","og_type":"article","og_title":"Schutzh\u00fcllen f\u00fcr gro\u00dfe Manschetten (L) Boso TM-2450 Remler 24h (10 St\u00fcck)","og_description":"Sch\u00fctzen Sie Ihre Boso TM-2450 Manschetten mit unseren wiederverwendbaren und waschbaren Schutzh\u00fcllen, um eine optimale Hygiene in der Praxis oder zu Hause zu gew\u00e4hrleisten.","og_url":"https:\/\/swixed.ch\/de\/produkt\/sed63009\/","og_site_name":"Swixed SA","article_publisher":"https:\/\/www.facebook.com\/swixed","article_modified_time":"2026-04-21T05:38:55+00:00","og_image":[{"width":600,"height":600,"url":"https:\/\/swixed.ch\/wp-content\/uploads\/products\/boso-tm2450-manchette-02.png","type":"image\/png"}],"twitter_card":"summary_large_image","twitter_misc":{"Gesch\u00e4tzte Lesezeit":"1\u00a0Minute"},"schema":{"@context":"https:\/\/schema.org","@graph":[{"@type":"WebPage","@id":"https:\/\/swixed.ch\/de\/produkt\/sed63009\/","url":"https:\/\/swixed.ch\/de\/produkt\/sed63009\/","name":"Schutzh\u00fcllen f\u00fcr gro\u00dfe Manschetten (L) Boso TM-2450 Remler 24h (10 St\u00fcck) | Swixed SA","isPartOf":{"@id":"https:\/\/swixed.ch\/de\/#website"},"primaryImageOfPage":{"@id":"https:\/\/swixed.ch\/de\/produkt\/sed63009\/#primaryimage"},"image":{"@id":"https:\/\/swixed.ch\/de\/produkt\/sed63009\/#primaryimage"},"thumbnailUrl":"https:\/\/swixed.ch\/wp-content\/uploads\/products\/boso-tm2450-manchette-02.png","datePublished":"2023-07-07T02:20:41+00:00","dateModified":"2026-04-21T05:38:55+00:00","description":"Sch\u00fctzen Sie Ihre Boso TM-2450 Manschetten mit unseren wiederverwendbaren und waschbaren Schutzh\u00fcllen, um eine optimale Hygiene in der Praxis oder zu Hause zu gew\u00e4hrleisten.","breadcrumb":{"@id":"https:\/\/swixed.ch\/de\/produkt\/sed63009\/#breadcrumb"},"inLanguage":"de","potentialAction":[{"@type":"ReadAction","target":["https:\/\/swixed.ch\/de\/produkt\/sed63009\/"]}]},{"@type":"ImageObject","inLanguage":"de","@id":"https:\/\/swixed.ch\/de\/produkt\/sed63009\/#primaryimage","url":"https:\/\/swixed.ch\/wp-content\/uploads\/products\/boso-tm2450-manchette-02.png","contentUrl":"https:\/\/swixed.ch\/wp-content\/uploads\/products\/boso-tm2450-manchette-02.png","width":600,"height":600,"caption":"Schutzh\u00fcllen f\u00fcr gro\u00dfe Armb\u00e4nder (L) Boso TM-2450"},{"@type":"BreadcrumbList","@id":"https:\/\/swixed.ch\/de\/produkt\/sed63009\/#breadcrumb","itemListElement":[{"@type":"ListItem","position":1,"name":"Startseite","item":"https:\/\/swixed.ch\/de\/home\/"},{"@type":"ListItem","position":2,"name":"Shop","item":"https:\/\/swixed.ch\/de\/shop\/"},{"@type":"ListItem","position":3,"name":"Schutzh\u00fcllen f\u00fcr gro\u00dfe Manschetten (L) Boso TM-2450 Remler 24h (10 St\u00fcck)"}]},{"@type":"WebSite","@id":"https:\/\/swixed.ch\/de\/#website","url":"https:\/\/swixed.ch\/de\/","name":"Swixed SA","description":"Elektronische Ger\u00e4te","publisher":{"@id":"https:\/\/swixed.ch\/de\/#organization"},"potentialAction":[{"@type":"SearchAction","target":{"@type":"EntryPoint","urlTemplate":"https:\/\/swixed.ch\/de\/?s={search_term_string}"},"query-input":{"@type":"PropertyValueSpecification","valueRequired":true,"valueName":"search_term_string"}}],"inLanguage":"de"},{"@type":"Organization","@id":"https:\/\/swixed.ch\/de\/#organization","name":"Swixed SA","url":"https:\/\/swixed.ch\/de\/","logo":{"@type":"ImageObject","inLanguage":"de","@id":"https:\/\/swixed.ch\/de\/#\/schema\/logo\/image\/","url":"https:\/\/swixed.ch\/wp-content\/uploads\/logos\/swixed-logo-lite.png","contentUrl":"https:\/\/swixed.ch\/wp-content\/uploads\/logos\/swixed-logo-lite.png","width":696,"height":696,"caption":"Swixed SA"},"image":{"@id":"https:\/\/swixed.ch\/de\/#\/schema\/logo\/image\/"},"sameAs":["https:\/\/www.facebook.com\/swixed","https:\/\/www.linkedin.com\/company\/swixed","https:\/\/www.youtube.com\/@swixedsa"],"description":"Swixed SA est une entreprise suisse bas\u00e9e \u00e0 Gen\u00e8ve, sp\u00e9cialis\u00e9e dans la vente, la location et la maintenance d\u2019appareils m\u00e9dicaux professionnels, tels que d\u00e9fibrillateurs AED, \u00e9lectrocardiographes, moniteurs patient et dispositifs de diagnostic.","email":"infoshop@swixed.ch","telephone":"+41 22 566 11 95","legalName":"Swixed SA","foundingDate":"2021-03-01","numberOfEmployees":{"@type":"QuantitativeValue","minValue":"1","maxValue":"10"}}]}},"_links":{"self":[{"href":"https:\/\/swixed.ch\/de\/wp-json\/wp\/v2\/product\/36270","targetHints":{"allow":["GET"]}}],"collection":[{"href":"https:\/\/swixed.ch\/de\/wp-json\/wp\/v2\/product"}],"about":[{"href":"https:\/\/swixed.ch\/de\/wp-json\/wp\/v2\/types\/product"}],"version-history":[{"count":1,"href":"https:\/\/swixed.ch\/de\/wp-json\/wp\/v2\/product\/36270\/revisions"}],"predecessor-version":[{"id":63057,"href":"https:\/\/swixed.ch\/de\/wp-json\/wp\/v2\/product\/36270\/revisions\/63057"}],"wp:featuredmedia":[{"embeddable":true,"href":"https:\/\/swixed.ch\/de\/wp-json\/wp\/v2\/media\/30999"}],"wp:attachment":[{"href":"https:\/\/swixed.ch\/de\/wp-json\/wp\/v2\/media?parent=36270"}],"wp:term":[{"taxonomy":"product_brand","embeddable":true,"href":"https:\/\/swixed.ch\/de\/wp-json\/wp\/v2\/product_brand?post=36270"},{"taxonomy":"product_cat","embeddable":true,"href":"https:\/\/swixed.ch\/de\/wp-json\/wp\/v2\/product_cat?post=36270"},{"taxonomy":"product_tag","embeddable":true,"href":"https:\/\/swixed.ch\/de\/wp-json\/wp\/v2\/product_tag?post=36270"}],"curies":[{"name":"wp","href":"https:\/\/api.w.org\/{rel}","templated":true}]}}