{"id":36358,"date":"2023-09-14T23:07:49","date_gmt":"2023-09-14T21:07:49","guid":{"rendered":"https:\/\/swixed.com\/produit\/wand-groessenmessstab-seca-206\/"},"modified":"2026-03-25T09:22:39","modified_gmt":"2026-03-25T08:22:39","slug":"sed95001","status":"publish","type":"product","link":"https:\/\/swixed.ch\/de\/produkt\/sed95001\/","title":{"rendered":"Seca 206 &#8211; Wand-Gr\u00f6\u00dfenmessstab f\u00fcr Erwachsene und Kinder"},"content":{"rendered":"\t\t<div data-elementor-type=\"product-post\" data-elementor-id=\"36358\" class=\"elementor elementor-36358 elementor-26371\" data-elementor-post-type=\"product\">\n\t\t\t\t\t\t<section class=\"elementor-section elementor-top-section elementor-element elementor-element-834d306 elementor-section-boxed elementor-section-height-default elementor-section-height-default\" data-id=\"834d306\" data-element_type=\"section\" data-e-type=\"section\">\n\t\t\t\t\t\t<div class=\"elementor-container elementor-column-gap-default\">\n\t\t\t\t\t<div class=\"elementor-column elementor-col-100 elementor-top-column elementor-element elementor-element-085465e\" data-id=\"085465e\" data-element_type=\"column\" data-e-type=\"column\">\n\t\t\t<div class=\"elementor-widget-wrap elementor-element-populated\">\n\t\t\t\t\t\t<div class=\"elementor-element elementor-element-0684e71 elementor-widget elementor-widget-heading\" data-id=\"0684e71\" data-element_type=\"widget\" data-e-type=\"widget\" data-widget_type=\"heading.default\">\n\t\t\t\t\t<h2 class=\"elementor-heading-title elementor-size-default\">Beschreibung des Seca 206 Messlatte<\/h2>\t\t\t\t<\/div>\n\t\t\t\t\t<\/div>\n\t\t<\/div>\n\t\t\t\t\t<\/div>\n\t\t<\/section>\n\t\t\t\t<section class=\"elementor-section elementor-top-section elementor-element elementor-element-bbbff69 elementor-section-boxed elementor-section-height-default elementor-section-height-default\" data-id=\"bbbff69\" data-element_type=\"section\" data-e-type=\"section\">\n\t\t\t\t\t\t<div class=\"elementor-container elementor-column-gap-default\">\n\t\t\t\t\t<div class=\"elementor-column elementor-col-100 elementor-top-column elementor-element elementor-element-df88c60\" data-id=\"df88c60\" data-element_type=\"column\" data-e-type=\"column\">\n\t\t\t<div class=\"elementor-widget-wrap elementor-element-populated\">\n\t\t\t\t\t\t<div class=\"elementor-element elementor-element-181dedd elementor-widget elementor-widget-text-editor\" data-id=\"181dedd\" data-element_type=\"widget\" data-e-type=\"widget\" data-widget_type=\"text-editor.default\">\n\t\t\t\t\t\t\t\t\t<p>Der <strong>Seca 206 Erwachsenenmessstab<\/strong> ist ein praktisches, \u00e4sthetisch ansprechendes und platzsparendes Hilfsmittel, das sich ideal f\u00fcr die <strong>t\u00e4gliche<\/strong> oder gelegentliche <strong>Messung der K\u00f6rpergr\u00f6\u00dfe von Erwachsenen und Kindern<\/strong> mit <strong>hoher Genauigkeit<\/strong> eignet.<\/p><p>Es <strong>kann einfach mit einer Schraube an der Wand befestigt werden<\/strong>. Dieses Ma\u00dfband ist mit einer <strong>Lupe<\/strong> ausgestattet, <strong>um das Ablesen der Ergebnisse zu erleichtern,<\/strong> und mit einem Wandanschlag. <\/p><p>Nach dem Gebrauch zieht sich das <strong>Rollma\u00dfband aus Metall<\/strong> (f\u00fcr eine l\u00e4ngere Haltbarkeit) automatisch in sein Fach zur\u00fcck.<\/p>\t\t\t\t\t\t\t\t<\/div>\n\t\t\t\t<div class=\"elementor-element elementor-element-2ef7061 elementor-widget elementor-widget-heading\" data-id=\"2ef7061\" data-element_type=\"widget\" data-e-type=\"widget\" data-widget_type=\"heading.default\">\n\t\t\t\t\t<h2 class=\"elementor-heading-title elementor-size-default\">Anweisungen f\u00fcr die Installation<\/h2>\t\t\t\t<\/div>\n\t\t\t\t<div class=\"elementor-element elementor-element-8349e03 elementor-widget elementor-widget-text-editor\" data-id=\"8349e03\" data-element_type=\"widget\" data-e-type=\"widget\" data-widget_type=\"text-editor.default\">\n\t\t\t\t\t\t\t\t\t<p>Stellen Sie das Messger\u00e4t auf dem Boden an die Wand, mit dem Display nach vorne gerichtet. Ziehen Sie das Ma\u00dfband nach oben, bis der Nullpunkt mit der roten Markierung auf dem Display \u00fcbereinstimmt und markieren Sie die Position des Montagelochs an der Wand. Befestigen Sie das Ende des Ma\u00dfbandes mit den mitgelieferten Schrauben an der Wand. Schieben Sie das Ma\u00dfband zur\u00fcck.   <\/p>\t\t\t\t\t\t\t\t<\/div>\n\t\t\t\t<div class=\"elementor-element elementor-element-cf91709 elementor-widget elementor-widget-heading\" data-id=\"cf91709\" data-element_type=\"widget\" data-e-type=\"widget\" data-widget_type=\"heading.default\">\n\t\t\t\t\t<h2 class=\"elementor-heading-title elementor-size-default\">Gebrauchsanweisung<\/h2>\t\t\t\t<\/div>\n\t\t\t\t<div class=\"elementor-element elementor-element-c57a373 elementor-widget elementor-widget-text-editor\" data-id=\"c57a373\" data-element_type=\"widget\" data-e-type=\"widget\" data-widget_type=\"text-editor.default\">\n\t\t\t\t\t\t\t\t\t<p>Die zu messende Person sollte unter dem Messstab stehen. Senken Sie den Schieber gegen den Kopf der Person. Die Gr\u00f6\u00dfe wird auf dem Display angezeigt. Wenn Sie diese Schritte befolgen, erhalten Sie eine Genauigkeit von ca. +\/- 5 mm. So reinigen Sie den Gr\u00f6\u00dfenmessstab mit Rollma\u00dfstab : Wenn n\u00f6tig, reinigen Sie den Ma\u00dfstab mit einem Haushaltsreiniger oder einem handels\u00fcblichen Desinfektionsmittel.    <\/p>\t\t\t\t\t\t\t\t<\/div>\n\t\t\t\t\t<\/div>\n\t\t<\/div>\n\t\t\t\t\t<\/div>\n\t\t<\/section>\n\t\t\t\t<\/div>\n\t\t","protected":false},"excerpt":{"rendered":"<p>Der Seca 206 Wandmessstab ist ein praktisches und kompaktes Werkzeug, das ideal ist, um die Gr\u00f6\u00dfe von Erwachsenen und Kindern mit hoher Genauigkeit zu messen. Er ist einfach zu installieren und wird mit einer Schraube an der Wand befestigt. Das Metallband wurde f\u00fcr eine lange Lebensdauer entwickelt und ist mit einer Lupe zum leichteren Ablesen der Ergebnisse und einem Wandanschlag ausgestattet. Nach Gebrauch zieht sich das Ma\u00dfband automatisch in sein Fach zur\u00fcck.   <\/p>\n","protected":false},"featured_media":32175,"template":"","meta":{"_acf_changed":false},"product_brand":[2184],"product_cat":[2206,1862],"product_tag":[1017,1874,1865,1871,1868],"class_list":{"0":"post-36358","1":"product","2":"type-product","3":"status-publish","4":"has-post-thumbnail","6":"product_brand-seca-de","7":"product_cat-messgerate","8":"product_cat-medizinisches-zubehoer","9":"product_tag-allgemeinmedizin","10":"product_tag-cm-de","11":"product_tag-masnahme","12":"product_tag-messlatte","13":"product_tag-meter","15":"first","16":"instock","17":"taxable","18":"shipping-taxable","19":"purchasable","20":"product-type-simple"},"acf":[],"yoast_head":"<!-- This site is optimized with the Yoast SEO Premium plugin v27.4 (Yoast SEO v27.4) - https:\/\/yoast.com\/product\/yoast-seo-premium-wordpress\/ -->\n<title>Seca 206 - Wand-Gr\u00f6\u00dfenmessstab f\u00fcr Erwachsene und Kinder | Swixed SA<\/title>\n<meta name=\"description\" content=\"Der Seca 206 Erwachsenenmessstab ist ein praktisches Hilfsmittel, das sich ideal f\u00fcr die t\u00e4gliche, genaue Messung der K\u00f6rpergr\u00f6\u00dfe von Erwachsenen und Kindern eignet.\" \/>\n<meta name=\"robots\" content=\"index, follow, max-snippet:-1, max-image-preview:large, max-video-preview:-1\" \/>\n<link rel=\"canonical\" href=\"https:\/\/swixed.ch\/de\/produkt\/sed95001\/\" \/>\n<meta property=\"og:locale\" content=\"de_DE\" \/>\n<meta property=\"og:type\" content=\"article\" \/>\n<meta property=\"og:title\" content=\"Seca 206 - Wand-Gr\u00f6\u00dfenmessstab f\u00fcr Erwachsene und Kinder\" \/>\n<meta property=\"og:description\" content=\"Der Seca 206 Erwachsenenmessstab ist ein praktisches Hilfsmittel, das sich ideal f\u00fcr die t\u00e4gliche, genaue Messung der K\u00f6rpergr\u00f6\u00dfe von Erwachsenen und Kindern eignet.\" \/>\n<meta property=\"og:url\" content=\"https:\/\/swixed.ch\/de\/produkt\/sed95001\/\" \/>\n<meta property=\"og:site_name\" content=\"Swixed SA\" \/>\n<meta property=\"article:publisher\" content=\"https:\/\/www.facebook.com\/swixed\" \/>\n<meta property=\"article:modified_time\" content=\"2026-03-25T08:22:39+00:00\" \/>\n<meta property=\"og:image\" content=\"https:\/\/swixed.ch\/wp-content\/uploads\/products\/seca-206-01.png\" \/>\n\t<meta property=\"og:image:width\" content=\"600\" \/>\n\t<meta property=\"og:image:height\" content=\"600\" \/>\n\t<meta property=\"og:image:type\" content=\"image\/png\" \/>\n<meta name=\"twitter:card\" content=\"summary_large_image\" \/>\n<meta name=\"twitter:label1\" content=\"Gesch\u00e4tzte Lesezeit\" \/>\n\t<meta name=\"twitter:data1\" content=\"1\u00a0Minute\" \/>\n<script type=\"application\/ld+json\" class=\"yoast-schema-graph\">{\"@context\":\"https:\\\/\\\/schema.org\",\"@graph\":[{\"@type\":\"WebPage\",\"@id\":\"https:\\\/\\\/swixed.ch\\\/de\\\/produkt\\\/sed95001\\\/\",\"url\":\"https:\\\/\\\/swixed.ch\\\/de\\\/produkt\\\/sed95001\\\/\",\"name\":\"Seca 206 - Wand-Gr\u00f6\u00dfenmessstab f\u00fcr Erwachsene und Kinder | Swixed SA\",\"isPartOf\":{\"@id\":\"https:\\\/\\\/swixed.ch\\\/de\\\/#website\"},\"primaryImageOfPage\":{\"@id\":\"https:\\\/\\\/swixed.ch\\\/de\\\/produkt\\\/sed95001\\\/#primaryimage\"},\"image\":{\"@id\":\"https:\\\/\\\/swixed.ch\\\/de\\\/produkt\\\/sed95001\\\/#primaryimage\"},\"thumbnailUrl\":\"https:\\\/\\\/swixed.ch\\\/wp-content\\\/uploads\\\/products\\\/seca-206-01.png\",\"datePublished\":\"2023-09-14T21:07:49+00:00\",\"dateModified\":\"2026-03-25T08:22:39+00:00\",\"description\":\"Der Seca 206 Erwachsenenmessstab ist ein praktisches Hilfsmittel, das sich ideal f\u00fcr die t\u00e4gliche, genaue Messung der K\u00f6rpergr\u00f6\u00dfe von Erwachsenen und Kindern eignet.\",\"breadcrumb\":{\"@id\":\"https:\\\/\\\/swixed.ch\\\/de\\\/produkt\\\/sed95001\\\/#breadcrumb\"},\"inLanguage\":\"de\",\"potentialAction\":[{\"@type\":\"ReadAction\",\"target\":[\"https:\\\/\\\/swixed.ch\\\/de\\\/produkt\\\/sed95001\\\/\"]}]},{\"@type\":\"ImageObject\",\"inLanguage\":\"de\",\"@id\":\"https:\\\/\\\/swixed.ch\\\/de\\\/produkt\\\/sed95001\\\/#primaryimage\",\"url\":\"https:\\\/\\\/swixed.ch\\\/wp-content\\\/uploads\\\/products\\\/seca-206-01.png\",\"contentUrl\":\"https:\\\/\\\/swixed.ch\\\/wp-content\\\/uploads\\\/products\\\/seca-206-01.png\",\"width\":600,\"height\":600,\"caption\":\"Seca 206 Wandmesslatte\"},{\"@type\":\"BreadcrumbList\",\"@id\":\"https:\\\/\\\/swixed.ch\\\/de\\\/produkt\\\/sed95001\\\/#breadcrumb\",\"itemListElement\":[{\"@type\":\"ListItem\",\"position\":1,\"name\":\"Startseite\",\"item\":\"https:\\\/\\\/swixed.ch\\\/de\\\/home\\\/\"},{\"@type\":\"ListItem\",\"position\":2,\"name\":\"Shop\",\"item\":\"https:\\\/\\\/swixed.ch\\\/de\\\/shop\\\/\"},{\"@type\":\"ListItem\",\"position\":3,\"name\":\"Seca 206 &#8211; Wand-Gr\u00f6\u00dfenmessstab f\u00fcr Erwachsene und Kinder\"}]},{\"@type\":\"WebSite\",\"@id\":\"https:\\\/\\\/swixed.ch\\\/de\\\/#website\",\"url\":\"https:\\\/\\\/swixed.ch\\\/de\\\/\",\"name\":\"Swixed SA\",\"description\":\"Elektronische Ger\u00e4te\",\"publisher\":{\"@id\":\"https:\\\/\\\/swixed.ch\\\/de\\\/#organization\"},\"potentialAction\":[{\"@type\":\"SearchAction\",\"target\":{\"@type\":\"EntryPoint\",\"urlTemplate\":\"https:\\\/\\\/swixed.ch\\\/de\\\/?s={search_term_string}\"},\"query-input\":{\"@type\":\"PropertyValueSpecification\",\"valueRequired\":true,\"valueName\":\"search_term_string\"}}],\"inLanguage\":\"de\"},{\"@type\":\"Organization\",\"@id\":\"https:\\\/\\\/swixed.ch\\\/de\\\/#organization\",\"name\":\"Swixed SA\",\"url\":\"https:\\\/\\\/swixed.ch\\\/de\\\/\",\"logo\":{\"@type\":\"ImageObject\",\"inLanguage\":\"de\",\"@id\":\"https:\\\/\\\/swixed.ch\\\/de\\\/#\\\/schema\\\/logo\\\/image\\\/\",\"url\":\"https:\\\/\\\/swixed.ch\\\/wp-content\\\/uploads\\\/logos\\\/swixed-logo-lite.png\",\"contentUrl\":\"https:\\\/\\\/swixed.ch\\\/wp-content\\\/uploads\\\/logos\\\/swixed-logo-lite.png\",\"width\":696,\"height\":696,\"caption\":\"Swixed SA\"},\"image\":{\"@id\":\"https:\\\/\\\/swixed.ch\\\/de\\\/#\\\/schema\\\/logo\\\/image\\\/\"},\"sameAs\":[\"https:\\\/\\\/www.facebook.com\\\/swixed\",\"https:\\\/\\\/www.linkedin.com\\\/company\\\/swixed\",\"https:\\\/\\\/www.youtube.com\\\/@swixedsa\"],\"description\":\"Swixed SA est une entreprise suisse bas\u00e9e \u00e0 Gen\u00e8ve, sp\u00e9cialis\u00e9e dans la vente, la location et la maintenance d\u2019appareils m\u00e9dicaux professionnels, tels que d\u00e9fibrillateurs AED, \u00e9lectrocardiographes, moniteurs patient et dispositifs de diagnostic.\",\"email\":\"infoshop@swixed.ch\",\"telephone\":\"+41 22 566 11 95\",\"legalName\":\"Swixed SA\",\"foundingDate\":\"2021-03-01\",\"numberOfEmployees\":{\"@type\":\"QuantitativeValue\",\"minValue\":\"1\",\"maxValue\":\"10\"}}]}<\/script>\n<!-- \/ Yoast SEO Premium plugin. -->","yoast_head_json":{"title":"Seca 206 - Wand-Gr\u00f6\u00dfenmessstab f\u00fcr Erwachsene und Kinder | Swixed SA","description":"Der Seca 206 Erwachsenenmessstab ist ein praktisches Hilfsmittel, das sich ideal f\u00fcr die t\u00e4gliche, genaue Messung der K\u00f6rpergr\u00f6\u00dfe von Erwachsenen und Kindern eignet.","robots":{"index":"index","follow":"follow","max-snippet":"max-snippet:-1","max-image-preview":"max-image-preview:large","max-video-preview":"max-video-preview:-1"},"canonical":"https:\/\/swixed.ch\/de\/produkt\/sed95001\/","og_locale":"de_DE","og_type":"article","og_title":"Seca 206 - Wand-Gr\u00f6\u00dfenmessstab f\u00fcr Erwachsene und Kinder","og_description":"Der Seca 206 Erwachsenenmessstab ist ein praktisches Hilfsmittel, das sich ideal f\u00fcr die t\u00e4gliche, genaue Messung der K\u00f6rpergr\u00f6\u00dfe von Erwachsenen und Kindern eignet.","og_url":"https:\/\/swixed.ch\/de\/produkt\/sed95001\/","og_site_name":"Swixed SA","article_publisher":"https:\/\/www.facebook.com\/swixed","article_modified_time":"2026-03-25T08:22:39+00:00","og_image":[{"width":600,"height":600,"url":"https:\/\/swixed.ch\/wp-content\/uploads\/products\/seca-206-01.png","type":"image\/png"}],"twitter_card":"summary_large_image","twitter_misc":{"Gesch\u00e4tzte Lesezeit":"1\u00a0Minute"},"schema":{"@context":"https:\/\/schema.org","@graph":[{"@type":"WebPage","@id":"https:\/\/swixed.ch\/de\/produkt\/sed95001\/","url":"https:\/\/swixed.ch\/de\/produkt\/sed95001\/","name":"Seca 206 - Wand-Gr\u00f6\u00dfenmessstab f\u00fcr Erwachsene und Kinder | Swixed SA","isPartOf":{"@id":"https:\/\/swixed.ch\/de\/#website"},"primaryImageOfPage":{"@id":"https:\/\/swixed.ch\/de\/produkt\/sed95001\/#primaryimage"},"image":{"@id":"https:\/\/swixed.ch\/de\/produkt\/sed95001\/#primaryimage"},"thumbnailUrl":"https:\/\/swixed.ch\/wp-content\/uploads\/products\/seca-206-01.png","datePublished":"2023-09-14T21:07:49+00:00","dateModified":"2026-03-25T08:22:39+00:00","description":"Der Seca 206 Erwachsenenmessstab ist ein praktisches Hilfsmittel, das sich ideal f\u00fcr die t\u00e4gliche, genaue Messung der K\u00f6rpergr\u00f6\u00dfe von Erwachsenen und Kindern eignet.","breadcrumb":{"@id":"https:\/\/swixed.ch\/de\/produkt\/sed95001\/#breadcrumb"},"inLanguage":"de","potentialAction":[{"@type":"ReadAction","target":["https:\/\/swixed.ch\/de\/produkt\/sed95001\/"]}]},{"@type":"ImageObject","inLanguage":"de","@id":"https:\/\/swixed.ch\/de\/produkt\/sed95001\/#primaryimage","url":"https:\/\/swixed.ch\/wp-content\/uploads\/products\/seca-206-01.png","contentUrl":"https:\/\/swixed.ch\/wp-content\/uploads\/products\/seca-206-01.png","width":600,"height":600,"caption":"Seca 206 Wandmesslatte"},{"@type":"BreadcrumbList","@id":"https:\/\/swixed.ch\/de\/produkt\/sed95001\/#breadcrumb","itemListElement":[{"@type":"ListItem","position":1,"name":"Startseite","item":"https:\/\/swixed.ch\/de\/home\/"},{"@type":"ListItem","position":2,"name":"Shop","item":"https:\/\/swixed.ch\/de\/shop\/"},{"@type":"ListItem","position":3,"name":"Seca 206 &#8211; Wand-Gr\u00f6\u00dfenmessstab f\u00fcr Erwachsene und Kinder"}]},{"@type":"WebSite","@id":"https:\/\/swixed.ch\/de\/#website","url":"https:\/\/swixed.ch\/de\/","name":"Swixed SA","description":"Elektronische Ger\u00e4te","publisher":{"@id":"https:\/\/swixed.ch\/de\/#organization"},"potentialAction":[{"@type":"SearchAction","target":{"@type":"EntryPoint","urlTemplate":"https:\/\/swixed.ch\/de\/?s={search_term_string}"},"query-input":{"@type":"PropertyValueSpecification","valueRequired":true,"valueName":"search_term_string"}}],"inLanguage":"de"},{"@type":"Organization","@id":"https:\/\/swixed.ch\/de\/#organization","name":"Swixed SA","url":"https:\/\/swixed.ch\/de\/","logo":{"@type":"ImageObject","inLanguage":"de","@id":"https:\/\/swixed.ch\/de\/#\/schema\/logo\/image\/","url":"https:\/\/swixed.ch\/wp-content\/uploads\/logos\/swixed-logo-lite.png","contentUrl":"https:\/\/swixed.ch\/wp-content\/uploads\/logos\/swixed-logo-lite.png","width":696,"height":696,"caption":"Swixed SA"},"image":{"@id":"https:\/\/swixed.ch\/de\/#\/schema\/logo\/image\/"},"sameAs":["https:\/\/www.facebook.com\/swixed","https:\/\/www.linkedin.com\/company\/swixed","https:\/\/www.youtube.com\/@swixedsa"],"description":"Swixed SA est une entreprise suisse bas\u00e9e \u00e0 Gen\u00e8ve, sp\u00e9cialis\u00e9e dans la vente, la location et la maintenance d\u2019appareils m\u00e9dicaux professionnels, tels que d\u00e9fibrillateurs AED, \u00e9lectrocardiographes, moniteurs patient et dispositifs de diagnostic.","email":"infoshop@swixed.ch","telephone":"+41 22 566 11 95","legalName":"Swixed SA","foundingDate":"2021-03-01","numberOfEmployees":{"@type":"QuantitativeValue","minValue":"1","maxValue":"10"}}]}},"_links":{"self":[{"href":"https:\/\/swixed.ch\/de\/wp-json\/wp\/v2\/product\/36358","targetHints":{"allow":["GET"]}}],"collection":[{"href":"https:\/\/swixed.ch\/de\/wp-json\/wp\/v2\/product"}],"about":[{"href":"https:\/\/swixed.ch\/de\/wp-json\/wp\/v2\/types\/product"}],"version-history":[{"count":0,"href":"https:\/\/swixed.ch\/de\/wp-json\/wp\/v2\/product\/36358\/revisions"}],"wp:featuredmedia":[{"embeddable":true,"href":"https:\/\/swixed.ch\/de\/wp-json\/wp\/v2\/media\/32175"}],"wp:attachment":[{"href":"https:\/\/swixed.ch\/de\/wp-json\/wp\/v2\/media?parent=36358"}],"wp:term":[{"taxonomy":"product_brand","embeddable":true,"href":"https:\/\/swixed.ch\/de\/wp-json\/wp\/v2\/product_brand?post=36358"},{"taxonomy":"product_cat","embeddable":true,"href":"https:\/\/swixed.ch\/de\/wp-json\/wp\/v2\/product_cat?post=36358"},{"taxonomy":"product_tag","embeddable":true,"href":"https:\/\/swixed.ch\/de\/wp-json\/wp\/v2\/product_tag?post=36358"}],"curies":[{"name":"wp","href":"https:\/\/api.w.org\/{rel}","templated":true}]}}