{"id":36359,"date":"2023-10-03T15:10:54","date_gmt":"2023-10-03T13:10:54","guid":{"rendered":"https:\/\/swixed.com\/produit\/medizinische-stimmgabel-rydel-seiffer\/"},"modified":"2026-03-26T11:26:41","modified_gmt":"2026-03-26T10:26:41","slug":"sed95008","status":"publish","type":"product","link":"https:\/\/swixed.ch\/de\/produkt\/sed95008\/","title":{"rendered":"Rydel-Seiffer &#8211; Medizinische Stimmgabel mit herausnehmbaren Schiebern"},"content":{"rendered":"\t\t<div data-elementor-type=\"product-post\" data-elementor-id=\"36359\" class=\"elementor elementor-36359 elementor-26657\" data-elementor-post-type=\"product\">\n\t\t\t\t\t\t<section class=\"elementor-section elementor-top-section elementor-element elementor-element-834d306 elementor-section-boxed elementor-section-height-default elementor-section-height-default\" data-id=\"834d306\" data-element_type=\"section\" data-e-type=\"section\">\n\t\t\t\t\t\t<div class=\"elementor-container elementor-column-gap-default\">\n\t\t\t\t\t<div class=\"elementor-column elementor-col-100 elementor-top-column elementor-element elementor-element-085465e\" data-id=\"085465e\" data-element_type=\"column\" data-e-type=\"column\">\n\t\t\t<div class=\"elementor-widget-wrap elementor-element-populated\">\n\t\t\t\t\t\t<div class=\"elementor-element elementor-element-0684e71 elementor-widget elementor-widget-heading\" data-id=\"0684e71\" data-element_type=\"widget\" data-e-type=\"widget\" data-widget_type=\"heading.default\">\n\t\t\t\t\t<h2 class=\"elementor-heading-title elementor-size-default\">Beschreibung der medizinischen Stimmgabel<\/h2>\t\t\t\t<\/div>\n\t\t\t\t\t<\/div>\n\t\t<\/div>\n\t\t\t\t\t<\/div>\n\t\t<\/section>\n\t\t\t\t<section class=\"elementor-section elementor-top-section elementor-element elementor-element-bbbff69 elementor-section-boxed elementor-section-height-default elementor-section-height-default\" data-id=\"bbbff69\" data-element_type=\"section\" data-e-type=\"section\">\n\t\t\t\t\t\t<div class=\"elementor-container elementor-column-gap-default\">\n\t\t\t\t\t<div class=\"elementor-column elementor-col-100 elementor-top-column elementor-element elementor-element-df88c60\" data-id=\"df88c60\" data-element_type=\"column\" data-e-type=\"column\">\n\t\t\t<div class=\"elementor-widget-wrap elementor-element-populated\">\n\t\t\t\t\t\t<div class=\"elementor-element elementor-element-181dedd elementor-widget elementor-widget-text-editor\" data-id=\"181dedd\" data-element_type=\"widget\" data-e-type=\"widget\" data-widget_type=\"text-editor.default\">\n\t\t\t\t\t\t\t\t\t<p>Die <strong>medizinische Stimmgabel von Rydel-Seiffer<\/strong> ist ein wichtiges Hilfsmittel f\u00fcr HNO-\u00c4rzte und Neurologen. Sie ist mit<strong> abnehmbaren Schiebern und einem abnehmbaren Fu\u00df<\/strong> ausgestattet. <\/p><p>Sie wird haupts\u00e4chlich in den Bereichen <strong>Neurologie und Otolaryngologie<\/strong> verwendet. Die neurologische Stimmgabel von Rydel-Seiffer, <strong>eingestellt auf C 64 Hz \/ C 128 Hz<\/strong>, wird speziell zur Beurteilung von St\u00f6rungen der Vibrationsempfindlichkeit, auch bekannt als Pall\u00e4sthesie, verwendet. <\/p><p>Dar\u00fcber hinaus kann er <strong>zur Identifizierung von Polyneuropathien verwendet<\/strong> werden. St\u00f6rungen des Nervensystems, die durch eine verminderte Vibrationsempfindlichkeit gekennzeichnet sind.<\/p>\t\t\t\t\t\t\t\t<\/div>\n\t\t\t\t\t<\/div>\n\t\t<\/div>\n\t\t\t\t\t<\/div>\n\t\t<\/section>\n\t\t\t\t<\/div>\n\t\t","protected":false},"excerpt":{"rendered":"<p>Die Rydel-Seiffer-Stimmgabel ist ein vibrierendes Messinstrument mit einstellbaren Schiebern und einem abnehmbaren Fu\u00df. Sie ist auf die Frequenzen 64 Hz und 128 Hz eingestellt, die \u00fcblicherweise f\u00fcr technische Bewertungen verwendet werden, die eine Vibrationswahrnehmung erfordern. Das robuste Design eignet sich f\u00fcr den Einsatz im Labor oder im Unterricht. CE-zertifiziertes Produkt.   <\/p>\n","protected":false},"featured_media":62571,"template":"","meta":{"_acf_changed":false},"product_brand":[2116],"product_cat":[2203,1862],"product_tag":[1017,1865,1900,1375,1899,1898],"class_list":{"0":"post-36359","1":"product","2":"type-product","3":"status-publish","4":"has-post-thumbnail","6":"product_brand-arno-barthelmes-de","7":"product_cat-stimmgabeln","8":"product_cat-medizinisches-zubehoer","9":"product_tag-allgemeinmedizin","10":"product_tag-masnahme","11":"product_tag-neurologie-de","12":"product_tag-orl-de","13":"product_tag-rydel-seiffer-de","14":"product_tag-stimmgabel","16":"first","17":"instock","18":"taxable","19":"shipping-taxable","20":"purchasable","21":"product-type-simple"},"acf":[],"yoast_head":"<!-- This site is optimized with the Yoast SEO Premium plugin v27.4 (Yoast SEO v27.4) - https:\/\/yoast.com\/product\/yoast-seo-premium-wordpress\/ -->\n<title>Rydel-Seiffer - Medizinische Stimmgabel mit herausnehmbaren Schiebern | Swixed SA<\/title>\n<meta name=\"description\" content=\"Rydel-Seiffer medizinische Stimmgabel f\u00fcr HNO-\u00c4rzte und Neurologen. Die Schieber und der Fu\u00df der Stimmgabel sind abnehmbar.\" \/>\n<meta name=\"robots\" content=\"index, follow, max-snippet:-1, max-image-preview:large, max-video-preview:-1\" \/>\n<link rel=\"canonical\" href=\"https:\/\/swixed.ch\/de\/produkt\/sed95008\/\" \/>\n<meta property=\"og:locale\" content=\"de_DE\" \/>\n<meta property=\"og:type\" content=\"article\" \/>\n<meta property=\"og:title\" content=\"Rydel-Seiffer - Medizinische Stimmgabel mit herausnehmbaren Schiebern\" \/>\n<meta property=\"og:description\" content=\"Rydel-Seiffer medizinische Stimmgabel f\u00fcr HNO-\u00c4rzte und Neurologen. Die Schieber und der Fu\u00df der Stimmgabel sind abnehmbar.\" \/>\n<meta property=\"og:url\" content=\"https:\/\/swixed.ch\/de\/produkt\/sed95008\/\" \/>\n<meta property=\"og:site_name\" content=\"Swixed SA\" \/>\n<meta property=\"article:publisher\" content=\"https:\/\/www.facebook.com\/swixed\" \/>\n<meta property=\"article:modified_time\" content=\"2026-03-26T10:26:41+00:00\" \/>\n<meta property=\"og:image\" content=\"https:\/\/swixed.ch\/wp-content\/uploads\/products\/arno-barthelmes-diapason-rydel-seiffer-01.png\" \/>\n\t<meta property=\"og:image:width\" content=\"600\" \/>\n\t<meta property=\"og:image:height\" content=\"600\" \/>\n\t<meta property=\"og:image:type\" content=\"image\/png\" \/>\n<meta name=\"twitter:card\" content=\"summary_large_image\" \/>\n<script type=\"application\/ld+json\" class=\"yoast-schema-graph\">{\"@context\":\"https:\\\/\\\/schema.org\",\"@graph\":[{\"@type\":\"WebPage\",\"@id\":\"https:\\\/\\\/swixed.ch\\\/de\\\/produkt\\\/sed95008\\\/\",\"url\":\"https:\\\/\\\/swixed.ch\\\/de\\\/produkt\\\/sed95008\\\/\",\"name\":\"Rydel-Seiffer - Medizinische Stimmgabel mit herausnehmbaren Schiebern | Swixed SA\",\"isPartOf\":{\"@id\":\"https:\\\/\\\/swixed.ch\\\/de\\\/#website\"},\"primaryImageOfPage\":{\"@id\":\"https:\\\/\\\/swixed.ch\\\/de\\\/produkt\\\/sed95008\\\/#primaryimage\"},\"image\":{\"@id\":\"https:\\\/\\\/swixed.ch\\\/de\\\/produkt\\\/sed95008\\\/#primaryimage\"},\"thumbnailUrl\":\"https:\\\/\\\/swixed.ch\\\/wp-content\\\/uploads\\\/products\\\/arno-barthelmes-diapason-rydel-seiffer-01.png\",\"datePublished\":\"2023-10-03T13:10:54+00:00\",\"dateModified\":\"2026-03-26T10:26:41+00:00\",\"description\":\"Rydel-Seiffer medizinische Stimmgabel f\u00fcr HNO-\u00c4rzte und Neurologen. Die Schieber und der Fu\u00df der Stimmgabel sind abnehmbar.\",\"breadcrumb\":{\"@id\":\"https:\\\/\\\/swixed.ch\\\/de\\\/produkt\\\/sed95008\\\/#breadcrumb\"},\"inLanguage\":\"de\",\"potentialAction\":[{\"@type\":\"ReadAction\",\"target\":[\"https:\\\/\\\/swixed.ch\\\/de\\\/produkt\\\/sed95008\\\/\"]}]},{\"@type\":\"ImageObject\",\"inLanguage\":\"de\",\"@id\":\"https:\\\/\\\/swixed.ch\\\/de\\\/produkt\\\/sed95008\\\/#primaryimage\",\"url\":\"https:\\\/\\\/swixed.ch\\\/wp-content\\\/uploads\\\/products\\\/arno-barthelmes-diapason-rydel-seiffer-01.png\",\"contentUrl\":\"https:\\\/\\\/swixed.ch\\\/wp-content\\\/uploads\\\/products\\\/arno-barthelmes-diapason-rydel-seiffer-01.png\",\"width\":600,\"height\":600,\"caption\":\"arno barthelmes diapason rydel seiffer 01\"},{\"@type\":\"BreadcrumbList\",\"@id\":\"https:\\\/\\\/swixed.ch\\\/de\\\/produkt\\\/sed95008\\\/#breadcrumb\",\"itemListElement\":[{\"@type\":\"ListItem\",\"position\":1,\"name\":\"Startseite\",\"item\":\"https:\\\/\\\/swixed.ch\\\/de\\\/home\\\/\"},{\"@type\":\"ListItem\",\"position\":2,\"name\":\"Shop\",\"item\":\"https:\\\/\\\/swixed.ch\\\/de\\\/shop\\\/\"},{\"@type\":\"ListItem\",\"position\":3,\"name\":\"Rydel-Seiffer &#8211; Medizinische Stimmgabel mit herausnehmbaren Schiebern\"}]},{\"@type\":\"WebSite\",\"@id\":\"https:\\\/\\\/swixed.ch\\\/de\\\/#website\",\"url\":\"https:\\\/\\\/swixed.ch\\\/de\\\/\",\"name\":\"Swixed SA\",\"description\":\"Elektronische Ger\u00e4te\",\"publisher\":{\"@id\":\"https:\\\/\\\/swixed.ch\\\/de\\\/#organization\"},\"potentialAction\":[{\"@type\":\"SearchAction\",\"target\":{\"@type\":\"EntryPoint\",\"urlTemplate\":\"https:\\\/\\\/swixed.ch\\\/de\\\/?s={search_term_string}\"},\"query-input\":{\"@type\":\"PropertyValueSpecification\",\"valueRequired\":true,\"valueName\":\"search_term_string\"}}],\"inLanguage\":\"de\"},{\"@type\":\"Organization\",\"@id\":\"https:\\\/\\\/swixed.ch\\\/de\\\/#organization\",\"name\":\"Swixed SA\",\"url\":\"https:\\\/\\\/swixed.ch\\\/de\\\/\",\"logo\":{\"@type\":\"ImageObject\",\"inLanguage\":\"de\",\"@id\":\"https:\\\/\\\/swixed.ch\\\/de\\\/#\\\/schema\\\/logo\\\/image\\\/\",\"url\":\"https:\\\/\\\/swixed.ch\\\/wp-content\\\/uploads\\\/logos\\\/swixed-logo-lite.png\",\"contentUrl\":\"https:\\\/\\\/swixed.ch\\\/wp-content\\\/uploads\\\/logos\\\/swixed-logo-lite.png\",\"width\":696,\"height\":696,\"caption\":\"Swixed SA\"},\"image\":{\"@id\":\"https:\\\/\\\/swixed.ch\\\/de\\\/#\\\/schema\\\/logo\\\/image\\\/\"},\"sameAs\":[\"https:\\\/\\\/www.facebook.com\\\/swixed\",\"https:\\\/\\\/www.linkedin.com\\\/company\\\/swixed\",\"https:\\\/\\\/www.youtube.com\\\/@swixedsa\"],\"description\":\"Swixed SA est une entreprise suisse bas\u00e9e \u00e0 Gen\u00e8ve, sp\u00e9cialis\u00e9e dans la vente, la location et la maintenance d\u2019appareils m\u00e9dicaux professionnels, tels que d\u00e9fibrillateurs AED, \u00e9lectrocardiographes, moniteurs patient et dispositifs de diagnostic.\",\"email\":\"infoshop@swixed.ch\",\"telephone\":\"+41 22 566 11 95\",\"legalName\":\"Swixed SA\",\"foundingDate\":\"2021-03-01\",\"numberOfEmployees\":{\"@type\":\"QuantitativeValue\",\"minValue\":\"1\",\"maxValue\":\"10\"}}]}<\/script>\n<!-- \/ Yoast SEO Premium plugin. -->","yoast_head_json":{"title":"Rydel-Seiffer - Medizinische Stimmgabel mit herausnehmbaren Schiebern | Swixed SA","description":"Rydel-Seiffer medizinische Stimmgabel f\u00fcr HNO-\u00c4rzte und Neurologen. Die Schieber und der Fu\u00df der Stimmgabel sind abnehmbar.","robots":{"index":"index","follow":"follow","max-snippet":"max-snippet:-1","max-image-preview":"max-image-preview:large","max-video-preview":"max-video-preview:-1"},"canonical":"https:\/\/swixed.ch\/de\/produkt\/sed95008\/","og_locale":"de_DE","og_type":"article","og_title":"Rydel-Seiffer - Medizinische Stimmgabel mit herausnehmbaren Schiebern","og_description":"Rydel-Seiffer medizinische Stimmgabel f\u00fcr HNO-\u00c4rzte und Neurologen. Die Schieber und der Fu\u00df der Stimmgabel sind abnehmbar.","og_url":"https:\/\/swixed.ch\/de\/produkt\/sed95008\/","og_site_name":"Swixed SA","article_publisher":"https:\/\/www.facebook.com\/swixed","article_modified_time":"2026-03-26T10:26:41+00:00","og_image":[{"width":600,"height":600,"url":"https:\/\/swixed.ch\/wp-content\/uploads\/products\/arno-barthelmes-diapason-rydel-seiffer-01.png","type":"image\/png"}],"twitter_card":"summary_large_image","schema":{"@context":"https:\/\/schema.org","@graph":[{"@type":"WebPage","@id":"https:\/\/swixed.ch\/de\/produkt\/sed95008\/","url":"https:\/\/swixed.ch\/de\/produkt\/sed95008\/","name":"Rydel-Seiffer - Medizinische Stimmgabel mit herausnehmbaren Schiebern | Swixed SA","isPartOf":{"@id":"https:\/\/swixed.ch\/de\/#website"},"primaryImageOfPage":{"@id":"https:\/\/swixed.ch\/de\/produkt\/sed95008\/#primaryimage"},"image":{"@id":"https:\/\/swixed.ch\/de\/produkt\/sed95008\/#primaryimage"},"thumbnailUrl":"https:\/\/swixed.ch\/wp-content\/uploads\/products\/arno-barthelmes-diapason-rydel-seiffer-01.png","datePublished":"2023-10-03T13:10:54+00:00","dateModified":"2026-03-26T10:26:41+00:00","description":"Rydel-Seiffer medizinische Stimmgabel f\u00fcr HNO-\u00c4rzte und Neurologen. Die Schieber und der Fu\u00df der Stimmgabel sind abnehmbar.","breadcrumb":{"@id":"https:\/\/swixed.ch\/de\/produkt\/sed95008\/#breadcrumb"},"inLanguage":"de","potentialAction":[{"@type":"ReadAction","target":["https:\/\/swixed.ch\/de\/produkt\/sed95008\/"]}]},{"@type":"ImageObject","inLanguage":"de","@id":"https:\/\/swixed.ch\/de\/produkt\/sed95008\/#primaryimage","url":"https:\/\/swixed.ch\/wp-content\/uploads\/products\/arno-barthelmes-diapason-rydel-seiffer-01.png","contentUrl":"https:\/\/swixed.ch\/wp-content\/uploads\/products\/arno-barthelmes-diapason-rydel-seiffer-01.png","width":600,"height":600,"caption":"arno barthelmes diapason rydel seiffer 01"},{"@type":"BreadcrumbList","@id":"https:\/\/swixed.ch\/de\/produkt\/sed95008\/#breadcrumb","itemListElement":[{"@type":"ListItem","position":1,"name":"Startseite","item":"https:\/\/swixed.ch\/de\/home\/"},{"@type":"ListItem","position":2,"name":"Shop","item":"https:\/\/swixed.ch\/de\/shop\/"},{"@type":"ListItem","position":3,"name":"Rydel-Seiffer &#8211; Medizinische Stimmgabel mit herausnehmbaren Schiebern"}]},{"@type":"WebSite","@id":"https:\/\/swixed.ch\/de\/#website","url":"https:\/\/swixed.ch\/de\/","name":"Swixed SA","description":"Elektronische Ger\u00e4te","publisher":{"@id":"https:\/\/swixed.ch\/de\/#organization"},"potentialAction":[{"@type":"SearchAction","target":{"@type":"EntryPoint","urlTemplate":"https:\/\/swixed.ch\/de\/?s={search_term_string}"},"query-input":{"@type":"PropertyValueSpecification","valueRequired":true,"valueName":"search_term_string"}}],"inLanguage":"de"},{"@type":"Organization","@id":"https:\/\/swixed.ch\/de\/#organization","name":"Swixed SA","url":"https:\/\/swixed.ch\/de\/","logo":{"@type":"ImageObject","inLanguage":"de","@id":"https:\/\/swixed.ch\/de\/#\/schema\/logo\/image\/","url":"https:\/\/swixed.ch\/wp-content\/uploads\/logos\/swixed-logo-lite.png","contentUrl":"https:\/\/swixed.ch\/wp-content\/uploads\/logos\/swixed-logo-lite.png","width":696,"height":696,"caption":"Swixed SA"},"image":{"@id":"https:\/\/swixed.ch\/de\/#\/schema\/logo\/image\/"},"sameAs":["https:\/\/www.facebook.com\/swixed","https:\/\/www.linkedin.com\/company\/swixed","https:\/\/www.youtube.com\/@swixedsa"],"description":"Swixed SA est une entreprise suisse bas\u00e9e \u00e0 Gen\u00e8ve, sp\u00e9cialis\u00e9e dans la vente, la location et la maintenance d\u2019appareils m\u00e9dicaux professionnels, tels que d\u00e9fibrillateurs AED, \u00e9lectrocardiographes, moniteurs patient et dispositifs de diagnostic.","email":"infoshop@swixed.ch","telephone":"+41 22 566 11 95","legalName":"Swixed SA","foundingDate":"2021-03-01","numberOfEmployees":{"@type":"QuantitativeValue","minValue":"1","maxValue":"10"}}]}},"_links":{"self":[{"href":"https:\/\/swixed.ch\/de\/wp-json\/wp\/v2\/product\/36359","targetHints":{"allow":["GET"]}}],"collection":[{"href":"https:\/\/swixed.ch\/de\/wp-json\/wp\/v2\/product"}],"about":[{"href":"https:\/\/swixed.ch\/de\/wp-json\/wp\/v2\/types\/product"}],"version-history":[{"count":0,"href":"https:\/\/swixed.ch\/de\/wp-json\/wp\/v2\/product\/36359\/revisions"}],"wp:featuredmedia":[{"embeddable":true,"href":"https:\/\/swixed.ch\/de\/wp-json\/wp\/v2\/media\/62571"}],"wp:attachment":[{"href":"https:\/\/swixed.ch\/de\/wp-json\/wp\/v2\/media?parent=36359"}],"wp:term":[{"taxonomy":"product_brand","embeddable":true,"href":"https:\/\/swixed.ch\/de\/wp-json\/wp\/v2\/product_brand?post=36359"},{"taxonomy":"product_cat","embeddable":true,"href":"https:\/\/swixed.ch\/de\/wp-json\/wp\/v2\/product_cat?post=36359"},{"taxonomy":"product_tag","embeddable":true,"href":"https:\/\/swixed.ch\/de\/wp-json\/wp\/v2\/product_tag?post=36359"}],"curies":[{"name":"wp","href":"https:\/\/api.w.org\/{rel}","templated":true}]}}