{"id":36392,"date":"2023-10-03T13:11:42","date_gmt":"2023-10-03T11:11:42","guid":{"rendered":"https:\/\/swixed.com\/produit\/braun-thermoscan-7-irt6520-thermometer\/"},"modified":"2025-12-28T21:04:27","modified_gmt":"2025-12-28T20:04:27","slug":"sed75301","status":"publish","type":"product","link":"https:\/\/swixed.ch\/de\/produkt\/sed75301\/","title":{"rendered":"Braun Thermoscan 7 IRT6520 &#8211; Infrarot-Ohrthermometer"},"content":{"rendered":"\t\t<div data-elementor-type=\"product-post\" data-elementor-id=\"36392\" class=\"elementor elementor-36392 elementor-26629\" data-elementor-post-type=\"product\">\n\t\t\t\t\t\t<section class=\"elementor-section elementor-top-section elementor-element elementor-element-834d306 elementor-section-boxed elementor-section-height-default elementor-section-height-default\" data-id=\"834d306\" data-element_type=\"section\" data-e-type=\"section\">\n\t\t\t\t\t\t<div class=\"elementor-container elementor-column-gap-default\">\n\t\t\t\t\t<div class=\"elementor-column elementor-col-100 elementor-top-column elementor-element elementor-element-085465e\" data-id=\"085465e\" data-element_type=\"column\" data-e-type=\"column\">\n\t\t\t<div class=\"elementor-widget-wrap elementor-element-populated\">\n\t\t\t\t\t\t<div class=\"elementor-element elementor-element-0684e71 elementor-widget elementor-widget-heading\" data-id=\"0684e71\" data-element_type=\"widget\" data-e-type=\"widget\" data-widget_type=\"heading.default\">\n\t\t\t\t\t<h2 class=\"elementor-heading-title elementor-size-default\">Beschreibung<\/h2>\t\t\t\t<\/div>\n\t\t\t\t\t<\/div>\n\t\t<\/div>\n\t\t\t\t\t<\/div>\n\t\t<\/section>\n\t\t\t\t<section class=\"elementor-section elementor-top-section elementor-element elementor-element-bbbff69 elementor-section-boxed elementor-section-height-default elementor-section-height-default\" data-id=\"bbbff69\" data-element_type=\"section\" data-e-type=\"section\">\n\t\t\t\t\t\t<div class=\"elementor-container elementor-column-gap-default\">\n\t\t\t\t\t<div class=\"elementor-column elementor-col-100 elementor-top-column elementor-element elementor-element-df88c60\" data-id=\"df88c60\" data-element_type=\"column\" data-e-type=\"column\">\n\t\t\t<div class=\"elementor-widget-wrap elementor-element-populated\">\n\t\t\t\t\t\t<div class=\"elementor-element elementor-element-181dedd elementor-widget elementor-widget-text-editor\" data-id=\"181dedd\" data-element_type=\"widget\" data-e-type=\"widget\" data-widget_type=\"text-editor.default\">\n\t\t\t\t\t\t\t\t\t<p>Das Braun ThermoScan 7 ist ein Thermometer mit einer innovativen Technologie. Es erm\u00f6glicht<strong>die Anpassung der Fieberindikation an das Alter<\/strong>.<\/p><p>Da das Fieber mit dem Alter des Kindes schwankt, erm\u00f6glicht die <strong>patentierte Age Precision-Technologie<\/strong> eine <strong>genauere Temperaturmessung<\/strong>. Stellen Sie einfach das Alter Ihres Kindes ein, bevor Sie die Temperatur messen.<\/p><p>Das Braun IRT 6520 Infrarot-Thermometer<strong>nimmt die Infrarotw\u00e4rme auf, die vom Trommelfell<\/strong> und dem umgebenden Gewebe<strong>abgestrahlt<\/strong> wird. Das alles in <strong>nur einer Sekunde<\/strong>. Die Spitze der Sonde wird auf eine Temperatur vorgew\u00e4rmt, die der K\u00f6rpertemperatur des Menschen nahe kommt. Um eine genaue Messung zu gew\u00e4hrleisten.<\/p><p><strong>Der Bildschirm leuchtet<\/strong> je nach Temperatur <strong>in verschiedenen Farben<\/strong> (Gr\u00fcn: normale Temperatur; Gelb: hohe Temperatur; Rot: sehr hohe Temperatur).<\/p><p>Dar\u00fcber hinaus sind die <strong>Temperaturbereiche an das Alter des Patienten angepasst<\/strong>:<\/p><ul><li>Von 0 bis 3 Monate: Normale Temperatur zwischen 35,8 und 37,4\u00b0C; sehr hohe Temperatur \u00fcber 37,4\u00b0C.<\/li><li>Von 3 bis 36 Monaten: Normale Temperatur zwischen 35,4 und 37,6\u00b0C; hohe Temperatur zwischen 37,6 und 38,5\u00b0C; sehr hohe Temperatur \u00fcber 38,5\u00b0C.<\/li><li>\u00dcber 36 Monate: Normale Temperatur zwischen 35,4 und 37,7 \u00b0C; hohe Temperatur zwischen 37,7 und 39,4 \u00b0C; sehr hohe Temperatur \u00fcber 39,4 \u00b0C.<\/li><\/ul><p>Der LCD-Bildschirm des Thermoscan 7 ist mit einer Nachtbeleuchtung ausgestattet, sodass Sie auch bei schlechten Lichtverh\u00e4ltnissen problemlos Messungen durchf\u00fchren k\u00f6nnen.<\/p><p>Dieses Thermometer verf\u00fcgt \u00fcber einen <strong>Speicher, der die letzten 9 Messungen speichern kann. <\/strong>Au\u00dferdem verf\u00fcgt es \u00fcber eine <strong>Nachtlichtfunktion<\/strong>.<\/p>\t\t\t\t\t\t\t\t<\/div>\n\t\t\t\t<div class=\"elementor-element elementor-element-a79eb34 elementor-widget elementor-widget-heading\" data-id=\"a79eb34\" data-element_type=\"widget\" data-e-type=\"widget\" data-widget_type=\"heading.default\">\n\t\t\t\t\t<h2 class=\"elementor-heading-title elementor-size-default\">Inhalt des Thermoscan 7<\/h2>\t\t\t\t<\/div>\n\t\t\t\t<div class=\"elementor-element elementor-element-72edc71 elementor-widget elementor-widget-text-editor\" data-id=\"72edc71\" data-element_type=\"widget\" data-e-type=\"widget\" data-widget_type=\"text-editor.default\">\n\t\t\t\t\t\t\t\t\t<ul><li>Thermoscan 7 Thermometer<\/li><li>1,5 Volt AA-Batterien (x2)<\/li><li>Schutzkappe<\/li><li>Einweg-Ohrst\u00f6psel (x21)<\/li><li>Gebrauchsanweisung<\/li><\/ul>\t\t\t\t\t\t\t\t<\/div>\n\t\t\t\t\t<\/div>\n\t\t<\/div>\n\t\t\t\t\t<\/div>\n\t\t<\/section>\n\t\t\t\t<\/div>\n\t\t","protected":false},"excerpt":{"rendered":"<p>Das Braun Thermoscan 7 ist ein Infrarot-Ohrthermometer mit innovativer Age Precision-Technologie, die die Fieberanzeige altersgerecht anpasst. Einfach das Alter des Kindes einstellen, um eine genauere Messung zu erhalten. Es misst in nur einer Sekunde die vom Trommelfell und umliegendem Gewebe abgegebene Infrarotw\u00e4rme. Die vorgew\u00e4rmte Spitze sorgt f\u00fcr hohe Messgenauigkeit. Geeignet f\u00fcr S\u00e4uglinge, Kinder und Erwachsene.    <\/p>\n","protected":false},"featured_media":31527,"template":"","meta":{"_acf_changed":false},"product_brand":[2124],"product_cat":[974,980],"product_tag":[1910,1105,1909,1908],"class_list":{"0":"post-36392","1":"product","2":"type-product","3":"status-publish","4":"has-post-thumbnail","6":"product_brand-braun-de","7":"product_cat-thermometer-de","8":"product_cat-geraete-thermometer","9":"product_tag-diagnose-de","10":"product_tag-ohrtemperatur","11":"product_tag-temperatur","12":"product_tag-thermometer","14":"first","15":"instock","16":"sale","17":"taxable","18":"shipping-taxable","19":"purchasable","20":"product-type-simple"},"acf":[],"yoast_head":"<!-- This site is optimized with the Yoast SEO Premium plugin v27.4 (Yoast SEO v27.4) - https:\/\/yoast.com\/product\/yoast-seo-premium-wordpress\/ -->\n<title>Braun Thermoscan 7 IRT6520 - Infrarot-Ohrthermometer | Swixed SA<\/title>\n<meta name=\"description\" content=\"Das Braun ThermoScan 7 ist ein Thermometer mit einer innovativen Technologie, die es erm\u00f6glicht, die Fieberanzeige an das Alter anzupassen.\" \/>\n<meta name=\"robots\" content=\"index, follow, max-snippet:-1, max-image-preview:large, max-video-preview:-1\" \/>\n<link rel=\"canonical\" href=\"https:\/\/swixed.ch\/de\/produkt\/sed75301\/\" \/>\n<meta property=\"og:locale\" content=\"de_DE\" \/>\n<meta property=\"og:type\" content=\"article\" \/>\n<meta property=\"og:title\" content=\"Braun Thermoscan 7 IRT6520 - Infrarot-Ohrthermometer\" \/>\n<meta property=\"og:description\" content=\"Das Braun ThermoScan 7 ist ein Thermometer mit einer innovativen Technologie, die es erm\u00f6glicht, die Fieberanzeige an das Alter anzupassen.\" \/>\n<meta property=\"og:url\" content=\"https:\/\/swixed.ch\/de\/produkt\/sed75301\/\" \/>\n<meta property=\"og:site_name\" content=\"Swixed SA\" \/>\n<meta property=\"article:publisher\" content=\"https:\/\/www.facebook.com\/swixed\" \/>\n<meta property=\"article:modified_time\" content=\"2025-12-28T20:04:27+00:00\" \/>\n<meta property=\"og:image\" content=\"https:\/\/swixed.ch\/wp-content\/uploads\/products\/braun-thermoscan-7-irt-6520-01.png\" \/>\n\t<meta property=\"og:image:width\" content=\"600\" \/>\n\t<meta property=\"og:image:height\" content=\"600\" \/>\n\t<meta property=\"og:image:type\" content=\"image\/png\" \/>\n<meta name=\"twitter:card\" content=\"summary_large_image\" \/>\n<meta name=\"twitter:label1\" content=\"Gesch\u00e4tzte Lesezeit\" \/>\n\t<meta name=\"twitter:data1\" content=\"1\u00a0Minute\" \/>\n<script type=\"application\/ld+json\" class=\"yoast-schema-graph\">{\"@context\":\"https:\\\/\\\/schema.org\",\"@graph\":[{\"@type\":\"WebPage\",\"@id\":\"https:\\\/\\\/swixed.ch\\\/de\\\/produkt\\\/sed75301\\\/\",\"url\":\"https:\\\/\\\/swixed.ch\\\/de\\\/produkt\\\/sed75301\\\/\",\"name\":\"Braun Thermoscan 7 IRT6520 - Infrarot-Ohrthermometer | Swixed SA\",\"isPartOf\":{\"@id\":\"https:\\\/\\\/swixed.ch\\\/de\\\/#website\"},\"primaryImageOfPage\":{\"@id\":\"https:\\\/\\\/swixed.ch\\\/de\\\/produkt\\\/sed75301\\\/#primaryimage\"},\"image\":{\"@id\":\"https:\\\/\\\/swixed.ch\\\/de\\\/produkt\\\/sed75301\\\/#primaryimage\"},\"thumbnailUrl\":\"https:\\\/\\\/swixed.ch\\\/wp-content\\\/uploads\\\/products\\\/braun-thermoscan-7-irt-6520-01.png\",\"datePublished\":\"2023-10-03T11:11:42+00:00\",\"dateModified\":\"2025-12-28T20:04:27+00:00\",\"description\":\"Das Braun ThermoScan 7 ist ein Thermometer mit einer innovativen Technologie, die es erm\u00f6glicht, die Fieberanzeige an das Alter anzupassen.\",\"breadcrumb\":{\"@id\":\"https:\\\/\\\/swixed.ch\\\/de\\\/produkt\\\/sed75301\\\/#breadcrumb\"},\"inLanguage\":\"de\",\"potentialAction\":[{\"@type\":\"ReadAction\",\"target\":[\"https:\\\/\\\/swixed.ch\\\/de\\\/produkt\\\/sed75301\\\/\"]}]},{\"@type\":\"ImageObject\",\"inLanguage\":\"de\",\"@id\":\"https:\\\/\\\/swixed.ch\\\/de\\\/produkt\\\/sed75301\\\/#primaryimage\",\"url\":\"https:\\\/\\\/swixed.ch\\\/wp-content\\\/uploads\\\/products\\\/braun-thermoscan-7-irt-6520-01.png\",\"contentUrl\":\"https:\\\/\\\/swixed.ch\\\/wp-content\\\/uploads\\\/products\\\/braun-thermoscan-7-irt-6520-01.png\",\"width\":600,\"height\":600,\"caption\":\"Braun Thermoscan 7 IRT6520 Thermometer\"},{\"@type\":\"BreadcrumbList\",\"@id\":\"https:\\\/\\\/swixed.ch\\\/de\\\/produkt\\\/sed75301\\\/#breadcrumb\",\"itemListElement\":[{\"@type\":\"ListItem\",\"position\":1,\"name\":\"Startseite\",\"item\":\"https:\\\/\\\/swixed.ch\\\/de\\\/home\\\/\"},{\"@type\":\"ListItem\",\"position\":2,\"name\":\"Shop\",\"item\":\"https:\\\/\\\/swixed.ch\\\/de\\\/shop\\\/\"},{\"@type\":\"ListItem\",\"position\":3,\"name\":\"Braun Thermoscan 7 IRT6520 &#8211; Infrarot-Ohrthermometer\"}]},{\"@type\":\"WebSite\",\"@id\":\"https:\\\/\\\/swixed.ch\\\/de\\\/#website\",\"url\":\"https:\\\/\\\/swixed.ch\\\/de\\\/\",\"name\":\"Swixed SA\",\"description\":\"Elektronische Ger\u00e4te\",\"publisher\":{\"@id\":\"https:\\\/\\\/swixed.ch\\\/de\\\/#organization\"},\"potentialAction\":[{\"@type\":\"SearchAction\",\"target\":{\"@type\":\"EntryPoint\",\"urlTemplate\":\"https:\\\/\\\/swixed.ch\\\/de\\\/?s={search_term_string}\"},\"query-input\":{\"@type\":\"PropertyValueSpecification\",\"valueRequired\":true,\"valueName\":\"search_term_string\"}}],\"inLanguage\":\"de\"},{\"@type\":\"Organization\",\"@id\":\"https:\\\/\\\/swixed.ch\\\/de\\\/#organization\",\"name\":\"Swixed SA\",\"url\":\"https:\\\/\\\/swixed.ch\\\/de\\\/\",\"logo\":{\"@type\":\"ImageObject\",\"inLanguage\":\"de\",\"@id\":\"https:\\\/\\\/swixed.ch\\\/de\\\/#\\\/schema\\\/logo\\\/image\\\/\",\"url\":\"https:\\\/\\\/swixed.ch\\\/wp-content\\\/uploads\\\/logos\\\/swixed-logo-lite.png\",\"contentUrl\":\"https:\\\/\\\/swixed.ch\\\/wp-content\\\/uploads\\\/logos\\\/swixed-logo-lite.png\",\"width\":696,\"height\":696,\"caption\":\"Swixed SA\"},\"image\":{\"@id\":\"https:\\\/\\\/swixed.ch\\\/de\\\/#\\\/schema\\\/logo\\\/image\\\/\"},\"sameAs\":[\"https:\\\/\\\/www.facebook.com\\\/swixed\",\"https:\\\/\\\/www.linkedin.com\\\/company\\\/swixed\",\"https:\\\/\\\/www.youtube.com\\\/@swixedsa\"],\"description\":\"Swixed SA est une entreprise suisse bas\u00e9e \u00e0 Gen\u00e8ve, sp\u00e9cialis\u00e9e dans la vente, la location et la maintenance d\u2019appareils m\u00e9dicaux professionnels, tels que d\u00e9fibrillateurs AED, \u00e9lectrocardiographes, moniteurs patient et dispositifs de diagnostic.\",\"email\":\"infoshop@swixed.ch\",\"telephone\":\"+41 22 566 11 95\",\"legalName\":\"Swixed SA\",\"foundingDate\":\"2021-03-01\",\"numberOfEmployees\":{\"@type\":\"QuantitativeValue\",\"minValue\":\"1\",\"maxValue\":\"10\"}}]}<\/script>\n<!-- \/ Yoast SEO Premium plugin. -->","yoast_head_json":{"title":"Braun Thermoscan 7 IRT6520 - Infrarot-Ohrthermometer | Swixed SA","description":"Das Braun ThermoScan 7 ist ein Thermometer mit einer innovativen Technologie, die es erm\u00f6glicht, die Fieberanzeige an das Alter anzupassen.","robots":{"index":"index","follow":"follow","max-snippet":"max-snippet:-1","max-image-preview":"max-image-preview:large","max-video-preview":"max-video-preview:-1"},"canonical":"https:\/\/swixed.ch\/de\/produkt\/sed75301\/","og_locale":"de_DE","og_type":"article","og_title":"Braun Thermoscan 7 IRT6520 - Infrarot-Ohrthermometer","og_description":"Das Braun ThermoScan 7 ist ein Thermometer mit einer innovativen Technologie, die es erm\u00f6glicht, die Fieberanzeige an das Alter anzupassen.","og_url":"https:\/\/swixed.ch\/de\/produkt\/sed75301\/","og_site_name":"Swixed SA","article_publisher":"https:\/\/www.facebook.com\/swixed","article_modified_time":"2025-12-28T20:04:27+00:00","og_image":[{"width":600,"height":600,"url":"https:\/\/swixed.ch\/wp-content\/uploads\/products\/braun-thermoscan-7-irt-6520-01.png","type":"image\/png"}],"twitter_card":"summary_large_image","twitter_misc":{"Gesch\u00e4tzte Lesezeit":"1\u00a0Minute"},"schema":{"@context":"https:\/\/schema.org","@graph":[{"@type":"WebPage","@id":"https:\/\/swixed.ch\/de\/produkt\/sed75301\/","url":"https:\/\/swixed.ch\/de\/produkt\/sed75301\/","name":"Braun Thermoscan 7 IRT6520 - Infrarot-Ohrthermometer | Swixed SA","isPartOf":{"@id":"https:\/\/swixed.ch\/de\/#website"},"primaryImageOfPage":{"@id":"https:\/\/swixed.ch\/de\/produkt\/sed75301\/#primaryimage"},"image":{"@id":"https:\/\/swixed.ch\/de\/produkt\/sed75301\/#primaryimage"},"thumbnailUrl":"https:\/\/swixed.ch\/wp-content\/uploads\/products\/braun-thermoscan-7-irt-6520-01.png","datePublished":"2023-10-03T11:11:42+00:00","dateModified":"2025-12-28T20:04:27+00:00","description":"Das Braun ThermoScan 7 ist ein Thermometer mit einer innovativen Technologie, die es erm\u00f6glicht, die Fieberanzeige an das Alter anzupassen.","breadcrumb":{"@id":"https:\/\/swixed.ch\/de\/produkt\/sed75301\/#breadcrumb"},"inLanguage":"de","potentialAction":[{"@type":"ReadAction","target":["https:\/\/swixed.ch\/de\/produkt\/sed75301\/"]}]},{"@type":"ImageObject","inLanguage":"de","@id":"https:\/\/swixed.ch\/de\/produkt\/sed75301\/#primaryimage","url":"https:\/\/swixed.ch\/wp-content\/uploads\/products\/braun-thermoscan-7-irt-6520-01.png","contentUrl":"https:\/\/swixed.ch\/wp-content\/uploads\/products\/braun-thermoscan-7-irt-6520-01.png","width":600,"height":600,"caption":"Braun Thermoscan 7 IRT6520 Thermometer"},{"@type":"BreadcrumbList","@id":"https:\/\/swixed.ch\/de\/produkt\/sed75301\/#breadcrumb","itemListElement":[{"@type":"ListItem","position":1,"name":"Startseite","item":"https:\/\/swixed.ch\/de\/home\/"},{"@type":"ListItem","position":2,"name":"Shop","item":"https:\/\/swixed.ch\/de\/shop\/"},{"@type":"ListItem","position":3,"name":"Braun Thermoscan 7 IRT6520 &#8211; Infrarot-Ohrthermometer"}]},{"@type":"WebSite","@id":"https:\/\/swixed.ch\/de\/#website","url":"https:\/\/swixed.ch\/de\/","name":"Swixed SA","description":"Elektronische Ger\u00e4te","publisher":{"@id":"https:\/\/swixed.ch\/de\/#organization"},"potentialAction":[{"@type":"SearchAction","target":{"@type":"EntryPoint","urlTemplate":"https:\/\/swixed.ch\/de\/?s={search_term_string}"},"query-input":{"@type":"PropertyValueSpecification","valueRequired":true,"valueName":"search_term_string"}}],"inLanguage":"de"},{"@type":"Organization","@id":"https:\/\/swixed.ch\/de\/#organization","name":"Swixed SA","url":"https:\/\/swixed.ch\/de\/","logo":{"@type":"ImageObject","inLanguage":"de","@id":"https:\/\/swixed.ch\/de\/#\/schema\/logo\/image\/","url":"https:\/\/swixed.ch\/wp-content\/uploads\/logos\/swixed-logo-lite.png","contentUrl":"https:\/\/swixed.ch\/wp-content\/uploads\/logos\/swixed-logo-lite.png","width":696,"height":696,"caption":"Swixed SA"},"image":{"@id":"https:\/\/swixed.ch\/de\/#\/schema\/logo\/image\/"},"sameAs":["https:\/\/www.facebook.com\/swixed","https:\/\/www.linkedin.com\/company\/swixed","https:\/\/www.youtube.com\/@swixedsa"],"description":"Swixed SA est une entreprise suisse bas\u00e9e \u00e0 Gen\u00e8ve, sp\u00e9cialis\u00e9e dans la vente, la location et la maintenance d\u2019appareils m\u00e9dicaux professionnels, tels que d\u00e9fibrillateurs AED, \u00e9lectrocardiographes, moniteurs patient et dispositifs de diagnostic.","email":"infoshop@swixed.ch","telephone":"+41 22 566 11 95","legalName":"Swixed SA","foundingDate":"2021-03-01","numberOfEmployees":{"@type":"QuantitativeValue","minValue":"1","maxValue":"10"}}]}},"_links":{"self":[{"href":"https:\/\/swixed.ch\/de\/wp-json\/wp\/v2\/product\/36392","targetHints":{"allow":["GET"]}}],"collection":[{"href":"https:\/\/swixed.ch\/de\/wp-json\/wp\/v2\/product"}],"about":[{"href":"https:\/\/swixed.ch\/de\/wp-json\/wp\/v2\/types\/product"}],"version-history":[{"count":0,"href":"https:\/\/swixed.ch\/de\/wp-json\/wp\/v2\/product\/36392\/revisions"}],"wp:featuredmedia":[{"embeddable":true,"href":"https:\/\/swixed.ch\/de\/wp-json\/wp\/v2\/media\/31527"}],"wp:attachment":[{"href":"https:\/\/swixed.ch\/de\/wp-json\/wp\/v2\/media?parent=36392"}],"wp:term":[{"taxonomy":"product_brand","embeddable":true,"href":"https:\/\/swixed.ch\/de\/wp-json\/wp\/v2\/product_brand?post=36392"},{"taxonomy":"product_cat","embeddable":true,"href":"https:\/\/swixed.ch\/de\/wp-json\/wp\/v2\/product_cat?post=36392"},{"taxonomy":"product_tag","embeddable":true,"href":"https:\/\/swixed.ch\/de\/wp-json\/wp\/v2\/product_tag?post=36392"}],"curies":[{"name":"wp","href":"https:\/\/api.w.org\/{rel}","templated":true}]}}