{"id":36393,"date":"2023-09-20T10:51:49","date_gmt":"2023-09-20T09:51:49","guid":{"rendered":"https:\/\/swixed.com\/produit\/digitales-ruhe-ekg-schiller-cs104-ms12-blue\/"},"modified":"2026-03-25T22:52:23","modified_gmt":"2026-03-25T21:52:23","slug":"sed10013","status":"publish","type":"product","link":"https:\/\/swixed.ch\/de\/produkt\/sed10013\/","title":{"rendered":"Elektrokardiograph Schiller CS104 MS12 Blue Ruhe-EKG"},"content":{"rendered":"\t\t<div data-elementor-type=\"product-post\" data-elementor-id=\"36393\" class=\"elementor elementor-36393 elementor-26466\" data-elementor-post-type=\"product\">\n\t\t\t\t<div class=\"elementor-element elementor-element-ddee778 e-con-full e-flex e-con e-parent\" data-id=\"ddee778\" data-element_type=\"container\" data-e-type=\"container\">\n\t\t<div class=\"elementor-element elementor-element-901c1bc e-con-full e-flex e-con e-child\" data-id=\"901c1bc\" data-element_type=\"container\" data-e-type=\"container\">\n\t\t\t\t<div class=\"elementor-element elementor-element-efeb59e elementor-widget elementor-widget-heading\" data-id=\"efeb59e\" data-element_type=\"widget\" data-e-type=\"widget\" data-widget_type=\"heading.default\">\n\t\t\t\t\t<h2 class=\"elementor-heading-title elementor-size-default\">Hauptmerkmale<\/h2>\t\t\t\t<\/div>\n\t\t\t\t<div class=\"elementor-element elementor-element-7c56180 elementor-widget elementor-widget-text-editor\" data-id=\"7c56180\" data-element_type=\"widget\" data-e-type=\"widget\" data-widget_type=\"text-editor.default\">\n\t\t\t\t\t\t\t\t\t<p>Der Elektrokardiograph Schiller CS104 MS12 Blue kombiniert Kompaktheit, Konnektivit\u00e4t und Zuverl\u00e4ssigkeit f\u00fcr die Erfassung von Ruhe-EKGs. Erstens verbessert das 115 g leichte Geh\u00e4use die Mobilit\u00e4t bei der Untersuchung. Zweitens reduziert die Bluetooth-Kommunikation den Kabelsalat, was die Installation vereinfacht. Dar\u00fcber hinaus erm\u00f6glicht das helle OLED-Display eine direkte visuelle Kontrolle des Ger\u00e4testatus vor jeder Aufzeichnung.   <\/p><p>Wichtige technische Daten :<\/p><ul><li>Digitaler Elektrokardiograph Ruhe-EKG<\/li><li>Daten\u00fcbertragung \u00fcber Bluetooth<\/li><li>Integrierter OLED-Bildschirm zur Steuerung des Ger\u00e4ts<\/li><li>Betrieb mit Windows-PC<\/li><li>Energiesparender Akku mit Energiesparmodus<\/li><\/ul><p><br>Auf diese Weise l\u00e4sst sich das Ger\u00e4t leicht in eine strukturierte Arbeitsorganisation integrieren, wobei ein technischer und neutraler Ansatz verfolgt wird.<\/p>\t\t\t\t\t\t\t\t<\/div>\n\t\t\t\t<div class=\"elementor-element elementor-element-a0f7a76 elementor-widget elementor-widget-heading\" data-id=\"a0f7a76\" data-element_type=\"widget\" data-e-type=\"widget\" data-widget_type=\"heading.default\">\n\t\t\t\t\t<h2 class=\"elementor-heading-title elementor-size-default\">Betrieb und technisches Design<\/h2>\t\t\t\t<\/div>\n\t\t\t\t<div class=\"elementor-element elementor-element-23d4f9d elementor-widget elementor-widget-text-editor\" data-id=\"23d4f9d\" data-element_type=\"widget\" data-e-type=\"widget\" data-widget_type=\"text-editor.default\">\n\t\t\t\t\t\t\t\t\t<p>Das CS104 MS12 Blue EKG-System arbeitet in Verbindung mit einer speziellen Erfassungssoftware, die auf einem PC installiert ist. Daher k\u00f6nnen EKG-Untersuchungen angezeigt, gespeichert und im PDF-Format exportiert werden. Dar\u00fcber hinaus k\u00f6nnen die Kurven auf Standarddruckern ausgedruckt werden, was die Dokumentenverwaltung erleichtert.  <\/p><p>Dar\u00fcber hinaus gew\u00e4hrleistet die Software :<\/p><ul><li>Erfassung von Ruhe-EKGs in Echtzeit<\/li><li>Strukturierte Archivierung von Aufzeichnungen<\/li><li>Export von Daten zur sp\u00e4teren Einsichtnahme<\/li><li>Kompatibilit\u00e4t mit den Systemen Windows 7, 8, 10 und 11 Pro<\/li><\/ul><p><br>Auf diese Weise f\u00f6rdert die L\u00f6sung eine klare und rationelle Nutzung der EKG-Daten, ohne auf externe Plattformen angewiesen zu sein.<\/p>\t\t\t\t\t\t\t\t<\/div>\n\t\t\t\t<div class=\"elementor-element elementor-element-2a6ff99 elementor-widget elementor-widget-heading\" data-id=\"2a6ff99\" data-element_type=\"widget\" data-e-type=\"widget\" data-widget_type=\"heading.default\">\n\t\t\t\t\t<h2 class=\"elementor-heading-title elementor-size-default\">Nutzung, Einhaltung und Empfehlungen<\/h2>\t\t\t\t<\/div>\n\t\t\t\t<div class=\"elementor-element elementor-element-a0ff408 elementor-widget elementor-widget-text-editor\" data-id=\"a0ff408\" data-element_type=\"widget\" data-e-type=\"widget\" data-widget_type=\"text-editor.default\">\n\t\t\t\t\t\t\t\t\t<p>Der Elektrokardiograph Schiller CS104 MS12 Blue ist f\u00fcr die Verwendung in \u00dcbereinstimmung mit dem schweizerischen Regelwerk f\u00fcr Medizinprodukte bestimmt. Dies bedeutet, dass seine Verwendung den Anforderungen des Bundesamtes f\u00fcr Gesundheit entspricht, das die allgemeine Aufsicht \u00fcber das Gesundheitssystem aus\u00fcbt. Dar\u00fcber hinaus fallen EKG-Ger\u00e4te in den Zust\u00e4ndigkeitsbereich der Swissmedic, die f\u00fcr die \u00dcberwachung des Marktes f\u00fcr Medizinprodukte zust\u00e4ndig ist.  <\/p><p>Dar\u00fcber hinaus gew\u00e4hrleistet die Anwendung der Medizinprodukteverordnung (MDDV \/ MedDO) die Anpassung an die gesetzlichen Anforderungen der Schweiz und der EU. Die Integration dieses EKGs in ein professionelles Umfeld basiert somit auf einem klar definierten normativen Rahmen. <br>\t\t<div data-elementor-type=\"widget\" data-elementor-id=\"59088\" class=\"elementor elementor-59088 elementor-59083 elementor-59083\" data-elementor-post-type=\"elementor_library\">\n\t\t\t\t\t\t<div class=\"elementor-element elementor-element-59083 elementor-widget elementor-widget-text-editor\" data-id=\"59083\" data-element_type=\"widget\" data-e-type=\"widget\" data-widget_type=\"text-editor.default\">\n\t\t\t\t\t\t\t\t\t<p>Weitere Informationen finden Sie unter :<\/p><ul><li><a href=\"https:\/\/www.swissmedic.ch\" target=\"_blank\" rel=\"noopener\">Swissmedic<\/a><\/li><li><a href=\"https:\/\/www.bag.admin.ch\" target=\"_blank\" rel=\"noopener\">Bundesamt f\u00fcr Gesundheit (BAG)<\/a><\/li><li><a href=\"https:\/\/www.switec.info\" target=\"_blank\" rel=\"noopener\">Schweizerisches Informationszentrum f\u00fcr technische Regeln (Switec)<\/a><\/li><li><a href=\"https:\/\/www.fedlex.admin.ch\/eli\/cc\/2020\/552\/\" target=\"_blank\" rel=\"noopener\">Verordnung \u00fcber Medizinprodukte (MDDV oder MedDO)<\/a><\/li><\/ul><p><br>Unsere Medizinprodukte haben einen autorisierten Vertreter in der Schweiz (CH-REP), gem\u00e4\u00df der geltenden schweizerischen Gesetzgebung f\u00fcr Medizinprodukte.<\/p>\t\t\t\t\t\t\t\t<\/div>\n\t\t\t\t<\/div>\n\t\t<br>Klicken Sie hier, um die <a href=\"https:\/\/swixed.ch\/de\/produkt\/sed94001\/\">regelm\u00e4\u00dfige Wartung<\/a> zu buchen.<\/p>\t\t\t\t\t\t\t\t<\/div>\n\t\t\t\t<div class=\"elementor-element elementor-element-c95d221 elementor-widget elementor-widget-heading\" data-id=\"c95d221\" data-element_type=\"widget\" data-e-type=\"widget\" data-widget_type=\"heading.default\">\n\t\t\t\t\t<h2 class=\"elementor-heading-title elementor-size-default\">Inhalt<\/h2>\t\t\t\t<\/div>\n\t\t\t\t<div class=\"elementor-element elementor-element-9998454 elementor-widget elementor-widget-text-editor\" data-id=\"9998454\" data-element_type=\"widget\" data-e-type=\"widget\" data-widget_type=\"text-editor.default\">\n\t\t\t\t\t\t\t\t\t<p>Das Produkt wird mit den folgenden Komponenten geliefert, um eine vollst\u00e4ndige Inbetriebnahme zu gew\u00e4hrleisten:<\/p><ul><li>EKG-Box Schiller MS12 Blue<\/li><li>Einteiliges 10-adriges Patientenkabel mit Bananensteckern<\/li><li>Bluetooth-Stick<\/li><li>2 wiederaufladbare Batterien<\/li><li>Ladeger\u00e4t f\u00fcr wiederaufladbare Batterien<\/li><li>Sema Solo EKG-Software f\u00fcr Windows-PCs<\/li><\/ul><p><br>So liefert das Paket alle Komponenten, die f\u00fcr den technischen Betrieb des EKG-Systems erforderlich sind, sofort nach Erhalt.<\/p>\t\t\t\t\t\t\t\t<\/div>\n\t\t\t\t<\/div>\n\t\t\t\t<\/div>\n\t\t\t\t<\/div>\n\t\t","protected":false},"excerpt":{"rendered":"<p>Der Schiller CS104 MS12 Blue ist ein kompakter digitaler Ruhe-EKG-Elektrokardiograph, der f\u00fcr die Erfassung von 12-Kanal-Signalen \u00fcber eine Bluetooth-Verbindung mit einem Computer entwickelt wurde. Das Ger\u00e4t zeichnet sich durch ein leichtes Geh\u00e4use und ein flexibles Patientenkabel aus, das die technische Installation vereinfacht. Die Daten werden drahtlos an eine kompatible Workstation zur Anzeige, Aufzeichnung und Archivierung \u00fcbertragen. Das Ger\u00e4t ist CE-zertifiziert, mit der EKG-Software von Schiller kompatibel und f\u00fcr den professionellen Computereinsatz bestimmt.   <\/p>\n","protected":false},"featured_media":60561,"template":"","meta":{"_acf_changed":false},"product_brand":[2179],"product_cat":[954,973],"product_tag":[7699,3672,7710,7701,7702,3619,7715,7706,7782,2277],"class_list":{"0":"post-36393","1":"product","2":"type-product","3":"status-publish","4":"has-post-thumbnail","6":"product_brand-schiller-de","7":"product_cat-elektrokardiographen","8":"product_cat-ruhe-ekg","9":"product_tag-12d-ekg","10":"product_tag-bluetooth-ekg-de","11":"product_tag-diagnostisches-ekg","12":"product_tag-ekg-pc","13":"product_tag-ekg-erfassung","14":"product_tag-ekg-software-de","15":"product_tag-ekg-untersuchung","16":"product_tag-kabel-ekg","17":"product_tag-kompaktes-ekg","18":"product_tag-ruhe-ekg","20":"first","21":"outofstock","22":"sale","23":"taxable","24":"shipping-taxable","25":"purchasable","26":"product-type-variable","27":"has-default-attributes"},"acf":[],"yoast_head":"<!-- This site is optimized with the Yoast SEO Premium plugin v27.4 (Yoast SEO v27.4) - https:\/\/yoast.com\/product\/yoast-seo-premium-wordpress\/ -->\n<title>Schiller CS104 MS12 Blue Elektrokardiograph Ruhe-EKG | Swixed SA%<\/title>\n<meta name=\"description\" content=\"Elektrokardiograph Schiller CS104 MS12 Blue Ruhe-EKG mit Bluetooth, OLED-Display und Windows PC-Software zur EKG-Erfassung und -Archivierung.\" \/>\n<meta name=\"robots\" content=\"index, follow, max-snippet:-1, max-image-preview:large, max-video-preview:-1\" \/>\n<link rel=\"canonical\" href=\"https:\/\/swixed.ch\/de\/produkt\/sed10013\/\" \/>\n<meta property=\"og:locale\" content=\"de_DE\" \/>\n<meta property=\"og:type\" content=\"article\" \/>\n<meta property=\"og:title\" content=\"Elektrokardiograph Schiller CS104 MS12 Blue Ruhe-EKG\" \/>\n<meta property=\"og:description\" content=\"Elektrokardiograph Schiller CS104 MS12 Blue Ruhe-EKG mit Bluetooth, OLED-Display und Windows PC-Software zur EKG-Erfassung und -Archivierung.\" \/>\n<meta property=\"og:url\" content=\"https:\/\/swixed.ch\/de\/produkt\/sed10013\/\" \/>\n<meta property=\"og:site_name\" content=\"Swixed SA\" \/>\n<meta property=\"article:publisher\" content=\"https:\/\/www.facebook.com\/swixed\" \/>\n<meta property=\"article:modified_time\" content=\"2026-03-25T21:52:23+00:00\" \/>\n<meta property=\"og:image\" content=\"https:\/\/swixed.ch\/wp-content\/uploads\/2026\/01\/SED10013-01.png\" \/>\n\t<meta property=\"og:image:width\" content=\"600\" \/>\n\t<meta property=\"og:image:height\" content=\"600\" \/>\n\t<meta property=\"og:image:type\" content=\"image\/png\" \/>\n<meta name=\"twitter:card\" content=\"summary_large_image\" \/>\n<meta name=\"twitter:label1\" content=\"Gesch\u00e4tzte Lesezeit\" \/>\n\t<meta name=\"twitter:data1\" content=\"2\u00a0Minuten\" \/>\n<script type=\"application\/ld+json\" class=\"yoast-schema-graph\">{\"@context\":\"https:\\\/\\\/schema.org\",\"@graph\":[{\"@type\":\"WebPage\",\"@id\":\"https:\\\/\\\/swixed.ch\\\/de\\\/produkt\\\/sed10013\\\/\",\"url\":\"https:\\\/\\\/swixed.ch\\\/de\\\/produkt\\\/sed10013\\\/\",\"name\":\"Schiller CS104 MS12 Blue Elektrokardiograph Ruhe-EKG | Swixed SA%\",\"isPartOf\":{\"@id\":\"https:\\\/\\\/swixed.ch\\\/de\\\/#website\"},\"primaryImageOfPage\":{\"@id\":\"https:\\\/\\\/swixed.ch\\\/de\\\/produkt\\\/sed10013\\\/#primaryimage\"},\"image\":{\"@id\":\"https:\\\/\\\/swixed.ch\\\/de\\\/produkt\\\/sed10013\\\/#primaryimage\"},\"thumbnailUrl\":\"https:\\\/\\\/swixed.ch\\\/wp-content\\\/uploads\\\/2026\\\/01\\\/SED10013-01.png\",\"datePublished\":\"2023-09-20T09:51:49+00:00\",\"dateModified\":\"2026-03-25T21:52:23+00:00\",\"description\":\"Elektrokardiograph Schiller CS104 MS12 Blue Ruhe-EKG mit Bluetooth, OLED-Display und Windows PC-Software zur EKG-Erfassung und -Archivierung.\",\"breadcrumb\":{\"@id\":\"https:\\\/\\\/swixed.ch\\\/de\\\/produkt\\\/sed10013\\\/#breadcrumb\"},\"inLanguage\":\"de\",\"potentialAction\":[{\"@type\":\"ReadAction\",\"target\":[\"https:\\\/\\\/swixed.ch\\\/de\\\/produkt\\\/sed10013\\\/\"]}]},{\"@type\":\"ImageObject\",\"inLanguage\":\"de\",\"@id\":\"https:\\\/\\\/swixed.ch\\\/de\\\/produkt\\\/sed10013\\\/#primaryimage\",\"url\":\"https:\\\/\\\/swixed.ch\\\/wp-content\\\/uploads\\\/2026\\\/01\\\/SED10013-01.png\",\"contentUrl\":\"https:\\\/\\\/swixed.ch\\\/wp-content\\\/uploads\\\/2026\\\/01\\\/SED10013-01.png\",\"width\":600,\"height\":600,\"caption\":\"SED10013\"},{\"@type\":\"BreadcrumbList\",\"@id\":\"https:\\\/\\\/swixed.ch\\\/de\\\/produkt\\\/sed10013\\\/#breadcrumb\",\"itemListElement\":[{\"@type\":\"ListItem\",\"position\":1,\"name\":\"Startseite\",\"item\":\"https:\\\/\\\/swixed.ch\\\/de\\\/home\\\/\"},{\"@type\":\"ListItem\",\"position\":2,\"name\":\"Shop\",\"item\":\"https:\\\/\\\/swixed.ch\\\/de\\\/shop\\\/\"},{\"@type\":\"ListItem\",\"position\":3,\"name\":\"Elektrokardiograph Schiller CS104 MS12 Blue Ruhe-EKG\"}]},{\"@type\":\"WebSite\",\"@id\":\"https:\\\/\\\/swixed.ch\\\/de\\\/#website\",\"url\":\"https:\\\/\\\/swixed.ch\\\/de\\\/\",\"name\":\"Swixed SA\",\"description\":\"Elektronische Ger\u00e4te\",\"publisher\":{\"@id\":\"https:\\\/\\\/swixed.ch\\\/de\\\/#organization\"},\"potentialAction\":[{\"@type\":\"SearchAction\",\"target\":{\"@type\":\"EntryPoint\",\"urlTemplate\":\"https:\\\/\\\/swixed.ch\\\/de\\\/?s={search_term_string}\"},\"query-input\":{\"@type\":\"PropertyValueSpecification\",\"valueRequired\":true,\"valueName\":\"search_term_string\"}}],\"inLanguage\":\"de\"},{\"@type\":\"Organization\",\"@id\":\"https:\\\/\\\/swixed.ch\\\/de\\\/#organization\",\"name\":\"Swixed SA\",\"url\":\"https:\\\/\\\/swixed.ch\\\/de\\\/\",\"logo\":{\"@type\":\"ImageObject\",\"inLanguage\":\"de\",\"@id\":\"https:\\\/\\\/swixed.ch\\\/de\\\/#\\\/schema\\\/logo\\\/image\\\/\",\"url\":\"https:\\\/\\\/swixed.ch\\\/wp-content\\\/uploads\\\/logos\\\/swixed-logo-lite.png\",\"contentUrl\":\"https:\\\/\\\/swixed.ch\\\/wp-content\\\/uploads\\\/logos\\\/swixed-logo-lite.png\",\"width\":696,\"height\":696,\"caption\":\"Swixed SA\"},\"image\":{\"@id\":\"https:\\\/\\\/swixed.ch\\\/de\\\/#\\\/schema\\\/logo\\\/image\\\/\"},\"sameAs\":[\"https:\\\/\\\/www.facebook.com\\\/swixed\",\"https:\\\/\\\/www.linkedin.com\\\/company\\\/swixed\",\"https:\\\/\\\/www.youtube.com\\\/@swixedsa\"],\"description\":\"Swixed SA est une entreprise suisse bas\u00e9e \u00e0 Gen\u00e8ve, sp\u00e9cialis\u00e9e dans la vente, la location et la maintenance d\u2019appareils m\u00e9dicaux professionnels, tels que d\u00e9fibrillateurs AED, \u00e9lectrocardiographes, moniteurs patient et dispositifs de diagnostic.\",\"email\":\"infoshop@swixed.ch\",\"telephone\":\"+41 22 566 11 95\",\"legalName\":\"Swixed SA\",\"foundingDate\":\"2021-03-01\",\"numberOfEmployees\":{\"@type\":\"QuantitativeValue\",\"minValue\":\"1\",\"maxValue\":\"10\"}}]}<\/script>\n<!-- \/ Yoast SEO Premium plugin. -->","yoast_head_json":{"title":"Schiller CS104 MS12 Blue Elektrokardiograph Ruhe-EKG | Swixed SA%","description":"Elektrokardiograph Schiller CS104 MS12 Blue Ruhe-EKG mit Bluetooth, OLED-Display und Windows PC-Software zur EKG-Erfassung und -Archivierung.","robots":{"index":"index","follow":"follow","max-snippet":"max-snippet:-1","max-image-preview":"max-image-preview:large","max-video-preview":"max-video-preview:-1"},"canonical":"https:\/\/swixed.ch\/de\/produkt\/sed10013\/","og_locale":"de_DE","og_type":"article","og_title":"Elektrokardiograph Schiller CS104 MS12 Blue Ruhe-EKG","og_description":"Elektrokardiograph Schiller CS104 MS12 Blue Ruhe-EKG mit Bluetooth, OLED-Display und Windows PC-Software zur EKG-Erfassung und -Archivierung.","og_url":"https:\/\/swixed.ch\/de\/produkt\/sed10013\/","og_site_name":"Swixed SA","article_publisher":"https:\/\/www.facebook.com\/swixed","article_modified_time":"2026-03-25T21:52:23+00:00","og_image":[{"width":600,"height":600,"url":"https:\/\/swixed.ch\/wp-content\/uploads\/2026\/01\/SED10013-01.png","type":"image\/png"}],"twitter_card":"summary_large_image","twitter_misc":{"Gesch\u00e4tzte Lesezeit":"2\u00a0Minuten"},"schema":{"@context":"https:\/\/schema.org","@graph":[{"@type":"WebPage","@id":"https:\/\/swixed.ch\/de\/produkt\/sed10013\/","url":"https:\/\/swixed.ch\/de\/produkt\/sed10013\/","name":"Schiller CS104 MS12 Blue Elektrokardiograph Ruhe-EKG | Swixed SA%","isPartOf":{"@id":"https:\/\/swixed.ch\/de\/#website"},"primaryImageOfPage":{"@id":"https:\/\/swixed.ch\/de\/produkt\/sed10013\/#primaryimage"},"image":{"@id":"https:\/\/swixed.ch\/de\/produkt\/sed10013\/#primaryimage"},"thumbnailUrl":"https:\/\/swixed.ch\/wp-content\/uploads\/2026\/01\/SED10013-01.png","datePublished":"2023-09-20T09:51:49+00:00","dateModified":"2026-03-25T21:52:23+00:00","description":"Elektrokardiograph Schiller CS104 MS12 Blue Ruhe-EKG mit Bluetooth, OLED-Display und Windows PC-Software zur EKG-Erfassung und -Archivierung.","breadcrumb":{"@id":"https:\/\/swixed.ch\/de\/produkt\/sed10013\/#breadcrumb"},"inLanguage":"de","potentialAction":[{"@type":"ReadAction","target":["https:\/\/swixed.ch\/de\/produkt\/sed10013\/"]}]},{"@type":"ImageObject","inLanguage":"de","@id":"https:\/\/swixed.ch\/de\/produkt\/sed10013\/#primaryimage","url":"https:\/\/swixed.ch\/wp-content\/uploads\/2026\/01\/SED10013-01.png","contentUrl":"https:\/\/swixed.ch\/wp-content\/uploads\/2026\/01\/SED10013-01.png","width":600,"height":600,"caption":"SED10013"},{"@type":"BreadcrumbList","@id":"https:\/\/swixed.ch\/de\/produkt\/sed10013\/#breadcrumb","itemListElement":[{"@type":"ListItem","position":1,"name":"Startseite","item":"https:\/\/swixed.ch\/de\/home\/"},{"@type":"ListItem","position":2,"name":"Shop","item":"https:\/\/swixed.ch\/de\/shop\/"},{"@type":"ListItem","position":3,"name":"Elektrokardiograph Schiller CS104 MS12 Blue Ruhe-EKG"}]},{"@type":"WebSite","@id":"https:\/\/swixed.ch\/de\/#website","url":"https:\/\/swixed.ch\/de\/","name":"Swixed SA","description":"Elektronische Ger\u00e4te","publisher":{"@id":"https:\/\/swixed.ch\/de\/#organization"},"potentialAction":[{"@type":"SearchAction","target":{"@type":"EntryPoint","urlTemplate":"https:\/\/swixed.ch\/de\/?s={search_term_string}"},"query-input":{"@type":"PropertyValueSpecification","valueRequired":true,"valueName":"search_term_string"}}],"inLanguage":"de"},{"@type":"Organization","@id":"https:\/\/swixed.ch\/de\/#organization","name":"Swixed SA","url":"https:\/\/swixed.ch\/de\/","logo":{"@type":"ImageObject","inLanguage":"de","@id":"https:\/\/swixed.ch\/de\/#\/schema\/logo\/image\/","url":"https:\/\/swixed.ch\/wp-content\/uploads\/logos\/swixed-logo-lite.png","contentUrl":"https:\/\/swixed.ch\/wp-content\/uploads\/logos\/swixed-logo-lite.png","width":696,"height":696,"caption":"Swixed SA"},"image":{"@id":"https:\/\/swixed.ch\/de\/#\/schema\/logo\/image\/"},"sameAs":["https:\/\/www.facebook.com\/swixed","https:\/\/www.linkedin.com\/company\/swixed","https:\/\/www.youtube.com\/@swixedsa"],"description":"Swixed SA est une entreprise suisse bas\u00e9e \u00e0 Gen\u00e8ve, sp\u00e9cialis\u00e9e dans la vente, la location et la maintenance d\u2019appareils m\u00e9dicaux professionnels, tels que d\u00e9fibrillateurs AED, \u00e9lectrocardiographes, moniteurs patient et dispositifs de diagnostic.","email":"infoshop@swixed.ch","telephone":"+41 22 566 11 95","legalName":"Swixed SA","foundingDate":"2021-03-01","numberOfEmployees":{"@type":"QuantitativeValue","minValue":"1","maxValue":"10"}}]}},"_links":{"self":[{"href":"https:\/\/swixed.ch\/de\/wp-json\/wp\/v2\/product\/36393","targetHints":{"allow":["GET"]}}],"collection":[{"href":"https:\/\/swixed.ch\/de\/wp-json\/wp\/v2\/product"}],"about":[{"href":"https:\/\/swixed.ch\/de\/wp-json\/wp\/v2\/types\/product"}],"version-history":[{"count":0,"href":"https:\/\/swixed.ch\/de\/wp-json\/wp\/v2\/product\/36393\/revisions"}],"wp:featuredmedia":[{"embeddable":true,"href":"https:\/\/swixed.ch\/de\/wp-json\/wp\/v2\/media\/60561"}],"wp:attachment":[{"href":"https:\/\/swixed.ch\/de\/wp-json\/wp\/v2\/media?parent=36393"}],"wp:term":[{"taxonomy":"product_brand","embeddable":true,"href":"https:\/\/swixed.ch\/de\/wp-json\/wp\/v2\/product_brand?post=36393"},{"taxonomy":"product_cat","embeddable":true,"href":"https:\/\/swixed.ch\/de\/wp-json\/wp\/v2\/product_cat?post=36393"},{"taxonomy":"product_tag","embeddable":true,"href":"https:\/\/swixed.ch\/de\/wp-json\/wp\/v2\/product_tag?post=36393"}],"curies":[{"name":"wp","href":"https:\/\/api.w.org\/{rel}","templated":true}]}}