{"id":42067,"date":"2024-02-23T17:29:47","date_gmt":"2024-02-23T15:29:47","guid":{"rendered":"https:\/\/swixed.com\/?post_type=product&#038;p=42067"},"modified":"2025-07-13T18:22:30","modified_gmt":"2025-07-13T16:22:30","slug":"sed75303","status":"publish","type":"product","link":"https:\/\/swixed.ch\/de\/produkt\/sed75303\/","title":{"rendered":"Swixed Infratherm 300 \u2013 50er-Pack Stirnthermometer Infrarot ber\u00fchrungslos"},"content":{"rendered":"\t\t<div data-elementor-type=\"product-post\" data-elementor-id=\"42067\" class=\"elementor elementor-42067 elementor-42066\" data-elementor-post-type=\"product\">\n\t\t\t\t\t\t<section class=\"elementor-section elementor-top-section elementor-element elementor-element-3c1dc41 elementor-section-full_width elementor-section-height-default elementor-section-height-default\" data-id=\"3c1dc41\" data-element_type=\"section\" data-e-type=\"section\">\n\t\t\t\t\t\t<div class=\"elementor-container elementor-column-gap-default\">\n\t\t\t\t\t<div class=\"elementor-column elementor-col-100 elementor-top-column elementor-element elementor-element-67ab434\" data-id=\"67ab434\" data-element_type=\"column\" data-e-type=\"column\">\n\t\t\t<div class=\"elementor-widget-wrap elementor-element-populated\">\n\t\t\t\t\t\t<div class=\"elementor-element elementor-element-6ac71e6 elementor-widget elementor-widget-heading\" data-id=\"6ac71e6\" data-element_type=\"widget\" data-e-type=\"widget\" data-widget_type=\"heading.default\">\n\t\t\t\t\t<h2 class=\"elementor-heading-title elementor-size-default\">Beschreibung<\/h2>\t\t\t\t<\/div>\n\t\t\t\t<div class=\"elementor-element elementor-element-9cb5358 elementor-widget elementor-widget-text-editor\" data-id=\"9cb5358\" data-element_type=\"widget\" data-e-type=\"widget\" data-widget_type=\"text-editor.default\">\n\t\t\t\t\t\t\t\t\t<p><span style=\"font-family: Arial MT; font-weight: bold;\">Infra<\/span><em><strong><span style=\"font-family: Arial MT;\">t<\/span><span style=\"font-family: Arial Narrow;\">herm<\/span><\/strong><\/em><span style=\"font-family: Arial Narrow; font-weight: bold;\"> 300<\/span> von Swixed ist das ber\u00fchrungslose Infrarot-Stirnthermometer. Es hat ein gro\u00dfes, leicht ablesbares Display und klingelt, wenn die Messung abgeschlossen ist.&nbsp;Dieses einfach zu bedienende und leichte Thermometer ist perfekt, um sofort die K\u00f6rpertemperatur, die Objekttemperatur und die Umgebungstemperatur zu messen.&nbsp;<\/p><p>Es wird mit einer dreij\u00e4hrigen Garantie inklusive Batterien geliefert und funktioniert f\u00fcr alle Altersgruppen.&nbsp;Dieses Thermometer f\u00fchrt die Liste der ber\u00fchrungslosen Thermometer an.<\/p>\t\t\t\t\t\t\t\t<\/div>\n\t\t\t\t<section class=\"elementor-section elementor-inner-section elementor-element elementor-element-2528b60 elementor-section-full_width elementor-section-height-default elementor-section-height-default\" data-id=\"2528b60\" data-element_type=\"section\" data-e-type=\"section\">\n\t\t\t\t\t\t<div class=\"elementor-container elementor-column-gap-default\">\n\t\t\t\t\t<div class=\"elementor-column elementor-col-50 elementor-inner-column elementor-element elementor-element-b326ac8\" data-id=\"b326ac8\" data-element_type=\"column\" data-e-type=\"column\">\n\t\t\t<div class=\"elementor-widget-wrap elementor-element-populated\">\n\t\t\t\t\t\t<div class=\"elementor-element elementor-element-b5b1028 elementor-widget elementor-widget-heading\" data-id=\"b5b1028\" data-element_type=\"widget\" data-e-type=\"widget\" data-widget_type=\"heading.default\">\n\t\t\t\t\t<h3 class=\"elementor-heading-title elementor-size-default\">Hauptmerkmale  <\/h3>\t\t\t\t<\/div>\n\t\t\t\t<div class=\"elementor-element elementor-element-2d8b747 elementor-widget elementor-widget-text-editor\" data-id=\"2d8b747\" data-element_type=\"widget\" data-e-type=\"widget\" data-widget_type=\"text-editor.default\">\n\t\t\t\t\t\t\t\t\t<ul><li>Messen der K\u00f6rpertemperatur<\/li><li>Messung der Temperatur von Objekten (z. B. Fl\u00fcssigkeiten)<\/li><li>Messung der Raumtemperatur<\/li><li>Anzeige des momentanen Messwerts in 0,5 Sekunden<\/li><li>Alarm bei hoher Temperatur 38\u00b0C \/ 100.4\u00b0F<\/li><li>Bildschirmaufl\u00f6sung 0.1\u00b0C \/ 0.1\u00b0F<\/li><li>Messabstand von 1 bis 5 cm<\/li><li>LCD-Thermometer-Display mit Hintergrundbeleuchtung<\/li><li>Speicher der letzten 32 Tests<\/li><\/ul>\t\t\t\t\t\t\t\t<\/div>\n\t\t\t\t\t<\/div>\n\t\t<\/div>\n\t\t\t\t<div class=\"elementor-column elementor-col-50 elementor-inner-column elementor-element elementor-element-93c9bbc\" data-id=\"93c9bbc\" data-element_type=\"column\" data-e-type=\"column\">\n\t\t\t<div class=\"elementor-widget-wrap elementor-element-populated\">\n\t\t\t\t\t\t<div class=\"elementor-element elementor-element-b75c89e elementor-widget elementor-widget-heading\" data-id=\"b75c89e\" data-element_type=\"widget\" data-e-type=\"widget\" data-widget_type=\"heading.default\">\n\t\t\t\t\t<h3 class=\"elementor-heading-title elementor-size-default\">Vorteile<\/h3>\t\t\t\t<\/div>\n\t\t\t\t<div class=\"elementor-element elementor-element-9881c2c elementor-widget elementor-widget-text-editor\" data-id=\"9881c2c\" data-element_type=\"widget\" data-e-type=\"widget\" data-widget_type=\"text-editor.default\">\n\t\t\t\t\t\t\t\t\t<ul><li>Hochpr\u00e4ziser Sensor<\/li><li>Gute Leistungen und Anpassungsf\u00e4higkeit in einem komplexen Umfeld<\/li><li>Eine Taste zur Auswahl der K\u00f6rpertemperatur und eine Taste f\u00fcr die Objekt-\/Umgebungstemperatur<\/li><li>Fieberalarm<\/li><li>Einfache Umschaltung in C\u00b0 \/ F\u00b0<\/li><li>Automatische Abschaltung des Thermometers nach 30 Sekunden.<\/li><li>Zertifizierungen: CE, ROHS, ISO13485<\/li><\/ul>\t\t\t\t\t\t\t\t<\/div>\n\t\t\t\t<div class=\"elementor-element elementor-element-c39ec39 elementor-widget elementor-widget-heading\" data-id=\"c39ec39\" data-element_type=\"widget\" data-e-type=\"widget\" data-widget_type=\"heading.default\">\n\t\t\t\t\t<h3 class=\"elementor-heading-title elementor-size-default\">Inhalt<\/h3>\t\t\t\t<\/div>\n\t\t\t\t<div class=\"elementor-element elementor-element-3b22b37 elementor-widget elementor-widget-text-editor\" data-id=\"3b22b37\" data-element_type=\"widget\" data-e-type=\"widget\" data-widget_type=\"text-editor.default\">\n\t\t\t\t\t\t\t\t\t<ul><li>Ber\u00fchrungsloses Infrarot-Thermometer<\/li><li>2 AAA-Batterien<\/li><li>Mehrsprachiges Benutzerhandbuch EN \/ FR \/ IT \/ DE<\/li><\/ul>\t\t\t\t\t\t\t\t<\/div>\n\t\t\t\t\t<\/div>\n\t\t<\/div>\n\t\t\t\t\t<\/div>\n\t\t<\/section>\n\t\t\t\t\t<\/div>\n\t\t<\/div>\n\t\t\t\t\t<\/div>\n\t\t<\/section>\n\t\t\t\t<section class=\"elementor-section elementor-top-section elementor-element elementor-element-ff66778 elementor-section-full_width elementor-section-height-default elementor-section-height-default\" data-id=\"ff66778\" data-element_type=\"section\" data-e-type=\"section\">\n\t\t\t\t\t\t<div class=\"elementor-container elementor-column-gap-default\">\n\t\t\t\t\t<div class=\"elementor-column elementor-col-100 elementor-top-column elementor-element elementor-element-5b881e2\" data-id=\"5b881e2\" data-element_type=\"column\" data-e-type=\"column\">\n\t\t\t<div class=\"elementor-widget-wrap elementor-element-populated\">\n\t\t\t\t\t\t\t<\/div>\n\t\t<\/div>\n\t\t\t\t\t<\/div>\n\t\t<\/section>\n\t\t\t\t<\/div>\n\t\t","protected":false},"excerpt":{"rendered":"<p>Das Swixed Infratherm 300 ist ein ber\u00fchrungsloses Infrarot-Stirnthermometer zur Messung der K\u00f6rper-, Objekt- oder Umgebungstemperatur. Dieses Set enth\u00e4lt 50 St\u00fcck, jeweils mit gro\u00dfem, hintergrundbeleuchtetem Display und akustischem Signal am Ende der Messung. Die Ger\u00e4te sind leicht, einfach zu bedienen und vielseitig einsetzbar. Batterien sind in jeder Einheit enthalten. Garantie: drei Jahre pro Ger\u00e4t.<\/p>\n","protected":false},"featured_media":42136,"template":"","meta":{"_acf_changed":false},"product_brand":[2192],"product_cat":[959,974,980,967],"product_tag":[2220,999,994,1002,990,1004],"class_list":{"0":"post-42067","1":"product","2":"type-product","3":"status-publish","4":"has-post-thumbnail","6":"product_brand-swixed-de","7":"product_cat-swixed-produkte","8":"product_cat-thermometer-de","9":"product_cat-geraete-thermometer","10":"product_cat-thermometer","11":"product_tag-destocking-de","12":"product_tag-infrarot","13":"product_tag-korpertemperatur","14":"product_tag-ohne-kontakt","15":"product_tag-raumtemperatur","16":"product_tag-objekttemperatur","17":"product_shipping_class-flat-rate-shipping","19":"first","20":"instock","21":"sale","22":"taxable","23":"shipping-taxable","24":"purchasable","25":"product-type-simple"},"acf":[],"yoast_head":"<!-- This site is optimized with the Yoast SEO Premium plugin v27.4 (Yoast SEO v27.4) - https:\/\/yoast.com\/product\/yoast-seo-premium-wordpress\/ -->\n<title>Swixed Infratherm 300 \u2013 50er-Pack Stirnthermometer Infrarot ber\u00fchrungslos | Swixed SA Frontal und kontaktlos<\/title>\n<meta name=\"description\" content=\"Infratherm 300 von Swixed ist das ber\u00fchrungslose Infrarot-Stirnthermometer. Er verf\u00fcgt \u00fcber ein gro\u00dfes, leicht ablesbares Display und klingelt, wenn die Wiedergabe beendet ist.\" \/>\n<meta name=\"robots\" content=\"index, follow, max-snippet:-1, max-image-preview:large, max-video-preview:-1\" \/>\n<link rel=\"canonical\" href=\"https:\/\/swixed.ch\/de\/produkt\/sed75303\/\" \/>\n<meta property=\"og:locale\" content=\"de_DE\" \/>\n<meta property=\"og:type\" content=\"article\" \/>\n<meta property=\"og:title\" content=\"Swixed Infratherm 300 \u2013 50er-Pack Stirnthermometer Infrarot ber\u00fchrungslos\" \/>\n<meta property=\"og:description\" content=\"Infratherm 300 von Swixed ist das ber\u00fchrungslose Infrarot-Stirnthermometer. Er verf\u00fcgt \u00fcber ein gro\u00dfes, leicht ablesbares Display und klingelt, wenn die Wiedergabe beendet ist.\" \/>\n<meta property=\"og:url\" content=\"https:\/\/swixed.ch\/de\/produkt\/sed75303\/\" \/>\n<meta property=\"og:site_name\" content=\"Swixed SA\" \/>\n<meta property=\"article:publisher\" content=\"https:\/\/www.facebook.com\/swixed\" \/>\n<meta property=\"article:modified_time\" content=\"2025-07-13T16:22:30+00:00\" \/>\n<meta property=\"og:image\" content=\"https:\/\/swixed.ch\/wp-content\/uploads\/products\/swixed-infratherm-300-01x50fr.png\" \/>\n\t<meta property=\"og:image:width\" content=\"600\" \/>\n\t<meta property=\"og:image:height\" content=\"600\" \/>\n\t<meta property=\"og:image:type\" content=\"image\/png\" \/>\n<meta name=\"twitter:card\" content=\"summary_large_image\" \/>\n<meta name=\"twitter:label1\" content=\"Gesch\u00e4tzte Lesezeit\" \/>\n\t<meta name=\"twitter:data1\" content=\"2\u00a0Minuten\" \/>\n<script type=\"application\/ld+json\" class=\"yoast-schema-graph\">{\"@context\":\"https:\\\/\\\/schema.org\",\"@graph\":[{\"@type\":\"WebPage\",\"@id\":\"https:\\\/\\\/swixed.ch\\\/de\\\/produkt\\\/sed75303\\\/\",\"url\":\"https:\\\/\\\/swixed.ch\\\/de\\\/produkt\\\/sed75303\\\/\",\"name\":\"Swixed Infratherm 300 \u2013 50er-Pack Stirnthermometer Infrarot ber\u00fchrungslos | Swixed SA Frontal und kontaktlos\",\"isPartOf\":{\"@id\":\"https:\\\/\\\/swixed.ch\\\/de\\\/#website\"},\"primaryImageOfPage\":{\"@id\":\"https:\\\/\\\/swixed.ch\\\/de\\\/produkt\\\/sed75303\\\/#primaryimage\"},\"image\":{\"@id\":\"https:\\\/\\\/swixed.ch\\\/de\\\/produkt\\\/sed75303\\\/#primaryimage\"},\"thumbnailUrl\":\"https:\\\/\\\/swixed.ch\\\/wp-content\\\/uploads\\\/products\\\/swixed-infratherm-300-01x50fr.png\",\"datePublished\":\"2024-02-23T15:29:47+00:00\",\"dateModified\":\"2025-07-13T16:22:30+00:00\",\"description\":\"Infratherm 300 von Swixed ist das ber\u00fchrungslose Infrarot-Stirnthermometer. Er verf\u00fcgt \u00fcber ein gro\u00dfes, leicht ablesbares Display und klingelt, wenn die Wiedergabe beendet ist.\",\"breadcrumb\":{\"@id\":\"https:\\\/\\\/swixed.ch\\\/de\\\/produkt\\\/sed75303\\\/#breadcrumb\"},\"inLanguage\":\"de\",\"potentialAction\":[{\"@type\":\"ReadAction\",\"target\":[\"https:\\\/\\\/swixed.ch\\\/de\\\/produkt\\\/sed75303\\\/\"]}]},{\"@type\":\"ImageObject\",\"inLanguage\":\"de\",\"@id\":\"https:\\\/\\\/swixed.ch\\\/de\\\/produkt\\\/sed75303\\\/#primaryimage\",\"url\":\"https:\\\/\\\/swixed.ch\\\/wp-content\\\/uploads\\\/products\\\/swixed-infratherm-300-01x50fr.png\",\"contentUrl\":\"https:\\\/\\\/swixed.ch\\\/wp-content\\\/uploads\\\/products\\\/swixed-infratherm-300-01x50fr.png\",\"width\":600,\"height\":600,\"caption\":\"swixed infratherm 300\"},{\"@type\":\"BreadcrumbList\",\"@id\":\"https:\\\/\\\/swixed.ch\\\/de\\\/produkt\\\/sed75303\\\/#breadcrumb\",\"itemListElement\":[{\"@type\":\"ListItem\",\"position\":1,\"name\":\"Startseite\",\"item\":\"https:\\\/\\\/swixed.ch\\\/de\\\/home\\\/\"},{\"@type\":\"ListItem\",\"position\":2,\"name\":\"Shop\",\"item\":\"https:\\\/\\\/swixed.ch\\\/de\\\/shop\\\/\"},{\"@type\":\"ListItem\",\"position\":3,\"name\":\"Swixed Infratherm 300 \u2013 50er-Pack Stirnthermometer Infrarot ber\u00fchrungslos\"}]},{\"@type\":\"WebSite\",\"@id\":\"https:\\\/\\\/swixed.ch\\\/de\\\/#website\",\"url\":\"https:\\\/\\\/swixed.ch\\\/de\\\/\",\"name\":\"Swixed SA\",\"description\":\"Elektronische Ger\u00e4te\",\"publisher\":{\"@id\":\"https:\\\/\\\/swixed.ch\\\/de\\\/#organization\"},\"potentialAction\":[{\"@type\":\"SearchAction\",\"target\":{\"@type\":\"EntryPoint\",\"urlTemplate\":\"https:\\\/\\\/swixed.ch\\\/de\\\/?s={search_term_string}\"},\"query-input\":{\"@type\":\"PropertyValueSpecification\",\"valueRequired\":true,\"valueName\":\"search_term_string\"}}],\"inLanguage\":\"de\"},{\"@type\":\"Organization\",\"@id\":\"https:\\\/\\\/swixed.ch\\\/de\\\/#organization\",\"name\":\"Swixed SA\",\"url\":\"https:\\\/\\\/swixed.ch\\\/de\\\/\",\"logo\":{\"@type\":\"ImageObject\",\"inLanguage\":\"de\",\"@id\":\"https:\\\/\\\/swixed.ch\\\/de\\\/#\\\/schema\\\/logo\\\/image\\\/\",\"url\":\"https:\\\/\\\/swixed.ch\\\/wp-content\\\/uploads\\\/logos\\\/swixed-logo-lite.png\",\"contentUrl\":\"https:\\\/\\\/swixed.ch\\\/wp-content\\\/uploads\\\/logos\\\/swixed-logo-lite.png\",\"width\":696,\"height\":696,\"caption\":\"Swixed SA\"},\"image\":{\"@id\":\"https:\\\/\\\/swixed.ch\\\/de\\\/#\\\/schema\\\/logo\\\/image\\\/\"},\"sameAs\":[\"https:\\\/\\\/www.facebook.com\\\/swixed\",\"https:\\\/\\\/www.linkedin.com\\\/company\\\/swixed\",\"https:\\\/\\\/www.youtube.com\\\/@swixedsa\"],\"description\":\"Swixed SA est une entreprise suisse bas\u00e9e \u00e0 Gen\u00e8ve, sp\u00e9cialis\u00e9e dans la vente, la location et la maintenance d\u2019appareils m\u00e9dicaux professionnels, tels que d\u00e9fibrillateurs AED, \u00e9lectrocardiographes, moniteurs patient et dispositifs de diagnostic.\",\"email\":\"infoshop@swixed.ch\",\"telephone\":\"+41 22 566 11 95\",\"legalName\":\"Swixed SA\",\"foundingDate\":\"2021-03-01\",\"numberOfEmployees\":{\"@type\":\"QuantitativeValue\",\"minValue\":\"1\",\"maxValue\":\"10\"}}]}<\/script>\n<!-- \/ Yoast SEO Premium plugin. -->","yoast_head_json":{"title":"Swixed Infratherm 300 \u2013 50er-Pack Stirnthermometer Infrarot ber\u00fchrungslos | Swixed SA Frontal und kontaktlos","description":"Infratherm 300 von Swixed ist das ber\u00fchrungslose Infrarot-Stirnthermometer. Er verf\u00fcgt \u00fcber ein gro\u00dfes, leicht ablesbares Display und klingelt, wenn die Wiedergabe beendet ist.","robots":{"index":"index","follow":"follow","max-snippet":"max-snippet:-1","max-image-preview":"max-image-preview:large","max-video-preview":"max-video-preview:-1"},"canonical":"https:\/\/swixed.ch\/de\/produkt\/sed75303\/","og_locale":"de_DE","og_type":"article","og_title":"Swixed Infratherm 300 \u2013 50er-Pack Stirnthermometer Infrarot ber\u00fchrungslos","og_description":"Infratherm 300 von Swixed ist das ber\u00fchrungslose Infrarot-Stirnthermometer. Er verf\u00fcgt \u00fcber ein gro\u00dfes, leicht ablesbares Display und klingelt, wenn die Wiedergabe beendet ist.","og_url":"https:\/\/swixed.ch\/de\/produkt\/sed75303\/","og_site_name":"Swixed SA","article_publisher":"https:\/\/www.facebook.com\/swixed","article_modified_time":"2025-07-13T16:22:30+00:00","og_image":[{"width":600,"height":600,"url":"https:\/\/swixed.ch\/wp-content\/uploads\/products\/swixed-infratherm-300-01x50fr.png","type":"image\/png"}],"twitter_card":"summary_large_image","twitter_misc":{"Gesch\u00e4tzte Lesezeit":"2\u00a0Minuten"},"schema":{"@context":"https:\/\/schema.org","@graph":[{"@type":"WebPage","@id":"https:\/\/swixed.ch\/de\/produkt\/sed75303\/","url":"https:\/\/swixed.ch\/de\/produkt\/sed75303\/","name":"Swixed Infratherm 300 \u2013 50er-Pack Stirnthermometer Infrarot ber\u00fchrungslos | Swixed SA Frontal und kontaktlos","isPartOf":{"@id":"https:\/\/swixed.ch\/de\/#website"},"primaryImageOfPage":{"@id":"https:\/\/swixed.ch\/de\/produkt\/sed75303\/#primaryimage"},"image":{"@id":"https:\/\/swixed.ch\/de\/produkt\/sed75303\/#primaryimage"},"thumbnailUrl":"https:\/\/swixed.ch\/wp-content\/uploads\/products\/swixed-infratherm-300-01x50fr.png","datePublished":"2024-02-23T15:29:47+00:00","dateModified":"2025-07-13T16:22:30+00:00","description":"Infratherm 300 von Swixed ist das ber\u00fchrungslose Infrarot-Stirnthermometer. Er verf\u00fcgt \u00fcber ein gro\u00dfes, leicht ablesbares Display und klingelt, wenn die Wiedergabe beendet ist.","breadcrumb":{"@id":"https:\/\/swixed.ch\/de\/produkt\/sed75303\/#breadcrumb"},"inLanguage":"de","potentialAction":[{"@type":"ReadAction","target":["https:\/\/swixed.ch\/de\/produkt\/sed75303\/"]}]},{"@type":"ImageObject","inLanguage":"de","@id":"https:\/\/swixed.ch\/de\/produkt\/sed75303\/#primaryimage","url":"https:\/\/swixed.ch\/wp-content\/uploads\/products\/swixed-infratherm-300-01x50fr.png","contentUrl":"https:\/\/swixed.ch\/wp-content\/uploads\/products\/swixed-infratherm-300-01x50fr.png","width":600,"height":600,"caption":"swixed infratherm 300"},{"@type":"BreadcrumbList","@id":"https:\/\/swixed.ch\/de\/produkt\/sed75303\/#breadcrumb","itemListElement":[{"@type":"ListItem","position":1,"name":"Startseite","item":"https:\/\/swixed.ch\/de\/home\/"},{"@type":"ListItem","position":2,"name":"Shop","item":"https:\/\/swixed.ch\/de\/shop\/"},{"@type":"ListItem","position":3,"name":"Swixed Infratherm 300 \u2013 50er-Pack Stirnthermometer Infrarot ber\u00fchrungslos"}]},{"@type":"WebSite","@id":"https:\/\/swixed.ch\/de\/#website","url":"https:\/\/swixed.ch\/de\/","name":"Swixed SA","description":"Elektronische Ger\u00e4te","publisher":{"@id":"https:\/\/swixed.ch\/de\/#organization"},"potentialAction":[{"@type":"SearchAction","target":{"@type":"EntryPoint","urlTemplate":"https:\/\/swixed.ch\/de\/?s={search_term_string}"},"query-input":{"@type":"PropertyValueSpecification","valueRequired":true,"valueName":"search_term_string"}}],"inLanguage":"de"},{"@type":"Organization","@id":"https:\/\/swixed.ch\/de\/#organization","name":"Swixed SA","url":"https:\/\/swixed.ch\/de\/","logo":{"@type":"ImageObject","inLanguage":"de","@id":"https:\/\/swixed.ch\/de\/#\/schema\/logo\/image\/","url":"https:\/\/swixed.ch\/wp-content\/uploads\/logos\/swixed-logo-lite.png","contentUrl":"https:\/\/swixed.ch\/wp-content\/uploads\/logos\/swixed-logo-lite.png","width":696,"height":696,"caption":"Swixed SA"},"image":{"@id":"https:\/\/swixed.ch\/de\/#\/schema\/logo\/image\/"},"sameAs":["https:\/\/www.facebook.com\/swixed","https:\/\/www.linkedin.com\/company\/swixed","https:\/\/www.youtube.com\/@swixedsa"],"description":"Swixed SA est une entreprise suisse bas\u00e9e \u00e0 Gen\u00e8ve, sp\u00e9cialis\u00e9e dans la vente, la location et la maintenance d\u2019appareils m\u00e9dicaux professionnels, tels que d\u00e9fibrillateurs AED, \u00e9lectrocardiographes, moniteurs patient et dispositifs de diagnostic.","email":"infoshop@swixed.ch","telephone":"+41 22 566 11 95","legalName":"Swixed SA","foundingDate":"2021-03-01","numberOfEmployees":{"@type":"QuantitativeValue","minValue":"1","maxValue":"10"}}]}},"_links":{"self":[{"href":"https:\/\/swixed.ch\/de\/wp-json\/wp\/v2\/product\/42067","targetHints":{"allow":["GET"]}}],"collection":[{"href":"https:\/\/swixed.ch\/de\/wp-json\/wp\/v2\/product"}],"about":[{"href":"https:\/\/swixed.ch\/de\/wp-json\/wp\/v2\/types\/product"}],"version-history":[{"count":0,"href":"https:\/\/swixed.ch\/de\/wp-json\/wp\/v2\/product\/42067\/revisions"}],"wp:featuredmedia":[{"embeddable":true,"href":"https:\/\/swixed.ch\/de\/wp-json\/wp\/v2\/media\/42136"}],"wp:attachment":[{"href":"https:\/\/swixed.ch\/de\/wp-json\/wp\/v2\/media?parent=42067"}],"wp:term":[{"taxonomy":"product_brand","embeddable":true,"href":"https:\/\/swixed.ch\/de\/wp-json\/wp\/v2\/product_brand?post=42067"},{"taxonomy":"product_cat","embeddable":true,"href":"https:\/\/swixed.ch\/de\/wp-json\/wp\/v2\/product_cat?post=42067"},{"taxonomy":"product_tag","embeddable":true,"href":"https:\/\/swixed.ch\/de\/wp-json\/wp\/v2\/product_tag?post=42067"}],"curies":[{"name":"wp","href":"https:\/\/api.w.org\/{rel}","templated":true}]}}