{"id":42083,"date":"2024-02-23T17:57:26","date_gmt":"2024-02-23T16:57:26","guid":{"rendered":"https:\/\/swixed.com\/?post_type=product&#038;p=42083"},"modified":"2025-07-13T18:16:18","modified_gmt":"2025-07-13T16:16:18","slug":"sed75103","status":"publish","type":"product","link":"https:\/\/swixed.ch\/de\/produkt\/sed75103\/","title":{"rendered":"Swixed Flextherm 100 \u2013 Packung mit 300 flexiblen digitalen Thermometern"},"content":{"rendered":"\t\t<div data-elementor-type=\"product-post\" data-elementor-id=\"42083\" class=\"elementor elementor-42083 elementor-42082\" data-elementor-post-type=\"product\">\n\t\t\t\t\t\t<section class=\"elementor-section elementor-top-section elementor-element elementor-element-a8f58ae elementor-section-full_width elementor-section-height-default elementor-section-height-default\" data-id=\"a8f58ae\" data-element_type=\"section\" data-e-type=\"section\">\n\t\t\t\t\t\t<div class=\"elementor-container elementor-column-gap-default\">\n\t\t\t\t\t<div class=\"elementor-column elementor-col-100 elementor-top-column elementor-element elementor-element-82d8ecf\" data-id=\"82d8ecf\" data-element_type=\"column\" data-e-type=\"column\">\n\t\t\t<div class=\"elementor-widget-wrap elementor-element-populated\">\n\t\t\t\t\t\t<div class=\"elementor-element elementor-element-3900a42 elementor-widget elementor-widget-heading\" data-id=\"3900a42\" data-element_type=\"widget\" data-e-type=\"widget\" data-widget_type=\"heading.default\">\n\t\t\t\t\t<h2 class=\"elementor-heading-title elementor-size-default\">Beschreibung<\/h2>\t\t\t\t<\/div>\n\t\t\t\t<div class=\"elementor-element elementor-element-da841be elementor-widget elementor-widget-text-editor\" data-id=\"da841be\" data-element_type=\"widget\" data-e-type=\"widget\" data-widget_type=\"text-editor.default\">\n\t\t\t\t\t\t\t\t\t<p>Das <em>Flextherm<\/em> 100 von Swixed ist ein digitales Thermometer mit einer flexiblen Sonde, die eine schnelle und genaue Messung der K\u00f6rpertemperatur erm\u00f6glicht. Das <em>Flextherm<\/em> 100 ist f\u00fcr die Messung der K\u00f6rpertemperatur mit oralen, rektalen oder axillaren Messungen unter dem Arm vorgesehen.  Dieses Ger\u00e4t kann f\u00fcr den klinischen oder h\u00e4uslichen Gebrauch bei Menschen aller Altersgruppen verwendet werden.<\/p><p>Das <em>Flextherm<\/em> 100 Thermometer misst die K\u00f6rpertemperatur in weniger als 10 Sekunden. Ausgestattet mit einem Pr\u00e4zisionssensor, zeigt sein akustischer Alarm das Ende der Messung an, danach schaltet sich das Ger\u00e4t automatisch ab.<\/p><p>Die Spitze des <em>Flextherm<\/em> 100 Thermometers ist wasserfest, was die Reinigung der Sonde vereinfacht und somit die Hygiene erleichtert.<\/p><p>Da die Spitze des <strong>Flextherm<\/strong>100 flexibel ist, kann sie Kleinkindern nicht schaden, insbesondere w\u00e4hrend der oralen Temperaturmessung, bei der das Kind das Thermometer im Mund beh\u00e4lt.<\/p>\t\t\t\t\t\t\t\t<\/div>\n\t\t\t\t<section class=\"elementor-section elementor-inner-section elementor-element elementor-element-2528b60 elementor-section-full_width elementor-section-height-default elementor-section-height-default\" data-id=\"2528b60\" data-element_type=\"section\" data-e-type=\"section\">\n\t\t\t\t\t\t<div class=\"elementor-container elementor-column-gap-default\">\n\t\t\t\t\t<div class=\"elementor-column elementor-col-50 elementor-inner-column elementor-element elementor-element-b326ac8\" data-id=\"b326ac8\" data-element_type=\"column\" data-e-type=\"column\">\n\t\t\t<div class=\"elementor-widget-wrap elementor-element-populated\">\n\t\t\t\t\t\t<div class=\"elementor-element elementor-element-b5b1028 elementor-widget elementor-widget-heading\" data-id=\"b5b1028\" data-element_type=\"widget\" data-e-type=\"widget\" data-widget_type=\"heading.default\">\n\t\t\t\t\t<h3 class=\"elementor-heading-title elementor-size-default\">Hauptmerkmale<\/h3>\t\t\t\t<\/div>\n\t\t\t\t<div class=\"elementor-element elementor-element-2d8b747 elementor-widget elementor-widget-text-editor\" data-id=\"2d8b747\" data-element_type=\"widget\" data-e-type=\"widget\" data-widget_type=\"text-editor.default\">\n\t\t\t\t\t\t\t\t\t<ul><li>Messen der axillaren Temperatur<\/li><li>Messen der Mundtemperatur<\/li><li>Messung der rektalen Temperatur<\/li><li>Messung in 10 Sekunden<\/li><li>Temperaturanzeige<\/li><li>Bildschirmaufl\u00f6sung 0.1\u00b0C \/ 0.1\u00b0F<\/li><li>Gro\u00dfer LCD-Bildschirm<\/li><li>F\u00fcr intensive Nutzung konzipiert<\/li><\/ul>\t\t\t\t\t\t\t\t<\/div>\n\t\t\t\t\t<\/div>\n\t\t<\/div>\n\t\t\t\t<div class=\"elementor-column elementor-col-50 elementor-inner-column elementor-element elementor-element-93c9bbc\" data-id=\"93c9bbc\" data-element_type=\"column\" data-e-type=\"column\">\n\t\t\t<div class=\"elementor-widget-wrap elementor-element-populated\">\n\t\t\t\t\t\t<div class=\"elementor-element elementor-element-b75c89e elementor-widget elementor-widget-heading\" data-id=\"b75c89e\" data-element_type=\"widget\" data-e-type=\"widget\" data-widget_type=\"heading.default\">\n\t\t\t\t\t<h3 class=\"elementor-heading-title elementor-size-default\">Vorteile<\/h3>\t\t\t\t<\/div>\n\t\t\t\t<div class=\"elementor-element elementor-element-9881c2c elementor-widget elementor-widget-text-editor\" data-id=\"9881c2c\" data-element_type=\"widget\" data-e-type=\"widget\" data-widget_type=\"text-editor.default\">\n\t\t\t\t\t\t\t\t\t<ul><li>Hochpr\u00e4ziser Sensor<\/li><li>Gibt die Temperatur schnell in 10 Sekunden ein<\/li><li>Er liefert einen sehr genauen Messwert und ist ein zuverl\u00e4ssiges Mittel zur Bestimmung der Temperatur.<\/li><li>Fieberalarm<\/li><li>Automatische Abschaltung nach 60 Sekunden.<\/li><li>Zertifizierungen: CE, ROHS, ISO13485<\/li><\/ul>\t\t\t\t\t\t\t\t<\/div>\n\t\t\t\t<div class=\"elementor-element elementor-element-c39ec39 elementor-widget elementor-widget-heading\" data-id=\"c39ec39\" data-element_type=\"widget\" data-e-type=\"widget\" data-widget_type=\"heading.default\">\n\t\t\t\t\t<h3 class=\"elementor-heading-title elementor-size-default\">Inhalt<\/h3>\t\t\t\t<\/div>\n\t\t\t\t<div class=\"elementor-element elementor-element-3b22b37 elementor-widget elementor-widget-text-editor\" data-id=\"3b22b37\" data-element_type=\"widget\" data-e-type=\"widget\" data-widget_type=\"text-editor.default\">\n\t\t\t\t\t\t\t\t\t<ul><li>Digitales Thermometer<\/li><li>Aufbewahrungstasche<\/li><li>Knopfzelle<\/li><li>Mehrsprachiges Benutzerhandbuch EN \/ FR \/ IT \/ DE<\/li><\/ul>\t\t\t\t\t\t\t\t<\/div>\n\t\t\t\t\t<\/div>\n\t\t<\/div>\n\t\t\t\t\t<\/div>\n\t\t<\/section>\n\t\t\t\t\t<\/div>\n\t\t<\/div>\n\t\t\t\t\t<\/div>\n\t\t<\/section>\n\t\t\t\t<section class=\"elementor-section elementor-top-section elementor-element elementor-element-c174597 elementor-section-full_width elementor-section-height-default elementor-section-height-default\" data-id=\"c174597\" data-element_type=\"section\" data-e-type=\"section\">\n\t\t\t\t\t\t<div class=\"elementor-container elementor-column-gap-default\">\n\t\t\t\t\t<div class=\"elementor-column elementor-col-100 elementor-top-column elementor-element elementor-element-37da665\" data-id=\"37da665\" data-element_type=\"column\" data-e-type=\"column\">\n\t\t\t<div class=\"elementor-widget-wrap\">\n\t\t\t\t\t\t\t<\/div>\n\t\t<\/div>\n\t\t\t\t\t<\/div>\n\t\t<\/section>\n\t\t\t\t<\/div>\n\t\t","protected":false},"excerpt":{"rendered":"<p>Das Swixed Flextherm 100 ist ein digitales Thermometer mit flexibler Spitze. Es erm\u00f6glicht eine schnelle Messung der K\u00f6rpertemperatur oral, rektal oder unter dem Arm. Das Ger\u00e4t eignet sich f\u00fcr den h\u00e4uslichen und klinischen Einsatz bei Personen jeden Alters. Die Messdauer betr\u00e4gt weniger als 10 Sekunden. Es verf\u00fcgt \u00fcber einen Pr\u00e4zisionssensor, ein akustisches Signal bei Messende, eine automatische Abschaltung und eine wasserfeste Spitze zur einfachen Reinigung. Packung mit 300 St\u00fcck.     Lot von 300 St\u00fcck.<\/p>\n","protected":false},"featured_media":42106,"template":"","meta":{"_acf_changed":false},"product_brand":[2192],"product_cat":[959,974,980,967],"product_tag":[1303,2220,1305,1304],"class_list":{"0":"post-42083","1":"product","2":"type-product","3":"status-publish","4":"has-post-thumbnail","6":"product_brand-swixed-de","7":"product_cat-swixed-produkte","8":"product_cat-thermometer-de","9":"product_cat-geraete-thermometer","10":"product_cat-thermometer","11":"product_tag-axillartemperatur","12":"product_tag-destocking-de","13":"product_tag-mundtemperatur","14":"product_tag-rektaltemperatur","15":"product_shipping_class-flat-rate-shipping","17":"first","18":"instock","19":"sale","20":"taxable","21":"shipping-taxable","22":"purchasable","23":"product-type-simple"},"acf":[],"yoast_head":"<!-- This site is optimized with the Yoast SEO Premium plugin v27.4 (Yoast SEO v27.4) - https:\/\/yoast.com\/product\/yoast-seo-premium-wordpress\/ -->\n<title>Swixed Flextherm 100 \u2013 Packung mit 300 flexiblen digitalen Thermometern | Swixed SA - Flexibel<\/title>\n<meta name=\"description\" content=\"Flextherm 100 ist ein digitales Thermometer mit einer flexiblen Sonde, die ein schnelles und genaues Ablesen der K\u00f6rpertemperatur erm\u00f6glicht.\" \/>\n<meta name=\"robots\" content=\"index, follow, max-snippet:-1, max-image-preview:large, max-video-preview:-1\" \/>\n<link rel=\"canonical\" href=\"https:\/\/swixed.ch\/de\/produkt\/sed75103\/\" \/>\n<meta property=\"og:locale\" content=\"de_DE\" \/>\n<meta property=\"og:type\" content=\"article\" \/>\n<meta property=\"og:title\" content=\"Swixed Flextherm 100 \u2013 Packung mit 300 flexiblen digitalen Thermometern\" \/>\n<meta property=\"og:description\" content=\"Flextherm 100 ist ein digitales Thermometer mit einer flexiblen Sonde, die ein schnelles und genaues Ablesen der K\u00f6rpertemperatur erm\u00f6glicht.\" \/>\n<meta property=\"og:url\" content=\"https:\/\/swixed.ch\/de\/produkt\/sed75103\/\" \/>\n<meta property=\"og:site_name\" content=\"Swixed SA\" \/>\n<meta property=\"article:publisher\" content=\"https:\/\/www.facebook.com\/swixed\" \/>\n<meta property=\"article:modified_time\" content=\"2025-07-13T16:16:18+00:00\" \/>\n<meta property=\"og:image\" content=\"https:\/\/swixed.ch\/wp-content\/uploads\/products\/swixed-flextherm-100-01x300fr.png\" \/>\n\t<meta property=\"og:image:width\" content=\"600\" \/>\n\t<meta property=\"og:image:height\" content=\"600\" \/>\n\t<meta property=\"og:image:type\" content=\"image\/png\" \/>\n<meta name=\"twitter:card\" content=\"summary_large_image\" \/>\n<meta name=\"twitter:label1\" content=\"Gesch\u00e4tzte Lesezeit\" \/>\n\t<meta name=\"twitter:data1\" content=\"2\u00a0Minuten\" \/>\n<script type=\"application\/ld+json\" class=\"yoast-schema-graph\">{\"@context\":\"https:\\\/\\\/schema.org\",\"@graph\":[{\"@type\":\"WebPage\",\"@id\":\"https:\\\/\\\/swixed.ch\\\/de\\\/produkt\\\/sed75103\\\/\",\"url\":\"https:\\\/\\\/swixed.ch\\\/de\\\/produkt\\\/sed75103\\\/\",\"name\":\"Swixed Flextherm 100 \u2013 Packung mit 300 flexiblen digitalen Thermometern | Swixed SA - Flexibel\",\"isPartOf\":{\"@id\":\"https:\\\/\\\/swixed.ch\\\/de\\\/#website\"},\"primaryImageOfPage\":{\"@id\":\"https:\\\/\\\/swixed.ch\\\/de\\\/produkt\\\/sed75103\\\/#primaryimage\"},\"image\":{\"@id\":\"https:\\\/\\\/swixed.ch\\\/de\\\/produkt\\\/sed75103\\\/#primaryimage\"},\"thumbnailUrl\":\"https:\\\/\\\/swixed.ch\\\/wp-content\\\/uploads\\\/products\\\/swixed-flextherm-100-01x300fr.png\",\"datePublished\":\"2024-02-23T16:57:26+00:00\",\"dateModified\":\"2025-07-13T16:16:18+00:00\",\"description\":\"Flextherm 100 ist ein digitales Thermometer mit einer flexiblen Sonde, die ein schnelles und genaues Ablesen der K\u00f6rpertemperatur erm\u00f6glicht.\",\"breadcrumb\":{\"@id\":\"https:\\\/\\\/swixed.ch\\\/de\\\/produkt\\\/sed75103\\\/#breadcrumb\"},\"inLanguage\":\"de\",\"potentialAction\":[{\"@type\":\"ReadAction\",\"target\":[\"https:\\\/\\\/swixed.ch\\\/de\\\/produkt\\\/sed75103\\\/\"]}]},{\"@type\":\"ImageObject\",\"inLanguage\":\"de\",\"@id\":\"https:\\\/\\\/swixed.ch\\\/de\\\/produkt\\\/sed75103\\\/#primaryimage\",\"url\":\"https:\\\/\\\/swixed.ch\\\/wp-content\\\/uploads\\\/products\\\/swixed-flextherm-100-01x300fr.png\",\"contentUrl\":\"https:\\\/\\\/swixed.ch\\\/wp-content\\\/uploads\\\/products\\\/swixed-flextherm-100-01x300fr.png\",\"width\":600,\"height\":600,\"caption\":\"swixed flextherm 100\"},{\"@type\":\"BreadcrumbList\",\"@id\":\"https:\\\/\\\/swixed.ch\\\/de\\\/produkt\\\/sed75103\\\/#breadcrumb\",\"itemListElement\":[{\"@type\":\"ListItem\",\"position\":1,\"name\":\"Startseite\",\"item\":\"https:\\\/\\\/swixed.ch\\\/de\\\/home\\\/\"},{\"@type\":\"ListItem\",\"position\":2,\"name\":\"Shop\",\"item\":\"https:\\\/\\\/swixed.ch\\\/de\\\/shop\\\/\"},{\"@type\":\"ListItem\",\"position\":3,\"name\":\"Swixed Flextherm 100 \u2013 Packung mit 300 flexiblen digitalen Thermometern\"}]},{\"@type\":\"WebSite\",\"@id\":\"https:\\\/\\\/swixed.ch\\\/de\\\/#website\",\"url\":\"https:\\\/\\\/swixed.ch\\\/de\\\/\",\"name\":\"Swixed SA\",\"description\":\"Elektronische Ger\u00e4te\",\"publisher\":{\"@id\":\"https:\\\/\\\/swixed.ch\\\/de\\\/#organization\"},\"potentialAction\":[{\"@type\":\"SearchAction\",\"target\":{\"@type\":\"EntryPoint\",\"urlTemplate\":\"https:\\\/\\\/swixed.ch\\\/de\\\/?s={search_term_string}\"},\"query-input\":{\"@type\":\"PropertyValueSpecification\",\"valueRequired\":true,\"valueName\":\"search_term_string\"}}],\"inLanguage\":\"de\"},{\"@type\":\"Organization\",\"@id\":\"https:\\\/\\\/swixed.ch\\\/de\\\/#organization\",\"name\":\"Swixed SA\",\"url\":\"https:\\\/\\\/swixed.ch\\\/de\\\/\",\"logo\":{\"@type\":\"ImageObject\",\"inLanguage\":\"de\",\"@id\":\"https:\\\/\\\/swixed.ch\\\/de\\\/#\\\/schema\\\/logo\\\/image\\\/\",\"url\":\"https:\\\/\\\/swixed.ch\\\/wp-content\\\/uploads\\\/logos\\\/swixed-logo-lite.png\",\"contentUrl\":\"https:\\\/\\\/swixed.ch\\\/wp-content\\\/uploads\\\/logos\\\/swixed-logo-lite.png\",\"width\":696,\"height\":696,\"caption\":\"Swixed SA\"},\"image\":{\"@id\":\"https:\\\/\\\/swixed.ch\\\/de\\\/#\\\/schema\\\/logo\\\/image\\\/\"},\"sameAs\":[\"https:\\\/\\\/www.facebook.com\\\/swixed\",\"https:\\\/\\\/www.linkedin.com\\\/company\\\/swixed\",\"https:\\\/\\\/www.youtube.com\\\/@swixedsa\"],\"description\":\"Swixed SA est une entreprise suisse bas\u00e9e \u00e0 Gen\u00e8ve, sp\u00e9cialis\u00e9e dans la vente, la location et la maintenance d\u2019appareils m\u00e9dicaux professionnels, tels que d\u00e9fibrillateurs AED, \u00e9lectrocardiographes, moniteurs patient et dispositifs de diagnostic.\",\"email\":\"infoshop@swixed.ch\",\"telephone\":\"+41 22 566 11 95\",\"legalName\":\"Swixed SA\",\"foundingDate\":\"2021-03-01\",\"numberOfEmployees\":{\"@type\":\"QuantitativeValue\",\"minValue\":\"1\",\"maxValue\":\"10\"}}]}<\/script>\n<!-- \/ Yoast SEO Premium plugin. -->","yoast_head_json":{"title":"Swixed Flextherm 100 \u2013 Packung mit 300 flexiblen digitalen Thermometern | Swixed SA - Flexibel","description":"Flextherm 100 ist ein digitales Thermometer mit einer flexiblen Sonde, die ein schnelles und genaues Ablesen der K\u00f6rpertemperatur erm\u00f6glicht.","robots":{"index":"index","follow":"follow","max-snippet":"max-snippet:-1","max-image-preview":"max-image-preview:large","max-video-preview":"max-video-preview:-1"},"canonical":"https:\/\/swixed.ch\/de\/produkt\/sed75103\/","og_locale":"de_DE","og_type":"article","og_title":"Swixed Flextherm 100 \u2013 Packung mit 300 flexiblen digitalen Thermometern","og_description":"Flextherm 100 ist ein digitales Thermometer mit einer flexiblen Sonde, die ein schnelles und genaues Ablesen der K\u00f6rpertemperatur erm\u00f6glicht.","og_url":"https:\/\/swixed.ch\/de\/produkt\/sed75103\/","og_site_name":"Swixed SA","article_publisher":"https:\/\/www.facebook.com\/swixed","article_modified_time":"2025-07-13T16:16:18+00:00","og_image":[{"width":600,"height":600,"url":"https:\/\/swixed.ch\/wp-content\/uploads\/products\/swixed-flextherm-100-01x300fr.png","type":"image\/png"}],"twitter_card":"summary_large_image","twitter_misc":{"Gesch\u00e4tzte Lesezeit":"2\u00a0Minuten"},"schema":{"@context":"https:\/\/schema.org","@graph":[{"@type":"WebPage","@id":"https:\/\/swixed.ch\/de\/produkt\/sed75103\/","url":"https:\/\/swixed.ch\/de\/produkt\/sed75103\/","name":"Swixed Flextherm 100 \u2013 Packung mit 300 flexiblen digitalen Thermometern | Swixed SA - Flexibel","isPartOf":{"@id":"https:\/\/swixed.ch\/de\/#website"},"primaryImageOfPage":{"@id":"https:\/\/swixed.ch\/de\/produkt\/sed75103\/#primaryimage"},"image":{"@id":"https:\/\/swixed.ch\/de\/produkt\/sed75103\/#primaryimage"},"thumbnailUrl":"https:\/\/swixed.ch\/wp-content\/uploads\/products\/swixed-flextherm-100-01x300fr.png","datePublished":"2024-02-23T16:57:26+00:00","dateModified":"2025-07-13T16:16:18+00:00","description":"Flextherm 100 ist ein digitales Thermometer mit einer flexiblen Sonde, die ein schnelles und genaues Ablesen der K\u00f6rpertemperatur erm\u00f6glicht.","breadcrumb":{"@id":"https:\/\/swixed.ch\/de\/produkt\/sed75103\/#breadcrumb"},"inLanguage":"de","potentialAction":[{"@type":"ReadAction","target":["https:\/\/swixed.ch\/de\/produkt\/sed75103\/"]}]},{"@type":"ImageObject","inLanguage":"de","@id":"https:\/\/swixed.ch\/de\/produkt\/sed75103\/#primaryimage","url":"https:\/\/swixed.ch\/wp-content\/uploads\/products\/swixed-flextherm-100-01x300fr.png","contentUrl":"https:\/\/swixed.ch\/wp-content\/uploads\/products\/swixed-flextherm-100-01x300fr.png","width":600,"height":600,"caption":"swixed flextherm 100"},{"@type":"BreadcrumbList","@id":"https:\/\/swixed.ch\/de\/produkt\/sed75103\/#breadcrumb","itemListElement":[{"@type":"ListItem","position":1,"name":"Startseite","item":"https:\/\/swixed.ch\/de\/home\/"},{"@type":"ListItem","position":2,"name":"Shop","item":"https:\/\/swixed.ch\/de\/shop\/"},{"@type":"ListItem","position":3,"name":"Swixed Flextherm 100 \u2013 Packung mit 300 flexiblen digitalen Thermometern"}]},{"@type":"WebSite","@id":"https:\/\/swixed.ch\/de\/#website","url":"https:\/\/swixed.ch\/de\/","name":"Swixed SA","description":"Elektronische Ger\u00e4te","publisher":{"@id":"https:\/\/swixed.ch\/de\/#organization"},"potentialAction":[{"@type":"SearchAction","target":{"@type":"EntryPoint","urlTemplate":"https:\/\/swixed.ch\/de\/?s={search_term_string}"},"query-input":{"@type":"PropertyValueSpecification","valueRequired":true,"valueName":"search_term_string"}}],"inLanguage":"de"},{"@type":"Organization","@id":"https:\/\/swixed.ch\/de\/#organization","name":"Swixed SA","url":"https:\/\/swixed.ch\/de\/","logo":{"@type":"ImageObject","inLanguage":"de","@id":"https:\/\/swixed.ch\/de\/#\/schema\/logo\/image\/","url":"https:\/\/swixed.ch\/wp-content\/uploads\/logos\/swixed-logo-lite.png","contentUrl":"https:\/\/swixed.ch\/wp-content\/uploads\/logos\/swixed-logo-lite.png","width":696,"height":696,"caption":"Swixed SA"},"image":{"@id":"https:\/\/swixed.ch\/de\/#\/schema\/logo\/image\/"},"sameAs":["https:\/\/www.facebook.com\/swixed","https:\/\/www.linkedin.com\/company\/swixed","https:\/\/www.youtube.com\/@swixedsa"],"description":"Swixed SA est une entreprise suisse bas\u00e9e \u00e0 Gen\u00e8ve, sp\u00e9cialis\u00e9e dans la vente, la location et la maintenance d\u2019appareils m\u00e9dicaux professionnels, tels que d\u00e9fibrillateurs AED, \u00e9lectrocardiographes, moniteurs patient et dispositifs de diagnostic.","email":"infoshop@swixed.ch","telephone":"+41 22 566 11 95","legalName":"Swixed SA","foundingDate":"2021-03-01","numberOfEmployees":{"@type":"QuantitativeValue","minValue":"1","maxValue":"10"}}]}},"_links":{"self":[{"href":"https:\/\/swixed.ch\/de\/wp-json\/wp\/v2\/product\/42083","targetHints":{"allow":["GET"]}}],"collection":[{"href":"https:\/\/swixed.ch\/de\/wp-json\/wp\/v2\/product"}],"about":[{"href":"https:\/\/swixed.ch\/de\/wp-json\/wp\/v2\/types\/product"}],"version-history":[{"count":0,"href":"https:\/\/swixed.ch\/de\/wp-json\/wp\/v2\/product\/42083\/revisions"}],"wp:featuredmedia":[{"embeddable":true,"href":"https:\/\/swixed.ch\/de\/wp-json\/wp\/v2\/media\/42106"}],"wp:attachment":[{"href":"https:\/\/swixed.ch\/de\/wp-json\/wp\/v2\/media?parent=42083"}],"wp:term":[{"taxonomy":"product_brand","embeddable":true,"href":"https:\/\/swixed.ch\/de\/wp-json\/wp\/v2\/product_brand?post=42083"},{"taxonomy":"product_cat","embeddable":true,"href":"https:\/\/swixed.ch\/de\/wp-json\/wp\/v2\/product_cat?post=42083"},{"taxonomy":"product_tag","embeddable":true,"href":"https:\/\/swixed.ch\/de\/wp-json\/wp\/v2\/product_tag?post=42083"}],"curies":[{"name":"wp","href":"https:\/\/api.w.org\/{rel}","templated":true}]}}