{"id":43746,"date":"2024-07-02T12:19:54","date_gmt":"2024-07-02T11:19:54","guid":{"rendered":"https:\/\/swixed.com\/?post_type=product&#038;p=43746"},"modified":"2025-08-03T09:16:41","modified_gmt":"2025-08-03T07:16:41","slug":"sed95016","status":"publish","type":"product","link":"https:\/\/swixed.ch\/de\/produkt\/sed95016\/","title":{"rendered":"Hartmann 128 C \u2013 Medizinische Stimmgabel mit verstellbarem Schieber"},"content":{"rendered":"\t\t<div data-elementor-type=\"product-post\" data-elementor-id=\"43746\" class=\"elementor elementor-43746 elementor-43745\" data-elementor-post-type=\"product\">\n\t\t\t\t\t\t<section class=\"elementor-section elementor-top-section elementor-element elementor-element-834d306 elementor-section-boxed elementor-section-height-default elementor-section-height-default\" data-id=\"834d306\" data-element_type=\"section\" data-e-type=\"section\">\n\t\t\t\t\t\t<div class=\"elementor-container elementor-column-gap-default\">\n\t\t\t\t\t<div class=\"elementor-column elementor-col-100 elementor-top-column elementor-element elementor-element-085465e\" data-id=\"085465e\" data-element_type=\"column\" data-e-type=\"column\">\n\t\t\t<div class=\"elementor-widget-wrap elementor-element-populated\">\n\t\t\t\t\t\t<div class=\"elementor-element elementor-element-0684e71 elementor-widget elementor-widget-heading\" data-id=\"0684e71\" data-element_type=\"widget\" data-e-type=\"widget\" data-widget_type=\"heading.default\">\n\t\t\t\t\t<h2 class=\"elementor-heading-title elementor-size-default\">Beschreibung medizinische Stimmgabel<\/h2>\t\t\t\t<\/div>\n\t\t\t\t\t<\/div>\n\t\t<\/div>\n\t\t\t\t\t<\/div>\n\t\t<\/section>\n\t\t\t\t<section class=\"elementor-section elementor-top-section elementor-element elementor-element-bbbff69 elementor-section-boxed elementor-section-height-default elementor-section-height-default\" data-id=\"bbbff69\" data-element_type=\"section\" data-e-type=\"section\">\n\t\t\t\t\t\t<div class=\"elementor-container elementor-column-gap-default\">\n\t\t\t\t\t<div class=\"elementor-column elementor-col-100 elementor-top-column elementor-element elementor-element-df88c60\" data-id=\"df88c60\" data-element_type=\"column\" data-e-type=\"column\">\n\t\t\t<div class=\"elementor-widget-wrap elementor-element-populated\">\n\t\t\t\t\t\t<div class=\"elementor-element elementor-element-181dedd elementor-widget elementor-widget-text-editor\" data-id=\"181dedd\" data-element_type=\"widget\" data-e-type=\"widget\" data-widget_type=\"text-editor.default\">\n\t\t\t\t\t\t\t\t\t<p>Die <strong>Hartmann 128 C Stimmgabel<\/strong> mit Schieber wird in der Akummetrik f\u00fcr die<strong> Erstdiagnose von H\u00f6rverlust<\/strong> verwendet, insbesondere f\u00fcr den <strong>Rinne- und Weber-Test<\/strong>. Diese Diagnosen m\u00fcssen jedoch durch weitere Untersuchungen mit Audiometern best\u00e4tigt werden. Es ist wichtig zu beachten, dass <strong>diese Stimmgabel nicht f\u00fcr neurologische Untersuchungen geeignet ist<\/strong>.<\/p><p>Dieses HNO-Instrument aus rostfreiem Stahl ist <strong>16,50 cm<\/strong> lang und vibriert mit einer Frequenz von <strong>128 Hz<\/strong>. Diese Stimmgabel ist <strong>18 Minuten lang bei 134 \u00b0C autoklavierbar<\/strong> und kann leicht gereinigt werden. In der Maschine oder von Hand mit einem Reinigungsmittel, das den<strong>rostfreien Stahl<\/strong> nicht besch\u00e4digt.<\/p>\t\t\t\t\t\t\t\t<\/div>\n\t\t\t\t\t<\/div>\n\t\t<\/div>\n\t\t\t\t\t<\/div>\n\t\t<\/section>\n\t\t\t\t<\/div>\n\t\t","protected":false},"excerpt":{"rendered":"<p>Die Stimmgabel Hartmann 128 C ist ein hochwertiges medizinisches Diagnoseinstrument, das h\u00e4ufig in der Neurologie und Audiologie eingesetzt wird. Sie besteht aus Stahl, erzeugt eine stabile Frequenz von 128 Hz und verf\u00fcgt \u00fcber einen verschiebbaren Schieber zur pr\u00e4zisen Vibrationskontrolle. Kompakt und langlebig, eignet sie sich f\u00fcr klinische Anwendungen und Schulungen. Lieferung ohne Hammer oder Zubeh\u00f6r. Entspricht den EU-Richtlinien.    <\/p>\n","protected":false},"featured_media":43761,"template":"","meta":{"_acf_changed":false},"product_brand":[2230],"product_cat":[2203,1862],"product_tag":[1017,2240,1865,1900,1375,1899,1898],"class_list":{"0":"post-43746","1":"product","2":"type-product","3":"status-publish","4":"has-post-thumbnail","6":"product_brand-ziana-industries-de","7":"product_cat-stimmgabeln","8":"product_cat-medizinisches-zubehoer","9":"product_tag-allgemeinmedizin","10":"product_tag-hartmann-de","11":"product_tag-masnahme","12":"product_tag-neurologie-de","13":"product_tag-orl-de","14":"product_tag-rydel-seiffer-de","15":"product_tag-stimmgabel","17":"first","18":"instock","19":"taxable","20":"shipping-taxable","21":"purchasable","22":"product-type-simple"},"acf":[],"yoast_head":"<!-- This site is optimized with the Yoast SEO Premium plugin v27.4 (Yoast SEO v27.4) - https:\/\/yoast.com\/product\/yoast-seo-premium-wordpress\/ -->\n<title>Hartmann 128 C \u2013 Medizinische Stimmgabel mit verstellbarem Schieber | Swixed SA<\/title>\n<meta name=\"description\" content=\"Die Hartmann 128 C Stimmgabel mit Schieber wird f\u00fcr die Erstdiagnose von H\u00f6rverlust verwendet, insbesondere f\u00fcr den Rinne- und Weber-Test.\" \/>\n<meta name=\"robots\" content=\"index, follow, max-snippet:-1, max-image-preview:large, max-video-preview:-1\" \/>\n<link rel=\"canonical\" href=\"https:\/\/swixed.ch\/de\/produkt\/sed95016\/\" \/>\n<meta property=\"og:locale\" content=\"de_DE\" \/>\n<meta property=\"og:type\" content=\"article\" \/>\n<meta property=\"og:title\" content=\"Hartmann 128 C \u2013 Medizinische Stimmgabel mit verstellbarem Schieber\" \/>\n<meta property=\"og:description\" content=\"Die Hartmann 128 C Stimmgabel mit Schieber wird f\u00fcr die Erstdiagnose von H\u00f6rverlust verwendet, insbesondere f\u00fcr den Rinne- und Weber-Test.\" \/>\n<meta property=\"og:url\" content=\"https:\/\/swixed.ch\/de\/produkt\/sed95016\/\" \/>\n<meta property=\"og:site_name\" content=\"Swixed SA\" \/>\n<meta property=\"article:publisher\" content=\"https:\/\/www.facebook.com\/swixed\" \/>\n<meta property=\"article:modified_time\" content=\"2025-08-03T07:16:41+00:00\" \/>\n<meta property=\"og:image\" content=\"https:\/\/swixed.ch\/wp-content\/uploads\/products\/ziana-industries-diapason-hartmann-128-c-01.png\" \/>\n\t<meta property=\"og:image:width\" content=\"600\" \/>\n\t<meta property=\"og:image:height\" content=\"600\" \/>\n\t<meta property=\"og:image:type\" content=\"image\/png\" \/>\n<meta name=\"twitter:card\" content=\"summary_large_image\" \/>\n<script type=\"application\/ld+json\" class=\"yoast-schema-graph\">{\"@context\":\"https:\\\/\\\/schema.org\",\"@graph\":[{\"@type\":\"WebPage\",\"@id\":\"https:\\\/\\\/swixed.ch\\\/de\\\/produkt\\\/sed95016\\\/\",\"url\":\"https:\\\/\\\/swixed.ch\\\/de\\\/produkt\\\/sed95016\\\/\",\"name\":\"Hartmann 128 C \u2013 Medizinische Stimmgabel mit verstellbarem Schieber | Swixed SA\",\"isPartOf\":{\"@id\":\"https:\\\/\\\/swixed.ch\\\/de\\\/#website\"},\"primaryImageOfPage\":{\"@id\":\"https:\\\/\\\/swixed.ch\\\/de\\\/produkt\\\/sed95016\\\/#primaryimage\"},\"image\":{\"@id\":\"https:\\\/\\\/swixed.ch\\\/de\\\/produkt\\\/sed95016\\\/#primaryimage\"},\"thumbnailUrl\":\"https:\\\/\\\/swixed.ch\\\/wp-content\\\/uploads\\\/products\\\/ziana-industries-diapason-hartmann-128-c-01.png\",\"datePublished\":\"2024-07-02T11:19:54+00:00\",\"dateModified\":\"2025-08-03T07:16:41+00:00\",\"description\":\"Die Hartmann 128 C Stimmgabel mit Schieber wird f\u00fcr die Erstdiagnose von H\u00f6rverlust verwendet, insbesondere f\u00fcr den Rinne- und Weber-Test.\",\"breadcrumb\":{\"@id\":\"https:\\\/\\\/swixed.ch\\\/de\\\/produkt\\\/sed95016\\\/#breadcrumb\"},\"inLanguage\":\"de\",\"potentialAction\":[{\"@type\":\"ReadAction\",\"target\":[\"https:\\\/\\\/swixed.ch\\\/de\\\/produkt\\\/sed95016\\\/\"]}]},{\"@type\":\"ImageObject\",\"inLanguage\":\"de\",\"@id\":\"https:\\\/\\\/swixed.ch\\\/de\\\/produkt\\\/sed95016\\\/#primaryimage\",\"url\":\"https:\\\/\\\/swixed.ch\\\/wp-content\\\/uploads\\\/products\\\/ziana-industries-diapason-hartmann-128-c-01.png\",\"contentUrl\":\"https:\\\/\\\/swixed.ch\\\/wp-content\\\/uploads\\\/products\\\/ziana-industries-diapason-hartmann-128-c-01.png\",\"width\":600,\"height\":600,\"caption\":\"ziana industries Stimmgabel Hartmann 128 c 01\"},{\"@type\":\"BreadcrumbList\",\"@id\":\"https:\\\/\\\/swixed.ch\\\/de\\\/produkt\\\/sed95016\\\/#breadcrumb\",\"itemListElement\":[{\"@type\":\"ListItem\",\"position\":1,\"name\":\"Startseite\",\"item\":\"https:\\\/\\\/swixed.ch\\\/de\\\/home\\\/\"},{\"@type\":\"ListItem\",\"position\":2,\"name\":\"Shop\",\"item\":\"https:\\\/\\\/swixed.ch\\\/de\\\/shop\\\/\"},{\"@type\":\"ListItem\",\"position\":3,\"name\":\"Hartmann 128 C \u2013 Medizinische Stimmgabel mit verstellbarem Schieber\"}]},{\"@type\":\"WebSite\",\"@id\":\"https:\\\/\\\/swixed.ch\\\/de\\\/#website\",\"url\":\"https:\\\/\\\/swixed.ch\\\/de\\\/\",\"name\":\"Swixed SA\",\"description\":\"Elektronische Ger\u00e4te\",\"publisher\":{\"@id\":\"https:\\\/\\\/swixed.ch\\\/de\\\/#organization\"},\"potentialAction\":[{\"@type\":\"SearchAction\",\"target\":{\"@type\":\"EntryPoint\",\"urlTemplate\":\"https:\\\/\\\/swixed.ch\\\/de\\\/?s={search_term_string}\"},\"query-input\":{\"@type\":\"PropertyValueSpecification\",\"valueRequired\":true,\"valueName\":\"search_term_string\"}}],\"inLanguage\":\"de\"},{\"@type\":\"Organization\",\"@id\":\"https:\\\/\\\/swixed.ch\\\/de\\\/#organization\",\"name\":\"Swixed SA\",\"url\":\"https:\\\/\\\/swixed.ch\\\/de\\\/\",\"logo\":{\"@type\":\"ImageObject\",\"inLanguage\":\"de\",\"@id\":\"https:\\\/\\\/swixed.ch\\\/de\\\/#\\\/schema\\\/logo\\\/image\\\/\",\"url\":\"https:\\\/\\\/swixed.ch\\\/wp-content\\\/uploads\\\/logos\\\/swixed-logo-lite.png\",\"contentUrl\":\"https:\\\/\\\/swixed.ch\\\/wp-content\\\/uploads\\\/logos\\\/swixed-logo-lite.png\",\"width\":696,\"height\":696,\"caption\":\"Swixed SA\"},\"image\":{\"@id\":\"https:\\\/\\\/swixed.ch\\\/de\\\/#\\\/schema\\\/logo\\\/image\\\/\"},\"sameAs\":[\"https:\\\/\\\/www.facebook.com\\\/swixed\",\"https:\\\/\\\/www.linkedin.com\\\/company\\\/swixed\",\"https:\\\/\\\/www.youtube.com\\\/@swixedsa\"],\"description\":\"Swixed SA est une entreprise suisse bas\u00e9e \u00e0 Gen\u00e8ve, sp\u00e9cialis\u00e9e dans la vente, la location et la maintenance d\u2019appareils m\u00e9dicaux professionnels, tels que d\u00e9fibrillateurs AED, \u00e9lectrocardiographes, moniteurs patient et dispositifs de diagnostic.\",\"email\":\"infoshop@swixed.ch\",\"telephone\":\"+41 22 566 11 95\",\"legalName\":\"Swixed SA\",\"foundingDate\":\"2021-03-01\",\"numberOfEmployees\":{\"@type\":\"QuantitativeValue\",\"minValue\":\"1\",\"maxValue\":\"10\"}}]}<\/script>\n<!-- \/ Yoast SEO Premium plugin. -->","yoast_head_json":{"title":"Hartmann 128 C \u2013 Medizinische Stimmgabel mit verstellbarem Schieber | Swixed SA","description":"Die Hartmann 128 C Stimmgabel mit Schieber wird f\u00fcr die Erstdiagnose von H\u00f6rverlust verwendet, insbesondere f\u00fcr den Rinne- und Weber-Test.","robots":{"index":"index","follow":"follow","max-snippet":"max-snippet:-1","max-image-preview":"max-image-preview:large","max-video-preview":"max-video-preview:-1"},"canonical":"https:\/\/swixed.ch\/de\/produkt\/sed95016\/","og_locale":"de_DE","og_type":"article","og_title":"Hartmann 128 C \u2013 Medizinische Stimmgabel mit verstellbarem Schieber","og_description":"Die Hartmann 128 C Stimmgabel mit Schieber wird f\u00fcr die Erstdiagnose von H\u00f6rverlust verwendet, insbesondere f\u00fcr den Rinne- und Weber-Test.","og_url":"https:\/\/swixed.ch\/de\/produkt\/sed95016\/","og_site_name":"Swixed SA","article_publisher":"https:\/\/www.facebook.com\/swixed","article_modified_time":"2025-08-03T07:16:41+00:00","og_image":[{"width":600,"height":600,"url":"https:\/\/swixed.ch\/wp-content\/uploads\/products\/ziana-industries-diapason-hartmann-128-c-01.png","type":"image\/png"}],"twitter_card":"summary_large_image","schema":{"@context":"https:\/\/schema.org","@graph":[{"@type":"WebPage","@id":"https:\/\/swixed.ch\/de\/produkt\/sed95016\/","url":"https:\/\/swixed.ch\/de\/produkt\/sed95016\/","name":"Hartmann 128 C \u2013 Medizinische Stimmgabel mit verstellbarem Schieber | Swixed SA","isPartOf":{"@id":"https:\/\/swixed.ch\/de\/#website"},"primaryImageOfPage":{"@id":"https:\/\/swixed.ch\/de\/produkt\/sed95016\/#primaryimage"},"image":{"@id":"https:\/\/swixed.ch\/de\/produkt\/sed95016\/#primaryimage"},"thumbnailUrl":"https:\/\/swixed.ch\/wp-content\/uploads\/products\/ziana-industries-diapason-hartmann-128-c-01.png","datePublished":"2024-07-02T11:19:54+00:00","dateModified":"2025-08-03T07:16:41+00:00","description":"Die Hartmann 128 C Stimmgabel mit Schieber wird f\u00fcr die Erstdiagnose von H\u00f6rverlust verwendet, insbesondere f\u00fcr den Rinne- und Weber-Test.","breadcrumb":{"@id":"https:\/\/swixed.ch\/de\/produkt\/sed95016\/#breadcrumb"},"inLanguage":"de","potentialAction":[{"@type":"ReadAction","target":["https:\/\/swixed.ch\/de\/produkt\/sed95016\/"]}]},{"@type":"ImageObject","inLanguage":"de","@id":"https:\/\/swixed.ch\/de\/produkt\/sed95016\/#primaryimage","url":"https:\/\/swixed.ch\/wp-content\/uploads\/products\/ziana-industries-diapason-hartmann-128-c-01.png","contentUrl":"https:\/\/swixed.ch\/wp-content\/uploads\/products\/ziana-industries-diapason-hartmann-128-c-01.png","width":600,"height":600,"caption":"ziana industries Stimmgabel Hartmann 128 c 01"},{"@type":"BreadcrumbList","@id":"https:\/\/swixed.ch\/de\/produkt\/sed95016\/#breadcrumb","itemListElement":[{"@type":"ListItem","position":1,"name":"Startseite","item":"https:\/\/swixed.ch\/de\/home\/"},{"@type":"ListItem","position":2,"name":"Shop","item":"https:\/\/swixed.ch\/de\/shop\/"},{"@type":"ListItem","position":3,"name":"Hartmann 128 C \u2013 Medizinische Stimmgabel mit verstellbarem Schieber"}]},{"@type":"WebSite","@id":"https:\/\/swixed.ch\/de\/#website","url":"https:\/\/swixed.ch\/de\/","name":"Swixed SA","description":"Elektronische Ger\u00e4te","publisher":{"@id":"https:\/\/swixed.ch\/de\/#organization"},"potentialAction":[{"@type":"SearchAction","target":{"@type":"EntryPoint","urlTemplate":"https:\/\/swixed.ch\/de\/?s={search_term_string}"},"query-input":{"@type":"PropertyValueSpecification","valueRequired":true,"valueName":"search_term_string"}}],"inLanguage":"de"},{"@type":"Organization","@id":"https:\/\/swixed.ch\/de\/#organization","name":"Swixed SA","url":"https:\/\/swixed.ch\/de\/","logo":{"@type":"ImageObject","inLanguage":"de","@id":"https:\/\/swixed.ch\/de\/#\/schema\/logo\/image\/","url":"https:\/\/swixed.ch\/wp-content\/uploads\/logos\/swixed-logo-lite.png","contentUrl":"https:\/\/swixed.ch\/wp-content\/uploads\/logos\/swixed-logo-lite.png","width":696,"height":696,"caption":"Swixed SA"},"image":{"@id":"https:\/\/swixed.ch\/de\/#\/schema\/logo\/image\/"},"sameAs":["https:\/\/www.facebook.com\/swixed","https:\/\/www.linkedin.com\/company\/swixed","https:\/\/www.youtube.com\/@swixedsa"],"description":"Swixed SA est une entreprise suisse bas\u00e9e \u00e0 Gen\u00e8ve, sp\u00e9cialis\u00e9e dans la vente, la location et la maintenance d\u2019appareils m\u00e9dicaux professionnels, tels que d\u00e9fibrillateurs AED, \u00e9lectrocardiographes, moniteurs patient et dispositifs de diagnostic.","email":"infoshop@swixed.ch","telephone":"+41 22 566 11 95","legalName":"Swixed SA","foundingDate":"2021-03-01","numberOfEmployees":{"@type":"QuantitativeValue","minValue":"1","maxValue":"10"}}]}},"_links":{"self":[{"href":"https:\/\/swixed.ch\/de\/wp-json\/wp\/v2\/product\/43746","targetHints":{"allow":["GET"]}}],"collection":[{"href":"https:\/\/swixed.ch\/de\/wp-json\/wp\/v2\/product"}],"about":[{"href":"https:\/\/swixed.ch\/de\/wp-json\/wp\/v2\/types\/product"}],"version-history":[{"count":0,"href":"https:\/\/swixed.ch\/de\/wp-json\/wp\/v2\/product\/43746\/revisions"}],"wp:featuredmedia":[{"embeddable":true,"href":"https:\/\/swixed.ch\/de\/wp-json\/wp\/v2\/media\/43761"}],"wp:attachment":[{"href":"https:\/\/swixed.ch\/de\/wp-json\/wp\/v2\/media?parent=43746"}],"wp:term":[{"taxonomy":"product_brand","embeddable":true,"href":"https:\/\/swixed.ch\/de\/wp-json\/wp\/v2\/product_brand?post=43746"},{"taxonomy":"product_cat","embeddable":true,"href":"https:\/\/swixed.ch\/de\/wp-json\/wp\/v2\/product_cat?post=43746"},{"taxonomy":"product_tag","embeddable":true,"href":"https:\/\/swixed.ch\/de\/wp-json\/wp\/v2\/product_tag?post=43746"}],"curies":[{"name":"wp","href":"https:\/\/api.w.org\/{rel}","templated":true}]}}