{"id":43781,"date":"2024-07-02T14:19:05","date_gmt":"2024-07-02T13:19:05","guid":{"rendered":"https:\/\/swixed.com\/?post_type=product&#038;p=43781"},"modified":"2026-01-31T19:40:32","modified_gmt":"2026-01-31T18:40:32","slug":"sed95014","status":"publish","type":"product","link":"https:\/\/swixed.ch\/de\/produkt\/sed95014\/","title":{"rendered":"Spengler Peak-Flow &#8211; Mechanischer Spitzendurchflussmesser f\u00fcr Erwachsene mit farbigem Ablesebereich"},"content":{"rendered":"\t\t<div data-elementor-type=\"product-post\" data-elementor-id=\"43781\" class=\"elementor elementor-43781 elementor-43780\" data-elementor-post-type=\"product\">\n\t\t\t\t\t\t<section class=\"elementor-section elementor-top-section elementor-element elementor-element-834d306 elementor-section-boxed elementor-section-height-default elementor-section-height-default\" data-id=\"834d306\" data-element_type=\"section\" data-e-type=\"section\">\n\t\t\t\t\t\t<div class=\"elementor-container elementor-column-gap-default\">\n\t\t\t\t\t<div class=\"elementor-column elementor-col-100 elementor-top-column elementor-element elementor-element-085465e\" data-id=\"085465e\" data-element_type=\"column\" data-e-type=\"column\">\n\t\t\t<div class=\"elementor-widget-wrap elementor-element-populated\">\n\t\t\t\t\t\t<div class=\"elementor-element elementor-element-0684e71 elementor-widget elementor-widget-heading\" data-id=\"0684e71\" data-element_type=\"widget\" data-e-type=\"widget\" data-widget_type=\"heading.default\">\n\t\t\t\t\t<h2 class=\"elementor-heading-title elementor-size-default\">Beschreibung des Spitzenflussmessers<\/h2>\t\t\t\t<\/div>\n\t\t\t\t\t<\/div>\n\t\t<\/div>\n\t\t\t\t\t<\/div>\n\t\t<\/section>\n\t\t\t\t<section class=\"elementor-section elementor-top-section elementor-element elementor-element-bbbff69 elementor-section-boxed elementor-section-height-default elementor-section-height-default\" data-id=\"bbbff69\" data-element_type=\"section\" data-e-type=\"section\">\n\t\t\t\t\t\t<div class=\"elementor-container elementor-column-gap-default\">\n\t\t\t\t\t<div class=\"elementor-column elementor-col-100 elementor-top-column elementor-element elementor-element-df88c60\" data-id=\"df88c60\" data-element_type=\"column\" data-e-type=\"column\">\n\t\t\t<div class=\"elementor-widget-wrap elementor-element-populated\">\n\t\t\t\t\t\t<div class=\"elementor-element elementor-element-181dedd elementor-widget elementor-widget-text-editor\" data-id=\"181dedd\" data-element_type=\"widget\" data-e-type=\"widget\" data-widget_type=\"text-editor.default\">\n\t\t\t\t\t\t\t\t\t<p>Der <strong>Peak Flow Spengler<\/strong> ist ein Medizinprodukt f\u00fcr die <strong>Pr\u00e4vention und \u00dcberwachung von Asthma bei Erwachsenen und Kindern.<\/strong> Er misst mechanisch den <strong>Peak<\/strong> Flow <strong>(PEF<\/strong> ), der den Moment des st\u00e4rksten Atemzugs w\u00e4hrend einer Ausatmung beschreibt. Dieser Spitzenflussmesser ist <strong>pr\u00e4zise, robust und ambulant<\/strong> einsetzbar. Dies macht ihn zu einem wichtigen Hilfsmittel f\u00fcr Asthmapatienten, die ihre Atmung \u00fcberwachen m\u00fcssen. Die meisten Asthmapatienten m\u00fcssen ihren PEF mindestens zweimal am Tag messen.  <\/p><p>So verwenden Sie den Peak Flow Meter :<\/p><ol><li>Setzen Sie den Cursor auf Null zur\u00fcck.<\/li><li>Atmen Sie so weit wie m\u00f6glich durch den Mund ein.<\/li><li>Legen Sie Ihren Mund um das Mundst\u00fcck des Ger\u00e4ts und pressen Sie die Lippen fest zusammen, um ein Auslaufen zu verhindern.<\/li><li>Atmen Sie so stark und schnell wie m\u00f6glich aus.<\/li><li>Notieren Sie die Position des Cursors auf der Skala.<\/li><li>Wiederholen Sie diese Schritte dreimal, um sicherzustellen, dass die Messungen konsistent sind.<\/li><li>Behalten Sie den h\u00f6chsten Messwert als EPI-Wert bei.<\/li><\/ol><p>Der Spengler Peak Flow hat<strong> neben der Skala<\/strong> auch eine<strong> Farbskala<\/strong>. Es werden drei Zonen definiert:<\/p><ul><li>Gr\u00fcn: kontrolliertes Asthma<\/li><li>Orange: unkontrolliertes Asthma<\/li><li>Rot: Notfall<\/li><\/ul><p>Diese indikative Skala erm\u00f6glicht es dem Benutzer, seine Messergebnisse besser in Bezug auf die normalen DEP-Werte einzuordnen.<\/p><p>Wenn der Peak-Flow-Messer von mehreren Patienten verwendet wird, wird die Verwendung von Einmalspitzen aus Karton empfohlen, um eine Kreuzkontamination zu vermeiden.<\/p>\t\t\t\t\t\t\t\t<\/div>\n\t\t\t\t\t<\/div>\n\t\t<\/div>\n\t\t\t\t\t<\/div>\n\t\t<\/section>\n\t\t\t\t<\/div>\n\t\t","protected":false},"excerpt":{"rendered":"<p>Das Spengler Peak-Flow ist ein mechanisches Messger\u00e4t zur Bestimmung des maximalen Atemstroms (PEF) bei erwachsenen Anwendern. Es verf\u00fcgt \u00fcber eine farblich markierte Skala zur schnellen visuellen Einordnung des Messwerts. Das Ger\u00e4t ist kompakt, leicht und ben\u00f6tigt keine Stromversorgung. Lieferung inklusive Mundst\u00fcck, mehrsprachiger Anleitung und Referenztabelle. CE-zertifiziertes Produkt f\u00fcr technische Anwendungen in professionellen Umgebungen.    <\/p>\n","protected":false},"featured_media":43785,"template":"","meta":{"_acf_changed":false},"product_brand":[2226],"product_cat":[1590,1591],"product_tag":[1837,1593,1592,1838],"class_list":{"0":"post-43781","1":"product","2":"type-product","3":"status-publish","4":"has-post-thumbnail","6":"product_brand-spengler-de","7":"product_cat-spirometer","8":"product_cat-geraete-spirometer","9":"product_tag-peakflow-de","10":"product_tag-spirometer","11":"product_tag-spirometrie-de","12":"product_tag-spitzendurchflussmesser","14":"first","15":"instock","16":"sale","17":"taxable","18":"shipping-taxable","19":"purchasable","20":"product-type-simple"},"acf":[],"yoast_head":"<!-- This site is optimized with the Yoast SEO Premium plugin v27.4 (Yoast SEO v27.4) - https:\/\/yoast.com\/product\/yoast-seo-premium-wordpress\/ -->\n<title>Spengler Peak-Flow - Mechanischer Spitzendurchflussmesser f\u00fcr Erwachsene mit farbigem Ablesebereich | Swixed SA<\/title>\n<meta name=\"description\" content=\"Der Peak Flow Spengler ist ein Medizinprodukt zur Vorbeugung und \u00dcberwachung von Asthma bei Erwachsenen und Kindern. % %\" \/>\n<meta name=\"robots\" content=\"index, follow, max-snippet:-1, max-image-preview:large, max-video-preview:-1\" \/>\n<link rel=\"canonical\" href=\"https:\/\/swixed.ch\/de\/produkt\/sed95014\/\" \/>\n<meta property=\"og:locale\" content=\"de_DE\" \/>\n<meta property=\"og:type\" content=\"article\" \/>\n<meta property=\"og:title\" content=\"Spengler Peak-Flow - Mechanischer Spitzendurchflussmesser f\u00fcr Erwachsene mit farbigem Ablesebereich\" \/>\n<meta property=\"og:description\" content=\"Der Peak Flow Spengler ist ein Medizinprodukt zur Vorbeugung und \u00dcberwachung von Asthma bei Erwachsenen und Kindern. % %\" \/>\n<meta property=\"og:url\" content=\"https:\/\/swixed.ch\/de\/produkt\/sed95014\/\" \/>\n<meta property=\"og:site_name\" content=\"Swixed SA\" \/>\n<meta property=\"article:publisher\" content=\"https:\/\/www.facebook.com\/swixed\" \/>\n<meta property=\"article:modified_time\" content=\"2026-01-31T18:40:32+00:00\" \/>\n<meta property=\"og:image\" content=\"https:\/\/swixed.ch\/wp-content\/uploads\/products\/spengler-peak-flow-meter-01.png\" \/>\n\t<meta property=\"og:image:width\" content=\"600\" \/>\n\t<meta property=\"og:image:height\" content=\"600\" \/>\n\t<meta property=\"og:image:type\" content=\"image\/png\" \/>\n<meta name=\"twitter:card\" content=\"summary_large_image\" \/>\n<meta name=\"twitter:label1\" content=\"Gesch\u00e4tzte Lesezeit\" \/>\n\t<meta name=\"twitter:data1\" content=\"1\u00a0Minute\" \/>\n<script type=\"application\/ld+json\" class=\"yoast-schema-graph\">{\"@context\":\"https:\\\/\\\/schema.org\",\"@graph\":[{\"@type\":\"WebPage\",\"@id\":\"https:\\\/\\\/swixed.ch\\\/de\\\/produkt\\\/sed95014\\\/\",\"url\":\"https:\\\/\\\/swixed.ch\\\/de\\\/produkt\\\/sed95014\\\/\",\"name\":\"Spengler Peak-Flow - Mechanischer Spitzendurchflussmesser f\u00fcr Erwachsene mit farbigem Ablesebereich | Swixed SA\",\"isPartOf\":{\"@id\":\"https:\\\/\\\/swixed.ch\\\/de\\\/#website\"},\"primaryImageOfPage\":{\"@id\":\"https:\\\/\\\/swixed.ch\\\/de\\\/produkt\\\/sed95014\\\/#primaryimage\"},\"image\":{\"@id\":\"https:\\\/\\\/swixed.ch\\\/de\\\/produkt\\\/sed95014\\\/#primaryimage\"},\"thumbnailUrl\":\"https:\\\/\\\/swixed.ch\\\/wp-content\\\/uploads\\\/products\\\/spengler-peak-flow-meter-01.png\",\"datePublished\":\"2024-07-02T13:19:05+00:00\",\"dateModified\":\"2026-01-31T18:40:32+00:00\",\"description\":\"Der Peak Flow Spengler ist ein Medizinprodukt zur Vorbeugung und \u00dcberwachung von Asthma bei Erwachsenen und Kindern. % %\",\"breadcrumb\":{\"@id\":\"https:\\\/\\\/swixed.ch\\\/de\\\/produkt\\\/sed95014\\\/#breadcrumb\"},\"inLanguage\":\"de\",\"potentialAction\":[{\"@type\":\"ReadAction\",\"target\":[\"https:\\\/\\\/swixed.ch\\\/de\\\/produkt\\\/sed95014\\\/\"]}]},{\"@type\":\"ImageObject\",\"inLanguage\":\"de\",\"@id\":\"https:\\\/\\\/swixed.ch\\\/de\\\/produkt\\\/sed95014\\\/#primaryimage\",\"url\":\"https:\\\/\\\/swixed.ch\\\/wp-content\\\/uploads\\\/products\\\/spengler-peak-flow-meter-01.png\",\"contentUrl\":\"https:\\\/\\\/swixed.ch\\\/wp-content\\\/uploads\\\/products\\\/spengler-peak-flow-meter-01.png\",\"width\":600,\"height\":600,\"caption\":\"spengler peak flow meter 01\"},{\"@type\":\"BreadcrumbList\",\"@id\":\"https:\\\/\\\/swixed.ch\\\/de\\\/produkt\\\/sed95014\\\/#breadcrumb\",\"itemListElement\":[{\"@type\":\"ListItem\",\"position\":1,\"name\":\"Startseite\",\"item\":\"https:\\\/\\\/swixed.ch\\\/de\\\/home\\\/\"},{\"@type\":\"ListItem\",\"position\":2,\"name\":\"Shop\",\"item\":\"https:\\\/\\\/swixed.ch\\\/de\\\/shop\\\/\"},{\"@type\":\"ListItem\",\"position\":3,\"name\":\"Spengler Peak-Flow &#8211; Mechanischer Spitzendurchflussmesser f\u00fcr Erwachsene mit farbigem Ablesebereich\"}]},{\"@type\":\"WebSite\",\"@id\":\"https:\\\/\\\/swixed.ch\\\/de\\\/#website\",\"url\":\"https:\\\/\\\/swixed.ch\\\/de\\\/\",\"name\":\"Swixed SA\",\"description\":\"Elektronische Ger\u00e4te\",\"publisher\":{\"@id\":\"https:\\\/\\\/swixed.ch\\\/de\\\/#organization\"},\"potentialAction\":[{\"@type\":\"SearchAction\",\"target\":{\"@type\":\"EntryPoint\",\"urlTemplate\":\"https:\\\/\\\/swixed.ch\\\/de\\\/?s={search_term_string}\"},\"query-input\":{\"@type\":\"PropertyValueSpecification\",\"valueRequired\":true,\"valueName\":\"search_term_string\"}}],\"inLanguage\":\"de\"},{\"@type\":\"Organization\",\"@id\":\"https:\\\/\\\/swixed.ch\\\/de\\\/#organization\",\"name\":\"Swixed SA\",\"url\":\"https:\\\/\\\/swixed.ch\\\/de\\\/\",\"logo\":{\"@type\":\"ImageObject\",\"inLanguage\":\"de\",\"@id\":\"https:\\\/\\\/swixed.ch\\\/de\\\/#\\\/schema\\\/logo\\\/image\\\/\",\"url\":\"https:\\\/\\\/swixed.ch\\\/wp-content\\\/uploads\\\/logos\\\/swixed-logo-lite.png\",\"contentUrl\":\"https:\\\/\\\/swixed.ch\\\/wp-content\\\/uploads\\\/logos\\\/swixed-logo-lite.png\",\"width\":696,\"height\":696,\"caption\":\"Swixed SA\"},\"image\":{\"@id\":\"https:\\\/\\\/swixed.ch\\\/de\\\/#\\\/schema\\\/logo\\\/image\\\/\"},\"sameAs\":[\"https:\\\/\\\/www.facebook.com\\\/swixed\",\"https:\\\/\\\/www.linkedin.com\\\/company\\\/swixed\",\"https:\\\/\\\/www.youtube.com\\\/@swixedsa\"],\"description\":\"Swixed SA est une entreprise suisse bas\u00e9e \u00e0 Gen\u00e8ve, sp\u00e9cialis\u00e9e dans la vente, la location et la maintenance d\u2019appareils m\u00e9dicaux professionnels, tels que d\u00e9fibrillateurs AED, \u00e9lectrocardiographes, moniteurs patient et dispositifs de diagnostic.\",\"email\":\"infoshop@swixed.ch\",\"telephone\":\"+41 22 566 11 95\",\"legalName\":\"Swixed SA\",\"foundingDate\":\"2021-03-01\",\"numberOfEmployees\":{\"@type\":\"QuantitativeValue\",\"minValue\":\"1\",\"maxValue\":\"10\"}}]}<\/script>\n<!-- \/ Yoast SEO Premium plugin. -->","yoast_head_json":{"title":"Spengler Peak-Flow - Mechanischer Spitzendurchflussmesser f\u00fcr Erwachsene mit farbigem Ablesebereich | Swixed SA","description":"Der Peak Flow Spengler ist ein Medizinprodukt zur Vorbeugung und \u00dcberwachung von Asthma bei Erwachsenen und Kindern. % %","robots":{"index":"index","follow":"follow","max-snippet":"max-snippet:-1","max-image-preview":"max-image-preview:large","max-video-preview":"max-video-preview:-1"},"canonical":"https:\/\/swixed.ch\/de\/produkt\/sed95014\/","og_locale":"de_DE","og_type":"article","og_title":"Spengler Peak-Flow - Mechanischer Spitzendurchflussmesser f\u00fcr Erwachsene mit farbigem Ablesebereich","og_description":"Der Peak Flow Spengler ist ein Medizinprodukt zur Vorbeugung und \u00dcberwachung von Asthma bei Erwachsenen und Kindern. % %","og_url":"https:\/\/swixed.ch\/de\/produkt\/sed95014\/","og_site_name":"Swixed SA","article_publisher":"https:\/\/www.facebook.com\/swixed","article_modified_time":"2026-01-31T18:40:32+00:00","og_image":[{"width":600,"height":600,"url":"https:\/\/swixed.ch\/wp-content\/uploads\/products\/spengler-peak-flow-meter-01.png","type":"image\/png"}],"twitter_card":"summary_large_image","twitter_misc":{"Gesch\u00e4tzte Lesezeit":"1\u00a0Minute"},"schema":{"@context":"https:\/\/schema.org","@graph":[{"@type":"WebPage","@id":"https:\/\/swixed.ch\/de\/produkt\/sed95014\/","url":"https:\/\/swixed.ch\/de\/produkt\/sed95014\/","name":"Spengler Peak-Flow - Mechanischer Spitzendurchflussmesser f\u00fcr Erwachsene mit farbigem Ablesebereich | Swixed SA","isPartOf":{"@id":"https:\/\/swixed.ch\/de\/#website"},"primaryImageOfPage":{"@id":"https:\/\/swixed.ch\/de\/produkt\/sed95014\/#primaryimage"},"image":{"@id":"https:\/\/swixed.ch\/de\/produkt\/sed95014\/#primaryimage"},"thumbnailUrl":"https:\/\/swixed.ch\/wp-content\/uploads\/products\/spengler-peak-flow-meter-01.png","datePublished":"2024-07-02T13:19:05+00:00","dateModified":"2026-01-31T18:40:32+00:00","description":"Der Peak Flow Spengler ist ein Medizinprodukt zur Vorbeugung und \u00dcberwachung von Asthma bei Erwachsenen und Kindern. % %","breadcrumb":{"@id":"https:\/\/swixed.ch\/de\/produkt\/sed95014\/#breadcrumb"},"inLanguage":"de","potentialAction":[{"@type":"ReadAction","target":["https:\/\/swixed.ch\/de\/produkt\/sed95014\/"]}]},{"@type":"ImageObject","inLanguage":"de","@id":"https:\/\/swixed.ch\/de\/produkt\/sed95014\/#primaryimage","url":"https:\/\/swixed.ch\/wp-content\/uploads\/products\/spengler-peak-flow-meter-01.png","contentUrl":"https:\/\/swixed.ch\/wp-content\/uploads\/products\/spengler-peak-flow-meter-01.png","width":600,"height":600,"caption":"spengler peak flow meter 01"},{"@type":"BreadcrumbList","@id":"https:\/\/swixed.ch\/de\/produkt\/sed95014\/#breadcrumb","itemListElement":[{"@type":"ListItem","position":1,"name":"Startseite","item":"https:\/\/swixed.ch\/de\/home\/"},{"@type":"ListItem","position":2,"name":"Shop","item":"https:\/\/swixed.ch\/de\/shop\/"},{"@type":"ListItem","position":3,"name":"Spengler Peak-Flow &#8211; Mechanischer Spitzendurchflussmesser f\u00fcr Erwachsene mit farbigem Ablesebereich"}]},{"@type":"WebSite","@id":"https:\/\/swixed.ch\/de\/#website","url":"https:\/\/swixed.ch\/de\/","name":"Swixed SA","description":"Elektronische Ger\u00e4te","publisher":{"@id":"https:\/\/swixed.ch\/de\/#organization"},"potentialAction":[{"@type":"SearchAction","target":{"@type":"EntryPoint","urlTemplate":"https:\/\/swixed.ch\/de\/?s={search_term_string}"},"query-input":{"@type":"PropertyValueSpecification","valueRequired":true,"valueName":"search_term_string"}}],"inLanguage":"de"},{"@type":"Organization","@id":"https:\/\/swixed.ch\/de\/#organization","name":"Swixed SA","url":"https:\/\/swixed.ch\/de\/","logo":{"@type":"ImageObject","inLanguage":"de","@id":"https:\/\/swixed.ch\/de\/#\/schema\/logo\/image\/","url":"https:\/\/swixed.ch\/wp-content\/uploads\/logos\/swixed-logo-lite.png","contentUrl":"https:\/\/swixed.ch\/wp-content\/uploads\/logos\/swixed-logo-lite.png","width":696,"height":696,"caption":"Swixed SA"},"image":{"@id":"https:\/\/swixed.ch\/de\/#\/schema\/logo\/image\/"},"sameAs":["https:\/\/www.facebook.com\/swixed","https:\/\/www.linkedin.com\/company\/swixed","https:\/\/www.youtube.com\/@swixedsa"],"description":"Swixed SA est une entreprise suisse bas\u00e9e \u00e0 Gen\u00e8ve, sp\u00e9cialis\u00e9e dans la vente, la location et la maintenance d\u2019appareils m\u00e9dicaux professionnels, tels que d\u00e9fibrillateurs AED, \u00e9lectrocardiographes, moniteurs patient et dispositifs de diagnostic.","email":"infoshop@swixed.ch","telephone":"+41 22 566 11 95","legalName":"Swixed SA","foundingDate":"2021-03-01","numberOfEmployees":{"@type":"QuantitativeValue","minValue":"1","maxValue":"10"}}]}},"_links":{"self":[{"href":"https:\/\/swixed.ch\/de\/wp-json\/wp\/v2\/product\/43781","targetHints":{"allow":["GET"]}}],"collection":[{"href":"https:\/\/swixed.ch\/de\/wp-json\/wp\/v2\/product"}],"about":[{"href":"https:\/\/swixed.ch\/de\/wp-json\/wp\/v2\/types\/product"}],"version-history":[{"count":0,"href":"https:\/\/swixed.ch\/de\/wp-json\/wp\/v2\/product\/43781\/revisions"}],"wp:featuredmedia":[{"embeddable":true,"href":"https:\/\/swixed.ch\/de\/wp-json\/wp\/v2\/media\/43785"}],"wp:attachment":[{"href":"https:\/\/swixed.ch\/de\/wp-json\/wp\/v2\/media?parent=43781"}],"wp:term":[{"taxonomy":"product_brand","embeddable":true,"href":"https:\/\/swixed.ch\/de\/wp-json\/wp\/v2\/product_brand?post=43781"},{"taxonomy":"product_cat","embeddable":true,"href":"https:\/\/swixed.ch\/de\/wp-json\/wp\/v2\/product_cat?post=43781"},{"taxonomy":"product_tag","embeddable":true,"href":"https:\/\/swixed.ch\/de\/wp-json\/wp\/v2\/product_tag?post=43781"}],"curies":[{"name":"wp","href":"https:\/\/api.w.org\/{rel}","templated":true}]}}