{"id":43804,"date":"2024-07-03T11:21:46","date_gmt":"2024-07-03T10:21:46","guid":{"rendered":"https:\/\/swixed.com\/?post_type=product&#038;p=43804"},"modified":"2026-02-03T22:17:12","modified_gmt":"2026-02-03T21:17:12","slug":"sed14012","status":"publish","type":"product","link":"https:\/\/swixed.ch\/de\/produkt\/sed14012\/","title":{"rendered":"Rollwagen f\u00fcr EKG-Ger\u00e4t Schiller Cardiovit AT-102 \/ AT-102 G2"},"content":{"rendered":"\t\t<div data-elementor-type=\"product-post\" data-elementor-id=\"43804\" class=\"elementor elementor-43804 elementor-43803\" data-elementor-post-type=\"product\">\n\t\t\t\t<div class=\"elementor-element elementor-element-4dd358c e-con-full e-flex e-con e-parent\" data-id=\"4dd358c\" data-element_type=\"container\" data-e-type=\"container\">\n\t\t<div class=\"elementor-element elementor-element-3ab347d e-con-full e-flex e-con e-child\" data-id=\"3ab347d\" data-element_type=\"container\" data-e-type=\"container\">\n\t\t\t\t<div class=\"elementor-element elementor-element-4e9ca79 elementor-widget elementor-widget-heading\" data-id=\"4e9ca79\" data-element_type=\"widget\" data-e-type=\"widget\" data-widget_type=\"heading.default\">\n\t\t\t\t\t<h2 class=\"elementor-heading-title elementor-size-default\">Hauptmerkmale<\/h2>\t\t\t\t<\/div>\n\t\t\t\t<div class=\"elementor-element elementor-element-0c426f8 elementor-widget elementor-widget-text-editor\" data-id=\"0c426f8\" data-element_type=\"widget\" data-e-type=\"widget\" data-widget_type=\"text-editor.default\">\n\t\t\t\t\t\t\t\t\t<p>Der Schiller EKG-Rollwagen f\u00fcr Cardiovit AT-102 und AT-102 G2 kombiniert Stabilit\u00e4t, Mobilit\u00e4t und funktionelles Design. Die Metallstruktur sorgt f\u00fcr eine lange Lebensdauer, w\u00e4hrend der Rollensockel h\u00e4ufige Bewegungen in medizinischen Umgebungen erleichtert. Die standardisierte Arbeitsh\u00f6he erm\u00f6glicht einen einheitlichen Einsatz in verschiedenen Arbeitsbereichen.  <\/p><p>Hauptmerkmale :<\/p><ul><li>Stahlkonsole mit ABS-Griff<\/li><li>Aluminiums\u00e4ule mit integriertem St\u00e4nder<\/li><li>51,5 \u00d7 51,5 cm gro\u00dfe Basis mit Rollen<\/li><li>Vier Rollen mit Bremse, Durchmesser 10 cm<\/li><li>Drei integrierte Kabelkan\u00e4le aus ABS<\/li><\/ul><p><br>Dies tr\u00e4gt zu einer \u00fcbersichtlichen Organisation des EKG-Materials bei, w\u00e4hrend die Mobilit\u00e4t erhalten bleibt.<\/p>\t\t\t\t\t\t\t\t<\/div>\n\t\t\t\t<div class=\"elementor-element elementor-element-9a8f0f6 elementor-widget elementor-widget-heading\" data-id=\"9a8f0f6\" data-element_type=\"widget\" data-e-type=\"widget\" data-widget_type=\"heading.default\">\n\t\t\t\t\t<h2 class=\"elementor-heading-title elementor-size-default\">Funktionen<\/h2>\t\t\t\t<\/div>\n\t\t\t\t<div class=\"elementor-element elementor-element-495a869 elementor-widget elementor-widget-text-editor\" data-id=\"495a869\" data-element_type=\"widget\" data-e-type=\"widget\" data-widget_type=\"text-editor.default\">\n\t\t\t\t\t\t\t\t\t<p>Dieser Wagen wurde entwickelt, um die Installation und Positionierung der kompatiblen Schiller Elektrokardiographen zu optimieren. Der h\u00f6henverstellbare Korb aus Polycarbonat erm\u00f6glicht die Aufbewahrung von wichtigem Zubeh\u00f6r wie Kabel und Elektroden in unmittelbarer N\u00e4he des Ger\u00e4ts. Die offene Struktur erm\u00f6glicht einen schnellen Zugriff auf die Ger\u00e4te ohne komplizierte Handhabung.  <\/p><p>Funktionale Funktionen :<\/p><ul><li>Integrierter Korb mit einer maximalen Belastung von 5 kg<\/li><li>Abmessungen des Korbs: 35 \u00d7 25 \u00d7 10,5 cm<\/li><li>Arbeitsh\u00f6he von ca. 96 cm<\/li><li>Design f\u00fcr medizinische Arbeitsabl\u00e4ufe<\/li><\/ul><p><br>Daher f\u00f6rdert dieser Wagen eine rationelle Raumnutzung und einen reibungslosen Materialfluss.<\/p>\t\t\t\t\t\t\t\t<\/div>\n\t\t\t\t<div class=\"elementor-element elementor-element-9eb2bec elementor-widget elementor-widget-heading\" data-id=\"9eb2bec\" data-element_type=\"widget\" data-e-type=\"widget\" data-widget_type=\"heading.default\">\n\t\t\t\t\t<h2 class=\"elementor-heading-title elementor-size-default\">Nutzung, Einhaltung und Empfehlungen<\/h2>\t\t\t\t<\/div>\n\t\t\t\t<div class=\"elementor-element elementor-element-a701408 elementor-widget elementor-widget-text-editor\" data-id=\"a701408\" data-element_type=\"widget\" data-e-type=\"widget\" data-widget_type=\"text-editor.default\">\n\t\t\t\t\t\t\t\t\t<p>Der Schiller-Rollwagen ist f\u00fcr den professionellen Gebrauch als Zubeh\u00f6r f\u00fcr diagnostische Medizinprodukte bestimmt. In der Schweiz ist EKG-Zubeh\u00f6r Teil des regulatorischen Rahmens, der vom Bundesamt f\u00fcr Gesundheit festgelegt wurde, das allgemeine Informationen zu seiner Verwendung ver\u00f6ffentlicht. Das Schweizerische Informationszentrum f\u00fcr technische Regeln stellt technische Ressourcen zur Verf\u00fcgung, die f\u00fcr Fachleute n\u00fctzlich sind.  <br>\t\t<div data-elementor-type=\"widget\" data-elementor-id=\"60303\" class=\"elementor elementor-60303 elementor-60240 elementor-60240\" data-elementor-post-type=\"elementor_library\">\n\t\t\t\t\t\t<div class=\"elementor-element elementor-element-60240 elementor-widget elementor-widget-text-editor\" data-id=\"60240\" data-element_type=\"widget\" data-e-type=\"widget\" data-widget_type=\"text-editor.default\">\n\t\t\t\t\t\t\t\t\t<p>Weitere Informationen finden Sie unter :<\/p><ul><li><a href=\"https:\/\/www.bag.admin.ch\" target=\"_blank\" rel=\"noopener\">Bundesamt f\u00fcr Gesundheit (BAG)<\/a><\/li><li><a href=\"https:\/\/www.switec.info\" target=\"_blank\" rel=\"noopener\">Schweizerisches Informationszentrum f\u00fcr technische Regeln (Switec)<\/a><\/li><\/ul><p><br>Unsere Medizinprodukte haben einen autorisierten Vertreter in der Schweiz (CH-REP), gem\u00e4\u00df der geltenden schweizerischen Gesetzgebung f\u00fcr Medizinprodukte.<\/p>\t\t\t\t\t\t\t\t<\/div>\n\t\t\t\t<\/div>\n\t\t<\/p>\t\t\t\t\t\t\t\t<\/div>\n\t\t\t\t<div class=\"elementor-element elementor-element-fb600c9 elementor-widget elementor-widget-heading\" data-id=\"fb600c9\" data-element_type=\"widget\" data-e-type=\"widget\" data-widget_type=\"heading.default\">\n\t\t\t\t\t<h2 class=\"elementor-heading-title elementor-size-default\">Inhalt<\/h2>\t\t\t\t<\/div>\n\t\t\t\t<div class=\"elementor-element elementor-element-6cbacf0 elementor-widget elementor-widget-text-editor\" data-id=\"6cbacf0\" data-element_type=\"widget\" data-e-type=\"widget\" data-widget_type=\"text-editor.default\">\n\t\t\t\t\t\t\t\t\t<p>Der Schiller Rollwagen ist ein mobiler St\u00e4nder f\u00fcr die Elektrokardiographen Cardiovit AT-102 und AT-102 G2. Er besteht aus einer stabilen Konsole, einem integrierten Aufbewahrungskorb und einem Rollensockel mit Bremse, um die Organisation und den Transport von EKG-Ger\u00e4ten in professionellen medizinischen Umgebungen zu erleichtern. <\/p><p>Inhalt der Verpackung :<\/p><ul><li>Schiller Rollwagen f\u00fcr EKG-Ger\u00e4t Cardiovit AT-102 \/ AT-102 G2<\/li><li>Integrierter Aufbewahrungskorb<\/li><li>Gebrauchsanweisung<\/li><\/ul>\t\t\t\t\t\t\t\t<\/div>\n\t\t\t\t<\/div>\n\t\t\t\t<\/div>\n\t\t\t\t<\/div>\n\t\t","protected":false},"excerpt":{"rendered":"<p>Der Schiller EKG-Rollwagen ist ein mobiler St\u00e4nder, der f\u00fcr die Elektrokardiographen Cardiovit AT-102 und AT-102 G2 entwickelt wurde. Seine Struktur aus Stahl und Aluminium sorgt f\u00fcr Stabilit\u00e4t, die f\u00fcr den professionellen Gebrauch geeignet ist. Der integrierte Korb erm\u00f6glicht eine \u00fcbersichtliche Aufbewahrung von Zubeh\u00f6r. Dank der gebremsten Rollen l\u00e4sst sich das Ger\u00e4t leicht durch verschiedene medizinische Umgebungen bewegen und der Arbeitsbereich optimal organisieren.   <\/p>\n","protected":false},"featured_media":61918,"template":"","meta":{"_acf_changed":false},"product_brand":[2179],"product_cat":[954,1199],"product_tag":[7842,7840,4437,6716,4500,7844,3769,4441,7841,5201],"class_list":{"0":"post-43804","1":"product","2":"type-product","3":"status-publish","4":"has-post-thumbnail","6":"product_brand-schiller-de","7":"product_cat-elektrokardiographen","8":"product_cat-zubehor-belastungs","9":"product_tag-ekg-anlage","10":"product_tag-ekg-unterstutzung","11":"product_tag-ekg-wagen","12":"product_tag-ekg-wartung","13":"product_tag-ekg-zubehor-de","14":"product_tag-kompatibel-schiller","15":"product_tag-medizinische-ausrustung","16":"product_tag-medizinischer-wagen","17":"product_tag-medizinisches-mobiliar","18":"product_tag-rollwagen","20":"first","21":"instock","22":"taxable","23":"shipping-taxable","24":"purchasable","25":"product-type-simple"},"acf":[],"yoast_head":"<!-- This site is optimized with the Yoast SEO Premium plugin v27.4 (Yoast SEO v27.4) - https:\/\/yoast.com\/product\/yoast-seo-premium-wordpress\/ -->\n<title>Rollwagen f\u00fcr EKG-Ger\u00e4te Schiller Cardiovit AT-102 \/ G2 | Swixed SA<\/title>\n<meta name=\"description\" content=\"Schiller Rollwagen f\u00fcr Cardiovit AT-102 und AT-102 G2 EKG-Ger\u00e4te. Robuste Struktur, Korb und Mobilit\u00e4t f\u00fcr medizinische Umgebungen.\" \/>\n<meta name=\"robots\" content=\"index, follow, max-snippet:-1, max-image-preview:large, max-video-preview:-1\" \/>\n<link rel=\"canonical\" href=\"https:\/\/swixed.ch\/de\/produkt\/sed14012\/\" \/>\n<meta property=\"og:locale\" content=\"de_DE\" \/>\n<meta property=\"og:type\" content=\"article\" \/>\n<meta property=\"og:title\" content=\"Rollwagen f\u00fcr EKG-Ger\u00e4t Schiller Cardiovit AT-102 \/ AT-102 G2\" \/>\n<meta property=\"og:description\" content=\"Schiller Rollwagen f\u00fcr Cardiovit AT-102 und AT-102 G2 EKG-Ger\u00e4te. Robuste Struktur, Korb und Mobilit\u00e4t f\u00fcr medizinische Umgebungen.\" \/>\n<meta property=\"og:url\" content=\"https:\/\/swixed.ch\/de\/produkt\/sed14012\/\" \/>\n<meta property=\"og:site_name\" content=\"Swixed SA\" \/>\n<meta property=\"article:publisher\" content=\"https:\/\/www.facebook.com\/swixed\" \/>\n<meta property=\"article:modified_time\" content=\"2026-02-03T21:17:12+00:00\" \/>\n<meta property=\"og:image\" content=\"https:\/\/swixed.ch\/wp-content\/uploads\/2026\/02\/SED14012-01.png\" \/>\n\t<meta property=\"og:image:width\" content=\"600\" \/>\n\t<meta property=\"og:image:height\" content=\"600\" \/>\n\t<meta property=\"og:image:type\" content=\"image\/png\" \/>\n<meta name=\"twitter:card\" content=\"summary_large_image\" \/>\n<meta name=\"twitter:label1\" content=\"Gesch\u00e4tzte Lesezeit\" \/>\n\t<meta name=\"twitter:data1\" content=\"2\u00a0Minuten\" \/>\n<script type=\"application\/ld+json\" class=\"yoast-schema-graph\">{\"@context\":\"https:\\\/\\\/schema.org\",\"@graph\":[{\"@type\":\"WebPage\",\"@id\":\"https:\\\/\\\/swixed.ch\\\/de\\\/produkt\\\/sed14012\\\/\",\"url\":\"https:\\\/\\\/swixed.ch\\\/de\\\/produkt\\\/sed14012\\\/\",\"name\":\"Rollwagen f\u00fcr EKG-Ger\u00e4te Schiller Cardiovit AT-102 \\\/ G2 | Swixed SA\",\"isPartOf\":{\"@id\":\"https:\\\/\\\/swixed.ch\\\/de\\\/#website\"},\"primaryImageOfPage\":{\"@id\":\"https:\\\/\\\/swixed.ch\\\/de\\\/produkt\\\/sed14012\\\/#primaryimage\"},\"image\":{\"@id\":\"https:\\\/\\\/swixed.ch\\\/de\\\/produkt\\\/sed14012\\\/#primaryimage\"},\"thumbnailUrl\":\"https:\\\/\\\/swixed.ch\\\/wp-content\\\/uploads\\\/2026\\\/02\\\/SED14012-01.png\",\"datePublished\":\"2024-07-03T10:21:46+00:00\",\"dateModified\":\"2026-02-03T21:17:12+00:00\",\"description\":\"Schiller Rollwagen f\u00fcr Cardiovit AT-102 und AT-102 G2 EKG-Ger\u00e4te. Robuste Struktur, Korb und Mobilit\u00e4t f\u00fcr medizinische Umgebungen.\",\"breadcrumb\":{\"@id\":\"https:\\\/\\\/swixed.ch\\\/de\\\/produkt\\\/sed14012\\\/#breadcrumb\"},\"inLanguage\":\"de\",\"potentialAction\":[{\"@type\":\"ReadAction\",\"target\":[\"https:\\\/\\\/swixed.ch\\\/de\\\/produkt\\\/sed14012\\\/\"]}]},{\"@type\":\"ImageObject\",\"inLanguage\":\"de\",\"@id\":\"https:\\\/\\\/swixed.ch\\\/de\\\/produkt\\\/sed14012\\\/#primaryimage\",\"url\":\"https:\\\/\\\/swixed.ch\\\/wp-content\\\/uploads\\\/2026\\\/02\\\/SED14012-01.png\",\"contentUrl\":\"https:\\\/\\\/swixed.ch\\\/wp-content\\\/uploads\\\/2026\\\/02\\\/SED14012-01.png\",\"width\":600,\"height\":600,\"caption\":\"SED14012\"},{\"@type\":\"BreadcrumbList\",\"@id\":\"https:\\\/\\\/swixed.ch\\\/de\\\/produkt\\\/sed14012\\\/#breadcrumb\",\"itemListElement\":[{\"@type\":\"ListItem\",\"position\":1,\"name\":\"Startseite\",\"item\":\"https:\\\/\\\/swixed.ch\\\/de\\\/home\\\/\"},{\"@type\":\"ListItem\",\"position\":2,\"name\":\"Shop\",\"item\":\"https:\\\/\\\/swixed.ch\\\/de\\\/shop\\\/\"},{\"@type\":\"ListItem\",\"position\":3,\"name\":\"Rollwagen f\u00fcr EKG-Ger\u00e4t Schiller Cardiovit AT-102 \\\/ AT-102 G2\"}]},{\"@type\":\"WebSite\",\"@id\":\"https:\\\/\\\/swixed.ch\\\/de\\\/#website\",\"url\":\"https:\\\/\\\/swixed.ch\\\/de\\\/\",\"name\":\"Swixed SA\",\"description\":\"Elektronische Ger\u00e4te\",\"publisher\":{\"@id\":\"https:\\\/\\\/swixed.ch\\\/de\\\/#organization\"},\"potentialAction\":[{\"@type\":\"SearchAction\",\"target\":{\"@type\":\"EntryPoint\",\"urlTemplate\":\"https:\\\/\\\/swixed.ch\\\/de\\\/?s={search_term_string}\"},\"query-input\":{\"@type\":\"PropertyValueSpecification\",\"valueRequired\":true,\"valueName\":\"search_term_string\"}}],\"inLanguage\":\"de\"},{\"@type\":\"Organization\",\"@id\":\"https:\\\/\\\/swixed.ch\\\/de\\\/#organization\",\"name\":\"Swixed SA\",\"url\":\"https:\\\/\\\/swixed.ch\\\/de\\\/\",\"logo\":{\"@type\":\"ImageObject\",\"inLanguage\":\"de\",\"@id\":\"https:\\\/\\\/swixed.ch\\\/de\\\/#\\\/schema\\\/logo\\\/image\\\/\",\"url\":\"https:\\\/\\\/swixed.ch\\\/wp-content\\\/uploads\\\/logos\\\/swixed-logo-lite.png\",\"contentUrl\":\"https:\\\/\\\/swixed.ch\\\/wp-content\\\/uploads\\\/logos\\\/swixed-logo-lite.png\",\"width\":696,\"height\":696,\"caption\":\"Swixed SA\"},\"image\":{\"@id\":\"https:\\\/\\\/swixed.ch\\\/de\\\/#\\\/schema\\\/logo\\\/image\\\/\"},\"sameAs\":[\"https:\\\/\\\/www.facebook.com\\\/swixed\",\"https:\\\/\\\/www.linkedin.com\\\/company\\\/swixed\",\"https:\\\/\\\/www.youtube.com\\\/@swixedsa\"],\"description\":\"Swixed SA est une entreprise suisse bas\u00e9e \u00e0 Gen\u00e8ve, sp\u00e9cialis\u00e9e dans la vente, la location et la maintenance d\u2019appareils m\u00e9dicaux professionnels, tels que d\u00e9fibrillateurs AED, \u00e9lectrocardiographes, moniteurs patient et dispositifs de diagnostic.\",\"email\":\"infoshop@swixed.ch\",\"telephone\":\"+41 22 566 11 95\",\"legalName\":\"Swixed SA\",\"foundingDate\":\"2021-03-01\",\"numberOfEmployees\":{\"@type\":\"QuantitativeValue\",\"minValue\":\"1\",\"maxValue\":\"10\"}}]}<\/script>\n<!-- \/ Yoast SEO Premium plugin. -->","yoast_head_json":{"title":"Rollwagen f\u00fcr EKG-Ger\u00e4te Schiller Cardiovit AT-102 \/ G2 | Swixed SA","description":"Schiller Rollwagen f\u00fcr Cardiovit AT-102 und AT-102 G2 EKG-Ger\u00e4te. Robuste Struktur, Korb und Mobilit\u00e4t f\u00fcr medizinische Umgebungen.","robots":{"index":"index","follow":"follow","max-snippet":"max-snippet:-1","max-image-preview":"max-image-preview:large","max-video-preview":"max-video-preview:-1"},"canonical":"https:\/\/swixed.ch\/de\/produkt\/sed14012\/","og_locale":"de_DE","og_type":"article","og_title":"Rollwagen f\u00fcr EKG-Ger\u00e4t Schiller Cardiovit AT-102 \/ AT-102 G2","og_description":"Schiller Rollwagen f\u00fcr Cardiovit AT-102 und AT-102 G2 EKG-Ger\u00e4te. Robuste Struktur, Korb und Mobilit\u00e4t f\u00fcr medizinische Umgebungen.","og_url":"https:\/\/swixed.ch\/de\/produkt\/sed14012\/","og_site_name":"Swixed SA","article_publisher":"https:\/\/www.facebook.com\/swixed","article_modified_time":"2026-02-03T21:17:12+00:00","og_image":[{"width":600,"height":600,"url":"https:\/\/swixed.ch\/wp-content\/uploads\/2026\/02\/SED14012-01.png","type":"image\/png"}],"twitter_card":"summary_large_image","twitter_misc":{"Gesch\u00e4tzte Lesezeit":"2\u00a0Minuten"},"schema":{"@context":"https:\/\/schema.org","@graph":[{"@type":"WebPage","@id":"https:\/\/swixed.ch\/de\/produkt\/sed14012\/","url":"https:\/\/swixed.ch\/de\/produkt\/sed14012\/","name":"Rollwagen f\u00fcr EKG-Ger\u00e4te Schiller Cardiovit AT-102 \/ G2 | Swixed SA","isPartOf":{"@id":"https:\/\/swixed.ch\/de\/#website"},"primaryImageOfPage":{"@id":"https:\/\/swixed.ch\/de\/produkt\/sed14012\/#primaryimage"},"image":{"@id":"https:\/\/swixed.ch\/de\/produkt\/sed14012\/#primaryimage"},"thumbnailUrl":"https:\/\/swixed.ch\/wp-content\/uploads\/2026\/02\/SED14012-01.png","datePublished":"2024-07-03T10:21:46+00:00","dateModified":"2026-02-03T21:17:12+00:00","description":"Schiller Rollwagen f\u00fcr Cardiovit AT-102 und AT-102 G2 EKG-Ger\u00e4te. Robuste Struktur, Korb und Mobilit\u00e4t f\u00fcr medizinische Umgebungen.","breadcrumb":{"@id":"https:\/\/swixed.ch\/de\/produkt\/sed14012\/#breadcrumb"},"inLanguage":"de","potentialAction":[{"@type":"ReadAction","target":["https:\/\/swixed.ch\/de\/produkt\/sed14012\/"]}]},{"@type":"ImageObject","inLanguage":"de","@id":"https:\/\/swixed.ch\/de\/produkt\/sed14012\/#primaryimage","url":"https:\/\/swixed.ch\/wp-content\/uploads\/2026\/02\/SED14012-01.png","contentUrl":"https:\/\/swixed.ch\/wp-content\/uploads\/2026\/02\/SED14012-01.png","width":600,"height":600,"caption":"SED14012"},{"@type":"BreadcrumbList","@id":"https:\/\/swixed.ch\/de\/produkt\/sed14012\/#breadcrumb","itemListElement":[{"@type":"ListItem","position":1,"name":"Startseite","item":"https:\/\/swixed.ch\/de\/home\/"},{"@type":"ListItem","position":2,"name":"Shop","item":"https:\/\/swixed.ch\/de\/shop\/"},{"@type":"ListItem","position":3,"name":"Rollwagen f\u00fcr EKG-Ger\u00e4t Schiller Cardiovit AT-102 \/ AT-102 G2"}]},{"@type":"WebSite","@id":"https:\/\/swixed.ch\/de\/#website","url":"https:\/\/swixed.ch\/de\/","name":"Swixed SA","description":"Elektronische Ger\u00e4te","publisher":{"@id":"https:\/\/swixed.ch\/de\/#organization"},"potentialAction":[{"@type":"SearchAction","target":{"@type":"EntryPoint","urlTemplate":"https:\/\/swixed.ch\/de\/?s={search_term_string}"},"query-input":{"@type":"PropertyValueSpecification","valueRequired":true,"valueName":"search_term_string"}}],"inLanguage":"de"},{"@type":"Organization","@id":"https:\/\/swixed.ch\/de\/#organization","name":"Swixed SA","url":"https:\/\/swixed.ch\/de\/","logo":{"@type":"ImageObject","inLanguage":"de","@id":"https:\/\/swixed.ch\/de\/#\/schema\/logo\/image\/","url":"https:\/\/swixed.ch\/wp-content\/uploads\/logos\/swixed-logo-lite.png","contentUrl":"https:\/\/swixed.ch\/wp-content\/uploads\/logos\/swixed-logo-lite.png","width":696,"height":696,"caption":"Swixed SA"},"image":{"@id":"https:\/\/swixed.ch\/de\/#\/schema\/logo\/image\/"},"sameAs":["https:\/\/www.facebook.com\/swixed","https:\/\/www.linkedin.com\/company\/swixed","https:\/\/www.youtube.com\/@swixedsa"],"description":"Swixed SA est une entreprise suisse bas\u00e9e \u00e0 Gen\u00e8ve, sp\u00e9cialis\u00e9e dans la vente, la location et la maintenance d\u2019appareils m\u00e9dicaux professionnels, tels que d\u00e9fibrillateurs AED, \u00e9lectrocardiographes, moniteurs patient et dispositifs de diagnostic.","email":"infoshop@swixed.ch","telephone":"+41 22 566 11 95","legalName":"Swixed SA","foundingDate":"2021-03-01","numberOfEmployees":{"@type":"QuantitativeValue","minValue":"1","maxValue":"10"}}]}},"_links":{"self":[{"href":"https:\/\/swixed.ch\/de\/wp-json\/wp\/v2\/product\/43804","targetHints":{"allow":["GET"]}}],"collection":[{"href":"https:\/\/swixed.ch\/de\/wp-json\/wp\/v2\/product"}],"about":[{"href":"https:\/\/swixed.ch\/de\/wp-json\/wp\/v2\/types\/product"}],"version-history":[{"count":0,"href":"https:\/\/swixed.ch\/de\/wp-json\/wp\/v2\/product\/43804\/revisions"}],"wp:featuredmedia":[{"embeddable":true,"href":"https:\/\/swixed.ch\/de\/wp-json\/wp\/v2\/media\/61918"}],"wp:attachment":[{"href":"https:\/\/swixed.ch\/de\/wp-json\/wp\/v2\/media?parent=43804"}],"wp:term":[{"taxonomy":"product_brand","embeddable":true,"href":"https:\/\/swixed.ch\/de\/wp-json\/wp\/v2\/product_brand?post=43804"},{"taxonomy":"product_cat","embeddable":true,"href":"https:\/\/swixed.ch\/de\/wp-json\/wp\/v2\/product_cat?post=43804"},{"taxonomy":"product_tag","embeddable":true,"href":"https:\/\/swixed.ch\/de\/wp-json\/wp\/v2\/product_tag?post=43804"}],"curies":[{"name":"wp","href":"https:\/\/api.w.org\/{rel}","templated":true}]}}