{"id":53769,"date":"2025-10-15T18:40:38","date_gmt":"2025-10-15T17:40:38","guid":{"rendered":"https:\/\/swixed.com\/?post_type=product&#038;p=53769"},"modified":"2026-04-20T18:55:36","modified_gmt":"2026-04-20T17:55:36","slug":"sed34019","status":"publish","type":"product","link":"https:\/\/swixed.ch\/de\/produkt\/sed34019\/","title":{"rendered":"DefiSign-Erste-Hilfe-Set f\u00fcr AED-Zubeh\u00f6r"},"content":{"rendered":"\t\t<div data-elementor-type=\"product-post\" data-elementor-id=\"53769\" class=\"elementor elementor-53769 elementor-53768\" data-elementor-post-type=\"product\">\n\t\t\t\t<div class=\"elementor-element elementor-element-608a657 e-con-full e-flex e-con e-parent\" data-id=\"608a657\" data-element_type=\"container\" data-e-type=\"container\">\n\t\t<div class=\"elementor-element elementor-element-bbe6cb6 e-con-full e-flex e-con e-child\" data-id=\"bbe6cb6\" data-element_type=\"container\" data-e-type=\"container\">\n\t\t\t\t<div class=\"elementor-element elementor-element-32e38b6 elementor-widget elementor-widget-heading\" data-id=\"32e38b6\" data-element_type=\"widget\" data-e-type=\"widget\" data-widget_type=\"heading.default\">\n\t\t\t\t\t<h2 class=\"elementor-heading-title elementor-size-default\">Allgemeine Darstellung<\/h2>\t\t\t\t<\/div>\n\t\t\t\t<div class=\"elementor-element elementor-element-ab8848a elementor-widget elementor-widget-text-editor\" data-id=\"ab8848a\" data-element_type=\"widget\" data-e-type=\"widget\" data-widget_type=\"text-editor.default\">\n\t\t\t\t\t\t\t\t\t<p>Diese Defisign Defibrillator (AED) Erste-Hilfe-Ausr\u00fcstung enth\u00e4lt alle wichtigen Zubeh\u00f6rteile, die f\u00fcr eine schnelle und sichere Intervention bei einem Herzstillstand erforderlich sind. Es wurde entwickelt, um die Verwendung eines AEDs zu begleiten und das Opfer effektiv auf das Anbringen der Elektroden und die Wiederbelebung vorzubereiten. <\/p><p>Das Set enth\u00e4lt eine Mund-zu-Mund-Maske mit R\u00fcckschlagventil f\u00fcr eine hygienische Beatmung, eine Lister Rettungsschere f\u00fcr eine schnelle Befreiung des Brustkorbs, Einweg-Vinylhandschuhe zum Schutz des Retters und einen Einwegrasierer, der eine optimale Haftung der Elektroden auf der Haut gew\u00e4hrleistet. Sterile alkoholische Kompressen dienen zur Desinfektion der H\u00e4nde, w\u00e4hrend ein saugf\u00e4higes Papiertuch zum Trocknen der Haut oder zum Entfernen von Haaren nach der Rasur verwendet werden kann. <\/p><p>Dieses Notfallset ist unverzichtbar in \u00f6ffentlichen Einrichtungen, Unternehmen, \u00f6ffentlichen Einrichtungen, Sporthallen und Gemeinden. Es erh\u00f6ht die Erfolgsaussichten einer Herz-Lungen-Wiederbelebung und gew\u00e4hrleistet den ordnungsgem\u00e4\u00dfen und effektiven Einsatz des Defibrillators.<\/p>\t\t\t\t\t\t\t\t<\/div>\n\t\t\t\t<div class=\"elementor-element elementor-element-ca1bd53 elementor-widget elementor-widget-heading\" data-id=\"ca1bd53\" data-element_type=\"widget\" data-e-type=\"widget\" data-widget_type=\"heading.default\">\n\t\t\t\t\t<h2 class=\"elementor-heading-title elementor-size-default\">Technische Merkmale und Organisation des Materials<\/h2>\t\t\t\t<\/div>\n\t\t\t\t<div class=\"elementor-element elementor-element-d73fccf elementor-widget elementor-widget-text-editor\" data-id=\"d73fccf\" data-element_type=\"widget\" data-e-type=\"widget\" data-widget_type=\"text-editor.default\">\n\t\t\t\t\t\t\t\t\t<p>Dieser Erste-Hilfe-Kasten hat mehrere Elemente, die den Inhalt auf \u00fcbersichtliche Weise organisieren sollen. Die folgenden Punkte fassen die wichtigsten Merkmale zusammen: <\/p><ul><li>Halbstarre Struktur mit sto\u00dffester Polsterung<\/li><li>Zwei-Wege-Rei\u00dfverschluss<\/li><li>Interne F\u00e4cher f\u00fcr Handschuhe und kleine Accessoires<\/li><li>Haltestreifen zur Stabilisierung von Objekten<\/li><li>Verschlei\u00dffestes und spritzwassergesch\u00fctztes Gewebe<\/li><li>Format kompatibel mit dem Zubeh\u00f6r vieler AEDs<\/li><\/ul><p><br>Durch diese Organisation bleibt das Material ordentlich und leicht zu identifizieren. So k\u00f6nnen die Teams schnell das vorbereiten, was sie ben\u00f6tigen. <\/p>\t\t\t\t\t\t\t\t<\/div>\n\t\t\t\t<div class=\"elementor-element elementor-element-edab8f2 elementor-widget elementor-widget-heading\" data-id=\"edab8f2\" data-element_type=\"widget\" data-e-type=\"widget\" data-widget_type=\"heading.default\">\n\t\t\t\t\t<h2 class=\"elementor-heading-title elementor-size-default\">Nutzung und Einhaltung<\/h2>\t\t\t\t<\/div>\n\t\t\t\t<div class=\"elementor-element elementor-element-a2ef763 elementor-widget elementor-widget-text-editor\" data-id=\"a2ef763\" data-element_type=\"widget\" data-e-type=\"widget\" data-widget_type=\"text-editor.default\">\n\t\t\t\t\t\t\t\t\t<p>Die Benutzung eines Erste-Hilfe-Kastens erfordert einige einfache Kontrollen. Eine regelm\u00e4\u00dfige Inspektion hilft, den Inhalt in Ordnung zu halten. Es wird empfohlen, den Zustand der Verschl\u00fcsse, die innere Sauberkeit und das Zusammenhalten der F\u00e4cher zu \u00fcberpr\u00fcfen.  <\/p><p>In der Schweiz ver\u00f6ffentlichen mehrere Organisationen Richtlinien zur Qualit\u00e4t und Sicherheit. Das Bundesamt f\u00fcr Gesundheit (BAG) stellt n\u00fctzliche Empfehlungen zur Verf\u00fcgung. Das Schweizerische Informationszentrum f\u00fcr technische Regeln (Switec) bietet ebenfalls Ressourcen zu den geltenden Normen. Diese Referenzen tragen zur Harmonisierung der Organisation des Materials bei, das mit medizinischen Ger\u00e4ten verbunden ist.   <\/p><p>Auch wenn dieses Kit kein Medizinprodukt im Sinne der MedDO ist, bleibt die Wartung wichtig. Anwender k\u00f6nnen auch den Swixed Wartungsservice f\u00fcr ihre anderen AED-Ger\u00e4te in Anspruch nehmen. <br>\t\t<div data-elementor-type=\"widget\" data-elementor-id=\"60307\" class=\"elementor elementor-60307 elementor-60263 elementor-60263\" data-elementor-post-type=\"elementor_library\">\n\t\t\t\t\t\t<div class=\"elementor-element elementor-element-60263 elementor-widget elementor-widget-text-editor\" data-id=\"60263\" data-element_type=\"widget\" data-e-type=\"widget\" data-widget_type=\"text-editor.default\">\n\t\t\t\t\t\t\t\t\t<p>Weitere Informationen finden Sie unter :<\/p><ul><li><a href=\"https:\/\/www.bag.admin.ch\" target=\"_blank\" rel=\"noopener\">Bundesamt f\u00fcr Gesundheit (BAG)<\/a><\/li><li><a href=\"https:\/\/www.switec.info\" target=\"_blank\" rel=\"noopener\">Schweizerisches Informationszentrum f\u00fcr technische Regeln (Switec)<\/a><\/li><li><a href=\"https:\/\/www.seco.admin.ch\/\" target=\"_blank\" rel=\"noopener\">Arbeitshygiene (SECO)<\/a><\/li><\/ul><p><br>Unsere Medizinprodukte haben einen autorisierten Vertreter in der Schweiz (CH-REP), gem\u00e4\u00df der geltenden schweizerischen Gesetzgebung f\u00fcr Medizinprodukte.<\/p>\t\t\t\t\t\t\t\t<\/div>\n\t\t\t\t<\/div>\n\t\t<br>Klicken Sie hier, um die <a href=\"https:\/\/swixed.ch\/de\/produkt\/sed94000\/\">regelm\u00e4\u00dfige Wartung<\/a> Ihres Defibrillators zu buchen.<\/p>\t\t\t\t\t\t\t\t<\/div>\n\t\t\t\t<div class=\"elementor-element elementor-element-5c73a99 elementor-widget elementor-widget-heading\" data-id=\"5c73a99\" data-element_type=\"widget\" data-e-type=\"widget\" data-widget_type=\"heading.default\">\n\t\t\t\t\t<h2 class=\"elementor-heading-title elementor-size-default\">Inhalt des Erste-Hilfe-Sets<\/h2>\t\t\t\t<\/div>\n\t\t\t\t<div class=\"elementor-element elementor-element-dc7e931 elementor-widget elementor-widget-text-editor\" data-id=\"dc7e931\" data-element_type=\"widget\" data-e-type=\"widget\" data-widget_type=\"text-editor.default\">\n\t\t\t\t\t\t\t\t\t<ul><li>1 Mund-zu-Mund-Beatmungsmaske mit R\u00fcckschlagventil, die eine sichere Beatmung ohne direkten Kontakt mit dem Mund des Opfers erm\u00f6glicht.<\/li><li>1 Lister Erste-Hilfe-Schere, ideal zum schnellen Zerschneiden von Kleidung (Jacke, Pullover, Hemd) und zum Freilegen des Brustkorbs, um das Anbringen der Elektroden des Defibrillators zu erleichtern.<\/li><li data-start=\"551\" data-end=\"666\">1 Paar Vinyl-Einweghandschuhe, die einen hygienischen Schutz w\u00e4hrend des Rettungseinsatzes bieten.<\/li><li data-start=\"669\" data-end=\"875\">1 Einwegrasierer aus Kunststoff mit zwei Klingen, der speziell f\u00fcr die Rasur des Oberk\u00f6rpers von Personen mit starkem Haarwuchs entwickelt wurde und einen optimalen Kontakt und eine bessere Haftung der Elektroden auf der Haut gew\u00e4hrleistet.<\/li><li data-start=\"878\" data-end=\"1020\">1 Beutel mit 2 sterilen, alkoholgetr\u00e4nkten Kompressen f\u00fcr die schnelle Desinfektion der H\u00e4nde vor oder nach dem Eingriff.<\/li><li data-start=\"1021\" data-end=\"1201\"><p data-start=\"1023\" data-end=\"1201\">1 gro\u00dfes, saugf\u00e4higes Papierhandtuch, das zum Abwischen von Schwei\u00df, zum Trocknen der Haut eines nassen oder aus dem Wasser kommenden Opfers oder zum Entfernen von Haaren nach der Rasur verwendet wird.<\/p><\/li><\/ul><p>F\u00fcr zus\u00e4tzliche Ausr\u00fcstung k\u00f6nnen Sie weiteres <a href=\"https:\/\/swixed.ch\/de\/produkt-kategorie\/defibrillatoren\/zubehor-defibrillatoren\/\">Zubeh\u00f6r f\u00fcr AEDs<\/a> bei Swixed finden.<\/p>\t\t\t\t\t\t\t\t<\/div>\n\t\t\t\t<\/div>\n\t\t\t\t<\/div>\n\t\t\t\t<\/div>\n\t\t","protected":false},"excerpt":{"rendered":"<p>Die DefiSign Erste-Hilfe-Tasche ist eine Aufbewahrungstasche, in der Zubeh\u00f6r f\u00fcr kompatible AED-Ger\u00e4te untergebracht werden kann. Sie dient der Organisation und dem Schutz der \u00fcblichen Elemente, die mit einem AED-Ger\u00e4t verwendet werden. Das Produkt wird ohne Ger\u00e4t geliefert und ist kein eigenst\u00e4ndiges medizinisches Ger\u00e4t. Es ist f\u00fcr den Einsatz in \u00f6ffentlichen und professionellen Umgebungen vorgesehen.   <\/p>\n","protected":false},"featured_media":58618,"template":"","meta":{"_acf_changed":false},"product_brand":[2143],"product_cat":[1422,1503],"product_tag":[7262,7259,7263,7258,7266,7257,7260,7261,7264,7265],"class_list":{"0":"post-53769","1":"product","2":"type-product","3":"status-publish","4":"has-post-thumbnail","6":"product_brand-defisign-de","7":"product_cat-defibrillatoren","8":"product_cat-zubehor-defibrillatoren","9":"product_tag-aed-aufbewahrungstasche","10":"product_tag-aed-zubehor","11":"product_tag-defibrillator-zubehor","12":"product_tag-defisign-tasche","13":"product_tag-erste-hilfe-ausrustung-2","14":"product_tag-erste-hilfe-kasten","15":"product_tag-erste-hilfe-tasche","16":"product_tag-leere-arzttasche","17":"product_tag-professionelle-erste-hilfe-tasche","18":"product_tag-wasserfeste-tasche","20":"first","21":"instock","22":"taxable","23":"shipping-taxable","24":"purchasable","25":"product-type-simple"},"acf":[],"yoast_head":"<!-- This site is optimized with the Yoast SEO Premium plugin v27.4 (Yoast SEO v27.4) - https:\/\/yoast.com\/product\/yoast-seo-premium-wordpress\/ -->\n<title>DefiSign Erste-Hilfe-Kasten f\u00fcr AED | Swixed SA<\/title>\n<meta name=\"description\" content=\"Defisign Erste-Hilfe-Kit f\u00fcr Defibrillator mit allen Zubeh\u00f6rteilen f\u00fcr die Behandlung eines Herzstillstands.\" \/>\n<meta name=\"robots\" content=\"index, follow, max-snippet:-1, max-image-preview:large, max-video-preview:-1\" \/>\n<link rel=\"canonical\" href=\"https:\/\/swixed.ch\/de\/produkt\/sed34019\/\" \/>\n<meta property=\"og:locale\" content=\"de_DE\" \/>\n<meta property=\"og:type\" content=\"article\" \/>\n<meta property=\"og:title\" content=\"DefiSign-Erste-Hilfe-Set f\u00fcr AED-Zubeh\u00f6r\" \/>\n<meta property=\"og:description\" content=\"Defisign Erste-Hilfe-Kit f\u00fcr Defibrillator mit allen Zubeh\u00f6rteilen f\u00fcr die Behandlung eines Herzstillstands.\" \/>\n<meta property=\"og:url\" content=\"https:\/\/swixed.ch\/de\/produkt\/sed34019\/\" \/>\n<meta property=\"og:site_name\" content=\"Swixed SA\" \/>\n<meta property=\"article:publisher\" content=\"https:\/\/www.facebook.com\/swixed\" \/>\n<meta property=\"article:modified_time\" content=\"2026-04-20T17:55:36+00:00\" \/>\n<meta property=\"og:image\" content=\"https:\/\/swixed.ch\/wp-content\/uploads\/2026\/01\/SED34019-01.png\" \/>\n\t<meta property=\"og:image:width\" content=\"600\" \/>\n\t<meta property=\"og:image:height\" content=\"600\" \/>\n\t<meta property=\"og:image:type\" content=\"image\/png\" \/>\n<meta name=\"twitter:card\" content=\"summary_large_image\" \/>\n<meta name=\"twitter:label1\" content=\"Gesch\u00e4tzte Lesezeit\" \/>\n\t<meta name=\"twitter:data1\" content=\"2\u00a0Minuten\" \/>\n<script type=\"application\/ld+json\" class=\"yoast-schema-graph\">{\"@context\":\"https:\\\/\\\/schema.org\",\"@graph\":[{\"@type\":\"WebPage\",\"@id\":\"https:\\\/\\\/swixed.ch\\\/de\\\/produkt\\\/sed34019\\\/\",\"url\":\"https:\\\/\\\/swixed.ch\\\/de\\\/produkt\\\/sed34019\\\/\",\"name\":\"DefiSign Erste-Hilfe-Kasten f\u00fcr AED | Swixed SA\",\"isPartOf\":{\"@id\":\"https:\\\/\\\/swixed.ch\\\/de\\\/#website\"},\"primaryImageOfPage\":{\"@id\":\"https:\\\/\\\/swixed.ch\\\/de\\\/produkt\\\/sed34019\\\/#primaryimage\"},\"image\":{\"@id\":\"https:\\\/\\\/swixed.ch\\\/de\\\/produkt\\\/sed34019\\\/#primaryimage\"},\"thumbnailUrl\":\"https:\\\/\\\/swixed.ch\\\/wp-content\\\/uploads\\\/2026\\\/01\\\/SED34019-01.png\",\"datePublished\":\"2025-10-15T17:40:38+00:00\",\"dateModified\":\"2026-04-20T17:55:36+00:00\",\"description\":\"Defisign Erste-Hilfe-Kit f\u00fcr Defibrillator mit allen Zubeh\u00f6rteilen f\u00fcr die Behandlung eines Herzstillstands.\",\"breadcrumb\":{\"@id\":\"https:\\\/\\\/swixed.ch\\\/de\\\/produkt\\\/sed34019\\\/#breadcrumb\"},\"inLanguage\":\"de\",\"potentialAction\":[{\"@type\":\"ReadAction\",\"target\":[\"https:\\\/\\\/swixed.ch\\\/de\\\/produkt\\\/sed34019\\\/\"]}]},{\"@type\":\"ImageObject\",\"inLanguage\":\"de\",\"@id\":\"https:\\\/\\\/swixed.ch\\\/de\\\/produkt\\\/sed34019\\\/#primaryimage\",\"url\":\"https:\\\/\\\/swixed.ch\\\/wp-content\\\/uploads\\\/2026\\\/01\\\/SED34019-01.png\",\"contentUrl\":\"https:\\\/\\\/swixed.ch\\\/wp-content\\\/uploads\\\/2026\\\/01\\\/SED34019-01.png\",\"width\":600,\"height\":600,\"caption\":\"SED34019\"},{\"@type\":\"BreadcrumbList\",\"@id\":\"https:\\\/\\\/swixed.ch\\\/de\\\/produkt\\\/sed34019\\\/#breadcrumb\",\"itemListElement\":[{\"@type\":\"ListItem\",\"position\":1,\"name\":\"Startseite\",\"item\":\"https:\\\/\\\/swixed.ch\\\/de\\\/home\\\/\"},{\"@type\":\"ListItem\",\"position\":2,\"name\":\"Shop\",\"item\":\"https:\\\/\\\/swixed.ch\\\/de\\\/shop\\\/\"},{\"@type\":\"ListItem\",\"position\":3,\"name\":\"DefiSign-Erste-Hilfe-Set f\u00fcr AED-Zubeh\u00f6r\"}]},{\"@type\":\"WebSite\",\"@id\":\"https:\\\/\\\/swixed.ch\\\/de\\\/#website\",\"url\":\"https:\\\/\\\/swixed.ch\\\/de\\\/\",\"name\":\"Swixed SA\",\"description\":\"Elektronische Ger\u00e4te\",\"publisher\":{\"@id\":\"https:\\\/\\\/swixed.ch\\\/de\\\/#organization\"},\"potentialAction\":[{\"@type\":\"SearchAction\",\"target\":{\"@type\":\"EntryPoint\",\"urlTemplate\":\"https:\\\/\\\/swixed.ch\\\/de\\\/?s={search_term_string}\"},\"query-input\":{\"@type\":\"PropertyValueSpecification\",\"valueRequired\":true,\"valueName\":\"search_term_string\"}}],\"inLanguage\":\"de\"},{\"@type\":\"Organization\",\"@id\":\"https:\\\/\\\/swixed.ch\\\/de\\\/#organization\",\"name\":\"Swixed SA\",\"url\":\"https:\\\/\\\/swixed.ch\\\/de\\\/\",\"logo\":{\"@type\":\"ImageObject\",\"inLanguage\":\"de\",\"@id\":\"https:\\\/\\\/swixed.ch\\\/de\\\/#\\\/schema\\\/logo\\\/image\\\/\",\"url\":\"https:\\\/\\\/swixed.ch\\\/wp-content\\\/uploads\\\/logos\\\/swixed-logo-lite.png\",\"contentUrl\":\"https:\\\/\\\/swixed.ch\\\/wp-content\\\/uploads\\\/logos\\\/swixed-logo-lite.png\",\"width\":696,\"height\":696,\"caption\":\"Swixed SA\"},\"image\":{\"@id\":\"https:\\\/\\\/swixed.ch\\\/de\\\/#\\\/schema\\\/logo\\\/image\\\/\"},\"sameAs\":[\"https:\\\/\\\/www.facebook.com\\\/swixed\",\"https:\\\/\\\/www.linkedin.com\\\/company\\\/swixed\",\"https:\\\/\\\/www.youtube.com\\\/@swixedsa\"],\"description\":\"Swixed SA est une entreprise suisse bas\u00e9e \u00e0 Gen\u00e8ve, sp\u00e9cialis\u00e9e dans la vente, la location et la maintenance d\u2019appareils m\u00e9dicaux professionnels, tels que d\u00e9fibrillateurs AED, \u00e9lectrocardiographes, moniteurs patient et dispositifs de diagnostic.\",\"email\":\"infoshop@swixed.ch\",\"telephone\":\"+41 22 566 11 95\",\"legalName\":\"Swixed SA\",\"foundingDate\":\"2021-03-01\",\"numberOfEmployees\":{\"@type\":\"QuantitativeValue\",\"minValue\":\"1\",\"maxValue\":\"10\"}}]}<\/script>\n<!-- \/ Yoast SEO Premium plugin. -->","yoast_head_json":{"title":"DefiSign Erste-Hilfe-Kasten f\u00fcr AED | Swixed SA","description":"Defisign Erste-Hilfe-Kit f\u00fcr Defibrillator mit allen Zubeh\u00f6rteilen f\u00fcr die Behandlung eines Herzstillstands.","robots":{"index":"index","follow":"follow","max-snippet":"max-snippet:-1","max-image-preview":"max-image-preview:large","max-video-preview":"max-video-preview:-1"},"canonical":"https:\/\/swixed.ch\/de\/produkt\/sed34019\/","og_locale":"de_DE","og_type":"article","og_title":"DefiSign-Erste-Hilfe-Set f\u00fcr AED-Zubeh\u00f6r","og_description":"Defisign Erste-Hilfe-Kit f\u00fcr Defibrillator mit allen Zubeh\u00f6rteilen f\u00fcr die Behandlung eines Herzstillstands.","og_url":"https:\/\/swixed.ch\/de\/produkt\/sed34019\/","og_site_name":"Swixed SA","article_publisher":"https:\/\/www.facebook.com\/swixed","article_modified_time":"2026-04-20T17:55:36+00:00","og_image":[{"width":600,"height":600,"url":"https:\/\/swixed.ch\/wp-content\/uploads\/2026\/01\/SED34019-01.png","type":"image\/png"}],"twitter_card":"summary_large_image","twitter_misc":{"Gesch\u00e4tzte Lesezeit":"2\u00a0Minuten"},"schema":{"@context":"https:\/\/schema.org","@graph":[{"@type":"WebPage","@id":"https:\/\/swixed.ch\/de\/produkt\/sed34019\/","url":"https:\/\/swixed.ch\/de\/produkt\/sed34019\/","name":"DefiSign Erste-Hilfe-Kasten f\u00fcr AED | Swixed SA","isPartOf":{"@id":"https:\/\/swixed.ch\/de\/#website"},"primaryImageOfPage":{"@id":"https:\/\/swixed.ch\/de\/produkt\/sed34019\/#primaryimage"},"image":{"@id":"https:\/\/swixed.ch\/de\/produkt\/sed34019\/#primaryimage"},"thumbnailUrl":"https:\/\/swixed.ch\/wp-content\/uploads\/2026\/01\/SED34019-01.png","datePublished":"2025-10-15T17:40:38+00:00","dateModified":"2026-04-20T17:55:36+00:00","description":"Defisign Erste-Hilfe-Kit f\u00fcr Defibrillator mit allen Zubeh\u00f6rteilen f\u00fcr die Behandlung eines Herzstillstands.","breadcrumb":{"@id":"https:\/\/swixed.ch\/de\/produkt\/sed34019\/#breadcrumb"},"inLanguage":"de","potentialAction":[{"@type":"ReadAction","target":["https:\/\/swixed.ch\/de\/produkt\/sed34019\/"]}]},{"@type":"ImageObject","inLanguage":"de","@id":"https:\/\/swixed.ch\/de\/produkt\/sed34019\/#primaryimage","url":"https:\/\/swixed.ch\/wp-content\/uploads\/2026\/01\/SED34019-01.png","contentUrl":"https:\/\/swixed.ch\/wp-content\/uploads\/2026\/01\/SED34019-01.png","width":600,"height":600,"caption":"SED34019"},{"@type":"BreadcrumbList","@id":"https:\/\/swixed.ch\/de\/produkt\/sed34019\/#breadcrumb","itemListElement":[{"@type":"ListItem","position":1,"name":"Startseite","item":"https:\/\/swixed.ch\/de\/home\/"},{"@type":"ListItem","position":2,"name":"Shop","item":"https:\/\/swixed.ch\/de\/shop\/"},{"@type":"ListItem","position":3,"name":"DefiSign-Erste-Hilfe-Set f\u00fcr AED-Zubeh\u00f6r"}]},{"@type":"WebSite","@id":"https:\/\/swixed.ch\/de\/#website","url":"https:\/\/swixed.ch\/de\/","name":"Swixed SA","description":"Elektronische Ger\u00e4te","publisher":{"@id":"https:\/\/swixed.ch\/de\/#organization"},"potentialAction":[{"@type":"SearchAction","target":{"@type":"EntryPoint","urlTemplate":"https:\/\/swixed.ch\/de\/?s={search_term_string}"},"query-input":{"@type":"PropertyValueSpecification","valueRequired":true,"valueName":"search_term_string"}}],"inLanguage":"de"},{"@type":"Organization","@id":"https:\/\/swixed.ch\/de\/#organization","name":"Swixed SA","url":"https:\/\/swixed.ch\/de\/","logo":{"@type":"ImageObject","inLanguage":"de","@id":"https:\/\/swixed.ch\/de\/#\/schema\/logo\/image\/","url":"https:\/\/swixed.ch\/wp-content\/uploads\/logos\/swixed-logo-lite.png","contentUrl":"https:\/\/swixed.ch\/wp-content\/uploads\/logos\/swixed-logo-lite.png","width":696,"height":696,"caption":"Swixed SA"},"image":{"@id":"https:\/\/swixed.ch\/de\/#\/schema\/logo\/image\/"},"sameAs":["https:\/\/www.facebook.com\/swixed","https:\/\/www.linkedin.com\/company\/swixed","https:\/\/www.youtube.com\/@swixedsa"],"description":"Swixed SA est une entreprise suisse bas\u00e9e \u00e0 Gen\u00e8ve, sp\u00e9cialis\u00e9e dans la vente, la location et la maintenance d\u2019appareils m\u00e9dicaux professionnels, tels que d\u00e9fibrillateurs AED, \u00e9lectrocardiographes, moniteurs patient et dispositifs de diagnostic.","email":"infoshop@swixed.ch","telephone":"+41 22 566 11 95","legalName":"Swixed SA","foundingDate":"2021-03-01","numberOfEmployees":{"@type":"QuantitativeValue","minValue":"1","maxValue":"10"}}]}},"_links":{"self":[{"href":"https:\/\/swixed.ch\/de\/wp-json\/wp\/v2\/product\/53769","targetHints":{"allow":["GET"]}}],"collection":[{"href":"https:\/\/swixed.ch\/de\/wp-json\/wp\/v2\/product"}],"about":[{"href":"https:\/\/swixed.ch\/de\/wp-json\/wp\/v2\/types\/product"}],"version-history":[{"count":1,"href":"https:\/\/swixed.ch\/de\/wp-json\/wp\/v2\/product\/53769\/revisions"}],"predecessor-version":[{"id":62959,"href":"https:\/\/swixed.ch\/de\/wp-json\/wp\/v2\/product\/53769\/revisions\/62959"}],"wp:featuredmedia":[{"embeddable":true,"href":"https:\/\/swixed.ch\/de\/wp-json\/wp\/v2\/media\/58618"}],"wp:attachment":[{"href":"https:\/\/swixed.ch\/de\/wp-json\/wp\/v2\/media?parent=53769"}],"wp:term":[{"taxonomy":"product_brand","embeddable":true,"href":"https:\/\/swixed.ch\/de\/wp-json\/wp\/v2\/product_brand?post=53769"},{"taxonomy":"product_cat","embeddable":true,"href":"https:\/\/swixed.ch\/de\/wp-json\/wp\/v2\/product_cat?post=53769"},{"taxonomy":"product_tag","embeddable":true,"href":"https:\/\/swixed.ch\/de\/wp-json\/wp\/v2\/product_tag?post=53769"}],"curies":[{"name":"wp","href":"https:\/\/api.w.org\/{rel}","templated":true}]}}