{"id":53805,"date":"2025-10-16T18:33:38","date_gmt":"2025-10-16T17:33:38","guid":{"rendered":"https:\/\/swixed.com\/?post_type=product&#038;p=53805"},"modified":"2026-04-20T18:57:25","modified_gmt":"2026-04-20T17:57:25","slug":"sed34020","status":"publish","type":"product","link":"https:\/\/swixed.ch\/de\/produkt\/sed34020\/","title":{"rendered":"Schiller FRED Easy \/ Easy Life AED-Tragetasche"},"content":{"rendered":"\t\t<div data-elementor-type=\"product-post\" data-elementor-id=\"53805\" class=\"elementor elementor-53805 elementor-53804\" data-elementor-post-type=\"product\">\n\t\t\t\t<div class=\"elementor-element elementor-element-b5221ca e-con-full e-flex e-con e-parent\" data-id=\"b5221ca\" data-element_type=\"container\" data-e-type=\"container\">\n\t\t<div class=\"elementor-element elementor-element-987c519 e-con-full e-flex e-con e-child\" data-id=\"987c519\" data-element_type=\"container\" data-e-type=\"container\">\n\t\t\t\t<div class=\"elementor-element elementor-element-b05c173 elementor-widget elementor-widget-heading\" data-id=\"b05c173\" data-element_type=\"widget\" data-e-type=\"widget\" data-widget_type=\"heading.default\">\n\t\t\t\t\t<h2 class=\"elementor-heading-title elementor-size-default\">Allgemeine Darstellung<\/h2>\t\t\t\t<\/div>\n\t\t\t\t<div class=\"elementor-element elementor-element-ee6e897 elementor-widget elementor-widget-text-editor\" data-id=\"ee6e897\" data-element_type=\"widget\" data-e-type=\"widget\" data-widget_type=\"text-editor.default\">\n\t\t\t\t\t\t\t\t\t<p>Die Schiller-Transporttasche wurde entwickelt, um einen AED in professionellen, \u00f6ffentlichen oder privaten Umgebungen zu sch\u00fctzen und zu transportieren. Durch ihr robustes und funktionelles Design erm\u00f6glicht sie einen schnellen Zugriff auf das Ger\u00e4t und bietet gleichzeitig Platz f\u00fcr wichtige Erste-Hilfe-Zubeh\u00f6rteile. Die L\u00f6sung bietet eine klare Sichtbarkeit der LED-Anzeige des Ger\u00e4ts und f\u00f6rdert die Verwendung in \u00dcbereinstimmung mit den vom BAG empfohlenen guten Sicherheitspraktiken. Dar\u00fcber hinaus ist sie eine ideale L\u00f6sung f\u00fcr die vorbeugende Wartung oder Notfallma\u00dfnahmen.   <\/p>\t\t\t\t\t\t\t\t<\/div>\n\t\t\t\t<div class=\"elementor-element elementor-element-620a77f elementor-widget elementor-widget-heading\" data-id=\"620a77f\" data-element_type=\"widget\" data-e-type=\"widget\" data-widget_type=\"heading.default\">\n\t\t\t\t\t<h2 class=\"elementor-heading-title elementor-size-default\">Wichtigste technische Merkmale<\/h2>\t\t\t\t<\/div>\n\t\t\t\t<div class=\"elementor-element elementor-element-ac4489f elementor-widget elementor-widget-text-editor\" data-id=\"ac4489f\" data-element_type=\"widget\" data-e-type=\"widget\" data-widget_type=\"text-editor.default\">\n\t\t\t\t\t\t\t\t\t<p>Die Hauptvorteile der Tasche sind zahlreich; insbesondere bietet sie :<\/p><ul><li>Ein robustes, leichtes und spritzwassergesch\u00fctztes Material,<\/li><li>Eine Vordertasche mit Rei\u00dfverschluss zur Aufbewahrung von Zubeh\u00f6r (Elektroden, Handschuhe, Schere),<\/li><li>Eine schnelle Klettverschluss\u00f6ffnung f\u00fcr den sofortigen Zugriff auf den Defibrillator,<\/li><li>Ein transparentes Fenster, um die Verf\u00fcgbarkeit der LED zu \u00fcberpr\u00fcfen, ohne die Tasche zu \u00f6ffnen,<\/li><li>Ein verstellbarer Schulterriemen, der bequem zu tragen ist,<\/li><li>Eine Klappe f\u00fcr den Zugang zur Batterie und zu den Anschl\u00fcssen,<\/li><li>Eine rote Signalfarbe mit sichtbarem AED-Logo.<\/li><\/ul><p><br>Diese Eigenschaften erleichtern die Wartung und verl\u00e4ngern die Lebensdauer des Ger\u00e4tes im professionellen Einsatz. Dar\u00fcber hinaus erf\u00fcllen sie die Sicherheitsanforderungen f\u00fcr medizinische Notfallger\u00e4te. <\/p>\t\t\t\t\t\t\t\t<\/div>\n\t\t\t\t<div class=\"elementor-element elementor-element-4992c3d elementor-widget elementor-widget-heading\" data-id=\"4992c3d\" data-element_type=\"widget\" data-e-type=\"widget\" data-widget_type=\"heading.default\">\n\t\t\t\t\t<h2 class=\"elementor-heading-title elementor-size-default\">Kompatibilit\u00e4t und Nutzung<\/h2>\t\t\t\t<\/div>\n\t\t\t\t<div class=\"elementor-element elementor-element-8493676 elementor-widget elementor-widget-text-editor\" data-id=\"8493676\" data-element_type=\"widget\" data-e-type=\"widget\" data-widget_type=\"text-editor.default\">\n\t\t\t\t\t\t\t\t\t<p>Die Tasche ist mit den Schiller-Modellen Fred Easy und Fred Easy Life sowie mit deren Trainingsversionen kompatibel. F\u00fcr das Modell Fred Easy G2 ist sie jedoch nach den Angaben der autorisierten H\u00e4ndler nicht geeignet.<br>In der Praxis sch\u00fctzt sie das Ger\u00e4t vor St\u00f6\u00dfen und Staub und bietet gleichzeitig eine optimale Tragbarkeit bei Veranstaltungen, Schulungen und Notfalleins\u00e4tzen. Das kompakte Design erm\u00f6glicht eine einfache Aufbewahrung in einem Wandschrank oder einem Einsatzfahrzeug.  <\/p><p>Um mehr \u00fcber Defibrillatoren zu erfahren, besuchen Sie bitte <a href=\"https:\/\/swixed.ch\/de\/produkt-kategorie\/defibrillatoren\/\">unsere Seite \u00fcber AED-Modelle<\/a>.<\/p>\t\t\t\t\t\t\t\t<\/div>\n\t\t\t\t<div class=\"elementor-element elementor-element-a150b21 elementor-widget elementor-widget-heading\" data-id=\"a150b21\" data-element_type=\"widget\" data-e-type=\"widget\" data-widget_type=\"heading.default\">\n\t\t\t\t\t<h2 class=\"elementor-heading-title elementor-size-default\">Nutzung und Einhaltung<\/h2>\t\t\t\t<\/div>\n\t\t\t\t<div class=\"elementor-element elementor-element-a8d4760 elementor-widget elementor-widget-text-editor\" data-id=\"a8d4760\" data-element_type=\"widget\" data-e-type=\"widget\" data-widget_type=\"text-editor.default\">\n\t\t\t\t\t\t\t\t\t<p>Um eine sichere und dauerhafte Nutzung zu gew\u00e4hrleisten, befolgen Sie bitte die folgenden Empfehlungen:<\/p><ol><li>Platzieren Sie den Defibrillator in der Haupttasche, wobei die LED durch das Fenster sichtbar ist.<\/li><li>Stellen Sie den Schultergurt dann auf die Gr\u00f6\u00dfe des Nutzers ein, um einen optimalen Tragekomfort zu gew\u00e4hrleisten.<\/li><li>Bewahren Sie das Zubeh\u00f6r in der Vordertasche auf, so dass es immer griffbereit ist.<\/li><li>Sie k\u00f6nnen die Batterie oder die Anschl\u00fcsse \u00fcber die daf\u00fcr vorgesehene Klappe erreichen, ohne die Tasche zu entfernen.<\/li><li>Schlie\u00dflich sollten Sie regelm\u00e4\u00dfig den Zustand des Klettverschlusses und der N\u00e4hte \u00fcberpr\u00fcfen, um die Sicherheit zu erhalten.<\/li><\/ol><p>Diese einfachen Ma\u00dfnahmen halten das Ger\u00e4t in perfektem Zustand und erf\u00fcllen die Anforderungen an die vorbeugende Wartung, die in der Norm EN 60601-2-4 empfohlen werden.<br>\t\t<div data-elementor-type=\"widget\" data-elementor-id=\"60303\" class=\"elementor elementor-60303 elementor-60240 elementor-60240\" data-elementor-post-type=\"elementor_library\">\n\t\t\t\t\t\t<div class=\"elementor-element elementor-element-60240 elementor-widget elementor-widget-text-editor\" data-id=\"60240\" data-element_type=\"widget\" data-e-type=\"widget\" data-widget_type=\"text-editor.default\">\n\t\t\t\t\t\t\t\t\t<p>Weitere Informationen finden Sie unter :<\/p><ul><li><a href=\"https:\/\/www.bag.admin.ch\" target=\"_blank\" rel=\"noopener\">Bundesamt f\u00fcr Gesundheit (BAG)<\/a><\/li><li><a href=\"https:\/\/www.switec.info\" target=\"_blank\" rel=\"noopener\">Schweizerisches Informationszentrum f\u00fcr technische Regeln (Switec)<\/a><\/li><\/ul><p><br>Unsere Medizinprodukte haben einen autorisierten Vertreter in der Schweiz (CH-REP), gem\u00e4\u00df der geltenden schweizerischen Gesetzgebung f\u00fcr Medizinprodukte.<\/p>\t\t\t\t\t\t\t\t<\/div>\n\t\t\t\t<\/div>\n\t\t<br>Klicken Sie hier, um die <a href=\"https:\/\/swixed.ch\/de\/produkt\/sed94000\/\">regelm\u00e4\u00dfige Wartung<\/a> Ihres Defibrillators zu buchen.<\/p>\t\t\t\t\t\t\t\t<\/div>\n\t\t\t\t<div class=\"elementor-element elementor-element-ee56cd3 elementor-widget elementor-widget-heading\" data-id=\"ee56cd3\" data-element_type=\"widget\" data-e-type=\"widget\" data-widget_type=\"heading.default\">\n\t\t\t\t\t<h2 class=\"elementor-heading-title elementor-size-default\">Zus\u00e4tzliches Zubeh\u00f6r<\/h2>\t\t\t\t<\/div>\n\t\t\t\t<div class=\"elementor-element elementor-element-486980e elementor-widget elementor-widget-text-editor\" data-id=\"486980e\" data-element_type=\"widget\" data-e-type=\"widget\" data-widget_type=\"text-editor.default\">\n\t\t\t\t\t\t\t\t\t<p>F\u00fcr eine vollst\u00e4ndige und vorschriftsm\u00e4\u00dfige Ausstattung kombinieren Sie diese Tasche mit :<\/p><ul><li>Schiller-Ersatzelektroden,<\/li><li>eine Original-AED-Batterie,<\/li><li>einen Erste-Hilfe-Kasten, der den europ\u00e4ischen Empfehlungen entspricht.<\/li><\/ul><p><br>Dies gew\u00e4hrleistet einen effizienten Einsatz, ob in Unternehmen oder an \u00f6ffentlichen Orten. Das Zubeh\u00f6r erleichtert auch die regelm\u00e4\u00dfige Wartung des Ger\u00e4ts, die f\u00fcr seine Zuverl\u00e4ssigkeit unerl\u00e4sslich ist. <\/p>\t\t\t\t\t\t\t\t<\/div>\n\t\t\t\t<\/div>\n\t\t\t\t<\/div>\n\t\t\t\t<\/div>\n\t\t","protected":false},"excerpt":{"rendered":"<p>Die Schiller-Transporttasche wurde f\u00fcr die Aufbewahrung und den Transport der AED-Defibrillatoren FRED Easy und FRED Easy Life entwickelt. Sie sch\u00fctzt das Ger\u00e4t vor St\u00f6\u00dfen und erleichtert die Handhabung w\u00e4hrend der Fahrt. Das Design erm\u00f6glicht den visuellen Zugriff auf die Bereitschaftsanzeige, ohne den Defibrillator zu entfernen. Dieses Zubeh\u00f6r ist mit den Trainingsversionen kompatibel und nicht f\u00fcr das Modell FRED Easy G2 geeignet.   <\/p>\n","protected":false},"featured_media":58669,"template":"","meta":{"_acf_changed":false},"product_brand":[2179],"product_cat":[1422,1503],"product_tag":[7296,7295,7298,2689,7297,7302,7299,7300,4355,7301],"class_list":{"0":"post-53805","1":"product","2":"type-product","3":"status-publish","4":"has-post-thumbnail","6":"product_brand-schiller-de","7":"product_cat-defibrillatoren","8":"product_cat-zubehor-defibrillatoren","9":"product_tag-aed-transporttasche","10":"product_tag-defibrillator-tasche","11":"product_tag-defibrillator-zubehor-2","12":"product_tag-erste-hilfe-ausrustung","13":"product_tag-fred-easy-life","14":"product_tag-medizinische-gerate-schiller","15":"product_tag-medizinische-tasche","16":"product_tag-professionelle-aed-tasche","17":"product_tag-schiller-fred-easy-de","18":"product_tag-schutz-des-defibrillators","20":"first","21":"instock","22":"taxable","23":"shipping-taxable","24":"purchasable","25":"product-type-simple"},"acf":[],"yoast_head":"<!-- This site is optimized with the Yoast SEO Premium plugin v27.4 (Yoast SEO v27.4) - https:\/\/yoast.com\/product\/yoast-seo-premium-wordpress\/ -->\n<title>Schiller Defibrillator-Transporttasche AED | Swixed SA<\/title>\n<meta name=\"description\" content=\"Schiller Tragetasche f\u00fcr AED Fred Easy und Easy Life. Robustes Design, zertifizierte Kompatibilit\u00e4t gem\u00e4\u00df EN 60601-2-4.\" \/>\n<meta name=\"robots\" content=\"index, follow, max-snippet:-1, max-image-preview:large, max-video-preview:-1\" \/>\n<link rel=\"canonical\" href=\"https:\/\/swixed.ch\/de\/produkt\/sed34020\/\" \/>\n<meta property=\"og:locale\" content=\"de_DE\" \/>\n<meta property=\"og:type\" content=\"article\" \/>\n<meta property=\"og:title\" content=\"Schiller FRED Easy \/ Easy Life AED-Tragetasche\" \/>\n<meta property=\"og:description\" content=\"Schiller Tragetasche f\u00fcr AED Fred Easy und Easy Life. Robustes Design, zertifizierte Kompatibilit\u00e4t gem\u00e4\u00df EN 60601-2-4.\" \/>\n<meta property=\"og:url\" content=\"https:\/\/swixed.ch\/de\/produkt\/sed34020\/\" \/>\n<meta property=\"og:site_name\" content=\"Swixed SA\" \/>\n<meta property=\"article:publisher\" content=\"https:\/\/www.facebook.com\/swixed\" \/>\n<meta property=\"article:modified_time\" content=\"2026-04-20T17:57:25+00:00\" \/>\n<meta property=\"og:image\" content=\"https:\/\/swixed.ch\/wp-content\/uploads\/2026\/01\/SED34020-01.png\" \/>\n\t<meta property=\"og:image:width\" content=\"600\" \/>\n\t<meta property=\"og:image:height\" content=\"600\" \/>\n\t<meta property=\"og:image:type\" content=\"image\/png\" \/>\n<meta name=\"twitter:card\" content=\"summary_large_image\" \/>\n<meta name=\"twitter:label1\" content=\"Gesch\u00e4tzte Lesezeit\" \/>\n\t<meta name=\"twitter:data1\" content=\"3\u00a0Minuten\" \/>\n<script type=\"application\/ld+json\" class=\"yoast-schema-graph\">{\"@context\":\"https:\\\/\\\/schema.org\",\"@graph\":[{\"@type\":\"WebPage\",\"@id\":\"https:\\\/\\\/swixed.ch\\\/de\\\/produkt\\\/sed34020\\\/\",\"url\":\"https:\\\/\\\/swixed.ch\\\/de\\\/produkt\\\/sed34020\\\/\",\"name\":\"Schiller Defibrillator-Transporttasche AED | Swixed SA\",\"isPartOf\":{\"@id\":\"https:\\\/\\\/swixed.ch\\\/de\\\/#website\"},\"primaryImageOfPage\":{\"@id\":\"https:\\\/\\\/swixed.ch\\\/de\\\/produkt\\\/sed34020\\\/#primaryimage\"},\"image\":{\"@id\":\"https:\\\/\\\/swixed.ch\\\/de\\\/produkt\\\/sed34020\\\/#primaryimage\"},\"thumbnailUrl\":\"https:\\\/\\\/swixed.ch\\\/wp-content\\\/uploads\\\/2026\\\/01\\\/SED34020-01.png\",\"datePublished\":\"2025-10-16T17:33:38+00:00\",\"dateModified\":\"2026-04-20T17:57:25+00:00\",\"description\":\"Schiller Tragetasche f\u00fcr AED Fred Easy und Easy Life. Robustes Design, zertifizierte Kompatibilit\u00e4t gem\u00e4\u00df EN 60601-2-4.\",\"breadcrumb\":{\"@id\":\"https:\\\/\\\/swixed.ch\\\/de\\\/produkt\\\/sed34020\\\/#breadcrumb\"},\"inLanguage\":\"de\",\"potentialAction\":[{\"@type\":\"ReadAction\",\"target\":[\"https:\\\/\\\/swixed.ch\\\/de\\\/produkt\\\/sed34020\\\/\"]}]},{\"@type\":\"ImageObject\",\"inLanguage\":\"de\",\"@id\":\"https:\\\/\\\/swixed.ch\\\/de\\\/produkt\\\/sed34020\\\/#primaryimage\",\"url\":\"https:\\\/\\\/swixed.ch\\\/wp-content\\\/uploads\\\/2026\\\/01\\\/SED34020-01.png\",\"contentUrl\":\"https:\\\/\\\/swixed.ch\\\/wp-content\\\/uploads\\\/2026\\\/01\\\/SED34020-01.png\",\"width\":600,\"height\":600,\"caption\":\"SED34020\"},{\"@type\":\"BreadcrumbList\",\"@id\":\"https:\\\/\\\/swixed.ch\\\/de\\\/produkt\\\/sed34020\\\/#breadcrumb\",\"itemListElement\":[{\"@type\":\"ListItem\",\"position\":1,\"name\":\"Startseite\",\"item\":\"https:\\\/\\\/swixed.ch\\\/de\\\/home\\\/\"},{\"@type\":\"ListItem\",\"position\":2,\"name\":\"Shop\",\"item\":\"https:\\\/\\\/swixed.ch\\\/de\\\/shop\\\/\"},{\"@type\":\"ListItem\",\"position\":3,\"name\":\"Schiller FRED Easy \\\/ Easy Life AED-Tragetasche\"}]},{\"@type\":\"WebSite\",\"@id\":\"https:\\\/\\\/swixed.ch\\\/de\\\/#website\",\"url\":\"https:\\\/\\\/swixed.ch\\\/de\\\/\",\"name\":\"Swixed SA\",\"description\":\"Elektronische Ger\u00e4te\",\"publisher\":{\"@id\":\"https:\\\/\\\/swixed.ch\\\/de\\\/#organization\"},\"potentialAction\":[{\"@type\":\"SearchAction\",\"target\":{\"@type\":\"EntryPoint\",\"urlTemplate\":\"https:\\\/\\\/swixed.ch\\\/de\\\/?s={search_term_string}\"},\"query-input\":{\"@type\":\"PropertyValueSpecification\",\"valueRequired\":true,\"valueName\":\"search_term_string\"}}],\"inLanguage\":\"de\"},{\"@type\":\"Organization\",\"@id\":\"https:\\\/\\\/swixed.ch\\\/de\\\/#organization\",\"name\":\"Swixed SA\",\"url\":\"https:\\\/\\\/swixed.ch\\\/de\\\/\",\"logo\":{\"@type\":\"ImageObject\",\"inLanguage\":\"de\",\"@id\":\"https:\\\/\\\/swixed.ch\\\/de\\\/#\\\/schema\\\/logo\\\/image\\\/\",\"url\":\"https:\\\/\\\/swixed.ch\\\/wp-content\\\/uploads\\\/logos\\\/swixed-logo-lite.png\",\"contentUrl\":\"https:\\\/\\\/swixed.ch\\\/wp-content\\\/uploads\\\/logos\\\/swixed-logo-lite.png\",\"width\":696,\"height\":696,\"caption\":\"Swixed SA\"},\"image\":{\"@id\":\"https:\\\/\\\/swixed.ch\\\/de\\\/#\\\/schema\\\/logo\\\/image\\\/\"},\"sameAs\":[\"https:\\\/\\\/www.facebook.com\\\/swixed\",\"https:\\\/\\\/www.linkedin.com\\\/company\\\/swixed\",\"https:\\\/\\\/www.youtube.com\\\/@swixedsa\"],\"description\":\"Swixed SA est une entreprise suisse bas\u00e9e \u00e0 Gen\u00e8ve, sp\u00e9cialis\u00e9e dans la vente, la location et la maintenance d\u2019appareils m\u00e9dicaux professionnels, tels que d\u00e9fibrillateurs AED, \u00e9lectrocardiographes, moniteurs patient et dispositifs de diagnostic.\",\"email\":\"infoshop@swixed.ch\",\"telephone\":\"+41 22 566 11 95\",\"legalName\":\"Swixed SA\",\"foundingDate\":\"2021-03-01\",\"numberOfEmployees\":{\"@type\":\"QuantitativeValue\",\"minValue\":\"1\",\"maxValue\":\"10\"}}]}<\/script>\n<!-- \/ Yoast SEO Premium plugin. -->","yoast_head_json":{"title":"Schiller Defibrillator-Transporttasche AED | Swixed SA","description":"Schiller Tragetasche f\u00fcr AED Fred Easy und Easy Life. Robustes Design, zertifizierte Kompatibilit\u00e4t gem\u00e4\u00df EN 60601-2-4.","robots":{"index":"index","follow":"follow","max-snippet":"max-snippet:-1","max-image-preview":"max-image-preview:large","max-video-preview":"max-video-preview:-1"},"canonical":"https:\/\/swixed.ch\/de\/produkt\/sed34020\/","og_locale":"de_DE","og_type":"article","og_title":"Schiller FRED Easy \/ Easy Life AED-Tragetasche","og_description":"Schiller Tragetasche f\u00fcr AED Fred Easy und Easy Life. Robustes Design, zertifizierte Kompatibilit\u00e4t gem\u00e4\u00df EN 60601-2-4.","og_url":"https:\/\/swixed.ch\/de\/produkt\/sed34020\/","og_site_name":"Swixed SA","article_publisher":"https:\/\/www.facebook.com\/swixed","article_modified_time":"2026-04-20T17:57:25+00:00","og_image":[{"width":600,"height":600,"url":"https:\/\/swixed.ch\/wp-content\/uploads\/2026\/01\/SED34020-01.png","type":"image\/png"}],"twitter_card":"summary_large_image","twitter_misc":{"Gesch\u00e4tzte Lesezeit":"3\u00a0Minuten"},"schema":{"@context":"https:\/\/schema.org","@graph":[{"@type":"WebPage","@id":"https:\/\/swixed.ch\/de\/produkt\/sed34020\/","url":"https:\/\/swixed.ch\/de\/produkt\/sed34020\/","name":"Schiller Defibrillator-Transporttasche AED | Swixed SA","isPartOf":{"@id":"https:\/\/swixed.ch\/de\/#website"},"primaryImageOfPage":{"@id":"https:\/\/swixed.ch\/de\/produkt\/sed34020\/#primaryimage"},"image":{"@id":"https:\/\/swixed.ch\/de\/produkt\/sed34020\/#primaryimage"},"thumbnailUrl":"https:\/\/swixed.ch\/wp-content\/uploads\/2026\/01\/SED34020-01.png","datePublished":"2025-10-16T17:33:38+00:00","dateModified":"2026-04-20T17:57:25+00:00","description":"Schiller Tragetasche f\u00fcr AED Fred Easy und Easy Life. Robustes Design, zertifizierte Kompatibilit\u00e4t gem\u00e4\u00df EN 60601-2-4.","breadcrumb":{"@id":"https:\/\/swixed.ch\/de\/produkt\/sed34020\/#breadcrumb"},"inLanguage":"de","potentialAction":[{"@type":"ReadAction","target":["https:\/\/swixed.ch\/de\/produkt\/sed34020\/"]}]},{"@type":"ImageObject","inLanguage":"de","@id":"https:\/\/swixed.ch\/de\/produkt\/sed34020\/#primaryimage","url":"https:\/\/swixed.ch\/wp-content\/uploads\/2026\/01\/SED34020-01.png","contentUrl":"https:\/\/swixed.ch\/wp-content\/uploads\/2026\/01\/SED34020-01.png","width":600,"height":600,"caption":"SED34020"},{"@type":"BreadcrumbList","@id":"https:\/\/swixed.ch\/de\/produkt\/sed34020\/#breadcrumb","itemListElement":[{"@type":"ListItem","position":1,"name":"Startseite","item":"https:\/\/swixed.ch\/de\/home\/"},{"@type":"ListItem","position":2,"name":"Shop","item":"https:\/\/swixed.ch\/de\/shop\/"},{"@type":"ListItem","position":3,"name":"Schiller FRED Easy \/ Easy Life AED-Tragetasche"}]},{"@type":"WebSite","@id":"https:\/\/swixed.ch\/de\/#website","url":"https:\/\/swixed.ch\/de\/","name":"Swixed SA","description":"Elektronische Ger\u00e4te","publisher":{"@id":"https:\/\/swixed.ch\/de\/#organization"},"potentialAction":[{"@type":"SearchAction","target":{"@type":"EntryPoint","urlTemplate":"https:\/\/swixed.ch\/de\/?s={search_term_string}"},"query-input":{"@type":"PropertyValueSpecification","valueRequired":true,"valueName":"search_term_string"}}],"inLanguage":"de"},{"@type":"Organization","@id":"https:\/\/swixed.ch\/de\/#organization","name":"Swixed SA","url":"https:\/\/swixed.ch\/de\/","logo":{"@type":"ImageObject","inLanguage":"de","@id":"https:\/\/swixed.ch\/de\/#\/schema\/logo\/image\/","url":"https:\/\/swixed.ch\/wp-content\/uploads\/logos\/swixed-logo-lite.png","contentUrl":"https:\/\/swixed.ch\/wp-content\/uploads\/logos\/swixed-logo-lite.png","width":696,"height":696,"caption":"Swixed SA"},"image":{"@id":"https:\/\/swixed.ch\/de\/#\/schema\/logo\/image\/"},"sameAs":["https:\/\/www.facebook.com\/swixed","https:\/\/www.linkedin.com\/company\/swixed","https:\/\/www.youtube.com\/@swixedsa"],"description":"Swixed SA est une entreprise suisse bas\u00e9e \u00e0 Gen\u00e8ve, sp\u00e9cialis\u00e9e dans la vente, la location et la maintenance d\u2019appareils m\u00e9dicaux professionnels, tels que d\u00e9fibrillateurs AED, \u00e9lectrocardiographes, moniteurs patient et dispositifs de diagnostic.","email":"infoshop@swixed.ch","telephone":"+41 22 566 11 95","legalName":"Swixed SA","foundingDate":"2021-03-01","numberOfEmployees":{"@type":"QuantitativeValue","minValue":"1","maxValue":"10"}}]}},"_links":{"self":[{"href":"https:\/\/swixed.ch\/de\/wp-json\/wp\/v2\/product\/53805","targetHints":{"allow":["GET"]}}],"collection":[{"href":"https:\/\/swixed.ch\/de\/wp-json\/wp\/v2\/product"}],"about":[{"href":"https:\/\/swixed.ch\/de\/wp-json\/wp\/v2\/types\/product"}],"version-history":[{"count":1,"href":"https:\/\/swixed.ch\/de\/wp-json\/wp\/v2\/product\/53805\/revisions"}],"predecessor-version":[{"id":62962,"href":"https:\/\/swixed.ch\/de\/wp-json\/wp\/v2\/product\/53805\/revisions\/62962"}],"wp:featuredmedia":[{"embeddable":true,"href":"https:\/\/swixed.ch\/de\/wp-json\/wp\/v2\/media\/58669"}],"wp:attachment":[{"href":"https:\/\/swixed.ch\/de\/wp-json\/wp\/v2\/media?parent=53805"}],"wp:term":[{"taxonomy":"product_brand","embeddable":true,"href":"https:\/\/swixed.ch\/de\/wp-json\/wp\/v2\/product_brand?post=53805"},{"taxonomy":"product_cat","embeddable":true,"href":"https:\/\/swixed.ch\/de\/wp-json\/wp\/v2\/product_cat?post=53805"},{"taxonomy":"product_tag","embeddable":true,"href":"https:\/\/swixed.ch\/de\/wp-json\/wp\/v2\/product_tag?post=53805"}],"curies":[{"name":"wp","href":"https:\/\/api.w.org\/{rel}","templated":true}]}}