{"id":53814,"date":"2025-10-16T19:31:25","date_gmt":"2025-10-16T17:31:25","guid":{"rendered":"https:\/\/swixed.com\/?post_type=product&#038;p=53814"},"modified":"2026-01-16T16:23:39","modified_gmt":"2026-01-16T15:23:39","slug":"sed95022","status":"publish","type":"product","link":"https:\/\/swixed.ch\/de\/produkt\/sed95022\/","title":{"rendered":"Edelstahl-Infusionsst\u00e4nder Provita Medical I-N11111"},"content":{"rendered":"\t\t<div data-elementor-type=\"product-post\" data-elementor-id=\"53814\" class=\"elementor elementor-53814 elementor-53813\" data-elementor-post-type=\"product\">\n\t\t\t\t<div class=\"elementor-element elementor-element-7f483ec e-con-full e-flex e-con e-parent\" data-id=\"7f483ec\" data-element_type=\"container\" data-e-type=\"container\">\n\t\t<div class=\"elementor-element elementor-element-622e1ca e-con-full e-flex e-con e-child\" data-id=\"622e1ca\" data-element_type=\"container\" data-e-type=\"container\">\n\t\t\t\t<div class=\"elementor-element elementor-element-ac4454d elementor-widget elementor-widget-heading\" data-id=\"ac4454d\" data-element_type=\"widget\" data-e-type=\"widget\" data-widget_type=\"heading.default\">\n\t\t\t\t\t<h2 class=\"elementor-heading-title elementor-size-default\">Technische Merkmale<\/h2>\t\t\t\t<\/div>\n\t\t\t\t<div class=\"elementor-element elementor-element-4247ad1 elementor-widget elementor-widget-text-editor\" data-id=\"4247ad1\" data-element_type=\"widget\" data-e-type=\"widget\" data-widget_type=\"text-editor.default\">\n\t\t\t\t\t\t\t\t\t<p>Der Provita Medical I-N11111 Infusionsst\u00e4nder ist so konzipiert, dass er eine stabile, langlebige und einfach zu handhabende Struktur bietet. Dank seines elektropolierten Edelstahlrahmens ist er sehr verschlei\u00dffest und leicht zu reinigen, was ihn besonders f\u00fcr Umgebungen mit strengen Hygienevorschriften geeignet macht. Die einh\u00e4ndig bedienbare H\u00f6henverstellung erm\u00f6glicht eine schnelle Anpassung, ohne den Arbeitsablauf zu unterbrechen. Der 5-Fu\u00df-Standfu\u00df sorgt f\u00fcr eine verbesserte Stabilit\u00e4t, w\u00e4hrend die Doppelrollen eine reibungslose Bewegung erm\u00f6glichen. Zwei Rollen sind feststellbar, so dass eine sichere Positionierung gew\u00e4hrleistet ist, wenn dies erforderlich ist.    <\/p><p>Hauptmerkmale :<\/p><ul><li>Nahtlos verschwei\u00dfter Edelstahlrahmen, elektrophile Oberfl\u00e4chen<\/li><li>H\u00f6he einstellbar von 1,26 m bis 2,13 m<\/li><li>5-Fu\u00df-Untergestell, Doppelrollen \u00d8 50 mm<\/li><li>2 feststellbare Rollen mit elektrischer Leitf\u00e4higkeit DIN EN 60601<\/li><li>4 sichere Haken (je max. 2 kg)<\/li><li>Gewicht ca. 4 kg, Durchmesser der Basis 63,5 cm<\/li><\/ul>\t\t\t\t\t\t\t\t<\/div>\n\t\t\t\t<div class=\"elementor-element elementor-element-760004b elementor-widget elementor-widget-heading\" data-id=\"760004b\" data-element_type=\"widget\" data-e-type=\"widget\" data-widget_type=\"heading.default\">\n\t\t\t\t\t<h2 class=\"elementor-heading-title elementor-size-default\">Nutzung, Kompatibilit\u00e4t und Nutzungsumgebung<\/h2>\t\t\t\t<\/div>\n\t\t\t\t<div class=\"elementor-element elementor-element-9d959a2 elementor-widget elementor-widget-text-editor\" data-id=\"9d959a2\" data-element_type=\"widget\" data-e-type=\"widget\" data-widget_type=\"text-editor.default\">\n\t\t\t\t\t\t\t\t\t<p>Dieses Modell eignet sich f\u00fcr eine Vielzahl von klinischen Situationen. Die nahtlose Struktur erleichtert die Reinigung, w\u00e4hrend die elektrisch leitenden Rollen dazu beitragen, das Risiko einer elektrostatischen Aufladung zu verringern, wenn er in der N\u00e4he von elektronischen Ger\u00e4ten verwendet wird. Daher kann er in Krankenh\u00e4usern, Privatkliniken, Operationss\u00e4len oder Arztpraxen eingesetzt werden, die eine stabile und mobile Unterlage ben\u00f6tigen. Dar\u00fcber hinaus k\u00f6nnen die Haken verschiedene Beutel und Fl\u00e4schchen tragen, solange die Ladungen innerhalb der angegebenen Grenzen bleiben.   <\/p><p>Der Infusionsst\u00e4nder ist mit den meisten Infusionspumpen, Spritzenpumpen und \u00e4hnlichen Ger\u00e4ten kompatibel. Es wird jedoch empfohlen, die Last auf die Haken zu verteilen, um das Gleichgewicht des Rahmens zu erhalten und eine unn\u00f6tige Belastung der Mittels\u00e4ule zu vermeiden. Schlie\u00dflich erm\u00f6glichen die Doppelrollen den Einsatz auf verschiedenen Bodenarten, was die Mobilit\u00e4t in Pflegebereichen verbessert.  <\/p><p>Um das Thema professionelles medizinisches Zubeh\u00f6r weiter zu vertiefen, k\u00f6nnen Sie unsere Seite \u00fcber <a href=\"https:\/\/swixed.ch\/de\/produkt-kategorie\/medizinisches-zubehoer\/infusionsstander\/\">Infusionsst\u00e4nder und zugeh\u00f6rige L\u00f6sungen<\/a> besuchen.<\/p>\t\t\t\t\t\t\t\t<\/div>\n\t\t\t\t<div class=\"elementor-element elementor-element-84e8c6f elementor-widget elementor-widget-heading\" data-id=\"84e8c6f\" data-element_type=\"widget\" data-e-type=\"widget\" data-widget_type=\"heading.default\">\n\t\t\t\t\t<h2 class=\"elementor-heading-title elementor-size-default\">Nutzung, Einhaltung und Wartung<\/h2>\t\t\t\t<\/div>\n\t\t\t\t<div class=\"elementor-element elementor-element-bb7af24 elementor-widget elementor-widget-text-editor\" data-id=\"bb7af24\" data-element_type=\"widget\" data-e-type=\"widget\" data-widget_type=\"text-editor.default\">\n\t\t\t\t\t\t\t\t\t<p>Die richtige Verwendung des Infusionsst\u00e4nders tr\u00e4gt zu einer optimalen Stabilit\u00e4t in verschiedenen Pflegeumgebungen bei. Zun\u00e4chst ist die Aufstellung einfach, da die geschwei\u00dfte Basis und die vormontierten Rollen die Aufbauzeit verk\u00fcrzen. Danach k\u00f6nnen Sie die H\u00f6he mit Hilfe des Verstellgriffs m\u00fchelos anpassen. Es ist jedoch wichtig, dass Sie zwei Rollen arretieren, wenn das Ger\u00e4t nicht bewegt werden soll.   <\/p><p>Aus regulatorischer Sicht gelten verschiedene schweizerische und europ\u00e4ische Anforderungen. Die technischen Richtlinien, die vom Schweizerischen Informationszentrum f\u00fcr technische Regeln (Switec) herausgegeben werden, enthalten die allgemeinen Anforderungen an Materialien und mechanische Sicherheit. Dar\u00fcber hinaus ver\u00f6ffentlicht das Bundesamt f\u00fcr Gesundheit (BAG) regelm\u00e4\u00dfig Empfehlungen f\u00fcr medizinische Ger\u00e4te, die in Gesundheitseinrichtungen verwendet werden, um ein hohes Ma\u00df an Konformit\u00e4t zu gew\u00e4hrleisten. Dar\u00fcber hinaus bleiben internationale Normen wie DIN EN 60601 die Referenz f\u00fcr leitf\u00e4hige Elemente oder solche, die mit der Elektromedizin in Verbindung stehen.   <\/p><p>Weitere Informationen finden Sie unter :<\/p><ul><li><a href=\"https:\/\/www.bag.admin.ch\" target=\"_blank\" rel=\"noopener\">Bundesamt f\u00fcr Gesundheit (BAG)<\/a><\/li><li><a href=\"https:\/\/www.switec.info\" target=\"_blank\" rel=\"noopener\">Schweizerisches Informationszentrum f\u00fcr technische Regeln (Switec)<\/a><\/li><\/ul><p><br>Um die Langlebigkeit des Materials zu gew\u00e4hrleisten, sollten Sie :<\/p><ul><li>die Rollen regelm\u00e4\u00dfig auf Verschlei\u00df zu pr\u00fcfen<\/li><li>die Bremsen und die Stabilit\u00e4t des Fahrgestells zu \u00fcberpr\u00fcfen<\/li><li>die Oberfl\u00e4chen mit kompatiblen Produkten zu reinigen<\/li><li>die Haken zu inspizieren, um Verformungen zu vermeiden<\/li><\/ul>\t\t\t\t\t\t\t\t<\/div>\n\t\t\t\t<\/div>\n\t\t\t\t<\/div>\n\t\t\t\t<\/div>\n\t\t","protected":false},"excerpt":{"rendered":"<p>Der Provita Medical I-N11111 ist ein Infusionsst\u00e4nder aus rostfreiem Stahl mit einer stabilen, f\u00fcnfarmigen Basis. Die einstellbare H\u00f6he erm\u00f6glicht die Anpassung an verschiedene Installationssituationen. Das Modell verf\u00fcgt \u00fcber sichere Haken und ein wartungsfreundliches Design. Es entspricht den geltenden technischen Anforderungen und ist f\u00fcr den Einsatz in professionellen und institutionellen Umgebungen vorgesehen.   <\/p>\n","protected":false},"featured_media":58632,"template":"","meta":{"_acf_changed":false},"product_brand":[7324],"product_cat":[7072,1862],"product_tag":[7338,7373,7329,7337,7334,7335,7331,7339,7333,7336],"class_list":{"0":"post-53814","1":"product","2":"type-product","3":"status-publish","4":"has-post-thumbnail","6":"product_brand-provita-medical","7":"product_cat-infusionsstander","8":"product_cat-medizinisches-zubehoer","9":"product_tag-edelstahlrahmen","10":"product_tag-infusionsstander-2","11":"product_tag-infusionsstander","12":"product_tag-infusionszubehor","13":"product_tag-krankenhausausstattung-2","14":"product_tag-medizinische-mobile-unterstutzung","15":"product_tag-medizinischer-fus-aus-edelstahl","16":"product_tag-pflegeausrustung","17":"product_tag-provita-medical","18":"product_tag-verstellbarer-fus","20":"first","21":"instock","22":"taxable","23":"shipping-taxable","24":"purchasable","25":"product-type-simple"},"acf":[],"yoast_head":"<!-- This site is optimized with the Yoast SEO Premium plugin v27.4 (Yoast SEO v27.4) - https:\/\/yoast.com\/product\/yoast-seo-premium-wordpress\/ -->\n<title>Provita I-N11111 Edelstahl-Infusionsst\u00e4nder mit 5 Beinen | Swixed SA%.<\/title>\n<meta name=\"description\" content=\"Provita I-N11111 Infusionsst\u00e4nder aus Edelstahl, h\u00f6henverstellbar und mit einer Basis mit 5 Beinen. Stabiles, mobiles Modell, das den europ\u00e4ischen medizinischen Standards entspricht.\" \/>\n<meta name=\"robots\" content=\"index, follow, max-snippet:-1, max-image-preview:large, max-video-preview:-1\" \/>\n<link rel=\"canonical\" href=\"https:\/\/swixed.ch\/de\/produkt\/sed95022\/\" \/>\n<meta property=\"og:locale\" content=\"de_DE\" \/>\n<meta property=\"og:type\" content=\"article\" \/>\n<meta property=\"og:title\" content=\"Edelstahl-Infusionsst\u00e4nder Provita Medical I-N11111\" \/>\n<meta property=\"og:description\" content=\"Provita I-N11111 Infusionsst\u00e4nder aus Edelstahl, h\u00f6henverstellbar und mit einer Basis mit 5 Beinen. Stabiles, mobiles Modell, das den europ\u00e4ischen medizinischen Standards entspricht.\" \/>\n<meta property=\"og:url\" content=\"https:\/\/swixed.ch\/de\/produkt\/sed95022\/\" \/>\n<meta property=\"og:site_name\" content=\"Swixed SA\" \/>\n<meta property=\"article:publisher\" content=\"https:\/\/www.facebook.com\/swixed\" \/>\n<meta property=\"article:modified_time\" content=\"2026-01-16T15:23:39+00:00\" \/>\n<meta property=\"og:image\" content=\"https:\/\/swixed.ch\/wp-content\/uploads\/2026\/01\/SED95022-01.png\" \/>\n\t<meta property=\"og:image:width\" content=\"600\" \/>\n\t<meta property=\"og:image:height\" content=\"600\" \/>\n\t<meta property=\"og:image:type\" content=\"image\/png\" \/>\n<meta name=\"twitter:card\" content=\"summary_large_image\" \/>\n<meta name=\"twitter:label1\" content=\"Gesch\u00e4tzte Lesezeit\" \/>\n\t<meta name=\"twitter:data1\" content=\"3\u00a0Minuten\" \/>\n<script type=\"application\/ld+json\" class=\"yoast-schema-graph\">{\"@context\":\"https:\\\/\\\/schema.org\",\"@graph\":[{\"@type\":\"WebPage\",\"@id\":\"https:\\\/\\\/swixed.ch\\\/de\\\/produkt\\\/sed95022\\\/\",\"url\":\"https:\\\/\\\/swixed.ch\\\/de\\\/produkt\\\/sed95022\\\/\",\"name\":\"Provita I-N11111 Edelstahl-Infusionsst\u00e4nder mit 5 Beinen | Swixed SA%.\",\"isPartOf\":{\"@id\":\"https:\\\/\\\/swixed.ch\\\/de\\\/#website\"},\"primaryImageOfPage\":{\"@id\":\"https:\\\/\\\/swixed.ch\\\/de\\\/produkt\\\/sed95022\\\/#primaryimage\"},\"image\":{\"@id\":\"https:\\\/\\\/swixed.ch\\\/de\\\/produkt\\\/sed95022\\\/#primaryimage\"},\"thumbnailUrl\":\"https:\\\/\\\/swixed.ch\\\/wp-content\\\/uploads\\\/2026\\\/01\\\/SED95022-01.png\",\"datePublished\":\"2025-10-16T17:31:25+00:00\",\"dateModified\":\"2026-01-16T15:23:39+00:00\",\"description\":\"Provita I-N11111 Infusionsst\u00e4nder aus Edelstahl, h\u00f6henverstellbar und mit einer Basis mit 5 Beinen. Stabiles, mobiles Modell, das den europ\u00e4ischen medizinischen Standards entspricht.\",\"breadcrumb\":{\"@id\":\"https:\\\/\\\/swixed.ch\\\/de\\\/produkt\\\/sed95022\\\/#breadcrumb\"},\"inLanguage\":\"de\",\"potentialAction\":[{\"@type\":\"ReadAction\",\"target\":[\"https:\\\/\\\/swixed.ch\\\/de\\\/produkt\\\/sed95022\\\/\"]}]},{\"@type\":\"ImageObject\",\"inLanguage\":\"de\",\"@id\":\"https:\\\/\\\/swixed.ch\\\/de\\\/produkt\\\/sed95022\\\/#primaryimage\",\"url\":\"https:\\\/\\\/swixed.ch\\\/wp-content\\\/uploads\\\/2026\\\/01\\\/SED95022-01.png\",\"contentUrl\":\"https:\\\/\\\/swixed.ch\\\/wp-content\\\/uploads\\\/2026\\\/01\\\/SED95022-01.png\",\"width\":600,\"height\":600,\"caption\":\"SED95022\"},{\"@type\":\"BreadcrumbList\",\"@id\":\"https:\\\/\\\/swixed.ch\\\/de\\\/produkt\\\/sed95022\\\/#breadcrumb\",\"itemListElement\":[{\"@type\":\"ListItem\",\"position\":1,\"name\":\"Startseite\",\"item\":\"https:\\\/\\\/swixed.ch\\\/de\\\/home\\\/\"},{\"@type\":\"ListItem\",\"position\":2,\"name\":\"Shop\",\"item\":\"https:\\\/\\\/swixed.ch\\\/de\\\/shop\\\/\"},{\"@type\":\"ListItem\",\"position\":3,\"name\":\"Edelstahl-Infusionsst\u00e4nder Provita Medical I-N11111\"}]},{\"@type\":\"WebSite\",\"@id\":\"https:\\\/\\\/swixed.ch\\\/de\\\/#website\",\"url\":\"https:\\\/\\\/swixed.ch\\\/de\\\/\",\"name\":\"Swixed SA\",\"description\":\"Elektronische Ger\u00e4te\",\"publisher\":{\"@id\":\"https:\\\/\\\/swixed.ch\\\/de\\\/#organization\"},\"potentialAction\":[{\"@type\":\"SearchAction\",\"target\":{\"@type\":\"EntryPoint\",\"urlTemplate\":\"https:\\\/\\\/swixed.ch\\\/de\\\/?s={search_term_string}\"},\"query-input\":{\"@type\":\"PropertyValueSpecification\",\"valueRequired\":true,\"valueName\":\"search_term_string\"}}],\"inLanguage\":\"de\"},{\"@type\":\"Organization\",\"@id\":\"https:\\\/\\\/swixed.ch\\\/de\\\/#organization\",\"name\":\"Swixed SA\",\"url\":\"https:\\\/\\\/swixed.ch\\\/de\\\/\",\"logo\":{\"@type\":\"ImageObject\",\"inLanguage\":\"de\",\"@id\":\"https:\\\/\\\/swixed.ch\\\/de\\\/#\\\/schema\\\/logo\\\/image\\\/\",\"url\":\"https:\\\/\\\/swixed.ch\\\/wp-content\\\/uploads\\\/logos\\\/swixed-logo-lite.png\",\"contentUrl\":\"https:\\\/\\\/swixed.ch\\\/wp-content\\\/uploads\\\/logos\\\/swixed-logo-lite.png\",\"width\":696,\"height\":696,\"caption\":\"Swixed SA\"},\"image\":{\"@id\":\"https:\\\/\\\/swixed.ch\\\/de\\\/#\\\/schema\\\/logo\\\/image\\\/\"},\"sameAs\":[\"https:\\\/\\\/www.facebook.com\\\/swixed\",\"https:\\\/\\\/www.linkedin.com\\\/company\\\/swixed\",\"https:\\\/\\\/www.youtube.com\\\/@swixedsa\"],\"description\":\"Swixed SA est une entreprise suisse bas\u00e9e \u00e0 Gen\u00e8ve, sp\u00e9cialis\u00e9e dans la vente, la location et la maintenance d\u2019appareils m\u00e9dicaux professionnels, tels que d\u00e9fibrillateurs AED, \u00e9lectrocardiographes, moniteurs patient et dispositifs de diagnostic.\",\"email\":\"infoshop@swixed.ch\",\"telephone\":\"+41 22 566 11 95\",\"legalName\":\"Swixed SA\",\"foundingDate\":\"2021-03-01\",\"numberOfEmployees\":{\"@type\":\"QuantitativeValue\",\"minValue\":\"1\",\"maxValue\":\"10\"}}]}<\/script>\n<!-- \/ Yoast SEO Premium plugin. -->","yoast_head_json":{"title":"Provita I-N11111 Edelstahl-Infusionsst\u00e4nder mit 5 Beinen | Swixed SA%.","description":"Provita I-N11111 Infusionsst\u00e4nder aus Edelstahl, h\u00f6henverstellbar und mit einer Basis mit 5 Beinen. Stabiles, mobiles Modell, das den europ\u00e4ischen medizinischen Standards entspricht.","robots":{"index":"index","follow":"follow","max-snippet":"max-snippet:-1","max-image-preview":"max-image-preview:large","max-video-preview":"max-video-preview:-1"},"canonical":"https:\/\/swixed.ch\/de\/produkt\/sed95022\/","og_locale":"de_DE","og_type":"article","og_title":"Edelstahl-Infusionsst\u00e4nder Provita Medical I-N11111","og_description":"Provita I-N11111 Infusionsst\u00e4nder aus Edelstahl, h\u00f6henverstellbar und mit einer Basis mit 5 Beinen. Stabiles, mobiles Modell, das den europ\u00e4ischen medizinischen Standards entspricht.","og_url":"https:\/\/swixed.ch\/de\/produkt\/sed95022\/","og_site_name":"Swixed SA","article_publisher":"https:\/\/www.facebook.com\/swixed","article_modified_time":"2026-01-16T15:23:39+00:00","og_image":[{"width":600,"height":600,"url":"https:\/\/swixed.ch\/wp-content\/uploads\/2026\/01\/SED95022-01.png","type":"image\/png"}],"twitter_card":"summary_large_image","twitter_misc":{"Gesch\u00e4tzte Lesezeit":"3\u00a0Minuten"},"schema":{"@context":"https:\/\/schema.org","@graph":[{"@type":"WebPage","@id":"https:\/\/swixed.ch\/de\/produkt\/sed95022\/","url":"https:\/\/swixed.ch\/de\/produkt\/sed95022\/","name":"Provita I-N11111 Edelstahl-Infusionsst\u00e4nder mit 5 Beinen | Swixed SA%.","isPartOf":{"@id":"https:\/\/swixed.ch\/de\/#website"},"primaryImageOfPage":{"@id":"https:\/\/swixed.ch\/de\/produkt\/sed95022\/#primaryimage"},"image":{"@id":"https:\/\/swixed.ch\/de\/produkt\/sed95022\/#primaryimage"},"thumbnailUrl":"https:\/\/swixed.ch\/wp-content\/uploads\/2026\/01\/SED95022-01.png","datePublished":"2025-10-16T17:31:25+00:00","dateModified":"2026-01-16T15:23:39+00:00","description":"Provita I-N11111 Infusionsst\u00e4nder aus Edelstahl, h\u00f6henverstellbar und mit einer Basis mit 5 Beinen. Stabiles, mobiles Modell, das den europ\u00e4ischen medizinischen Standards entspricht.","breadcrumb":{"@id":"https:\/\/swixed.ch\/de\/produkt\/sed95022\/#breadcrumb"},"inLanguage":"de","potentialAction":[{"@type":"ReadAction","target":["https:\/\/swixed.ch\/de\/produkt\/sed95022\/"]}]},{"@type":"ImageObject","inLanguage":"de","@id":"https:\/\/swixed.ch\/de\/produkt\/sed95022\/#primaryimage","url":"https:\/\/swixed.ch\/wp-content\/uploads\/2026\/01\/SED95022-01.png","contentUrl":"https:\/\/swixed.ch\/wp-content\/uploads\/2026\/01\/SED95022-01.png","width":600,"height":600,"caption":"SED95022"},{"@type":"BreadcrumbList","@id":"https:\/\/swixed.ch\/de\/produkt\/sed95022\/#breadcrumb","itemListElement":[{"@type":"ListItem","position":1,"name":"Startseite","item":"https:\/\/swixed.ch\/de\/home\/"},{"@type":"ListItem","position":2,"name":"Shop","item":"https:\/\/swixed.ch\/de\/shop\/"},{"@type":"ListItem","position":3,"name":"Edelstahl-Infusionsst\u00e4nder Provita Medical I-N11111"}]},{"@type":"WebSite","@id":"https:\/\/swixed.ch\/de\/#website","url":"https:\/\/swixed.ch\/de\/","name":"Swixed SA","description":"Elektronische Ger\u00e4te","publisher":{"@id":"https:\/\/swixed.ch\/de\/#organization"},"potentialAction":[{"@type":"SearchAction","target":{"@type":"EntryPoint","urlTemplate":"https:\/\/swixed.ch\/de\/?s={search_term_string}"},"query-input":{"@type":"PropertyValueSpecification","valueRequired":true,"valueName":"search_term_string"}}],"inLanguage":"de"},{"@type":"Organization","@id":"https:\/\/swixed.ch\/de\/#organization","name":"Swixed SA","url":"https:\/\/swixed.ch\/de\/","logo":{"@type":"ImageObject","inLanguage":"de","@id":"https:\/\/swixed.ch\/de\/#\/schema\/logo\/image\/","url":"https:\/\/swixed.ch\/wp-content\/uploads\/logos\/swixed-logo-lite.png","contentUrl":"https:\/\/swixed.ch\/wp-content\/uploads\/logos\/swixed-logo-lite.png","width":696,"height":696,"caption":"Swixed SA"},"image":{"@id":"https:\/\/swixed.ch\/de\/#\/schema\/logo\/image\/"},"sameAs":["https:\/\/www.facebook.com\/swixed","https:\/\/www.linkedin.com\/company\/swixed","https:\/\/www.youtube.com\/@swixedsa"],"description":"Swixed SA est une entreprise suisse bas\u00e9e \u00e0 Gen\u00e8ve, sp\u00e9cialis\u00e9e dans la vente, la location et la maintenance d\u2019appareils m\u00e9dicaux professionnels, tels que d\u00e9fibrillateurs AED, \u00e9lectrocardiographes, moniteurs patient et dispositifs de diagnostic.","email":"infoshop@swixed.ch","telephone":"+41 22 566 11 95","legalName":"Swixed SA","foundingDate":"2021-03-01","numberOfEmployees":{"@type":"QuantitativeValue","minValue":"1","maxValue":"10"}}]}},"_links":{"self":[{"href":"https:\/\/swixed.ch\/de\/wp-json\/wp\/v2\/product\/53814","targetHints":{"allow":["GET"]}}],"collection":[{"href":"https:\/\/swixed.ch\/de\/wp-json\/wp\/v2\/product"}],"about":[{"href":"https:\/\/swixed.ch\/de\/wp-json\/wp\/v2\/types\/product"}],"version-history":[{"count":0,"href":"https:\/\/swixed.ch\/de\/wp-json\/wp\/v2\/product\/53814\/revisions"}],"wp:featuredmedia":[{"embeddable":true,"href":"https:\/\/swixed.ch\/de\/wp-json\/wp\/v2\/media\/58632"}],"wp:attachment":[{"href":"https:\/\/swixed.ch\/de\/wp-json\/wp\/v2\/media?parent=53814"}],"wp:term":[{"taxonomy":"product_brand","embeddable":true,"href":"https:\/\/swixed.ch\/de\/wp-json\/wp\/v2\/product_brand?post=53814"},{"taxonomy":"product_cat","embeddable":true,"href":"https:\/\/swixed.ch\/de\/wp-json\/wp\/v2\/product_cat?post=53814"},{"taxonomy":"product_tag","embeddable":true,"href":"https:\/\/swixed.ch\/de\/wp-json\/wp\/v2\/product_tag?post=53814"}],"curies":[{"name":"wp","href":"https:\/\/api.w.org\/{rel}","templated":true}]}}