{"id":53837,"date":"2025-10-17T18:01:25","date_gmt":"2025-10-17T17:01:25","guid":{"rendered":"https:\/\/swixed.com\/?post_type=product&#038;p=53837"},"modified":"2026-01-16T02:16:10","modified_gmt":"2026-01-16T01:16:10","slug":"sed95020","status":"publish","type":"product","link":"https:\/\/swixed.ch\/de\/produkt\/sed95020\/","title":{"rendered":"Reflexhammer GIMA Queen"},"content":{"rendered":"\t\t<div data-elementor-type=\"product-post\" data-elementor-id=\"53837\" class=\"elementor elementor-53837 elementor-53836\" data-elementor-post-type=\"product\">\n\t\t\t\t<div class=\"elementor-element elementor-element-1e776dd e-con-full e-flex e-con e-parent\" data-id=\"1e776dd\" data-element_type=\"container\" data-e-type=\"container\">\n\t\t<div class=\"elementor-element elementor-element-b83a976 e-con-full e-flex e-con e-child\" data-id=\"b83a976\" data-element_type=\"container\" data-e-type=\"container\">\n\t\t\t\t<div class=\"elementor-element elementor-element-a277757 elementor-widget elementor-widget-heading\" data-id=\"a277757\" data-element_type=\"widget\" data-e-type=\"widget\" data-widget_type=\"heading.default\">\n\t\t\t\t\t<h2 class=\"elementor-heading-title elementor-size-default\">Hauptmerkmale<\/h2>\t\t\t\t<\/div>\n\t\t\t\t<div class=\"elementor-element elementor-element-819b0ae elementor-widget elementor-widget-text-editor\" data-id=\"819b0ae\" data-element_type=\"widget\" data-e-type=\"widget\" data-widget_type=\"text-editor.default\">\n\t\t\t\t\t\t\t\t\t<p>Der Reflexhammer &#8222;Queen Square&#8220; der Marke GIMA ist ein pr\u00e4zises und zuverl\u00e4ssiges Instrument. Er kombiniert einen halbsteifen, ca. 33 cm langen Stiel mit einem \u00d8 5 cm Schlagkopf, was einen konstanten Kontakt und eine ausgezeichnete Tr\u00e4gheit f\u00f6rdert.<br>Dank des ausgewogenen Designs erh\u00e4lt der Zahnarzt eine klare Antwort und beh\u00e4lt gleichzeitig eine nat\u00fcrliche Bewegung bei.<br>Au\u00dferdem verbessert das geringe Gewicht von ca. 100 g die Handhabung und verringert die Erm\u00fcdung bei wiederholtem Gebrauch. <\/p><p>Hauptmerkmale :<\/p><ul><li>Langer Schaft, der Amplitude und Kontrolle gew\u00e4hrleistet.<\/li><li>Kopf \u00d8 5 cm f\u00fcr gleichm\u00e4\u00dfiges Schlagen.<\/li><li>Feine Spitze, die auf den Hautreflex des Fu\u00dfes abgestimmt ist.<\/li><li>Latexfreie Struktur, silberfarbenes Finish und CE-Kennzeichnung.<\/li><\/ul><p><br>So bietet dieser neurologische Hammer eine optimale Kombination aus Pr\u00e4zision, Haltbarkeit und Komfort. Er passt problemlos in eine professionelle medizinische Ausr\u00fcstung oder in ein pers\u00f6nliches Diagnose-Set. <\/p>\t\t\t\t\t\t\t\t<\/div>\n\t\t\t\t<div class=\"elementor-element elementor-element-178956b elementor-widget elementor-widget-heading\" data-id=\"178956b\" data-element_type=\"widget\" data-e-type=\"widget\" data-widget_type=\"heading.default\">\n\t\t\t\t\t<h2 class=\"elementor-heading-title elementor-size-default\">Nutzung und Anwendungsbereiche<\/h2>\t\t\t\t<\/div>\n\t\t\t\t<div class=\"elementor-element elementor-element-2cd0248 elementor-widget elementor-widget-text-editor\" data-id=\"2cd0248\" data-element_type=\"widget\" data-e-type=\"widget\" data-widget_type=\"text-editor.default\">\n\t\t\t\t\t\t\t\t\t<p>Der GIMA Reflexhammer wurde f\u00fcr die Beurteilung der myotatischen und Hautreflexe entwickelt. Er ist daher f\u00fcr viele Zwecke geeignet: neurologische Untersuchungen, Rehabilitationsma\u00dfnahmen oder medizinische Ausbildung.<br>In der Praxis kann der Benutzer Sehnenreflexe (Patella, Achilles) oder Hautreflexe (Bauch, Plantar) stimulieren. Die Balance des Kopfes erm\u00f6glicht eine pr\u00e4zise Kontrolle der Bewegung, w\u00e4hrend die L\u00e4nge des Griffs einen bequemen Bewegungsradius gew\u00e4hrleistet.  <\/p><p>Dar\u00fcber hinaus ist das Queen Square Design in der internationalen medizinischen Gemeinschaft anerkannt, insbesondere im National Hospital for Neurology and Neurosurgery in London. Dieses Design f\u00f6rdert einen standardisierten Ansatz bei der klinischen Untersuchung. <\/p><p>Weitere Informationen \u00fcber diagnostische Instrumente finden Sie auf unserer Seite \u00fcber <a href=\"https:\/\/swixed.ch\/de\/produkt-kategorie\/medizinisches-zubehoer\/reflexhammer\/\">Reflexh\u00e4mmer<\/a>.<\/p><p>So erh\u00e4lt der Fachmann ein Werkzeug, das mit den aktuellen Praktiken \u00fcbereinstimmt und gleichzeitig einfach zu warten ist.<\/p><p>Technische Vorteile :<\/p><ul><li>Beherrschte Tr\u00e4gheit, um selbst leichte Reflexe auszul\u00f6sen.<\/li><li>Langer Schaft, der gen\u00fcgend Spielraum zum Schlagen bietet.<\/li><li>Einfaches, zuverl\u00e4ssiges und anerkanntes Design (Modell &#8222;Queen Square&#8220;).<\/li><li>Geeignet f\u00fcr den professionellen Gebrauch, aber auch f\u00fcr den privaten Gebrauch.<\/li><\/ul>\t\t\t\t\t\t\t\t<\/div>\n\t\t\t\t<div class=\"elementor-element elementor-element-fe06e2b elementor-widget elementor-widget-heading\" data-id=\"fe06e2b\" data-element_type=\"widget\" data-e-type=\"widget\" data-widget_type=\"heading.default\">\n\t\t\t\t\t<h2 class=\"elementor-heading-title elementor-size-default\">Konformit\u00e4t, Aufrechterhaltung und Schweizer Vorschriften<\/h2>\t\t\t\t<\/div>\n\t\t\t\t<div class=\"elementor-element elementor-element-755ca23 elementor-widget elementor-widget-text-editor\" data-id=\"755ca23\" data-element_type=\"widget\" data-e-type=\"widget\" data-widget_type=\"text-editor.default\">\n\t\t\t\t\t\t\t\t\t<p>Die Anwendung des GIMA Reflexhammers erfordert die Einhaltung der Vorschriften f\u00fcr Medizinprodukte. In der Schweiz \u00fcberwachen Swissmedic und das Bundesamt f\u00fcr Gesundheit (BAG) das Inverkehrbringen und die Sicherheit von medizinischen Instrumenten.<br>Daher muss dieses Produkt der europ\u00e4ischen Richtlinie 93\/42\/EWG und der Verordnung (MedDO) entsprechen. <br>\t\t<div data-elementor-type=\"widget\" data-elementor-id=\"60303\" class=\"elementor elementor-60303 elementor-60240 elementor-60240\" data-elementor-post-type=\"elementor_library\">\n\t\t\t\t\t\t<div class=\"elementor-element elementor-element-60240 elementor-widget elementor-widget-text-editor\" data-id=\"60240\" data-element_type=\"widget\" data-e-type=\"widget\" data-widget_type=\"text-editor.default\">\n\t\t\t\t\t\t\t\t\t<p>Weitere Informationen finden Sie unter :<\/p><ul><li><a href=\"https:\/\/www.bag.admin.ch\" target=\"_blank\" rel=\"noopener\">Bundesamt f\u00fcr Gesundheit (BAG)<\/a><\/li><li><a href=\"https:\/\/www.switec.info\" target=\"_blank\" rel=\"noopener\">Schweizerisches Informationszentrum f\u00fcr technische Regeln (Switec)<\/a><\/li><\/ul><p><br>Unsere Medizinprodukte haben einen autorisierten Vertreter in der Schweiz (CH-REP), gem\u00e4\u00df der geltenden schweizerischen Gesetzgebung f\u00fcr Medizinprodukte.<\/p>\t\t\t\t\t\t\t\t<\/div>\n\t\t\t\t<\/div>\n\t\t<br>Der Nutzer muss au\u00dferdem f\u00fcr die ordnungsgem\u00e4\u00dfe Wartung des Instruments sorgen:<\/p><ul><li>F\u00fchren Sie nach jedem Gebrauch eine sanfte Reinigung durch;<\/li><li>\u00dcberpr\u00fcfen Sie regelm\u00e4\u00dfig die mechanische Unversehrtheit des Stiels und des Kopfes;<\/li><li>Bewahren Sie das Instrument an einem trockenen Ort bei Raumtemperatur auf.<\/li><\/ul><p><br>So bleibt die Leistung des Reflexhammers dauerhaft erhalten.<br>Dar\u00fcber hinaus gew\u00e4hrleistet eine regelm\u00e4\u00dfige Wartung die kontinuierliche Konformit\u00e4t des Ger\u00e4ts und f\u00f6rdert die Sicherheit von Patient und Arzt.<\/p>\t\t\t\t\t\t\t\t<\/div>\n\t\t\t\t<\/div>\n\t\t\t\t<\/div>\n\t\t\t\t<\/div>\n\t\t","protected":false},"excerpt":{"rendered":"<p>Der Reflexhammer GIMA Queen ist ein mechanisches medizinisches Instrument, das f\u00fcr standardisierte Funktionstests entwickelt wurde. Er ist mit einem Kopf von 5 cm Durchmesser und einem 33 cm langen Stiel ausgestattet, der eine f\u00fcr den technischen Gebrauch geeignete Tr\u00e4gheit gew\u00e4hrleistet. Es ist leicht und latexfrei, CE-konform und f\u00fcr den Einsatz in professionellen und institutionellen Umgebungen bestimmt.  <\/p>\n","protected":false},"featured_media":58612,"template":"","meta":{"_acf_changed":false},"product_brand":[7199],"product_cat":[2211,1862],"product_tag":[7271,7274,7278,7273,7269,7281,7270,7268,7277,7272],"class_list":{"0":"post-53837","1":"product","2":"type-product","3":"status-publish","4":"has-post-thumbnail","6":"product_brand-gima-de","7":"product_cat-reflexhammer","8":"product_cat-medizinisches-zubehoer","9":"product_tag-diagnoseinstrument","10":"product_tag-medizinische-gerate-gima","11":"product_tag-medizinisches-gerat-ce","12":"product_tag-neurologische-untersuchung","13":"product_tag-neurologischer-hammer","14":"product_tag-neurologisches-material","15":"product_tag-queen-square-hammer","16":"product_tag-reflexhammer","17":"product_tag-schlaghammer","18":"product_tag-sehnenreflexe","20":"first","21":"instock","22":"taxable","23":"shipping-taxable","24":"purchasable","25":"product-type-simple"},"acf":[],"yoast_head":"<!-- This site is optimized with the Yoast SEO Premium plugin v27.4 (Yoast SEO v27.4) - https:\/\/yoast.com\/product\/yoast-seo-premium-wordpress\/ -->\n<title>GIMA 31257 Reflexhammer Queen Square \u00d85 cm 33 cm | Swixed SA<\/title>\n<meta name=\"description\" content=\"Professioneller Reflexhammer GIMA Queen Square mit Kopf \u00d85 cm und Stiel 33 cm, f\u00fcr neurologische Zwecke oder f\u00fcr die Praxis.\" \/>\n<meta name=\"robots\" content=\"index, follow, max-snippet:-1, max-image-preview:large, max-video-preview:-1\" \/>\n<link rel=\"canonical\" href=\"https:\/\/swixed.ch\/de\/produkt\/sed95020\/\" \/>\n<meta property=\"og:locale\" content=\"de_DE\" \/>\n<meta property=\"og:type\" content=\"article\" \/>\n<meta property=\"og:title\" content=\"Reflexhammer GIMA Queen\" \/>\n<meta property=\"og:description\" content=\"Professioneller Reflexhammer GIMA Queen Square mit Kopf \u00d85 cm und Stiel 33 cm, f\u00fcr neurologische Zwecke oder f\u00fcr die Praxis.\" \/>\n<meta property=\"og:url\" content=\"https:\/\/swixed.ch\/de\/produkt\/sed95020\/\" \/>\n<meta property=\"og:site_name\" content=\"Swixed SA\" \/>\n<meta property=\"article:publisher\" content=\"https:\/\/www.facebook.com\/swixed\" \/>\n<meta property=\"article:modified_time\" content=\"2026-01-16T01:16:10+00:00\" \/>\n<meta property=\"og:image\" content=\"https:\/\/swixed.ch\/wp-content\/uploads\/2026\/01\/SED95020-02.png\" \/>\n\t<meta property=\"og:image:width\" content=\"600\" \/>\n\t<meta property=\"og:image:height\" content=\"600\" \/>\n\t<meta property=\"og:image:type\" content=\"image\/png\" \/>\n<meta name=\"twitter:card\" content=\"summary_large_image\" \/>\n<meta name=\"twitter:label1\" content=\"Gesch\u00e4tzte Lesezeit\" \/>\n\t<meta name=\"twitter:data1\" content=\"3\u00a0Minuten\" \/>\n<script type=\"application\/ld+json\" class=\"yoast-schema-graph\">{\"@context\":\"https:\\\/\\\/schema.org\",\"@graph\":[{\"@type\":\"WebPage\",\"@id\":\"https:\\\/\\\/swixed.ch\\\/de\\\/produkt\\\/sed95020\\\/\",\"url\":\"https:\\\/\\\/swixed.ch\\\/de\\\/produkt\\\/sed95020\\\/\",\"name\":\"GIMA 31257 Reflexhammer Queen Square \u00d85 cm 33 cm | Swixed SA\",\"isPartOf\":{\"@id\":\"https:\\\/\\\/swixed.ch\\\/de\\\/#website\"},\"primaryImageOfPage\":{\"@id\":\"https:\\\/\\\/swixed.ch\\\/de\\\/produkt\\\/sed95020\\\/#primaryimage\"},\"image\":{\"@id\":\"https:\\\/\\\/swixed.ch\\\/de\\\/produkt\\\/sed95020\\\/#primaryimage\"},\"thumbnailUrl\":\"https:\\\/\\\/swixed.ch\\\/wp-content\\\/uploads\\\/2026\\\/01\\\/SED95020-02.png\",\"datePublished\":\"2025-10-17T17:01:25+00:00\",\"dateModified\":\"2026-01-16T01:16:10+00:00\",\"description\":\"Professioneller Reflexhammer GIMA Queen Square mit Kopf \u00d85 cm und Stiel 33 cm, f\u00fcr neurologische Zwecke oder f\u00fcr die Praxis.\",\"breadcrumb\":{\"@id\":\"https:\\\/\\\/swixed.ch\\\/de\\\/produkt\\\/sed95020\\\/#breadcrumb\"},\"inLanguage\":\"de\",\"potentialAction\":[{\"@type\":\"ReadAction\",\"target\":[\"https:\\\/\\\/swixed.ch\\\/de\\\/produkt\\\/sed95020\\\/\"]}]},{\"@type\":\"ImageObject\",\"inLanguage\":\"de\",\"@id\":\"https:\\\/\\\/swixed.ch\\\/de\\\/produkt\\\/sed95020\\\/#primaryimage\",\"url\":\"https:\\\/\\\/swixed.ch\\\/wp-content\\\/uploads\\\/2026\\\/01\\\/SED95020-02.png\",\"contentUrl\":\"https:\\\/\\\/swixed.ch\\\/wp-content\\\/uploads\\\/2026\\\/01\\\/SED95020-02.png\",\"width\":600,\"height\":600,\"caption\":\"SED95020\"},{\"@type\":\"BreadcrumbList\",\"@id\":\"https:\\\/\\\/swixed.ch\\\/de\\\/produkt\\\/sed95020\\\/#breadcrumb\",\"itemListElement\":[{\"@type\":\"ListItem\",\"position\":1,\"name\":\"Startseite\",\"item\":\"https:\\\/\\\/swixed.ch\\\/de\\\/home\\\/\"},{\"@type\":\"ListItem\",\"position\":2,\"name\":\"Shop\",\"item\":\"https:\\\/\\\/swixed.ch\\\/de\\\/shop\\\/\"},{\"@type\":\"ListItem\",\"position\":3,\"name\":\"Reflexhammer GIMA Queen\"}]},{\"@type\":\"WebSite\",\"@id\":\"https:\\\/\\\/swixed.ch\\\/de\\\/#website\",\"url\":\"https:\\\/\\\/swixed.ch\\\/de\\\/\",\"name\":\"Swixed SA\",\"description\":\"Elektronische Ger\u00e4te\",\"publisher\":{\"@id\":\"https:\\\/\\\/swixed.ch\\\/de\\\/#organization\"},\"potentialAction\":[{\"@type\":\"SearchAction\",\"target\":{\"@type\":\"EntryPoint\",\"urlTemplate\":\"https:\\\/\\\/swixed.ch\\\/de\\\/?s={search_term_string}\"},\"query-input\":{\"@type\":\"PropertyValueSpecification\",\"valueRequired\":true,\"valueName\":\"search_term_string\"}}],\"inLanguage\":\"de\"},{\"@type\":\"Organization\",\"@id\":\"https:\\\/\\\/swixed.ch\\\/de\\\/#organization\",\"name\":\"Swixed SA\",\"url\":\"https:\\\/\\\/swixed.ch\\\/de\\\/\",\"logo\":{\"@type\":\"ImageObject\",\"inLanguage\":\"de\",\"@id\":\"https:\\\/\\\/swixed.ch\\\/de\\\/#\\\/schema\\\/logo\\\/image\\\/\",\"url\":\"https:\\\/\\\/swixed.ch\\\/wp-content\\\/uploads\\\/logos\\\/swixed-logo-lite.png\",\"contentUrl\":\"https:\\\/\\\/swixed.ch\\\/wp-content\\\/uploads\\\/logos\\\/swixed-logo-lite.png\",\"width\":696,\"height\":696,\"caption\":\"Swixed SA\"},\"image\":{\"@id\":\"https:\\\/\\\/swixed.ch\\\/de\\\/#\\\/schema\\\/logo\\\/image\\\/\"},\"sameAs\":[\"https:\\\/\\\/www.facebook.com\\\/swixed\",\"https:\\\/\\\/www.linkedin.com\\\/company\\\/swixed\",\"https:\\\/\\\/www.youtube.com\\\/@swixedsa\"],\"description\":\"Swixed SA est une entreprise suisse bas\u00e9e \u00e0 Gen\u00e8ve, sp\u00e9cialis\u00e9e dans la vente, la location et la maintenance d\u2019appareils m\u00e9dicaux professionnels, tels que d\u00e9fibrillateurs AED, \u00e9lectrocardiographes, moniteurs patient et dispositifs de diagnostic.\",\"email\":\"infoshop@swixed.ch\",\"telephone\":\"+41 22 566 11 95\",\"legalName\":\"Swixed SA\",\"foundingDate\":\"2021-03-01\",\"numberOfEmployees\":{\"@type\":\"QuantitativeValue\",\"minValue\":\"1\",\"maxValue\":\"10\"}}]}<\/script>\n<!-- \/ Yoast SEO Premium plugin. -->","yoast_head_json":{"title":"GIMA 31257 Reflexhammer Queen Square \u00d85 cm 33 cm | Swixed SA","description":"Professioneller Reflexhammer GIMA Queen Square mit Kopf \u00d85 cm und Stiel 33 cm, f\u00fcr neurologische Zwecke oder f\u00fcr die Praxis.","robots":{"index":"index","follow":"follow","max-snippet":"max-snippet:-1","max-image-preview":"max-image-preview:large","max-video-preview":"max-video-preview:-1"},"canonical":"https:\/\/swixed.ch\/de\/produkt\/sed95020\/","og_locale":"de_DE","og_type":"article","og_title":"Reflexhammer GIMA Queen","og_description":"Professioneller Reflexhammer GIMA Queen Square mit Kopf \u00d85 cm und Stiel 33 cm, f\u00fcr neurologische Zwecke oder f\u00fcr die Praxis.","og_url":"https:\/\/swixed.ch\/de\/produkt\/sed95020\/","og_site_name":"Swixed SA","article_publisher":"https:\/\/www.facebook.com\/swixed","article_modified_time":"2026-01-16T01:16:10+00:00","og_image":[{"width":600,"height":600,"url":"https:\/\/swixed.ch\/wp-content\/uploads\/2026\/01\/SED95020-02.png","type":"image\/png"}],"twitter_card":"summary_large_image","twitter_misc":{"Gesch\u00e4tzte Lesezeit":"3\u00a0Minuten"},"schema":{"@context":"https:\/\/schema.org","@graph":[{"@type":"WebPage","@id":"https:\/\/swixed.ch\/de\/produkt\/sed95020\/","url":"https:\/\/swixed.ch\/de\/produkt\/sed95020\/","name":"GIMA 31257 Reflexhammer Queen Square \u00d85 cm 33 cm | Swixed SA","isPartOf":{"@id":"https:\/\/swixed.ch\/de\/#website"},"primaryImageOfPage":{"@id":"https:\/\/swixed.ch\/de\/produkt\/sed95020\/#primaryimage"},"image":{"@id":"https:\/\/swixed.ch\/de\/produkt\/sed95020\/#primaryimage"},"thumbnailUrl":"https:\/\/swixed.ch\/wp-content\/uploads\/2026\/01\/SED95020-02.png","datePublished":"2025-10-17T17:01:25+00:00","dateModified":"2026-01-16T01:16:10+00:00","description":"Professioneller Reflexhammer GIMA Queen Square mit Kopf \u00d85 cm und Stiel 33 cm, f\u00fcr neurologische Zwecke oder f\u00fcr die Praxis.","breadcrumb":{"@id":"https:\/\/swixed.ch\/de\/produkt\/sed95020\/#breadcrumb"},"inLanguage":"de","potentialAction":[{"@type":"ReadAction","target":["https:\/\/swixed.ch\/de\/produkt\/sed95020\/"]}]},{"@type":"ImageObject","inLanguage":"de","@id":"https:\/\/swixed.ch\/de\/produkt\/sed95020\/#primaryimage","url":"https:\/\/swixed.ch\/wp-content\/uploads\/2026\/01\/SED95020-02.png","contentUrl":"https:\/\/swixed.ch\/wp-content\/uploads\/2026\/01\/SED95020-02.png","width":600,"height":600,"caption":"SED95020"},{"@type":"BreadcrumbList","@id":"https:\/\/swixed.ch\/de\/produkt\/sed95020\/#breadcrumb","itemListElement":[{"@type":"ListItem","position":1,"name":"Startseite","item":"https:\/\/swixed.ch\/de\/home\/"},{"@type":"ListItem","position":2,"name":"Shop","item":"https:\/\/swixed.ch\/de\/shop\/"},{"@type":"ListItem","position":3,"name":"Reflexhammer GIMA Queen"}]},{"@type":"WebSite","@id":"https:\/\/swixed.ch\/de\/#website","url":"https:\/\/swixed.ch\/de\/","name":"Swixed SA","description":"Elektronische Ger\u00e4te","publisher":{"@id":"https:\/\/swixed.ch\/de\/#organization"},"potentialAction":[{"@type":"SearchAction","target":{"@type":"EntryPoint","urlTemplate":"https:\/\/swixed.ch\/de\/?s={search_term_string}"},"query-input":{"@type":"PropertyValueSpecification","valueRequired":true,"valueName":"search_term_string"}}],"inLanguage":"de"},{"@type":"Organization","@id":"https:\/\/swixed.ch\/de\/#organization","name":"Swixed SA","url":"https:\/\/swixed.ch\/de\/","logo":{"@type":"ImageObject","inLanguage":"de","@id":"https:\/\/swixed.ch\/de\/#\/schema\/logo\/image\/","url":"https:\/\/swixed.ch\/wp-content\/uploads\/logos\/swixed-logo-lite.png","contentUrl":"https:\/\/swixed.ch\/wp-content\/uploads\/logos\/swixed-logo-lite.png","width":696,"height":696,"caption":"Swixed SA"},"image":{"@id":"https:\/\/swixed.ch\/de\/#\/schema\/logo\/image\/"},"sameAs":["https:\/\/www.facebook.com\/swixed","https:\/\/www.linkedin.com\/company\/swixed","https:\/\/www.youtube.com\/@swixedsa"],"description":"Swixed SA est une entreprise suisse bas\u00e9e \u00e0 Gen\u00e8ve, sp\u00e9cialis\u00e9e dans la vente, la location et la maintenance d\u2019appareils m\u00e9dicaux professionnels, tels que d\u00e9fibrillateurs AED, \u00e9lectrocardiographes, moniteurs patient et dispositifs de diagnostic.","email":"infoshop@swixed.ch","telephone":"+41 22 566 11 95","legalName":"Swixed SA","foundingDate":"2021-03-01","numberOfEmployees":{"@type":"QuantitativeValue","minValue":"1","maxValue":"10"}}]}},"_links":{"self":[{"href":"https:\/\/swixed.ch\/de\/wp-json\/wp\/v2\/product\/53837","targetHints":{"allow":["GET"]}}],"collection":[{"href":"https:\/\/swixed.ch\/de\/wp-json\/wp\/v2\/product"}],"about":[{"href":"https:\/\/swixed.ch\/de\/wp-json\/wp\/v2\/types\/product"}],"version-history":[{"count":0,"href":"https:\/\/swixed.ch\/de\/wp-json\/wp\/v2\/product\/53837\/revisions"}],"wp:featuredmedia":[{"embeddable":true,"href":"https:\/\/swixed.ch\/de\/wp-json\/wp\/v2\/media\/58612"}],"wp:attachment":[{"href":"https:\/\/swixed.ch\/de\/wp-json\/wp\/v2\/media?parent=53837"}],"wp:term":[{"taxonomy":"product_brand","embeddable":true,"href":"https:\/\/swixed.ch\/de\/wp-json\/wp\/v2\/product_brand?post=53837"},{"taxonomy":"product_cat","embeddable":true,"href":"https:\/\/swixed.ch\/de\/wp-json\/wp\/v2\/product_cat?post=53837"},{"taxonomy":"product_tag","embeddable":true,"href":"https:\/\/swixed.ch\/de\/wp-json\/wp\/v2\/product_tag?post=53837"}],"curies":[{"name":"wp","href":"https:\/\/api.w.org\/{rel}","templated":true}]}}