{"id":53904,"date":"2025-10-18T19:47:26","date_gmt":"2025-10-18T17:47:26","guid":{"rendered":"https:\/\/swixed.com\/?post_type=product&#038;p=53904"},"modified":"2026-01-15T23:21:11","modified_gmt":"2026-01-15T22:21:11","slug":"sed95017","status":"publish","type":"product","link":"https:\/\/swixed.ch\/de\/produkt\/sed95017\/","title":{"rendered":"Elektronische Personenwaage Seca 803"},"content":{"rendered":"\t\t<div data-elementor-type=\"product-post\" data-elementor-id=\"53904\" class=\"elementor elementor-53904 elementor-53898\" data-elementor-post-type=\"product\">\n\t\t\t\t<div class=\"elementor-element elementor-element-4b2c072 e-con-full e-flex e-con e-parent\" data-id=\"4b2c072\" data-element_type=\"container\" data-e-type=\"container\">\n\t\t<div class=\"elementor-element elementor-element-99ee43b e-con-full e-flex e-con e-child\" data-id=\"99ee43b\" data-element_type=\"container\" data-e-type=\"container\">\n\t\t\t\t<div class=\"elementor-element elementor-element-d4c988c elementor-widget elementor-widget-heading\" data-id=\"d4c988c\" data-element_type=\"widget\" data-e-type=\"widget\" data-widget_type=\"heading.default\">\n\t\t\t\t\t<h2 class=\"elementor-heading-title elementor-size-default\">Vielseitiger Einsatz und robustes Design<\/h2>\t\t\t\t<\/div>\n\t\t\t\t<div class=\"elementor-element elementor-element-e9b972c elementor-widget elementor-widget-text-editor\" data-id=\"e9b972c\" data-element_type=\"widget\" data-e-type=\"widget\" data-widget_type=\"text-editor.default\">\n\t\t\t\t\t\t\t\t\t<p>Die elektronische Personenwaage Seca 803 wurde f\u00fcr eine zuverl\u00e4ssige und stabile Messung entwickelt. Sie kann sowohl in Arztpraxen als auch in Wellness-Einrichtungen oder B\u00fcros verwendet werden. Ihr schlankes Design und die einfache Bedienung machen sie jedoch auch f\u00fcr den Hausgebrauch geeignet. Die rutschfeste Schale und der verst\u00e4rkte Boden sorgen f\u00fcr einen sicheren Stand bei jedem Wiegen.   <\/p><p>Das 28 mm gro\u00dfe LCD-Display mit gro\u00dfen Ziffern erm\u00f6glicht ein schnelles und klares Ablesen. So wird die Gewichtsmessung zum Kinderspiel, ohne dass Sie sich um die Augen k\u00fcmmern m\u00fcssen. Die Kapazit\u00e4t von 150 kg und die 100-g-Teilung garantieren eine konstante Genauigkeit, ohne medizinische Zwecke. Die Auto-HOLD-Funktion h\u00e4lt die Gewichtsanzeige einige Sekunden nach dem Wiegen aufrecht, was den Benutzerkomfort erh\u00f6ht.   <\/p><p>Dar\u00fcber hinaus startet und schaltet sich der Seca 803 automatisch ein und aus, was die Lebensdauer der Batterien verl\u00e4ngert. Das geringe Gewicht von ca. 1,5 kg und das kompakte Format (315 \u00d7 325 \u00d7 35 mm) erm\u00f6glichen einen einfachen Transport. Dank dieser Eigenschaften passt er perfekt in jede gesch\u00e4ftliche oder private Umgebung. Sein diskretes Design und die sorgf\u00e4ltige Verarbeitung machen ihn zu einem zuverl\u00e4ssigen, stabilen und langlebigen Ger\u00e4t.   <\/p>\t\t\t\t\t\t\t\t<\/div>\n\t\t\t\t<div class=\"elementor-element elementor-element-362b986 elementor-widget elementor-widget-heading\" data-id=\"362b986\" data-element_type=\"widget\" data-e-type=\"widget\" data-widget_type=\"heading.default\">\n\t\t\t\t\t<h2 class=\"elementor-heading-title elementor-size-default\">Technische Merkmale<\/h2>\t\t\t\t<\/div>\n\t\t\t\t<div class=\"elementor-element elementor-element-c3266bf elementor-widget elementor-widget-text-editor\" data-id=\"c3266bf\" data-element_type=\"widget\" data-e-type=\"widget\" data-widget_type=\"text-editor.default\">\n\t\t\t\t\t\t\t\t\t<p>Der Seca 803 kombiniert Pr\u00e4zision mit Einfachheit. Die maximale Tragkraft von 150 kg entspricht den h\u00e4ufigsten Anforderungen, w\u00e4hrend die 100-g-Teilung eine genaue Ablesung gew\u00e4hrleistet. Die flache, rutschfeste Waagschale mit einer Zweikomponenten-Gummibeschichtung sorgt f\u00fcr optimale Sicherheit bei jedem Gebrauch.  <\/p><p>Das Ger\u00e4t verf\u00fcgt \u00fcber ein LCD-Display mit gro\u00dfen Ziffern, das auch in schlecht beleuchteten R\u00e4umen sofort ablesbar ist. Au\u00dferdem h\u00e4lt die Auto-HOLD-Funktion den Gewichtswert einige Sekunden vor der automatischen Abschaltung fest, so dass es zu keinen Verwechslungen kommen kann. Die Stromversorgung erfolgt \u00fcber vier AAA-Batterien, die im Lieferumfang enthalten sind und eine lange und zuverl\u00e4ssige Betriebsdauer bieten.  <\/p><p>Dank seiner kompakten Bauweise passt sich dieses Modell an jede Art von Boden an. Dank seines geringen Gewichts kann er leicht bewegt werden, was ihn zu einem vielseitigen Werkzeug macht. Die verwendeten hochwertigen Materialien garantieren eine lange Lebensdauer, auch im professionellen Einsatz. Der Seca 803 entspricht den europ\u00e4ischen Normen f\u00fcr elektronische Waagen.   <\/p>\t\t\t\t\t\t\t\t<\/div>\n\t\t\t\t<div class=\"elementor-element elementor-element-d396447 elementor-widget elementor-widget-heading\" data-id=\"d396447\" data-element_type=\"widget\" data-e-type=\"widget\" data-widget_type=\"heading.default\">\n\t\t\t\t\t<h2 class=\"elementor-heading-title elementor-size-default\">Vorteile f\u00fcr berufliche und private Nutzung<\/h2>\t\t\t\t<\/div>\n\t\t\t\t<div class=\"elementor-element elementor-element-13c7bc3 elementor-widget elementor-widget-text-editor\" data-id=\"13c7bc3\" data-element_type=\"widget\" data-e-type=\"widget\" data-widget_type=\"text-editor.default\">\n\t\t\t\t\t\t\t\t\t<ul><li>Rutschfestes Tablett f\u00fcr sicheren Stand.<\/li><li>Schneller und gut lesbarer Gewichtsmesser, gut f\u00fcr schnellen Zugriff.<\/li><li>Schlankes und leichtes Design, leicht zu transportieren in einer Mehrzweckumgebung.<\/li><li>Die Kapazit\u00e4t von 150 kg deckt die meisten Standardanwendungen ab.<\/li><\/ul>\t\t\t\t\t\t\t\t<\/div>\n\t\t\t\t<div class=\"elementor-element elementor-element-fbbf99f elementor-widget elementor-widget-heading\" data-id=\"fbbf99f\" data-element_type=\"widget\" data-e-type=\"widget\" data-widget_type=\"heading.default\">\n\t\t\t\t\t<h2 class=\"elementor-heading-title elementor-size-default\">Nutzung, Einhaltung und Wartung<\/h2>\t\t\t\t<\/div>\n\t\t\t\t<div class=\"elementor-element elementor-element-c7a3c3a elementor-widget elementor-widget-text-editor\" data-id=\"c7a3c3a\" data-element_type=\"widget\" data-e-type=\"widget\" data-widget_type=\"text-editor.default\">\n\t\t\t\t\t\t\t\t\t<p>Die elektronische Personenwaage Seca 803 entspricht den schweizerischen und europ\u00e4ischen Anforderungen an Sicherheit und Qualit\u00e4t. In der Schweiz werden die Vorschriften f\u00fcr Messger\u00e4te von mehreren \u00f6ffentlichen Einrichtungen \u00fcberwacht. Das Schweizerische Informationszentrum f\u00fcr technische Regeln (Switec) ver\u00f6ffentlicht die harmonisierten Normen f\u00fcr Messger\u00e4te, w\u00e4hrend das Bundesamt f\u00fcr Gesundheit (BAG) die Empfehlungen f\u00fcr die Verwendung von Ger\u00e4ten in der Pflege oder Pr\u00e4vention festlegt.  <br>\t\t<div data-elementor-type=\"widget\" data-elementor-id=\"60303\" class=\"elementor elementor-60303 elementor-60240 elementor-60240\" data-elementor-post-type=\"elementor_library\">\n\t\t\t\t\t\t<div class=\"elementor-element elementor-element-60240 elementor-widget elementor-widget-text-editor\" data-id=\"60240\" data-element_type=\"widget\" data-e-type=\"widget\" data-widget_type=\"text-editor.default\">\n\t\t\t\t\t\t\t\t\t<p>Weitere Informationen finden Sie unter :<\/p><ul><li><a href=\"https:\/\/www.bag.admin.ch\" target=\"_blank\" rel=\"noopener\">Bundesamt f\u00fcr Gesundheit (BAG)<\/a><\/li><li><a href=\"https:\/\/www.switec.info\" target=\"_blank\" rel=\"noopener\">Schweizerisches Informationszentrum f\u00fcr technische Regeln (Switec)<\/a><\/li><\/ul><p><br>Unsere Medizinprodukte haben einen autorisierten Vertreter in der Schweiz (CH-REP), gem\u00e4\u00df der geltenden schweizerischen Gesetzgebung f\u00fcr Medizinprodukte.<\/p>\t\t\t\t\t\t\t\t<\/div>\n\t\t\t\t<\/div>\n\t\t<br>Klicken Sie hier f\u00fcr weitere Modelle von <a href=\"https:\/\/swixed.ch\/de\/produkt-kategorie\/medizinisches-zubehoer\/personenwaagen\/\">Personenwaagen<\/a>.<\/p><p>Um einen optimalen Betrieb zu gew\u00e4hrleisten, sollten Sie :<\/p><ul><li>die Stabilit\u00e4t des Tabletts regelm\u00e4\u00dfig zu \u00fcberpr\u00fcfen,<\/li><li>die Batterien auszutauschen, wenn dies auf dem Bildschirm angezeigt wird,<\/li><li>die Oberfl\u00e4che mit einem feuchten Tuch (ohne Scheuermittel) zu reinigen.<\/li><\/ul>\t\t\t\t\t\t\t\t<\/div>\n\t\t\t\t<\/div>\n\t\t\t\t<\/div>\n\t\t\t\t<\/div>\n\t\t","protected":false},"excerpt":{"rendered":"<p>Die Seca 803 ist eine elektronische Personenwaage mit einer kompakten und robusten Struktur. Sie verf\u00fcgt \u00fcber eine stabile Plattform mit rutschfester Beschichtung und ein LCD-Display, auf dem die Betriebsinformationen abgelesen werden k\u00f6nnen. Das Ger\u00e4t wird mit AAA-Batterien betrieben und verf\u00fcgt \u00fcber eine automatische Abschaltfunktion. Er entspricht den technischen Spezifikationen des Herstellers und ist f\u00fcr den Einsatz in professionellen und institutionellen Umgebungen geeignet.   <\/p>\n","protected":false},"featured_media":58655,"template":"","meta":{"_acf_changed":false},"product_brand":[2184],"product_cat":[2216,1862],"product_tag":[7309,7305,7304,6178,7313,7308,7306,7310,7303,7311],"class_list":{"0":"post-53904","1":"product","2":"type-product","3":"status-publish","4":"has-post-thumbnail","6":"product_brand-seca-de","7":"product_cat-personenwaagen","8":"product_cat-medizinisches-zubehoer","9":"product_tag-150-kg","10":"product_tag-digitale-waage","11":"product_tag-elektronische-personenwaage","12":"product_tag-lcd-anzeige","13":"product_tag-messinstrument","14":"product_tag-prazisionswaage","15":"product_tag-professionelle-personenwaage","16":"product_tag-rutschfeste-platte","17":"product_tag-seca-803","18":"product_tag-seca-waage","20":"first","21":"instock","22":"taxable","23":"shipping-taxable","24":"purchasable","25":"product-type-simple"},"acf":[],"yoast_head":"<!-- This site is optimized with the Yoast SEO Premium plugin v27.4 (Yoast SEO v27.4) - https:\/\/yoast.com\/product\/yoast-seo-premium-wordpress\/ -->\n<title>Seca 803 Elektronische Personenwaage 150 kg | Swixed SA%<\/title>\n<meta name=\"description\" content=\"Elektronische Personenwaage Seca 803, Kapazit\u00e4t 150 kg, gut lesbare LCD-Anzeige und rutschfeste Oberfl\u00e4che. Ideal f\u00fcr den professionellen oder privaten Gebrauch.\" \/>\n<meta name=\"robots\" content=\"index, follow, max-snippet:-1, max-image-preview:large, max-video-preview:-1\" \/>\n<link rel=\"canonical\" href=\"https:\/\/swixed.ch\/de\/produkt\/sed95017\/\" \/>\n<meta property=\"og:locale\" content=\"de_DE\" \/>\n<meta property=\"og:type\" content=\"article\" \/>\n<meta property=\"og:title\" content=\"Elektronische Personenwaage Seca 803\" \/>\n<meta property=\"og:description\" content=\"Elektronische Personenwaage Seca 803, Kapazit\u00e4t 150 kg, gut lesbare LCD-Anzeige und rutschfeste Oberfl\u00e4che. Ideal f\u00fcr den professionellen oder privaten Gebrauch.\" \/>\n<meta property=\"og:url\" content=\"https:\/\/swixed.ch\/de\/produkt\/sed95017\/\" \/>\n<meta property=\"og:site_name\" content=\"Swixed SA\" \/>\n<meta property=\"article:publisher\" content=\"https:\/\/www.facebook.com\/swixed\" \/>\n<meta property=\"article:modified_time\" content=\"2026-01-15T22:21:11+00:00\" \/>\n<meta property=\"og:image\" content=\"https:\/\/swixed.ch\/wp-content\/uploads\/2026\/01\/SED95017-01.png\" \/>\n\t<meta property=\"og:image:width\" content=\"600\" \/>\n\t<meta property=\"og:image:height\" content=\"600\" \/>\n\t<meta property=\"og:image:type\" content=\"image\/png\" \/>\n<meta name=\"twitter:card\" content=\"summary_large_image\" \/>\n<meta name=\"twitter:label1\" content=\"Gesch\u00e4tzte Lesezeit\" \/>\n\t<meta name=\"twitter:data1\" content=\"3\u00a0Minuten\" \/>\n<script type=\"application\/ld+json\" class=\"yoast-schema-graph\">{\"@context\":\"https:\\\/\\\/schema.org\",\"@graph\":[{\"@type\":\"WebPage\",\"@id\":\"https:\\\/\\\/swixed.ch\\\/de\\\/produkt\\\/sed95017\\\/\",\"url\":\"https:\\\/\\\/swixed.ch\\\/de\\\/produkt\\\/sed95017\\\/\",\"name\":\"Seca 803 Elektronische Personenwaage 150 kg | Swixed SA%\",\"isPartOf\":{\"@id\":\"https:\\\/\\\/swixed.ch\\\/de\\\/#website\"},\"primaryImageOfPage\":{\"@id\":\"https:\\\/\\\/swixed.ch\\\/de\\\/produkt\\\/sed95017\\\/#primaryimage\"},\"image\":{\"@id\":\"https:\\\/\\\/swixed.ch\\\/de\\\/produkt\\\/sed95017\\\/#primaryimage\"},\"thumbnailUrl\":\"https:\\\/\\\/swixed.ch\\\/wp-content\\\/uploads\\\/2026\\\/01\\\/SED95017-01.png\",\"datePublished\":\"2025-10-18T17:47:26+00:00\",\"dateModified\":\"2026-01-15T22:21:11+00:00\",\"description\":\"Elektronische Personenwaage Seca 803, Kapazit\u00e4t 150 kg, gut lesbare LCD-Anzeige und rutschfeste Oberfl\u00e4che. Ideal f\u00fcr den professionellen oder privaten Gebrauch.\",\"breadcrumb\":{\"@id\":\"https:\\\/\\\/swixed.ch\\\/de\\\/produkt\\\/sed95017\\\/#breadcrumb\"},\"inLanguage\":\"de\",\"potentialAction\":[{\"@type\":\"ReadAction\",\"target\":[\"https:\\\/\\\/swixed.ch\\\/de\\\/produkt\\\/sed95017\\\/\"]}]},{\"@type\":\"ImageObject\",\"inLanguage\":\"de\",\"@id\":\"https:\\\/\\\/swixed.ch\\\/de\\\/produkt\\\/sed95017\\\/#primaryimage\",\"url\":\"https:\\\/\\\/swixed.ch\\\/wp-content\\\/uploads\\\/2026\\\/01\\\/SED95017-01.png\",\"contentUrl\":\"https:\\\/\\\/swixed.ch\\\/wp-content\\\/uploads\\\/2026\\\/01\\\/SED95017-01.png\",\"width\":600,\"height\":600,\"caption\":\"SED95017\"},{\"@type\":\"BreadcrumbList\",\"@id\":\"https:\\\/\\\/swixed.ch\\\/de\\\/produkt\\\/sed95017\\\/#breadcrumb\",\"itemListElement\":[{\"@type\":\"ListItem\",\"position\":1,\"name\":\"Startseite\",\"item\":\"https:\\\/\\\/swixed.ch\\\/de\\\/home\\\/\"},{\"@type\":\"ListItem\",\"position\":2,\"name\":\"Shop\",\"item\":\"https:\\\/\\\/swixed.ch\\\/de\\\/shop\\\/\"},{\"@type\":\"ListItem\",\"position\":3,\"name\":\"Elektronische Personenwaage Seca 803\"}]},{\"@type\":\"WebSite\",\"@id\":\"https:\\\/\\\/swixed.ch\\\/de\\\/#website\",\"url\":\"https:\\\/\\\/swixed.ch\\\/de\\\/\",\"name\":\"Swixed SA\",\"description\":\"Elektronische Ger\u00e4te\",\"publisher\":{\"@id\":\"https:\\\/\\\/swixed.ch\\\/de\\\/#organization\"},\"potentialAction\":[{\"@type\":\"SearchAction\",\"target\":{\"@type\":\"EntryPoint\",\"urlTemplate\":\"https:\\\/\\\/swixed.ch\\\/de\\\/?s={search_term_string}\"},\"query-input\":{\"@type\":\"PropertyValueSpecification\",\"valueRequired\":true,\"valueName\":\"search_term_string\"}}],\"inLanguage\":\"de\"},{\"@type\":\"Organization\",\"@id\":\"https:\\\/\\\/swixed.ch\\\/de\\\/#organization\",\"name\":\"Swixed SA\",\"url\":\"https:\\\/\\\/swixed.ch\\\/de\\\/\",\"logo\":{\"@type\":\"ImageObject\",\"inLanguage\":\"de\",\"@id\":\"https:\\\/\\\/swixed.ch\\\/de\\\/#\\\/schema\\\/logo\\\/image\\\/\",\"url\":\"https:\\\/\\\/swixed.ch\\\/wp-content\\\/uploads\\\/logos\\\/swixed-logo-lite.png\",\"contentUrl\":\"https:\\\/\\\/swixed.ch\\\/wp-content\\\/uploads\\\/logos\\\/swixed-logo-lite.png\",\"width\":696,\"height\":696,\"caption\":\"Swixed SA\"},\"image\":{\"@id\":\"https:\\\/\\\/swixed.ch\\\/de\\\/#\\\/schema\\\/logo\\\/image\\\/\"},\"sameAs\":[\"https:\\\/\\\/www.facebook.com\\\/swixed\",\"https:\\\/\\\/www.linkedin.com\\\/company\\\/swixed\",\"https:\\\/\\\/www.youtube.com\\\/@swixedsa\"],\"description\":\"Swixed SA est une entreprise suisse bas\u00e9e \u00e0 Gen\u00e8ve, sp\u00e9cialis\u00e9e dans la vente, la location et la maintenance d\u2019appareils m\u00e9dicaux professionnels, tels que d\u00e9fibrillateurs AED, \u00e9lectrocardiographes, moniteurs patient et dispositifs de diagnostic.\",\"email\":\"infoshop@swixed.ch\",\"telephone\":\"+41 22 566 11 95\",\"legalName\":\"Swixed SA\",\"foundingDate\":\"2021-03-01\",\"numberOfEmployees\":{\"@type\":\"QuantitativeValue\",\"minValue\":\"1\",\"maxValue\":\"10\"}}]}<\/script>\n<!-- \/ Yoast SEO Premium plugin. -->","yoast_head_json":{"title":"Seca 803 Elektronische Personenwaage 150 kg | Swixed SA%","description":"Elektronische Personenwaage Seca 803, Kapazit\u00e4t 150 kg, gut lesbare LCD-Anzeige und rutschfeste Oberfl\u00e4che. Ideal f\u00fcr den professionellen oder privaten Gebrauch.","robots":{"index":"index","follow":"follow","max-snippet":"max-snippet:-1","max-image-preview":"max-image-preview:large","max-video-preview":"max-video-preview:-1"},"canonical":"https:\/\/swixed.ch\/de\/produkt\/sed95017\/","og_locale":"de_DE","og_type":"article","og_title":"Elektronische Personenwaage Seca 803","og_description":"Elektronische Personenwaage Seca 803, Kapazit\u00e4t 150 kg, gut lesbare LCD-Anzeige und rutschfeste Oberfl\u00e4che. Ideal f\u00fcr den professionellen oder privaten Gebrauch.","og_url":"https:\/\/swixed.ch\/de\/produkt\/sed95017\/","og_site_name":"Swixed SA","article_publisher":"https:\/\/www.facebook.com\/swixed","article_modified_time":"2026-01-15T22:21:11+00:00","og_image":[{"width":600,"height":600,"url":"https:\/\/swixed.ch\/wp-content\/uploads\/2026\/01\/SED95017-01.png","type":"image\/png"}],"twitter_card":"summary_large_image","twitter_misc":{"Gesch\u00e4tzte Lesezeit":"3\u00a0Minuten"},"schema":{"@context":"https:\/\/schema.org","@graph":[{"@type":"WebPage","@id":"https:\/\/swixed.ch\/de\/produkt\/sed95017\/","url":"https:\/\/swixed.ch\/de\/produkt\/sed95017\/","name":"Seca 803 Elektronische Personenwaage 150 kg | Swixed SA%","isPartOf":{"@id":"https:\/\/swixed.ch\/de\/#website"},"primaryImageOfPage":{"@id":"https:\/\/swixed.ch\/de\/produkt\/sed95017\/#primaryimage"},"image":{"@id":"https:\/\/swixed.ch\/de\/produkt\/sed95017\/#primaryimage"},"thumbnailUrl":"https:\/\/swixed.ch\/wp-content\/uploads\/2026\/01\/SED95017-01.png","datePublished":"2025-10-18T17:47:26+00:00","dateModified":"2026-01-15T22:21:11+00:00","description":"Elektronische Personenwaage Seca 803, Kapazit\u00e4t 150 kg, gut lesbare LCD-Anzeige und rutschfeste Oberfl\u00e4che. Ideal f\u00fcr den professionellen oder privaten Gebrauch.","breadcrumb":{"@id":"https:\/\/swixed.ch\/de\/produkt\/sed95017\/#breadcrumb"},"inLanguage":"de","potentialAction":[{"@type":"ReadAction","target":["https:\/\/swixed.ch\/de\/produkt\/sed95017\/"]}]},{"@type":"ImageObject","inLanguage":"de","@id":"https:\/\/swixed.ch\/de\/produkt\/sed95017\/#primaryimage","url":"https:\/\/swixed.ch\/wp-content\/uploads\/2026\/01\/SED95017-01.png","contentUrl":"https:\/\/swixed.ch\/wp-content\/uploads\/2026\/01\/SED95017-01.png","width":600,"height":600,"caption":"SED95017"},{"@type":"BreadcrumbList","@id":"https:\/\/swixed.ch\/de\/produkt\/sed95017\/#breadcrumb","itemListElement":[{"@type":"ListItem","position":1,"name":"Startseite","item":"https:\/\/swixed.ch\/de\/home\/"},{"@type":"ListItem","position":2,"name":"Shop","item":"https:\/\/swixed.ch\/de\/shop\/"},{"@type":"ListItem","position":3,"name":"Elektronische Personenwaage Seca 803"}]},{"@type":"WebSite","@id":"https:\/\/swixed.ch\/de\/#website","url":"https:\/\/swixed.ch\/de\/","name":"Swixed SA","description":"Elektronische Ger\u00e4te","publisher":{"@id":"https:\/\/swixed.ch\/de\/#organization"},"potentialAction":[{"@type":"SearchAction","target":{"@type":"EntryPoint","urlTemplate":"https:\/\/swixed.ch\/de\/?s={search_term_string}"},"query-input":{"@type":"PropertyValueSpecification","valueRequired":true,"valueName":"search_term_string"}}],"inLanguage":"de"},{"@type":"Organization","@id":"https:\/\/swixed.ch\/de\/#organization","name":"Swixed SA","url":"https:\/\/swixed.ch\/de\/","logo":{"@type":"ImageObject","inLanguage":"de","@id":"https:\/\/swixed.ch\/de\/#\/schema\/logo\/image\/","url":"https:\/\/swixed.ch\/wp-content\/uploads\/logos\/swixed-logo-lite.png","contentUrl":"https:\/\/swixed.ch\/wp-content\/uploads\/logos\/swixed-logo-lite.png","width":696,"height":696,"caption":"Swixed SA"},"image":{"@id":"https:\/\/swixed.ch\/de\/#\/schema\/logo\/image\/"},"sameAs":["https:\/\/www.facebook.com\/swixed","https:\/\/www.linkedin.com\/company\/swixed","https:\/\/www.youtube.com\/@swixedsa"],"description":"Swixed SA est une entreprise suisse bas\u00e9e \u00e0 Gen\u00e8ve, sp\u00e9cialis\u00e9e dans la vente, la location et la maintenance d\u2019appareils m\u00e9dicaux professionnels, tels que d\u00e9fibrillateurs AED, \u00e9lectrocardiographes, moniteurs patient et dispositifs de diagnostic.","email":"infoshop@swixed.ch","telephone":"+41 22 566 11 95","legalName":"Swixed SA","foundingDate":"2021-03-01","numberOfEmployees":{"@type":"QuantitativeValue","minValue":"1","maxValue":"10"}}]}},"_links":{"self":[{"href":"https:\/\/swixed.ch\/de\/wp-json\/wp\/v2\/product\/53904","targetHints":{"allow":["GET"]}}],"collection":[{"href":"https:\/\/swixed.ch\/de\/wp-json\/wp\/v2\/product"}],"about":[{"href":"https:\/\/swixed.ch\/de\/wp-json\/wp\/v2\/types\/product"}],"version-history":[{"count":0,"href":"https:\/\/swixed.ch\/de\/wp-json\/wp\/v2\/product\/53904\/revisions"}],"wp:featuredmedia":[{"embeddable":true,"href":"https:\/\/swixed.ch\/de\/wp-json\/wp\/v2\/media\/58655"}],"wp:attachment":[{"href":"https:\/\/swixed.ch\/de\/wp-json\/wp\/v2\/media?parent=53904"}],"wp:term":[{"taxonomy":"product_brand","embeddable":true,"href":"https:\/\/swixed.ch\/de\/wp-json\/wp\/v2\/product_brand?post=53904"},{"taxonomy":"product_cat","embeddable":true,"href":"https:\/\/swixed.ch\/de\/wp-json\/wp\/v2\/product_cat?post=53904"},{"taxonomy":"product_tag","embeddable":true,"href":"https:\/\/swixed.ch\/de\/wp-json\/wp\/v2\/product_tag?post=53904"}],"curies":[{"name":"wp","href":"https:\/\/api.w.org\/{rel}","templated":true}]}}