{"id":53930,"date":"2025-10-18T20:11:14","date_gmt":"2025-10-18T18:11:14","guid":{"rendered":"https:\/\/swixed.com\/?post_type=product&#038;p=53930"},"modified":"2026-01-15T22:06:24","modified_gmt":"2026-01-15T21:06:24","slug":"sed20010","status":"publish","type":"product","link":"https:\/\/swixed.ch\/de\/produkt\/sed20010\/","title":{"rendered":"GIMA PC-300 Vitalparameter-Monitor"},"content":{"rendered":"\t\t<div data-elementor-type=\"product-post\" data-elementor-id=\"53930\" class=\"elementor elementor-53930 elementor-53925\" data-elementor-post-type=\"product\">\n\t\t\t\t<div class=\"elementor-element elementor-element-9161897 e-con-full e-flex e-con e-parent\" data-id=\"9161897\" data-element_type=\"container\" data-e-type=\"container\">\n\t\t<div class=\"elementor-element elementor-element-60283af e-con-full e-flex e-con e-child\" data-id=\"60283af\" data-element_type=\"container\" data-e-type=\"container\">\n\t\t\t\t<div class=\"elementor-element elementor-element-112cbc3 elementor-widget elementor-widget-heading\" data-id=\"112cbc3\" data-element_type=\"widget\" data-e-type=\"widget\" data-widget_type=\"heading.default\">\n\t\t\t\t\t<h2 class=\"elementor-heading-title elementor-size-default\">Allgemeine Darstellung<\/h2>\t\t\t\t<\/div>\n\t\t\t\t<div class=\"elementor-element elementor-element-2de1a4d elementor-widget elementor-widget-text-editor\" data-id=\"2de1a4d\" data-element_type=\"widget\" data-e-type=\"widget\" data-widget_type=\"text-editor.default\">\n\t\t\t\t\t\t\t\t\t<p>Der GIMA PC-300 ist ein professioneller Vitalzeichenmonitor f\u00fcr die kontinuierliche \u00dcberwachung der Vitalzeichen.<br>Er zeigt und speichert mehrere physiologische Parameter gleichzeitig, darunter die Sauerstoffs\u00e4ttigung (SpO\u2082), den nicht-invasiven Blutdruck (NIBP), das Elektrokardiogramm (EKG) und die K\u00f6rpertemperatur.<br>Au\u00dferdem l\u00e4sst sich das Ger\u00e4t dank seiner kompakten Gr\u00f6\u00dfe und seines robusten Designs leicht in jede medizinische Umgebung integrieren, sei es eine Praxis, eine Notaufnahme oder eine Klinik.<br>Dank der \u00fcbersichtlichen Benutzeroberfl\u00e4che und des hochaufl\u00f6senden Farbdisplays lassen sich die Daten schnell und intuitiv ablesen.<\/p>\t\t\t\t\t\t\t\t<\/div>\n\t\t\t\t<div class=\"elementor-element elementor-element-be34362 elementor-widget elementor-widget-heading\" data-id=\"be34362\" data-element_type=\"widget\" data-e-type=\"widget\" data-widget_type=\"heading.default\">\n\t\t\t\t\t<h3 class=\"elementor-heading-title elementor-size-default\">Wichtigste technische Merkmale<\/h3>\t\t\t\t<\/div>\n\t\t\t\t<div class=\"elementor-element elementor-element-21ad3af elementor-widget elementor-widget-text-editor\" data-id=\"21ad3af\" data-element_type=\"widget\" data-e-type=\"widget\" data-widget_type=\"text-editor.default\">\n\t\t\t\t\t\t\t\t\t<p>Der GIMA PC-300 bietet eine hohe Zuverl\u00e4ssigkeit und ein Design, das sowohl f\u00fcr den intensiven klinischen Gebrauch als auch f\u00fcr den Heimgebrauch geeignet ist.<br>So erf\u00fcllt er die t\u00e4glichen Anforderungen von medizinischem Fachpersonal und ist gleichzeitig einfach zu konfigurieren. Es ist auch f\u00fcr den privaten Gebrauch geeignet.<br>Die wichtigsten technischen Elemente umfassen : <\/p><ul><li>Hochaufl\u00f6sender 8-Zoll-TFT-Farbbildschirm<\/li><li>Simultane Messungen: SpO\u2082, NIBP, EKG, Temperatur<\/li><li>Interner Speicher mit Speicherung von Patientendaten<\/li><li>USB-Anschluss f\u00fcr \u00dcbertragung und Updates<\/li><li>Konfigurierbare visuelle und akustische Alarme<\/li><li>Eingebauter Lithium-Akku (\u2248 4 h Laufzeit)<\/li><li>Ergonomischer Tragegriff<\/li><li>Entspricht den medizinischen Standards EN 60601-1 und EN 60601-2-49.<\/li><\/ul><p>Zusammenfassend l\u00e4sst sich sagen, dass diese Eigenschaften einen pr\u00e4zisen, stabilen und dauerhaften Betrieb gew\u00e4hrleisten, selbst in anspruchsvollen Umgebungen wie Krankenh\u00e4usern oder Pflegeheimen.<\/p>\t\t\t\t\t\t\t\t<\/div>\n\t\t\t\t<div class=\"elementor-element elementor-element-97cfecd elementor-widget elementor-widget-heading\" data-id=\"97cfecd\" data-element_type=\"widget\" data-e-type=\"widget\" data-widget_type=\"heading.default\">\n\t\t\t\t\t<h2 class=\"elementor-heading-title elementor-size-default\">Nutzung, Einhaltung und Wartung<\/h2>\t\t\t\t<\/div>\n\t\t\t\t<div class=\"elementor-element elementor-element-e859538 elementor-widget elementor-widget-text-editor\" data-id=\"e859538\" data-element_type=\"widget\" data-e-type=\"widget\" data-widget_type=\"text-editor.default\">\n\t\t\t\t\t\t\t\t\t<p>Das Modell PC-300 entspricht den europ\u00e4ischen Richtlinien f\u00fcr medizinische Ger\u00e4te und den einschl\u00e4gigen elektrischen Normen.<br>Es erf\u00fcllt die Sicherheitsanforderungen f\u00fcr die physiologische \u00dcberwachung.<br>Die lange Betriebsdauer und die Robustheit des Ger\u00e4ts erm\u00f6glichen eine kontinuierliche Nutzung w\u00e4hrend der Pflege oder des Transports.<br>Das Ger\u00e4t ist f\u00fcr Kliniken, Arztpraxen, Pflegeheime und Krankenh\u00e4user geeignet.<br>Um die Zuverl\u00e4ssigkeit der Messungen zu gew\u00e4hrleisten, wird eine regelm\u00e4\u00dfige Wartung empfohlen.<br>Diese umfasst die \u00dcberpr\u00fcfung der Sensoren und die Kontrolle der Genauigkeit gem\u00e4\u00df den Standards von Swissmedic und dem Bundesamt f\u00fcr Gesundheit (BAG).<br>So bleibt das Ger\u00e4t immer einsatzbereit und entspricht den Sicherheitsanforderungen.<\/p><p>\t\t<div data-elementor-type=\"widget\" data-elementor-id=\"59088\" class=\"elementor elementor-59088 elementor-59083 elementor-59083\" data-elementor-post-type=\"elementor_library\">\n\t\t\t\t\t\t<div class=\"elementor-element elementor-element-59083 elementor-widget elementor-widget-text-editor\" data-id=\"59083\" data-element_type=\"widget\" data-e-type=\"widget\" data-widget_type=\"text-editor.default\">\n\t\t\t\t\t\t\t\t\t<p>Weitere Informationen finden Sie unter :<\/p><ul><li><a href=\"https:\/\/www.swissmedic.ch\" target=\"_blank\" rel=\"noopener\">Swissmedic<\/a><\/li><li><a href=\"https:\/\/www.bag.admin.ch\" target=\"_blank\" rel=\"noopener\">Bundesamt f\u00fcr Gesundheit (BAG)<\/a><\/li><li><a href=\"https:\/\/www.switec.info\" target=\"_blank\" rel=\"noopener\">Schweizerisches Informationszentrum f\u00fcr technische Regeln (Switec)<\/a><\/li><li><a href=\"https:\/\/www.fedlex.admin.ch\/eli\/cc\/2020\/552\/\" target=\"_blank\" rel=\"noopener\">Verordnung \u00fcber Medizinprodukte (MDDV oder MedDO)<\/a><\/li><\/ul><p><br>Unsere Medizinprodukte haben einen autorisierten Vertreter in der Schweiz (CH-REP), gem\u00e4\u00df der geltenden schweizerischen Gesetzgebung f\u00fcr Medizinprodukte.<\/p>\t\t\t\t\t\t\t\t<\/div>\n\t\t\t\t<\/div>\n\t\t<br>Klicken Sie hier f\u00fcr weitere Modelle von <a href=\"https:\/\/swixed.ch\/de\/produkt-kategorie\/patientenmonitore\/\">Multiparameter-Monitoren<\/a>.<br>Klicken Sie hier, um die <a href=\"\/maintenance\/sed94006\">regelm\u00e4\u00dfige Wartung<\/a> zu buchen.<\/p><p>Dieses Ger\u00e4t ist kein Ersatz f\u00fcr eine medizinische Diagnose und ist f\u00fcr den professionellen Gebrauch zur physiologischen \u00dcberwachung bestimmt.<\/p>\t\t\t\t\t\t\t\t<\/div>\n\t\t\t\t<div class=\"elementor-element elementor-element-8068e97 elementor-widget elementor-widget-heading\" data-id=\"8068e97\" data-element_type=\"widget\" data-e-type=\"widget\" data-widget_type=\"heading.default\">\n\t\t\t\t\t<h3 class=\"elementor-heading-title elementor-size-default\">Vorteile und St\u00e4rken<\/h3>\t\t\t\t<\/div>\n\t\t\t\t<div class=\"elementor-element elementor-element-8f209cd elementor-widget elementor-widget-text-editor\" data-id=\"8f209cd\" data-element_type=\"widget\" data-e-type=\"widget\" data-widget_type=\"text-editor.default\">\n\t\t\t\t\t\t\t\t\t<ul><li>Kompaktes und leichtes Design<\/li><li>Einfache und intuitive Schnittstelle<\/li><li>Klare Ablesung von EKG-Kurven und numerischen Werten<\/li><li>Batterielebensdauer f\u00fcr den mobilen Gebrauch<\/li><li>Exportierbare Daten zur Verfolgung und Archivierung<\/li><li>Einfache Wartung und professionelle Komponenten<\/li><li>Hohe Sicherheitsstandards gem\u00e4\u00df EN 60601<\/li><\/ul><p><br>Daher eignet sich der GIMA PC-300 sowohl f\u00fcr kleine Einrichtungen als auch f\u00fcr komplexe Krankenhausstrukturen.<\/p>\t\t\t\t\t\t\t\t<\/div>\n\t\t\t\t<div class=\"elementor-element elementor-element-b67c77a elementor-widget elementor-widget-heading\" data-id=\"b67c77a\" data-element_type=\"widget\" data-e-type=\"widget\" data-widget_type=\"heading.default\">\n\t\t\t\t\t<h3 class=\"elementor-heading-title elementor-size-default\">Ratschl\u00e4ge zur Integration und Kompatibilit\u00e4t<\/h3>\t\t\t\t<\/div>\n\t\t\t\t<div class=\"elementor-element elementor-element-92d76f4 elementor-widget elementor-widget-text-editor\" data-id=\"92d76f4\" data-element_type=\"widget\" data-e-type=\"widget\" data-widget_type=\"text-editor.default\">\n\t\t\t\t\t\t\t\t\t<p>Der GIMA PC-300 kann mit anderen diagnostischen Ger\u00e4ten wie <a href=\"https:\/\/swixed.ch\/de\/produkt-kategorie\/elektrokardiographen\/\">Elektrokardiographen<\/a>, <a href=\"https:\/\/swixed.ch\/de\/produkt-kategorie\/blutdruckmessgerate\/\">elektronischen Blutdruckmessger\u00e4ten<\/a> oder <a href=\"https:\/\/swixed.ch\/de\/produkt-kategorie\/defibrillatoren\/\">AED-Defibrillatoren<\/a> kombiniert werden und erm\u00f6glicht so ein umfassendes Patientenmanagement in einem einzigen Behandlungsbereich.<br>Auf diese Weise erm\u00f6glicht er eine umfassende \u00dcberwachung des Patienten in einer einzigen Behandlungsumgebung.<br>Dar\u00fcber hinaus st\u00e4rkt seine Kompatibilit\u00e4t die Kontinuit\u00e4t der verwendeten medizinischen Ger\u00e4te und erleichtert die Datenverwaltung.<br>Und schlie\u00dflich gew\u00e4hrleistet diese Vielseitigkeit eine nahtlose Integration in bereits etablierte Protokolle.<\/p>\t\t\t\t\t\t\t\t<\/div>\n\t\t\t\t<div class=\"elementor-element elementor-element-b7f9616 elementor-widget elementor-widget-heading\" data-id=\"b7f9616\" data-element_type=\"widget\" data-e-type=\"widget\" data-widget_type=\"heading.default\">\n\t\t\t\t\t<h3 class=\"elementor-heading-title elementor-size-default\">Inhalt<\/h3>\t\t\t\t<\/div>\n\t\t\t\t<div class=\"elementor-element elementor-element-8f024f3 elementor-widget elementor-widget-text-editor\" data-id=\"8f024f3\" data-element_type=\"widget\" data-e-type=\"widget\" data-widget_type=\"text-editor.default\">\n\t\t\t\t\t\t\t\t\t<ul><li>GIMA PC-300 Vitalzeichenmonitor<\/li><li>EKG-Patientenkabel mit 3 oder 5 Ableitungen<\/li><li>NIBP-Manschette f\u00fcr Erwachsene mit Schlauch<\/li><li>SpO\u2082-Sensor f\u00fcr Erwachsene<\/li><li>Temperaturf\u00fchler<\/li><li>Netzteil und wiederaufladbarer Lithium-Akku<\/li><li>Mehrsprachiges Benutzerhandbuch<\/li><\/ul><p><br>Das Paket enth\u00e4lt alles, was Sie f\u00fcr eine sofortige Inbetriebnahme ben\u00f6tigen.<\/p>\t\t\t\t\t\t\t\t<\/div>\n\t\t\t\t<\/div>\n\t\t\t\t<\/div>\n\t\t\t\t<\/div>\n\t\t","protected":false},"excerpt":{"rendered":"<p>Der Gima PC-300 Multiparameter-Monitor ist ein tragbares medizinisches Ger\u00e4t, das f\u00fcr die \u00dcberwachung der Vitalfunktionen entwickelt wurde. Er misst die Sauerstoffs\u00e4ttigung, die Herzfrequenz, den Blutdruck und die K\u00f6rpertemperatur. Er ist kompakt, pr\u00e4zise und einfach zu bedienen und eignet sich ideal f\u00fcr Gesundheitseinrichtungen, Arztpraxen und die h\u00e4usliche Pflege.  <\/p>\n","protected":false},"featured_media":58707,"template":"","meta":{"_acf_changed":false},"product_brand":[7199],"product_cat":[1409,970],"product_tag":[7658,3716,1412,7644,7645,7641,7640,7655,1181,3721],"class_list":{"0":"post-53930","1":"product","2":"type-product","3":"status-publish","4":"has-post-thumbnail","6":"product_brand-gima-de","7":"product_cat-geraete-patientenmonitore","8":"product_cat-patientenmonitore","9":"product_tag-autonomer-betrieb","10":"product_tag-farbbildschirm","11":"product_tag-nibp-de","12":"product_tag-oszillometrisch","13":"product_tag-patientengedachtnis","14":"product_tag-physiologische-alarme","15":"product_tag-pr","16":"product_tag-pulsoximetrie","17":"product_tag-spo2-de","18":"product_tag-tragbarer-monitor","19":"product_shipping_class-kostenloser-versand","21":"first","22":"instock","23":"taxable","24":"shipping-taxable","25":"purchasable","26":"product-type-variable","27":"has-default-attributes"},"acf":[],"yoast_head":"<!-- This site is optimized with the Yoast SEO Premium plugin v27.4 (Yoast SEO v27.4) - https:\/\/yoast.com\/product\/yoast-seo-premium-wordpress\/ -->\n<title>GIMA PC-300 Vitalparameter-Monitor | Swixed SA<\/title>\n<meta name=\"description\" content=\"GIMA PC-300 Vitalparameter-Monitor, hochaufl\u00f6sender Farbbildschirm, SpO\u2082-, NIBP-, EKG- und Temperaturmessungen, konzipiert f\u00fcr den professionellen Gebrauch.\" \/>\n<meta name=\"robots\" content=\"index, follow, max-snippet:-1, max-image-preview:large, max-video-preview:-1\" \/>\n<link rel=\"canonical\" href=\"https:\/\/swixed.ch\/de\/produkt\/sed20010\/\" \/>\n<meta property=\"og:locale\" content=\"de_DE\" \/>\n<meta property=\"og:type\" content=\"article\" \/>\n<meta property=\"og:title\" content=\"GIMA PC-300 Vitalparameter-Monitor\" \/>\n<meta property=\"og:description\" content=\"GIMA PC-300 Vitalparameter-Monitor, hochaufl\u00f6sender Farbbildschirm, SpO\u2082-, NIBP-, EKG- und Temperaturmessungen, konzipiert f\u00fcr den professionellen Gebrauch.\" \/>\n<meta property=\"og:url\" content=\"https:\/\/swixed.ch\/de\/produkt\/sed20010\/\" \/>\n<meta property=\"og:site_name\" content=\"Swixed SA\" \/>\n<meta property=\"article:publisher\" content=\"https:\/\/www.facebook.com\/swixed\" \/>\n<meta property=\"article:modified_time\" content=\"2026-01-15T21:06:24+00:00\" \/>\n<meta property=\"og:image\" content=\"https:\/\/swixed.ch\/wp-content\/uploads\/2026\/01\/SED20010-01.png\" \/>\n\t<meta property=\"og:image:width\" content=\"600\" \/>\n\t<meta property=\"og:image:height\" content=\"600\" \/>\n\t<meta property=\"og:image:type\" content=\"image\/png\" \/>\n<meta name=\"twitter:card\" content=\"summary_large_image\" \/>\n<meta name=\"twitter:label1\" content=\"Gesch\u00e4tzte Lesezeit\" \/>\n\t<meta name=\"twitter:data1\" content=\"2\u00a0Minuten\" \/>\n<script type=\"application\/ld+json\" class=\"yoast-schema-graph\">{\"@context\":\"https:\\\/\\\/schema.org\",\"@graph\":[{\"@type\":\"WebPage\",\"@id\":\"https:\\\/\\\/swixed.ch\\\/de\\\/produkt\\\/sed20010\\\/\",\"url\":\"https:\\\/\\\/swixed.ch\\\/de\\\/produkt\\\/sed20010\\\/\",\"name\":\"GIMA PC-300 Vitalparameter-Monitor | Swixed SA\",\"isPartOf\":{\"@id\":\"https:\\\/\\\/swixed.ch\\\/de\\\/#website\"},\"primaryImageOfPage\":{\"@id\":\"https:\\\/\\\/swixed.ch\\\/de\\\/produkt\\\/sed20010\\\/#primaryimage\"},\"image\":{\"@id\":\"https:\\\/\\\/swixed.ch\\\/de\\\/produkt\\\/sed20010\\\/#primaryimage\"},\"thumbnailUrl\":\"https:\\\/\\\/swixed.ch\\\/wp-content\\\/uploads\\\/2026\\\/01\\\/SED20010-01.png\",\"datePublished\":\"2025-10-18T18:11:14+00:00\",\"dateModified\":\"2026-01-15T21:06:24+00:00\",\"description\":\"GIMA PC-300 Vitalparameter-Monitor, hochaufl\u00f6sender Farbbildschirm, SpO\u2082-, NIBP-, EKG- und Temperaturmessungen, konzipiert f\u00fcr den professionellen Gebrauch.\",\"breadcrumb\":{\"@id\":\"https:\\\/\\\/swixed.ch\\\/de\\\/produkt\\\/sed20010\\\/#breadcrumb\"},\"inLanguage\":\"de\",\"potentialAction\":[{\"@type\":\"ReadAction\",\"target\":[\"https:\\\/\\\/swixed.ch\\\/de\\\/produkt\\\/sed20010\\\/\"]}]},{\"@type\":\"ImageObject\",\"inLanguage\":\"de\",\"@id\":\"https:\\\/\\\/swixed.ch\\\/de\\\/produkt\\\/sed20010\\\/#primaryimage\",\"url\":\"https:\\\/\\\/swixed.ch\\\/wp-content\\\/uploads\\\/2026\\\/01\\\/SED20010-01.png\",\"contentUrl\":\"https:\\\/\\\/swixed.ch\\\/wp-content\\\/uploads\\\/2026\\\/01\\\/SED20010-01.png\",\"width\":600,\"height\":600,\"caption\":\"SED20010\"},{\"@type\":\"BreadcrumbList\",\"@id\":\"https:\\\/\\\/swixed.ch\\\/de\\\/produkt\\\/sed20010\\\/#breadcrumb\",\"itemListElement\":[{\"@type\":\"ListItem\",\"position\":1,\"name\":\"Startseite\",\"item\":\"https:\\\/\\\/swixed.ch\\\/de\\\/home\\\/\"},{\"@type\":\"ListItem\",\"position\":2,\"name\":\"Shop\",\"item\":\"https:\\\/\\\/swixed.ch\\\/de\\\/shop\\\/\"},{\"@type\":\"ListItem\",\"position\":3,\"name\":\"GIMA PC-300 Vitalparameter-Monitor\"}]},{\"@type\":\"WebSite\",\"@id\":\"https:\\\/\\\/swixed.ch\\\/de\\\/#website\",\"url\":\"https:\\\/\\\/swixed.ch\\\/de\\\/\",\"name\":\"Swixed SA\",\"description\":\"Elektronische Ger\u00e4te\",\"publisher\":{\"@id\":\"https:\\\/\\\/swixed.ch\\\/de\\\/#organization\"},\"potentialAction\":[{\"@type\":\"SearchAction\",\"target\":{\"@type\":\"EntryPoint\",\"urlTemplate\":\"https:\\\/\\\/swixed.ch\\\/de\\\/?s={search_term_string}\"},\"query-input\":{\"@type\":\"PropertyValueSpecification\",\"valueRequired\":true,\"valueName\":\"search_term_string\"}}],\"inLanguage\":\"de\"},{\"@type\":\"Organization\",\"@id\":\"https:\\\/\\\/swixed.ch\\\/de\\\/#organization\",\"name\":\"Swixed SA\",\"url\":\"https:\\\/\\\/swixed.ch\\\/de\\\/\",\"logo\":{\"@type\":\"ImageObject\",\"inLanguage\":\"de\",\"@id\":\"https:\\\/\\\/swixed.ch\\\/de\\\/#\\\/schema\\\/logo\\\/image\\\/\",\"url\":\"https:\\\/\\\/swixed.ch\\\/wp-content\\\/uploads\\\/logos\\\/swixed-logo-lite.png\",\"contentUrl\":\"https:\\\/\\\/swixed.ch\\\/wp-content\\\/uploads\\\/logos\\\/swixed-logo-lite.png\",\"width\":696,\"height\":696,\"caption\":\"Swixed SA\"},\"image\":{\"@id\":\"https:\\\/\\\/swixed.ch\\\/de\\\/#\\\/schema\\\/logo\\\/image\\\/\"},\"sameAs\":[\"https:\\\/\\\/www.facebook.com\\\/swixed\",\"https:\\\/\\\/www.linkedin.com\\\/company\\\/swixed\",\"https:\\\/\\\/www.youtube.com\\\/@swixedsa\"],\"description\":\"Swixed SA est une entreprise suisse bas\u00e9e \u00e0 Gen\u00e8ve, sp\u00e9cialis\u00e9e dans la vente, la location et la maintenance d\u2019appareils m\u00e9dicaux professionnels, tels que d\u00e9fibrillateurs AED, \u00e9lectrocardiographes, moniteurs patient et dispositifs de diagnostic.\",\"email\":\"infoshop@swixed.ch\",\"telephone\":\"+41 22 566 11 95\",\"legalName\":\"Swixed SA\",\"foundingDate\":\"2021-03-01\",\"numberOfEmployees\":{\"@type\":\"QuantitativeValue\",\"minValue\":\"1\",\"maxValue\":\"10\"}}]}<\/script>\n<!-- \/ Yoast SEO Premium plugin. -->","yoast_head_json":{"title":"GIMA PC-300 Vitalparameter-Monitor | Swixed SA","description":"GIMA PC-300 Vitalparameter-Monitor, hochaufl\u00f6sender Farbbildschirm, SpO\u2082-, NIBP-, EKG- und Temperaturmessungen, konzipiert f\u00fcr den professionellen Gebrauch.","robots":{"index":"index","follow":"follow","max-snippet":"max-snippet:-1","max-image-preview":"max-image-preview:large","max-video-preview":"max-video-preview:-1"},"canonical":"https:\/\/swixed.ch\/de\/produkt\/sed20010\/","og_locale":"de_DE","og_type":"article","og_title":"GIMA PC-300 Vitalparameter-Monitor","og_description":"GIMA PC-300 Vitalparameter-Monitor, hochaufl\u00f6sender Farbbildschirm, SpO\u2082-, NIBP-, EKG- und Temperaturmessungen, konzipiert f\u00fcr den professionellen Gebrauch.","og_url":"https:\/\/swixed.ch\/de\/produkt\/sed20010\/","og_site_name":"Swixed SA","article_publisher":"https:\/\/www.facebook.com\/swixed","article_modified_time":"2026-01-15T21:06:24+00:00","og_image":[{"width":600,"height":600,"url":"https:\/\/swixed.ch\/wp-content\/uploads\/2026\/01\/SED20010-01.png","type":"image\/png"}],"twitter_card":"summary_large_image","twitter_misc":{"Gesch\u00e4tzte Lesezeit":"2\u00a0Minuten"},"schema":{"@context":"https:\/\/schema.org","@graph":[{"@type":"WebPage","@id":"https:\/\/swixed.ch\/de\/produkt\/sed20010\/","url":"https:\/\/swixed.ch\/de\/produkt\/sed20010\/","name":"GIMA PC-300 Vitalparameter-Monitor | Swixed SA","isPartOf":{"@id":"https:\/\/swixed.ch\/de\/#website"},"primaryImageOfPage":{"@id":"https:\/\/swixed.ch\/de\/produkt\/sed20010\/#primaryimage"},"image":{"@id":"https:\/\/swixed.ch\/de\/produkt\/sed20010\/#primaryimage"},"thumbnailUrl":"https:\/\/swixed.ch\/wp-content\/uploads\/2026\/01\/SED20010-01.png","datePublished":"2025-10-18T18:11:14+00:00","dateModified":"2026-01-15T21:06:24+00:00","description":"GIMA PC-300 Vitalparameter-Monitor, hochaufl\u00f6sender Farbbildschirm, SpO\u2082-, NIBP-, EKG- und Temperaturmessungen, konzipiert f\u00fcr den professionellen Gebrauch.","breadcrumb":{"@id":"https:\/\/swixed.ch\/de\/produkt\/sed20010\/#breadcrumb"},"inLanguage":"de","potentialAction":[{"@type":"ReadAction","target":["https:\/\/swixed.ch\/de\/produkt\/sed20010\/"]}]},{"@type":"ImageObject","inLanguage":"de","@id":"https:\/\/swixed.ch\/de\/produkt\/sed20010\/#primaryimage","url":"https:\/\/swixed.ch\/wp-content\/uploads\/2026\/01\/SED20010-01.png","contentUrl":"https:\/\/swixed.ch\/wp-content\/uploads\/2026\/01\/SED20010-01.png","width":600,"height":600,"caption":"SED20010"},{"@type":"BreadcrumbList","@id":"https:\/\/swixed.ch\/de\/produkt\/sed20010\/#breadcrumb","itemListElement":[{"@type":"ListItem","position":1,"name":"Startseite","item":"https:\/\/swixed.ch\/de\/home\/"},{"@type":"ListItem","position":2,"name":"Shop","item":"https:\/\/swixed.ch\/de\/shop\/"},{"@type":"ListItem","position":3,"name":"GIMA PC-300 Vitalparameter-Monitor"}]},{"@type":"WebSite","@id":"https:\/\/swixed.ch\/de\/#website","url":"https:\/\/swixed.ch\/de\/","name":"Swixed SA","description":"Elektronische Ger\u00e4te","publisher":{"@id":"https:\/\/swixed.ch\/de\/#organization"},"potentialAction":[{"@type":"SearchAction","target":{"@type":"EntryPoint","urlTemplate":"https:\/\/swixed.ch\/de\/?s={search_term_string}"},"query-input":{"@type":"PropertyValueSpecification","valueRequired":true,"valueName":"search_term_string"}}],"inLanguage":"de"},{"@type":"Organization","@id":"https:\/\/swixed.ch\/de\/#organization","name":"Swixed SA","url":"https:\/\/swixed.ch\/de\/","logo":{"@type":"ImageObject","inLanguage":"de","@id":"https:\/\/swixed.ch\/de\/#\/schema\/logo\/image\/","url":"https:\/\/swixed.ch\/wp-content\/uploads\/logos\/swixed-logo-lite.png","contentUrl":"https:\/\/swixed.ch\/wp-content\/uploads\/logos\/swixed-logo-lite.png","width":696,"height":696,"caption":"Swixed SA"},"image":{"@id":"https:\/\/swixed.ch\/de\/#\/schema\/logo\/image\/"},"sameAs":["https:\/\/www.facebook.com\/swixed","https:\/\/www.linkedin.com\/company\/swixed","https:\/\/www.youtube.com\/@swixedsa"],"description":"Swixed SA est une entreprise suisse bas\u00e9e \u00e0 Gen\u00e8ve, sp\u00e9cialis\u00e9e dans la vente, la location et la maintenance d\u2019appareils m\u00e9dicaux professionnels, tels que d\u00e9fibrillateurs AED, \u00e9lectrocardiographes, moniteurs patient et dispositifs de diagnostic.","email":"infoshop@swixed.ch","telephone":"+41 22 566 11 95","legalName":"Swixed SA","foundingDate":"2021-03-01","numberOfEmployees":{"@type":"QuantitativeValue","minValue":"1","maxValue":"10"}}]}},"_links":{"self":[{"href":"https:\/\/swixed.ch\/de\/wp-json\/wp\/v2\/product\/53930","targetHints":{"allow":["GET"]}}],"collection":[{"href":"https:\/\/swixed.ch\/de\/wp-json\/wp\/v2\/product"}],"about":[{"href":"https:\/\/swixed.ch\/de\/wp-json\/wp\/v2\/types\/product"}],"version-history":[{"count":0,"href":"https:\/\/swixed.ch\/de\/wp-json\/wp\/v2\/product\/53930\/revisions"}],"wp:featuredmedia":[{"embeddable":true,"href":"https:\/\/swixed.ch\/de\/wp-json\/wp\/v2\/media\/58707"}],"wp:attachment":[{"href":"https:\/\/swixed.ch\/de\/wp-json\/wp\/v2\/media?parent=53930"}],"wp:term":[{"taxonomy":"product_brand","embeddable":true,"href":"https:\/\/swixed.ch\/de\/wp-json\/wp\/v2\/product_brand?post=53930"},{"taxonomy":"product_cat","embeddable":true,"href":"https:\/\/swixed.ch\/de\/wp-json\/wp\/v2\/product_cat?post=53930"},{"taxonomy":"product_tag","embeddable":true,"href":"https:\/\/swixed.ch\/de\/wp-json\/wp\/v2\/product_tag?post=53930"}],"curies":[{"name":"wp","href":"https:\/\/api.w.org\/{rel}","templated":true}]}}