{"id":58496,"date":"2026-01-08T21:02:08","date_gmt":"2026-01-08T20:02:08","guid":{"rendered":"https:\/\/swixed.ch\/?post_type=product&#038;p=58496"},"modified":"2026-04-21T06:51:08","modified_gmt":"2026-04-21T05:51:08","slug":"sed70005","status":"publish","type":"product","link":"https:\/\/swixed.ch\/de\/produkt\/sed70005\/","title":{"rendered":"GIMA OXY 3 Pulsoximeter"},"content":{"rendered":"\t\t<div data-elementor-type=\"product-post\" data-elementor-id=\"58496\" class=\"elementor elementor-58496 elementor-58495\" data-elementor-post-type=\"product\">\n\t\t\t\t<div class=\"elementor-element elementor-element-106bc1e e-con-full e-flex e-con e-parent\" data-id=\"106bc1e\" data-element_type=\"container\" data-e-type=\"container\">\n\t\t<div class=\"elementor-element elementor-element-3f54f04 e-con-full e-flex e-con e-child\" data-id=\"3f54f04\" data-element_type=\"container\" data-e-type=\"container\">\n\t\t\t\t<div class=\"elementor-element elementor-element-c5ce916 elementor-widget elementor-widget-heading\" data-id=\"c5ce916\" data-element_type=\"widget\" data-e-type=\"widget\" data-widget_type=\"heading.default\">\n\t\t\t\t\t<h2 class=\"elementor-heading-title elementor-size-default\">Hauptmerkmale<\/h2>\t\t\t\t<\/div>\n\t\t\t\t<div class=\"elementor-element elementor-element-d5231aa elementor-widget elementor-widget-text-editor\" data-id=\"d5231aa\" data-element_type=\"widget\" data-e-type=\"widget\" data-widget_type=\"text-editor.default\">\n\t\t\t\t\t\t\t\t\t<p>Das Pulsoximeter GIMA OXY 3 hat ein kompaktes und leichtes Design, das den Transport und die Lagerung erleichtert. Die Struktur des Ger\u00e4ts passt sich dank der stabilen und eng anliegenden Klemme an verschiedene Fingerformen an, von Kindern bis zu Erwachsenen. Die innere Polsterung aus weichem Silikon verbessert den Komfort bei der Positionierung und sorgt f\u00fcr eine rutschfeste Oberfl\u00e4che. Schlie\u00dflich ist die Klemme stark und nicht invasiv, da sie den Finger ohne \u00fcberm\u00e4\u00dfige Kompression h\u00e4lt.   <\/p><p>Wesentliche Merkmale :<\/p><ul><li>Kompaktes Format und geringes Gewicht<\/li><li>Anpassung an die Finger von Kindern und Erwachsenen<\/li><li>Weiche, rutschfeste Silikonpolsterung<\/li><li>Robuste, nicht invasive und nicht komprimierende Klemme<\/li><\/ul>\t\t\t\t\t\t\t\t<\/div>\n\t\t\t\t<div class=\"elementor-element elementor-element-339c9d9 elementor-widget elementor-widget-heading\" data-id=\"339c9d9\" data-element_type=\"widget\" data-e-type=\"widget\" data-widget_type=\"heading.default\">\n\t\t\t\t\t<h2 class=\"elementor-heading-title elementor-size-default\">Funktionen<\/h2>\t\t\t\t<\/div>\n\t\t\t\t<div class=\"elementor-element elementor-element-24505a8 elementor-widget elementor-widget-text-editor\" data-id=\"24505a8\" data-element_type=\"widget\" data-e-type=\"widget\" data-widget_type=\"text-editor.default\">\n\t\t\t\t\t\t\t\t\t<p>Einerseits zeigt der GIMA OXY 3 die gemessenen Parameter klar und deutlich auf einem in vier Richtungen drehbaren Display an, was die Lesbarkeit je nach Betrachtungswinkel verbessert. Andererseits zeigt die visuelle Schnittstelle gleichzeitig die Sauerstoffs\u00e4ttigung (SpO2), die SpO2-Wellenform, die Pulsfrequenz und deren Grafik an. Au\u00dferdem zeigt das Ger\u00e4t den Ladezustand der Batterien an, um das Energiemanagement zu erleichtern. Die automatische Abschaltung reduziert den Energieverbrauch, wenn das Ger\u00e4t nicht mehr verwendet wird.   <\/p><p>Integrierte Funktionen :<\/p><ul><li>Anzeige von SpO2, Puls und SpO2-Wellenform<\/li><li>Echtzeit-Pulsgrafik<\/li><li>Bildschirm in 4 Richtungen drehbar<\/li><li>Anzeige der Batteriekapazit\u00e4t<\/li><li>Automatische Abschaltung zur Energieeinsparung<\/li><\/ul>\t\t\t\t\t\t\t\t<\/div>\n\t\t\t\t<div class=\"elementor-element elementor-element-054ba6b elementor-widget elementor-widget-heading\" data-id=\"054ba6b\" data-element_type=\"widget\" data-e-type=\"widget\" data-widget_type=\"heading.default\">\n\t\t\t\t\t<h2 class=\"elementor-heading-title elementor-size-default\">Nutzung und rechtliche Rahmenbedingungen in der Schweiz<\/h2>\t\t\t\t<\/div>\n\t\t\t\t<div class=\"elementor-element elementor-element-6627a1f elementor-widget elementor-widget-text-editor\" data-id=\"6627a1f\" data-element_type=\"widget\" data-e-type=\"widget\" data-widget_type=\"text-editor.default\">\n\t\t\t\t\t\t\t\t\t<p>In der Schweiz geh\u00f6rt das Pulsoximeter GIMA OXY 3 zur Kategorie der nichtinvasiven Medizinprodukte zur Messung physiologischer Parameter. Das Inverkehrbringen und die Verwendung von GIMO OXIMA 3 unterliegt daher den Vorschriften der Swissmedic und der Medical Devices Ordinance (MedDO). <br>Dar\u00fcber hinaus sind allgemeine Informationen zur \u00f6ffentlichen Gesundheit und institutionelle Empfehlungen beim Bundesamt f\u00fcr Gesundheit (BAG) erh\u00e4ltlich.<br>Schlie\u00dflich ist das Schweizerische Informationszentrum f\u00fcr technische Regeln (Switec) eine zus\u00e4tzliche Referenzquelle f\u00fcr Aspekte im Zusammenhang mit den geltenden technischen Regeln.<\/p><p>In diesem Zusammenhang kann das Ger\u00e4t in Umgebungen integriert werden, die den geltenden Schweizer Anforderungen entsprechen, ohne eine medizinische Diagnosefunktion zu beanspruchen.<br>\t\t<div data-elementor-type=\"widget\" data-elementor-id=\"59088\" class=\"elementor elementor-59088 elementor-59083 elementor-59083\" data-elementor-post-type=\"elementor_library\">\n\t\t\t\t\t\t<div class=\"elementor-element elementor-element-59083 elementor-widget elementor-widget-text-editor\" data-id=\"59083\" data-element_type=\"widget\" data-e-type=\"widget\" data-widget_type=\"text-editor.default\">\n\t\t\t\t\t\t\t\t\t<p>Weitere Informationen finden Sie unter :<\/p><ul><li><a href=\"https:\/\/www.swissmedic.ch\" target=\"_blank\" rel=\"noopener\">Swissmedic<\/a><\/li><li><a href=\"https:\/\/www.bag.admin.ch\" target=\"_blank\" rel=\"noopener\">Bundesamt f\u00fcr Gesundheit (BAG)<\/a><\/li><li><a href=\"https:\/\/www.switec.info\" target=\"_blank\" rel=\"noopener\">Schweizerisches Informationszentrum f\u00fcr technische Regeln (Switec)<\/a><\/li><li><a href=\"https:\/\/www.fedlex.admin.ch\/eli\/cc\/2020\/552\/\" target=\"_blank\" rel=\"noopener\">Verordnung \u00fcber Medizinprodukte (MDDV oder MedDO)<\/a><\/li><\/ul><p><br>Unsere Medizinprodukte haben einen autorisierten Vertreter in der Schweiz (CH-REP), gem\u00e4\u00df der geltenden schweizerischen Gesetzgebung f\u00fcr Medizinprodukte.<\/p>\t\t\t\t\t\t\t\t<\/div>\n\t\t\t\t<\/div>\n\t\t<br><br>Klicken Sie hier, um die <a href=\"https:\/\/swixed.ch\/de\/produkt\/sed94005\/\">regelm\u00e4\u00dfige Wartung<\/a> zu buchen.<\/p>\t\t\t\t\t\t\t\t<\/div>\n\t\t\t\t<div class=\"elementor-element elementor-element-9b84d9c elementor-widget elementor-widget-heading\" data-id=\"9b84d9c\" data-element_type=\"widget\" data-e-type=\"widget\" data-widget_type=\"heading.default\">\n\t\t\t\t\t<h2 class=\"elementor-heading-title elementor-size-default\">Inhalt<\/h2>\t\t\t\t<\/div>\n\t\t\t\t<div class=\"elementor-element elementor-element-2d8780e elementor-widget elementor-widget-text-editor\" data-id=\"2d8780e\" data-element_type=\"widget\" data-e-type=\"widget\" data-widget_type=\"text-editor.default\">\n\t\t\t\t\t\t\t\t\t<p>Das Pulsoximeter GIMA OXY 3 wird gebrauchsfertig mit den folgenden Komponenten geliefert:<\/p><ul><li>1 Pulsoximeter GIMA OXY 3<\/li><li>2 AAA-Batterien<\/li><li>1 Trageschlaufe<\/li><li>Dokumentation des Herstellers<\/li><\/ul>\t\t\t\t\t\t\t\t<\/div>\n\t\t\t\t<\/div>\n\t\t\t\t<\/div>\n\t\t\t\t<\/div>\n\t\t","protected":false},"excerpt":{"rendered":"<p>Der GIMA OXY 3 ist ein tragbares digitales Pulsoximeter in kompaktem Format. Es ist mit einem drehbaren OLED-Display ausgestattet, auf dem die Betriebsinformationen in numerischer und grafischer Form angezeigt werden k\u00f6nnen. Das Ger\u00e4t verf\u00fcgt \u00fcber eine automatische Abschaltfunktion und ist f\u00fcr eine l\u00e4ngere Nutzung batteriebetrieben. Es ist CE-zertifiziert und entspricht den technischen Spezifikationen des Herstellers. Es ist f\u00fcr den Gebrauch in professionellen und institutionellen Umgebungen bestimmt.<\/p>\n","protected":false},"featured_media":58499,"template":"","meta":{"_acf_changed":false},"product_brand":[7199],"product_cat":[1114,1112],"product_tag":[7775,7757,7771,7753,7755,7774,7586,7754,7756,1181],"class_list":{"0":"post-58496","1":"product","2":"type-product","3":"status-publish","4":"has-post-thumbnail","6":"product_brand-gima-de","7":"product_cat-geraete-pulsoximeter","8":"product_cat-pulsoximeter","9":"product_tag-automatische-abschaltfunktion","10":"product_tag-batterieanzeige","11":"product_tag-geringer-verbrauch","12":"product_tag-hr","13":"product_tag-kompaktes-format","14":"product_tag-led-anzeige","15":"product_tag-nicht-invasive-messung","16":"product_tag-pulsoximeter-finger","17":"product_tag-sofortige-wiedergabe","18":"product_tag-spo2-de","19":"product_shipping_class-kostenloser-versand","21":"first","22":"instock","23":"taxable","24":"shipping-taxable","25":"purchasable","26":"product-type-simple"},"acf":[],"yoast_head":"<!-- This site is optimized with the Yoast SEO Premium plugin v27.4 (Yoast SEO v27.4) - https:\/\/yoast.com\/product\/yoast-seo-premium-wordpress\/ -->\n<title>Pulsoximeter GIMA OXY 3 - Messung von SpO2 und Puls | Swixed SA<\/title>\n<meta name=\"description\" content=\"Pulsoximeter GIMA OXY 3 mit farbigem OLED-Display, SpO2- und Herzfrequenzmessung, kompaktem Format, automatischer Abschaltung und drehbarem Display.\" \/>\n<meta name=\"robots\" content=\"index, follow, max-snippet:-1, max-image-preview:large, max-video-preview:-1\" \/>\n<link rel=\"canonical\" href=\"https:\/\/swixed.ch\/de\/produkt\/sed70005\/\" \/>\n<meta property=\"og:locale\" content=\"de_DE\" \/>\n<meta property=\"og:type\" content=\"article\" \/>\n<meta property=\"og:title\" content=\"GIMA OXY 3 Pulsoximeter\" \/>\n<meta property=\"og:description\" content=\"Pulsoximeter GIMA OXY 3 mit farbigem OLED-Display, SpO2- und Herzfrequenzmessung, kompaktem Format, automatischer Abschaltung und drehbarem Display.\" \/>\n<meta property=\"og:url\" content=\"https:\/\/swixed.ch\/de\/produkt\/sed70005\/\" \/>\n<meta property=\"og:site_name\" content=\"Swixed SA\" \/>\n<meta property=\"article:publisher\" content=\"https:\/\/www.facebook.com\/swixed\" \/>\n<meta property=\"article:modified_time\" content=\"2026-04-21T05:51:08+00:00\" \/>\n<meta property=\"og:image\" content=\"https:\/\/swixed.ch\/wp-content\/uploads\/2026\/01\/SED72007-01.png\" \/>\n\t<meta property=\"og:image:width\" content=\"600\" \/>\n\t<meta property=\"og:image:height\" content=\"600\" \/>\n\t<meta property=\"og:image:type\" content=\"image\/png\" \/>\n<meta name=\"twitter:card\" content=\"summary_large_image\" \/>\n<meta name=\"twitter:label1\" content=\"Gesch\u00e4tzte Lesezeit\" \/>\n\t<meta name=\"twitter:data1\" content=\"2\u00a0Minuten\" \/>\n<script type=\"application\/ld+json\" class=\"yoast-schema-graph\">{\"@context\":\"https:\\\/\\\/schema.org\",\"@graph\":[{\"@type\":\"WebPage\",\"@id\":\"https:\\\/\\\/swixed.ch\\\/de\\\/produkt\\\/sed70005\\\/\",\"url\":\"https:\\\/\\\/swixed.ch\\\/de\\\/produkt\\\/sed70005\\\/\",\"name\":\"Pulsoximeter GIMA OXY 3 - Messung von SpO2 und Puls | Swixed SA\",\"isPartOf\":{\"@id\":\"https:\\\/\\\/swixed.ch\\\/de\\\/#website\"},\"primaryImageOfPage\":{\"@id\":\"https:\\\/\\\/swixed.ch\\\/de\\\/produkt\\\/sed70005\\\/#primaryimage\"},\"image\":{\"@id\":\"https:\\\/\\\/swixed.ch\\\/de\\\/produkt\\\/sed70005\\\/#primaryimage\"},\"thumbnailUrl\":\"https:\\\/\\\/swixed.ch\\\/wp-content\\\/uploads\\\/2026\\\/01\\\/SED72007-01.png\",\"datePublished\":\"2026-01-08T20:02:08+00:00\",\"dateModified\":\"2026-04-21T05:51:08+00:00\",\"description\":\"Pulsoximeter GIMA OXY 3 mit farbigem OLED-Display, SpO2- und Herzfrequenzmessung, kompaktem Format, automatischer Abschaltung und drehbarem Display.\",\"breadcrumb\":{\"@id\":\"https:\\\/\\\/swixed.ch\\\/de\\\/produkt\\\/sed70005\\\/#breadcrumb\"},\"inLanguage\":\"de\",\"potentialAction\":[{\"@type\":\"ReadAction\",\"target\":[\"https:\\\/\\\/swixed.ch\\\/de\\\/produkt\\\/sed70005\\\/\"]}]},{\"@type\":\"ImageObject\",\"inLanguage\":\"de\",\"@id\":\"https:\\\/\\\/swixed.ch\\\/de\\\/produkt\\\/sed70005\\\/#primaryimage\",\"url\":\"https:\\\/\\\/swixed.ch\\\/wp-content\\\/uploads\\\/2026\\\/01\\\/SED72007-01.png\",\"contentUrl\":\"https:\\\/\\\/swixed.ch\\\/wp-content\\\/uploads\\\/2026\\\/01\\\/SED72007-01.png\",\"width\":600,\"height\":600,\"caption\":\"SED72007\"},{\"@type\":\"BreadcrumbList\",\"@id\":\"https:\\\/\\\/swixed.ch\\\/de\\\/produkt\\\/sed70005\\\/#breadcrumb\",\"itemListElement\":[{\"@type\":\"ListItem\",\"position\":1,\"name\":\"Startseite\",\"item\":\"https:\\\/\\\/swixed.ch\\\/de\\\/home\\\/\"},{\"@type\":\"ListItem\",\"position\":2,\"name\":\"Shop\",\"item\":\"https:\\\/\\\/swixed.ch\\\/de\\\/shop\\\/\"},{\"@type\":\"ListItem\",\"position\":3,\"name\":\"GIMA OXY 3 Pulsoximeter\"}]},{\"@type\":\"WebSite\",\"@id\":\"https:\\\/\\\/swixed.ch\\\/de\\\/#website\",\"url\":\"https:\\\/\\\/swixed.ch\\\/de\\\/\",\"name\":\"Swixed SA\",\"description\":\"Elektronische Ger\u00e4te\",\"publisher\":{\"@id\":\"https:\\\/\\\/swixed.ch\\\/de\\\/#organization\"},\"potentialAction\":[{\"@type\":\"SearchAction\",\"target\":{\"@type\":\"EntryPoint\",\"urlTemplate\":\"https:\\\/\\\/swixed.ch\\\/de\\\/?s={search_term_string}\"},\"query-input\":{\"@type\":\"PropertyValueSpecification\",\"valueRequired\":true,\"valueName\":\"search_term_string\"}}],\"inLanguage\":\"de\"},{\"@type\":\"Organization\",\"@id\":\"https:\\\/\\\/swixed.ch\\\/de\\\/#organization\",\"name\":\"Swixed SA\",\"url\":\"https:\\\/\\\/swixed.ch\\\/de\\\/\",\"logo\":{\"@type\":\"ImageObject\",\"inLanguage\":\"de\",\"@id\":\"https:\\\/\\\/swixed.ch\\\/de\\\/#\\\/schema\\\/logo\\\/image\\\/\",\"url\":\"https:\\\/\\\/swixed.ch\\\/wp-content\\\/uploads\\\/logos\\\/swixed-logo-lite.png\",\"contentUrl\":\"https:\\\/\\\/swixed.ch\\\/wp-content\\\/uploads\\\/logos\\\/swixed-logo-lite.png\",\"width\":696,\"height\":696,\"caption\":\"Swixed SA\"},\"image\":{\"@id\":\"https:\\\/\\\/swixed.ch\\\/de\\\/#\\\/schema\\\/logo\\\/image\\\/\"},\"sameAs\":[\"https:\\\/\\\/www.facebook.com\\\/swixed\",\"https:\\\/\\\/www.linkedin.com\\\/company\\\/swixed\",\"https:\\\/\\\/www.youtube.com\\\/@swixedsa\"],\"description\":\"Swixed SA est une entreprise suisse bas\u00e9e \u00e0 Gen\u00e8ve, sp\u00e9cialis\u00e9e dans la vente, la location et la maintenance d\u2019appareils m\u00e9dicaux professionnels, tels que d\u00e9fibrillateurs AED, \u00e9lectrocardiographes, moniteurs patient et dispositifs de diagnostic.\",\"email\":\"infoshop@swixed.ch\",\"telephone\":\"+41 22 566 11 95\",\"legalName\":\"Swixed SA\",\"foundingDate\":\"2021-03-01\",\"numberOfEmployees\":{\"@type\":\"QuantitativeValue\",\"minValue\":\"1\",\"maxValue\":\"10\"}}]}<\/script>\n<!-- \/ Yoast SEO Premium plugin. -->","yoast_head_json":{"title":"Pulsoximeter GIMA OXY 3 - Messung von SpO2 und Puls | Swixed SA","description":"Pulsoximeter GIMA OXY 3 mit farbigem OLED-Display, SpO2- und Herzfrequenzmessung, kompaktem Format, automatischer Abschaltung und drehbarem Display.","robots":{"index":"index","follow":"follow","max-snippet":"max-snippet:-1","max-image-preview":"max-image-preview:large","max-video-preview":"max-video-preview:-1"},"canonical":"https:\/\/swixed.ch\/de\/produkt\/sed70005\/","og_locale":"de_DE","og_type":"article","og_title":"GIMA OXY 3 Pulsoximeter","og_description":"Pulsoximeter GIMA OXY 3 mit farbigem OLED-Display, SpO2- und Herzfrequenzmessung, kompaktem Format, automatischer Abschaltung und drehbarem Display.","og_url":"https:\/\/swixed.ch\/de\/produkt\/sed70005\/","og_site_name":"Swixed SA","article_publisher":"https:\/\/www.facebook.com\/swixed","article_modified_time":"2026-04-21T05:51:08+00:00","og_image":[{"width":600,"height":600,"url":"https:\/\/swixed.ch\/wp-content\/uploads\/2026\/01\/SED72007-01.png","type":"image\/png"}],"twitter_card":"summary_large_image","twitter_misc":{"Gesch\u00e4tzte Lesezeit":"2\u00a0Minuten"},"schema":{"@context":"https:\/\/schema.org","@graph":[{"@type":"WebPage","@id":"https:\/\/swixed.ch\/de\/produkt\/sed70005\/","url":"https:\/\/swixed.ch\/de\/produkt\/sed70005\/","name":"Pulsoximeter GIMA OXY 3 - Messung von SpO2 und Puls | Swixed SA","isPartOf":{"@id":"https:\/\/swixed.ch\/de\/#website"},"primaryImageOfPage":{"@id":"https:\/\/swixed.ch\/de\/produkt\/sed70005\/#primaryimage"},"image":{"@id":"https:\/\/swixed.ch\/de\/produkt\/sed70005\/#primaryimage"},"thumbnailUrl":"https:\/\/swixed.ch\/wp-content\/uploads\/2026\/01\/SED72007-01.png","datePublished":"2026-01-08T20:02:08+00:00","dateModified":"2026-04-21T05:51:08+00:00","description":"Pulsoximeter GIMA OXY 3 mit farbigem OLED-Display, SpO2- und Herzfrequenzmessung, kompaktem Format, automatischer Abschaltung und drehbarem Display.","breadcrumb":{"@id":"https:\/\/swixed.ch\/de\/produkt\/sed70005\/#breadcrumb"},"inLanguage":"de","potentialAction":[{"@type":"ReadAction","target":["https:\/\/swixed.ch\/de\/produkt\/sed70005\/"]}]},{"@type":"ImageObject","inLanguage":"de","@id":"https:\/\/swixed.ch\/de\/produkt\/sed70005\/#primaryimage","url":"https:\/\/swixed.ch\/wp-content\/uploads\/2026\/01\/SED72007-01.png","contentUrl":"https:\/\/swixed.ch\/wp-content\/uploads\/2026\/01\/SED72007-01.png","width":600,"height":600,"caption":"SED72007"},{"@type":"BreadcrumbList","@id":"https:\/\/swixed.ch\/de\/produkt\/sed70005\/#breadcrumb","itemListElement":[{"@type":"ListItem","position":1,"name":"Startseite","item":"https:\/\/swixed.ch\/de\/home\/"},{"@type":"ListItem","position":2,"name":"Shop","item":"https:\/\/swixed.ch\/de\/shop\/"},{"@type":"ListItem","position":3,"name":"GIMA OXY 3 Pulsoximeter"}]},{"@type":"WebSite","@id":"https:\/\/swixed.ch\/de\/#website","url":"https:\/\/swixed.ch\/de\/","name":"Swixed SA","description":"Elektronische Ger\u00e4te","publisher":{"@id":"https:\/\/swixed.ch\/de\/#organization"},"potentialAction":[{"@type":"SearchAction","target":{"@type":"EntryPoint","urlTemplate":"https:\/\/swixed.ch\/de\/?s={search_term_string}"},"query-input":{"@type":"PropertyValueSpecification","valueRequired":true,"valueName":"search_term_string"}}],"inLanguage":"de"},{"@type":"Organization","@id":"https:\/\/swixed.ch\/de\/#organization","name":"Swixed SA","url":"https:\/\/swixed.ch\/de\/","logo":{"@type":"ImageObject","inLanguage":"de","@id":"https:\/\/swixed.ch\/de\/#\/schema\/logo\/image\/","url":"https:\/\/swixed.ch\/wp-content\/uploads\/logos\/swixed-logo-lite.png","contentUrl":"https:\/\/swixed.ch\/wp-content\/uploads\/logos\/swixed-logo-lite.png","width":696,"height":696,"caption":"Swixed SA"},"image":{"@id":"https:\/\/swixed.ch\/de\/#\/schema\/logo\/image\/"},"sameAs":["https:\/\/www.facebook.com\/swixed","https:\/\/www.linkedin.com\/company\/swixed","https:\/\/www.youtube.com\/@swixedsa"],"description":"Swixed SA est une entreprise suisse bas\u00e9e \u00e0 Gen\u00e8ve, sp\u00e9cialis\u00e9e dans la vente, la location et la maintenance d\u2019appareils m\u00e9dicaux professionnels, tels que d\u00e9fibrillateurs AED, \u00e9lectrocardiographes, moniteurs patient et dispositifs de diagnostic.","email":"infoshop@swixed.ch","telephone":"+41 22 566 11 95","legalName":"Swixed SA","foundingDate":"2021-03-01","numberOfEmployees":{"@type":"QuantitativeValue","minValue":"1","maxValue":"10"}}]}},"_links":{"self":[{"href":"https:\/\/swixed.ch\/de\/wp-json\/wp\/v2\/product\/58496","targetHints":{"allow":["GET"]}}],"collection":[{"href":"https:\/\/swixed.ch\/de\/wp-json\/wp\/v2\/product"}],"about":[{"href":"https:\/\/swixed.ch\/de\/wp-json\/wp\/v2\/types\/product"}],"version-history":[{"count":1,"href":"https:\/\/swixed.ch\/de\/wp-json\/wp\/v2\/product\/58496\/revisions"}],"predecessor-version":[{"id":63084,"href":"https:\/\/swixed.ch\/de\/wp-json\/wp\/v2\/product\/58496\/revisions\/63084"}],"wp:featuredmedia":[{"embeddable":true,"href":"https:\/\/swixed.ch\/de\/wp-json\/wp\/v2\/media\/58499"}],"wp:attachment":[{"href":"https:\/\/swixed.ch\/de\/wp-json\/wp\/v2\/media?parent=58496"}],"wp:term":[{"taxonomy":"product_brand","embeddable":true,"href":"https:\/\/swixed.ch\/de\/wp-json\/wp\/v2\/product_brand?post=58496"},{"taxonomy":"product_cat","embeddable":true,"href":"https:\/\/swixed.ch\/de\/wp-json\/wp\/v2\/product_cat?post=58496"},{"taxonomy":"product_tag","embeddable":true,"href":"https:\/\/swixed.ch\/de\/wp-json\/wp\/v2\/product_tag?post=58496"}],"curies":[{"name":"wp","href":"https:\/\/api.w.org\/{rel}","templated":true}]}}